{"id":9123,"date":"2019-10-21T08:45:56","date_gmt":"2019-10-21T06:45:56","guid":{"rendered":"https:\/\/www.electrosuisse.ch\/?page_id=9123"},"modified":"2026-03-24T14:06:29","modified_gmt":"2026-03-24T13:06:29","slug":"rete-stradale-nazionale-e-gallerie-ferroviarie","status":"publish","type":"page","link":"https:\/\/www.electrosuisse.ch\/it\/ispezione-e-consulenza\/rete-stradale-nazionale-e-gallerie-ferroviarie\/","title":{"rendered":"Rete stradale nazionale e gallerie ferroviarie"},"content":{"rendered":"<div class=\"wpb-content-wrapper\"><p>[vc_row][vc_column][vc_column_text css=&#8221;&#8221;]I nostri specialisti analizzano l\u2019efficacia delle vostre elettroinstallazioni, valutano il rispetto delle norme e la conformit\u00e0 alle prescrizioni. In qualit\u00e0 di organo consultivo vi affianchiamo durante le diverse fasi progettuali, monitoriamo le elettroinstallazioni, effettuiamo i necessari controlli previsti per i quadri elettrici e controlliamo le componenti elettriche di impianti semaforici e segnaletica stradale luminosa, trasformatori e impianti a media tensione.<\/p>\n<p>Tramite le verifiche dei prodotti, i controlli qualitativi, i collaudi e i piani di sicurezza provvediamo a garantire la sicurezza sulla rete stradale nazionale e nelle gallerie ferroviarie.<\/p>\n<p>Electrosuisse \u00e8 un servizio di <a href=\"https:\/\/www.electrosuisse.ch\/de\/download\/sis-0072\/\" target=\"_blank\" rel=\"noopener noreferrer\">ispezione accreditato SIS 072<\/a>.<br \/>\nCertificazione ISO 9001 <a href=\"https:\/\/ekas.ch\/startseite\" target=\"_blank\" rel=\"noopener noreferrer\">CFSL<\/a>.[\/vc_column_text][\/vc_column][\/vc_row][vc_row][vc_column][vc_column_text]<\/p>\n<h3>Contatto<\/h3>\n<p>[\/vc_column_text]<div class=\"wpb_contact_column wpb_content_element wpb_content_element--left\"><div class=\"wpb_wrapper\"><div class=\"contact_container\"><div class=\"contact row middle-xs\"><div class=\"contact__img col-sm-5 col-xs-12\"><img decoding=\"async\" src=\"\/wp-content\/themes\/SCHMUCKI_child\/img\/contact_placeholder.jpg\" alt=\"Inspezione\" \/><\/div><div class=\"contact__info col-sm-7 col-xs-12\"><p><b>Inspezione<\/b><br>Servizio interno<\/p><div class=\"phone has-link\"><a href=\"tel:+41585951199\">+41 58 595 11 99<\/a><\/div><div class=\"mail has-link\"><a href=\"mailto:&#105;&#x6e;&#115;&#x70;e&#107;&#x74;&#105;&#x6f;n&#x40;e&#108;&#x65;&#99;&#x74;r&#x6f;&#x73;&#117;&#x69;s&#x73;e&#46;&#x63;&#104;\">&#x69;&#110;s&#x70;&#101;&#107;&#x74;&#x69;&#111;n&#x40;&#101;l&#x65;&#x63;&#116;r&#x6f;&#115;u&#x69;&#x73;&#115;e&#x2e;&#99;h<\/a><\/div><\/div><\/div><\/div><\/div><\/div>[\/vc_column][\/vc_row]<\/p>\n<\/div>","protected":false},"excerpt":{"rendered":"<p>[vc_row][vc_column][vc_column_text css=&#8221;&#8221;]I nostri specialisti analizzano l\u2019efficacia delle vostre elettroinstallazioni, valutano il rispetto delle norme e la conformit\u00e0 alle prescrizioni. In qualit\u00e0 di organo consultivo vi affianchiamo durante le diverse fasi progettuali, monitoriamo le elettroinstallazioni, effettuiamo i necessari controlli previsti per i quadri elettrici e controlliamo le componenti elettriche di impianti semaforici e segnaletica stradale luminosa, [&hellip;]<\/p>\n","protected":false},"author":6,"featured_media":0,"parent":26906,"menu_order":205,"comment_status":"closed","ping_status":"closed","template":"","meta":{"_acf_changed":false,"_monsterinsights_skip_tracking":false,"_monsterinsights_sitenote_active":false,"_monsterinsights_sitenote_note":"","_monsterinsights_sitenote_category":0,"footnotes":""},"class_list":["post-9123","page","type-page","status-publish","hentry"],"acf":[],"yoast_head":"<!-- This site is optimized with the Yoast SEO Premium plugin v26.4 (Yoast SEO v27.0) - https:\/\/yoast.com\/product\/yoast-seo-premium-wordpress\/ -->\n<title>Rete stradale nazionale e gallerie ferroviarie - Electrosuisse<\/title>\n<meta name=\"description\" content=\"Grazie a ispezioni, controlli e piani di sicurezza garantiamo la sicurezza sulle strade nazionali e nelle gallerie ferroviarie.\" \/>\n<meta name=\"robots\" content=\"index, follow, max-snippet:-1, max-image-preview:large, max-video-preview:-1\" \/>\n<link rel=\"canonical\" href=\"https:\/\/www.electrosuisse.ch\/it\/ispezione-e-consulenza\/rete-stradale-nazionale-e-gallerie-ferroviarie\/\" \/>\n<meta property=\"og:locale\" content=\"it_IT\" \/>\n<meta property=\"og:type\" content=\"article\" \/>\n<meta property=\"og:title\" content=\"Rete stradale nazionale e gallerie ferroviarie - Electrosuisse\" \/>\n<meta property=\"og:description\" content=\"Grazie a ispezioni, controlli e piani di sicurezza garantiamo la sicurezza sulle strade nazionali e nelle gallerie ferroviarie.\" \/>\n<meta property=\"og:url\" content=\"https:\/\/www.electrosuisse.ch\/it\/ispezione-e-consulenza\/rete-stradale-nazionale-e-gallerie-ferroviarie\/\" \/>\n<meta property=\"og:site_name\" content=\"Electrosuisse\" \/>\n<meta property=\"article:modified_time\" content=\"2026-03-24T13:06:29+00:00\" \/>\n<meta property=\"og:image\" content=\"https:\/\/www.electrosuisse.ch\/wp-content\/uploads\/2019\/10\/Electrosuisse_Eisenbahntunnel.jpg\" \/>\n\t<meta property=\"og:image:width\" content=\"1578\" \/>\n\t<meta property=\"og:image:height\" content=\"650\" \/>\n\t<meta property=\"og:image:type\" content=\"image\/jpeg\" \/>\n<script type=\"application\/ld+json\" class=\"yoast-schema-graph\">{\"@context\":\"https:\/\/schema.org\",\"@graph\":[{\"@type\":\"WebPage\",\"@id\":\"https:\/\/www.electrosuisse.ch\/it\/ispezione-e-consulenza\/rete-stradale-nazionale-e-gallerie-ferroviarie\/\",\"url\":\"https:\/\/www.electrosuisse.ch\/it\/ispezione-e-consulenza\/rete-stradale-nazionale-e-gallerie-ferroviarie\/\",\"name\":\"Rete stradale nazionale e gallerie ferroviarie - Electrosuisse\",\"isPartOf\":{\"@id\":\"https:\/\/www.electrosuisse.ch\/it\/#website\"},\"datePublished\":\"2019-10-21T06:45:56+00:00\",\"dateModified\":\"2026-03-24T13:06:29+00:00\",\"description\":\"Grazie a ispezioni, controlli e piani di sicurezza garantiamo la sicurezza sulle strade nazionali e nelle gallerie ferroviarie.\",\"breadcrumb\":{\"@id\":\"https:\/\/www.electrosuisse.ch\/it\/ispezione-e-consulenza\/rete-stradale-nazionale-e-gallerie-ferroviarie\/#breadcrumb\"},\"inLanguage\":\"it-IT\",\"potentialAction\":[{\"@type\":\"ReadAction\",\"target\":[\"https:\/\/www.electrosuisse.ch\/it\/ispezione-e-consulenza\/rete-stradale-nazionale-e-gallerie-ferroviarie\/\"]}]},{\"@type\":\"BreadcrumbList\",\"@id\":\"https:\/\/www.electrosuisse.ch\/it\/ispezione-e-consulenza\/rete-stradale-nazionale-e-gallerie-ferroviarie\/#breadcrumb\",\"itemListElement\":[{\"@type\":\"ListItem\",\"position\":1,\"name\":\"Ispezione e consulenza\",\"item\":\"https:\/\/www.electrosuisse.ch\/it\/ispezione-e-consulenza\/\"},{\"@type\":\"ListItem\",\"position\":2,\"name\":\"Rete stradale nazionale e gallerie ferroviarie\"}]},{\"@type\":\"WebSite\",\"@id\":\"https:\/\/www.electrosuisse.ch\/it\/#website\",\"url\":\"https:\/\/www.electrosuisse.ch\/it\/\",\"name\":\"Electrosuisse\",\"description\":\"\",\"publisher\":{\"@id\":\"https:\/\/www.electrosuisse.ch\/it\/#organization\"},\"potentialAction\":[{\"@type\":\"SearchAction\",\"target\":{\"@type\":\"EntryPoint\",\"urlTemplate\":\"https:\/\/www.electrosuisse.ch\/it\/?s={search_term_string}\"},\"query-input\":{\"@type\":\"PropertyValueSpecification\",\"valueRequired\":true,\"valueName\":\"search_term_string\"}}],\"inLanguage\":\"it-IT\"},{\"@type\":\"Organization\",\"@id\":\"https:\/\/www.electrosuisse.ch\/it\/#organization\",\"name\":\"Electrosuisse\",\"url\":\"https:\/\/www.electrosuisse.ch\/it\/\",\"logo\":{\"@type\":\"ImageObject\",\"inLanguage\":\"it-IT\",\"@id\":\"https:\/\/www.electrosuisse.ch\/it\/#\/schema\/logo\/image\/\",\"url\":\"https:\/\/www.electrosuisse.ch\/wp-content\/uploads\/2025\/04\/Electrosuisse_Logo_696x696.png\",\"contentUrl\":\"https:\/\/www.electrosuisse.ch\/wp-content\/uploads\/2025\/04\/Electrosuisse_Logo_696x696.png\",\"width\":696,\"height\":696,\"caption\":\"Electrosuisse\"},\"image\":{\"@id\":\"https:\/\/www.electrosuisse.ch\/it\/#\/schema\/logo\/image\/\"},\"sameAs\":[\"https:\/\/www.linkedin.com\/company\/electrosuisse-ag\/posts\/?feedView=all\",\"https:\/\/www.instagram.com\/electrosuisse1889\/\",\"https:\/\/www.youtube.com\/channel\/UCoOxohMiVE0Gjcdis1L09zw\"],\"description\":\"Electrosuisse ist eine anerkannte und unabh\u00e4ngige Fachorganisation, die erstklassige Dienstleistungen und Produkte in den Bereichen Inspektion, Beratung, Pr\u00fcfung, Zertifizierung, Normung und Weiterbildung anbietet. Unsere Expertise umfasst Elektrotechnik, Elektromobilit\u00e4t, Energieberatung, Geb\u00e4udeautomation und Photovoltaik in der Schweiz. Durch die Veranstaltung etablierter Branchen-Events und Fachtagungen f\u00f6rdert Electrosuisse den Wissenstransfer und den fachlichen Austausch. Im Mittelpunkt unserer T\u00e4tigkeiten steht die F\u00f6rderung der sicheren, wirtschaftlichen und umweltgerechten Anwendung der Elektrotechnik.\"}]}<\/script>\n<!-- \/ Yoast SEO Premium plugin. -->","yoast_head_json":{"title":"Rete stradale nazionale e gallerie ferroviarie - Electrosuisse","description":"Grazie a ispezioni, controlli e piani di sicurezza garantiamo la sicurezza sulle strade nazionali e nelle gallerie ferroviarie.","robots":{"index":"index","follow":"follow","max-snippet":"max-snippet:-1","max-image-preview":"max-image-preview:large","max-video-preview":"max-video-preview:-1"},"canonical":"https:\/\/www.electrosuisse.ch\/it\/ispezione-e-consulenza\/rete-stradale-nazionale-e-gallerie-ferroviarie\/","og_locale":"it_IT","og_type":"article","og_title":"Rete stradale nazionale e gallerie ferroviarie - Electrosuisse","og_description":"Grazie a ispezioni, controlli e piani di sicurezza garantiamo la sicurezza sulle strade nazionali e nelle gallerie ferroviarie.","og_url":"https:\/\/www.electrosuisse.ch\/it\/ispezione-e-consulenza\/rete-stradale-nazionale-e-gallerie-ferroviarie\/","og_site_name":"Electrosuisse","article_modified_time":"2026-03-24T13:06:29+00:00","og_image":[{"width":1578,"height":650,"url":"https:\/\/www.electrosuisse.ch\/wp-content\/uploads\/2019\/10\/Electrosuisse_Eisenbahntunnel.jpg","type":"image\/jpeg"}],"schema":{"@context":"https:\/\/schema.org","@graph":[{"@type":"WebPage","@id":"https:\/\/www.electrosuisse.ch\/it\/ispezione-e-consulenza\/rete-stradale-nazionale-e-gallerie-ferroviarie\/","url":"https:\/\/www.electrosuisse.ch\/it\/ispezione-e-consulenza\/rete-stradale-nazionale-e-gallerie-ferroviarie\/","name":"Rete stradale nazionale e gallerie ferroviarie - Electrosuisse","isPartOf":{"@id":"https:\/\/www.electrosuisse.ch\/it\/#website"},"datePublished":"2019-10-21T06:45:56+00:00","dateModified":"2026-03-24T13:06:29+00:00","description":"Grazie a ispezioni, controlli e piani di sicurezza garantiamo la sicurezza sulle strade nazionali e nelle gallerie ferroviarie.","breadcrumb":{"@id":"https:\/\/www.electrosuisse.ch\/it\/ispezione-e-consulenza\/rete-stradale-nazionale-e-gallerie-ferroviarie\/#breadcrumb"},"inLanguage":"it-IT","potentialAction":[{"@type":"ReadAction","target":["https:\/\/www.electrosuisse.ch\/it\/ispezione-e-consulenza\/rete-stradale-nazionale-e-gallerie-ferroviarie\/"]}]},{"@type":"BreadcrumbList","@id":"https:\/\/www.electrosuisse.ch\/it\/ispezione-e-consulenza\/rete-stradale-nazionale-e-gallerie-ferroviarie\/#breadcrumb","itemListElement":[{"@type":"ListItem","position":1,"name":"Ispezione e consulenza","item":"https:\/\/www.electrosuisse.ch\/it\/ispezione-e-consulenza\/"},{"@type":"ListItem","position":2,"name":"Rete stradale nazionale e gallerie ferroviarie"}]},{"@type":"WebSite","@id":"https:\/\/www.electrosuisse.ch\/it\/#website","url":"https:\/\/www.electrosuisse.ch\/it\/","name":"Electrosuisse","description":"","publisher":{"@id":"https:\/\/www.electrosuisse.ch\/it\/#organization"},"potentialAction":[{"@type":"SearchAction","target":{"@type":"EntryPoint","urlTemplate":"https:\/\/www.electrosuisse.ch\/it\/?s={search_term_string}"},"query-input":{"@type":"PropertyValueSpecification","valueRequired":true,"valueName":"search_term_string"}}],"inLanguage":"it-IT"},{"@type":"Organization","@id":"https:\/\/www.electrosuisse.ch\/it\/#organization","name":"Electrosuisse","url":"https:\/\/www.electrosuisse.ch\/it\/","logo":{"@type":"ImageObject","inLanguage":"it-IT","@id":"https:\/\/www.electrosuisse.ch\/it\/#\/schema\/logo\/image\/","url":"https:\/\/www.electrosuisse.ch\/wp-content\/uploads\/2025\/04\/Electrosuisse_Logo_696x696.png","contentUrl":"https:\/\/www.electrosuisse.ch\/wp-content\/uploads\/2025\/04\/Electrosuisse_Logo_696x696.png","width":696,"height":696,"caption":"Electrosuisse"},"image":{"@id":"https:\/\/www.electrosuisse.ch\/it\/#\/schema\/logo\/image\/"},"sameAs":["https:\/\/www.linkedin.com\/company\/electrosuisse-ag\/posts\/?feedView=all","https:\/\/www.instagram.com\/electrosuisse1889\/","https:\/\/www.youtube.com\/channel\/UCoOxohMiVE0Gjcdis1L09zw"],"description":"Electrosuisse ist eine anerkannte und unabh\u00e4ngige Fachorganisation, die erstklassige Dienstleistungen und Produkte in den Bereichen Inspektion, Beratung, Pr\u00fcfung, Zertifizierung, Normung und Weiterbildung anbietet. Unsere Expertise umfasst Elektrotechnik, Elektromobilit\u00e4t, Energieberatung, Geb\u00e4udeautomation und Photovoltaik in der Schweiz. Durch die Veranstaltung etablierter Branchen-Events und Fachtagungen f\u00f6rdert Electrosuisse den Wissenstransfer und den fachlichen Austausch. Im Mittelpunkt unserer T\u00e4tigkeiten steht die F\u00f6rderung der sicheren, wirtschaftlichen und umweltgerechten Anwendung der Elektrotechnik."}]}},"amp_enabled":true,"_links":{"self":[{"href":"https:\/\/www.electrosuisse.ch\/it\/wp-json\/wp\/v2\/pages\/9123","targetHints":{"allow":["GET"]}}],"collection":[{"href":"https:\/\/www.electrosuisse.ch\/it\/wp-json\/wp\/v2\/pages"}],"about":[{"href":"https:\/\/www.electrosuisse.ch\/it\/wp-json\/wp\/v2\/types\/page"}],"author":[{"embeddable":true,"href":"https:\/\/www.electrosuisse.ch\/it\/wp-json\/wp\/v2\/users\/6"}],"replies":[{"embeddable":true,"href":"https:\/\/www.electrosuisse.ch\/it\/wp-json\/wp\/v2\/comments?post=9123"}],"version-history":[{"count":4,"href":"https:\/\/www.electrosuisse.ch\/it\/wp-json\/wp\/v2\/pages\/9123\/revisions"}],"predecessor-version":[{"id":43428,"href":"https:\/\/www.electrosuisse.ch\/it\/wp-json\/wp\/v2\/pages\/9123\/revisions\/43428"}],"up":[{"embeddable":true,"href":"https:\/\/www.electrosuisse.ch\/it\/wp-json\/wp\/v2\/pages\/26906"}],"wp:attachment":[{"href":"https:\/\/www.electrosuisse.ch\/it\/wp-json\/wp\/v2\/media?parent=9123"}],"curies":[{"name":"wp","href":"https:\/\/api.w.org\/{rel}","templated":true}]}}