{"id":43871,"date":"2026-04-07T12:20:17","date_gmt":"2026-04-07T10:20:17","guid":{"rendered":"https:\/\/www.electrosuisse.ch\/?page_id=43871"},"modified":"2026-04-07T12:21:03","modified_gmt":"2026-04-07T10:21:03","slug":"iscrizione-alla-formazione-online-complementare-gestione-sicura-dei-rischi-elettrici-e-ottici-nei-sistemi-di-comunicazione","status":"publish","type":"page","link":"https:\/\/www.electrosuisse.ch\/it\/iscrizione-alla-formazione-online-complementare-gestione-sicura-dei-rischi-elettrici-e-ottici-nei-sistemi-di-comunicazione\/","title":{"rendered":"Iscrizione alla formazione online complementare: Gestione sicura dei rischi elettrici e ottici nei sistemi di comunicazione"},"content":{"rendered":"<div class=\"wpb-content-wrapper\"><p>[vc_row][vc_column][vc_column_text css=&#8221;&#8221;]<\/p>\n<h1>Iscrizione alla formazione online complementare<\/h1>\n<h3>Gestione sicura dei rischi elettrici e ottici nei sistemi di comunicazione<\/h3>\n<p>[\/vc_column_text]<div class=\"wpb_form_column wpb_content_element\"><div class=\"wpb_wrapper test\"><div id=\"quform-c3a359\" class=\"quform quform-78 quform-support-page-caching\"><form id=\"quform-form-c3a359\" class=\"quform-form quform-form-78\" action=\"\/it\/wp-json\/wp\/v2\/pages\/43871#quform-c3a359\" method=\"post\" enctype=\"multipart\/form-data\" novalidate=\"novalidate\" data-options=\"{&quot;id&quot;:78,&quot;uniqueId&quot;:&quot;c3a359&quot;,&quot;theme&quot;:&quot;&quot;,&quot;ajax&quot;:true,&quot;logic&quot;:{&quot;logic&quot;:[],&quot;dependents&quot;:[],&quot;elementIds&quot;:[],&quot;dependentElementIds&quot;:[],&quot;animate&quot;:true},&quot;currentPageId&quot;:1,&quot;errorsIcon&quot;:&quot;&quot;,&quot;updateFancybox&quot;:true,&quot;hasPages&quot;:false,&quot;pages&quot;:[1],&quot;pageProgressType&quot;:&quot;numbers&quot;,&quot;tooltipsEnabled&quot;:true,&quot;tooltipClasses&quot;:&quot;qtip-quform-dark qtip-shadow&quot;,&quot;tooltipMy&quot;:&quot;left center&quot;,&quot;tooltipAt&quot;:&quot;right center&quot;,&quot;isRtl&quot;:false,&quot;scrollOffset&quot;:-50,&quot;scrollSpeed&quot;:800}\"><button class=\"quform-default-submit\" name=\"quform_submit\" type=\"submit\" value=\"submit\" aria-hidden=\"true\" tabindex=\"-1\"><\/button><div class=\"quform-form-inner quform-form-inner-78\"><input type=\"hidden\" name=\"quform_form_id\" value=\"78\" \/><input type=\"hidden\" name=\"quform_form_uid\" value=\"c3a359\" \/><input type=\"hidden\" name=\"quform_count\" value=\"1\" \/><input type=\"hidden\" name=\"form_url\" value=\"https:\/\/www.electrosuisse.ch\/it\/wp-json\/wp\/v2\/pages\/43871\" \/><input type=\"hidden\" name=\"referring_url\" value=\"\" \/><input type=\"hidden\" name=\"post_id\" value=\"\" \/><input type=\"hidden\" name=\"post_title\" value=\"\" \/><input type=\"hidden\" name=\"quform_current_page_id\" value=\"1\" \/><input type=\"hidden\" name=\"quform_loaded\" value=\"1776385666|8afbddb4f37269f095a799c5074e86a3\" \/><input type=\"hidden\" name=\"quform_csrf_token\" value=\"Lxj1RZ5yJ9lyzh3K88K22ZiQT95HN64ulrPpvVYv\" \/><div class=\"quform-elements quform-elements-78 quform-cf quform-responsive-elements-phone-landscape\"><div class=\"quform-element quform-element-page quform-page-1 quform-page-78_1 quform-cf quform-group-style-plain quform-first-page quform-last-page quform-current-page\"><div class=\"quform-child-elements\"><div class=\"quform-element quform-element-name quform-element-78_3 quform-cf quform-element-required\"><div class=\"quform-spacer\"><div class=\"quform-label quform-label-78_3\"><label class=\"quform-label-text\" id=\"quform_78_3_c3a359_label\">Nome<span class=\"quform-required\">*<\/span><\/label><\/div><div class=\"quform-inner quform-inner-name quform-inner-78_3\"><div class=\"quform-input quform-input-name quform-input-78_3 quform-cf\"><div class=\"quform-element-row quform-3-columns quform-element-row-size-fixed quform-responsive-columns-phone-landscape\"><div class=\"quform-element-column\"><div class=\"quform-element quform-element-select quform-element-78_3_1 quform-cf quform-element-required\"><div class=\"quform-spacer\"><div class=\"quform-inner quform-inner-select quform-inner-78_3_1\"><div class=\"quform-input quform-input-select quform-input-78_3_1 quform-cf\"><select id=\"quform_78_3_1_c3a359\" name=\"quform_78_3[1]\" class=\"quform-field quform-field-select quform-field-78_3_1\" aria-labelledby=\"quform_78_3_c3a359_label quform_78_3_1_c3a359_sub_label_below\"><option value=\"\" selected=\"selected\">Selezione<\/option><option value=\"Signora\">Signora<\/option><option value=\"Signore\">Signore<\/option><\/select><\/div><label id=\"quform_78_3_1_c3a359_sub_label_below\" class=\"quform-sub-label quform-sub-label-below\">Titolo<\/label><\/div><\/div><\/div><\/div><div class=\"quform-element-column\"><div class=\"quform-element quform-element-text quform-element-78_3_2 quform-cf quform-element-required\"><div class=\"quform-spacer\"><div class=\"quform-inner quform-inner-text quform-inner-78_3_2\"><div class=\"quform-input quform-input-text quform-input-78_3_2 quform-cf\"><input type=\"text\" id=\"quform_78_3_2_c3a359\" name=\"quform_78_3[2]\" class=\"quform-field quform-field-text quform-field-78_3_2\" aria-labelledby=\"quform_78_3_c3a359_label quform_78_3_2_c3a359_sub_label_below\" \/><\/div><label id=\"quform_78_3_2_c3a359_sub_label_below\" class=\"quform-sub-label quform-sub-label-below\">Nome<\/label><\/div><\/div><\/div><\/div><div class=\"quform-element-column\"><div class=\"quform-element quform-element-text quform-element-78_3_4 quform-cf quform-element-required\"><div class=\"quform-spacer\"><div class=\"quform-inner quform-inner-text quform-inner-78_3_4\"><div class=\"quform-input quform-input-text quform-input-78_3_4 quform-cf\"><input type=\"text\" id=\"quform_78_3_4_c3a359\" name=\"quform_78_3[4]\" class=\"quform-field quform-field-text quform-field-78_3_4\" aria-labelledby=\"quform_78_3_c3a359_label quform_78_3_4_c3a359_sub_label_below\" \/><\/div><label id=\"quform_78_3_4_c3a359_sub_label_below\" class=\"quform-sub-label quform-sub-label-below\">Cognome<\/label><\/div><\/div><\/div><\/div><\/div><\/div><\/div><\/div><\/div><div class=\"quform-element quform-element-text quform-element-78_4 quform-cf quform-element-required\"><div class=\"quform-spacer\"><div class=\"quform-label quform-label-78_4\"><label class=\"quform-label-text\" for=\"quform_78_4_c3a359\">Azienda<span class=\"quform-required\">*<\/span><\/label><\/div><div class=\"quform-inner quform-inner-text quform-inner-78_4\"><div class=\"quform-input quform-input-text quform-input-78_4 quform-cf\"><input type=\"text\" id=\"quform_78_4_c3a359\" name=\"quform_78_4\" class=\"quform-field quform-field-text quform-field-78_4\" \/><\/div><\/div><\/div><\/div><div class=\"quform-element quform-element-text quform-element-78_5 quform-cf quform-element-required\"><div class=\"quform-spacer\"><div class=\"quform-label quform-label-78_5\"><label class=\"quform-label-text\" for=\"quform_78_5_c3a359\">Indirizzo dell'azienda <span class=\"quform-required\">*<\/span><\/label><\/div><div class=\"quform-inner quform-inner-text quform-inner-78_5\"><div class=\"quform-input quform-input-text quform-input-78_5 quform-cf\"><input type=\"text\" id=\"quform_78_5_c3a359\" name=\"quform_78_5\" class=\"quform-field quform-field-text quform-field-78_5\" \/><\/div><\/div><\/div><\/div><div class=\"quform-element quform-element-row quform-element-row-78_6 quform-2-columns quform-element-row-size-fixed quform-responsive-columns-phone-landscape\"><div class=\"quform-element quform-element-column quform-element-78_7\"><div class=\"quform-element quform-element-text quform-element-78_9 quform-cf quform-element-required\"><div class=\"quform-spacer\"><div class=\"quform-label quform-label-78_9\"><label class=\"quform-label-text\" for=\"quform_78_9_c3a359\">Codice Postale<span class=\"quform-required\">*<\/span><\/label><\/div><div class=\"quform-inner quform-inner-text quform-inner-78_9\"><div class=\"quform-input quform-input-text quform-input-78_9 quform-cf\"><input type=\"text\" id=\"quform_78_9_c3a359\" name=\"quform_78_9\" class=\"quform-field quform-field-text quform-field-78_9\" \/><\/div><\/div><\/div><\/div><\/div><div class=\"quform-element quform-element-column quform-element-78_8\"><div class=\"quform-element quform-element-text quform-element-78_10 quform-cf quform-element-required\"><div class=\"quform-spacer\"><div class=\"quform-label quform-label-78_10\"><label class=\"quform-label-text\" for=\"quform_78_10_c3a359\">Localit\u00e0<span class=\"quform-required\">*<\/span><\/label><\/div><div class=\"quform-inner quform-inner-text quform-inner-78_10\"><div class=\"quform-input quform-input-text quform-input-78_10 quform-cf\"><input type=\"text\" id=\"quform_78_10_c3a359\" name=\"quform_78_10\" class=\"quform-field quform-field-text quform-field-78_10\" \/><\/div><\/div><\/div><\/div><\/div><\/div><div class=\"quform-element quform-element-text quform-element-78_11 quform-cf quform-element-optional\"><div class=\"quform-spacer\"><div class=\"quform-label quform-label-78_11\"><label class=\"quform-label-text\" for=\"quform_78_11_c3a359\">Altro indirizzo di fatturazione<\/label><\/div><div class=\"quform-inner quform-inner-text quform-inner-78_11\"><div class=\"quform-input quform-input-text quform-input-78_11 quform-cf\"><input type=\"text\" id=\"quform_78_11_c3a359\" name=\"quform_78_11\" class=\"quform-field quform-field-text quform-field-78_11\" \/><\/div><\/div><\/div><\/div><div class=\"quform-element quform-element-text quform-element-78_12 quform-cf quform-element-required\"><div class=\"quform-spacer\"><div class=\"quform-label quform-label-78_12\"><label class=\"quform-label-text\" for=\"quform_78_12_c3a359\">Numero di telefono<span class=\"quform-required\">*<\/span><\/label><\/div><div class=\"quform-inner quform-inner-text quform-inner-78_12\"><div class=\"quform-input quform-input-text quform-input-78_12 quform-cf\"><input type=\"text\" id=\"quform_78_12_c3a359\" name=\"quform_78_12\" class=\"quform-field quform-field-text quform-field-78_12\" \/><\/div><\/div><\/div><\/div><div class=\"quform-element quform-element-text quform-element-78_13 quform-cf quform-element-required\"><div class=\"quform-spacer\"><div class=\"quform-label quform-label-78_13\"><label class=\"quform-label-text\" for=\"quform_78_13_c3a359\">Indirizzo e-mail<span class=\"quform-required\">*<\/span><\/label><\/div><div class=\"quform-inner quform-inner-text quform-inner-78_13\"><div class=\"quform-input quform-input-text quform-input-78_13 quform-cf\"><input type=\"text\" id=\"quform_78_13_c3a359\" name=\"quform_78_13\" class=\"quform-field quform-field-text quform-field-78_13\" \/><\/div><p class=\"quform-description quform-description-below\">Il tuo indirizzo e-mail verr\u00e0 utilizzato come nome utente per l'accesso all'Electrosuisse Academy. <\/p><\/div><\/div><\/div><div class=\"quform-element quform-element-text quform-element-78_14 quform-cf quform-element-optional\"><div class=\"quform-spacer\"><div class=\"quform-label quform-label-78_14\"><label class=\"quform-label-text\" for=\"quform_78_14_c3a359\">Osservazioni, comunicazioni<\/label><\/div><div class=\"quform-inner quform-inner-text quform-inner-78_14\"><div class=\"quform-input quform-input-text quform-input-78_14 quform-cf\"><input type=\"text\" id=\"quform_78_14_c3a359\" name=\"quform_78_14\" class=\"quform-field quform-field-text quform-field-78_14\" \/><\/div><\/div><\/div><\/div><div class=\"quform-element quform-element-textarea quform-element-78_366492 quform-sr-only quform-cf\" style=\"clip: rect(1px, 1px, 1px, 1px); clip-path: inset(50%); position: absolute !important; height: 1px; width: 1px; overflow: hidden;\"><div class=\"quform-spacer\"><div class=\"quform-label quform-label-78_366492\"><label class=\"quform-label-text\" for=\"quform_78_366492_c3a359\">Your Website<span class=\"quform-required\">*<\/span><\/label><\/div><div class=\"quform-inner quform-inner-78_366492\"><textarea id=\"quform_78_366492_c3a359\" name=\"quform_78_366492\" class=\"quform-field quform-field-textarea quform-field-78_366492\" tabindex=\"-1\" autocomplete=\"new-password\"><\/textarea><\/div><\/div><\/div><div class=\"quform-element quform-element-submit quform-element-78_2 quform-cf quform-button-style-theme\"><div class=\"quform-button-submit quform-button-submit-default quform-button-submit-78_2\"><button name=\"quform_submit\" type=\"submit\" class=\"quform-submit\" value=\"submit\"><span class=\"quform-button-text quform-button-submit-text\">Invia<\/span><\/button><\/div><div class=\"quform-loading quform-loading-position-left quform-loading-type-spinner-1\"><div class=\"quform-loading-inner\"><div class=\"quform-loading-spinner\"><div class=\"quform-loading-spinner-inner\"><\/div><\/div><\/div><\/div><\/div><\/div><\/div><\/div><\/div><\/form><\/div><\/div><\/div>[\/vc_column][\/vc_row]<\/p>\n<\/div>","protected":false},"excerpt":{"rendered":"<p>[vc_row][vc_column][vc_column_text css=&#8221;&#8221;] Iscrizione alla formazione online complementare Gestione sicura dei rischi elettrici e ottici nei sistemi di comunicazione [\/vc_column_text][\/vc_column][\/vc_row]<\/p>\n","protected":false},"author":38,"featured_media":0,"parent":0,"menu_order":6,"comment_status":"closed","ping_status":"closed","template":"","meta":{"_acf_changed":false,"_monsterinsights_skip_tracking":false,"_monsterinsights_sitenote_active":false,"_monsterinsights_sitenote_note":"","_monsterinsights_sitenote_category":0,"footnotes":""},"class_list":["post-43871","page","type-page","status-publish","hentry"],"acf":[],"yoast_head":"<!-- This site is optimized with the Yoast SEO Premium plugin v26.4 (Yoast SEO v27.0) - https:\/\/yoast.com\/product\/yoast-seo-premium-wordpress\/ -->\n<title>Iscrizione alla formazione online complementare: Gestione sicura dei rischi elettrici e ottici nei sistemi di comunicazione - Electrosuisse<\/title>\n<meta name=\"robots\" content=\"index, follow, max-snippet:-1, max-image-preview:large, max-video-preview:-1\" \/>\n<link rel=\"canonical\" href=\"https:\/\/www.electrosuisse.ch\/it\/iscrizione-alla-formazione-online-complementare-gestione-sicura-dei-rischi-elettrici-e-ottici-nei-sistemi-di-comunicazione\/\" \/>\n<meta property=\"og:locale\" content=\"it_IT\" \/>\n<meta property=\"og:type\" content=\"article\" \/>\n<meta property=\"og:title\" content=\"Iscrizione alla formazione online complementare: Gestione sicura dei rischi elettrici e ottici nei sistemi di comunicazione - Electrosuisse\" \/>\n<meta property=\"og:description\" content=\"[vc_row][vc_column][vc_column_text css=&#8221;&#8221;] Iscrizione alla formazione online complementare Gestione sicura dei rischi elettrici e ottici nei sistemi di comunicazione [\/vc_column_text][\/vc_column][\/vc_row]\" \/>\n<meta property=\"og:url\" content=\"https:\/\/www.electrosuisse.ch\/it\/iscrizione-alla-formazione-online-complementare-gestione-sicura-dei-rischi-elettrici-e-ottici-nei-sistemi-di-comunicazione\/\" \/>\n<meta property=\"og:site_name\" content=\"Electrosuisse\" \/>\n<meta property=\"article:modified_time\" content=\"2026-04-07T10:21:03+00:00\" \/>\n<meta property=\"og:image\" content=\"https:\/\/www.electrosuisse.ch\/wp-content\/uploads\/2022\/12\/Electrosuisse_Ueber_uns_1578x650.jpg\" \/>\n\t<meta property=\"og:image:width\" content=\"1578\" \/>\n\t<meta property=\"og:image:height\" content=\"650\" \/>\n\t<meta property=\"og:image:type\" content=\"image\/jpeg\" \/>\n<script type=\"application\/ld+json\" class=\"yoast-schema-graph\">{\"@context\":\"https:\/\/schema.org\",\"@graph\":[{\"@type\":\"WebPage\",\"@id\":\"https:\/\/www.electrosuisse.ch\/it\/iscrizione-alla-formazione-online-complementare-gestione-sicura-dei-rischi-elettrici-e-ottici-nei-sistemi-di-comunicazione\/\",\"url\":\"https:\/\/www.electrosuisse.ch\/it\/iscrizione-alla-formazione-online-complementare-gestione-sicura-dei-rischi-elettrici-e-ottici-nei-sistemi-di-comunicazione\/\",\"name\":\"Iscrizione alla formazione online complementare: Gestione sicura dei rischi elettrici e ottici nei sistemi di comunicazione - Electrosuisse\",\"isPartOf\":{\"@id\":\"https:\/\/www.electrosuisse.ch\/it\/#website\"},\"datePublished\":\"2026-04-07T10:20:17+00:00\",\"dateModified\":\"2026-04-07T10:21:03+00:00\",\"inLanguage\":\"it-IT\",\"potentialAction\":[{\"@type\":\"ReadAction\",\"target\":[\"https:\/\/www.electrosuisse.ch\/it\/iscrizione-alla-formazione-online-complementare-gestione-sicura-dei-rischi-elettrici-e-ottici-nei-sistemi-di-comunicazione\/\"]}]},{\"@type\":\"WebSite\",\"@id\":\"https:\/\/www.electrosuisse.ch\/it\/#website\",\"url\":\"https:\/\/www.electrosuisse.ch\/it\/\",\"name\":\"Electrosuisse\",\"description\":\"\",\"publisher\":{\"@id\":\"https:\/\/www.electrosuisse.ch\/it\/#organization\"},\"potentialAction\":[{\"@type\":\"SearchAction\",\"target\":{\"@type\":\"EntryPoint\",\"urlTemplate\":\"https:\/\/www.electrosuisse.ch\/it\/?s={search_term_string}\"},\"query-input\":{\"@type\":\"PropertyValueSpecification\",\"valueRequired\":true,\"valueName\":\"search_term_string\"}}],\"inLanguage\":\"it-IT\"},{\"@type\":\"Organization\",\"@id\":\"https:\/\/www.electrosuisse.ch\/it\/#organization\",\"name\":\"Electrosuisse\",\"url\":\"https:\/\/www.electrosuisse.ch\/it\/\",\"logo\":{\"@type\":\"ImageObject\",\"inLanguage\":\"it-IT\",\"@id\":\"https:\/\/www.electrosuisse.ch\/it\/#\/schema\/logo\/image\/\",\"url\":\"https:\/\/www.electrosuisse.ch\/wp-content\/uploads\/2025\/04\/Electrosuisse_Logo_696x696.png\",\"contentUrl\":\"https:\/\/www.electrosuisse.ch\/wp-content\/uploads\/2025\/04\/Electrosuisse_Logo_696x696.png\",\"width\":696,\"height\":696,\"caption\":\"Electrosuisse\"},\"image\":{\"@id\":\"https:\/\/www.electrosuisse.ch\/it\/#\/schema\/logo\/image\/\"},\"sameAs\":[\"https:\/\/www.linkedin.com\/company\/electrosuisse-ag\/posts\/?feedView=all\",\"https:\/\/www.instagram.com\/electrosuisse1889\/\",\"https:\/\/www.youtube.com\/channel\/UCoOxohMiVE0Gjcdis1L09zw\"],\"description\":\"Electrosuisse ist eine anerkannte und unabh\u00e4ngige Fachorganisation, die erstklassige Dienstleistungen und Produkte in den Bereichen Inspektion, Beratung, Pr\u00fcfung, Zertifizierung, Normung und Weiterbildung anbietet. Unsere Expertise umfasst Elektrotechnik, Elektromobilit\u00e4t, Energieberatung, Geb\u00e4udeautomation und Photovoltaik in der Schweiz. Durch die Veranstaltung etablierter Branchen-Events und Fachtagungen f\u00f6rdert Electrosuisse den Wissenstransfer und den fachlichen Austausch. Im Mittelpunkt unserer T\u00e4tigkeiten steht die F\u00f6rderung der sicheren, wirtschaftlichen und umweltgerechten Anwendung der Elektrotechnik.\"}]}<\/script>\n<!-- \/ Yoast SEO Premium plugin. -->","yoast_head_json":{"title":"Iscrizione alla formazione online complementare: Gestione sicura dei rischi elettrici e ottici nei sistemi di comunicazione - Electrosuisse","robots":{"index":"index","follow":"follow","max-snippet":"max-snippet:-1","max-image-preview":"max-image-preview:large","max-video-preview":"max-video-preview:-1"},"canonical":"https:\/\/www.electrosuisse.ch\/it\/iscrizione-alla-formazione-online-complementare-gestione-sicura-dei-rischi-elettrici-e-ottici-nei-sistemi-di-comunicazione\/","og_locale":"it_IT","og_type":"article","og_title":"Iscrizione alla formazione online complementare: Gestione sicura dei rischi elettrici e ottici nei sistemi di comunicazione - Electrosuisse","og_description":"[vc_row][vc_column][vc_column_text css=&#8221;&#8221;] Iscrizione alla formazione online complementare Gestione sicura dei rischi elettrici e ottici nei sistemi di comunicazione [\/vc_column_text][\/vc_column][\/vc_row]","og_url":"https:\/\/www.electrosuisse.ch\/it\/iscrizione-alla-formazione-online-complementare-gestione-sicura-dei-rischi-elettrici-e-ottici-nei-sistemi-di-comunicazione\/","og_site_name":"Electrosuisse","article_modified_time":"2026-04-07T10:21:03+00:00","og_image":[{"width":1578,"height":650,"url":"https:\/\/www.electrosuisse.ch\/wp-content\/uploads\/2022\/12\/Electrosuisse_Ueber_uns_1578x650.jpg","type":"image\/jpeg"}],"schema":{"@context":"https:\/\/schema.org","@graph":[{"@type":"WebPage","@id":"https:\/\/www.electrosuisse.ch\/it\/iscrizione-alla-formazione-online-complementare-gestione-sicura-dei-rischi-elettrici-e-ottici-nei-sistemi-di-comunicazione\/","url":"https:\/\/www.electrosuisse.ch\/it\/iscrizione-alla-formazione-online-complementare-gestione-sicura-dei-rischi-elettrici-e-ottici-nei-sistemi-di-comunicazione\/","name":"Iscrizione alla formazione online complementare: Gestione sicura dei rischi elettrici e ottici nei sistemi di comunicazione - Electrosuisse","isPartOf":{"@id":"https:\/\/www.electrosuisse.ch\/it\/#website"},"datePublished":"2026-04-07T10:20:17+00:00","dateModified":"2026-04-07T10:21:03+00:00","inLanguage":"it-IT","potentialAction":[{"@type":"ReadAction","target":["https:\/\/www.electrosuisse.ch\/it\/iscrizione-alla-formazione-online-complementare-gestione-sicura-dei-rischi-elettrici-e-ottici-nei-sistemi-di-comunicazione\/"]}]},{"@type":"WebSite","@id":"https:\/\/www.electrosuisse.ch\/it\/#website","url":"https:\/\/www.electrosuisse.ch\/it\/","name":"Electrosuisse","description":"","publisher":{"@id":"https:\/\/www.electrosuisse.ch\/it\/#organization"},"potentialAction":[{"@type":"SearchAction","target":{"@type":"EntryPoint","urlTemplate":"https:\/\/www.electrosuisse.ch\/it\/?s={search_term_string}"},"query-input":{"@type":"PropertyValueSpecification","valueRequired":true,"valueName":"search_term_string"}}],"inLanguage":"it-IT"},{"@type":"Organization","@id":"https:\/\/www.electrosuisse.ch\/it\/#organization","name":"Electrosuisse","url":"https:\/\/www.electrosuisse.ch\/it\/","logo":{"@type":"ImageObject","inLanguage":"it-IT","@id":"https:\/\/www.electrosuisse.ch\/it\/#\/schema\/logo\/image\/","url":"https:\/\/www.electrosuisse.ch\/wp-content\/uploads\/2025\/04\/Electrosuisse_Logo_696x696.png","contentUrl":"https:\/\/www.electrosuisse.ch\/wp-content\/uploads\/2025\/04\/Electrosuisse_Logo_696x696.png","width":696,"height":696,"caption":"Electrosuisse"},"image":{"@id":"https:\/\/www.electrosuisse.ch\/it\/#\/schema\/logo\/image\/"},"sameAs":["https:\/\/www.linkedin.com\/company\/electrosuisse-ag\/posts\/?feedView=all","https:\/\/www.instagram.com\/electrosuisse1889\/","https:\/\/www.youtube.com\/channel\/UCoOxohMiVE0Gjcdis1L09zw"],"description":"Electrosuisse ist eine anerkannte und unabh\u00e4ngige Fachorganisation, die erstklassige Dienstleistungen und Produkte in den Bereichen Inspektion, Beratung, Pr\u00fcfung, Zertifizierung, Normung und Weiterbildung anbietet. Unsere Expertise umfasst Elektrotechnik, Elektromobilit\u00e4t, Energieberatung, Geb\u00e4udeautomation und Photovoltaik in der Schweiz. Durch die Veranstaltung etablierter Branchen-Events und Fachtagungen f\u00f6rdert Electrosuisse den Wissenstransfer und den fachlichen Austausch. Im Mittelpunkt unserer T\u00e4tigkeiten steht die F\u00f6rderung der sicheren, wirtschaftlichen und umweltgerechten Anwendung der Elektrotechnik."}]}},"amp_enabled":true,"_links":{"self":[{"href":"https:\/\/www.electrosuisse.ch\/it\/wp-json\/wp\/v2\/pages\/43871","targetHints":{"allow":["GET"]}}],"collection":[{"href":"https:\/\/www.electrosuisse.ch\/it\/wp-json\/wp\/v2\/pages"}],"about":[{"href":"https:\/\/www.electrosuisse.ch\/it\/wp-json\/wp\/v2\/types\/page"}],"author":[{"embeddable":true,"href":"https:\/\/www.electrosuisse.ch\/it\/wp-json\/wp\/v2\/users\/38"}],"replies":[{"embeddable":true,"href":"https:\/\/www.electrosuisse.ch\/it\/wp-json\/wp\/v2\/comments?post=43871"}],"version-history":[{"count":2,"href":"https:\/\/www.electrosuisse.ch\/it\/wp-json\/wp\/v2\/pages\/43871\/revisions"}],"predecessor-version":[{"id":43876,"href":"https:\/\/www.electrosuisse.ch\/it\/wp-json\/wp\/v2\/pages\/43871\/revisions\/43876"}],"wp:attachment":[{"href":"https:\/\/www.electrosuisse.ch\/it\/wp-json\/wp\/v2\/media?parent=43871"}],"curies":[{"name":"wp","href":"https:\/\/api.w.org\/{rel}","templated":true}]}}