{"id":43803,"date":"2026-04-01T11:14:20","date_gmt":"2026-04-01T09:14:20","guid":{"rendered":"https:\/\/www.electrosuisse.ch\/?page_id=43803"},"modified":"2026-04-07T11:14:57","modified_gmt":"2026-04-07T09:14:57","slug":"iscrizione-alla-formazione-online-complementare-corso-di-istruzione-accesso-alle-stazioni-di-trasformazione","status":"publish","type":"page","link":"https:\/\/www.electrosuisse.ch\/it\/iscrizione-alla-formazione-online-complementare-corso-di-istruzione-accesso-alle-stazioni-di-trasformazione\/","title":{"rendered":"Iscrizione alla formazione online complementare: Corso d&#8217;istruzione: Accesso alle stazioni di trasformazione"},"content":{"rendered":"<div class=\"wpb-content-wrapper\"><p>[vc_row][vc_column][vc_column_text css=&#8221;&#8221;]<\/p>\n<h1>Iscrizione alla formazione online complementare<\/h1>\n<h3>Corso d&#8217;istruzione: Accesso alle stazioni di trasformazione<\/h3>\n<p>[\/vc_column_text]<div class=\"wpb_form_column wpb_content_element\"><div class=\"wpb_wrapper test\"><div id=\"quform-bdd412\" class=\"quform quform-76 quform-support-page-caching\"><form id=\"quform-form-bdd412\" class=\"quform-form quform-form-76\" action=\"\/it\/wp-json\/wp\/v2\/pages\/43803#quform-bdd412\" method=\"post\" enctype=\"multipart\/form-data\" novalidate=\"novalidate\" data-options=\"{&quot;id&quot;:76,&quot;uniqueId&quot;:&quot;bdd412&quot;,&quot;theme&quot;:&quot;&quot;,&quot;ajax&quot;:true,&quot;logic&quot;:{&quot;logic&quot;:[],&quot;dependents&quot;:[],&quot;elementIds&quot;:[],&quot;dependentElementIds&quot;:[],&quot;animate&quot;:true},&quot;currentPageId&quot;:1,&quot;errorsIcon&quot;:&quot;&quot;,&quot;updateFancybox&quot;:true,&quot;hasPages&quot;:false,&quot;pages&quot;:[1],&quot;pageProgressType&quot;:&quot;numbers&quot;,&quot;tooltipsEnabled&quot;:true,&quot;tooltipClasses&quot;:&quot;qtip-quform-dark qtip-shadow&quot;,&quot;tooltipMy&quot;:&quot;left center&quot;,&quot;tooltipAt&quot;:&quot;right center&quot;,&quot;isRtl&quot;:false,&quot;scrollOffset&quot;:-50,&quot;scrollSpeed&quot;:800}\"><button class=\"quform-default-submit\" name=\"quform_submit\" type=\"submit\" value=\"submit\" aria-hidden=\"true\" tabindex=\"-1\"><\/button><div class=\"quform-form-inner quform-form-inner-76\"><input type=\"hidden\" name=\"quform_form_id\" value=\"76\" \/><input type=\"hidden\" name=\"quform_form_uid\" value=\"bdd412\" \/><input type=\"hidden\" name=\"quform_count\" value=\"1\" \/><input type=\"hidden\" name=\"form_url\" value=\"https:\/\/www.electrosuisse.ch\/it\/wp-json\/wp\/v2\/pages\/43803\" \/><input type=\"hidden\" name=\"referring_url\" value=\"\" \/><input type=\"hidden\" name=\"post_id\" value=\"\" \/><input type=\"hidden\" name=\"post_title\" value=\"\" \/><input type=\"hidden\" name=\"quform_current_page_id\" value=\"1\" \/><input type=\"hidden\" name=\"quform_loaded\" value=\"1776212033|341f15862444840a54c1137fa8410dc1\" \/><input type=\"hidden\" name=\"quform_csrf_token\" value=\"87jmZCCyXswJdzBreIr3IU3eSSYtz9wZkPZ0cHVy\" \/><div class=\"quform-elements quform-elements-76 quform-cf quform-responsive-elements-phone-landscape\"><div class=\"quform-element quform-element-page quform-page-1 quform-page-76_1 quform-cf quform-group-style-plain quform-first-page quform-last-page quform-current-page\"><div class=\"quform-child-elements\"><div class=\"quform-element quform-element-name quform-element-76_3 quform-cf quform-element-required\"><div class=\"quform-spacer\"><div class=\"quform-label quform-label-76_3\"><label class=\"quform-label-text\" id=\"quform_76_3_bdd412_label\">Nome<span class=\"quform-required\">*<\/span><\/label><\/div><div class=\"quform-inner quform-inner-name quform-inner-76_3\"><div class=\"quform-input quform-input-name quform-input-76_3 quform-cf\"><div class=\"quform-element-row quform-3-columns quform-element-row-size-fixed quform-responsive-columns-phone-landscape\"><div class=\"quform-element-column\"><div class=\"quform-element quform-element-select quform-element-76_3_1 quform-cf quform-element-required\"><div class=\"quform-spacer\"><div class=\"quform-inner quform-inner-select quform-inner-76_3_1\"><div class=\"quform-input quform-input-select quform-input-76_3_1 quform-cf\"><select id=\"quform_76_3_1_bdd412\" name=\"quform_76_3[1]\" class=\"quform-field quform-field-select quform-field-76_3_1\" aria-labelledby=\"quform_76_3_bdd412_label quform_76_3_1_bdd412_sub_label_below\"><option value=\"\" selected=\"selected\">Selezione<\/option><option value=\"Signora\">Signora<\/option><option value=\"Signore\">Signore<\/option><\/select><\/div><label id=\"quform_76_3_1_bdd412_sub_label_below\" class=\"quform-sub-label quform-sub-label-below\">Titolo<\/label><\/div><\/div><\/div><\/div><div class=\"quform-element-column\"><div class=\"quform-element quform-element-text quform-element-76_3_2 quform-cf quform-element-required\"><div class=\"quform-spacer\"><div class=\"quform-inner quform-inner-text quform-inner-76_3_2\"><div class=\"quform-input quform-input-text quform-input-76_3_2 quform-cf\"><input type=\"text\" id=\"quform_76_3_2_bdd412\" name=\"quform_76_3[2]\" class=\"quform-field quform-field-text quform-field-76_3_2\" aria-labelledby=\"quform_76_3_bdd412_label quform_76_3_2_bdd412_sub_label_below\" \/><\/div><label id=\"quform_76_3_2_bdd412_sub_label_below\" class=\"quform-sub-label quform-sub-label-below\">Nome<\/label><\/div><\/div><\/div><\/div><div class=\"quform-element-column\"><div class=\"quform-element quform-element-text quform-element-76_3_4 quform-cf quform-element-required\"><div class=\"quform-spacer\"><div class=\"quform-inner quform-inner-text quform-inner-76_3_4\"><div class=\"quform-input quform-input-text quform-input-76_3_4 quform-cf\"><input type=\"text\" id=\"quform_76_3_4_bdd412\" name=\"quform_76_3[4]\" class=\"quform-field quform-field-text quform-field-76_3_4\" aria-labelledby=\"quform_76_3_bdd412_label quform_76_3_4_bdd412_sub_label_below\" \/><\/div><label id=\"quform_76_3_4_bdd412_sub_label_below\" class=\"quform-sub-label quform-sub-label-below\">Cognome<\/label><\/div><\/div><\/div><\/div><\/div><\/div><\/div><\/div><\/div><div class=\"quform-element quform-element-text quform-element-76_4 quform-cf quform-element-required\"><div class=\"quform-spacer\"><div class=\"quform-label quform-label-76_4\"><label class=\"quform-label-text\" for=\"quform_76_4_bdd412\">Azienda<span class=\"quform-required\">*<\/span><\/label><\/div><div class=\"quform-inner quform-inner-text quform-inner-76_4\"><div class=\"quform-input quform-input-text quform-input-76_4 quform-cf\"><input type=\"text\" id=\"quform_76_4_bdd412\" name=\"quform_76_4\" class=\"quform-field quform-field-text quform-field-76_4\" \/><\/div><\/div><\/div><\/div><div class=\"quform-element quform-element-text quform-element-76_5 quform-cf quform-element-required\"><div class=\"quform-spacer\"><div class=\"quform-label quform-label-76_5\"><label class=\"quform-label-text\" for=\"quform_76_5_bdd412\">Indirizzo dell'azienda <span class=\"quform-required\">*<\/span><\/label><\/div><div class=\"quform-inner quform-inner-text quform-inner-76_5\"><div class=\"quform-input quform-input-text quform-input-76_5 quform-cf\"><input type=\"text\" id=\"quform_76_5_bdd412\" name=\"quform_76_5\" class=\"quform-field quform-field-text quform-field-76_5\" \/><\/div><\/div><\/div><\/div><div class=\"quform-element quform-element-row quform-element-row-76_6 quform-2-columns quform-element-row-size-fixed quform-responsive-columns-phone-landscape\"><div class=\"quform-element quform-element-column quform-element-76_7\"><div class=\"quform-element quform-element-text quform-element-76_9 quform-cf quform-element-required\"><div class=\"quform-spacer\"><div class=\"quform-label quform-label-76_9\"><label class=\"quform-label-text\" for=\"quform_76_9_bdd412\">Codice Postale<span class=\"quform-required\">*<\/span><\/label><\/div><div class=\"quform-inner quform-inner-text quform-inner-76_9\"><div class=\"quform-input quform-input-text quform-input-76_9 quform-cf\"><input type=\"text\" id=\"quform_76_9_bdd412\" name=\"quform_76_9\" class=\"quform-field quform-field-text quform-field-76_9\" \/><\/div><\/div><\/div><\/div><\/div><div class=\"quform-element quform-element-column quform-element-76_8\"><div class=\"quform-element quform-element-text quform-element-76_10 quform-cf quform-element-required\"><div class=\"quform-spacer\"><div class=\"quform-label quform-label-76_10\"><label class=\"quform-label-text\" for=\"quform_76_10_bdd412\">Localit\u00e0<span class=\"quform-required\">*<\/span><\/label><\/div><div class=\"quform-inner quform-inner-text quform-inner-76_10\"><div class=\"quform-input quform-input-text quform-input-76_10 quform-cf\"><input type=\"text\" id=\"quform_76_10_bdd412\" name=\"quform_76_10\" class=\"quform-field quform-field-text quform-field-76_10\" \/><\/div><\/div><\/div><\/div><\/div><\/div><div class=\"quform-element quform-element-text quform-element-76_11 quform-cf quform-element-optional\"><div class=\"quform-spacer\"><div class=\"quform-label quform-label-76_11\"><label class=\"quform-label-text\" for=\"quform_76_11_bdd412\">Altro indirizzo di fatturazione<\/label><\/div><div class=\"quform-inner quform-inner-text quform-inner-76_11\"><div class=\"quform-input quform-input-text quform-input-76_11 quform-cf\"><input type=\"text\" id=\"quform_76_11_bdd412\" name=\"quform_76_11\" class=\"quform-field quform-field-text quform-field-76_11\" \/><\/div><\/div><\/div><\/div><div class=\"quform-element quform-element-textarea quform-element-76_598721 quform-sr-only quform-cf\" style=\"clip: rect(1px, 1px, 1px, 1px); clip-path: inset(50%); position: absolute !important; height: 1px; width: 1px; overflow: hidden;\"><div class=\"quform-spacer\"><div class=\"quform-label quform-label-76_598721\"><label class=\"quform-label-text\" for=\"quform_76_598721_bdd412\">Email<span class=\"quform-required\">*<\/span><\/label><\/div><div class=\"quform-inner quform-inner-76_598721\"><textarea id=\"quform_76_598721_bdd412\" name=\"quform_76_598721\" class=\"quform-field quform-field-textarea quform-field-76_598721\" tabindex=\"-1\" autocomplete=\"new-password\"><\/textarea><\/div><\/div><\/div><div class=\"quform-element quform-element-text quform-element-76_12 quform-cf quform-element-required\"><div class=\"quform-spacer\"><div class=\"quform-label quform-label-76_12\"><label class=\"quform-label-text\" for=\"quform_76_12_bdd412\">Numero di telefono<span class=\"quform-required\">*<\/span><\/label><\/div><div class=\"quform-inner quform-inner-text quform-inner-76_12\"><div class=\"quform-input quform-input-text quform-input-76_12 quform-cf\"><input type=\"text\" id=\"quform_76_12_bdd412\" name=\"quform_76_12\" class=\"quform-field quform-field-text quform-field-76_12\" \/><\/div><\/div><\/div><\/div><div class=\"quform-element quform-element-text quform-element-76_13 quform-cf quform-element-required\"><div class=\"quform-spacer\"><div class=\"quform-label quform-label-76_13\"><label class=\"quform-label-text\" for=\"quform_76_13_bdd412\">Indirizzo e-mail<span class=\"quform-required\">*<\/span><\/label><\/div><div class=\"quform-inner quform-inner-text quform-inner-76_13\"><div class=\"quform-input quform-input-text quform-input-76_13 quform-cf\"><input type=\"text\" id=\"quform_76_13_bdd412\" name=\"quform_76_13\" class=\"quform-field quform-field-text quform-field-76_13\" \/><\/div><p class=\"quform-description quform-description-below\">Il tuo indirizzo e-mail verr\u00e0 utilizzato come nome utente per l'accesso all'Electrosuisse Academy. <\/p><\/div><\/div><\/div><div class=\"quform-element quform-element-text quform-element-76_14 quform-cf quform-element-optional\"><div class=\"quform-spacer\"><div class=\"quform-label quform-label-76_14\"><label class=\"quform-label-text\" for=\"quform_76_14_bdd412\">Osservazioni, comunicazioni<\/label><\/div><div class=\"quform-inner quform-inner-text quform-inner-76_14\"><div class=\"quform-input quform-input-text quform-input-76_14 quform-cf\"><input type=\"text\" id=\"quform_76_14_bdd412\" name=\"quform_76_14\" class=\"quform-field quform-field-text quform-field-76_14\" \/><\/div><\/div><\/div><\/div><div class=\"quform-element quform-element-submit quform-element-76_2 quform-cf quform-button-style-theme\"><div class=\"quform-button-submit quform-button-submit-default quform-button-submit-76_2\"><button name=\"quform_submit\" type=\"submit\" class=\"quform-submit\" value=\"submit\"><span class=\"quform-button-text quform-button-submit-text\">Invia<\/span><\/button><\/div><div class=\"quform-loading quform-loading-position-left quform-loading-type-spinner-1\"><div class=\"quform-loading-inner\"><div class=\"quform-loading-spinner\"><div class=\"quform-loading-spinner-inner\"><\/div><\/div><\/div><\/div><\/div><\/div><\/div><\/div><\/div><\/form><\/div><\/div><\/div>[\/vc_column][\/vc_row]<\/p>\n<\/div>","protected":false},"excerpt":{"rendered":"<p>[vc_row][vc_column][vc_column_text css=&#8221;&#8221;] Iscrizione alla formazione online complementare Corso d&#8217;istruzione: Accesso alle stazioni di trasformazione [\/vc_column_text][\/vc_column][\/vc_row]<\/p>\n","protected":false},"author":38,"featured_media":0,"parent":0,"menu_order":6,"comment_status":"closed","ping_status":"closed","template":"","meta":{"_acf_changed":false,"_monsterinsights_skip_tracking":false,"_monsterinsights_sitenote_active":false,"_monsterinsights_sitenote_note":"","_monsterinsights_sitenote_category":0,"footnotes":""},"class_list":["post-43803","page","type-page","status-publish","hentry"],"acf":[],"yoast_head":"<!-- This site is optimized with the Yoast SEO Premium plugin v26.4 (Yoast SEO v27.0) - https:\/\/yoast.com\/product\/yoast-seo-premium-wordpress\/ -->\n<title>Iscrizione alla formazione online complementare: Corso d&#039;istruzione: Accesso alle stazioni di trasformazione - Electrosuisse<\/title>\n<meta name=\"robots\" content=\"index, follow, max-snippet:-1, max-image-preview:large, max-video-preview:-1\" \/>\n<link rel=\"canonical\" href=\"https:\/\/www.electrosuisse.ch\/it\/iscrizione-alla-formazione-online-complementare-corso-di-istruzione-accesso-alle-stazioni-di-trasformazione\/\" \/>\n<meta property=\"og:locale\" content=\"it_IT\" \/>\n<meta property=\"og:type\" content=\"article\" \/>\n<meta property=\"og:title\" content=\"Iscrizione alla formazione online complementare: Corso d&#039;istruzione: Accesso alle stazioni di trasformazione - Electrosuisse\" \/>\n<meta property=\"og:description\" content=\"[vc_row][vc_column][vc_column_text css=&#8221;&#8221;] Iscrizione alla formazione online complementare Corso d&#8217;istruzione: Accesso alle stazioni di trasformazione [\/vc_column_text][\/vc_column][\/vc_row]\" \/>\n<meta property=\"og:url\" content=\"https:\/\/www.electrosuisse.ch\/it\/iscrizione-alla-formazione-online-complementare-corso-di-istruzione-accesso-alle-stazioni-di-trasformazione\/\" \/>\n<meta property=\"og:site_name\" content=\"Electrosuisse\" \/>\n<meta property=\"article:modified_time\" content=\"2026-04-07T09:14:57+00:00\" \/>\n<meta property=\"og:image\" content=\"https:\/\/www.electrosuisse.ch\/wp-content\/uploads\/2022\/12\/Electrosuisse_Ueber_uns_1578x650.jpg\" \/>\n\t<meta property=\"og:image:width\" content=\"1578\" \/>\n\t<meta property=\"og:image:height\" content=\"650\" \/>\n\t<meta property=\"og:image:type\" content=\"image\/jpeg\" \/>\n<script type=\"application\/ld+json\" class=\"yoast-schema-graph\">{\"@context\":\"https:\/\/schema.org\",\"@graph\":[{\"@type\":\"WebPage\",\"@id\":\"https:\/\/www.electrosuisse.ch\/it\/iscrizione-alla-formazione-online-complementare-corso-di-istruzione-accesso-alle-stazioni-di-trasformazione\/\",\"url\":\"https:\/\/www.electrosuisse.ch\/it\/iscrizione-alla-formazione-online-complementare-corso-di-istruzione-accesso-alle-stazioni-di-trasformazione\/\",\"name\":\"Iscrizione alla formazione online complementare: Corso d'istruzione: Accesso alle stazioni di trasformazione - Electrosuisse\",\"isPartOf\":{\"@id\":\"https:\/\/www.electrosuisse.ch\/it\/#website\"},\"datePublished\":\"2026-04-01T09:14:20+00:00\",\"dateModified\":\"2026-04-07T09:14:57+00:00\",\"inLanguage\":\"it-IT\",\"potentialAction\":[{\"@type\":\"ReadAction\",\"target\":[\"https:\/\/www.electrosuisse.ch\/it\/iscrizione-alla-formazione-online-complementare-corso-di-istruzione-accesso-alle-stazioni-di-trasformazione\/\"]}]},{\"@type\":\"WebSite\",\"@id\":\"https:\/\/www.electrosuisse.ch\/it\/#website\",\"url\":\"https:\/\/www.electrosuisse.ch\/it\/\",\"name\":\"Electrosuisse\",\"description\":\"\",\"publisher\":{\"@id\":\"https:\/\/www.electrosuisse.ch\/it\/#organization\"},\"potentialAction\":[{\"@type\":\"SearchAction\",\"target\":{\"@type\":\"EntryPoint\",\"urlTemplate\":\"https:\/\/www.electrosuisse.ch\/it\/?s={search_term_string}\"},\"query-input\":{\"@type\":\"PropertyValueSpecification\",\"valueRequired\":true,\"valueName\":\"search_term_string\"}}],\"inLanguage\":\"it-IT\"},{\"@type\":\"Organization\",\"@id\":\"https:\/\/www.electrosuisse.ch\/it\/#organization\",\"name\":\"Electrosuisse\",\"url\":\"https:\/\/www.electrosuisse.ch\/it\/\",\"logo\":{\"@type\":\"ImageObject\",\"inLanguage\":\"it-IT\",\"@id\":\"https:\/\/www.electrosuisse.ch\/it\/#\/schema\/logo\/image\/\",\"url\":\"https:\/\/www.electrosuisse.ch\/wp-content\/uploads\/2025\/04\/Electrosuisse_Logo_696x696.png\",\"contentUrl\":\"https:\/\/www.electrosuisse.ch\/wp-content\/uploads\/2025\/04\/Electrosuisse_Logo_696x696.png\",\"width\":696,\"height\":696,\"caption\":\"Electrosuisse\"},\"image\":{\"@id\":\"https:\/\/www.electrosuisse.ch\/it\/#\/schema\/logo\/image\/\"},\"sameAs\":[\"https:\/\/www.linkedin.com\/company\/electrosuisse-ag\/posts\/?feedView=all\",\"https:\/\/www.instagram.com\/electrosuisse1889\/\",\"https:\/\/www.youtube.com\/channel\/UCoOxohMiVE0Gjcdis1L09zw\"],\"description\":\"Electrosuisse ist eine anerkannte und unabh\u00e4ngige Fachorganisation, die erstklassige Dienstleistungen und Produkte in den Bereichen Inspektion, Beratung, Pr\u00fcfung, Zertifizierung, Normung und Weiterbildung anbietet. Unsere Expertise umfasst Elektrotechnik, Elektromobilit\u00e4t, Energieberatung, Geb\u00e4udeautomation und Photovoltaik in der Schweiz. Durch die Veranstaltung etablierter Branchen-Events und Fachtagungen f\u00f6rdert Electrosuisse den Wissenstransfer und den fachlichen Austausch. Im Mittelpunkt unserer T\u00e4tigkeiten steht die F\u00f6rderung der sicheren, wirtschaftlichen und umweltgerechten Anwendung der Elektrotechnik.\"}]}<\/script>\n<!-- \/ Yoast SEO Premium plugin. -->","yoast_head_json":{"title":"Iscrizione alla formazione online complementare: Corso d'istruzione: Accesso alle stazioni di trasformazione - Electrosuisse","robots":{"index":"index","follow":"follow","max-snippet":"max-snippet:-1","max-image-preview":"max-image-preview:large","max-video-preview":"max-video-preview:-1"},"canonical":"https:\/\/www.electrosuisse.ch\/it\/iscrizione-alla-formazione-online-complementare-corso-di-istruzione-accesso-alle-stazioni-di-trasformazione\/","og_locale":"it_IT","og_type":"article","og_title":"Iscrizione alla formazione online complementare: Corso d'istruzione: Accesso alle stazioni di trasformazione - Electrosuisse","og_description":"[vc_row][vc_column][vc_column_text css=&#8221;&#8221;] Iscrizione alla formazione online complementare Corso d&#8217;istruzione: Accesso alle stazioni di trasformazione [\/vc_column_text][\/vc_column][\/vc_row]","og_url":"https:\/\/www.electrosuisse.ch\/it\/iscrizione-alla-formazione-online-complementare-corso-di-istruzione-accesso-alle-stazioni-di-trasformazione\/","og_site_name":"Electrosuisse","article_modified_time":"2026-04-07T09:14:57+00:00","og_image":[{"width":1578,"height":650,"url":"https:\/\/www.electrosuisse.ch\/wp-content\/uploads\/2022\/12\/Electrosuisse_Ueber_uns_1578x650.jpg","type":"image\/jpeg"}],"schema":{"@context":"https:\/\/schema.org","@graph":[{"@type":"WebPage","@id":"https:\/\/www.electrosuisse.ch\/it\/iscrizione-alla-formazione-online-complementare-corso-di-istruzione-accesso-alle-stazioni-di-trasformazione\/","url":"https:\/\/www.electrosuisse.ch\/it\/iscrizione-alla-formazione-online-complementare-corso-di-istruzione-accesso-alle-stazioni-di-trasformazione\/","name":"Iscrizione alla formazione online complementare: Corso d'istruzione: Accesso alle stazioni di trasformazione - Electrosuisse","isPartOf":{"@id":"https:\/\/www.electrosuisse.ch\/it\/#website"},"datePublished":"2026-04-01T09:14:20+00:00","dateModified":"2026-04-07T09:14:57+00:00","inLanguage":"it-IT","potentialAction":[{"@type":"ReadAction","target":["https:\/\/www.electrosuisse.ch\/it\/iscrizione-alla-formazione-online-complementare-corso-di-istruzione-accesso-alle-stazioni-di-trasformazione\/"]}]},{"@type":"WebSite","@id":"https:\/\/www.electrosuisse.ch\/it\/#website","url":"https:\/\/www.electrosuisse.ch\/it\/","name":"Electrosuisse","description":"","publisher":{"@id":"https:\/\/www.electrosuisse.ch\/it\/#organization"},"potentialAction":[{"@type":"SearchAction","target":{"@type":"EntryPoint","urlTemplate":"https:\/\/www.electrosuisse.ch\/it\/?s={search_term_string}"},"query-input":{"@type":"PropertyValueSpecification","valueRequired":true,"valueName":"search_term_string"}}],"inLanguage":"it-IT"},{"@type":"Organization","@id":"https:\/\/www.electrosuisse.ch\/it\/#organization","name":"Electrosuisse","url":"https:\/\/www.electrosuisse.ch\/it\/","logo":{"@type":"ImageObject","inLanguage":"it-IT","@id":"https:\/\/www.electrosuisse.ch\/it\/#\/schema\/logo\/image\/","url":"https:\/\/www.electrosuisse.ch\/wp-content\/uploads\/2025\/04\/Electrosuisse_Logo_696x696.png","contentUrl":"https:\/\/www.electrosuisse.ch\/wp-content\/uploads\/2025\/04\/Electrosuisse_Logo_696x696.png","width":696,"height":696,"caption":"Electrosuisse"},"image":{"@id":"https:\/\/www.electrosuisse.ch\/it\/#\/schema\/logo\/image\/"},"sameAs":["https:\/\/www.linkedin.com\/company\/electrosuisse-ag\/posts\/?feedView=all","https:\/\/www.instagram.com\/electrosuisse1889\/","https:\/\/www.youtube.com\/channel\/UCoOxohMiVE0Gjcdis1L09zw"],"description":"Electrosuisse ist eine anerkannte und unabh\u00e4ngige Fachorganisation, die erstklassige Dienstleistungen und Produkte in den Bereichen Inspektion, Beratung, Pr\u00fcfung, Zertifizierung, Normung und Weiterbildung anbietet. Unsere Expertise umfasst Elektrotechnik, Elektromobilit\u00e4t, Energieberatung, Geb\u00e4udeautomation und Photovoltaik in der Schweiz. Durch die Veranstaltung etablierter Branchen-Events und Fachtagungen f\u00f6rdert Electrosuisse den Wissenstransfer und den fachlichen Austausch. Im Mittelpunkt unserer T\u00e4tigkeiten steht die F\u00f6rderung der sicheren, wirtschaftlichen und umweltgerechten Anwendung der Elektrotechnik."}]}},"amp_enabled":true,"_links":{"self":[{"href":"https:\/\/www.electrosuisse.ch\/it\/wp-json\/wp\/v2\/pages\/43803","targetHints":{"allow":["GET"]}}],"collection":[{"href":"https:\/\/www.electrosuisse.ch\/it\/wp-json\/wp\/v2\/pages"}],"about":[{"href":"https:\/\/www.electrosuisse.ch\/it\/wp-json\/wp\/v2\/types\/page"}],"author":[{"embeddable":true,"href":"https:\/\/www.electrosuisse.ch\/it\/wp-json\/wp\/v2\/users\/38"}],"replies":[{"embeddable":true,"href":"https:\/\/www.electrosuisse.ch\/it\/wp-json\/wp\/v2\/comments?post=43803"}],"version-history":[{"count":6,"href":"https:\/\/www.electrosuisse.ch\/it\/wp-json\/wp\/v2\/pages\/43803\/revisions"}],"predecessor-version":[{"id":43868,"href":"https:\/\/www.electrosuisse.ch\/it\/wp-json\/wp\/v2\/pages\/43803\/revisions\/43868"}],"wp:attachment":[{"href":"https:\/\/www.electrosuisse.ch\/it\/wp-json\/wp\/v2\/media?parent=43803"}],"curies":[{"name":"wp","href":"https:\/\/api.w.org\/{rel}","templated":true}]}}