{"id":43693,"date":"2026-03-31T08:52:55","date_gmt":"2026-03-31T06:52:55","guid":{"rendered":"https:\/\/www.electrosuisse.ch\/?page_id=43693"},"modified":"2026-04-20T13:06:18","modified_gmt":"2026-04-20T11:06:18","slug":"elektro-thermografie","status":"publish","type":"page","link":"https:\/\/www.electrosuisse.ch\/it\/ispezione-e-consulenza\/elektro-thermografie\/","title":{"rendered":"Elettrotermografia"},"content":{"rendered":"<div class=\"wpb-content-wrapper\"><p>[vc_row][vc_column][vc_column_text css=&#8221;&#8221; el_class=&#8221;lead&#8221;]Negli impianti elettrici, i punti deboli si formano spesso molto prima che diventino visibili o percepibili. La termografia \u00e8 un metodo di misurazione e analisi collaudato per identificare tempestivamente tali rischi e risolverli in modo mirato.[\/vc_column_text][vc_column_text css=&#8221;&#8221;]Grazie alle misurazioni a infrarossi, \u00e8 possibile individuare anomalie di temperatura sui componenti elettrici durante il funzionamento. Poich\u00e9 la temperatura e il carico sono direttamente correlati, \u00e8 possibile localizzare in modo affidabile potenziali fonti di errore prima che si verifichino costosi danni conseguenti.<\/p>\n<p>Un&#8217;analisi periodica dello stato aumenta la sicurezza operativa, prolunga la durata degli impianti e crea una base solida per le decisioni relative alla manutenzione e agli investimenti.[\/vc_column_text][vc_column_text css=&#8221;&#8221;]<\/p>\n<h3>Vantaggi dell&#8217;elettrotermografia:<\/h3>\n<p>L&#8217;elettrotermografia offre una soluzione efficace per sfide quali difetti nascosti, guasti non chiariti o crescenti rischi di guasto negli impianti elettrici.<\/p>\n<ul>\n<li>Rilevamento tempestivo di punti deboli e sovraccarichi<\/li>\n<li>Acquisizione senza interruzione del funzionamento<\/li>\n<li>Base decisionale oggettiva per la manutenzione e l&#8217;ottimizzazione<\/li>\n<\/ul>\n<p>[\/vc_column_text][\/vc_column][\/vc_row][vc_row el_id=&#8221;offerta&#8221;][vc_column][vc_column_text css=&#8221;&#8221;]<\/p>\n<h2>La nostra offerta<\/h2>\n<p>[\/vc_column_text][vc_row_inner][vc_column_inner width=&#8221;1\/2&#8243;][vc_column_text css=&#8221;&#8221;]<span data-contrast=\"auto\">Wir bieten fachgerechte und unabh\u00e4ngige <\/span><span data-contrast=\"auto\">T<\/span><span data-contrast=\"auto\">hermografiemessungen\u00a0f\u00fcr\u00a0elektrische Anlagen der Geb\u00e4ude- und Prozesstechnik. Unsere Vorgehensweise umfasst Infrarotmessungen im laufenden Betrieb, eine fachkundige Auswertung sowie eine verst\u00e4ndliche Dokumentation mit klaren Empfehlungen. Der Fokus liegt auf Sicherheit, Verf\u00fcgbarkeit und Wirtschaftlichkeit.<\/span><span data-ccp-props=\"{}\">\u00a0<\/span>[\/vc_column_text][vc_column_text css=&#8221;&#8221;]<\/p>\n<h3>I vostri successi<\/h3>\n<ul>\n<li>Maggiore sicurezza operativa<\/li>\n<li>Riduzione dei rischi di incendio e di guasto<\/li>\n<li>Prevenzione di fermi macchina non programmati e perdite di produzione<\/li>\n<li>Chiarezza sullo stato degli impianti elettrici<\/li>\n<\/ul>\n<p>[\/vc_column_text][\/vc_column_inner][vc_column_inner width=&#8221;1\/2&#8243;]<div class=\"wpb_image_column wpb_content_element\"><div class=\"wpb_wrapper\"><div class=\"picture_container\"><picture><source media=\"(min-width: 769px)\" srcset=\"https:\/\/www.electrosuisse.ch\/wp-content\/uploads\/2019\/03\/Electrosuisse_Thermografie_Messen_Infrarot-570x487.jpg\"><source media=\"(min-width: 415px)\" srcset=\"https:\/\/www.electrosuisse.ch\/wp-content\/uploads\/2019\/03\/Electrosuisse_Thermografie_Messen_Infrarot.jpg\"><source media=\"(max-width: 414px)\" srcset=\"https:\/\/www.electrosuisse.ch\/wp-content\/uploads\/2019\/03\/Electrosuisse_Thermografie_Messen_Infrarot-414x354.jpg 1x, https:\/\/www.electrosuisse.ch\/wp-content\/uploads\/2019\/03\/Electrosuisse_Thermografie_Messen_Infrarot.jpg 2x\"><img decoding=\"async\" src=\"https:\/\/www.electrosuisse.ch\/wp-content\/uploads\/2019\/03\/Electrosuisse_Thermografie_Messen_Infrarot-570x487.jpg\" alt=\"Messen\" \/><\/picture><\/div><\/div><\/div>[\/vc_column_inner][\/vc_row_inner][\/vc_column][\/vc_row][vc_row el_id=&#8221;team&#8221;][vc_column][vc_column_text css=&#8221;&#8221;]<\/p>\n<h2>I nostri specialisti<\/h2>\n<p>In qualit\u00e0 di organizzazione specializzata indipendente per l&#8217;elettrotecnica, l&#8217;energetica e l&#8217;informatica, riuniamo competenze provenienti da diversi settori specialistici. I nostri specialisti nei settori dell&#8217;elettrotecnica, dell&#8217;energetica e della sicurezza vantano una comprovata esperienza nell&#8217;elettrotermografia e lavorano in modo pratico, conforme alle norme e orientato agli obiettivi nell&#8217;analisi dei vostri impianti.<\/p>\n<p>Vi aiutiamo a individuare i rischi in anticipo e a migliorare in modo sostenibile la sicurezza e la disponibilit\u00e0 della vostra infrastruttura.[\/vc_column_text][\/vc_column][\/vc_row][vc_row][vc_column][vc_column_text css=&#8221;&#8221;]<\/p>\n<h3>L&#8217;essenziale in breve<\/h3>\n<p>[\/vc_column_text][vc_column_text css=&#8221;&#8221;]<\/p>\n<ul>\n<li>L&#8217;elettrotermografia rende visibili le anomalie termiche negli impianti elettrici gi\u00e0 durante il funzionamento.<\/li>\n<li>Consente l&#8217;individuazione tempestiva dei punti deboli e riduce i rischi di incendio e di guasti.<\/li>\n<li>Analisi periodiche dello stato aiutano a evitare perdite di produzione e danni consequenziali.<\/li>\n<li>Il metodo crea trasparenza, aumenta la sicurezza operativa e favorisce una manutenzione predittiva.<\/li>\n<li>L&#8217;esecuzione e la valutazione a regola d&#8217;arte sono decisive per ottenere risultati affidabili.<\/li>\n<\/ul>\n<p>[\/vc_column_text][\/vc_column][\/vc_row][vc_row el_id=&#8221;contatto&#8221;][vc_column][vc_column_text css=&#8221;&#8221;]<\/p>\n<h2>Contatto<\/h2>\n<p>[\/vc_column_text]<div class=\"wpb_contact_column wpb_content_element wpb_contact_column--container\"><div class=\"wpb_wrapper\"><div class=\"contact_container_outer\"><div class=\"contact_container\"><div class=\"contact row middle-xs\"><div class=\"contact__img col-sm-5 col-xs-12\"><img decoding=\"async\" src=\"https:\/\/www.electrosuisse.ch\/wp-content\/uploads\/2024\/08\/StefanBaer_302x302.png\" alt=\"Stefan B\u00e4r - Responsabile del team Ingegneria Est\" \/><\/div><div class=\"contact__info col-sm-7 col-xs-12\"><p><b>Stefan B\u00e4r<\/b><br>Responsabile del team Ingegneria Est<\/p><div class=\"phone has-link\"><a href=\"tel:+41585951571\">+41 58 595 15 71<\/a><\/div><div class=\"mail has-link\"><a href=\"mailto:&#x73;&#x74;&#x65;&#x66;&#x61;&#x6e;&#46;&#98;&#97;&#101;r&#64;el&#x65;&#x63;&#x74;&#x72;&#x6f;&#x73;&#117;&#105;&#115;&#115;&#101;&#46;ch\">&#115;&#x74;&#101;&#x66;&#97;&#x6e;&#46;&#x62;a&#101;&#x72;&#64;&#x65;&#108;&#x65;c&#x74;r&#111;&#x73;&#117;&#x69;&#115;&#x73;&#101;&#x2e;c&#x68;<\/a><\/div><\/div><\/div><\/div><\/div><div class=\"contact_container_outer\"><div class=\"contact_container\"><div class=\"contact row middle-xs\"><div class=\"contact__img col-sm-5 col-xs-12\"><img decoding=\"async\" src=\"https:\/\/www.electrosuisse.ch\/wp-content\/uploads\/2025\/09\/Felix-Bigler_320x320.png\" alt=\"Felix Bigler - Responsabile del team Ingegneria Ovest\" \/><\/div><div class=\"contact__info col-sm-7 col-xs-12\"><p><b>Felix Bigler<\/b><br>Responsabile del team Ingegneria Ovest<\/p><div class=\"phone has-link\"><a href=\"tel:+41585951575\">+41 58 595 15 75<\/a><\/div><div class=\"mail has-link\"><a href=\"mailto:&#102;e&#108;i&#120;&#46;&#x62;i&#x67;l&#x65;r&#x40;e&#x6c;e&#x63;t&#x72;o&#x73;u&#x69;s&#x73;&#101;&#x2e;&#99;&#x68;\">&#x66;&#x65;&#x6c;&#x69;&#120;&#46;&#98;&#105;gle&#x72;&#x40;&#x65;&#x6c;&#x65;&#99;&#116;&#114;osu&#x69;&#x73;&#x73;&#x65;&#x2e;&#99;&#104;<\/a><\/div><\/div><\/div><\/div><\/div><div class=\"contact_container_outer\"><div class=\"contact_container\"><div class=\"contact row middle-xs\"><div class=\"contact__img col-sm-5 col-xs-12\"><img decoding=\"async\" src=\"\/wp-content\/themes\/SCHMUCKI_child\/img\/contact_placeholder.jpg\" alt=\"Consulenza, ispezione, engineering \" \/><\/div><div class=\"contact__info col-sm-7 col-xs-12\"><p><b>Consulenza, ispezione, engineering <\/b><br>Servizio interno<\/p><div class=\"phone has-link\"><a href=\"tel:+41585951199\">+41 58 595 11 99<\/a><\/div><div class=\"mail has-link\"><a href=\"mailto:&#98;&#101;&#x72;a&#116;&#x75;&#x6e;g&#64;&#x65;&#x6c;e&#99;&#x74;&#x72;o&#115;&#x75;&#x69;s&#115;&#x65;&#x2e;c&#104;\">bera&#116;&#117;&#110;&#103;&#64;&#101;&#108;&#x65;&#x63;&#x74;&#x72;&#x6f;&#x73;&#x75;&#x69;&#x73;se&#46;c&#104;<\/a><\/div><\/div><\/div><\/div><\/div><\/div><\/div>[\/vc_column][\/vc_row]<\/p>\n<\/div>","protected":false},"excerpt":{"rendered":"<p>[vc_row][vc_column][vc_column_text css=&#8221;&#8221; el_class=&#8221;lead&#8221;]Negli impianti elettrici, i punti deboli si formano spesso molto prima che diventino visibili o percepibili. La termografia \u00e8 un metodo di misurazione e analisi collaudato per identificare tempestivamente tali rischi e risolverli in modo mirato.[\/vc_column_text][vc_column_text css=&#8221;&#8221;]Grazie alle misurazioni a infrarossi, \u00e8 possibile individuare anomalie di temperatura sui componenti elettrici durante il funzionamento. [&hellip;]<\/p>\n","protected":false},"author":38,"featured_media":0,"parent":26906,"menu_order":193,"comment_status":"closed","ping_status":"closed","template":"","meta":{"_acf_changed":false,"_monsterinsights_skip_tracking":false,"_monsterinsights_sitenote_active":false,"_monsterinsights_sitenote_note":"","_monsterinsights_sitenote_category":0,"footnotes":""},"class_list":["post-43693","page","type-page","status-publish","hentry"],"acf":[],"yoast_head":"<!-- This site is optimized with the Yoast SEO Premium plugin v26.4 (Yoast SEO v27.0) - https:\/\/yoast.com\/product\/yoast-seo-premium-wordpress\/ -->\n<title>Elettrotermografia - Electrosuisse<\/title>\n<meta name=\"description\" content=\"Un&#039;analisi periodica dello stato del vostro impianto tramite termografia vi protegge, tra l&#039;altro, da danni indiretti che comportano costose interruzioni della produzione.\" \/>\n<meta name=\"robots\" content=\"index, follow, max-snippet:-1, max-image-preview:large, max-video-preview:-1\" \/>\n<link rel=\"canonical\" href=\"https:\/\/www.electrosuisse.ch\/it\/ispezione-e-consulenza\/elektro-thermografie\/\" \/>\n<meta property=\"og:locale\" content=\"it_IT\" \/>\n<meta property=\"og:type\" content=\"article\" \/>\n<meta property=\"og:title\" content=\"Elettrotermografia - Electrosuisse\" \/>\n<meta property=\"og:description\" content=\"Un&#039;analisi periodica dello stato del vostro impianto tramite termografia vi protegge, tra l&#039;altro, da danni indiretti che comportano costose interruzioni della produzione.\" \/>\n<meta property=\"og:url\" content=\"https:\/\/www.electrosuisse.ch\/it\/ispezione-e-consulenza\/elektro-thermografie\/\" \/>\n<meta property=\"og:site_name\" content=\"Electrosuisse\" \/>\n<meta property=\"article:modified_time\" content=\"2026-04-20T11:06:18+00:00\" \/>\n<meta property=\"og:image\" content=\"https:\/\/www.electrosuisse.ch\/wp-content\/uploads\/2019\/06\/Electrosuisse_Thermografie_Waermebild.jpg\" \/>\n\t<meta property=\"og:image:width\" content=\"1578\" \/>\n\t<meta property=\"og:image:height\" content=\"650\" \/>\n\t<meta property=\"og:image:type\" content=\"image\/jpeg\" \/>\n<script type=\"application\/ld+json\" class=\"yoast-schema-graph\">{\"@context\":\"https:\/\/schema.org\",\"@graph\":[{\"@type\":\"WebPage\",\"@id\":\"https:\/\/www.electrosuisse.ch\/it\/ispezione-e-consulenza\/elektro-thermografie\/\",\"url\":\"https:\/\/www.electrosuisse.ch\/it\/ispezione-e-consulenza\/elektro-thermografie\/\",\"name\":\"Elettrotermografia - Electrosuisse\",\"isPartOf\":{\"@id\":\"https:\/\/www.electrosuisse.ch\/it\/#website\"},\"datePublished\":\"2026-03-31T06:52:55+00:00\",\"dateModified\":\"2026-04-20T11:06:18+00:00\",\"description\":\"Un'analisi periodica dello stato del vostro impianto tramite termografia vi protegge, tra l'altro, da danni indiretti che comportano costose interruzioni della produzione.\",\"breadcrumb\":{\"@id\":\"https:\/\/www.electrosuisse.ch\/it\/ispezione-e-consulenza\/elektro-thermografie\/#breadcrumb\"},\"inLanguage\":\"it-IT\",\"potentialAction\":[{\"@type\":\"ReadAction\",\"target\":[\"https:\/\/www.electrosuisse.ch\/it\/ispezione-e-consulenza\/elektro-thermografie\/\"]}]},{\"@type\":\"BreadcrumbList\",\"@id\":\"https:\/\/www.electrosuisse.ch\/it\/ispezione-e-consulenza\/elektro-thermografie\/#breadcrumb\",\"itemListElement\":[{\"@type\":\"ListItem\",\"position\":1,\"name\":\"Ispezione e consulenza\",\"item\":\"https:\/\/www.electrosuisse.ch\/it\/ispezione-e-consulenza\/\"},{\"@type\":\"ListItem\",\"position\":2,\"name\":\"Elettrotermografia\"}]},{\"@type\":\"WebSite\",\"@id\":\"https:\/\/www.electrosuisse.ch\/it\/#website\",\"url\":\"https:\/\/www.electrosuisse.ch\/it\/\",\"name\":\"Electrosuisse\",\"description\":\"\",\"publisher\":{\"@id\":\"https:\/\/www.electrosuisse.ch\/it\/#organization\"},\"potentialAction\":[{\"@type\":\"SearchAction\",\"target\":{\"@type\":\"EntryPoint\",\"urlTemplate\":\"https:\/\/www.electrosuisse.ch\/it\/?s={search_term_string}\"},\"query-input\":{\"@type\":\"PropertyValueSpecification\",\"valueRequired\":true,\"valueName\":\"search_term_string\"}}],\"inLanguage\":\"it-IT\"},{\"@type\":\"Organization\",\"@id\":\"https:\/\/www.electrosuisse.ch\/it\/#organization\",\"name\":\"Electrosuisse\",\"url\":\"https:\/\/www.electrosuisse.ch\/it\/\",\"logo\":{\"@type\":\"ImageObject\",\"inLanguage\":\"it-IT\",\"@id\":\"https:\/\/www.electrosuisse.ch\/it\/#\/schema\/logo\/image\/\",\"url\":\"https:\/\/www.electrosuisse.ch\/wp-content\/uploads\/2025\/04\/Electrosuisse_Logo_696x696.png\",\"contentUrl\":\"https:\/\/www.electrosuisse.ch\/wp-content\/uploads\/2025\/04\/Electrosuisse_Logo_696x696.png\",\"width\":696,\"height\":696,\"caption\":\"Electrosuisse\"},\"image\":{\"@id\":\"https:\/\/www.electrosuisse.ch\/it\/#\/schema\/logo\/image\/\"},\"sameAs\":[\"https:\/\/www.linkedin.com\/company\/electrosuisse-ag\/posts\/?feedView=all\",\"https:\/\/www.instagram.com\/electrosuisse1889\/\",\"https:\/\/www.youtube.com\/channel\/UCoOxohMiVE0Gjcdis1L09zw\"],\"description\":\"Electrosuisse ist eine anerkannte und unabh\u00e4ngige Fachorganisation, die erstklassige Dienstleistungen und Produkte in den Bereichen Inspektion, Beratung, Pr\u00fcfung, Zertifizierung, Normung und Weiterbildung anbietet. Unsere Expertise umfasst Elektrotechnik, Elektromobilit\u00e4t, Energieberatung, Geb\u00e4udeautomation und Photovoltaik in der Schweiz. Durch die Veranstaltung etablierter Branchen-Events und Fachtagungen f\u00f6rdert Electrosuisse den Wissenstransfer und den fachlichen Austausch. Im Mittelpunkt unserer T\u00e4tigkeiten steht die F\u00f6rderung der sicheren, wirtschaftlichen und umweltgerechten Anwendung der Elektrotechnik.\"}]}<\/script>\n<!-- \/ Yoast SEO Premium plugin. -->","yoast_head_json":{"title":"Elettrotermografia - Electrosuisse","description":"Un'analisi periodica dello stato del vostro impianto tramite termografia vi protegge, tra l'altro, da danni indiretti che comportano costose interruzioni della produzione.","robots":{"index":"index","follow":"follow","max-snippet":"max-snippet:-1","max-image-preview":"max-image-preview:large","max-video-preview":"max-video-preview:-1"},"canonical":"https:\/\/www.electrosuisse.ch\/it\/ispezione-e-consulenza\/elektro-thermografie\/","og_locale":"it_IT","og_type":"article","og_title":"Elettrotermografia - Electrosuisse","og_description":"Un'analisi periodica dello stato del vostro impianto tramite termografia vi protegge, tra l'altro, da danni indiretti che comportano costose interruzioni della produzione.","og_url":"https:\/\/www.electrosuisse.ch\/it\/ispezione-e-consulenza\/elektro-thermografie\/","og_site_name":"Electrosuisse","article_modified_time":"2026-04-20T11:06:18+00:00","og_image":[{"width":1578,"height":650,"url":"https:\/\/www.electrosuisse.ch\/wp-content\/uploads\/2019\/06\/Electrosuisse_Thermografie_Waermebild.jpg","type":"image\/jpeg"}],"schema":{"@context":"https:\/\/schema.org","@graph":[{"@type":"WebPage","@id":"https:\/\/www.electrosuisse.ch\/it\/ispezione-e-consulenza\/elektro-thermografie\/","url":"https:\/\/www.electrosuisse.ch\/it\/ispezione-e-consulenza\/elektro-thermografie\/","name":"Elettrotermografia - Electrosuisse","isPartOf":{"@id":"https:\/\/www.electrosuisse.ch\/it\/#website"},"datePublished":"2026-03-31T06:52:55+00:00","dateModified":"2026-04-20T11:06:18+00:00","description":"Un'analisi periodica dello stato del vostro impianto tramite termografia vi protegge, tra l'altro, da danni indiretti che comportano costose interruzioni della produzione.","breadcrumb":{"@id":"https:\/\/www.electrosuisse.ch\/it\/ispezione-e-consulenza\/elektro-thermografie\/#breadcrumb"},"inLanguage":"it-IT","potentialAction":[{"@type":"ReadAction","target":["https:\/\/www.electrosuisse.ch\/it\/ispezione-e-consulenza\/elektro-thermografie\/"]}]},{"@type":"BreadcrumbList","@id":"https:\/\/www.electrosuisse.ch\/it\/ispezione-e-consulenza\/elektro-thermografie\/#breadcrumb","itemListElement":[{"@type":"ListItem","position":1,"name":"Ispezione e consulenza","item":"https:\/\/www.electrosuisse.ch\/it\/ispezione-e-consulenza\/"},{"@type":"ListItem","position":2,"name":"Elettrotermografia"}]},{"@type":"WebSite","@id":"https:\/\/www.electrosuisse.ch\/it\/#website","url":"https:\/\/www.electrosuisse.ch\/it\/","name":"Electrosuisse","description":"","publisher":{"@id":"https:\/\/www.electrosuisse.ch\/it\/#organization"},"potentialAction":[{"@type":"SearchAction","target":{"@type":"EntryPoint","urlTemplate":"https:\/\/www.electrosuisse.ch\/it\/?s={search_term_string}"},"query-input":{"@type":"PropertyValueSpecification","valueRequired":true,"valueName":"search_term_string"}}],"inLanguage":"it-IT"},{"@type":"Organization","@id":"https:\/\/www.electrosuisse.ch\/it\/#organization","name":"Electrosuisse","url":"https:\/\/www.electrosuisse.ch\/it\/","logo":{"@type":"ImageObject","inLanguage":"it-IT","@id":"https:\/\/www.electrosuisse.ch\/it\/#\/schema\/logo\/image\/","url":"https:\/\/www.electrosuisse.ch\/wp-content\/uploads\/2025\/04\/Electrosuisse_Logo_696x696.png","contentUrl":"https:\/\/www.electrosuisse.ch\/wp-content\/uploads\/2025\/04\/Electrosuisse_Logo_696x696.png","width":696,"height":696,"caption":"Electrosuisse"},"image":{"@id":"https:\/\/www.electrosuisse.ch\/it\/#\/schema\/logo\/image\/"},"sameAs":["https:\/\/www.linkedin.com\/company\/electrosuisse-ag\/posts\/?feedView=all","https:\/\/www.instagram.com\/electrosuisse1889\/","https:\/\/www.youtube.com\/channel\/UCoOxohMiVE0Gjcdis1L09zw"],"description":"Electrosuisse ist eine anerkannte und unabh\u00e4ngige Fachorganisation, die erstklassige Dienstleistungen und Produkte in den Bereichen Inspektion, Beratung, Pr\u00fcfung, Zertifizierung, Normung und Weiterbildung anbietet. Unsere Expertise umfasst Elektrotechnik, Elektromobilit\u00e4t, Energieberatung, Geb\u00e4udeautomation und Photovoltaik in der Schweiz. Durch die Veranstaltung etablierter Branchen-Events und Fachtagungen f\u00f6rdert Electrosuisse den Wissenstransfer und den fachlichen Austausch. Im Mittelpunkt unserer T\u00e4tigkeiten steht die F\u00f6rderung der sicheren, wirtschaftlichen und umweltgerechten Anwendung der Elektrotechnik."}]}},"amp_enabled":true,"_links":{"self":[{"href":"https:\/\/www.electrosuisse.ch\/it\/wp-json\/wp\/v2\/pages\/43693","targetHints":{"allow":["GET"]}}],"collection":[{"href":"https:\/\/www.electrosuisse.ch\/it\/wp-json\/wp\/v2\/pages"}],"about":[{"href":"https:\/\/www.electrosuisse.ch\/it\/wp-json\/wp\/v2\/types\/page"}],"author":[{"embeddable":true,"href":"https:\/\/www.electrosuisse.ch\/it\/wp-json\/wp\/v2\/users\/38"}],"replies":[{"embeddable":true,"href":"https:\/\/www.electrosuisse.ch\/it\/wp-json\/wp\/v2\/comments?post=43693"}],"version-history":[{"count":7,"href":"https:\/\/www.electrosuisse.ch\/it\/wp-json\/wp\/v2\/pages\/43693\/revisions"}],"predecessor-version":[{"id":44581,"href":"https:\/\/www.electrosuisse.ch\/it\/wp-json\/wp\/v2\/pages\/43693\/revisions\/44581"}],"up":[{"embeddable":true,"href":"https:\/\/www.electrosuisse.ch\/it\/wp-json\/wp\/v2\/pages\/26906"}],"wp:attachment":[{"href":"https:\/\/www.electrosuisse.ch\/it\/wp-json\/wp\/v2\/media?parent=43693"}],"curies":[{"name":"wp","href":"https:\/\/api.w.org\/{rel}","templated":true}]}}