{"id":41977,"date":"2026-02-13T15:32:20","date_gmt":"2026-02-13T14:32:20","guid":{"rendered":"https:\/\/www.electrosuisse.ch\/?page_id=41977"},"modified":"2026-04-14T08:32:19","modified_gmt":"2026-04-14T06:32:19","slug":"garanzia-di-qualita-normativa","status":"publish","type":"page","link":"https:\/\/www.electrosuisse.ch\/it\/ispezione-e-consulenza\/garanzia-di-qualita-normativa\/","title":{"rendered":"Garanzia di qualit\u00e0 normativa"},"content":{"rendered":"<div class=\"wpb-content-wrapper\"><p>[vc_row][vc_column][vc_column_text]Nei progetti di costruzione con impianti elettrici, molti responsabili di progetto si trovano ad affrontare le stesse sfide:<\/p>\n<ul>\n<li><strong>Normativa poco chiara: <\/strong>la moltitudine di norme vigenti (ad es. EN SN, NIN, IEC) e direttive \u00e8 difficile da comprendere. Cosa vale, quando e per chi?<\/li>\n<li><strong>Mancanza di trasparenza: <\/strong>spesso i progetti e le esecuzioni non sono documentati in modo chiaro o sono contraddittori. Cosa vale, cosa \u00e8 necessario?<\/li>\n<li><strong>Rischi di responsabilit\u00e0: <\/strong>installazioni difettose o non conformi alle norme possono causare danni materiali, mettere in pericolo le persone o avere conseguenze legali.<\/li>\n<li><strong>Pressione temporale e problemi di interfaccia: <\/strong>tra la progettazione, la realizzazione e il collaudo spesso si creano lacune in cui possono andare persi dettagli tecnici.<\/li>\n<li><strong>Incertezza prima del collaudo: <\/strong>l&#8217;impianto \u00e8 davvero conforme alle norme? I difetti devono essere eliminati. Forniamo informazioni sulla conformit\u00e0 alle norme.<\/li>\n<\/ul>\n<p>[\/vc_column_text][\/vc_column][\/vc_row][vc_row el_id=&#8221;offerta&#8221;][vc_column][vc_column_text css=&#8221;&#8221;]<\/p>\n<h3>La nostra offerta<\/h3>\n<p>Il nostro sistema modulare di garanzia della qualit\u00e0 vi aiuta a rispettare in modo affidabile le norme e a realizzare i vostri progetti in modo efficiente. I nostri esperti vi supportano in modo flessibile e in base alle vostre esigenze, anche in caso di requisiti complessi.<\/p>\n<h3>I vostri vantaggi<\/h3>\n<ul>\n<li>Rappresentanza indipendente dei vostri interessi<\/li>\n<li>Assistenza in tutte le fasi del progetto<\/li>\n<li>Prevenzione di difetti e rischi di responsabilit\u00e0<\/li>\n<li>Servizi su misura e orientati alle fasi per ogni fase di costruzione<\/li>\n<\/ul>\n<p>[\/vc_column_text][\/vc_column][\/vc_row][vc_row el_id=&#8221;contatto&#8221;][vc_column][vc_column_text css=&#8221;&#8221;]<\/p>\n<h4>Contattateci per una consulenza senza impegno.<\/h4>\n<p>[\/vc_column_text][vc_column_text css=&#8221;&#8221;]<\/p>\n<h2>Contatto<\/h2>\n<p>[\/vc_column_text]<div class=\"wpb_contact_column wpb_content_element wpb_content_element--\"><div class=\"wpb_wrapper\"><div class=\"contact_container\"><div class=\"contact row middle-xs\"><div class=\"contact__img col-sm-5 col-xs-12\"><img decoding=\"async\" src=\"\/wp-content\/themes\/SCHMUCKI_child\/img\/contact_placeholder.jpg\" alt=\"Consulenza, ispezione, engineering \" \/><\/div><div class=\"contact__info col-sm-7 col-xs-12\"><p><b>Consulenza, ispezione, engineering <\/b><br>Servizio interno<\/p><div class=\"phone has-link\"><a href=\"tel:+41585951199\">+41 58 595 11 99<\/a><\/div><div class=\"mail has-link\"><a href=\"mailto:&#98;&#x65;&#x72;a&#116;&#x75;n&#103;&#x40;e&#108;&#x65;c&#116;&#x72;&#x6f;&#115;&#x75;&#x69;s&#115;&#x65;&#46;&#99;&#x68;\">&#x62;&#101;r&#x61;&#116;u&#x6e;&#103;&#64;&#x65;&#108;e&#x63;&#116;r&#x6f;&#115;u&#x69;&#115;s&#x65;&#46;c&#x68;<\/a><\/div><\/div><\/div><\/div><\/div><\/div>[\/vc_column][\/vc_row][vc_row el_id=&#8221;portaleclienti&#8221;][vc_column][vc_column_text css=&#8221;&#8221;]<\/p>\n<h2>Portale clienti<\/h2>\n<p><strong>Pi\u00f9 tempo a disposizione per le cose essenziali.<br \/>\n<\/strong>Meno amministrazione, pi\u00f9 attenzione per le vostre attivit\u00e0 principali<\/p>\n<h4>I vantaggi del portale clienti myElectrosuisse:<\/h4>\n<p><strong>Tutto in un unico posto<\/strong><\/p>\n<ul>\n<li>Documentazione sulla sicurezza sempre elencata e a portata di mano<\/li>\n<li>Rapporti, prove e certificati disponibili in modo centralizzato<\/li>\n<li>Dati aggiornati sulle sedi<\/li>\n<li>Archiviazione sicura dei dati in Svizzera<\/li>\n<\/ul>\n<p><strong>Semplice ed efficiente<\/strong><\/p>\n<ul>\n<li>Caricamento diretto delle segnalazioni di difetti da parte del vostro installatore elettrico<\/li>\n<li>Statistiche sui difetti a colpo d&#8217;occhio<\/li>\n<\/ul>\n<p><strong>Piena trasparenza<\/strong><\/p>\n<ul>\n<li>Panoramica dei titolari di autorizzazioni assistiti (art. 13 OIP)<\/li>\n<li>Visualizzazione e download delle norme e dei prodotti correlati<\/li>\n<li>Panoramica degli eventi di formazione continua pianificati e frequentati<\/li>\n<\/ul>\n<p><strong>Sicurezza dei dati inclusa<\/strong><\/p>\n<ul>\n<li>Backup regolare dei vostri dati<\/li>\n<\/ul>\n<p>[\/vc_column_text][vc_column_text css=&#8221;&#8221;]<\/p>\n<h4>Scoprite tutte le funzioni del portale clienti nel video:<\/h4>\n<p>[\/vc_column_text]<div class=\"wpb_button_column wpb_content_element wpb_content_element--left\"><div class=\"wpb_wrapper\"><div class=\"button button--normal\"><a href=\"https:\/\/www.youtube.com\/watch?v=tYaYFWMuWCs\" target=\"_blank\" >Guardalo ora<\/a><\/div><\/div><\/div>[vc_column_text css=&#8221;&#8221;]<\/p>\n<h4>Interessato?<\/h4>\n<p>I nostri collaboratori del servizio interno saranno lieti di fornirvi una consulenza personalizzata.[\/vc_column_text]<div class=\"wpb_contact_column wpb_content_element wpb_content_element--\"><div class=\"wpb_wrapper\"><div class=\"contact_container\"><div class=\"contact row middle-xs\"><div class=\"contact__img col-sm-5 col-xs-12\"><img decoding=\"async\" src=\"\/wp-content\/themes\/SCHMUCKI_child\/img\/contact_placeholder.jpg\" alt=\"Consulenza, ispezione, engineering \" \/><\/div><div class=\"contact__info col-sm-7 col-xs-12\"><p><b>Consulenza, ispezione, engineering <\/b><br>Servizio interno<\/p><div class=\"phone has-link\"><a href=\"tel:+41585951199\">+41 58 595 11 99<\/a><\/div><div class=\"mail has-link\"><a href=\"mailto:&#98;&#x65;&#x72;a&#116;&#x75;n&#103;&#x40;e&#108;&#x65;c&#116;&#x72;&#x6f;&#115;&#x75;&#x69;s&#115;&#x65;&#46;&#99;&#x68;\">b&#101;&#114;&#x61;&#x74;&#x75;ng&#64;&#101;&#x6c;&#x65;&#x63;t&#114;&#111;&#115;&#x75;&#x69;&#x73;s&#101;&#46;&#x63;&#x68;<\/a><\/div><\/div><\/div><\/div><\/div><\/div>[\/vc_column][\/vc_row]<\/p>\n<\/div>","protected":false},"excerpt":{"rendered":"<p>[vc_row][vc_column][vc_column_text]Nei progetti di costruzione con impianti elettrici, molti responsabili di progetto si trovano ad affrontare le stesse sfide: Normativa poco chiara: la moltitudine di norme vigenti (ad es. EN SN, NIN, IEC) e direttive \u00e8 difficile da comprendere. Cosa vale, quando e per chi? Mancanza di trasparenza: spesso i progetti e le esecuzioni non sono [&hellip;]<\/p>\n","protected":false},"author":28,"featured_media":0,"parent":26906,"menu_order":238,"comment_status":"closed","ping_status":"closed","template":"","meta":{"_acf_changed":false,"_monsterinsights_skip_tracking":false,"_monsterinsights_sitenote_active":false,"_monsterinsights_sitenote_note":"","_monsterinsights_sitenote_category":0,"footnotes":""},"class_list":["post-41977","page","type-page","status-publish","hentry"],"acf":[],"yoast_head":"<!-- This site is optimized with the Yoast SEO Premium plugin v26.4 (Yoast SEO v27.0) - https:\/\/yoast.com\/product\/yoast-seo-premium-wordpress\/ -->\n<title>Garanzia di qualit\u00e0 normativa - Electrosuisse<\/title>\n<meta name=\"description\" content=\"I nostri esperti vi supportano in modo flessibile e in base alle vostre esigenze, anche in caso di requisiti complessi.\" \/>\n<meta name=\"robots\" content=\"index, follow, max-snippet:-1, max-image-preview:large, max-video-preview:-1\" \/>\n<link rel=\"canonical\" href=\"https:\/\/www.electrosuisse.ch\/it\/ispezione-e-consulenza\/garanzia-di-qualita-normativa\/\" \/>\n<meta property=\"og:locale\" content=\"it_IT\" \/>\n<meta property=\"og:type\" content=\"article\" \/>\n<meta property=\"og:title\" content=\"Garanzia di qualit\u00e0 normativa - Electrosuisse\" \/>\n<meta property=\"og:description\" content=\"I nostri esperti vi supportano in modo flessibile e in base alle vostre esigenze, anche in caso di requisiti complessi.\" \/>\n<meta property=\"og:url\" content=\"https:\/\/www.electrosuisse.ch\/it\/ispezione-e-consulenza\/garanzia-di-qualita-normativa\/\" \/>\n<meta property=\"og:site_name\" content=\"Electrosuisse\" \/>\n<meta property=\"article:modified_time\" content=\"2026-04-14T06:32:19+00:00\" \/>\n<meta property=\"og:image\" content=\"https:\/\/www.electrosuisse.ch\/wp-content\/uploads\/2022\/12\/Electrosuisse_Ueber_uns_1578x650.jpg\" \/>\n\t<meta property=\"og:image:width\" content=\"1578\" \/>\n\t<meta property=\"og:image:height\" content=\"650\" \/>\n\t<meta property=\"og:image:type\" content=\"image\/jpeg\" \/>\n<script type=\"application\/ld+json\" class=\"yoast-schema-graph\">{\"@context\":\"https:\/\/schema.org\",\"@graph\":[{\"@type\":\"WebPage\",\"@id\":\"https:\/\/www.electrosuisse.ch\/it\/ispezione-e-consulenza\/garanzia-di-qualita-normativa\/\",\"url\":\"https:\/\/www.electrosuisse.ch\/it\/ispezione-e-consulenza\/garanzia-di-qualita-normativa\/\",\"name\":\"Garanzia di qualit\u00e0 normativa - Electrosuisse\",\"isPartOf\":{\"@id\":\"https:\/\/www.electrosuisse.ch\/it\/#website\"},\"datePublished\":\"2026-02-13T14:32:20+00:00\",\"dateModified\":\"2026-04-14T06:32:19+00:00\",\"description\":\"I nostri esperti vi supportano in modo flessibile e in base alle vostre esigenze, anche in caso di requisiti complessi.\",\"breadcrumb\":{\"@id\":\"https:\/\/www.electrosuisse.ch\/it\/ispezione-e-consulenza\/garanzia-di-qualita-normativa\/#breadcrumb\"},\"inLanguage\":\"it-IT\",\"potentialAction\":[{\"@type\":\"ReadAction\",\"target\":[\"https:\/\/www.electrosuisse.ch\/it\/ispezione-e-consulenza\/garanzia-di-qualita-normativa\/\"]}]},{\"@type\":\"BreadcrumbList\",\"@id\":\"https:\/\/www.electrosuisse.ch\/it\/ispezione-e-consulenza\/garanzia-di-qualita-normativa\/#breadcrumb\",\"itemListElement\":[{\"@type\":\"ListItem\",\"position\":1,\"name\":\"Ispezione e consulenza\",\"item\":\"https:\/\/www.electrosuisse.ch\/it\/ispezione-e-consulenza\/\"},{\"@type\":\"ListItem\",\"position\":2,\"name\":\"Garanzia di qualit\u00e0 normativa\"}]},{\"@type\":\"WebSite\",\"@id\":\"https:\/\/www.electrosuisse.ch\/it\/#website\",\"url\":\"https:\/\/www.electrosuisse.ch\/it\/\",\"name\":\"Electrosuisse\",\"description\":\"\",\"publisher\":{\"@id\":\"https:\/\/www.electrosuisse.ch\/it\/#organization\"},\"potentialAction\":[{\"@type\":\"SearchAction\",\"target\":{\"@type\":\"EntryPoint\",\"urlTemplate\":\"https:\/\/www.electrosuisse.ch\/it\/?s={search_term_string}\"},\"query-input\":{\"@type\":\"PropertyValueSpecification\",\"valueRequired\":true,\"valueName\":\"search_term_string\"}}],\"inLanguage\":\"it-IT\"},{\"@type\":\"Organization\",\"@id\":\"https:\/\/www.electrosuisse.ch\/it\/#organization\",\"name\":\"Electrosuisse\",\"url\":\"https:\/\/www.electrosuisse.ch\/it\/\",\"logo\":{\"@type\":\"ImageObject\",\"inLanguage\":\"it-IT\",\"@id\":\"https:\/\/www.electrosuisse.ch\/it\/#\/schema\/logo\/image\/\",\"url\":\"https:\/\/www.electrosuisse.ch\/wp-content\/uploads\/2025\/04\/Electrosuisse_Logo_696x696.png\",\"contentUrl\":\"https:\/\/www.electrosuisse.ch\/wp-content\/uploads\/2025\/04\/Electrosuisse_Logo_696x696.png\",\"width\":696,\"height\":696,\"caption\":\"Electrosuisse\"},\"image\":{\"@id\":\"https:\/\/www.electrosuisse.ch\/it\/#\/schema\/logo\/image\/\"},\"sameAs\":[\"https:\/\/www.linkedin.com\/company\/electrosuisse-ag\/posts\/?feedView=all\",\"https:\/\/www.instagram.com\/electrosuisse1889\/\",\"https:\/\/www.youtube.com\/channel\/UCoOxohMiVE0Gjcdis1L09zw\"],\"description\":\"Electrosuisse ist eine anerkannte und unabh\u00e4ngige Fachorganisation, die erstklassige Dienstleistungen und Produkte in den Bereichen Inspektion, Beratung, Pr\u00fcfung, Zertifizierung, Normung und Weiterbildung anbietet. Unsere Expertise umfasst Elektrotechnik, Elektromobilit\u00e4t, Energieberatung, Geb\u00e4udeautomation und Photovoltaik in der Schweiz. Durch die Veranstaltung etablierter Branchen-Events und Fachtagungen f\u00f6rdert Electrosuisse den Wissenstransfer und den fachlichen Austausch. Im Mittelpunkt unserer T\u00e4tigkeiten steht die F\u00f6rderung der sicheren, wirtschaftlichen und umweltgerechten Anwendung der Elektrotechnik.\"}]}<\/script>\n<!-- \/ Yoast SEO Premium plugin. -->","yoast_head_json":{"title":"Garanzia di qualit\u00e0 normativa - Electrosuisse","description":"I nostri esperti vi supportano in modo flessibile e in base alle vostre esigenze, anche in caso di requisiti complessi.","robots":{"index":"index","follow":"follow","max-snippet":"max-snippet:-1","max-image-preview":"max-image-preview:large","max-video-preview":"max-video-preview:-1"},"canonical":"https:\/\/www.electrosuisse.ch\/it\/ispezione-e-consulenza\/garanzia-di-qualita-normativa\/","og_locale":"it_IT","og_type":"article","og_title":"Garanzia di qualit\u00e0 normativa - Electrosuisse","og_description":"I nostri esperti vi supportano in modo flessibile e in base alle vostre esigenze, anche in caso di requisiti complessi.","og_url":"https:\/\/www.electrosuisse.ch\/it\/ispezione-e-consulenza\/garanzia-di-qualita-normativa\/","og_site_name":"Electrosuisse","article_modified_time":"2026-04-14T06:32:19+00:00","og_image":[{"width":1578,"height":650,"url":"https:\/\/www.electrosuisse.ch\/wp-content\/uploads\/2022\/12\/Electrosuisse_Ueber_uns_1578x650.jpg","type":"image\/jpeg"}],"schema":{"@context":"https:\/\/schema.org","@graph":[{"@type":"WebPage","@id":"https:\/\/www.electrosuisse.ch\/it\/ispezione-e-consulenza\/garanzia-di-qualita-normativa\/","url":"https:\/\/www.electrosuisse.ch\/it\/ispezione-e-consulenza\/garanzia-di-qualita-normativa\/","name":"Garanzia di qualit\u00e0 normativa - Electrosuisse","isPartOf":{"@id":"https:\/\/www.electrosuisse.ch\/it\/#website"},"datePublished":"2026-02-13T14:32:20+00:00","dateModified":"2026-04-14T06:32:19+00:00","description":"I nostri esperti vi supportano in modo flessibile e in base alle vostre esigenze, anche in caso di requisiti complessi.","breadcrumb":{"@id":"https:\/\/www.electrosuisse.ch\/it\/ispezione-e-consulenza\/garanzia-di-qualita-normativa\/#breadcrumb"},"inLanguage":"it-IT","potentialAction":[{"@type":"ReadAction","target":["https:\/\/www.electrosuisse.ch\/it\/ispezione-e-consulenza\/garanzia-di-qualita-normativa\/"]}]},{"@type":"BreadcrumbList","@id":"https:\/\/www.electrosuisse.ch\/it\/ispezione-e-consulenza\/garanzia-di-qualita-normativa\/#breadcrumb","itemListElement":[{"@type":"ListItem","position":1,"name":"Ispezione e consulenza","item":"https:\/\/www.electrosuisse.ch\/it\/ispezione-e-consulenza\/"},{"@type":"ListItem","position":2,"name":"Garanzia di qualit\u00e0 normativa"}]},{"@type":"WebSite","@id":"https:\/\/www.electrosuisse.ch\/it\/#website","url":"https:\/\/www.electrosuisse.ch\/it\/","name":"Electrosuisse","description":"","publisher":{"@id":"https:\/\/www.electrosuisse.ch\/it\/#organization"},"potentialAction":[{"@type":"SearchAction","target":{"@type":"EntryPoint","urlTemplate":"https:\/\/www.electrosuisse.ch\/it\/?s={search_term_string}"},"query-input":{"@type":"PropertyValueSpecification","valueRequired":true,"valueName":"search_term_string"}}],"inLanguage":"it-IT"},{"@type":"Organization","@id":"https:\/\/www.electrosuisse.ch\/it\/#organization","name":"Electrosuisse","url":"https:\/\/www.electrosuisse.ch\/it\/","logo":{"@type":"ImageObject","inLanguage":"it-IT","@id":"https:\/\/www.electrosuisse.ch\/it\/#\/schema\/logo\/image\/","url":"https:\/\/www.electrosuisse.ch\/wp-content\/uploads\/2025\/04\/Electrosuisse_Logo_696x696.png","contentUrl":"https:\/\/www.electrosuisse.ch\/wp-content\/uploads\/2025\/04\/Electrosuisse_Logo_696x696.png","width":696,"height":696,"caption":"Electrosuisse"},"image":{"@id":"https:\/\/www.electrosuisse.ch\/it\/#\/schema\/logo\/image\/"},"sameAs":["https:\/\/www.linkedin.com\/company\/electrosuisse-ag\/posts\/?feedView=all","https:\/\/www.instagram.com\/electrosuisse1889\/","https:\/\/www.youtube.com\/channel\/UCoOxohMiVE0Gjcdis1L09zw"],"description":"Electrosuisse ist eine anerkannte und unabh\u00e4ngige Fachorganisation, die erstklassige Dienstleistungen und Produkte in den Bereichen Inspektion, Beratung, Pr\u00fcfung, Zertifizierung, Normung und Weiterbildung anbietet. Unsere Expertise umfasst Elektrotechnik, Elektromobilit\u00e4t, Energieberatung, Geb\u00e4udeautomation und Photovoltaik in der Schweiz. Durch die Veranstaltung etablierter Branchen-Events und Fachtagungen f\u00f6rdert Electrosuisse den Wissenstransfer und den fachlichen Austausch. Im Mittelpunkt unserer T\u00e4tigkeiten steht die F\u00f6rderung der sicheren, wirtschaftlichen und umweltgerechten Anwendung der Elektrotechnik."}]}},"amp_enabled":true,"_links":{"self":[{"href":"https:\/\/www.electrosuisse.ch\/it\/wp-json\/wp\/v2\/pages\/41977","targetHints":{"allow":["GET"]}}],"collection":[{"href":"https:\/\/www.electrosuisse.ch\/it\/wp-json\/wp\/v2\/pages"}],"about":[{"href":"https:\/\/www.electrosuisse.ch\/it\/wp-json\/wp\/v2\/types\/page"}],"author":[{"embeddable":true,"href":"https:\/\/www.electrosuisse.ch\/it\/wp-json\/wp\/v2\/users\/28"}],"replies":[{"embeddable":true,"href":"https:\/\/www.electrosuisse.ch\/it\/wp-json\/wp\/v2\/comments?post=41977"}],"version-history":[{"count":7,"href":"https:\/\/www.electrosuisse.ch\/it\/wp-json\/wp\/v2\/pages\/41977\/revisions"}],"predecessor-version":[{"id":43975,"href":"https:\/\/www.electrosuisse.ch\/it\/wp-json\/wp\/v2\/pages\/41977\/revisions\/43975"}],"up":[{"embeddable":true,"href":"https:\/\/www.electrosuisse.ch\/it\/wp-json\/wp\/v2\/pages\/26906"}],"wp:attachment":[{"href":"https:\/\/www.electrosuisse.ch\/it\/wp-json\/wp\/v2\/media?parent=41977"}],"curies":[{"name":"wp","href":"https:\/\/api.w.org\/{rel}","templated":true}]}}