{"id":41946,"date":"2026-02-13T14:28:42","date_gmt":"2026-02-13T13:28:42","guid":{"rendered":"https:\/\/www.electrosuisse.ch\/?page_id=41946"},"modified":"2026-04-14T08:30:17","modified_gmt":"2026-04-14T06:30:17","slug":"impianti-a-bassa-tensione-secondo-niv","status":"publish","type":"page","link":"https:\/\/www.electrosuisse.ch\/it\/ispezione-e-consulenza\/impianti-a-bassa-tensione-secondo-niv\/","title":{"rendered":"Impianti a bassa tensione secondo NIV"},"content":{"rendered":"<div class=\"wpb-content-wrapper\"><p>[vc_row][vc_column][vc_column_text]<\/p>\n<h3>Sicuro. Conforme alla legge. Chiara.<\/h3>\n<p>I nostri ispettori accreditati verificano la conformit\u00e0 alle norme dei vostri impianti elettrici a bassa tensione, dalla messa in funzione al controllo periodico. \u00a0Solo gli impianti progettati, realizzati e sottoposti a manutenzione in modo corretto garantiscono infatti sicurezza a lungo termine e proteggono da spiacevoli sorprese. Vi accompagniamo durante l&#8217;intero ciclo di vita del vostro impianto e ci assicuriamo che tutti i requisiti di legge siano soddisfatti e documentati.<\/p>\n<p>Con il nostro portale clienti digitale avete sempre una panoramica dei controlli in scadenza, in corso e completati, in modo trasparente e indipendentemente dalla sede.[\/vc_column_text][\/vc_column][\/vc_row][vc_row el_id=&#8221;offerta&#8221;][vc_column][vc_column_text css=&#8221;&#8221;]<\/p>\n<h3>La nostra offerta<\/h3>\n<p><strong>Controlli di collaudo e certificati di sicurezza<\/strong>: ai sensi dell&#8217;art. 35 OIC (RS 734.27), gli impianti di nuova costruzione o modificati con un periodo di controllo inferiore a 20 anni devono essere controllati da un organismo di controllo indipendente. Eseguiamo il controllo di collaudo, redigiamo un rapporto di ispezione dettagliato e, in caso di esecuzione priva di difetti, firmiamo il certificato di sicurezza dell&#8217;installatore.<\/p>\n<p><strong>Controlli periodici e certificati di sicurezza: <\/strong><\/p>\n<p>Per le installazioni esistenti, ai sensi dell&#8217;art. 36 OIBL SR734.27, \u00e8 necessario un certificato di sicurezza a intervalli regolari. In qualit\u00e0 di organismo di controllo accreditato, verifichiamo la conformit\u00e0 della vostra installazione alle norme, documentiamo lo stato in modo professionale e, se non vengono riscontrati difetti, rilasciamo il certificato di sicurezza previsto dalla legge .[\/vc_column_text][\/vc_column][\/vc_row][vc_row el_id=&#8221;contatto&#8221;][vc_column][vc_column_text css=&#8221;&#8221;]<\/p>\n<h4>Contattateci per una consulenza senza impegno.<\/h4>\n<p>[\/vc_column_text][vc_column_text css=&#8221;&#8221;]<\/p>\n<h2>Contatto<\/h2>\n<p>[\/vc_column_text]<div class=\"wpb_contact_column wpb_content_element wpb_content_element--\"><div class=\"wpb_wrapper\"><div class=\"contact_container\"><div class=\"contact row middle-xs\"><div class=\"contact__img col-sm-5 col-xs-12\"><img decoding=\"async\" src=\"\/wp-content\/themes\/SCHMUCKI_child\/img\/contact_placeholder.jpg\" alt=\"Consulenza, ispezione, engineering \" \/><\/div><div class=\"contact__info col-sm-7 col-xs-12\"><p><b>Consulenza, ispezione, engineering <\/b><br>Servizio interno<\/p><div class=\"phone has-link\"><a href=\"tel:+41585951199\">+41 58 595 11 99<\/a><\/div><div class=\"mail has-link\"><a href=\"mailto:&#98;&#x65;&#x72;a&#116;&#x75;n&#103;&#x40;&#x65;l&#101;&#x63;t&#114;&#x6f;&#x73;u&#105;&#x73;s&#101;&#x2e;&#x63;&#104;\">&#98;&#x65;&#x72;a&#116;&#x75;&#x6e;g&#64;&#x65;l&#101;&#x63;&#x74;r&#111;&#x73;u&#105;&#x73;&#x73;e&#46;&#x63;&#x68;<\/a><\/div><\/div><\/div><\/div><\/div><\/div>[\/vc_column][\/vc_row][vc_row el_id=&#8221;portaleclienti&#8221;][vc_column][vc_column_text css=&#8221;&#8221;]<\/p>\n<h2>Portale clienti<\/h2>\n<p><strong>Pi\u00f9 tempo a disposizione per le cose essenziali.<br \/>\n<\/strong>Meno amministrazione, pi\u00f9 attenzione per le vostre attivit\u00e0 principali<\/p>\n<h4>I vantaggi del portale clienti myElectrosuisse:<\/h4>\n<p><strong>Tutto in un unico posto<\/strong><\/p>\n<ul>\n<li>Documentazione sulla sicurezza sempre elencata e a portata di mano<\/li>\n<li>Rapporti, prove e certificati disponibili in modo centralizzato<\/li>\n<li>Dati aggiornati sulle sedi<\/li>\n<li>Archiviazione sicura dei dati in Svizzera<\/li>\n<\/ul>\n<p><strong>Semplice ed efficiente<\/strong><\/p>\n<ul>\n<li>Caricamento diretto delle segnalazioni di difetti da parte del vostro installatore elettrico<\/li>\n<li>Statistiche sui difetti a colpo d&#8217;occhio<\/li>\n<\/ul>\n<p><strong>Piena trasparenza<\/strong><\/p>\n<ul>\n<li>Panoramica dei titolari di autorizzazioni assistiti (art. 13 OIP)<\/li>\n<li>Visualizzazione e download delle norme e dei prodotti correlati<\/li>\n<li>Panoramica degli eventi di formazione continua pianificati e frequentati<\/li>\n<\/ul>\n<p><strong>Sicurezza dei dati inclusa<\/strong><\/p>\n<ul>\n<li>Backup regolare dei vostri dati<\/li>\n<\/ul>\n<p>[\/vc_column_text][vc_column_text css=&#8221;&#8221;]<\/p>\n<h4>Scoprite tutte le funzioni del portale clienti nel video:<\/h4>\n<p>[\/vc_column_text]<div class=\"wpb_button_column wpb_content_element wpb_content_element--left\"><div class=\"wpb_wrapper\"><div class=\"button button--normal\"><a href=\"https:\/\/www.youtube.com\/watch?v=tYaYFWMuWCs\" target=\"_blank\" >Guardalo ora<\/a><\/div><\/div><\/div>[vc_column_text css=&#8221;&#8221;]<\/p>\n<h4>Interessato?<\/h4>\n<p>I nostri collaboratori del servizio interno saranno lieti di fornirvi una consulenza personalizzata.[\/vc_column_text]<div class=\"wpb_contact_column wpb_content_element wpb_content_element--\"><div class=\"wpb_wrapper\"><div class=\"contact_container\"><div class=\"contact row middle-xs\"><div class=\"contact__img col-sm-5 col-xs-12\"><img decoding=\"async\" src=\"\/wp-content\/themes\/SCHMUCKI_child\/img\/contact_placeholder.jpg\" alt=\"Consulenza, ispezione, engineering \" \/><\/div><div class=\"contact__info col-sm-7 col-xs-12\"><p><b>Consulenza, ispezione, engineering <\/b><br>Servizio interno<\/p><div class=\"phone has-link\"><a href=\"tel:+41585951199\">+41 58 595 11 99<\/a><\/div><div class=\"mail has-link\"><a href=\"mailto:&#98;&#x65;&#x72;a&#116;&#x75;n&#103;&#x40;&#x65;l&#101;&#x63;t&#114;&#x6f;&#x73;u&#105;&#x73;s&#101;&#x2e;&#x63;&#104;\">&#x62;&#101;&#114;&#x61;&#x74;&#117;&#110;&#x67;&#x40;&#101;&#108;&#x65;&#x63;&#116;&#114;&#x6f;&#x73;&#117;&#105;&#x73;&#x73;&#101;&#46;&#x63;&#x68;<\/a><\/div><\/div><\/div><\/div><\/div><\/div>[\/vc_column][\/vc_row]<\/p>\n<\/div>","protected":false},"excerpt":{"rendered":"<p>[vc_row][vc_column][vc_column_text] Sicuro. Conforme alla legge. Chiara. I nostri ispettori accreditati verificano la conformit\u00e0 alle norme dei vostri impianti elettrici a bassa tensione, dalla messa in funzione al controllo periodico. \u00a0Solo gli impianti progettati, realizzati e sottoposti a manutenzione in modo corretto garantiscono infatti sicurezza a lungo termine e proteggono da spiacevoli sorprese. Vi accompagniamo durante [&hellip;]<\/p>\n","protected":false},"author":28,"featured_media":0,"parent":26906,"menu_order":223,"comment_status":"closed","ping_status":"closed","template":"","meta":{"_acf_changed":false,"_monsterinsights_skip_tracking":false,"_monsterinsights_sitenote_active":false,"_monsterinsights_sitenote_note":"","_monsterinsights_sitenote_category":0,"footnotes":""},"class_list":["post-41946","page","type-page","status-publish","hentry"],"acf":[],"yoast_head":"<!-- This site is optimized with the Yoast SEO Premium plugin v26.4 (Yoast SEO v27.0) - https:\/\/yoast.com\/product\/yoast-seo-premium-wordpress\/ -->\n<title>Impianti a bassa tensione secondo NIV - Electrosuisse<\/title>\n<meta name=\"description\" content=\"I nostri ispettori accreditati verificano la conformit\u00e0 alle norme dei vostri impianti elettrici a bassa tensione, dalla messa in funzione al controllo periodico.\" \/>\n<meta name=\"robots\" content=\"index, follow, max-snippet:-1, max-image-preview:large, max-video-preview:-1\" \/>\n<link rel=\"canonical\" href=\"https:\/\/www.electrosuisse.ch\/it\/ispezione-e-consulenza\/impianti-a-bassa-tensione-secondo-niv\/\" \/>\n<meta property=\"og:locale\" content=\"it_IT\" \/>\n<meta property=\"og:type\" content=\"article\" \/>\n<meta property=\"og:title\" content=\"Impianti a bassa tensione secondo NIV - Electrosuisse\" \/>\n<meta property=\"og:description\" content=\"I nostri ispettori accreditati verificano la conformit\u00e0 alle norme dei vostri impianti elettrici a bassa tensione, dalla messa in funzione al controllo periodico.\" \/>\n<meta property=\"og:url\" content=\"https:\/\/www.electrosuisse.ch\/it\/ispezione-e-consulenza\/impianti-a-bassa-tensione-secondo-niv\/\" \/>\n<meta property=\"og:site_name\" content=\"Electrosuisse\" \/>\n<meta property=\"article:modified_time\" content=\"2026-04-14T06:30:17+00:00\" \/>\n<meta property=\"og:image\" content=\"https:\/\/www.electrosuisse.ch\/wp-content\/uploads\/2022\/12\/Electrosuisse_Ueber_uns_1578x650.jpg\" \/>\n\t<meta property=\"og:image:width\" content=\"1578\" \/>\n\t<meta property=\"og:image:height\" content=\"650\" \/>\n\t<meta property=\"og:image:type\" content=\"image\/jpeg\" \/>\n<script type=\"application\/ld+json\" class=\"yoast-schema-graph\">{\"@context\":\"https:\/\/schema.org\",\"@graph\":[{\"@type\":\"WebPage\",\"@id\":\"https:\/\/www.electrosuisse.ch\/it\/ispezione-e-consulenza\/impianti-a-bassa-tensione-secondo-niv\/\",\"url\":\"https:\/\/www.electrosuisse.ch\/it\/ispezione-e-consulenza\/impianti-a-bassa-tensione-secondo-niv\/\",\"name\":\"Impianti a bassa tensione secondo NIV - Electrosuisse\",\"isPartOf\":{\"@id\":\"https:\/\/www.electrosuisse.ch\/it\/#website\"},\"datePublished\":\"2026-02-13T13:28:42+00:00\",\"dateModified\":\"2026-04-14T06:30:17+00:00\",\"description\":\"I nostri ispettori accreditati verificano la conformit\u00e0 alle norme dei vostri impianti elettrici a bassa tensione, dalla messa in funzione al controllo periodico.\",\"breadcrumb\":{\"@id\":\"https:\/\/www.electrosuisse.ch\/it\/ispezione-e-consulenza\/impianti-a-bassa-tensione-secondo-niv\/#breadcrumb\"},\"inLanguage\":\"it-IT\",\"potentialAction\":[{\"@type\":\"ReadAction\",\"target\":[\"https:\/\/www.electrosuisse.ch\/it\/ispezione-e-consulenza\/impianti-a-bassa-tensione-secondo-niv\/\"]}]},{\"@type\":\"BreadcrumbList\",\"@id\":\"https:\/\/www.electrosuisse.ch\/it\/ispezione-e-consulenza\/impianti-a-bassa-tensione-secondo-niv\/#breadcrumb\",\"itemListElement\":[{\"@type\":\"ListItem\",\"position\":1,\"name\":\"Ispezione e consulenza\",\"item\":\"https:\/\/www.electrosuisse.ch\/it\/ispezione-e-consulenza\/\"},{\"@type\":\"ListItem\",\"position\":2,\"name\":\"Impianti a bassa tensione secondo NIV\"}]},{\"@type\":\"WebSite\",\"@id\":\"https:\/\/www.electrosuisse.ch\/it\/#website\",\"url\":\"https:\/\/www.electrosuisse.ch\/it\/\",\"name\":\"Electrosuisse\",\"description\":\"\",\"publisher\":{\"@id\":\"https:\/\/www.electrosuisse.ch\/it\/#organization\"},\"potentialAction\":[{\"@type\":\"SearchAction\",\"target\":{\"@type\":\"EntryPoint\",\"urlTemplate\":\"https:\/\/www.electrosuisse.ch\/it\/?s={search_term_string}\"},\"query-input\":{\"@type\":\"PropertyValueSpecification\",\"valueRequired\":true,\"valueName\":\"search_term_string\"}}],\"inLanguage\":\"it-IT\"},{\"@type\":\"Organization\",\"@id\":\"https:\/\/www.electrosuisse.ch\/it\/#organization\",\"name\":\"Electrosuisse\",\"url\":\"https:\/\/www.electrosuisse.ch\/it\/\",\"logo\":{\"@type\":\"ImageObject\",\"inLanguage\":\"it-IT\",\"@id\":\"https:\/\/www.electrosuisse.ch\/it\/#\/schema\/logo\/image\/\",\"url\":\"https:\/\/www.electrosuisse.ch\/wp-content\/uploads\/2025\/04\/Electrosuisse_Logo_696x696.png\",\"contentUrl\":\"https:\/\/www.electrosuisse.ch\/wp-content\/uploads\/2025\/04\/Electrosuisse_Logo_696x696.png\",\"width\":696,\"height\":696,\"caption\":\"Electrosuisse\"},\"image\":{\"@id\":\"https:\/\/www.electrosuisse.ch\/it\/#\/schema\/logo\/image\/\"},\"sameAs\":[\"https:\/\/www.linkedin.com\/company\/electrosuisse-ag\/posts\/?feedView=all\",\"https:\/\/www.instagram.com\/electrosuisse1889\/\",\"https:\/\/www.youtube.com\/channel\/UCoOxohMiVE0Gjcdis1L09zw\"],\"description\":\"Electrosuisse ist eine anerkannte und unabh\u00e4ngige Fachorganisation, die erstklassige Dienstleistungen und Produkte in den Bereichen Inspektion, Beratung, Pr\u00fcfung, Zertifizierung, Normung und Weiterbildung anbietet. Unsere Expertise umfasst Elektrotechnik, Elektromobilit\u00e4t, Energieberatung, Geb\u00e4udeautomation und Photovoltaik in der Schweiz. Durch die Veranstaltung etablierter Branchen-Events und Fachtagungen f\u00f6rdert Electrosuisse den Wissenstransfer und den fachlichen Austausch. Im Mittelpunkt unserer T\u00e4tigkeiten steht die F\u00f6rderung der sicheren, wirtschaftlichen und umweltgerechten Anwendung der Elektrotechnik.\"}]}<\/script>\n<!-- \/ Yoast SEO Premium plugin. -->","yoast_head_json":{"title":"Impianti a bassa tensione secondo NIV - Electrosuisse","description":"I nostri ispettori accreditati verificano la conformit\u00e0 alle norme dei vostri impianti elettrici a bassa tensione, dalla messa in funzione al controllo periodico.","robots":{"index":"index","follow":"follow","max-snippet":"max-snippet:-1","max-image-preview":"max-image-preview:large","max-video-preview":"max-video-preview:-1"},"canonical":"https:\/\/www.electrosuisse.ch\/it\/ispezione-e-consulenza\/impianti-a-bassa-tensione-secondo-niv\/","og_locale":"it_IT","og_type":"article","og_title":"Impianti a bassa tensione secondo NIV - Electrosuisse","og_description":"I nostri ispettori accreditati verificano la conformit\u00e0 alle norme dei vostri impianti elettrici a bassa tensione, dalla messa in funzione al controllo periodico.","og_url":"https:\/\/www.electrosuisse.ch\/it\/ispezione-e-consulenza\/impianti-a-bassa-tensione-secondo-niv\/","og_site_name":"Electrosuisse","article_modified_time":"2026-04-14T06:30:17+00:00","og_image":[{"width":1578,"height":650,"url":"https:\/\/www.electrosuisse.ch\/wp-content\/uploads\/2022\/12\/Electrosuisse_Ueber_uns_1578x650.jpg","type":"image\/jpeg"}],"schema":{"@context":"https:\/\/schema.org","@graph":[{"@type":"WebPage","@id":"https:\/\/www.electrosuisse.ch\/it\/ispezione-e-consulenza\/impianti-a-bassa-tensione-secondo-niv\/","url":"https:\/\/www.electrosuisse.ch\/it\/ispezione-e-consulenza\/impianti-a-bassa-tensione-secondo-niv\/","name":"Impianti a bassa tensione secondo NIV - Electrosuisse","isPartOf":{"@id":"https:\/\/www.electrosuisse.ch\/it\/#website"},"datePublished":"2026-02-13T13:28:42+00:00","dateModified":"2026-04-14T06:30:17+00:00","description":"I nostri ispettori accreditati verificano la conformit\u00e0 alle norme dei vostri impianti elettrici a bassa tensione, dalla messa in funzione al controllo periodico.","breadcrumb":{"@id":"https:\/\/www.electrosuisse.ch\/it\/ispezione-e-consulenza\/impianti-a-bassa-tensione-secondo-niv\/#breadcrumb"},"inLanguage":"it-IT","potentialAction":[{"@type":"ReadAction","target":["https:\/\/www.electrosuisse.ch\/it\/ispezione-e-consulenza\/impianti-a-bassa-tensione-secondo-niv\/"]}]},{"@type":"BreadcrumbList","@id":"https:\/\/www.electrosuisse.ch\/it\/ispezione-e-consulenza\/impianti-a-bassa-tensione-secondo-niv\/#breadcrumb","itemListElement":[{"@type":"ListItem","position":1,"name":"Ispezione e consulenza","item":"https:\/\/www.electrosuisse.ch\/it\/ispezione-e-consulenza\/"},{"@type":"ListItem","position":2,"name":"Impianti a bassa tensione secondo NIV"}]},{"@type":"WebSite","@id":"https:\/\/www.electrosuisse.ch\/it\/#website","url":"https:\/\/www.electrosuisse.ch\/it\/","name":"Electrosuisse","description":"","publisher":{"@id":"https:\/\/www.electrosuisse.ch\/it\/#organization"},"potentialAction":[{"@type":"SearchAction","target":{"@type":"EntryPoint","urlTemplate":"https:\/\/www.electrosuisse.ch\/it\/?s={search_term_string}"},"query-input":{"@type":"PropertyValueSpecification","valueRequired":true,"valueName":"search_term_string"}}],"inLanguage":"it-IT"},{"@type":"Organization","@id":"https:\/\/www.electrosuisse.ch\/it\/#organization","name":"Electrosuisse","url":"https:\/\/www.electrosuisse.ch\/it\/","logo":{"@type":"ImageObject","inLanguage":"it-IT","@id":"https:\/\/www.electrosuisse.ch\/it\/#\/schema\/logo\/image\/","url":"https:\/\/www.electrosuisse.ch\/wp-content\/uploads\/2025\/04\/Electrosuisse_Logo_696x696.png","contentUrl":"https:\/\/www.electrosuisse.ch\/wp-content\/uploads\/2025\/04\/Electrosuisse_Logo_696x696.png","width":696,"height":696,"caption":"Electrosuisse"},"image":{"@id":"https:\/\/www.electrosuisse.ch\/it\/#\/schema\/logo\/image\/"},"sameAs":["https:\/\/www.linkedin.com\/company\/electrosuisse-ag\/posts\/?feedView=all","https:\/\/www.instagram.com\/electrosuisse1889\/","https:\/\/www.youtube.com\/channel\/UCoOxohMiVE0Gjcdis1L09zw"],"description":"Electrosuisse ist eine anerkannte und unabh\u00e4ngige Fachorganisation, die erstklassige Dienstleistungen und Produkte in den Bereichen Inspektion, Beratung, Pr\u00fcfung, Zertifizierung, Normung und Weiterbildung anbietet. Unsere Expertise umfasst Elektrotechnik, Elektromobilit\u00e4t, Energieberatung, Geb\u00e4udeautomation und Photovoltaik in der Schweiz. Durch die Veranstaltung etablierter Branchen-Events und Fachtagungen f\u00f6rdert Electrosuisse den Wissenstransfer und den fachlichen Austausch. Im Mittelpunkt unserer T\u00e4tigkeiten steht die F\u00f6rderung der sicheren, wirtschaftlichen und umweltgerechten Anwendung der Elektrotechnik."}]}},"amp_enabled":true,"_links":{"self":[{"href":"https:\/\/www.electrosuisse.ch\/it\/wp-json\/wp\/v2\/pages\/41946","targetHints":{"allow":["GET"]}}],"collection":[{"href":"https:\/\/www.electrosuisse.ch\/it\/wp-json\/wp\/v2\/pages"}],"about":[{"href":"https:\/\/www.electrosuisse.ch\/it\/wp-json\/wp\/v2\/types\/page"}],"author":[{"embeddable":true,"href":"https:\/\/www.electrosuisse.ch\/it\/wp-json\/wp\/v2\/users\/28"}],"replies":[{"embeddable":true,"href":"https:\/\/www.electrosuisse.ch\/it\/wp-json\/wp\/v2\/comments?post=41946"}],"version-history":[{"count":7,"href":"https:\/\/www.electrosuisse.ch\/it\/wp-json\/wp\/v2\/pages\/41946\/revisions"}],"predecessor-version":[{"id":43973,"href":"https:\/\/www.electrosuisse.ch\/it\/wp-json\/wp\/v2\/pages\/41946\/revisions\/43973"}],"up":[{"embeddable":true,"href":"https:\/\/www.electrosuisse.ch\/it\/wp-json\/wp\/v2\/pages\/26906"}],"wp:attachment":[{"href":"https:\/\/www.electrosuisse.ch\/it\/wp-json\/wp\/v2\/media?parent=41946"}],"curies":[{"name":"wp","href":"https:\/\/api.w.org\/{rel}","templated":true}]}}