{"id":4149,"date":"2018-06-24T11:10:32","date_gmt":"2018-06-24T09:10:32","guid":{"rendered":"https:\/\/www.electrosuisse.ch\/inspektion-engineering\/realisation\/energienutzungskonzept\/"},"modified":"2026-03-24T14:18:50","modified_gmt":"2026-03-24T13:18:50","slug":"progetto-di-utilizzo-energetico","status":"publish","type":"page","link":"https:\/\/www.electrosuisse.ch\/it\/engineering\/progetto-di-utilizzo-energetico\/","title":{"rendered":"Progetto di utilizzo energetico"},"content":{"rendered":"<div class=\"wpb-content-wrapper\"><p>[vc_row][vc_column][vc_column_text el_class=&#8221;lead&#8221;]L\u2019energia \u00e8 di norma presente, sempre e ovunque, tuttavia solo raramente nella forma e nella quantit\u00e0 al momento necessaria. Un progetto di utilizzo energetico pone contemporaneamente a confronto le fonti di energia disponibili e richieste, ossia la corrente elettrica, il calore e il freddo. Questa analisi consente inoltre di stabilire la quantit\u00e0 di energia prodotta contemporaneamente a quella necessaria alla sua produzione. Il sistema inizia a \u00abvivere\u00bb. L\u2019obiettivo del progetto di utilizzo energetico consiste nell\u2019uso ottimale delle diverse forme energetiche. In tal modo lo svolgimento del processo pu\u00f2 essere garantito con un impiego minimo di energia prodotta.[\/vc_column_text][\/vc_column][\/vc_row][vc_row el_id=&#8221;angebot&#8221;][vc_column][vc_column_text]<\/p>\n<h3>La nostra offerta<\/h3>\n<p>[\/vc_column_text]<div class=\"wpb_process_column wpb_content_element\"><div class=\"wpb_wrapper\"><div class=\"process_container\"><div class=\"process\"><div class=\"process__symbol process__symbol--round\"><\/div><div class=\"process__content\"><h4>Analisi del fabbisogno<\/h4><p>Nel caso degli impianti di sostituzione, un progetto di utilizzo energetico \u00e8 senz\u2019altro un \u00abmust\u00bb. Solo nel momento in cui si conosce il fabbisogno effettivo, il dimensionamento ottimale dell\u2019impianto o del sistema \u00e8 realmente attuabile nella prassi.<\/p>\n<\/div><\/div><div class=\"process\"><div class=\"process__symbol process__symbol--round\"><\/div><div class=\"process__content\"><h4>Misurazione<\/h4><p>Negli impianti in funzione, la misurazione dei flussi energetici (elettrici, termici) avviene in loco nell\u2019arco di 6 \u2013 8 settimane. Il rilevamento avviene tramite una misurazione temporanea. Per garantire la massima precisione possibile, i risultati vengono annotati ogni quarto d\u2019ora. <\/p>\n<\/div><\/div><div class=\"process\"><div class=\"process__symbol process__symbol--round\"><\/div><div class=\"process__content\"><h4>Valutazione<\/h4><p>La valutazione dei dati costituisce la base del progetto di utilizzo energetico e solo successivamente otterrete un resoconto dettagliato.<\/p>\n<\/div><\/div>\n<\/div><\/div><\/div><div class=\"wpb_gap_column wpb_content_element\"><div class=\"wpb_wrapper\"><div class=\"gap gap--small\"><\/div><\/div><\/div>[vc_column_text]Il sistema pu\u00f2 essere in tal modo configurato al meglio in base al fabbisogno reale.<\/p>\n<p>Nel caso di nuove costruzioni, saremo lieti di fornirvi il nostro supporto dal momento della valutazione alla realizzazione del progetto di utilizzo energetico.[\/vc_column_text][\/vc_column][\/vc_row][vc_row el_id=&#8221;kontakt&#8221;][vc_column][vc_column_text]Volete saperne di pi\u00f9?[\/vc_column_text][vc_column_text]<\/p>\n<h2>Contatto<\/h2>\n<p>[\/vc_column_text]<div class=\"wpb_contact_column wpb_content_element wpb_contact_column--container\"><div class=\"wpb_wrapper\"><div class=\"contact_container_outer\"><div class=\"contact_container\"><div class=\"contact row middle-xs\"><div class=\"contact__img col-sm-5 col-xs-12\"><img decoding=\"async\" src=\"https:\/\/www.electrosuisse.ch\/wp-content\/uploads\/2024\/08\/StefanBaer_302x302.png\" alt=\"Stefan B\u00e4r - Responsabile del team Ingegneria Est\" \/><\/div><div class=\"contact__info col-sm-7 col-xs-12\"><p><b>Stefan B\u00e4r<\/b><br>Responsabile del team Ingegneria Est<\/p><div class=\"phone has-link\"><a href=\"tel:+41585951571\">+41 58 595 15 71<\/a><\/div><div class=\"mail has-link\"><a href=\"mailto:&#x73;&#x74;&#x65;&#102;&#97;&#110;&#46;b&#x61;&#x65;&#x72;&#x40;&#101;&#108;ec&#x74;&#x72;&#x6f;&#x73;&#117;&#105;ss&#x65;&#x2e;&#x63;&#x68;\">stefan&#46;baer&#64;&#101;&#108;&#101;&#99;&#116;&#114;&#111;&#115;&#117;&#105;&#115;&#115;&#101;&#46;&#99;&#x68;<\/a><\/div><\/div><\/div><\/div><\/div><div class=\"contact_container_outer\"><div class=\"contact_container\"><div class=\"contact row middle-xs\"><div class=\"contact__img col-sm-5 col-xs-12\"><img decoding=\"async\" src=\"https:\/\/www.electrosuisse.ch\/wp-content\/uploads\/2025\/09\/Felix-Bigler_320x320.png\" alt=\"Felix Bigler - Responsabile del team Ingegneria Ovest\" \/><\/div><div class=\"contact__info col-sm-7 col-xs-12\"><p><b>Felix Bigler<\/b><br>Responsabile del team Ingegneria Ovest<\/p><div class=\"phone has-link\"><a href=\"tel:+41585951575\">+41 58 595 15 75<\/a><\/div><div class=\"mail has-link\"><a href=\"mailto:&#x66;&#x65;&#x6c;&#x69;&#x78;&#x2e;&#x62;&#x69;&#x67;&#x6c;&#x65;&#x72;&#x40;&#x65;&#x6c;&#x65;&#x63;&#x74;&#x72;&#x6f;&#x73;&#x75;&#105;&#115;&#115;&#101;&#46;&#99;&#104;\">&#x66;&#x65;&#x6c;&#x69;&#x78;&#x2e;&#x62;&#x69;&#x67;&#x6c;&#x65;&#x72;&#x40;&#x65;&#x6c;&#x65;&#x63;&#x74;&#x72;&#x6f;&#x73;&#x75;&#x69;&#x73;&#x73;&#x65;&#x2e;&#x63;&#x68;<\/a><\/div><\/div><\/div><\/div><\/div><div class=\"contact_container_outer\"><div class=\"contact_container\"><div class=\"contact row middle-xs\"><div class=\"contact__img col-sm-5 col-xs-12\"><img decoding=\"async\" src=\"\/wp-content\/themes\/SCHMUCKI_child\/img\/contact_placeholder.jpg\" alt=\"Consulenza, ispezione, engineering \" \/><\/div><div class=\"contact__info col-sm-7 col-xs-12\"><p><b>Consulenza, ispezione, engineering <\/b><br>Servizio interno<\/p><div class=\"phone has-link\"><a href=\"tel:+41585951199\">+41 58 595 11 99<\/a><\/div><div class=\"mail has-link\"><a href=\"mailto:&#98;&#x65;&#114;&#x61;t&#x75;n&#103;&#x40;&#101;&#x6c;&#101;&#x63;t&#x72;o&#115;&#x75;&#105;&#x73;s&#x65;&#46;&#x63;&#x68;\">b&#101;&#x72;&#x61;t&#117;&#110;&#x67;&#x40;e&#108;&#101;&#x63;&#x74;r&#111;&#x73;&#x75;&#x69;s&#115;&#x65;&#x2e;c&#104;<\/a><\/div><\/div><\/div><\/div><\/div><\/div><\/div>[\/vc_column][\/vc_row][vc_row el_id=&#8221;referenzen&#8221;][vc_column][vc_column_text]<\/p>\n<h2>Referenze<\/h2>\n<p>[\/vc_column_text]<div class=\"wpb_accordion_column wpb_content_element\"><div class=\"wpb_wrapper\"><div class=\"fake_accordion\"><div class=\"row\"><div class=\"col-sm-5\"><div class=picture_container><img decoding=\"async\" src=\"https:\/\/www.electrosuisse.ch\/wp-content\/uploads\/2018\/11\/Electrosuisse_Energieeffizienz_Zoo_Basel_Act-e1552737514908-585x345.jpg\" alt=\"Zoo di Basilea\" \/><\/div><\/div><div class=\"col-sm-7\"><h3>Zoo di Basilea<\/h3><p>Avendo adottato dei provvedimenti di efficienza energetica, lo Zoo di Basilea ha ridotto il consumo energetico complessivo di quasi il 10%.<\/p>\n<div class=\"button button--arrow\"><a href=\"https:\/\/act-schweiz.ch\/it\/erfolgsstories\/zoo-basel\" target=\"_blank\" rel=\"noopener\"><div class=\"arrow\">Amplia<\/div><\/a><\/div><\/div><\/div><\/div><div class=\"fake_accordion\"><div class=\"row\"><div class=\"col-sm-5\"><div class=picture_container><img decoding=\"async\" src=\"https:\/\/www.electrosuisse.ch\/wp-content\/uploads\/2018\/11\/Electrosuisse_Energieeffizienz_Post_Logistik_Act-e1552737669551-585x345.jpg\" alt=\"La Posta Svizzera\" \/><\/div><\/div><div class=\"col-sm-7\"><h3>La Posta Svizzera<\/h3><p>La Posta acquisisce maggior efficienza energetica e ridurr\u00e0 entro il 2024 il consumo energetico adottando 220 provvedimenti. Nel complesso \u00e8 previsto un risparmio di oltre 20 milioni di chilowattora.<\/p>\n<div class=\"button button--arrow\"><a href=\"https:\/\/act-schweiz.ch\/it\/esempio-di-successo\/la-posta\" target=\"_blank\" rel=\"noopener\"><div class=\"arrow\">Amplia<\/div><\/a><\/div><\/div><\/div><\/div><\/div><\/div>[\/vc_column][\/vc_row][vc_row el_id=&#8221;hinweis&#8221;][vc_column]<div class=\"wpb_text_image_column wpb_content_element \"><div class=\"wpb_wrapper\"><div class=\"row middle-lg\"><div class=\"col-sm-6 col-xs-12\"><div class=\"picture_container\"><picture><source srcset=\"https:\/\/www.electrosuisse.ch\/wp-content\/uploads\/2018\/12\/energiekicks_unternehmen_electrosuisse-585x500.jpg\"><img decoding=\"async\" src=\"https:\/\/www.electrosuisse.ch\/wp-content\/uploads\/2018\/12\/energiekicks_unternehmen_electrosuisse-585x500.jpg\" alt=\"Un\u2019iniezione di energia per la vostra impresa\" \/><\/picture><\/div><\/div><div class=\"col-sm-6 col-xs-12\"><h3>Un\u2019iniezione di energia per la vostra impresa<\/h3><p>Da 130 anni offriamo con professionalit\u00e0 ai nostri clienti una consulenza personalizzata in merito a questioni energetiche.<\/p>\n<div class=\"button button--normal\"><a href=\"https:\/\/www.electrosuisse.ch\/wp-content\/uploads\/2018\/12\/Electrosuisse_Beratung_Inspektion_Engineering_Broschuere_Energiekicks.pdf\">Scarica gli opuscoli<\/a><\/div><\/div><\/div><\/div><\/div>[vc_column_text]<strong>Fit f\u00fcr die Energiezukunft<br \/>\n<\/strong>Energieeffizienz und Nachhaltigkeit<br \/>\n(Pronti per l\u2019energia del futuro: Efficienza energetica e sostenibilit\u00e0)[\/vc_column_text]<div class=\"wpb_button_column wpb_content_element wpb_content_element--left\"><div class=\"wpb_wrapper\"><div class=\"button button--ghost\"><a href=\"https:\/\/www.bulletin.ch\/de\/news-detail\/fit-fuer-die-energiezukunft.html\" target=\"_blank\" >Leggi l\u2019articolo in bulletin.ch<\/a><\/div><\/div><\/div>[\/vc_column][\/vc_row]<\/p>\n<\/div>","protected":false},"excerpt":{"rendered":"<p>[vc_row][vc_column][vc_column_text el_class=&#8221;lead&#8221;]L\u2019energia \u00e8 di norma presente, sempre e ovunque, tuttavia solo raramente nella forma e nella quantit\u00e0 al momento necessaria. Un progetto di utilizzo energetico pone contemporaneamente a confronto le fonti di energia disponibili e richieste, ossia la corrente elettrica, il calore e il freddo. Questa analisi consente inoltre di stabilire la quantit\u00e0 di energia [&hellip;]<\/p>\n","protected":false},"author":2,"featured_media":0,"parent":4118,"menu_order":266,"comment_status":"closed","ping_status":"closed","template":"","meta":{"_acf_changed":false,"_monsterinsights_skip_tracking":false,"_monsterinsights_sitenote_active":false,"_monsterinsights_sitenote_note":"","_monsterinsights_sitenote_category":0,"footnotes":""},"class_list":["post-4149","page","type-page","status-publish","hentry"],"acf":[],"yoast_head":"<!-- This site is optimized with the Yoast SEO Premium plugin v26.4 (Yoast SEO v27.0) - https:\/\/yoast.com\/product\/yoast-seo-premium-wordpress\/ -->\n<title>Sfruttamento intelligente dell\u2019energia grazie al relativo progetto di utilizzo - Electrosuisse<\/title>\n<meta name=\"description\" content=\"Il progetto di utilizzo energetico pone a confronto le fonti di energia disponibili e richieste. L\u2019obiettivo \u00e8 di utilizzare al meglio le diverse forme energetiche.\" \/>\n<meta name=\"robots\" content=\"index, follow, max-snippet:-1, max-image-preview:large, max-video-preview:-1\" \/>\n<link rel=\"canonical\" href=\"https:\/\/www.electrosuisse.ch\/it\/engineering\/progetto-di-utilizzo-energetico\/\" \/>\n<meta property=\"og:locale\" content=\"it_IT\" \/>\n<meta property=\"og:type\" content=\"article\" \/>\n<meta property=\"og:title\" content=\"Sfruttamento intelligente dell\u2019energia grazie al relativo progetto di utilizzo - Electrosuisse\" \/>\n<meta property=\"og:description\" content=\"Il progetto di utilizzo energetico pone a confronto le fonti di energia disponibili e richieste. L\u2019obiettivo \u00e8 di utilizzare al meglio le diverse forme energetiche.\" \/>\n<meta property=\"og:url\" content=\"https:\/\/www.electrosuisse.ch\/it\/engineering\/progetto-di-utilizzo-energetico\/\" \/>\n<meta property=\"og:site_name\" content=\"Electrosuisse\" \/>\n<meta property=\"article:modified_time\" content=\"2026-03-24T13:18:50+00:00\" \/>\n<meta property=\"og:image\" content=\"https:\/\/www.electrosuisse.ch\/wp-content\/uploads\/2023\/01\/Energienutzungskonzept_1660x470.jpg\" \/>\n\t<meta property=\"og:image:width\" content=\"1578\" \/>\n\t<meta property=\"og:image:height\" content=\"650\" \/>\n\t<meta property=\"og:image:type\" content=\"image\/jpeg\" \/>\n<script type=\"application\/ld+json\" class=\"yoast-schema-graph\">{\"@context\":\"https:\/\/schema.org\",\"@graph\":[{\"@type\":\"WebPage\",\"@id\":\"https:\/\/www.electrosuisse.ch\/it\/engineering\/progetto-di-utilizzo-energetico\/\",\"url\":\"https:\/\/www.electrosuisse.ch\/it\/engineering\/progetto-di-utilizzo-energetico\/\",\"name\":\"Sfruttamento intelligente dell\u2019energia grazie al relativo progetto di utilizzo - Electrosuisse\",\"isPartOf\":{\"@id\":\"https:\/\/www.electrosuisse.ch\/it\/#website\"},\"datePublished\":\"2018-06-24T09:10:32+00:00\",\"dateModified\":\"2026-03-24T13:18:50+00:00\",\"description\":\"Il progetto di utilizzo energetico pone a confronto le fonti di energia disponibili e richieste. L\u2019obiettivo \u00e8 di utilizzare al meglio le diverse forme energetiche.\",\"breadcrumb\":{\"@id\":\"https:\/\/www.electrosuisse.ch\/it\/engineering\/progetto-di-utilizzo-energetico\/#breadcrumb\"},\"inLanguage\":\"it-IT\",\"potentialAction\":[{\"@type\":\"ReadAction\",\"target\":[\"https:\/\/www.electrosuisse.ch\/it\/engineering\/progetto-di-utilizzo-energetico\/\"]}]},{\"@type\":\"BreadcrumbList\",\"@id\":\"https:\/\/www.electrosuisse.ch\/it\/engineering\/progetto-di-utilizzo-energetico\/#breadcrumb\",\"itemListElement\":[{\"@type\":\"ListItem\",\"position\":1,\"name\":\"Engineering\",\"item\":\"https:\/\/www.electrosuisse.ch\/it\/engineering\/\"},{\"@type\":\"ListItem\",\"position\":2,\"name\":\"Progetto di utilizzo energetico\"}]},{\"@type\":\"WebSite\",\"@id\":\"https:\/\/www.electrosuisse.ch\/it\/#website\",\"url\":\"https:\/\/www.electrosuisse.ch\/it\/\",\"name\":\"Electrosuisse\",\"description\":\"\",\"publisher\":{\"@id\":\"https:\/\/www.electrosuisse.ch\/it\/#organization\"},\"potentialAction\":[{\"@type\":\"SearchAction\",\"target\":{\"@type\":\"EntryPoint\",\"urlTemplate\":\"https:\/\/www.electrosuisse.ch\/it\/?s={search_term_string}\"},\"query-input\":{\"@type\":\"PropertyValueSpecification\",\"valueRequired\":true,\"valueName\":\"search_term_string\"}}],\"inLanguage\":\"it-IT\"},{\"@type\":\"Organization\",\"@id\":\"https:\/\/www.electrosuisse.ch\/it\/#organization\",\"name\":\"Electrosuisse\",\"url\":\"https:\/\/www.electrosuisse.ch\/it\/\",\"logo\":{\"@type\":\"ImageObject\",\"inLanguage\":\"it-IT\",\"@id\":\"https:\/\/www.electrosuisse.ch\/it\/#\/schema\/logo\/image\/\",\"url\":\"https:\/\/www.electrosuisse.ch\/wp-content\/uploads\/2025\/04\/Electrosuisse_Logo_696x696.png\",\"contentUrl\":\"https:\/\/www.electrosuisse.ch\/wp-content\/uploads\/2025\/04\/Electrosuisse_Logo_696x696.png\",\"width\":696,\"height\":696,\"caption\":\"Electrosuisse\"},\"image\":{\"@id\":\"https:\/\/www.electrosuisse.ch\/it\/#\/schema\/logo\/image\/\"},\"sameAs\":[\"https:\/\/www.linkedin.com\/company\/electrosuisse-ag\/posts\/?feedView=all\",\"https:\/\/www.instagram.com\/electrosuisse1889\/\",\"https:\/\/www.youtube.com\/channel\/UCoOxohMiVE0Gjcdis1L09zw\"],\"description\":\"Electrosuisse ist eine anerkannte und unabh\u00e4ngige Fachorganisation, die erstklassige Dienstleistungen und Produkte in den Bereichen Inspektion, Beratung, Pr\u00fcfung, Zertifizierung, Normung und Weiterbildung anbietet. Unsere Expertise umfasst Elektrotechnik, Elektromobilit\u00e4t, Energieberatung, Geb\u00e4udeautomation und Photovoltaik in der Schweiz. Durch die Veranstaltung etablierter Branchen-Events und Fachtagungen f\u00f6rdert Electrosuisse den Wissenstransfer und den fachlichen Austausch. Im Mittelpunkt unserer T\u00e4tigkeiten steht die F\u00f6rderung der sicheren, wirtschaftlichen und umweltgerechten Anwendung der Elektrotechnik.\"}]}<\/script>\n<!-- \/ Yoast SEO Premium plugin. -->","yoast_head_json":{"title":"Sfruttamento intelligente dell\u2019energia grazie al relativo progetto di utilizzo - Electrosuisse","description":"Il progetto di utilizzo energetico pone a confronto le fonti di energia disponibili e richieste. L\u2019obiettivo \u00e8 di utilizzare al meglio le diverse forme energetiche.","robots":{"index":"index","follow":"follow","max-snippet":"max-snippet:-1","max-image-preview":"max-image-preview:large","max-video-preview":"max-video-preview:-1"},"canonical":"https:\/\/www.electrosuisse.ch\/it\/engineering\/progetto-di-utilizzo-energetico\/","og_locale":"it_IT","og_type":"article","og_title":"Sfruttamento intelligente dell\u2019energia grazie al relativo progetto di utilizzo - Electrosuisse","og_description":"Il progetto di utilizzo energetico pone a confronto le fonti di energia disponibili e richieste. L\u2019obiettivo \u00e8 di utilizzare al meglio le diverse forme energetiche.","og_url":"https:\/\/www.electrosuisse.ch\/it\/engineering\/progetto-di-utilizzo-energetico\/","og_site_name":"Electrosuisse","article_modified_time":"2026-03-24T13:18:50+00:00","og_image":[{"width":1578,"height":650,"url":"https:\/\/www.electrosuisse.ch\/wp-content\/uploads\/2023\/01\/Energienutzungskonzept_1660x470.jpg","type":"image\/jpeg"}],"schema":{"@context":"https:\/\/schema.org","@graph":[{"@type":"WebPage","@id":"https:\/\/www.electrosuisse.ch\/it\/engineering\/progetto-di-utilizzo-energetico\/","url":"https:\/\/www.electrosuisse.ch\/it\/engineering\/progetto-di-utilizzo-energetico\/","name":"Sfruttamento intelligente dell\u2019energia grazie al relativo progetto di utilizzo - Electrosuisse","isPartOf":{"@id":"https:\/\/www.electrosuisse.ch\/it\/#website"},"datePublished":"2018-06-24T09:10:32+00:00","dateModified":"2026-03-24T13:18:50+00:00","description":"Il progetto di utilizzo energetico pone a confronto le fonti di energia disponibili e richieste. L\u2019obiettivo \u00e8 di utilizzare al meglio le diverse forme energetiche.","breadcrumb":{"@id":"https:\/\/www.electrosuisse.ch\/it\/engineering\/progetto-di-utilizzo-energetico\/#breadcrumb"},"inLanguage":"it-IT","potentialAction":[{"@type":"ReadAction","target":["https:\/\/www.electrosuisse.ch\/it\/engineering\/progetto-di-utilizzo-energetico\/"]}]},{"@type":"BreadcrumbList","@id":"https:\/\/www.electrosuisse.ch\/it\/engineering\/progetto-di-utilizzo-energetico\/#breadcrumb","itemListElement":[{"@type":"ListItem","position":1,"name":"Engineering","item":"https:\/\/www.electrosuisse.ch\/it\/engineering\/"},{"@type":"ListItem","position":2,"name":"Progetto di utilizzo energetico"}]},{"@type":"WebSite","@id":"https:\/\/www.electrosuisse.ch\/it\/#website","url":"https:\/\/www.electrosuisse.ch\/it\/","name":"Electrosuisse","description":"","publisher":{"@id":"https:\/\/www.electrosuisse.ch\/it\/#organization"},"potentialAction":[{"@type":"SearchAction","target":{"@type":"EntryPoint","urlTemplate":"https:\/\/www.electrosuisse.ch\/it\/?s={search_term_string}"},"query-input":{"@type":"PropertyValueSpecification","valueRequired":true,"valueName":"search_term_string"}}],"inLanguage":"it-IT"},{"@type":"Organization","@id":"https:\/\/www.electrosuisse.ch\/it\/#organization","name":"Electrosuisse","url":"https:\/\/www.electrosuisse.ch\/it\/","logo":{"@type":"ImageObject","inLanguage":"it-IT","@id":"https:\/\/www.electrosuisse.ch\/it\/#\/schema\/logo\/image\/","url":"https:\/\/www.electrosuisse.ch\/wp-content\/uploads\/2025\/04\/Electrosuisse_Logo_696x696.png","contentUrl":"https:\/\/www.electrosuisse.ch\/wp-content\/uploads\/2025\/04\/Electrosuisse_Logo_696x696.png","width":696,"height":696,"caption":"Electrosuisse"},"image":{"@id":"https:\/\/www.electrosuisse.ch\/it\/#\/schema\/logo\/image\/"},"sameAs":["https:\/\/www.linkedin.com\/company\/electrosuisse-ag\/posts\/?feedView=all","https:\/\/www.instagram.com\/electrosuisse1889\/","https:\/\/www.youtube.com\/channel\/UCoOxohMiVE0Gjcdis1L09zw"],"description":"Electrosuisse ist eine anerkannte und unabh\u00e4ngige Fachorganisation, die erstklassige Dienstleistungen und Produkte in den Bereichen Inspektion, Beratung, Pr\u00fcfung, Zertifizierung, Normung und Weiterbildung anbietet. Unsere Expertise umfasst Elektrotechnik, Elektromobilit\u00e4t, Energieberatung, Geb\u00e4udeautomation und Photovoltaik in der Schweiz. Durch die Veranstaltung etablierter Branchen-Events und Fachtagungen f\u00f6rdert Electrosuisse den Wissenstransfer und den fachlichen Austausch. Im Mittelpunkt unserer T\u00e4tigkeiten steht die F\u00f6rderung der sicheren, wirtschaftlichen und umweltgerechten Anwendung der Elektrotechnik."}]}},"amp_enabled":true,"_links":{"self":[{"href":"https:\/\/www.electrosuisse.ch\/it\/wp-json\/wp\/v2\/pages\/4149","targetHints":{"allow":["GET"]}}],"collection":[{"href":"https:\/\/www.electrosuisse.ch\/it\/wp-json\/wp\/v2\/pages"}],"about":[{"href":"https:\/\/www.electrosuisse.ch\/it\/wp-json\/wp\/v2\/types\/page"}],"author":[{"embeddable":true,"href":"https:\/\/www.electrosuisse.ch\/it\/wp-json\/wp\/v2\/users\/2"}],"replies":[{"embeddable":true,"href":"https:\/\/www.electrosuisse.ch\/it\/wp-json\/wp\/v2\/comments?post=4149"}],"version-history":[{"count":16,"href":"https:\/\/www.electrosuisse.ch\/it\/wp-json\/wp\/v2\/pages\/4149\/revisions"}],"predecessor-version":[{"id":41268,"href":"https:\/\/www.electrosuisse.ch\/it\/wp-json\/wp\/v2\/pages\/4149\/revisions\/41268"}],"up":[{"embeddable":true,"href":"https:\/\/www.electrosuisse.ch\/it\/wp-json\/wp\/v2\/pages\/4118"}],"wp:attachment":[{"href":"https:\/\/www.electrosuisse.ch\/it\/wp-json\/wp\/v2\/media?parent=4149"}],"curies":[{"name":"wp","href":"https:\/\/api.w.org\/{rel}","templated":true}]}}