{"id":4131,"date":"2018-06-24T11:08:54","date_gmt":"2018-06-24T09:08:54","guid":{"rendered":"https:\/\/www.electrosuisse.ch\/inspektion-engineering\/analyse\/prozess-und-verbraucheranalyse\/"},"modified":"2026-03-23T15:57:10","modified_gmt":"2026-03-23T14:57:10","slug":"analisi-dei-processi-e-dei-consumi","status":"publish","type":"page","link":"https:\/\/www.electrosuisse.ch\/it\/engineering\/analisi-dei-processi-e-dei-consumi\/","title":{"rendered":"Accordo sugli obiettivi per i grandi consumatori di energia"},"content":{"rendered":"<div class=\"wpb-content-wrapper\"><p>[vc_row][vc_column][vc_column_text]Electrosuisse vi assiste nella stesura dell&#8217;accordo sugli obiettivi tra la vostra azienda e la Confederazione. Il rispetto dell&#8217;accordo sugli obiettivi porta a un aumento dell&#8217;efficienza energetica e a una riduzione delle emissioni di CO<sub>2<\/sub> e consente alle aziende industriali e di servizi di esentarsi dalla tassa sul CO<sub>2<\/sub> e\/o di richiedere il rimborso del supplemento rete (RSR).[\/vc_column_text][vc_column_text css=&#8221;&#8221;]I nostri ingegneri sono accreditati dall&#8217;<a href=\"https:\/\/www.zv-energie.admin.ch\/it\/\">Ufficio federale dell&#8217;energia (UFE)<\/a> e dall&#8217;Ufficio federale dell&#8217;ambiente (UFAM) per la preparazione degli accordi sugli obiettivi per i grandi consumatori. Vi forniamo un supporto completo nella stesura e nell&#8217;implementazione del vostro prossimo accordo sugli obiettivi. Aumentate con noi l&#8217;efficienza energetica della vostra azienda in modo sostenibile e documentabile e soddisfate i requisiti di legge.[\/vc_column_text][vc_column_text]<strong>Siamo affiliati all&#8217;agenzia <a href=\"https:\/\/act-schweiz.ch\/offerta\/gli-accordi-sugli-obiettivi-di-act\/?lang=it\">Cleantech Svizzera.<\/a><\/strong>[\/vc_column_text][vc_column_text]Quando implementate misure di miglioramento dell&#8217;efficienza nella vostra azienda, potete usufruire di ulteriori sovvenzioni da parte della Confederazione, del Cantone e di fondazioni. Verifichiamo le opzioni di sovvenzione disponibili e richiediamo le sovvenzioni che fanno al caso vostro.[\/vc_column_text][\/vc_column][\/vc_row][vc_row el_id=&#8221;kontakt&#8221;][vc_column][vc_column_text]<\/p>\n<h2>Contatto<\/h2>\n<p>[\/vc_column_text]<div class=\"wpb_contact_column wpb_content_element wpb_contact_column--container\"><div class=\"wpb_wrapper\"><div class=\"contact_container_outer\"><div class=\"contact_container\"><div class=\"contact row middle-xs\"><div class=\"contact__img col-sm-5 col-xs-12\"><img decoding=\"async\" src=\"https:\/\/www.electrosuisse.ch\/wp-content\/uploads\/2024\/08\/StefanBaer_302x302.png\" alt=\"Stefan B\u00e4r - Responsabile del team Ingegneria Est\" \/><\/div><div class=\"contact__info col-sm-7 col-xs-12\"><p><b>Stefan B\u00e4r<\/b><br>Responsabile del team Ingegneria Est<\/p><div class=\"phone has-link\"><a href=\"tel:+41585951571\">+41 58 595 15 71<\/a><\/div><div class=\"mail has-link\"><a href=\"mailto:&#115;&#x74;&#x65;&#102;&#x61;&#x6e;&#46;&#x62;&#x61;e&#114;&#x40;e&#108;&#x65;c&#116;&#x72;o&#115;&#x75;i&#115;&#x73;&#x65;&#46;&#x63;&#x68;\">&#x73;&#x74;&#x65;&#x66;&#x61;&#x6e;&#x2e;&#x62;&#x61;&#x65;&#x72;&#64;&#101;&#108;&#101;&#99;&#116;&#114;osuiss&#x65;&#x2e;&#x63;&#x68;<\/a><\/div><\/div><\/div><\/div><\/div><div class=\"contact_container_outer\"><div class=\"contact_container\"><div class=\"contact row middle-xs\"><div class=\"contact__img col-sm-5 col-xs-12\"><img decoding=\"async\" src=\"https:\/\/www.electrosuisse.ch\/wp-content\/uploads\/2025\/09\/Felix-Bigler_320x320.png\" alt=\"Felix Bigler - Responsabile del team Ingegneria Ovest\" \/><\/div><div class=\"contact__info col-sm-7 col-xs-12\"><p><b>Felix Bigler<\/b><br>Responsabile del team Ingegneria Ovest<\/p><div class=\"phone has-link\"><a href=\"tel:+41585951575\">+41 58 595 15 75<\/a><\/div><div class=\"mail has-link\"><a href=\"mailto:f&#101;&#108;&#x69;&#x78;&#46;&#98;&#105;&#x67;&#x6c;&#x65;r&#64;&#101;&#x6c;&#x65;ct&#114;&#x6f;&#x73;&#x75;i&#115;&#115;&#x65;&#x2e;ch\">&#x66;&#101;&#x6c;&#x69;&#120;&#x2e;&#x62;&#105;&#x67;&#x6c;&#101;&#x72;&#x40;e&#x6c;&#x65;c&#x74;&#114;o&#x73;&#117;i&#x73;&#115;e&#x2e;&#99;h<\/a><\/div><\/div><\/div><\/div><\/div><div class=\"contact_container_outer\"><div class=\"contact_container\"><div class=\"contact row middle-xs\"><div class=\"contact__img col-sm-5 col-xs-12\"><img decoding=\"async\" src=\"https:\/\/www.electrosuisse.ch\/wp-content\/uploads\/2025\/07\/MarkWunderlich_3202x320.png\" alt=\"Mark Wunderlich - Responsabile di progetto\" \/><\/div><div class=\"contact__info col-sm-7 col-xs-12\"><p><b>Mark Wunderlich<\/b><br>Responsabile di progetto<\/p><div class=\"phone has-link\"><a href=\"tel:+41585951565\">+41 58 595 15 65<\/a><\/div><div class=\"mail has-link\"><a href=\"mailto:&#x6d;&#97;&#x72;&#x6b;&#46;&#x77;&#117;n&#x64;&#101;r&#x6c;&#105;&#x63;&#x68;&#64;&#x65;&#108;e&#x63;&#116;r&#x6f;&#115;&#x75;&#x69;&#115;&#x73;&#x65;&#46;&#x63;&#104;\">mark.wunderlich@<br>electrosuisse.ch<\/a><\/div><\/div><\/div><\/div><\/div><div class=\"contact_container_outer\"><div class=\"contact_container\"><div class=\"contact row middle-xs\"><div class=\"contact__img col-sm-5 col-xs-12\"><img decoding=\"async\" src=\"\/wp-content\/themes\/SCHMUCKI_child\/img\/contact_placeholder.jpg\" alt=\"Consulenza, ispezione, engineering \" \/><\/div><div class=\"contact__info col-sm-7 col-xs-12\"><p><b>Consulenza, ispezione, engineering <\/b><br>Servizio interno<\/p><div class=\"phone has-link\"><a href=\"tel:+41585951199\">+41 58 595 11 99<\/a><\/div><div class=\"mail has-link\"><a href=\"mailto:&#x62;&#101;&#x72;&#x61;&#116;&#x75;&#110;g&#x40;&#101;l&#x65;&#99;t&#x72;&#111;s&#x75;&#105;&#x73;&#x73;&#101;&#x2e;&#x63;&#104;\">&#x62;&#x65;&#x72;&#x61;&#116;&#117;ng&#64;&#x65;&#x6c;&#x65;&#x63;&#116;&#114;osu&#x69;&#x73;&#x73;&#x65;&#46;&#99;&#104;<\/a><\/div><\/div><\/div><\/div><\/div><\/div><\/div>[\/vc_column][\/vc_row]<\/p>\n<\/div>","protected":false},"excerpt":{"rendered":"<p>[vc_row][vc_column][vc_column_text]Electrosuisse vi assiste nella stesura dell&#8217;accordo sugli obiettivi tra la vostra azienda e la Confederazione. Il rispetto dell&#8217;accordo sugli obiettivi porta a un aumento dell&#8217;efficienza energetica e a una riduzione delle emissioni di CO2 e consente alle aziende industriali e di servizi di esentarsi dalla tassa sul CO2 e\/o di richiedere il rimborso del supplemento [&hellip;]<\/p>\n","protected":false},"author":2,"featured_media":0,"parent":4118,"menu_order":249,"comment_status":"closed","ping_status":"closed","template":"","meta":{"_acf_changed":false,"_monsterinsights_skip_tracking":false,"_monsterinsights_sitenote_active":false,"_monsterinsights_sitenote_note":"","_monsterinsights_sitenote_category":0,"footnotes":""},"class_list":["post-4131","page","type-page","status-publish","hentry"],"acf":[],"yoast_head":"<!-- This site is optimized with the Yoast SEO Premium plugin v26.4 (Yoast SEO v27.0) - https:\/\/yoast.com\/product\/yoast-seo-premium-wordpress\/ -->\n<title>Accordo sugli obiettivi per i grandi consumatori di energia - Electrosuisse<\/title>\n<meta name=\"description\" content=\"Electrosuisse vi assiste nella stesura dell&#039;accordo sugli obiettivi tra la vostra azienda e la Confederazione.\" \/>\n<meta name=\"robots\" content=\"index, follow, max-snippet:-1, max-image-preview:large, max-video-preview:-1\" \/>\n<link rel=\"canonical\" href=\"https:\/\/www.electrosuisse.ch\/it\/engineering\/analisi-dei-processi-e-dei-consumi\/\" \/>\n<meta property=\"og:locale\" content=\"it_IT\" \/>\n<meta property=\"og:type\" content=\"article\" \/>\n<meta property=\"og:title\" content=\"Accordo sugli obiettivi per i grandi consumatori di energia - Electrosuisse\" \/>\n<meta property=\"og:description\" content=\"Electrosuisse vi assiste nella stesura dell&#039;accordo sugli obiettivi tra la vostra azienda e la Confederazione.\" \/>\n<meta property=\"og:url\" content=\"https:\/\/www.electrosuisse.ch\/it\/engineering\/analisi-dei-processi-e-dei-consumi\/\" \/>\n<meta property=\"og:site_name\" content=\"Electrosuisse\" \/>\n<meta property=\"article:modified_time\" content=\"2026-03-23T14:57:10+00:00\" \/>\n<meta property=\"og:image\" content=\"https:\/\/www.electrosuisse.ch\/wp-content\/uploads\/2019\/05\/Electrosuisse_Prozessanalyse_Verbrauchsanalyse.jpg\" \/>\n\t<meta property=\"og:image:width\" content=\"1578\" \/>\n\t<meta property=\"og:image:height\" content=\"650\" \/>\n\t<meta property=\"og:image:type\" content=\"image\/jpeg\" \/>\n<script type=\"application\/ld+json\" class=\"yoast-schema-graph\">{\"@context\":\"https:\/\/schema.org\",\"@graph\":[{\"@type\":\"WebPage\",\"@id\":\"https:\/\/www.electrosuisse.ch\/it\/engineering\/analisi-dei-processi-e-dei-consumi\/\",\"url\":\"https:\/\/www.electrosuisse.ch\/it\/engineering\/analisi-dei-processi-e-dei-consumi\/\",\"name\":\"Accordo sugli obiettivi per i grandi consumatori di energia - Electrosuisse\",\"isPartOf\":{\"@id\":\"https:\/\/www.electrosuisse.ch\/it\/#website\"},\"datePublished\":\"2018-06-24T09:08:54+00:00\",\"dateModified\":\"2026-03-23T14:57:10+00:00\",\"description\":\"Electrosuisse vi assiste nella stesura dell'accordo sugli obiettivi tra la vostra azienda e la Confederazione.\",\"breadcrumb\":{\"@id\":\"https:\/\/www.electrosuisse.ch\/it\/engineering\/analisi-dei-processi-e-dei-consumi\/#breadcrumb\"},\"inLanguage\":\"it-IT\",\"potentialAction\":[{\"@type\":\"ReadAction\",\"target\":[\"https:\/\/www.electrosuisse.ch\/it\/engineering\/analisi-dei-processi-e-dei-consumi\/\"]}]},{\"@type\":\"BreadcrumbList\",\"@id\":\"https:\/\/www.electrosuisse.ch\/it\/engineering\/analisi-dei-processi-e-dei-consumi\/#breadcrumb\",\"itemListElement\":[{\"@type\":\"ListItem\",\"position\":1,\"name\":\"Engineering\",\"item\":\"https:\/\/www.electrosuisse.ch\/it\/engineering\/\"},{\"@type\":\"ListItem\",\"position\":2,\"name\":\"Accordo sugli obiettivi per i grandi consumatori di energia\"}]},{\"@type\":\"WebSite\",\"@id\":\"https:\/\/www.electrosuisse.ch\/it\/#website\",\"url\":\"https:\/\/www.electrosuisse.ch\/it\/\",\"name\":\"Electrosuisse\",\"description\":\"\",\"publisher\":{\"@id\":\"https:\/\/www.electrosuisse.ch\/it\/#organization\"},\"potentialAction\":[{\"@type\":\"SearchAction\",\"target\":{\"@type\":\"EntryPoint\",\"urlTemplate\":\"https:\/\/www.electrosuisse.ch\/it\/?s={search_term_string}\"},\"query-input\":{\"@type\":\"PropertyValueSpecification\",\"valueRequired\":true,\"valueName\":\"search_term_string\"}}],\"inLanguage\":\"it-IT\"},{\"@type\":\"Organization\",\"@id\":\"https:\/\/www.electrosuisse.ch\/it\/#organization\",\"name\":\"Electrosuisse\",\"url\":\"https:\/\/www.electrosuisse.ch\/it\/\",\"logo\":{\"@type\":\"ImageObject\",\"inLanguage\":\"it-IT\",\"@id\":\"https:\/\/www.electrosuisse.ch\/it\/#\/schema\/logo\/image\/\",\"url\":\"https:\/\/www.electrosuisse.ch\/wp-content\/uploads\/2025\/04\/Electrosuisse_Logo_696x696.png\",\"contentUrl\":\"https:\/\/www.electrosuisse.ch\/wp-content\/uploads\/2025\/04\/Electrosuisse_Logo_696x696.png\",\"width\":696,\"height\":696,\"caption\":\"Electrosuisse\"},\"image\":{\"@id\":\"https:\/\/www.electrosuisse.ch\/it\/#\/schema\/logo\/image\/\"},\"sameAs\":[\"https:\/\/www.linkedin.com\/company\/electrosuisse-ag\/posts\/?feedView=all\",\"https:\/\/www.instagram.com\/electrosuisse1889\/\",\"https:\/\/www.youtube.com\/channel\/UCoOxohMiVE0Gjcdis1L09zw\"],\"description\":\"Electrosuisse ist eine anerkannte und unabh\u00e4ngige Fachorganisation, die erstklassige Dienstleistungen und Produkte in den Bereichen Inspektion, Beratung, Pr\u00fcfung, Zertifizierung, Normung und Weiterbildung anbietet. Unsere Expertise umfasst Elektrotechnik, Elektromobilit\u00e4t, Energieberatung, Geb\u00e4udeautomation und Photovoltaik in der Schweiz. Durch die Veranstaltung etablierter Branchen-Events und Fachtagungen f\u00f6rdert Electrosuisse den Wissenstransfer und den fachlichen Austausch. Im Mittelpunkt unserer T\u00e4tigkeiten steht die F\u00f6rderung der sicheren, wirtschaftlichen und umweltgerechten Anwendung der Elektrotechnik.\"}]}<\/script>\n<!-- \/ Yoast SEO Premium plugin. -->","yoast_head_json":{"title":"Accordo sugli obiettivi per i grandi consumatori di energia - Electrosuisse","description":"Electrosuisse vi assiste nella stesura dell'accordo sugli obiettivi tra la vostra azienda e la Confederazione.","robots":{"index":"index","follow":"follow","max-snippet":"max-snippet:-1","max-image-preview":"max-image-preview:large","max-video-preview":"max-video-preview:-1"},"canonical":"https:\/\/www.electrosuisse.ch\/it\/engineering\/analisi-dei-processi-e-dei-consumi\/","og_locale":"it_IT","og_type":"article","og_title":"Accordo sugli obiettivi per i grandi consumatori di energia - Electrosuisse","og_description":"Electrosuisse vi assiste nella stesura dell'accordo sugli obiettivi tra la vostra azienda e la Confederazione.","og_url":"https:\/\/www.electrosuisse.ch\/it\/engineering\/analisi-dei-processi-e-dei-consumi\/","og_site_name":"Electrosuisse","article_modified_time":"2026-03-23T14:57:10+00:00","og_image":[{"width":1578,"height":650,"url":"https:\/\/www.electrosuisse.ch\/wp-content\/uploads\/2019\/05\/Electrosuisse_Prozessanalyse_Verbrauchsanalyse.jpg","type":"image\/jpeg"}],"schema":{"@context":"https:\/\/schema.org","@graph":[{"@type":"WebPage","@id":"https:\/\/www.electrosuisse.ch\/it\/engineering\/analisi-dei-processi-e-dei-consumi\/","url":"https:\/\/www.electrosuisse.ch\/it\/engineering\/analisi-dei-processi-e-dei-consumi\/","name":"Accordo sugli obiettivi per i grandi consumatori di energia - Electrosuisse","isPartOf":{"@id":"https:\/\/www.electrosuisse.ch\/it\/#website"},"datePublished":"2018-06-24T09:08:54+00:00","dateModified":"2026-03-23T14:57:10+00:00","description":"Electrosuisse vi assiste nella stesura dell'accordo sugli obiettivi tra la vostra azienda e la Confederazione.","breadcrumb":{"@id":"https:\/\/www.electrosuisse.ch\/it\/engineering\/analisi-dei-processi-e-dei-consumi\/#breadcrumb"},"inLanguage":"it-IT","potentialAction":[{"@type":"ReadAction","target":["https:\/\/www.electrosuisse.ch\/it\/engineering\/analisi-dei-processi-e-dei-consumi\/"]}]},{"@type":"BreadcrumbList","@id":"https:\/\/www.electrosuisse.ch\/it\/engineering\/analisi-dei-processi-e-dei-consumi\/#breadcrumb","itemListElement":[{"@type":"ListItem","position":1,"name":"Engineering","item":"https:\/\/www.electrosuisse.ch\/it\/engineering\/"},{"@type":"ListItem","position":2,"name":"Accordo sugli obiettivi per i grandi consumatori di energia"}]},{"@type":"WebSite","@id":"https:\/\/www.electrosuisse.ch\/it\/#website","url":"https:\/\/www.electrosuisse.ch\/it\/","name":"Electrosuisse","description":"","publisher":{"@id":"https:\/\/www.electrosuisse.ch\/it\/#organization"},"potentialAction":[{"@type":"SearchAction","target":{"@type":"EntryPoint","urlTemplate":"https:\/\/www.electrosuisse.ch\/it\/?s={search_term_string}"},"query-input":{"@type":"PropertyValueSpecification","valueRequired":true,"valueName":"search_term_string"}}],"inLanguage":"it-IT"},{"@type":"Organization","@id":"https:\/\/www.electrosuisse.ch\/it\/#organization","name":"Electrosuisse","url":"https:\/\/www.electrosuisse.ch\/it\/","logo":{"@type":"ImageObject","inLanguage":"it-IT","@id":"https:\/\/www.electrosuisse.ch\/it\/#\/schema\/logo\/image\/","url":"https:\/\/www.electrosuisse.ch\/wp-content\/uploads\/2025\/04\/Electrosuisse_Logo_696x696.png","contentUrl":"https:\/\/www.electrosuisse.ch\/wp-content\/uploads\/2025\/04\/Electrosuisse_Logo_696x696.png","width":696,"height":696,"caption":"Electrosuisse"},"image":{"@id":"https:\/\/www.electrosuisse.ch\/it\/#\/schema\/logo\/image\/"},"sameAs":["https:\/\/www.linkedin.com\/company\/electrosuisse-ag\/posts\/?feedView=all","https:\/\/www.instagram.com\/electrosuisse1889\/","https:\/\/www.youtube.com\/channel\/UCoOxohMiVE0Gjcdis1L09zw"],"description":"Electrosuisse ist eine anerkannte und unabh\u00e4ngige Fachorganisation, die erstklassige Dienstleistungen und Produkte in den Bereichen Inspektion, Beratung, Pr\u00fcfung, Zertifizierung, Normung und Weiterbildung anbietet. Unsere Expertise umfasst Elektrotechnik, Elektromobilit\u00e4t, Energieberatung, Geb\u00e4udeautomation und Photovoltaik in der Schweiz. Durch die Veranstaltung etablierter Branchen-Events und Fachtagungen f\u00f6rdert Electrosuisse den Wissenstransfer und den fachlichen Austausch. Im Mittelpunkt unserer T\u00e4tigkeiten steht die F\u00f6rderung der sicheren, wirtschaftlichen und umweltgerechten Anwendung der Elektrotechnik."}]}},"amp_enabled":true,"_links":{"self":[{"href":"https:\/\/www.electrosuisse.ch\/it\/wp-json\/wp\/v2\/pages\/4131","targetHints":{"allow":["GET"]}}],"collection":[{"href":"https:\/\/www.electrosuisse.ch\/it\/wp-json\/wp\/v2\/pages"}],"about":[{"href":"https:\/\/www.electrosuisse.ch\/it\/wp-json\/wp\/v2\/types\/page"}],"author":[{"embeddable":true,"href":"https:\/\/www.electrosuisse.ch\/it\/wp-json\/wp\/v2\/users\/2"}],"replies":[{"embeddable":true,"href":"https:\/\/www.electrosuisse.ch\/it\/wp-json\/wp\/v2\/comments?post=4131"}],"version-history":[{"count":10,"href":"https:\/\/www.electrosuisse.ch\/it\/wp-json\/wp\/v2\/pages\/4131\/revisions"}],"predecessor-version":[{"id":43367,"href":"https:\/\/www.electrosuisse.ch\/it\/wp-json\/wp\/v2\/pages\/4131\/revisions\/43367"}],"up":[{"embeddable":true,"href":"https:\/\/www.electrosuisse.ch\/it\/wp-json\/wp\/v2\/pages\/4118"}],"wp:attachment":[{"href":"https:\/\/www.electrosuisse.ch\/it\/wp-json\/wp\/v2\/media?parent=4131"}],"curies":[{"name":"wp","href":"https:\/\/api.w.org\/{rel}","templated":true}]}}