{"id":4128,"date":"2018-06-24T11:08:37","date_gmt":"2018-06-24T09:08:37","guid":{"rendered":"https:\/\/www.electrosuisse.ch\/inspektion-engineering\/analyse\/nichtionisierende-strahlung\/"},"modified":"2026-03-23T15:46:57","modified_gmt":"2026-03-23T14:46:57","slug":"radiazioni-non-ionizzanti","status":"publish","type":"page","link":"https:\/\/www.electrosuisse.ch\/it\/engineering\/radiazioni-non-ionizzanti\/","title":{"rendered":"Radiazioni non ionizzanti"},"content":{"rendered":"<div class=\"wpb-content-wrapper\"><p>[vc_row][vc_column][vc_column_text el_class=&#8221;lead&#8221;]In presenza di tensioni e flussi di corrente, si vengono a creare dei campi elettrici e magnetici. Siamo quotidianamente e ovunque esposti a campi elettromagnetici prodotti tecnicamente. La maggior parte di questi campi viene prodotta dall\u2019uso stesso di apparecchiature elettroniche e impianti elettrici.[\/vc_column_text]<div class=\"wpb_button_column wpb_content_element wpb_content_element--left\"><div class=\"wpb_wrapper\"><div class=\"button button--ghost\"><a href=\"https:\/\/www.admin.ch\/opc\/de\/classified-compilation\/19996141\/index.html\" target=\"_blank\" >Ordinanza sulla protezione dalle radiazioni non ionizzanti ORNI<\/a><\/div><\/div><\/div>[\/vc_column][\/vc_row][vc_row el_id=&#8221;angebot&#8221;][vc_column][vc_column_text]<\/p>\n<h3>La nostra offerta<\/h3>\n<p>Valutiamo l\u2019influsso delle radiazioni non ionizzanti nel vostro ambiente:<\/p>\n<ul>\n<li>calcoliamo in che misura l\u2019impianto in funzionamento o quello pianificato influisca sul vostro ambiente<\/li>\n<li>questi calcoli possono essere verificati tramite apposite misurazioni<\/li>\n<li>i resoconti redatti costituiscono per voi una prova attestante il rispetto delle norme previste<\/li>\n<li>oppure la necessit\u00e0 di adottare i dovuti provvedimenti nel caso in cui tali norme non possano essere rispettate<\/li>\n<\/ul>\n<p>[\/vc_column_text][\/vc_column][\/vc_row][vc_row el_id=&#8221;kontakt&#8221;][vc_column][vc_column_text]<\/p>\n<h2>Contatto<\/h2>\n<p>[\/vc_column_text]<div class=\"wpb_contact_column wpb_content_element wpb_contact_column--container\"><div class=\"wpb_wrapper\"><div class=\"contact_container_outer\"><div class=\"contact_container\"><div class=\"contact row middle-xs\"><div class=\"contact__img col-sm-5 col-xs-12\"><img decoding=\"async\" src=\"https:\/\/www.electrosuisse.ch\/wp-content\/uploads\/2024\/08\/StefanBaer_302x302.png\" alt=\"Stefan B\u00e4r - Responsabile del team Ingegneria Est\" \/><\/div><div class=\"contact__info col-sm-7 col-xs-12\"><p><b>Stefan B\u00e4r<\/b><br>Responsabile del team Ingegneria Est<\/p><div class=\"phone has-link\"><a href=\"tel:+41585951571\">+41 58 595 15 71<\/a><\/div><div class=\"mail has-link\"><a href=\"mailto:&#x73;t&#x65;&#102;&#x61;&#110;&#x2e;&#x62;a&#x65;&#114;&#x40;&#101;&#x6c;&#101;c&#x74;&#114;&#x6f;&#115;&#x75;&#105;s&#x73;&#101;&#x2e;&#99;&#x68;\">&#x73;&#x74;&#x65;&#x66;&#x61;&#110;&#46;&#98;&#97;er&#64;&#x65;&#x6c;&#x65;&#x63;&#x74;&#x72;&#111;&#115;&#117;iss&#x65;&#x2e;&#x63;&#x68;<\/a><\/div><\/div><\/div><\/div><\/div><div class=\"contact_container_outer\"><div class=\"contact_container\"><div class=\"contact row middle-xs\"><div class=\"contact__img col-sm-5 col-xs-12\"><img decoding=\"async\" src=\"https:\/\/www.electrosuisse.ch\/wp-content\/uploads\/2025\/09\/Felix-Bigler_320x320.png\" alt=\"Felix Bigler - Responsabile del team Ingegneria Ovest\" \/><\/div><div class=\"contact__info col-sm-7 col-xs-12\"><p><b>Felix Bigler<\/b><br>Responsabile del team Ingegneria Ovest<\/p><div class=\"phone has-link\"><a href=\"tel:+41585951575\">+41 58 595 15 75<\/a><\/div><div class=\"mail has-link\"><a href=\"mailto:&#x66;&#x65;&#108;ix&#x2e;&#x62;&#105;&#103;l&#x65;&#x72;&#64;&#101;l&#x65;&#x63;&#x74;&#114;os&#x75;&#x69;&#115;&#115;e&#x2e;&#x63;&#104;\">&#102;&#x65;&#108;&#x69;&#120;&#x2e;b&#x69;g&#108;&#x65;&#114;&#x40;&#101;&#x6c;e&#x63;t&#114;&#x6f;&#115;&#x75;&#105;&#x73;&#115;&#x65;&#46;&#x63;h<\/a><\/div><\/div><\/div><\/div><\/div><div class=\"contact_container_outer\"><div class=\"contact_container\"><div class=\"contact row middle-xs\"><div class=\"contact__img col-sm-5 col-xs-12\"><img decoding=\"async\" src=\"\/wp-content\/themes\/SCHMUCKI_child\/img\/contact_placeholder.jpg\" alt=\"Consulenza, ispezione, engineering \" \/><\/div><div class=\"contact__info col-sm-7 col-xs-12\"><p><b>Consulenza, ispezione, engineering <\/b><br>Servizio interno<\/p><div class=\"phone has-link\"><a href=\"tel:+41585951199\">+41 58 595 11 99<\/a><\/div><div class=\"mail has-link\"><a href=\"mailto:b&#101;&#114;&#x61;&#x74;&#x75;ng&#64;&#101;&#x6c;&#x65;&#x63;t&#114;&#111;&#115;&#x75;&#x69;&#x73;s&#101;&#46;&#x63;&#x68;\">&#x62;&#x65;&#x72;&#x61;&#x74;&#x75;&#x6e;&#x67;&#x40;&#x65;&#x6c;&#101;&#99;&#116;&#114;&#111;&#115;&#117;isse&#46;c&#x68;<\/a><\/div><\/div><\/div><\/div><\/div><\/div><\/div>[\/vc_column][\/vc_row][vc_row el_id=&#8221;hinweis&#8221;][vc_column]<div class=\"wpb_text_image_column wpb_content_element \"><div class=\"wpb_wrapper\"><div class=\"row middle-lg\"><div class=\"col-sm-6 col-xs-12\"><div class=\"picture_container\"><picture><source srcset=\"https:\/\/www.electrosuisse.ch\/wp-content\/uploads\/2019\/06\/Electrosuisse_Broschuere_Spannungsfelder_Elektromagnetische_Felder-1-585x500.jpg\"><img decoding=\"async\" src=\"https:\/\/www.electrosuisse.ch\/wp-content\/uploads\/2019\/06\/Electrosuisse_Broschuere_Spannungsfelder_Elektromagnetische_Felder-1-585x500.jpg\" alt=\"\u00abCampi tensoriali\u00bb - Campi elettromagnetici\" \/><\/picture><\/div><\/div><div class=\"col-sm-6 col-xs-12\"><h3>\u00abCampi tensoriali\u00bb - Campi elettromagnetici<\/h3><p>Laddove viene utilizzata l\u2019elettricit\u00e0, vi sono dei campi elettromagnetici\u00a0 (CEM).<\/p>\n<div class=\"button button--normal\"><a href=\"\">Scarica gli opuscoli<\/a><\/div><\/div><\/div><\/div><\/div>[\/vc_column][\/vc_row][vc_row][vc_column][vc_row_inner][vc_column_inner width=&#8221;1\/2&#8243;][vc_column_text]<\/p>\n<h4>Costruzione di cavidotti<\/h4>\n<p>La costruzione di cavidotti presuppone l\u2019autorizzazione da parte delle autorit\u00e0. Il tiraggio dei cavi ad alta tensione in un cavidotto gi\u00e0 installato \u00e8 sottoposto all\u2019obbligo d\u2019approvazione dei piani ai sensi della Legge sugli impianti elettrici (<a href=\"https:\/\/www.admin.ch\/opc\/de\/classified-compilation\/19020010\/index.html\">LIE; SR 734.0<\/a>).[\/vc_column_text]<div class=\"wpb_button_column wpb_content_element wpb_content_element--left\"><div class=\"wpb_wrapper\"><div class=\"button button--ghost\"><a href=\"https:\/\/www.bulletin.ch\/de\/news-detail\/erstellen-von-rohranlagen.html\" target=\"_blank\" >Leggi l\u2019articolo in bulletin.ch<\/a><\/div><\/div><\/div>[\/vc_column_inner][vc_column_inner width=&#8221;1\/2&#8243;][vc_column_text]<\/p>\n<h4>Corretta progettazione e cablaggio<\/h4>\n<p>La corretta progettazione e la posa dei cavi elettrici costituisce speso una sfida che va affrontata tenendo conto contemporaneamente di numerosi parametri. Non si tratta solo di capacit\u00e0 di corrente e caduta di tensione, bens\u00ec anche di effetti magnetici, distorsioni armoniche, protezione dei cavi posati e molto altro.[\/vc_column_text]<div class=\"wpb_button_column wpb_content_element wpb_content_element--left\"><div class=\"wpb_wrapper\"><div class=\"button button--ghost\"><a href=\"https:\/\/www.bulletin.ch\/de\/news-detail\/leitungen-richtig-planen-und-verlegen.html\" target=\"_blank\" >Leggi l\u2019articolo in bulletin.ch<\/a><\/div><\/div><\/div>[\/vc_column_inner][\/vc_row_inner][\/vc_column][\/vc_row][vc_row][vc_column]<div class=\"wpb_links_column wpb_content_element\"><div class=\"wpb_wrapper\"><div class=\"link\"><a href=\"https:\/\/www.bag.admin.ch\/fr\/fiches-dinformation-rni\" target=\"_blank\" >Campi elettromagnetici (CEM), UV, laser e luce<\/a><\/div><div class=\"link\"><a href=\"https:\/\/www.metas.ch\/metas\/de\/home\/dok\/rechtliches\/messempfehlung-nisv.html\" target=\"_blank\" >Misurazioni nell\u2019ambito dell\u2019Ordinanza sulla protezione dalle radiazioni non ionizzanti (ORNI)<\/a><\/div><\/div><\/div>[\/vc_column][\/vc_row]<\/p>\n<\/div>","protected":false},"excerpt":{"rendered":"<p>[vc_row][vc_column][vc_column_text el_class=&#8221;lead&#8221;]In presenza di tensioni e flussi di corrente, si vengono a creare dei campi elettrici e magnetici. Siamo quotidianamente e ovunque esposti a campi elettromagnetici prodotti tecnicamente. La maggior parte di questi campi viene prodotta dall\u2019uso stesso di apparecchiature elettroniche e impianti elettrici.[\/vc_column_text][\/vc_column][\/vc_row][vc_row el_id=&#8221;angebot&#8221;][vc_column][vc_column_text] La nostra offerta Valutiamo l\u2019influsso delle radiazioni non ionizzanti nel [&hellip;]<\/p>\n","protected":false},"author":2,"featured_media":0,"parent":4118,"menu_order":258,"comment_status":"closed","ping_status":"closed","template":"","meta":{"_acf_changed":false,"_monsterinsights_skip_tracking":false,"_monsterinsights_sitenote_active":false,"_monsterinsights_sitenote_note":"","_monsterinsights_sitenote_category":0,"footnotes":""},"class_list":["post-4128","page","type-page","status-publish","hentry"],"acf":[],"yoast_head":"<!-- This site is optimized with the Yoast SEO Premium plugin v26.4 (Yoast SEO v27.0) - https:\/\/yoast.com\/product\/yoast-seo-premium-wordpress\/ -->\n<title>Radiazioni non ionizzanti - Electrosuisse<\/title>\n<meta name=\"description\" content=\"Un\u2019analisi dei campi elettromagnetici vi consente di adottare i provvedimenti necessari alla tutela della salute di collaboratori e clienti.\" \/>\n<meta name=\"robots\" content=\"index, follow, max-snippet:-1, max-image-preview:large, max-video-preview:-1\" \/>\n<link rel=\"canonical\" href=\"https:\/\/www.electrosuisse.ch\/it\/engineering\/radiazioni-non-ionizzanti\/\" \/>\n<meta property=\"og:locale\" content=\"it_IT\" \/>\n<meta property=\"og:type\" content=\"article\" \/>\n<meta property=\"og:title\" content=\"Radiazioni non ionizzanti - Electrosuisse\" \/>\n<meta property=\"og:description\" content=\"Un\u2019analisi dei campi elettromagnetici vi consente di adottare i provvedimenti necessari alla tutela della salute di collaboratori e clienti.\" \/>\n<meta property=\"og:url\" content=\"https:\/\/www.electrosuisse.ch\/it\/engineering\/radiazioni-non-ionizzanti\/\" \/>\n<meta property=\"og:site_name\" content=\"Electrosuisse\" \/>\n<meta property=\"article:modified_time\" content=\"2026-03-23T14:46:57+00:00\" \/>\n<meta property=\"og:image\" content=\"https:\/\/www.electrosuisse.ch\/wp-content\/uploads\/2019\/05\/Electrosuisse_nichtionisierende_Strahlung_astronomy-ball-bright-39561.jpg\" \/>\n\t<meta property=\"og:image:width\" content=\"1578\" \/>\n\t<meta property=\"og:image:height\" content=\"650\" \/>\n\t<meta property=\"og:image:type\" content=\"image\/jpeg\" \/>\n<script type=\"application\/ld+json\" class=\"yoast-schema-graph\">{\"@context\":\"https:\/\/schema.org\",\"@graph\":[{\"@type\":\"WebPage\",\"@id\":\"https:\/\/www.electrosuisse.ch\/it\/engineering\/radiazioni-non-ionizzanti\/\",\"url\":\"https:\/\/www.electrosuisse.ch\/it\/engineering\/radiazioni-non-ionizzanti\/\",\"name\":\"Radiazioni non ionizzanti - Electrosuisse\",\"isPartOf\":{\"@id\":\"https:\/\/www.electrosuisse.ch\/it\/#website\"},\"datePublished\":\"2018-06-24T09:08:37+00:00\",\"dateModified\":\"2026-03-23T14:46:57+00:00\",\"description\":\"Un\u2019analisi dei campi elettromagnetici vi consente di adottare i provvedimenti necessari alla tutela della salute di collaboratori e clienti.\",\"breadcrumb\":{\"@id\":\"https:\/\/www.electrosuisse.ch\/it\/engineering\/radiazioni-non-ionizzanti\/#breadcrumb\"},\"inLanguage\":\"it-IT\",\"potentialAction\":[{\"@type\":\"ReadAction\",\"target\":[\"https:\/\/www.electrosuisse.ch\/it\/engineering\/radiazioni-non-ionizzanti\/\"]}]},{\"@type\":\"BreadcrumbList\",\"@id\":\"https:\/\/www.electrosuisse.ch\/it\/engineering\/radiazioni-non-ionizzanti\/#breadcrumb\",\"itemListElement\":[{\"@type\":\"ListItem\",\"position\":1,\"name\":\"Engineering\",\"item\":\"https:\/\/www.electrosuisse.ch\/it\/engineering\/\"},{\"@type\":\"ListItem\",\"position\":2,\"name\":\"Radiazioni non ionizzanti\"}]},{\"@type\":\"WebSite\",\"@id\":\"https:\/\/www.electrosuisse.ch\/it\/#website\",\"url\":\"https:\/\/www.electrosuisse.ch\/it\/\",\"name\":\"Electrosuisse\",\"description\":\"\",\"publisher\":{\"@id\":\"https:\/\/www.electrosuisse.ch\/it\/#organization\"},\"potentialAction\":[{\"@type\":\"SearchAction\",\"target\":{\"@type\":\"EntryPoint\",\"urlTemplate\":\"https:\/\/www.electrosuisse.ch\/it\/?s={search_term_string}\"},\"query-input\":{\"@type\":\"PropertyValueSpecification\",\"valueRequired\":true,\"valueName\":\"search_term_string\"}}],\"inLanguage\":\"it-IT\"},{\"@type\":\"Organization\",\"@id\":\"https:\/\/www.electrosuisse.ch\/it\/#organization\",\"name\":\"Electrosuisse\",\"url\":\"https:\/\/www.electrosuisse.ch\/it\/\",\"logo\":{\"@type\":\"ImageObject\",\"inLanguage\":\"it-IT\",\"@id\":\"https:\/\/www.electrosuisse.ch\/it\/#\/schema\/logo\/image\/\",\"url\":\"https:\/\/www.electrosuisse.ch\/wp-content\/uploads\/2025\/04\/Electrosuisse_Logo_696x696.png\",\"contentUrl\":\"https:\/\/www.electrosuisse.ch\/wp-content\/uploads\/2025\/04\/Electrosuisse_Logo_696x696.png\",\"width\":696,\"height\":696,\"caption\":\"Electrosuisse\"},\"image\":{\"@id\":\"https:\/\/www.electrosuisse.ch\/it\/#\/schema\/logo\/image\/\"},\"sameAs\":[\"https:\/\/www.linkedin.com\/company\/electrosuisse-ag\/posts\/?feedView=all\",\"https:\/\/www.instagram.com\/electrosuisse1889\/\",\"https:\/\/www.youtube.com\/channel\/UCoOxohMiVE0Gjcdis1L09zw\"],\"description\":\"Electrosuisse ist eine anerkannte und unabh\u00e4ngige Fachorganisation, die erstklassige Dienstleistungen und Produkte in den Bereichen Inspektion, Beratung, Pr\u00fcfung, Zertifizierung, Normung und Weiterbildung anbietet. Unsere Expertise umfasst Elektrotechnik, Elektromobilit\u00e4t, Energieberatung, Geb\u00e4udeautomation und Photovoltaik in der Schweiz. Durch die Veranstaltung etablierter Branchen-Events und Fachtagungen f\u00f6rdert Electrosuisse den Wissenstransfer und den fachlichen Austausch. Im Mittelpunkt unserer T\u00e4tigkeiten steht die F\u00f6rderung der sicheren, wirtschaftlichen und umweltgerechten Anwendung der Elektrotechnik.\"}]}<\/script>\n<!-- \/ Yoast SEO Premium plugin. -->","yoast_head_json":{"title":"Radiazioni non ionizzanti - Electrosuisse","description":"Un\u2019analisi dei campi elettromagnetici vi consente di adottare i provvedimenti necessari alla tutela della salute di collaboratori e clienti.","robots":{"index":"index","follow":"follow","max-snippet":"max-snippet:-1","max-image-preview":"max-image-preview:large","max-video-preview":"max-video-preview:-1"},"canonical":"https:\/\/www.electrosuisse.ch\/it\/engineering\/radiazioni-non-ionizzanti\/","og_locale":"it_IT","og_type":"article","og_title":"Radiazioni non ionizzanti - Electrosuisse","og_description":"Un\u2019analisi dei campi elettromagnetici vi consente di adottare i provvedimenti necessari alla tutela della salute di collaboratori e clienti.","og_url":"https:\/\/www.electrosuisse.ch\/it\/engineering\/radiazioni-non-ionizzanti\/","og_site_name":"Electrosuisse","article_modified_time":"2026-03-23T14:46:57+00:00","og_image":[{"width":1578,"height":650,"url":"https:\/\/www.electrosuisse.ch\/wp-content\/uploads\/2019\/05\/Electrosuisse_nichtionisierende_Strahlung_astronomy-ball-bright-39561.jpg","type":"image\/jpeg"}],"schema":{"@context":"https:\/\/schema.org","@graph":[{"@type":"WebPage","@id":"https:\/\/www.electrosuisse.ch\/it\/engineering\/radiazioni-non-ionizzanti\/","url":"https:\/\/www.electrosuisse.ch\/it\/engineering\/radiazioni-non-ionizzanti\/","name":"Radiazioni non ionizzanti - Electrosuisse","isPartOf":{"@id":"https:\/\/www.electrosuisse.ch\/it\/#website"},"datePublished":"2018-06-24T09:08:37+00:00","dateModified":"2026-03-23T14:46:57+00:00","description":"Un\u2019analisi dei campi elettromagnetici vi consente di adottare i provvedimenti necessari alla tutela della salute di collaboratori e clienti.","breadcrumb":{"@id":"https:\/\/www.electrosuisse.ch\/it\/engineering\/radiazioni-non-ionizzanti\/#breadcrumb"},"inLanguage":"it-IT","potentialAction":[{"@type":"ReadAction","target":["https:\/\/www.electrosuisse.ch\/it\/engineering\/radiazioni-non-ionizzanti\/"]}]},{"@type":"BreadcrumbList","@id":"https:\/\/www.electrosuisse.ch\/it\/engineering\/radiazioni-non-ionizzanti\/#breadcrumb","itemListElement":[{"@type":"ListItem","position":1,"name":"Engineering","item":"https:\/\/www.electrosuisse.ch\/it\/engineering\/"},{"@type":"ListItem","position":2,"name":"Radiazioni non ionizzanti"}]},{"@type":"WebSite","@id":"https:\/\/www.electrosuisse.ch\/it\/#website","url":"https:\/\/www.electrosuisse.ch\/it\/","name":"Electrosuisse","description":"","publisher":{"@id":"https:\/\/www.electrosuisse.ch\/it\/#organization"},"potentialAction":[{"@type":"SearchAction","target":{"@type":"EntryPoint","urlTemplate":"https:\/\/www.electrosuisse.ch\/it\/?s={search_term_string}"},"query-input":{"@type":"PropertyValueSpecification","valueRequired":true,"valueName":"search_term_string"}}],"inLanguage":"it-IT"},{"@type":"Organization","@id":"https:\/\/www.electrosuisse.ch\/it\/#organization","name":"Electrosuisse","url":"https:\/\/www.electrosuisse.ch\/it\/","logo":{"@type":"ImageObject","inLanguage":"it-IT","@id":"https:\/\/www.electrosuisse.ch\/it\/#\/schema\/logo\/image\/","url":"https:\/\/www.electrosuisse.ch\/wp-content\/uploads\/2025\/04\/Electrosuisse_Logo_696x696.png","contentUrl":"https:\/\/www.electrosuisse.ch\/wp-content\/uploads\/2025\/04\/Electrosuisse_Logo_696x696.png","width":696,"height":696,"caption":"Electrosuisse"},"image":{"@id":"https:\/\/www.electrosuisse.ch\/it\/#\/schema\/logo\/image\/"},"sameAs":["https:\/\/www.linkedin.com\/company\/electrosuisse-ag\/posts\/?feedView=all","https:\/\/www.instagram.com\/electrosuisse1889\/","https:\/\/www.youtube.com\/channel\/UCoOxohMiVE0Gjcdis1L09zw"],"description":"Electrosuisse ist eine anerkannte und unabh\u00e4ngige Fachorganisation, die erstklassige Dienstleistungen und Produkte in den Bereichen Inspektion, Beratung, Pr\u00fcfung, Zertifizierung, Normung und Weiterbildung anbietet. Unsere Expertise umfasst Elektrotechnik, Elektromobilit\u00e4t, Energieberatung, Geb\u00e4udeautomation und Photovoltaik in der Schweiz. Durch die Veranstaltung etablierter Branchen-Events und Fachtagungen f\u00f6rdert Electrosuisse den Wissenstransfer und den fachlichen Austausch. Im Mittelpunkt unserer T\u00e4tigkeiten steht die F\u00f6rderung der sicheren, wirtschaftlichen und umweltgerechten Anwendung der Elektrotechnik."}]}},"amp_enabled":true,"_links":{"self":[{"href":"https:\/\/www.electrosuisse.ch\/it\/wp-json\/wp\/v2\/pages\/4128","targetHints":{"allow":["GET"]}}],"collection":[{"href":"https:\/\/www.electrosuisse.ch\/it\/wp-json\/wp\/v2\/pages"}],"about":[{"href":"https:\/\/www.electrosuisse.ch\/it\/wp-json\/wp\/v2\/types\/page"}],"author":[{"embeddable":true,"href":"https:\/\/www.electrosuisse.ch\/it\/wp-json\/wp\/v2\/users\/2"}],"replies":[{"embeddable":true,"href":"https:\/\/www.electrosuisse.ch\/it\/wp-json\/wp\/v2\/comments?post=4128"}],"version-history":[{"count":9,"href":"https:\/\/www.electrosuisse.ch\/it\/wp-json\/wp\/v2\/pages\/4128\/revisions"}],"predecessor-version":[{"id":43363,"href":"https:\/\/www.electrosuisse.ch\/it\/wp-json\/wp\/v2\/pages\/4128\/revisions\/43363"}],"up":[{"embeddable":true,"href":"https:\/\/www.electrosuisse.ch\/it\/wp-json\/wp\/v2\/pages\/4118"}],"wp:attachment":[{"href":"https:\/\/www.electrosuisse.ch\/it\/wp-json\/wp\/v2\/media?parent=4128"}],"curies":[{"name":"wp","href":"https:\/\/api.w.org\/{rel}","templated":true}]}}