{"id":4123,"date":"2018-06-24T11:08:09","date_gmt":"2018-06-24T09:08:09","guid":{"rendered":"https:\/\/www.electrosuisse.ch\/inspektion-engineering\/analyse\/power-quality\/"},"modified":"2026-03-24T14:22:07","modified_gmt":"2026-03-24T13:22:07","slug":"power-quality","status":"publish","type":"page","link":"https:\/\/www.electrosuisse.ch\/it\/engineering\/power-quality\/","title":{"rendered":"Power Quality"},"content":{"rendered":"<div class=\"wpb-content-wrapper\"><p>[vc_row][vc_column][vc_column_text el_class=&#8221;lead&#8221;]Le apparecchiature elettroniche non devono influenzare negativamente il funzionamento di altri impianti o sistemi o pregiudicare l\u2019alimentazione di corrente durante il normale esercizio, incluse le operazioni di commutazione.[\/vc_column_text][\/vc_column][\/vc_row][vc_row el_id=&#8221;angebot&#8221;][vc_column][vc_column_text]<\/p>\n<h3>La nostra offerta<\/h3>\n<p>I nostri specialisti vi coadiuveranno nella risoluzione di tutti i problemi riguardanti la rete. Grazie a una valutazione in loco e a un\u2019eventuale misurazione sul lungo periodo analizziamo i problemi alla radice. La successiva analisi dei dati consente quindi di elaborare una soluzione personalizzata.<br \/>\nAnalisi:<\/p>\n<ul>\n<li>del fattore di potenza cos(\u03c6)<\/li>\n<li>della corrente transitoria o corrente d\u2019avviamento<\/li>\n<li>del carico asimmetrico<\/li>\n<li>delle armoniche (analisi FFT)<\/li>\n<li>delle sovratensioni e sottotensioni transienti<\/li>\n<li>delle misurazioni di corrente e tensione ad alta frequenza<\/li>\n<\/ul>\n<p>[\/vc_column_text][vc_column_text]<\/p>\n<h2>Sapete qual \u00e8 il livello di carico della vostra rete?<\/h2>\n<p>Conoscere il carico della rete e le condizioni di arresto sono premesse imprescindibili per consentire:<\/p>\n<ul>\n<li>un esatto dimensionamento degli adeguamenti di rete e delle installazioni di protezione e<\/li>\n<li>una corretta valutazione degli allacciamenti alla rete.<\/li>\n<\/ul>\n<p>[\/vc_column_text][\/vc_column][\/vc_row][vc_row el_id=&#8221;kontakt&#8221;][vc_column][vc_column_text]<\/p>\n<h4>Avete delle domande in merito ai calcoli di rete?<br \/>\nContattate i nostri esperti.<\/h4>\n<p>[\/vc_column_text]<div class=\"wpb_contact_column wpb_content_element wpb_contact_column--container\"><div class=\"wpb_wrapper\"><div class=\"contact_container_outer\"><div class=\"contact_container\"><div class=\"contact row middle-xs\"><div class=\"contact__img col-sm-5 col-xs-12\"><img decoding=\"async\" src=\"https:\/\/www.electrosuisse.ch\/wp-content\/uploads\/2024\/08\/StefanBaer_302x302.png\" alt=\"Stefan B\u00e4r - Responsabile del team Ingegneria Est\" \/><\/div><div class=\"contact__info col-sm-7 col-xs-12\"><p><b>Stefan B\u00e4r<\/b><br>Responsabile del team Ingegneria Est<\/p><div class=\"phone has-link\"><a href=\"tel:+41585951571\">+41 58 595 15 71<\/a><\/div><div class=\"mail has-link\"><a href=\"mailto:&#x73;t&#x65;&#102;&#x61;&#110;&#x2e;&#x62;a&#x65;&#114;&#x40;&#101;&#x6c;&#101;c&#x74;&#114;&#x6f;&#115;&#x75;&#105;s&#x73;&#101;&#x2e;&#99;&#x68;\">&#115;t&#101;f&#97;n&#x2e;b&#x61;e&#x72;&#64;&#x65;l&#x65;c&#x74;r&#x6f;s&#x75;i&#x73;s&#x65;&#46;&#x63;&#104;<\/a><\/div><\/div><\/div><\/div><\/div><div class=\"contact_container_outer\"><div class=\"contact_container\"><div class=\"contact row middle-xs\"><div class=\"contact__img col-sm-5 col-xs-12\"><img decoding=\"async\" src=\"https:\/\/www.electrosuisse.ch\/wp-content\/uploads\/2025\/09\/Felix-Bigler_320x320.png\" alt=\"Felix Bigler - Responsabile del team Ingegneria Ovest\" \/><\/div><div class=\"contact__info col-sm-7 col-xs-12\"><p><b>Felix Bigler<\/b><br>Responsabile del team Ingegneria Ovest<\/p><div class=\"phone has-link\"><a href=\"tel:+41585951575\">+41 58 595 15 75<\/a><\/div><div class=\"mail has-link\"><a href=\"mailto:&#102;&#x65;&#108;&#x69;x&#x2e;b&#105;&#x67;&#108;&#x65;r&#x40;e&#108;&#x65;&#99;&#x74;r&#x6f;s&#117;&#x69;&#115;&#x73;e&#x2e;c&#104;\">&#102;&#x65;l&#x69;x&#46;&#x62;&#105;&#x67;l&#101;&#x72;&#64;&#x65;l&#x65;&#x63;&#116;&#x72;o&#x73;u&#105;&#x73;&#115;&#x65;&#46;&#99;&#x68;<\/a><\/div><\/div><\/div><\/div><\/div><div class=\"contact_container_outer\"><div class=\"contact_container\"><div class=\"contact row middle-xs\"><div class=\"contact__img col-sm-5 col-xs-12\"><img decoding=\"async\" src=\"\/wp-content\/themes\/SCHMUCKI_child\/img\/contact_placeholder.jpg\" alt=\"Consulenza, ispezione, engineering \" \/><\/div><div class=\"contact__info col-sm-7 col-xs-12\"><p><b>Consulenza, ispezione, engineering <\/b><br>Servizio interno<\/p><div class=\"phone has-link\"><a href=\"tel:+41585951199\">+41 58 595 11 99<\/a><\/div><div class=\"mail has-link\"><a href=\"mailto:&#98;e&#x72;a&#x74;u&#x6e;g&#x40;&#101;&#x6c;&#101;&#x63;&#116;&#x72;&#111;s&#117;i&#x73;s&#x65;&#46;&#x63;&#104;\">&#x62;&#101;r&#x61;&#116;u&#x6e;&#103;&#64;&#x65;&#108;e&#x63;&#116;r&#x6f;&#115;u&#x69;&#115;s&#x65;&#46;c&#x68;<\/a><\/div><\/div><\/div><\/div><\/div><\/div><\/div>[\/vc_column][\/vc_row][vc_row el_id=&#8221;hinweis&#8221;][vc_column]<div class=\"wpb_text_image_column wpb_content_element \"><div class=\"wpb_wrapper\"><div class=\"row middle-lg\"><div class=\"col-sm-6 col-xs-12\"><div class=\"picture_container\"><picture><source srcset=\"https:\/\/www.electrosuisse.ch\/wp-content\/uploads\/2019\/03\/Electrosuisse_Berechnung_Taschenrechner_1598041-585x500.jpg\"><img decoding=\"async\" src=\"https:\/\/www.electrosuisse.ch\/wp-content\/uploads\/2019\/03\/Electrosuisse_Berechnung_Taschenrechner_1598041-585x500.jpg\" alt=\"Qualit\u00e0 della rete \u00abPower Quality\u00bb delle reti di installazioni a bassa tensione\" \/><\/picture><\/div><\/div><div class=\"col-sm-6 col-xs-12\"><h3>Qualit\u00e0 della rete \u00abPower Quality\u00bb delle reti di installazioni a bassa tensione<\/h3><p>Basi della serie di norme EN 61000 sull\u2019importanza della qualit\u00e0 delle reti a bassa tensione, cause delle ripercussioni sulla rete, valori limite, misurazioni e interpretazioni; provvedimenti volti ad ottimizzare la qualit\u00e0 della rete.<\/p>\n<div class=\"button button--normal\"><a href=\"https:\/\/shop.electrosuisse.ch\/de\/weiterbildung\/kurse\/\">Dettagli del corso<\/a><\/div><\/div><\/div><\/div><\/div><div class=\"wpb_text_image_column wpb_content_element \"><div class=\"wpb_wrapper\"><div class=\"row reverse middle-lg\"><div class=\"col-sm-6 col-xs-12\"><div class=\"picture_container\"><picture><source srcset=\"https:\/\/www.electrosuisse.ch\/wp-content\/uploads\/2019\/03\/Electrosuisse_Power_Quality_Trends_bulletin-1-585x500.jpg\"><img decoding=\"async\" src=\"https:\/\/www.electrosuisse.ch\/wp-content\/uploads\/2019\/03\/Electrosuisse_Power_Quality_Trends_bulletin-1-585x500.jpg\" alt=\"Tendenze nell\u2019ambito degli strumenti di misurazione della Power Quality\" \/><\/picture><\/div><\/div><div class=\"col-sm-6 col-xs-12\"><h3>Tendenze nell\u2019ambito degli strumenti di misurazione della Power Quality<\/h3><p>La qualit\u00e0 della rete risente in maniera crescente dell\u2019impiego dell\u2019elettronica di potenza che ad esempio, nel caso di inverter, produce delle isole indesiderate. Queste ultime possono causare il malfunzionamento degli apparecchi elettronici. Pertanto l\u2019applicazione della Power Quality acquista una notevole importanza. Ma quali sono gli aspetti pi\u00f9 importanti delle misurazioni dei vostri impianti?<\/p>\n<div class=\"button button--ghost\"><a href=\"https:\/\/www.bulletin.ch\/de\/news-detail\/trends-bei-power-quality-messgeraeten.html\" target=\"_blank\" rel=\"noopener\">Leggi l\u2019articolo in bulletin.ch<\/a><\/div><\/div><\/div><\/div><\/div>[\/vc_column][\/vc_row]<\/p>\n<\/div>","protected":false},"excerpt":{"rendered":"<p>[vc_row][vc_column][vc_column_text el_class=&#8221;lead&#8221;]Le apparecchiature elettroniche non devono influenzare negativamente il funzionamento di altri impianti o sistemi o pregiudicare l\u2019alimentazione di corrente durante il normale esercizio, incluse le operazioni di commutazione.[\/vc_column_text][\/vc_column][\/vc_row][vc_row el_id=&#8221;angebot&#8221;][vc_column][vc_column_text] La nostra offerta I nostri specialisti vi coadiuveranno nella risoluzione di tutti i problemi riguardanti la rete. Grazie a una valutazione in loco e a [&hellip;]<\/p>\n","protected":false},"author":2,"featured_media":0,"parent":4118,"menu_order":259,"comment_status":"closed","ping_status":"closed","template":"","meta":{"_acf_changed":false,"_monsterinsights_skip_tracking":false,"_monsterinsights_sitenote_active":false,"_monsterinsights_sitenote_note":"","_monsterinsights_sitenote_category":0,"footnotes":""},"class_list":["post-4123","page","type-page","status-publish","hentry"],"acf":[],"yoast_head":"<!-- This site is optimized with the Yoast SEO Premium plugin v26.4 (Yoast SEO v27.0) - https:\/\/yoast.com\/product\/yoast-seo-premium-wordpress\/ -->\n<title>Ottimizzare e garantire la Power Quality - Electrosuisse<\/title>\n<meta name=\"description\" content=\"Incrementare la sicurezza operativa tramite l\u2019analisi e la misurazione della qualit\u00e0 della rete.\" \/>\n<meta name=\"robots\" content=\"index, follow, max-snippet:-1, max-image-preview:large, max-video-preview:-1\" \/>\n<link rel=\"canonical\" href=\"https:\/\/www.electrosuisse.ch\/it\/engineering\/power-quality\/\" \/>\n<meta property=\"og:locale\" content=\"it_IT\" \/>\n<meta property=\"og:type\" content=\"article\" \/>\n<meta property=\"og:title\" content=\"Ottimizzare e garantire la Power Quality - Electrosuisse\" \/>\n<meta property=\"og:description\" content=\"Incrementare la sicurezza operativa tramite l\u2019analisi e la misurazione della qualit\u00e0 della rete.\" \/>\n<meta property=\"og:url\" content=\"https:\/\/www.electrosuisse.ch\/it\/engineering\/power-quality\/\" \/>\n<meta property=\"og:site_name\" content=\"Electrosuisse\" \/>\n<meta property=\"article:modified_time\" content=\"2026-03-24T13:22:07+00:00\" \/>\n<meta property=\"og:image\" content=\"https:\/\/www.electrosuisse.ch\/wp-content\/uploads\/2019\/06\/Electrosuisse_Power_Quality_Netzqualitaet_iStock-588367166_mobile.jpg\" \/>\n\t<meta property=\"og:image:width\" content=\"1578\" \/>\n\t<meta property=\"og:image:height\" content=\"650\" \/>\n\t<meta property=\"og:image:type\" content=\"image\/jpeg\" \/>\n<script type=\"application\/ld+json\" class=\"yoast-schema-graph\">{\"@context\":\"https:\/\/schema.org\",\"@graph\":[{\"@type\":\"WebPage\",\"@id\":\"https:\/\/www.electrosuisse.ch\/it\/engineering\/power-quality\/\",\"url\":\"https:\/\/www.electrosuisse.ch\/it\/engineering\/power-quality\/\",\"name\":\"Ottimizzare e garantire la Power Quality - Electrosuisse\",\"isPartOf\":{\"@id\":\"https:\/\/www.electrosuisse.ch\/it\/#website\"},\"datePublished\":\"2018-06-24T09:08:09+00:00\",\"dateModified\":\"2026-03-24T13:22:07+00:00\",\"description\":\"Incrementare la sicurezza operativa tramite l\u2019analisi e la misurazione della qualit\u00e0 della rete.\",\"breadcrumb\":{\"@id\":\"https:\/\/www.electrosuisse.ch\/it\/engineering\/power-quality\/#breadcrumb\"},\"inLanguage\":\"it-IT\",\"potentialAction\":[{\"@type\":\"ReadAction\",\"target\":[\"https:\/\/www.electrosuisse.ch\/it\/engineering\/power-quality\/\"]}]},{\"@type\":\"BreadcrumbList\",\"@id\":\"https:\/\/www.electrosuisse.ch\/it\/engineering\/power-quality\/#breadcrumb\",\"itemListElement\":[{\"@type\":\"ListItem\",\"position\":1,\"name\":\"Engineering\",\"item\":\"https:\/\/www.electrosuisse.ch\/it\/engineering\/\"},{\"@type\":\"ListItem\",\"position\":2,\"name\":\"Power Quality\"}]},{\"@type\":\"WebSite\",\"@id\":\"https:\/\/www.electrosuisse.ch\/it\/#website\",\"url\":\"https:\/\/www.electrosuisse.ch\/it\/\",\"name\":\"Electrosuisse\",\"description\":\"\",\"publisher\":{\"@id\":\"https:\/\/www.electrosuisse.ch\/it\/#organization\"},\"potentialAction\":[{\"@type\":\"SearchAction\",\"target\":{\"@type\":\"EntryPoint\",\"urlTemplate\":\"https:\/\/www.electrosuisse.ch\/it\/?s={search_term_string}\"},\"query-input\":{\"@type\":\"PropertyValueSpecification\",\"valueRequired\":true,\"valueName\":\"search_term_string\"}}],\"inLanguage\":\"it-IT\"},{\"@type\":\"Organization\",\"@id\":\"https:\/\/www.electrosuisse.ch\/it\/#organization\",\"name\":\"Electrosuisse\",\"url\":\"https:\/\/www.electrosuisse.ch\/it\/\",\"logo\":{\"@type\":\"ImageObject\",\"inLanguage\":\"it-IT\",\"@id\":\"https:\/\/www.electrosuisse.ch\/it\/#\/schema\/logo\/image\/\",\"url\":\"https:\/\/www.electrosuisse.ch\/wp-content\/uploads\/2025\/04\/Electrosuisse_Logo_696x696.png\",\"contentUrl\":\"https:\/\/www.electrosuisse.ch\/wp-content\/uploads\/2025\/04\/Electrosuisse_Logo_696x696.png\",\"width\":696,\"height\":696,\"caption\":\"Electrosuisse\"},\"image\":{\"@id\":\"https:\/\/www.electrosuisse.ch\/it\/#\/schema\/logo\/image\/\"},\"sameAs\":[\"https:\/\/www.linkedin.com\/company\/electrosuisse-ag\/posts\/?feedView=all\",\"https:\/\/www.instagram.com\/electrosuisse1889\/\",\"https:\/\/www.youtube.com\/channel\/UCoOxohMiVE0Gjcdis1L09zw\"],\"description\":\"Electrosuisse ist eine anerkannte und unabh\u00e4ngige Fachorganisation, die erstklassige Dienstleistungen und Produkte in den Bereichen Inspektion, Beratung, Pr\u00fcfung, Zertifizierung, Normung und Weiterbildung anbietet. Unsere Expertise umfasst Elektrotechnik, Elektromobilit\u00e4t, Energieberatung, Geb\u00e4udeautomation und Photovoltaik in der Schweiz. Durch die Veranstaltung etablierter Branchen-Events und Fachtagungen f\u00f6rdert Electrosuisse den Wissenstransfer und den fachlichen Austausch. Im Mittelpunkt unserer T\u00e4tigkeiten steht die F\u00f6rderung der sicheren, wirtschaftlichen und umweltgerechten Anwendung der Elektrotechnik.\"}]}<\/script>\n<!-- \/ Yoast SEO Premium plugin. -->","yoast_head_json":{"title":"Ottimizzare e garantire la Power Quality - Electrosuisse","description":"Incrementare la sicurezza operativa tramite l\u2019analisi e la misurazione della qualit\u00e0 della rete.","robots":{"index":"index","follow":"follow","max-snippet":"max-snippet:-1","max-image-preview":"max-image-preview:large","max-video-preview":"max-video-preview:-1"},"canonical":"https:\/\/www.electrosuisse.ch\/it\/engineering\/power-quality\/","og_locale":"it_IT","og_type":"article","og_title":"Ottimizzare e garantire la Power Quality - Electrosuisse","og_description":"Incrementare la sicurezza operativa tramite l\u2019analisi e la misurazione della qualit\u00e0 della rete.","og_url":"https:\/\/www.electrosuisse.ch\/it\/engineering\/power-quality\/","og_site_name":"Electrosuisse","article_modified_time":"2026-03-24T13:22:07+00:00","og_image":[{"width":1578,"height":650,"url":"https:\/\/www.electrosuisse.ch\/wp-content\/uploads\/2019\/06\/Electrosuisse_Power_Quality_Netzqualitaet_iStock-588367166_mobile.jpg","type":"image\/jpeg"}],"schema":{"@context":"https:\/\/schema.org","@graph":[{"@type":"WebPage","@id":"https:\/\/www.electrosuisse.ch\/it\/engineering\/power-quality\/","url":"https:\/\/www.electrosuisse.ch\/it\/engineering\/power-quality\/","name":"Ottimizzare e garantire la Power Quality - Electrosuisse","isPartOf":{"@id":"https:\/\/www.electrosuisse.ch\/it\/#website"},"datePublished":"2018-06-24T09:08:09+00:00","dateModified":"2026-03-24T13:22:07+00:00","description":"Incrementare la sicurezza operativa tramite l\u2019analisi e la misurazione della qualit\u00e0 della rete.","breadcrumb":{"@id":"https:\/\/www.electrosuisse.ch\/it\/engineering\/power-quality\/#breadcrumb"},"inLanguage":"it-IT","potentialAction":[{"@type":"ReadAction","target":["https:\/\/www.electrosuisse.ch\/it\/engineering\/power-quality\/"]}]},{"@type":"BreadcrumbList","@id":"https:\/\/www.electrosuisse.ch\/it\/engineering\/power-quality\/#breadcrumb","itemListElement":[{"@type":"ListItem","position":1,"name":"Engineering","item":"https:\/\/www.electrosuisse.ch\/it\/engineering\/"},{"@type":"ListItem","position":2,"name":"Power Quality"}]},{"@type":"WebSite","@id":"https:\/\/www.electrosuisse.ch\/it\/#website","url":"https:\/\/www.electrosuisse.ch\/it\/","name":"Electrosuisse","description":"","publisher":{"@id":"https:\/\/www.electrosuisse.ch\/it\/#organization"},"potentialAction":[{"@type":"SearchAction","target":{"@type":"EntryPoint","urlTemplate":"https:\/\/www.electrosuisse.ch\/it\/?s={search_term_string}"},"query-input":{"@type":"PropertyValueSpecification","valueRequired":true,"valueName":"search_term_string"}}],"inLanguage":"it-IT"},{"@type":"Organization","@id":"https:\/\/www.electrosuisse.ch\/it\/#organization","name":"Electrosuisse","url":"https:\/\/www.electrosuisse.ch\/it\/","logo":{"@type":"ImageObject","inLanguage":"it-IT","@id":"https:\/\/www.electrosuisse.ch\/it\/#\/schema\/logo\/image\/","url":"https:\/\/www.electrosuisse.ch\/wp-content\/uploads\/2025\/04\/Electrosuisse_Logo_696x696.png","contentUrl":"https:\/\/www.electrosuisse.ch\/wp-content\/uploads\/2025\/04\/Electrosuisse_Logo_696x696.png","width":696,"height":696,"caption":"Electrosuisse"},"image":{"@id":"https:\/\/www.electrosuisse.ch\/it\/#\/schema\/logo\/image\/"},"sameAs":["https:\/\/www.linkedin.com\/company\/electrosuisse-ag\/posts\/?feedView=all","https:\/\/www.instagram.com\/electrosuisse1889\/","https:\/\/www.youtube.com\/channel\/UCoOxohMiVE0Gjcdis1L09zw"],"description":"Electrosuisse ist eine anerkannte und unabh\u00e4ngige Fachorganisation, die erstklassige Dienstleistungen und Produkte in den Bereichen Inspektion, Beratung, Pr\u00fcfung, Zertifizierung, Normung und Weiterbildung anbietet. Unsere Expertise umfasst Elektrotechnik, Elektromobilit\u00e4t, Energieberatung, Geb\u00e4udeautomation und Photovoltaik in der Schweiz. Durch die Veranstaltung etablierter Branchen-Events und Fachtagungen f\u00f6rdert Electrosuisse den Wissenstransfer und den fachlichen Austausch. Im Mittelpunkt unserer T\u00e4tigkeiten steht die F\u00f6rderung der sicheren, wirtschaftlichen und umweltgerechten Anwendung der Elektrotechnik."}]}},"amp_enabled":true,"_links":{"self":[{"href":"https:\/\/www.electrosuisse.ch\/it\/wp-json\/wp\/v2\/pages\/4123","targetHints":{"allow":["GET"]}}],"collection":[{"href":"https:\/\/www.electrosuisse.ch\/it\/wp-json\/wp\/v2\/pages"}],"about":[{"href":"https:\/\/www.electrosuisse.ch\/it\/wp-json\/wp\/v2\/types\/page"}],"author":[{"embeddable":true,"href":"https:\/\/www.electrosuisse.ch\/it\/wp-json\/wp\/v2\/users\/2"}],"replies":[{"embeddable":true,"href":"https:\/\/www.electrosuisse.ch\/it\/wp-json\/wp\/v2\/comments?post=4123"}],"version-history":[{"count":8,"href":"https:\/\/www.electrosuisse.ch\/it\/wp-json\/wp\/v2\/pages\/4123\/revisions"}],"predecessor-version":[{"id":39943,"href":"https:\/\/www.electrosuisse.ch\/it\/wp-json\/wp\/v2\/pages\/4123\/revisions\/39943"}],"up":[{"embeddable":true,"href":"https:\/\/www.electrosuisse.ch\/it\/wp-json\/wp\/v2\/pages\/4118"}],"wp:attachment":[{"href":"https:\/\/www.electrosuisse.ch\/it\/wp-json\/wp\/v2\/media?parent=4123"}],"curies":[{"name":"wp","href":"https:\/\/api.w.org\/{rel}","templated":true}]}}