{"id":39593,"date":"2023-03-22T09:20:58","date_gmt":"2023-03-22T08:20:58","guid":{"rendered":"https:\/\/www.electrosuisse.ch\/media\/abonnemente\/"},"modified":"2026-04-09T13:57:20","modified_gmt":"2026-04-09T11:57:20","slug":"abonnemente","status":"publish","type":"page","link":"https:\/\/www.electrosuisse.ch\/it\/media\/abonnemente\/","title":{"rendered":"Abbonamenti"},"content":{"rendered":"<div class=\"wpb-content-wrapper\"><p>[vc_row][vc_column][vc_column_text css=&#8221;&#8221;]Acquisite competenze con un abbonamento a Electrosuisse. Le nostre offerte diversificate trasmettono molte conoscenze e vi supportano nella vostra attivit\u00e0 quotidiana e nella formazione.[\/vc_column_text][\/vc_column][\/vc_row][vc_row el_id=&#8221;bulletin&#8221;][vc_column][vc_row_inner][vc_column_inner width=&#8221;1\/2&#8243;][vc_column_text css=&#8221;&#8221;]<\/p>\n<h4>bulletin<\/h4>\n<p>[\/vc_column_text]<div class=\"wpb_text_image_column wpb_text_image_column--below wpb_content_element \"><div class=\"wpb_wrapper\"><div class=\"picture_container\"><picture><source media=\"(min-width: 769px)\" srcset=\"https:\/\/www.electrosuisse.ch\/wp-content\/uploads\/2026\/02\/Mockup-A_360x360.jpg\"><source media=\"(min-width: 415px)\" srcset=\"https:\/\/www.electrosuisse.ch\/wp-content\/uploads\/2026\/02\/Mockup-A_360x360.jpg\"><source media=\"(max-width: 414px)\" srcset=\"https:\/\/www.electrosuisse.ch\/wp-content\/uploads\/2026\/02\/Mockup-A_360x360.jpg 1x, https:\/\/www.electrosuisse.ch\/wp-content\/uploads\/2026\/02\/Mockup-A_360x360.jpg 2x\"><img decoding=\"async\" src=\"https:\/\/www.electrosuisse.ch\/wp-content\/uploads\/2026\/02\/Mockup-A_360x360.jpg\" alt=\"bulletin \u2013 Competenza specialistica in abbonamento\" \/><\/picture><\/div><p>8 numeri all&#8217;anno, temi principali:<\/p>\n<ul>\n<li>Reti energetiche<\/li>\n<li>Mobilit\u00e0<\/li>\n<li>IT per le aziende elettriche<\/li>\n<li>Energia idroelettrica<\/li>\n<li>Smart Energy<\/li>\n<li>Energie rinnovabili<\/li>\n<li>Accumulo di energia<\/li>\n<li>Il futuro dell&#8217;energia<\/li>\n<\/ul>\n<p>In versione cartacea o online su <a href=\"https:\/\/www.bulletin.ch\/\">bulletin.ch<\/a>: la rivista specializzata per il settore.<\/p>\n<\/div><\/div>[\/vc_column_inner][vc_column_inner width=&#8221;1\/2&#8243;][vc_column_text css=&#8221;&#8221;]<\/p>\n<h4>electra.ch<\/h4>\n<p>[\/vc_column_text]<div class=\"wpb_text_image_column wpb_text_image_column--below wpb_content_element \"><div class=\"wpb_wrapper\"><div class=\"picture_container\"><picture><source media=\"(min-width: 769px)\" srcset=\"https:\/\/www.electrosuisse.ch\/wp-content\/uploads\/2025\/07\/Electra-Medienuebersicht-360x360.png\"><source media=\"(min-width: 415px)\" srcset=\"https:\/\/www.electrosuisse.ch\/wp-content\/uploads\/2025\/07\/Electra-Medienuebersicht-768x768.png\"><source media=\"(max-width: 414px)\" srcset=\"https:\/\/www.electrosuisse.ch\/wp-content\/uploads\/2025\/07\/Electra-Medienuebersicht-414x414.png 1x, https:\/\/www.electrosuisse.ch\/wp-content\/uploads\/2025\/07\/Electra-Medienuebersicht-768x768.png 2x\"><img decoding=\"async\" src=\"https:\/\/www.electrosuisse.ch\/wp-content\/uploads\/2025\/07\/Electra-Medienuebersicht-360x360.png\" alt=\"electra.ch \u2013 La rivista per gli elettricisti specializzati\" \/><\/picture><\/div><p>6 numeri all&#8217;anno, temi principali:<\/p>\n<ul>\n<li>Elettrotecnica<\/li>\n<li>Mobilit\u00e0 elettrica<\/li>\n<li>Smart Home &amp; Building<\/li>\n<li>Tecnica dell&#8217;illuminazione<\/li>\n<li>Energie rinnovabili<\/li>\n<li>Sicurezza<\/li>\n<li>Formazione<\/li>\n<li>Norme<\/li>\n<\/ul>\n<p>In versione cartacea o online su <a href=\"https:\/\/www.electra.ch\/\">electra.ch<\/a>: la rivista specializzata per il settore.<\/p>\n<\/div><\/div>[\/vc_column_inner][\/vc_row_inner][\/vc_column][\/vc_row][vc_row el_id=&#8221;nin&#8221;][vc_column][vc_column_text css=&#8221;&#8221;]<\/p>\n<h3>Abbonamento NIN 2025 NIBT<\/h3>\n<p>L&#8217;abbonamento web su misura con funzione di ricerca mirata, aggiornamenti automatici e utilizzo indipendente dalla posizione.[\/vc_column_text][vc_column_text css=&#8221;&#8221;]<strong>Ordine e utilizzo<br \/>\n<\/strong>L&#8217;utilizzo dell&#8217;abbonamento online avviene sulla piattaforma web NIN. L&#8217;abbonamento pu\u00f2 essere utilizzato su diversi dispositivi (desktop, laptop, tablet, smartphone).<br \/>\nPer ogni login (= indirizzo e-mail) \u00e8 possibile ordinare e utilizzare un solo abbonamento online. Per l&#8217;utilizzo simultaneo da parte di pi\u00f9 utenti \u00e8 necessario ordinare pi\u00f9 abbonamenti.[\/vc_column_text][vc_row_inner][vc_column_inner width=&#8221;1\/3&#8243;]<div class=\"wpb_pricetable_column wpb_content_element\"><div class=\"wpb_wrapper\"><div class=\"pricetable button_animation\"><a href=\"https:\/\/shop.electrosuisse.ch\/it\/DV-NIDAL-2549.html\" target=\"_blank\" rel=\"noopener\" class=\"full\">Abbonati ora<\/a><div class=\"pricetable__header\"><div class=\"pricetable__title\">Light<\/div><div class=\"pricetable__price\"><span>CHF<\/span>140.00<\/div><div class=\"pricetable__info\"><p>Prezzo per i soci: 119.00<br \/>\n(IVA inclusa\/anno)<\/p>\n<\/div><\/div><div class=\"pricetable__content\"><div class=\"pricetable__service\"><p>NIN Online NIBT<\/p>\n<\/div><div class=\"pricetable__service\"><p>Istruzioni ESTI<\/p>\n<\/div><div class=\"pricetable__service\"><p>SNR 461439<\/p>\n<\/div><div class=\"pricetable__service\"><p>SNR 480761<\/p>\n<\/div><div class=\"pricetable__service pricetable__service--disable\"><p>NIN Multinorm<\/p>\n<\/div><div class=\"pricetable__service pricetable__service--disable\"><p>SNG 491000 Info-Abo<\/p>\n<\/div><div class=\"pricetable__service pricetable__service--disable\"><p>SN 414022<\/p>\n<\/div><div class=\"pricetable__service pricetable__service--disable\"><p>SN 414113<\/p>\n<\/div><div class=\"pricetable__service pricetable__service--disable\"><p>SNG 483755<\/p>\n<\/div><div class=\"pricetable__service pricetable__service--disable\"><p>SNG 482638<\/p>\n<\/div><div class=\"pricetable__service pricetable__service--disable\"><p>SNR 460712<\/p>\n<\/div><\/div><div class=\"button button--ghost\"><div>Abbonati ora<\/div><\/div><\/div><\/div><\/div>[\/vc_column_inner][vc_column_inner width=&#8221;1\/3&#8243;]<div class=\"wpb_pricetable_column wpb_content_element\"><div class=\"wpb_wrapper\"><div class=\"pricetable button_animation\"><a href=\"https:\/\/shop.electrosuisse.ch\/it\/DV-NIDAS-2550.html\" target=\"_blank\" rel=\"noopener\" class=\"full\">Abbonati ora<\/a><div class=\"pricetable__header\"><div class=\"pricetable__title\">Standard<\/div><div class=\"pricetable__price\"><span>CHF<\/span>330.00<\/div><div class=\"pricetable__info\"><p>Prezzo per i soci CHF 280.50<br \/>\n(IVA inclusa\/anno)<\/p>\n<\/div><\/div><div class=\"pricetable__content\"><div class=\"pricetable__service\"><p>NIN Online NIBT<\/p>\n<\/div><div class=\"pricetable__service\"><p>Istruzioni ESTI<\/p>\n<\/div><div class=\"pricetable__service\"><p>SNR 461439<\/p>\n<\/div><div class=\"pricetable__service\"><p>SNR 480761<\/p>\n<\/div><div class=\"pricetable__service\"><p>NIN Multinorm<\/p>\n<\/div><div class=\"pricetable__service\"><p>SNG 491000 Info-Abo<\/p>\n<\/div><div class=\"pricetable__service\"><p>SN 414022<\/p>\n<\/div><div class=\"pricetable__service\"><p>SN 414113<\/p>\n<\/div><div class=\"pricetable__service pricetable__service--disable\"><p>SNG 483755<\/p>\n<\/div><div class=\"pricetable__service pricetable__service--disable\"><p>SNG 482638<\/p>\n<\/div><div class=\"pricetable__service pricetable__service--disable\"><p>SNR 460712<\/p>\n<\/div><\/div><div class=\"button button--ghost\"><div>Abbonati ora<\/div><\/div><\/div><\/div><\/div>[\/vc_column_inner][vc_column_inner width=&#8221;1\/3&#8243;]<div class=\"wpb_pricetable_column wpb_content_element\"><div class=\"wpb_wrapper\"><div class=\"pricetable button_animation\"><a href=\"https:\/\/shop.electrosuisse.ch\/it\/DV-NIDAC-2548.html\" target=\"_blank\" rel=\"noopener\" class=\"full\">Abbonati ora<\/a><div class=\"pricetable__header\"><div class=\"pricetable__title\">Comfort<\/div><div class=\"pricetable__price\"><span>CHF<\/span>380.00<\/div><div class=\"pricetable__info\"><p>Prezzo per i soci CHF 323.00<br \/>\n(IVA inclusa\/anno)<\/p>\n<\/div><\/div><div class=\"pricetable__content\"><div class=\"pricetable__service\"><p>NIN Online NIBT<\/p>\n<\/div><div class=\"pricetable__service\"><p>Istruzioni ESTI<\/p>\n<\/div><div class=\"pricetable__service\"><p>SNR 461439<\/p>\n<\/div><div class=\"pricetable__service\"><p>SNR 480761<\/p>\n<\/div><div class=\"pricetable__service\"><p>NIN Multinorm<\/p>\n<\/div><div class=\"pricetable__service\"><p>SNG 491000 Info-Abo<\/p>\n<\/div><div class=\"pricetable__service\"><p>SN 414022<\/p>\n<\/div><div class=\"pricetable__service\"><p>SN 414113<\/p>\n<\/div><div class=\"pricetable__service\"><p>SNG 483755<\/p>\n<\/div><div class=\"pricetable__service\"><p>SNG 482638<\/p>\n<\/div><div class=\"pricetable__service\"><p>SNR 460712<\/p>\n<\/div><\/div><div class=\"button button--ghost\"><div>Abbonati ora<\/div><\/div><\/div><\/div><\/div>[\/vc_column_inner][\/vc_row_inner][vc_column_text css=&#8221;&#8221;]<strong>L&#8217;abbonamento \u00e8 annuale e si rinnova automaticamente se non viene disdetto entro i termini previsti.<\/strong>[\/vc_column_text][vc_column_text css=&#8221;&#8221;]Altre offerte come pacchetti (online e cartelline A4), solo cartelline A4, Compact (cartelline A5) o mappe artistiche sul tema sono disponibili nel nostro <a href=\"https:\/\/shop.electrosuisse.ch\/de\/normen-und-produkte\/produkte\/nin-produkte\/\">negozio<\/a>.[\/vc_column_text][\/vc_column][\/vc_row][vc_row disable_element=&#8221;yes&#8221; el_id=&#8221;toolbox&#8221;][vc_column][vc_column_text css=&#8221;&#8221;]<\/p>\n<h3>Abbonamento Toolbox<\/h3>\n<p>Con la Toolbox avete a disposizione diversi strumenti gratuiti e a pagamento. I singoli abbonamenti variano a seconda dell&#8217;applicazione.[\/vc_column_text][vc_column_text css=&#8221;&#8221;]<strong>Ordine e utilizzo<br \/>\n<\/strong>L&#8217;utilizzo dell&#8217;abbonamento online avviene sulla piattaforma web Toolbox. L&#8217;abbonamento pu\u00f2 essere utilizzato su diversi dispositivi (desktop, laptop, tablet, smartphone).<br \/>\nPer ogni login (= indirizzo e-mail) \u00e8 possibile ordinare e utilizzare un solo abbonamento online. Per l&#8217;utilizzo simultaneo da parte di pi\u00f9 utenti \u00e8 necessario ordinare pi\u00f9 abbonamenti.[\/vc_column_text][vc_row_inner][vc_column_inner width=&#8221;1\/3&#8243;]<div class=\"wpb_pricetable_column wpb_content_element\"><div class=\"wpb_wrapper\"><div class=\"pricetable button_animation\"><a href=\"https:\/\/shop.electrosuisse.ch\/it\/DV-TOOLBOXAP-55259.html\" target=\"_blank\" rel=\"noopener\" class=\"full\">Abbonati ora<\/a><div class=\"pricetable__header\"><div class=\"pricetable__title\">per professionisti<\/div><div class=\"pricetable__price\"><span>CHF<\/span>72.\u2014<\/div><div class=\"pricetable__info\"><p>Prezzo per i soci CHF 61.20<br \/>\n(IVA esclusa\/anno)<\/p>\n<\/div><\/div><div class=\"pricetable__content\"><div class=\"pricetable__service\"><p>Belvoto<\/p>\n<\/div><div class=\"pricetable__service\"><p>Progettazione degli impianti<\/p>\n<\/div><div class=\"pricetable__service pricetable__service--disable\"><p>E-Learning<\/p>\n<\/div><div class=\"pricetable__service pricetable__service--disable\"><p>Generatore di test<\/p>\n<\/div><div class=\"pricetable__service pricetable__service--disable\"><p>Gestione delle classi<\/p>\n<\/div><div class=\"pricetable__service\"><p>Storia di NIN<\/p>\n<\/div><div class=\"pricetable__service\"><p>Forum tecnico<\/p>\n<\/div><div class=\"pricetable__service\"><p>Dossier informativo<\/p>\n<\/div><\/div><div class=\"button button--ghost\"><div>Abbonati ora<\/div><\/div><\/div><\/div><\/div>[\/vc_column_inner][vc_column_inner width=&#8221;1\/3&#8243;][\/vc_column_inner][vc_column_inner width=&#8221;1\/3&#8243;][\/vc_column_inner][\/vc_row_inner][vc_column_text css=&#8221;&#8221;]<strong>L&#8217;abbonamento \u00e8 annuale e si rinnova automaticamente se non viene disdetto entro i termini previsti.<\/strong>[\/vc_column_text][\/vc_column][\/vc_row][vc_row el_id=&#8221;sng&#8221;][vc_column][vc_column_text css=&#8221;&#8221;]<\/p>\n<h3>SNG 49100 Abbonamento<\/h3>\n<p>La SNG 491000 contiene spiegazioni ed esempi pratici. Le decisioni e le disposizioni degli organismi tecnici e delle autorit\u00e0 competenti sono illustrate in modo comprensibile.[\/vc_column_text]<div class=\"wpb_text_image_column wpb_text_image_column--below wpb_content_element \"><div class=\"wpb_wrapper\"><div class=\"picture_container\"><picture><source media=\"(min-width: 769px)\" srcset=\"https:\/\/www.electrosuisse.ch\/wp-content\/uploads\/2023\/03\/WB-SNG491000OL_L_1-360x361.jpg\"><source media=\"(min-width: 415px)\" srcset=\"https:\/\/www.electrosuisse.ch\/wp-content\/uploads\/2023\/03\/WB-SNG491000OL_L_1-768x768.jpg\"><source media=\"(max-width: 414px)\" srcset=\"https:\/\/www.electrosuisse.ch\/wp-content\/uploads\/2023\/03\/WB-SNG491000OL_L_1-414x415.jpg 1x, https:\/\/www.electrosuisse.ch\/wp-content\/uploads\/2023\/03\/WB-SNG491000OL_L_1-768x768.jpg 2x\"><img decoding=\"async\" src=\"https:\/\/www.electrosuisse.ch\/wp-content\/uploads\/2023\/03\/WB-SNG491000OL_L_1-360x361.jpg\" alt=\"SNG 49100\" \/><\/picture><\/div>\n<ul>\n<li>Tutti i documenti validi scaricabili in formato PDF<\/li>\n<li>Aggiornamenti e novit\u00e0 tre volte all&#8217;anno<\/li>\n<li>Con login e password potete accedere al portale clienti <a href=\"https:\/\/my.electrosuisse.ch\/de\/login.htm\">myElectrosuisse<\/a><\/li>\n<li>accesso diretto a tutte le informazioni<\/li>\n<\/ul>\n<p>\n<\/div><\/div><div class=\"wpb_button_column wpb_content_element wpb_content_element--left\"><div class=\"wpb_wrapper\"><div class=\"button button--normal\"><a href=\"https:\/\/shop.electrosuisse.ch\/de\/WB-SNG491000OL-205.html\" target=\"_blank\" >Abbonati ora<\/a><\/div><\/div><\/div>[vc_column_text css=&#8221;&#8221;]<strong>L&#8217;abbonamento \u00e8 annuale e si rinnova automaticamente se non viene disdetto entro i termini previsti.<\/strong>[\/vc_column_text]<div class=\"wpb_gap_column wpb_content_element\"><div class=\"wpb_wrapper\"><div class=\"gap gap--small\"><\/div><\/div><\/div>[vc_column_text]<\/p>\n<h3>SNG 491000 Abo Update<\/h3>\n<p>[\/vc_column_text]<div class=\"wpb_text_image_column wpb_text_image_column--below wpb_content_element \"><div class=\"wpb_wrapper\"><div class=\"picture_container\"><picture><source media=\"(min-width: 769px)\" srcset=\"https:\/\/www.electrosuisse.ch\/wp-content\/uploads\/2023\/06\/WB-SNG491000PD_L_1-1-360x466.jpg\"><source media=\"(min-width: 415px)\" srcset=\"https:\/\/www.electrosuisse.ch\/wp-content\/uploads\/2023\/06\/WB-SNG491000PD_L_1-1-594x768.jpg\"><source media=\"(max-width: 414px)\" srcset=\"https:\/\/www.electrosuisse.ch\/wp-content\/uploads\/2023\/06\/WB-SNG491000PD_L_1-1-414x535.jpg 1x, https:\/\/www.electrosuisse.ch\/wp-content\/uploads\/2023\/06\/WB-SNG491000PD_L_1-1-594x768.jpg 2x\"><img decoding=\"async\" src=\"https:\/\/www.electrosuisse.ch\/wp-content\/uploads\/2023\/06\/WB-SNG491000PD_L_1-1-360x466.jpg\" alt=\"SNG 491000 Abo Update\" \/><\/picture><\/div><p>A completamento del raccoglitore A4.<\/p>\n<p>Rimanete sempre aggiornati con il nostro servizio di consegna stampata in caso di aggiornamenti della norma SNG 491000.<\/p>\n<\/div><\/div><div class=\"wpb_button_column wpb_content_element wpb_content_element--left\"><div class=\"wpb_wrapper\"><div class=\"button button--normal\"><a href=\"https:\/\/shop.electrosuisse.ch\/it\/SNG-491000-210.html\" target=\"_blank\" >Abbonati ora<\/a><\/div><\/div><\/div>[vc_column_text css=&#8221;&#8221;]<strong>L&#8217;abbonamento \u00e8 annuale e si rinnova automaticamente se non viene disdetto entro i termini previsti.<\/strong>[\/vc_column_text][vc_column_text css=&#8221;&#8221;]Altre offerte relative a questo argomento sono disponibili nel nostro <a href=\"https:\/\/shop.electrosuisse.ch\/de\/normen-und-produkte\/produkte\/sng-491000\/\">negozio online<\/a>.[\/vc_column_text][\/vc_column][\/vc_row]<\/p>\n<\/div>","protected":false},"excerpt":{"rendered":"<p>[vc_row][vc_column][vc_column_text css=&#8221;&#8221;]Acquisite competenze con un abbonamento a Electrosuisse. Le nostre offerte diversificate trasmettono molte conoscenze e vi supportano nella vostra attivit\u00e0 quotidiana e nella formazione.[\/vc_column_text][\/vc_column][\/vc_row][vc_row el_id=&#8221;bulletin&#8221;][vc_column][vc_row_inner][vc_column_inner width=&#8221;1\/2&#8243;][vc_column_text css=&#8221;&#8221;] bulletin [\/vc_column_text][\/vc_column_inner][vc_column_inner width=&#8221;1\/2&#8243;][vc_column_text css=&#8221;&#8221;] electra.ch [\/vc_column_text][\/vc_column_inner][\/vc_row_inner][\/vc_column][\/vc_row][vc_row el_id=&#8221;nin&#8221;][vc_column][vc_column_text css=&#8221;&#8221;] Abbonamento NIN 2025 NIBT L&#8217;abbonamento web su misura con funzione di ricerca mirata, aggiornamenti automatici e utilizzo indipendente dalla [&hellip;]<\/p>\n","protected":false},"author":6,"featured_media":0,"parent":3809,"menu_order":63,"comment_status":"closed","ping_status":"closed","template":"","meta":{"_acf_changed":false,"_monsterinsights_skip_tracking":false,"_monsterinsights_sitenote_active":false,"_monsterinsights_sitenote_note":"","_monsterinsights_sitenote_category":0,"footnotes":""},"class_list":["post-39593","page","type-page","status-publish","hentry"],"acf":[],"yoast_head":"<!-- This site is optimized with the Yoast SEO Premium plugin v26.4 (Yoast SEO v27.0) - https:\/\/yoast.com\/product\/yoast-seo-premium-wordpress\/ -->\n<title>Abbonamenti - Electrosuisse<\/title>\n<meta name=\"description\" content=\"I nostri abbonamenti diversificati forniscono molte informazioni utili e vi supportano nella vostra attivit\u00e0 quotidiana e nella formazione.\" \/>\n<meta name=\"robots\" content=\"index, follow, max-snippet:-1, max-image-preview:large, max-video-preview:-1\" \/>\n<link rel=\"canonical\" href=\"https:\/\/www.electrosuisse.ch\/it\/media\/abonnemente\/\" \/>\n<meta property=\"og:locale\" content=\"it_IT\" \/>\n<meta property=\"og:type\" content=\"article\" \/>\n<meta property=\"og:title\" content=\"Abbonamenti - Electrosuisse\" \/>\n<meta property=\"og:description\" content=\"I nostri abbonamenti diversificati forniscono molte informazioni utili e vi supportano nella vostra attivit\u00e0 quotidiana e nella formazione.\" \/>\n<meta property=\"og:url\" content=\"https:\/\/www.electrosuisse.ch\/it\/media\/abonnemente\/\" \/>\n<meta property=\"og:site_name\" content=\"Electrosuisse\" \/>\n<meta property=\"article:modified_time\" content=\"2026-04-09T11:57:20+00:00\" \/>\n<meta property=\"og:image\" content=\"https:\/\/www.electrosuisse.ch\/wp-content\/uploads\/2026\/02\/Abonnemente_Uebersicht_2026_1660x470-1.jpg\" \/>\n\t<meta property=\"og:image:width\" content=\"1578\" \/>\n\t<meta property=\"og:image:height\" content=\"650\" \/>\n\t<meta property=\"og:image:type\" content=\"image\/jpeg\" \/>\n<script type=\"application\/ld+json\" class=\"yoast-schema-graph\">{\"@context\":\"https:\/\/schema.org\",\"@graph\":[{\"@type\":\"WebPage\",\"@id\":\"https:\/\/www.electrosuisse.ch\/it\/media\/abonnemente\/\",\"url\":\"https:\/\/www.electrosuisse.ch\/it\/media\/abonnemente\/\",\"name\":\"Abbonamenti - Electrosuisse\",\"isPartOf\":{\"@id\":\"https:\/\/www.electrosuisse.ch\/it\/#website\"},\"datePublished\":\"2023-03-22T08:20:58+00:00\",\"dateModified\":\"2026-04-09T11:57:20+00:00\",\"description\":\"I nostri abbonamenti diversificati forniscono molte informazioni utili e vi supportano nella vostra attivit\u00e0 quotidiana e nella formazione.\",\"breadcrumb\":{\"@id\":\"https:\/\/www.electrosuisse.ch\/it\/media\/abonnemente\/#breadcrumb\"},\"inLanguage\":\"it-IT\",\"potentialAction\":[{\"@type\":\"ReadAction\",\"target\":[\"https:\/\/www.electrosuisse.ch\/it\/media\/abonnemente\/\"]}]},{\"@type\":\"BreadcrumbList\",\"@id\":\"https:\/\/www.electrosuisse.ch\/it\/media\/abonnemente\/#breadcrumb\",\"itemListElement\":[{\"@type\":\"ListItem\",\"position\":1,\"name\":\"Media\",\"item\":\"https:\/\/www.electrosuisse.ch\/it\/media\/\"},{\"@type\":\"ListItem\",\"position\":2,\"name\":\"Abbonamenti\"}]},{\"@type\":\"WebSite\",\"@id\":\"https:\/\/www.electrosuisse.ch\/it\/#website\",\"url\":\"https:\/\/www.electrosuisse.ch\/it\/\",\"name\":\"Electrosuisse\",\"description\":\"\",\"publisher\":{\"@id\":\"https:\/\/www.electrosuisse.ch\/it\/#organization\"},\"potentialAction\":[{\"@type\":\"SearchAction\",\"target\":{\"@type\":\"EntryPoint\",\"urlTemplate\":\"https:\/\/www.electrosuisse.ch\/it\/?s={search_term_string}\"},\"query-input\":{\"@type\":\"PropertyValueSpecification\",\"valueRequired\":true,\"valueName\":\"search_term_string\"}}],\"inLanguage\":\"it-IT\"},{\"@type\":\"Organization\",\"@id\":\"https:\/\/www.electrosuisse.ch\/it\/#organization\",\"name\":\"Electrosuisse\",\"url\":\"https:\/\/www.electrosuisse.ch\/it\/\",\"logo\":{\"@type\":\"ImageObject\",\"inLanguage\":\"it-IT\",\"@id\":\"https:\/\/www.electrosuisse.ch\/it\/#\/schema\/logo\/image\/\",\"url\":\"https:\/\/www.electrosuisse.ch\/wp-content\/uploads\/2025\/04\/Electrosuisse_Logo_696x696.png\",\"contentUrl\":\"https:\/\/www.electrosuisse.ch\/wp-content\/uploads\/2025\/04\/Electrosuisse_Logo_696x696.png\",\"width\":696,\"height\":696,\"caption\":\"Electrosuisse\"},\"image\":{\"@id\":\"https:\/\/www.electrosuisse.ch\/it\/#\/schema\/logo\/image\/\"},\"sameAs\":[\"https:\/\/www.linkedin.com\/company\/electrosuisse-ag\/posts\/?feedView=all\",\"https:\/\/www.instagram.com\/electrosuisse1889\/\",\"https:\/\/www.youtube.com\/channel\/UCoOxohMiVE0Gjcdis1L09zw\"],\"description\":\"Electrosuisse ist eine anerkannte und unabh\u00e4ngige Fachorganisation, die erstklassige Dienstleistungen und Produkte in den Bereichen Inspektion, Beratung, Pr\u00fcfung, Zertifizierung, Normung und Weiterbildung anbietet. Unsere Expertise umfasst Elektrotechnik, Elektromobilit\u00e4t, Energieberatung, Geb\u00e4udeautomation und Photovoltaik in der Schweiz. Durch die Veranstaltung etablierter Branchen-Events und Fachtagungen f\u00f6rdert Electrosuisse den Wissenstransfer und den fachlichen Austausch. Im Mittelpunkt unserer T\u00e4tigkeiten steht die F\u00f6rderung der sicheren, wirtschaftlichen und umweltgerechten Anwendung der Elektrotechnik.\"}]}<\/script>\n<!-- \/ Yoast SEO Premium plugin. -->","yoast_head_json":{"title":"Abbonamenti - Electrosuisse","description":"I nostri abbonamenti diversificati forniscono molte informazioni utili e vi supportano nella vostra attivit\u00e0 quotidiana e nella formazione.","robots":{"index":"index","follow":"follow","max-snippet":"max-snippet:-1","max-image-preview":"max-image-preview:large","max-video-preview":"max-video-preview:-1"},"canonical":"https:\/\/www.electrosuisse.ch\/it\/media\/abonnemente\/","og_locale":"it_IT","og_type":"article","og_title":"Abbonamenti - Electrosuisse","og_description":"I nostri abbonamenti diversificati forniscono molte informazioni utili e vi supportano nella vostra attivit\u00e0 quotidiana e nella formazione.","og_url":"https:\/\/www.electrosuisse.ch\/it\/media\/abonnemente\/","og_site_name":"Electrosuisse","article_modified_time":"2026-04-09T11:57:20+00:00","og_image":[{"width":1578,"height":650,"url":"https:\/\/www.electrosuisse.ch\/wp-content\/uploads\/2026\/02\/Abonnemente_Uebersicht_2026_1660x470-1.jpg","type":"image\/jpeg"}],"schema":{"@context":"https:\/\/schema.org","@graph":[{"@type":"WebPage","@id":"https:\/\/www.electrosuisse.ch\/it\/media\/abonnemente\/","url":"https:\/\/www.electrosuisse.ch\/it\/media\/abonnemente\/","name":"Abbonamenti - Electrosuisse","isPartOf":{"@id":"https:\/\/www.electrosuisse.ch\/it\/#website"},"datePublished":"2023-03-22T08:20:58+00:00","dateModified":"2026-04-09T11:57:20+00:00","description":"I nostri abbonamenti diversificati forniscono molte informazioni utili e vi supportano nella vostra attivit\u00e0 quotidiana e nella formazione.","breadcrumb":{"@id":"https:\/\/www.electrosuisse.ch\/it\/media\/abonnemente\/#breadcrumb"},"inLanguage":"it-IT","potentialAction":[{"@type":"ReadAction","target":["https:\/\/www.electrosuisse.ch\/it\/media\/abonnemente\/"]}]},{"@type":"BreadcrumbList","@id":"https:\/\/www.electrosuisse.ch\/it\/media\/abonnemente\/#breadcrumb","itemListElement":[{"@type":"ListItem","position":1,"name":"Media","item":"https:\/\/www.electrosuisse.ch\/it\/media\/"},{"@type":"ListItem","position":2,"name":"Abbonamenti"}]},{"@type":"WebSite","@id":"https:\/\/www.electrosuisse.ch\/it\/#website","url":"https:\/\/www.electrosuisse.ch\/it\/","name":"Electrosuisse","description":"","publisher":{"@id":"https:\/\/www.electrosuisse.ch\/it\/#organization"},"potentialAction":[{"@type":"SearchAction","target":{"@type":"EntryPoint","urlTemplate":"https:\/\/www.electrosuisse.ch\/it\/?s={search_term_string}"},"query-input":{"@type":"PropertyValueSpecification","valueRequired":true,"valueName":"search_term_string"}}],"inLanguage":"it-IT"},{"@type":"Organization","@id":"https:\/\/www.electrosuisse.ch\/it\/#organization","name":"Electrosuisse","url":"https:\/\/www.electrosuisse.ch\/it\/","logo":{"@type":"ImageObject","inLanguage":"it-IT","@id":"https:\/\/www.electrosuisse.ch\/it\/#\/schema\/logo\/image\/","url":"https:\/\/www.electrosuisse.ch\/wp-content\/uploads\/2025\/04\/Electrosuisse_Logo_696x696.png","contentUrl":"https:\/\/www.electrosuisse.ch\/wp-content\/uploads\/2025\/04\/Electrosuisse_Logo_696x696.png","width":696,"height":696,"caption":"Electrosuisse"},"image":{"@id":"https:\/\/www.electrosuisse.ch\/it\/#\/schema\/logo\/image\/"},"sameAs":["https:\/\/www.linkedin.com\/company\/electrosuisse-ag\/posts\/?feedView=all","https:\/\/www.instagram.com\/electrosuisse1889\/","https:\/\/www.youtube.com\/channel\/UCoOxohMiVE0Gjcdis1L09zw"],"description":"Electrosuisse ist eine anerkannte und unabh\u00e4ngige Fachorganisation, die erstklassige Dienstleistungen und Produkte in den Bereichen Inspektion, Beratung, Pr\u00fcfung, Zertifizierung, Normung und Weiterbildung anbietet. Unsere Expertise umfasst Elektrotechnik, Elektromobilit\u00e4t, Energieberatung, Geb\u00e4udeautomation und Photovoltaik in der Schweiz. Durch die Veranstaltung etablierter Branchen-Events und Fachtagungen f\u00f6rdert Electrosuisse den Wissenstransfer und den fachlichen Austausch. Im Mittelpunkt unserer T\u00e4tigkeiten steht die F\u00f6rderung der sicheren, wirtschaftlichen und umweltgerechten Anwendung der Elektrotechnik."}]}},"amp_enabled":true,"_links":{"self":[{"href":"https:\/\/www.electrosuisse.ch\/it\/wp-json\/wp\/v2\/pages\/39593","targetHints":{"allow":["GET"]}}],"collection":[{"href":"https:\/\/www.electrosuisse.ch\/it\/wp-json\/wp\/v2\/pages"}],"about":[{"href":"https:\/\/www.electrosuisse.ch\/it\/wp-json\/wp\/v2\/types\/page"}],"author":[{"embeddable":true,"href":"https:\/\/www.electrosuisse.ch\/it\/wp-json\/wp\/v2\/users\/6"}],"replies":[{"embeddable":true,"href":"https:\/\/www.electrosuisse.ch\/it\/wp-json\/wp\/v2\/comments?post=39593"}],"version-history":[{"count":13,"href":"https:\/\/www.electrosuisse.ch\/it\/wp-json\/wp\/v2\/pages\/39593\/revisions"}],"predecessor-version":[{"id":43908,"href":"https:\/\/www.electrosuisse.ch\/it\/wp-json\/wp\/v2\/pages\/39593\/revisions\/43908"}],"up":[{"embeddable":true,"href":"https:\/\/www.electrosuisse.ch\/it\/wp-json\/wp\/v2\/pages\/3809"}],"wp:attachment":[{"href":"https:\/\/www.electrosuisse.ch\/it\/wp-json\/wp\/v2\/media?parent=39593"}],"curies":[{"name":"wp","href":"https:\/\/api.w.org\/{rel}","templated":true}]}}