{"id":3828,"date":"2019-02-26T08:58:26","date_gmt":"2019-02-26T07:58:26","guid":{"rendered":"https:\/\/www.electrosuisse.ch\/shop\/"},"modified":"2026-03-24T12:19:48","modified_gmt":"2026-03-24T11:19:48","slug":"shop","status":"publish","type":"page","link":"https:\/\/www.electrosuisse.ch\/it\/shop\/","title":{"rendered":"Shop"},"content":{"rendered":"<div class=\"wpb-content-wrapper\"><p>[vc_row][vc_column]<div class=\"tiles_container tiles_container--top\"><div class=\"tiles row\"><div class=\"tile tile--normal tile--one_third col-xs-12\"><div class=\"tile__inside\"><div class=\"tile__media\"><picture><source srcset=\"https:\/\/www.electrosuisse.ch\/wp-content\/uploads\/2019\/03\/Kurs-Mai-2012-24-32-585x500.jpg\"><img decoding=\"async\" src=\"https:\/\/www.electrosuisse.ch\/wp-content\/uploads\/2019\/03\/Kurs-Mai-2012-24-32-585x500.jpg\" alt=\"Corsi\" \/><\/picture><\/div><div class=\"tile__caption\"><h3>Corsi<\/h3><p>I nostri corsi orientati alla pratica offrono le necessarie conoscenze ad ogni livello, dagli apprendisti ad affermati specialisti. <\/p><div class=\"button button--arrow\"><div><div class=\"arrow\">Amplia<\/div><\/div><\/div><\/div><a href=\"https:\/\/shop.electrosuisse.ch\/it\/formazione-continua\/corsi\/\" class=\"full\">Amplia Corsi<\/a><\/div><\/div><div class=\"tile tile--normal tile--one_third col-xs-12\"><div class=\"tile__inside\"><div class=\"tile__media\"><picture><source srcset=\"https:\/\/www.electrosuisse.ch\/wp-content\/uploads\/2019\/03\/Electrosuisse_Tagung.jpg\"><img decoding=\"async\" src=\"https:\/\/www.electrosuisse.ch\/wp-content\/uploads\/2019\/03\/Electrosuisse_Tagung.jpg\" alt=\"Convegni\" \/><\/picture><\/div><div class=\"tile__caption\"><h3>Convegni<\/h3><p>Tematiche attuali e rinomati relatori promuovono lo scambio di conoscenze fra gli esperti. <\/p><div class=\"button button--arrow\"><div><div class=\"arrow\">Amplia<\/div><\/div><\/div><\/div><a href=\"https:\/\/shop.electrosuisse.ch\/it\/formazione-continua\/-eventi-e-fiere\/\" class=\"full\">Amplia Convegni<\/a><\/div><\/div><div class=\"tile tile--normal tile--one_third col-xs-12\"><div class=\"tile__inside\"><div class=\"tile__media\"><picture><source srcset=\"https:\/\/www.electrosuisse.ch\/wp-content\/uploads\/2019\/06\/Electrosuisse_FAQ_close-up-221164_mobile-585x400.jpg\"><img decoding=\"async\" src=\"https:\/\/www.electrosuisse.ch\/wp-content\/uploads\/2019\/06\/Electrosuisse_FAQ_close-up-221164_mobile-585x400.jpg\" alt=\"FAQ\" \/><\/picture><\/div><div class=\"tile__caption\"><h3>FAQ<\/h3><p>Qui troverai le risposte alle domande pi\u00f9 frequenti.<\/p><div class=\"button button--arrow\"><div><div class=\"arrow\">Amplia<\/div><\/div><\/div><\/div><a href=\"https:\/\/www.electrosuisse.ch\/it\/faq\/\" class=\"full\">Amplia FAQ<\/a><\/div><\/div><div class=\"tile tile--normal tile--one_third col-xs-12\"><div class=\"tile__inside\"><div class=\"tile__media\"><picture><source srcset=\"https:\/\/www.electrosuisse.ch\/wp-content\/uploads\/2019\/03\/Electrosuisse_Normen.jpg\"><img decoding=\"async\" src=\"https:\/\/www.electrosuisse.ch\/wp-content\/uploads\/2019\/03\/Electrosuisse_Normen.jpg\" alt=\"Norme\t\" \/><\/picture><\/div><div class=\"tile__caption\"><h3>Norme\t<\/h3><p>La piattaforma a garanzia degli interessi elvetici all\u2019interno di comitati normativi nazionali, europei e internazionali.<\/p><div class=\"button button--arrow\"><div><div class=\"arrow\">Amplia<\/div><\/div><\/div><\/div><a href=\"https:\/\/shop.electrosuisse.ch\/it\/norme-e-prodotti\/norme\/\" class=\"full\">Amplia Norme\t<\/a><\/div><\/div><div class=\"tile tile--normal tile--one_third col-xs-12\"><div class=\"tile__inside\"><div class=\"tile__media\"><picture><source srcset=\"https:\/\/www.electrosuisse.ch\/wp-content\/uploads\/2019\/03\/Electrosuisse_Produkte.jpg\"><img decoding=\"async\" src=\"https:\/\/www.electrosuisse.ch\/wp-content\/uploads\/2019\/03\/Electrosuisse_Produkte.jpg\" alt=\"Prodotti\" \/><\/picture><\/div><div class=\"tile__caption\"><h3>Prodotti<\/h3><p>Le nostre libri, opuscoli pratiche e anche guide utili vi coadiuvano nello svolgimento delle vostre attivit\u00e0 quotidiane.<\/p><div class=\"button button--arrow\"><div><div class=\"arrow\">Amplia<\/div><\/div><\/div><\/div><a href=\"https:\/\/shop.electrosuisse.ch\/it\/norme-e-prodotti\/prodotti\/\" class=\"full\">Amplia Prodotti<\/a><\/div><\/div><div class=\"tile tile--normal tile--one_third col-xs-12\"><div class=\"tile__inside\"><div class=\"tile__media\"><picture><source srcset=\"https:\/\/www.electrosuisse.ch\/wp-content\/uploads\/2021\/06\/Toolbox-Header-News-585x500-1.jpg\"><img decoding=\"async\" src=\"https:\/\/www.electrosuisse.ch\/wp-content\/uploads\/2021\/06\/Toolbox-Header-News-585x500-1.jpg\" alt=\"Toolbox\" \/><\/picture><\/div><div class=\"tile__caption\"><h3>Toolbox<\/h3><p>L'abbonamento alla Toolbox per tutti i professionisti del settore elettrico<\/p><div class=\"button button--normal\"><div>per saperne di pi\u00f9<\/div><\/div><\/div><a href=\"https:\/\/shop.electrosuisse.ch\/it\/Toolbox-Fachpersonen-55259.html\" class=\"full\">per saperne di pi\u00f9<\/a><\/div><\/div><\/div><\/div>[\/vc_column][\/vc_row]<\/p>\n<\/div>","protected":false},"excerpt":{"rendered":"<p>[vc_row][vc_column][\/vc_column][\/vc_row]<\/p>\n","protected":false},"author":2,"featured_media":0,"parent":0,"menu_order":341,"comment_status":"closed","ping_status":"closed","template":"page-shop.php","meta":{"_acf_changed":false,"_monsterinsights_skip_tracking":false,"_monsterinsights_sitenote_active":false,"_monsterinsights_sitenote_note":"","_monsterinsights_sitenote_category":0,"footnotes":""},"class_list":["post-3828","page","type-page","status-publish","hentry"],"acf":[],"yoast_head":"<!-- This site is optimized with the Yoast SEO Premium plugin v26.4 (Yoast SEO v27.0) - https:\/\/yoast.com\/product\/yoast-seo-premium-wordpress\/ -->\n<title>Electrosuisse Shop - Electrosuisse<\/title>\n<meta name=\"description\" content=\"Il nostro shop online offre un\u2019ampia gamma di pubblicazioni, norme, corsi, eventi, tool e molto altro. Scoprite ora i contenuti dell\u2019offerta.\" \/>\n<meta name=\"robots\" content=\"noindex, nofollow\" \/>\n<meta property=\"og:locale\" content=\"it_IT\" \/>\n<meta property=\"og:type\" content=\"article\" \/>\n<meta property=\"og:title\" content=\"Electrosuisse Shop - Electrosuisse\" \/>\n<meta property=\"og:description\" content=\"Il nostro shop online offre un\u2019ampia gamma di pubblicazioni, norme, corsi, eventi, tool e molto altro. Scoprite ora i contenuti dell\u2019offerta.\" \/>\n<meta property=\"og:url\" content=\"https:\/\/www.electrosuisse.ch\/it\/shop\/\" \/>\n<meta property=\"og:site_name\" content=\"Electrosuisse\" \/>\n<meta property=\"article:modified_time\" content=\"2026-03-24T11:19:48+00:00\" \/>\n<meta property=\"og:image\" content=\"https:\/\/www.electrosuisse.ch\/wp-content\/uploads\/2022\/12\/Electrosuisse_Ueber_uns_1578x650.jpg\" \/>\n\t<meta property=\"og:image:width\" content=\"1578\" \/>\n\t<meta property=\"og:image:height\" content=\"650\" \/>\n\t<meta property=\"og:image:type\" content=\"image\/jpeg\" \/>\n<script type=\"application\/ld+json\" class=\"yoast-schema-graph\">{\"@context\":\"https:\/\/schema.org\",\"@graph\":[{\"@type\":\"WebPage\",\"@id\":\"https:\/\/www.electrosuisse.ch\/it\/shop\/\",\"url\":\"https:\/\/www.electrosuisse.ch\/it\/shop\/\",\"name\":\"Electrosuisse Shop - Electrosuisse\",\"isPartOf\":{\"@id\":\"https:\/\/www.electrosuisse.ch\/it\/#website\"},\"datePublished\":\"2019-02-26T07:58:26+00:00\",\"dateModified\":\"2026-03-24T11:19:48+00:00\",\"description\":\"Il nostro shop online offre un\u2019ampia gamma di pubblicazioni, norme, corsi, eventi, tool e molto altro. Scoprite ora i contenuti dell\u2019offerta.\",\"inLanguage\":\"it-IT\",\"potentialAction\":[{\"@type\":\"ReadAction\",\"target\":[\"https:\/\/www.electrosuisse.ch\/it\/shop\/\"]}]},{\"@type\":\"WebSite\",\"@id\":\"https:\/\/www.electrosuisse.ch\/it\/#website\",\"url\":\"https:\/\/www.electrosuisse.ch\/it\/\",\"name\":\"Electrosuisse\",\"description\":\"\",\"publisher\":{\"@id\":\"https:\/\/www.electrosuisse.ch\/it\/#organization\"},\"potentialAction\":[{\"@type\":\"SearchAction\",\"target\":{\"@type\":\"EntryPoint\",\"urlTemplate\":\"https:\/\/www.electrosuisse.ch\/it\/?s={search_term_string}\"},\"query-input\":{\"@type\":\"PropertyValueSpecification\",\"valueRequired\":true,\"valueName\":\"search_term_string\"}}],\"inLanguage\":\"it-IT\"},{\"@type\":\"Organization\",\"@id\":\"https:\/\/www.electrosuisse.ch\/it\/#organization\",\"name\":\"Electrosuisse\",\"url\":\"https:\/\/www.electrosuisse.ch\/it\/\",\"logo\":{\"@type\":\"ImageObject\",\"inLanguage\":\"it-IT\",\"@id\":\"https:\/\/www.electrosuisse.ch\/it\/#\/schema\/logo\/image\/\",\"url\":\"https:\/\/www.electrosuisse.ch\/wp-content\/uploads\/2025\/04\/Electrosuisse_Logo_696x696.png\",\"contentUrl\":\"https:\/\/www.electrosuisse.ch\/wp-content\/uploads\/2025\/04\/Electrosuisse_Logo_696x696.png\",\"width\":696,\"height\":696,\"caption\":\"Electrosuisse\"},\"image\":{\"@id\":\"https:\/\/www.electrosuisse.ch\/it\/#\/schema\/logo\/image\/\"},\"sameAs\":[\"https:\/\/www.linkedin.com\/company\/electrosuisse-ag\/posts\/?feedView=all\",\"https:\/\/www.instagram.com\/electrosuisse1889\/\",\"https:\/\/www.youtube.com\/channel\/UCoOxohMiVE0Gjcdis1L09zw\"],\"description\":\"Electrosuisse ist eine anerkannte und unabh\u00e4ngige Fachorganisation, die erstklassige Dienstleistungen und Produkte in den Bereichen Inspektion, Beratung, Pr\u00fcfung, Zertifizierung, Normung und Weiterbildung anbietet. Unsere Expertise umfasst Elektrotechnik, Elektromobilit\u00e4t, Energieberatung, Geb\u00e4udeautomation und Photovoltaik in der Schweiz. Durch die Veranstaltung etablierter Branchen-Events und Fachtagungen f\u00f6rdert Electrosuisse den Wissenstransfer und den fachlichen Austausch. Im Mittelpunkt unserer T\u00e4tigkeiten steht die F\u00f6rderung der sicheren, wirtschaftlichen und umweltgerechten Anwendung der Elektrotechnik.\"}]}<\/script>\n<!-- \/ Yoast SEO Premium plugin. -->","yoast_head_json":{"title":"Electrosuisse Shop - Electrosuisse","description":"Il nostro shop online offre un\u2019ampia gamma di pubblicazioni, norme, corsi, eventi, tool e molto altro. Scoprite ora i contenuti dell\u2019offerta.","robots":{"index":"noindex","follow":"nofollow"},"og_locale":"it_IT","og_type":"article","og_title":"Electrosuisse Shop - Electrosuisse","og_description":"Il nostro shop online offre un\u2019ampia gamma di pubblicazioni, norme, corsi, eventi, tool e molto altro. Scoprite ora i contenuti dell\u2019offerta.","og_url":"https:\/\/www.electrosuisse.ch\/it\/shop\/","og_site_name":"Electrosuisse","article_modified_time":"2026-03-24T11:19:48+00:00","og_image":[{"width":1578,"height":650,"url":"https:\/\/www.electrosuisse.ch\/wp-content\/uploads\/2022\/12\/Electrosuisse_Ueber_uns_1578x650.jpg","type":"image\/jpeg"}],"schema":{"@context":"https:\/\/schema.org","@graph":[{"@type":"WebPage","@id":"https:\/\/www.electrosuisse.ch\/it\/shop\/","url":"https:\/\/www.electrosuisse.ch\/it\/shop\/","name":"Electrosuisse Shop - Electrosuisse","isPartOf":{"@id":"https:\/\/www.electrosuisse.ch\/it\/#website"},"datePublished":"2019-02-26T07:58:26+00:00","dateModified":"2026-03-24T11:19:48+00:00","description":"Il nostro shop online offre un\u2019ampia gamma di pubblicazioni, norme, corsi, eventi, tool e molto altro. Scoprite ora i contenuti dell\u2019offerta.","inLanguage":"it-IT","potentialAction":[{"@type":"ReadAction","target":["https:\/\/www.electrosuisse.ch\/it\/shop\/"]}]},{"@type":"WebSite","@id":"https:\/\/www.electrosuisse.ch\/it\/#website","url":"https:\/\/www.electrosuisse.ch\/it\/","name":"Electrosuisse","description":"","publisher":{"@id":"https:\/\/www.electrosuisse.ch\/it\/#organization"},"potentialAction":[{"@type":"SearchAction","target":{"@type":"EntryPoint","urlTemplate":"https:\/\/www.electrosuisse.ch\/it\/?s={search_term_string}"},"query-input":{"@type":"PropertyValueSpecification","valueRequired":true,"valueName":"search_term_string"}}],"inLanguage":"it-IT"},{"@type":"Organization","@id":"https:\/\/www.electrosuisse.ch\/it\/#organization","name":"Electrosuisse","url":"https:\/\/www.electrosuisse.ch\/it\/","logo":{"@type":"ImageObject","inLanguage":"it-IT","@id":"https:\/\/www.electrosuisse.ch\/it\/#\/schema\/logo\/image\/","url":"https:\/\/www.electrosuisse.ch\/wp-content\/uploads\/2025\/04\/Electrosuisse_Logo_696x696.png","contentUrl":"https:\/\/www.electrosuisse.ch\/wp-content\/uploads\/2025\/04\/Electrosuisse_Logo_696x696.png","width":696,"height":696,"caption":"Electrosuisse"},"image":{"@id":"https:\/\/www.electrosuisse.ch\/it\/#\/schema\/logo\/image\/"},"sameAs":["https:\/\/www.linkedin.com\/company\/electrosuisse-ag\/posts\/?feedView=all","https:\/\/www.instagram.com\/electrosuisse1889\/","https:\/\/www.youtube.com\/channel\/UCoOxohMiVE0Gjcdis1L09zw"],"description":"Electrosuisse ist eine anerkannte und unabh\u00e4ngige Fachorganisation, die erstklassige Dienstleistungen und Produkte in den Bereichen Inspektion, Beratung, Pr\u00fcfung, Zertifizierung, Normung und Weiterbildung anbietet. Unsere Expertise umfasst Elektrotechnik, Elektromobilit\u00e4t, Energieberatung, Geb\u00e4udeautomation und Photovoltaik in der Schweiz. Durch die Veranstaltung etablierter Branchen-Events und Fachtagungen f\u00f6rdert Electrosuisse den Wissenstransfer und den fachlichen Austausch. Im Mittelpunkt unserer T\u00e4tigkeiten steht die F\u00f6rderung der sicheren, wirtschaftlichen und umweltgerechten Anwendung der Elektrotechnik."}]}},"amp_enabled":false,"_links":{"self":[{"href":"https:\/\/www.electrosuisse.ch\/it\/wp-json\/wp\/v2\/pages\/3828","targetHints":{"allow":["GET"]}}],"collection":[{"href":"https:\/\/www.electrosuisse.ch\/it\/wp-json\/wp\/v2\/pages"}],"about":[{"href":"https:\/\/www.electrosuisse.ch\/it\/wp-json\/wp\/v2\/types\/page"}],"author":[{"embeddable":true,"href":"https:\/\/www.electrosuisse.ch\/it\/wp-json\/wp\/v2\/users\/2"}],"replies":[{"embeddable":true,"href":"https:\/\/www.electrosuisse.ch\/it\/wp-json\/wp\/v2\/comments?post=3828"}],"version-history":[{"count":2,"href":"https:\/\/www.electrosuisse.ch\/it\/wp-json\/wp\/v2\/pages\/3828\/revisions"}],"predecessor-version":[{"id":40086,"href":"https:\/\/www.electrosuisse.ch\/it\/wp-json\/wp\/v2\/pages\/3828\/revisions\/40086"}],"wp:attachment":[{"href":"https:\/\/www.electrosuisse.ch\/it\/wp-json\/wp\/v2\/media?parent=3828"}],"curies":[{"name":"wp","href":"https:\/\/api.w.org\/{rel}","templated":true}]}}