{"id":3824,"date":"2019-03-01T00:11:37","date_gmt":"2019-02-28T23:11:37","guid":{"rendered":"https:\/\/www.electrosuisse.ch\/bvg-anmeldung\/"},"modified":"2026-04-01T08:51:27","modified_gmt":"2026-04-01T06:51:27","slug":"lpp-iscrizione","status":"publish","type":"page","link":"https:\/\/www.electrosuisse.ch\/it\/diventare-membro\/adesioni-aziendali\/lpp-iscrizione\/","title":{"rendered":"LPP Iscrizione"},"content":{"rendered":"<div class=\"wpb-content-wrapper\"><p>[vc_row][vc_column][vc_column_text]<\/p>\n<h1>Iscrizione LPP<\/h1>\n<p>[\/vc_column_text]<div class=\"wpb_form_column wpb_content_element\"><div class=\"wpb_wrapper test\"><div id=\"quform-537875\" class=\"quform quform-23 quform-support-page-caching\"><form id=\"quform-form-537875\" class=\"quform-form quform-form-23\" action=\"\/it\/wp-json\/wp\/v2\/pages\/3824#quform-537875\" method=\"post\" enctype=\"multipart\/form-data\" novalidate=\"novalidate\" data-options=\"{&quot;id&quot;:23,&quot;uniqueId&quot;:&quot;537875&quot;,&quot;theme&quot;:&quot;&quot;,&quot;ajax&quot;:true,&quot;logic&quot;:{&quot;logic&quot;:[],&quot;dependents&quot;:[],&quot;elementIds&quot;:[],&quot;dependentElementIds&quot;:[],&quot;animate&quot;:true},&quot;currentPageId&quot;:1,&quot;errorsIcon&quot;:&quot;&quot;,&quot;updateFancybox&quot;:true,&quot;hasPages&quot;:false,&quot;pages&quot;:[1],&quot;pageProgressType&quot;:&quot;numbers&quot;,&quot;tooltipsEnabled&quot;:true,&quot;tooltipClasses&quot;:&quot;qtip-quform-dark qtip-shadow&quot;,&quot;tooltipMy&quot;:&quot;left center&quot;,&quot;tooltipAt&quot;:&quot;right center&quot;,&quot;isRtl&quot;:false,&quot;scrollOffset&quot;:-50,&quot;scrollSpeed&quot;:800}\"><button class=\"quform-default-submit\" name=\"quform_submit\" type=\"submit\" value=\"submit\" aria-hidden=\"true\" tabindex=\"-1\"><\/button><div class=\"quform-form-inner quform-form-inner-23\"><input type=\"hidden\" name=\"quform_form_id\" value=\"23\" \/><input type=\"hidden\" name=\"quform_form_uid\" value=\"537875\" \/><input type=\"hidden\" name=\"quform_count\" value=\"1\" \/><input type=\"hidden\" name=\"form_url\" value=\"https:\/\/www.electrosuisse.ch\/it\/wp-json\/wp\/v2\/pages\/3824\" \/><input type=\"hidden\" name=\"referring_url\" value=\"\" \/><input type=\"hidden\" name=\"post_id\" value=\"\" \/><input type=\"hidden\" name=\"post_title\" value=\"\" \/><input type=\"hidden\" name=\"quform_current_page_id\" value=\"1\" \/><input type=\"hidden\" name=\"quform_loaded\" value=\"1776522449|11b5c27af30a9f7bc9d863f591113763\" \/><input type=\"hidden\" name=\"quform_csrf_token\" value=\"t3RGDqnITnRNOANyZq1bMxsdDUx7U814tyXryKrQ\" \/><div class=\"quform-elements quform-elements-23 quform-cf quform-responsive-elements-phone-landscape\"><div class=\"quform-element quform-element-page quform-page-1 quform-page-23_1 quform-cf quform-group-style-plain quform-first-page quform-last-page quform-current-page\"><div class=\"quform-child-elements\"><div class=\"quform-element quform-element-group quform-element-23_15 quform-cf quform-group-style-plain\"><div class=\"quform-spacer\"><div class=\"quform-child-elements\"><div class=\"quform-element quform-element-text quform-element-23_3 quform-cf quform-element-optional\"><div class=\"quform-spacer\"><div class=\"quform-label quform-label-23_3\"><label class=\"quform-label-text\" for=\"quform_23_3_537875\">Ragione sociale<\/label><\/div><div class=\"quform-inner quform-inner-text quform-inner-23_3\"><div class=\"quform-input quform-input-text quform-input-23_3 quform-cf\"><input type=\"text\" id=\"quform_23_3_537875\" name=\"quform_23_3\" class=\"quform-field quform-field-text quform-field-23_3\" \/><\/div><\/div><\/div><\/div><div class=\"quform-element quform-element-select quform-element-23_12 quform-cf quform-element-optional\"><div class=\"quform-spacer\"><div class=\"quform-label quform-label-23_12\"><label class=\"quform-label-text\" for=\"quform_23_12_537875\">Appellativo<\/label><\/div><div class=\"quform-inner quform-inner-select quform-inner-23_12\"><div class=\"quform-input quform-input-select quform-input-23_12 quform-cf\"><select id=\"quform_23_12_537875\" name=\"quform_23_12\" class=\"quform-field quform-field-select quform-field-23_12 quform-field-select-enhanced\" data-options=\"{&quot;rtl&quot;:false,&quot;search&quot;:false,&quot;noResultsFound&quot;:&quot;Nessun risultato trovato.&quot;}\" style=\"width: 100%;\"><option value=\"\" selected=\"selected\">Si prega di selezionare<\/option><option value=\"Signor\">Signor<\/option><option value=\"Signora\">Signora<\/option><\/select><\/div><\/div><\/div><\/div><div class=\"quform-element quform-element-text quform-element-23_6 quform-cf quform-element-optional\"><div class=\"quform-spacer\"><div class=\"quform-label quform-label-23_6\"><label class=\"quform-label-text\" for=\"quform_23_6_537875\">Cognome<\/label><\/div><div class=\"quform-inner quform-inner-text quform-inner-23_6\"><div class=\"quform-input quform-input-text quform-input-23_6 quform-cf\"><input type=\"text\" id=\"quform_23_6_537875\" name=\"quform_23_6\" class=\"quform-field quform-field-text quform-field-23_6\" \/><\/div><\/div><\/div><\/div><div class=\"quform-element quform-element-text quform-element-23_7 quform-cf quform-element-optional\"><div class=\"quform-spacer\"><div class=\"quform-label quform-label-23_7\"><label class=\"quform-label-text\" for=\"quform_23_7_537875\">Nome<\/label><\/div><div class=\"quform-inner quform-inner-text quform-inner-23_7\"><div class=\"quform-input quform-input-text quform-input-23_7 quform-cf\"><input type=\"text\" id=\"quform_23_7_537875\" name=\"quform_23_7\" class=\"quform-field quform-field-text quform-field-23_7\" \/><\/div><\/div><\/div><\/div><div class=\"quform-element quform-element-text quform-element-23_8 quform-cf quform-element-optional\"><div class=\"quform-spacer\"><div class=\"quform-label quform-label-23_8\"><label class=\"quform-label-text\" for=\"quform_23_8_537875\">Funzione<\/label><\/div><div class=\"quform-inner quform-inner-text quform-inner-23_8\"><div class=\"quform-input quform-input-text quform-input-23_8 quform-cf\"><input type=\"text\" id=\"quform_23_8_537875\" name=\"quform_23_8\" class=\"quform-field quform-field-text quform-field-23_8\" \/><\/div><\/div><\/div><\/div><\/div><\/div><\/div><div class=\"quform-element quform-element-group quform-element-23_16 quform-cf quform-group-style-plain\"><div class=\"quform-spacer\"><div class=\"quform-child-elements\"><div class=\"quform-element quform-element-email quform-element-23_9 quform-cf quform-element-required\"><div class=\"quform-spacer\"><div class=\"quform-label quform-label-23_9\"><label class=\"quform-label-text\" for=\"quform_23_9_537875\">E-mail<span class=\"quform-required\">*<\/span><\/label><\/div><div class=\"quform-inner quform-inner-email quform-inner-23_9\"><div class=\"quform-input quform-input-email quform-input-23_9 quform-cf\"><input type=\"email\" id=\"quform_23_9_537875\" name=\"quform_23_9\" class=\"quform-field quform-field-email quform-field-23_9\" \/><\/div><\/div><\/div><\/div><div class=\"quform-element quform-element-text quform-element-23_17 quform-cf quform-element-optional\"><div class=\"quform-spacer\"><div class=\"quform-label quform-label-23_17\"><label class=\"quform-label-text\" for=\"quform_23_17_537875\">Telefono<\/label><\/div><div class=\"quform-inner quform-inner-text quform-inner-23_17\"><div class=\"quform-input quform-input-text quform-input-23_17 quform-cf\"><input type=\"text\" id=\"quform_23_17_537875\" name=\"quform_23_17\" class=\"quform-field quform-field-text quform-field-23_17\" \/><\/div><\/div><\/div><\/div><\/div><\/div><\/div><div class=\"quform-element quform-element-textarea quform-element-23_10 quform-cf quform-element-optional\"><div class=\"quform-spacer\"><div class=\"quform-label quform-label-23_10\"><label class=\"quform-label-text\" for=\"quform_23_10_537875\">Messaggio<\/label><\/div><div class=\"quform-inner quform-inner-textarea quform-inner-23_10\"><div class=\"quform-input quform-input-textarea quform-input-23_10 quform-cf\"><textarea id=\"quform_23_10_537875\" name=\"quform_23_10\" class=\"quform-field quform-field-textarea quform-field-23_10\"><\/textarea><\/div><\/div><\/div><\/div><div class=\"quform-element quform-element-submit quform-element-23_2 quform-cf quform-button-style-theme\"><div class=\"quform-button-submit quform-button-submit-default quform-button-submit-23_2\"><button name=\"quform_submit\" type=\"submit\" class=\"quform-submit\" value=\"submit\"><span class=\"quform-button-text quform-button-submit-text\">Invia<\/span><\/button><\/div><div class=\"quform-loading quform-loading-position-left quform-loading-type-spinner-1\"><div class=\"quform-loading-inner\"><div class=\"quform-loading-spinner\"><div class=\"quform-loading-spinner-inner\"><\/div><\/div><\/div><\/div><\/div><div class=\"quform-element quform-element-textarea quform-element-23_946947 quform-sr-only quform-cf\" style=\"clip: rect(1px, 1px, 1px, 1px); clip-path: inset(50%); position: absolute !important; height: 1px; width: 1px; overflow: hidden;\"><div class=\"quform-spacer\"><div class=\"quform-label quform-label-23_946947\"><label class=\"quform-label-text\" for=\"quform_23_946947_537875\">Your Website<span class=\"quform-required\">*<\/span><\/label><\/div><div class=\"quform-inner quform-inner-23_946947\"><textarea id=\"quform_23_946947_537875\" name=\"quform_23_946947\" class=\"quform-field quform-field-textarea quform-field-23_946947\" tabindex=\"-1\" autocomplete=\"new-password\"><\/textarea><\/div><\/div><\/div><\/div><\/div><\/div><\/div><\/form><\/div><\/div><\/div>[\/vc_column][\/vc_row]<\/p>\n<\/div>","protected":false},"excerpt":{"rendered":"<p>[vc_row][vc_column][vc_column_text] Iscrizione LPP [\/vc_column_text][\/vc_column][\/vc_row]<\/p>\n","protected":false},"author":2,"featured_media":0,"parent":3763,"menu_order":136,"comment_status":"closed","ping_status":"closed","template":"","meta":{"_acf_changed":false,"_monsterinsights_skip_tracking":false,"_monsterinsights_sitenote_active":false,"_monsterinsights_sitenote_note":"","_monsterinsights_sitenote_category":0,"footnotes":""},"class_list":["post-3824","page","type-page","status-publish","hentry"],"acf":[],"yoast_head":"<!-- This site is optimized with the Yoast SEO Premium plugin v26.4 (Yoast SEO v27.0) - https:\/\/yoast.com\/product\/yoast-seo-premium-wordpress\/ -->\n<title>LPP Iscrizione - Electrosuisse<\/title>\n<meta name=\"robots\" content=\"index, follow, max-snippet:-1, max-image-preview:large, max-video-preview:-1\" \/>\n<link rel=\"canonical\" href=\"https:\/\/www.electrosuisse.ch\/it\/diventare-membro\/adesioni-aziendali\/lpp-iscrizione\/\" \/>\n<meta property=\"og:locale\" content=\"it_IT\" \/>\n<meta property=\"og:type\" content=\"article\" \/>\n<meta property=\"og:title\" content=\"LPP Iscrizione - Electrosuisse\" \/>\n<meta property=\"og:description\" content=\"[vc_row][vc_column][vc_column_text] Iscrizione LPP [\/vc_column_text][\/vc_column][\/vc_row]\" \/>\n<meta property=\"og:url\" content=\"https:\/\/www.electrosuisse.ch\/it\/diventare-membro\/adesioni-aziendali\/lpp-iscrizione\/\" \/>\n<meta property=\"og:site_name\" content=\"Electrosuisse\" \/>\n<meta property=\"article:modified_time\" content=\"2026-04-01T06:51:27+00:00\" \/>\n<meta property=\"og:image\" content=\"https:\/\/www.electrosuisse.ch\/wp-content\/uploads\/2022\/12\/Electrosuisse_Ueber_uns_1578x650.jpg\" \/>\n\t<meta property=\"og:image:width\" content=\"1578\" \/>\n\t<meta property=\"og:image:height\" content=\"650\" \/>\n\t<meta property=\"og:image:type\" content=\"image\/jpeg\" \/>\n<script type=\"application\/ld+json\" class=\"yoast-schema-graph\">{\"@context\":\"https:\/\/schema.org\",\"@graph\":[{\"@type\":\"WebPage\",\"@id\":\"https:\/\/www.electrosuisse.ch\/it\/diventare-membro\/adesioni-aziendali\/lpp-iscrizione\/\",\"url\":\"https:\/\/www.electrosuisse.ch\/it\/diventare-membro\/adesioni-aziendali\/lpp-iscrizione\/\",\"name\":\"LPP Iscrizione - Electrosuisse\",\"isPartOf\":{\"@id\":\"https:\/\/www.electrosuisse.ch\/it\/#website\"},\"datePublished\":\"2019-02-28T23:11:37+00:00\",\"dateModified\":\"2026-04-01T06:51:27+00:00\",\"breadcrumb\":{\"@id\":\"https:\/\/www.electrosuisse.ch\/it\/diventare-membro\/adesioni-aziendali\/lpp-iscrizione\/#breadcrumb\"},\"inLanguage\":\"it-IT\",\"potentialAction\":[{\"@type\":\"ReadAction\",\"target\":[\"https:\/\/www.electrosuisse.ch\/it\/diventare-membro\/adesioni-aziendali\/lpp-iscrizione\/\"]}]},{\"@type\":\"BreadcrumbList\",\"@id\":\"https:\/\/www.electrosuisse.ch\/it\/diventare-membro\/adesioni-aziendali\/lpp-iscrizione\/#breadcrumb\",\"itemListElement\":[{\"@type\":\"ListItem\",\"position\":1,\"name\":\"Diventare membro\",\"item\":\"https:\/\/www.electrosuisse.ch\/it\/diventare-membro\/\"},{\"@type\":\"ListItem\",\"position\":2,\"name\":\"Adesioni aziendali\",\"item\":\"https:\/\/www.electrosuisse.ch\/it\/diventare-membro\/adesioni-aziendali\/\"},{\"@type\":\"ListItem\",\"position\":3,\"name\":\"LPP Iscrizione\"}]},{\"@type\":\"WebSite\",\"@id\":\"https:\/\/www.electrosuisse.ch\/it\/#website\",\"url\":\"https:\/\/www.electrosuisse.ch\/it\/\",\"name\":\"Electrosuisse\",\"description\":\"\",\"publisher\":{\"@id\":\"https:\/\/www.electrosuisse.ch\/it\/#organization\"},\"potentialAction\":[{\"@type\":\"SearchAction\",\"target\":{\"@type\":\"EntryPoint\",\"urlTemplate\":\"https:\/\/www.electrosuisse.ch\/it\/?s={search_term_string}\"},\"query-input\":{\"@type\":\"PropertyValueSpecification\",\"valueRequired\":true,\"valueName\":\"search_term_string\"}}],\"inLanguage\":\"it-IT\"},{\"@type\":\"Organization\",\"@id\":\"https:\/\/www.electrosuisse.ch\/it\/#organization\",\"name\":\"Electrosuisse\",\"url\":\"https:\/\/www.electrosuisse.ch\/it\/\",\"logo\":{\"@type\":\"ImageObject\",\"inLanguage\":\"it-IT\",\"@id\":\"https:\/\/www.electrosuisse.ch\/it\/#\/schema\/logo\/image\/\",\"url\":\"https:\/\/www.electrosuisse.ch\/wp-content\/uploads\/2025\/04\/Electrosuisse_Logo_696x696.png\",\"contentUrl\":\"https:\/\/www.electrosuisse.ch\/wp-content\/uploads\/2025\/04\/Electrosuisse_Logo_696x696.png\",\"width\":696,\"height\":696,\"caption\":\"Electrosuisse\"},\"image\":{\"@id\":\"https:\/\/www.electrosuisse.ch\/it\/#\/schema\/logo\/image\/\"},\"sameAs\":[\"https:\/\/www.linkedin.com\/company\/electrosuisse-ag\/posts\/?feedView=all\",\"https:\/\/www.instagram.com\/electrosuisse1889\/\",\"https:\/\/www.youtube.com\/channel\/UCoOxohMiVE0Gjcdis1L09zw\"],\"description\":\"Electrosuisse ist eine anerkannte und unabh\u00e4ngige Fachorganisation, die erstklassige Dienstleistungen und Produkte in den Bereichen Inspektion, Beratung, Pr\u00fcfung, Zertifizierung, Normung und Weiterbildung anbietet. Unsere Expertise umfasst Elektrotechnik, Elektromobilit\u00e4t, Energieberatung, Geb\u00e4udeautomation und Photovoltaik in der Schweiz. Durch die Veranstaltung etablierter Branchen-Events und Fachtagungen f\u00f6rdert Electrosuisse den Wissenstransfer und den fachlichen Austausch. Im Mittelpunkt unserer T\u00e4tigkeiten steht die F\u00f6rderung der sicheren, wirtschaftlichen und umweltgerechten Anwendung der Elektrotechnik.\"}]}<\/script>\n<!-- \/ Yoast SEO Premium plugin. -->","yoast_head_json":{"title":"LPP Iscrizione - Electrosuisse","robots":{"index":"index","follow":"follow","max-snippet":"max-snippet:-1","max-image-preview":"max-image-preview:large","max-video-preview":"max-video-preview:-1"},"canonical":"https:\/\/www.electrosuisse.ch\/it\/diventare-membro\/adesioni-aziendali\/lpp-iscrizione\/","og_locale":"it_IT","og_type":"article","og_title":"LPP Iscrizione - Electrosuisse","og_description":"[vc_row][vc_column][vc_column_text] Iscrizione LPP [\/vc_column_text][\/vc_column][\/vc_row]","og_url":"https:\/\/www.electrosuisse.ch\/it\/diventare-membro\/adesioni-aziendali\/lpp-iscrizione\/","og_site_name":"Electrosuisse","article_modified_time":"2026-04-01T06:51:27+00:00","og_image":[{"width":1578,"height":650,"url":"https:\/\/www.electrosuisse.ch\/wp-content\/uploads\/2022\/12\/Electrosuisse_Ueber_uns_1578x650.jpg","type":"image\/jpeg"}],"schema":{"@context":"https:\/\/schema.org","@graph":[{"@type":"WebPage","@id":"https:\/\/www.electrosuisse.ch\/it\/diventare-membro\/adesioni-aziendali\/lpp-iscrizione\/","url":"https:\/\/www.electrosuisse.ch\/it\/diventare-membro\/adesioni-aziendali\/lpp-iscrizione\/","name":"LPP Iscrizione - Electrosuisse","isPartOf":{"@id":"https:\/\/www.electrosuisse.ch\/it\/#website"},"datePublished":"2019-02-28T23:11:37+00:00","dateModified":"2026-04-01T06:51:27+00:00","breadcrumb":{"@id":"https:\/\/www.electrosuisse.ch\/it\/diventare-membro\/adesioni-aziendali\/lpp-iscrizione\/#breadcrumb"},"inLanguage":"it-IT","potentialAction":[{"@type":"ReadAction","target":["https:\/\/www.electrosuisse.ch\/it\/diventare-membro\/adesioni-aziendali\/lpp-iscrizione\/"]}]},{"@type":"BreadcrumbList","@id":"https:\/\/www.electrosuisse.ch\/it\/diventare-membro\/adesioni-aziendali\/lpp-iscrizione\/#breadcrumb","itemListElement":[{"@type":"ListItem","position":1,"name":"Diventare membro","item":"https:\/\/www.electrosuisse.ch\/it\/diventare-membro\/"},{"@type":"ListItem","position":2,"name":"Adesioni aziendali","item":"https:\/\/www.electrosuisse.ch\/it\/diventare-membro\/adesioni-aziendali\/"},{"@type":"ListItem","position":3,"name":"LPP Iscrizione"}]},{"@type":"WebSite","@id":"https:\/\/www.electrosuisse.ch\/it\/#website","url":"https:\/\/www.electrosuisse.ch\/it\/","name":"Electrosuisse","description":"","publisher":{"@id":"https:\/\/www.electrosuisse.ch\/it\/#organization"},"potentialAction":[{"@type":"SearchAction","target":{"@type":"EntryPoint","urlTemplate":"https:\/\/www.electrosuisse.ch\/it\/?s={search_term_string}"},"query-input":{"@type":"PropertyValueSpecification","valueRequired":true,"valueName":"search_term_string"}}],"inLanguage":"it-IT"},{"@type":"Organization","@id":"https:\/\/www.electrosuisse.ch\/it\/#organization","name":"Electrosuisse","url":"https:\/\/www.electrosuisse.ch\/it\/","logo":{"@type":"ImageObject","inLanguage":"it-IT","@id":"https:\/\/www.electrosuisse.ch\/it\/#\/schema\/logo\/image\/","url":"https:\/\/www.electrosuisse.ch\/wp-content\/uploads\/2025\/04\/Electrosuisse_Logo_696x696.png","contentUrl":"https:\/\/www.electrosuisse.ch\/wp-content\/uploads\/2025\/04\/Electrosuisse_Logo_696x696.png","width":696,"height":696,"caption":"Electrosuisse"},"image":{"@id":"https:\/\/www.electrosuisse.ch\/it\/#\/schema\/logo\/image\/"},"sameAs":["https:\/\/www.linkedin.com\/company\/electrosuisse-ag\/posts\/?feedView=all","https:\/\/www.instagram.com\/electrosuisse1889\/","https:\/\/www.youtube.com\/channel\/UCoOxohMiVE0Gjcdis1L09zw"],"description":"Electrosuisse ist eine anerkannte und unabh\u00e4ngige Fachorganisation, die erstklassige Dienstleistungen und Produkte in den Bereichen Inspektion, Beratung, Pr\u00fcfung, Zertifizierung, Normung und Weiterbildung anbietet. Unsere Expertise umfasst Elektrotechnik, Elektromobilit\u00e4t, Energieberatung, Geb\u00e4udeautomation und Photovoltaik in der Schweiz. Durch die Veranstaltung etablierter Branchen-Events und Fachtagungen f\u00f6rdert Electrosuisse den Wissenstransfer und den fachlichen Austausch. Im Mittelpunkt unserer T\u00e4tigkeiten steht die F\u00f6rderung der sicheren, wirtschaftlichen und umweltgerechten Anwendung der Elektrotechnik."}]}},"amp_enabled":true,"_links":{"self":[{"href":"https:\/\/www.electrosuisse.ch\/it\/wp-json\/wp\/v2\/pages\/3824","targetHints":{"allow":["GET"]}}],"collection":[{"href":"https:\/\/www.electrosuisse.ch\/it\/wp-json\/wp\/v2\/pages"}],"about":[{"href":"https:\/\/www.electrosuisse.ch\/it\/wp-json\/wp\/v2\/types\/page"}],"author":[{"embeddable":true,"href":"https:\/\/www.electrosuisse.ch\/it\/wp-json\/wp\/v2\/users\/2"}],"replies":[{"embeddable":true,"href":"https:\/\/www.electrosuisse.ch\/it\/wp-json\/wp\/v2\/comments?post=3824"}],"version-history":[{"count":1,"href":"https:\/\/www.electrosuisse.ch\/it\/wp-json\/wp\/v2\/pages\/3824\/revisions"}],"predecessor-version":[{"id":43786,"href":"https:\/\/www.electrosuisse.ch\/it\/wp-json\/wp\/v2\/pages\/3824\/revisions\/43786"}],"up":[{"embeddable":true,"href":"https:\/\/www.electrosuisse.ch\/it\/wp-json\/wp\/v2\/pages\/3763"}],"wp:attachment":[{"href":"https:\/\/www.electrosuisse.ch\/it\/wp-json\/wp\/v2\/media?parent=3824"}],"curies":[{"name":"wp","href":"https:\/\/api.w.org\/{rel}","templated":true}]}}