{"id":3814,"date":"2018-06-24T11:35:55","date_gmt":"2018-06-24T09:35:55","guid":{"rendered":"https:\/\/www.electrosuisse.ch\/downloads\/"},"modified":"2026-04-07T08:50:59","modified_gmt":"2026-04-07T06:50:59","slug":"downloads","status":"publish","type":"page","link":"https:\/\/www.electrosuisse.ch\/it\/downloads\/","title":{"rendered":"Downloads"},"content":{"rendered":"<div class=\"wpb-content-wrapper\"><p>[vc_row][vc_column][vc_column_text]<\/p>\n<h1>Download<\/h1>\n<p>[\/vc_column_text]<div class=\"wpb_download_boxes_column wpb_content_element\"><div class=\"wpb_wrapper\"><div class=\"row\"><div class=\"download_box col-sm-6 col-xs-12\"><div class=\"download_box__content\"><a href=\"https:\/\/www.electrosuisse.ch\/it\/downloads\/servizi-per-i-membri-downloads\/\" class=\"full\">Amplia<\/a><div class=\"download_box__icon download_box__icon--mitglieder\"><\/div><h4>Servizi per i membri<\/h4><p>Qui sono disponibili tutte le informazioni in merito all\u2019adesione, pubblicazioni generali, la nostra offerta formativa e video.<\/p><\/div><\/div><div class=\"download_box col-sm-6 col-xs-12\"><div class=\"download_box__content\"><a href=\"https:\/\/www.electrosuisse.ch\/it\/downloads\/normazione-downloads\/\" class=\"full\">Amplia<\/a><div class=\"download_box__icon download_box__icon--normung\"><\/div><h4>Normazione<\/h4><p>Troverete qui tutte le informazioni riguardanti la normazione: dalle bozze ai rapporti annuali, oltre agli opuscoli e ai filmati.<\/p><\/div><\/div><div class=\"download_box col-sm-6 col-xs-12\"><div class=\"download_box__content\"><a href=\"https:\/\/www.electrosuisse.ch\/it\/downloads\/ispezione-e-engineering-downloads\/\" class=\"full\">Amplia<\/a><div class=\"download_box__icon download_box__icon--inspektion-engineering\"><\/div><h4>Ispezione e engineering<\/h4><p>Documenti di importanza fondamentale come CGA, moduli, liste di controllo o protocolli costituiscono la base comune per una collaborazione efficace.<\/p><\/div><\/div><div class=\"download_box col-sm-6 col-xs-12\"><div class=\"download_box__content\"><a href=\"https:\/\/www.electrosuisse.ch\/it\/downloads\/electrosuisse\/\" class=\"full\">Amplia<\/a><div class=\"download_box__icon download_box__icon--electrosuisse\"><\/div><h4>Electrosuisse: chi siamo<\/h4><p>Varia documentazione di carattere divulgativo sulla nostra associazione pubblicata da noi o in collaborazione con altri enti.<\/p><\/div><\/div><\/div><\/div><\/div>[\/vc_column][\/vc_row]<\/p>\n<\/div>","protected":false},"excerpt":{"rendered":"<p>[vc_row][vc_column][vc_column_text] Download [\/vc_column_text][\/vc_column][\/vc_row]<\/p>\n","protected":false},"author":2,"featured_media":0,"parent":0,"menu_order":309,"comment_status":"closed","ping_status":"closed","template":"","meta":{"_acf_changed":false,"_monsterinsights_skip_tracking":false,"_monsterinsights_sitenote_active":false,"_monsterinsights_sitenote_note":"","_monsterinsights_sitenote_category":0,"footnotes":""},"class_list":["post-3814","page","type-page","status-publish","hentry"],"acf":[],"yoast_head":"<!-- This site is optimized with the Yoast SEO Premium plugin v26.4 (Yoast SEO v27.0) - https:\/\/yoast.com\/product\/yoast-seo-premium-wordpress\/ -->\n<title>Download-Center - Electrosuisse<\/title>\n<meta name=\"description\" content=\"Benvenuti nel nostro Download Center. Le nostre informazioni gratuite sono a vostra disposizione e suddivise in base agli argomenti trattati. Ricerca in base alla parola chiave.\" \/>\n<meta name=\"robots\" content=\"index, follow, max-snippet:-1, max-image-preview:large, max-video-preview:-1\" \/>\n<link rel=\"canonical\" href=\"https:\/\/www.electrosuisse.ch\/it\/downloads\/\" \/>\n<meta property=\"og:locale\" content=\"it_IT\" \/>\n<meta property=\"og:type\" content=\"article\" \/>\n<meta property=\"og:title\" content=\"Download-Center - Electrosuisse\" \/>\n<meta property=\"og:description\" content=\"Benvenuti nel nostro Download Center. Le nostre informazioni gratuite sono a vostra disposizione e suddivise in base agli argomenti trattati. Ricerca in base alla parola chiave.\" \/>\n<meta property=\"og:url\" content=\"https:\/\/www.electrosuisse.ch\/it\/downloads\/\" \/>\n<meta property=\"og:site_name\" content=\"Electrosuisse\" \/>\n<meta property=\"article:modified_time\" content=\"2026-04-07T06:50:59+00:00\" \/>\n<meta property=\"og:image\" content=\"https:\/\/www.electrosuisse.ch\/wp-content\/uploads\/2022\/12\/Electrosuisse_Ueber_uns_1578x650.jpg\" \/>\n\t<meta property=\"og:image:width\" content=\"1578\" \/>\n\t<meta property=\"og:image:height\" content=\"650\" \/>\n\t<meta property=\"og:image:type\" content=\"image\/jpeg\" \/>\n<script type=\"application\/ld+json\" class=\"yoast-schema-graph\">{\"@context\":\"https:\/\/schema.org\",\"@graph\":[{\"@type\":\"WebPage\",\"@id\":\"https:\/\/www.electrosuisse.ch\/it\/downloads\/\",\"url\":\"https:\/\/www.electrosuisse.ch\/it\/downloads\/\",\"name\":\"Download-Center - Electrosuisse\",\"isPartOf\":{\"@id\":\"https:\/\/www.electrosuisse.ch\/it\/#website\"},\"datePublished\":\"2018-06-24T09:35:55+00:00\",\"dateModified\":\"2026-04-07T06:50:59+00:00\",\"description\":\"Benvenuti nel nostro Download Center. Le nostre informazioni gratuite sono a vostra disposizione e suddivise in base agli argomenti trattati. Ricerca in base alla parola chiave.\",\"inLanguage\":\"it-IT\",\"potentialAction\":[{\"@type\":\"ReadAction\",\"target\":[\"https:\/\/www.electrosuisse.ch\/it\/downloads\/\"]}]},{\"@type\":\"WebSite\",\"@id\":\"https:\/\/www.electrosuisse.ch\/it\/#website\",\"url\":\"https:\/\/www.electrosuisse.ch\/it\/\",\"name\":\"Electrosuisse\",\"description\":\"\",\"publisher\":{\"@id\":\"https:\/\/www.electrosuisse.ch\/it\/#organization\"},\"potentialAction\":[{\"@type\":\"SearchAction\",\"target\":{\"@type\":\"EntryPoint\",\"urlTemplate\":\"https:\/\/www.electrosuisse.ch\/it\/?s={search_term_string}\"},\"query-input\":{\"@type\":\"PropertyValueSpecification\",\"valueRequired\":true,\"valueName\":\"search_term_string\"}}],\"inLanguage\":\"it-IT\"},{\"@type\":\"Organization\",\"@id\":\"https:\/\/www.electrosuisse.ch\/it\/#organization\",\"name\":\"Electrosuisse\",\"url\":\"https:\/\/www.electrosuisse.ch\/it\/\",\"logo\":{\"@type\":\"ImageObject\",\"inLanguage\":\"it-IT\",\"@id\":\"https:\/\/www.electrosuisse.ch\/it\/#\/schema\/logo\/image\/\",\"url\":\"https:\/\/www.electrosuisse.ch\/wp-content\/uploads\/2025\/04\/Electrosuisse_Logo_696x696.png\",\"contentUrl\":\"https:\/\/www.electrosuisse.ch\/wp-content\/uploads\/2025\/04\/Electrosuisse_Logo_696x696.png\",\"width\":696,\"height\":696,\"caption\":\"Electrosuisse\"},\"image\":{\"@id\":\"https:\/\/www.electrosuisse.ch\/it\/#\/schema\/logo\/image\/\"},\"sameAs\":[\"https:\/\/www.linkedin.com\/company\/electrosuisse-ag\/posts\/?feedView=all\",\"https:\/\/www.instagram.com\/electrosuisse1889\/\",\"https:\/\/www.youtube.com\/channel\/UCoOxohMiVE0Gjcdis1L09zw\"],\"description\":\"Electrosuisse ist eine anerkannte und unabh\u00e4ngige Fachorganisation, die erstklassige Dienstleistungen und Produkte in den Bereichen Inspektion, Beratung, Pr\u00fcfung, Zertifizierung, Normung und Weiterbildung anbietet. Unsere Expertise umfasst Elektrotechnik, Elektromobilit\u00e4t, Energieberatung, Geb\u00e4udeautomation und Photovoltaik in der Schweiz. Durch die Veranstaltung etablierter Branchen-Events und Fachtagungen f\u00f6rdert Electrosuisse den Wissenstransfer und den fachlichen Austausch. Im Mittelpunkt unserer T\u00e4tigkeiten steht die F\u00f6rderung der sicheren, wirtschaftlichen und umweltgerechten Anwendung der Elektrotechnik.\"}]}<\/script>\n<!-- \/ Yoast SEO Premium plugin. -->","yoast_head_json":{"title":"Download-Center - Electrosuisse","description":"Benvenuti nel nostro Download Center. Le nostre informazioni gratuite sono a vostra disposizione e suddivise in base agli argomenti trattati. Ricerca in base alla parola chiave.","robots":{"index":"index","follow":"follow","max-snippet":"max-snippet:-1","max-image-preview":"max-image-preview:large","max-video-preview":"max-video-preview:-1"},"canonical":"https:\/\/www.electrosuisse.ch\/it\/downloads\/","og_locale":"it_IT","og_type":"article","og_title":"Download-Center - Electrosuisse","og_description":"Benvenuti nel nostro Download Center. Le nostre informazioni gratuite sono a vostra disposizione e suddivise in base agli argomenti trattati. Ricerca in base alla parola chiave.","og_url":"https:\/\/www.electrosuisse.ch\/it\/downloads\/","og_site_name":"Electrosuisse","article_modified_time":"2026-04-07T06:50:59+00:00","og_image":[{"width":1578,"height":650,"url":"https:\/\/www.electrosuisse.ch\/wp-content\/uploads\/2022\/12\/Electrosuisse_Ueber_uns_1578x650.jpg","type":"image\/jpeg"}],"schema":{"@context":"https:\/\/schema.org","@graph":[{"@type":"WebPage","@id":"https:\/\/www.electrosuisse.ch\/it\/downloads\/","url":"https:\/\/www.electrosuisse.ch\/it\/downloads\/","name":"Download-Center - Electrosuisse","isPartOf":{"@id":"https:\/\/www.electrosuisse.ch\/it\/#website"},"datePublished":"2018-06-24T09:35:55+00:00","dateModified":"2026-04-07T06:50:59+00:00","description":"Benvenuti nel nostro Download Center. Le nostre informazioni gratuite sono a vostra disposizione e suddivise in base agli argomenti trattati. Ricerca in base alla parola chiave.","inLanguage":"it-IT","potentialAction":[{"@type":"ReadAction","target":["https:\/\/www.electrosuisse.ch\/it\/downloads\/"]}]},{"@type":"WebSite","@id":"https:\/\/www.electrosuisse.ch\/it\/#website","url":"https:\/\/www.electrosuisse.ch\/it\/","name":"Electrosuisse","description":"","publisher":{"@id":"https:\/\/www.electrosuisse.ch\/it\/#organization"},"potentialAction":[{"@type":"SearchAction","target":{"@type":"EntryPoint","urlTemplate":"https:\/\/www.electrosuisse.ch\/it\/?s={search_term_string}"},"query-input":{"@type":"PropertyValueSpecification","valueRequired":true,"valueName":"search_term_string"}}],"inLanguage":"it-IT"},{"@type":"Organization","@id":"https:\/\/www.electrosuisse.ch\/it\/#organization","name":"Electrosuisse","url":"https:\/\/www.electrosuisse.ch\/it\/","logo":{"@type":"ImageObject","inLanguage":"it-IT","@id":"https:\/\/www.electrosuisse.ch\/it\/#\/schema\/logo\/image\/","url":"https:\/\/www.electrosuisse.ch\/wp-content\/uploads\/2025\/04\/Electrosuisse_Logo_696x696.png","contentUrl":"https:\/\/www.electrosuisse.ch\/wp-content\/uploads\/2025\/04\/Electrosuisse_Logo_696x696.png","width":696,"height":696,"caption":"Electrosuisse"},"image":{"@id":"https:\/\/www.electrosuisse.ch\/it\/#\/schema\/logo\/image\/"},"sameAs":["https:\/\/www.linkedin.com\/company\/electrosuisse-ag\/posts\/?feedView=all","https:\/\/www.instagram.com\/electrosuisse1889\/","https:\/\/www.youtube.com\/channel\/UCoOxohMiVE0Gjcdis1L09zw"],"description":"Electrosuisse ist eine anerkannte und unabh\u00e4ngige Fachorganisation, die erstklassige Dienstleistungen und Produkte in den Bereichen Inspektion, Beratung, Pr\u00fcfung, Zertifizierung, Normung und Weiterbildung anbietet. Unsere Expertise umfasst Elektrotechnik, Elektromobilit\u00e4t, Energieberatung, Geb\u00e4udeautomation und Photovoltaik in der Schweiz. Durch die Veranstaltung etablierter Branchen-Events und Fachtagungen f\u00f6rdert Electrosuisse den Wissenstransfer und den fachlichen Austausch. Im Mittelpunkt unserer T\u00e4tigkeiten steht die F\u00f6rderung der sicheren, wirtschaftlichen und umweltgerechten Anwendung der Elektrotechnik."}]}},"amp_enabled":true,"_links":{"self":[{"href":"https:\/\/www.electrosuisse.ch\/it\/wp-json\/wp\/v2\/pages\/3814","targetHints":{"allow":["GET"]}}],"collection":[{"href":"https:\/\/www.electrosuisse.ch\/it\/wp-json\/wp\/v2\/pages"}],"about":[{"href":"https:\/\/www.electrosuisse.ch\/it\/wp-json\/wp\/v2\/types\/page"}],"author":[{"embeddable":true,"href":"https:\/\/www.electrosuisse.ch\/it\/wp-json\/wp\/v2\/users\/2"}],"replies":[{"embeddable":true,"href":"https:\/\/www.electrosuisse.ch\/it\/wp-json\/wp\/v2\/comments?post=3814"}],"version-history":[{"count":1,"href":"https:\/\/www.electrosuisse.ch\/it\/wp-json\/wp\/v2\/pages\/3814\/revisions"}],"predecessor-version":[{"id":43857,"href":"https:\/\/www.electrosuisse.ch\/it\/wp-json\/wp\/v2\/pages\/3814\/revisions\/43857"}],"wp:attachment":[{"href":"https:\/\/www.electrosuisse.ch\/it\/wp-json\/wp\/v2\/media?parent=3814"}],"curies":[{"name":"wp","href":"https:\/\/api.w.org\/{rel}","templated":true}]}}