{"id":3800,"date":"2018-06-24T11:36:02","date_gmt":"2018-06-24T09:36:02","guid":{"rendered":"https:\/\/www.electrosuisse.ch\/kontakt\/"},"modified":"2026-03-24T12:35:14","modified_gmt":"2026-03-24T11:35:14","slug":"contatto","status":"publish","type":"page","link":"https:\/\/www.electrosuisse.ch\/it\/contatto\/","title":{"rendered":"Contatto"},"content":{"rendered":"<div class=\"wpb-content-wrapper\"><p>[vc_row][vc_column][vc_column_text]<\/p>\n<h1>Contatto<\/h1>\n<p>[\/vc_column_text][vc_column_text]Seleziona la tua richiesta. Vi risponderemo il pi\u00f9 presto possibile.<\/p>\n<p>Puoi anche trovare le risposte a molte domande nelle nostre <a href=\"https:\/\/www.electrosuisse.ch\/it\/faqs\/\">FAQ<\/a>.[\/vc_column_text][vc_row_inner][vc_column_inner width=&#8221;2\/3&#8243;]<div class=\"wpb_form_column wpb_content_element\"><div class=\"wpb_wrapper test\"><div id=\"quform-3adf6d\" class=\"quform quform-53 quform-support-page-caching\"><form id=\"quform-form-3adf6d\" class=\"quform-form quform-form-53\" action=\"\/it\/wp-json\/wp\/v2\/pages\/3800#quform-3adf6d\" method=\"post\" enctype=\"multipart\/form-data\" novalidate=\"novalidate\" data-options=\"{&quot;id&quot;:53,&quot;uniqueId&quot;:&quot;3adf6d&quot;,&quot;theme&quot;:&quot;&quot;,&quot;ajax&quot;:true,&quot;logic&quot;:{&quot;logic&quot;:{&quot;33&quot;:{&quot;action&quot;:true,&quot;match&quot;:&quot;all&quot;,&quot;rules&quot;:[{&quot;elementId&quot;:&quot;34&quot;,&quot;operator&quot;:&quot;eq&quot;,&quot;optionId&quot;:&quot;1&quot;,&quot;value&quot;:&quot;S\\u00cc, conosco il numero d&#039;iscrizione&quot;}]}},&quot;dependents&quot;:{&quot;34&quot;:[33]},&quot;elementIds&quot;:[33],&quot;dependentElementIds&quot;:[&quot;34&quot;],&quot;animate&quot;:true},&quot;currentPageId&quot;:1,&quot;errorsIcon&quot;:&quot;&quot;,&quot;updateFancybox&quot;:true,&quot;hasPages&quot;:false,&quot;pages&quot;:[1],&quot;pageProgressType&quot;:&quot;numbers&quot;,&quot;tooltipsEnabled&quot;:true,&quot;tooltipClasses&quot;:&quot;qtip-quform-dark qtip-shadow&quot;,&quot;tooltipMy&quot;:&quot;left center&quot;,&quot;tooltipAt&quot;:&quot;right center&quot;,&quot;isRtl&quot;:false,&quot;scrollOffset&quot;:-50,&quot;scrollSpeed&quot;:800}\"><button class=\"quform-default-submit\" name=\"quform_submit\" type=\"submit\" value=\"submit\" aria-hidden=\"true\" tabindex=\"-1\"><\/button><div class=\"quform-form-inner quform-form-inner-53\"><input type=\"hidden\" name=\"quform_form_id\" value=\"53\" \/><input type=\"hidden\" name=\"quform_form_uid\" value=\"3adf6d\" \/><input type=\"hidden\" name=\"quform_count\" value=\"1\" \/><input type=\"hidden\" name=\"form_url\" value=\"https:\/\/www.electrosuisse.ch\/it\/wp-json\/wp\/v2\/pages\/3800\" \/><input type=\"hidden\" name=\"referring_url\" value=\"\" \/><input type=\"hidden\" name=\"post_id\" value=\"\" \/><input type=\"hidden\" name=\"post_title\" value=\"\" \/><input type=\"hidden\" name=\"quform_current_page_id\" value=\"1\" \/><input type=\"hidden\" name=\"quform_loaded\" value=\"1775356157|d1f52e19fe8d12d0d9f4e363c5b46485\" \/><input type=\"hidden\" name=\"quform_csrf_token\" value=\"5vAMQyLNus4cbEarFd9oCenMUjVOfF4sxVyfJ9Yy\" \/><div class=\"quform-elements quform-elements-53 quform-cf quform-responsive-elements-phone-landscape\"><div class=\"quform-element quform-element-page quform-page-1 quform-page-53_1 quform-cf quform-group-style-plain quform-first-page quform-last-page quform-current-page\"><div class=\"quform-child-elements\"><div class=\"quform-element quform-element-select quform-element-53_31 quform-cf quform-element-required\"><div class=\"quform-spacer\"><div class=\"quform-label quform-label-53_31\"><label class=\"quform-label-text\" for=\"quform_53_31_3adf6d\">La mia preoccupazione \u00e8<span class=\"quform-required\">*<\/span><\/label><\/div><div class=\"quform-inner quform-inner-select quform-inner-53_31\"><div class=\"quform-input quform-input-select quform-input-53_31 quform-cf\"><select id=\"quform_53_31_3adf6d\" name=\"quform_53_31\" class=\"quform-field quform-field-select quform-field-53_31\"><option value=\"\" selected=\"selected\">Si prega di selezionare<\/option><option value=\"&#107;&#x75;&#114;&#x73;&#101;&#x40;e&#x6c;e&#x63;t&#114;&#x6f;&#115;&#x75;&#105;&#x73;&#115;&#x65;&#46;&#x63;h\">Formazione continua<\/option><option value=\"&#116;&#x61;g&#117;&#x6e;g&#101;&#x6e;&#64;&#x65;&#x6c;&#101;&#x63;t&#114;&#x6f;s&#117;&#x69;s&#x73;&#x65;&#46;&#x63;&#x68;\">Eventi<\/option><option value=\"b&#101;&#114;&#97;&#x74;&#x75;&#x6e;g&#64;&#101;&#108;&#x65;&#x63;&#x74;&#x72;os&#117;&#105;&#x73;&#x73;&#x65;&#x2e;c&#104;\">Ispezione \/ Consulenza \/ Ingegneria<\/option><option value=\"&#110;&#x6f;r&#109;&#x65;n&#118;&#x65;r&#107;&#x61;u&#102;&#x40;e&#108;&#x65;c&#116;&#x72;o&#115;&#x75;i&#115;&#x73;e&#46;&#x63;h\">Ordina prodotti \/ Norme<\/option><option value=\"&#x76;&#101;r&#x62;&#x61;&#110;d&#x40;&#101;l&#x65;&#x63;&#116;r&#x6f;&#115;u&#x69;&#x73;&#115;e&#x2e;&#x63;&#104;\">Adesione<\/option><option value=\"e&#45;&#109;&#x6f;&#x62;il&#101;&#64;&#x65;&#x6c;ec&#116;&#114;&#x6f;&#x73;ui&#115;&#x73;&#x65;&#x2e;c&#104;\">e-mobile<\/option><option value=\"&#x69;&#110;&#x66;&#111;&#64;&#x45;&#108;e&#x63;&#116;&#x72;&#x6f;s&#x75;&#105;s&#x73;&#101;&#x2e;&#x63;h\">Domande elettrotecniche<\/option><option value=\"i&#110;&#x66;&#x6f;&#64;&#101;&#108;&#x65;&#x63;t&#114;&#111;&#x73;&#x75;i&#115;&#x73;&#x65;&#x2e;c&#104;\">Altro<\/option><\/select><\/div><\/div><\/div><\/div><div class=\"quform-element quform-element-textarea quform-element-53_13 quform-cf quform-labels-inside quform-element-required\"><div class=\"quform-spacer\"><div class=\"quform-label quform-label-53_13\"><label class=\"quform-label-text\" for=\"quform_53_13_3adf6d\">Il vostro messaggio<span class=\"quform-required\">*<\/span><\/label><\/div><div class=\"quform-inner quform-inner-textarea quform-inner-53_13\"><div class=\"quform-input quform-input-textarea quform-input-53_13 quform-cf\"><textarea id=\"quform_53_13_3adf6d\" name=\"quform_53_13\" class=\"quform-field quform-field-textarea quform-field-53_13\"><\/textarea><\/div><\/div><\/div><\/div><div class=\"quform-element quform-element-select quform-element-53_18 quform-cf quform-element-required\"><div class=\"quform-spacer\"><div class=\"quform-label quform-label-53_18\"><label class=\"quform-label-text\" for=\"quform_53_18_3adf6d\">Intestazione<span class=\"quform-required\">*<\/span><\/label><\/div><div class=\"quform-inner quform-inner-select quform-inner-53_18\"><div class=\"quform-input quform-input-select quform-input-53_18 quform-cf\"><select id=\"quform_53_18_3adf6d\" name=\"quform_53_18\" class=\"quform-field quform-field-select quform-field-53_18\"><option value=\"\" selected=\"selected\">Si prega di selezionare<\/option><option value=\"Signore\">Signore<\/option><option value=\"Signora\">Signora<\/option><\/select><\/div><\/div><\/div><\/div><div class=\"quform-element quform-element-text quform-element-53_6 quform-cf quform-labels-inside quform-element-optional\"><div class=\"quform-spacer\"><div class=\"quform-label quform-label-53_6\"><label class=\"quform-label-text\" for=\"quform_53_6_3adf6d\">Impresa<\/label><\/div><div class=\"quform-inner quform-inner-text quform-inner-53_6\"><div class=\"quform-input quform-input-text quform-input-53_6 quform-cf\"><input type=\"text\" id=\"quform_53_6_3adf6d\" name=\"quform_53_6\" class=\"quform-field quform-field-text quform-field-53_6\" \/><\/div><\/div><\/div><\/div><div class=\"quform-element quform-element-group quform-element-53_14 quform-cf quform-group-style-plain\"><div class=\"quform-spacer\"><div class=\"quform-child-elements\"><div class=\"quform-element quform-element-text quform-element-53_4 quform-cf quform-labels-inside quform-element-required\"><div class=\"quform-spacer\"><div class=\"quform-label quform-label-53_4\"><label class=\"quform-label-text\" for=\"quform_53_4_3adf6d\">Cognome<span class=\"quform-required\">*<\/span><\/label><\/div><div class=\"quform-inner quform-inner-text quform-inner-53_4\"><div class=\"quform-input quform-input-text quform-input-53_4 quform-cf\"><input type=\"text\" id=\"quform_53_4_3adf6d\" name=\"quform_53_4\" class=\"quform-field quform-field-text quform-field-53_4\" \/><\/div><\/div><\/div><\/div><div class=\"quform-element quform-element-text quform-element-53_5 quform-cf quform-labels-inside quform-element-required\"><div class=\"quform-spacer\"><div class=\"quform-label quform-label-53_5\"><label class=\"quform-label-text\" for=\"quform_53_5_3adf6d\">Nome<span class=\"quform-required\">*<\/span><\/label><\/div><div class=\"quform-inner quform-inner-text quform-inner-53_5\"><div class=\"quform-input quform-input-text quform-input-53_5 quform-cf\"><input type=\"text\" id=\"quform_53_5_3adf6d\" name=\"quform_53_5\" class=\"quform-field quform-field-text quform-field-53_5\" \/><\/div><\/div><\/div><\/div><\/div><\/div><\/div><div class=\"quform-element quform-element-group quform-element-53_15 quform-cf quform-group-style-plain\"><div class=\"quform-spacer\"><div class=\"quform-child-elements\"><div class=\"quform-element quform-element-email quform-element-53_11 quform-cf quform-labels-inside quform-element-required\"><div class=\"quform-spacer\"><div class=\"quform-label quform-label-53_11\"><label class=\"quform-label-text\" for=\"quform_53_11_3adf6d\">E-Mail<span class=\"quform-required\">*<\/span><\/label><\/div><div class=\"quform-inner quform-inner-email quform-inner-53_11\"><div class=\"quform-input quform-input-email quform-input-53_11 quform-cf\"><input type=\"email\" id=\"quform_53_11_3adf6d\" name=\"quform_53_11\" class=\"quform-field quform-field-email quform-field-53_11\" \/><\/div><\/div><\/div><\/div><div class=\"quform-element quform-element-text quform-element-53_10 quform-cf quform-labels-inside quform-element-required\"><div class=\"quform-spacer\"><div class=\"quform-label quform-label-53_10\"><label class=\"quform-label-text\" for=\"quform_53_10_3adf6d\">Telefono<span class=\"quform-required\">*<\/span><\/label><\/div><div class=\"quform-inner quform-inner-text quform-inner-53_10\"><div class=\"quform-input quform-input-text quform-input-53_10 quform-cf\"><input type=\"text\" id=\"quform_53_10_3adf6d\" name=\"quform_53_10\" class=\"quform-field quform-field-text quform-field-53_10\" \/><\/div><\/div><\/div><\/div><\/div><\/div><\/div><div class=\"quform-element quform-element-textarea quform-element-53_772548 quform-sr-only quform-cf\" style=\"clip: rect(1px, 1px, 1px, 1px); clip-path: inset(50%); position: absolute !important; height: 1px; width: 1px; overflow: hidden;\"><div class=\"quform-spacer\"><div class=\"quform-label quform-label-53_772548\"><label class=\"quform-label-text\" for=\"quform_53_772548_3adf6d\">Email Address<span class=\"quform-required\">*<\/span><\/label><\/div><div class=\"quform-inner quform-inner-53_772548\"><textarea id=\"quform_53_772548_3adf6d\" name=\"quform_53_772548\" class=\"quform-field quform-field-textarea quform-field-53_772548\" tabindex=\"-1\" autocomplete=\"new-password\"><\/textarea><\/div><\/div><\/div><div class=\"quform-element quform-element-select quform-element-53_34 quform-cf quform-element-required\"><div class=\"quform-spacer\"><div class=\"quform-label quform-label-53_34\"><label class=\"quform-label-text\" for=\"quform_53_34_3adf6d\">Sono \/ siamo membro<span class=\"quform-required\">*<\/span><\/label><\/div><div class=\"quform-inner quform-inner-select quform-inner-53_34\"><div class=\"quform-input quform-input-select quform-input-53_34 quform-cf\"><select id=\"quform_53_34_3adf6d\" name=\"quform_53_34\" class=\"quform-field quform-field-select quform-field-53_34\"><option value=\"\" selected=\"selected\">Si prega di selezionare<\/option><option value=\"S\u00cc, conosco il numero d&#039;iscrizione\">S\u00cc, conosco il numero d&#039;iscrizione<\/option><option value=\"S\u00cc, ma non conosco il numero di iscrizione\">S\u00cc, ma non conosco il numero di iscrizione<\/option><option value=\"NO, nessuna iscrizione a Electrosuisse\">NO, nessuna iscrizione a Electrosuisse<\/option><\/select><\/div><\/div><\/div><\/div><div class=\"quform-element quform-element-text quform-element-53_33 quform-cf quform-labels-inside quform-element-optional\"><div class=\"quform-spacer\"><div class=\"quform-label quform-label-53_33\"><label class=\"quform-label-text\" for=\"quform_53_33_3adf6d\">Numero di membro<\/label><\/div><div class=\"quform-inner quform-inner-text quform-inner-53_33\"><div class=\"quform-input quform-input-text quform-input-53_33 quform-cf\"><input type=\"text\" id=\"quform_53_33_3adf6d\" name=\"quform_53_33\" class=\"quform-field quform-field-text quform-field-53_33\" \/><\/div><\/div><\/div><\/div><div class=\"quform-element quform-element-submit quform-element-53_2 quform-cf quform-button-style-theme\"><div class=\"quform-button-submit quform-button-submit-default quform-button-submit-53_2\"><button name=\"quform_submit\" type=\"submit\" class=\"quform-submit\" value=\"submit\"><span class=\"quform-button-text quform-button-submit-text\">Invia<\/span><\/button><\/div><div class=\"quform-loading quform-loading-position-left quform-loading-type-spinner-1\"><div class=\"quform-loading-inner\"><div class=\"quform-loading-spinner\"><div class=\"quform-loading-spinner-inner\"><\/div><\/div><\/div><\/div><\/div><\/div><\/div><\/div><\/div><\/form><\/div><\/div><\/div>[\/vc_column_inner][vc_column_inner width=&#8221;1\/3&#8243;]<div class=\"wpb_address_column wpb_content_element\"><div class=\"wpb_wrapper\"><div class=\"address_container\"><h5>Electrosuisse<\/h5><address><div class=\"address has-link\"><a href=\"https:\/\/goo.gl\/maps\/pvDAro1Y9g7KmSEn7\" target=\"_blank\" rel=\"noopener\">Luppmenstrasse 1<br \/>\n8320 Fehraltorf<\/a><\/div><div class=\"phone has-link\"><a href=\"tel:+41585951111\">+41 58 595 11 11<\/a><\/div><div class=\"mail has-link\"><a href=\"ma&#105;&#108;&#116;&#111;&#x3a;&#x69;&#x6e;&#x66;&#x6f;&#64;e&#108;&#101;&#99;&#116;&#x72;&#x6f;&#x73;&#x75;&#x69;ss&#101;&#46;&#99;&#104;\">&#105;&#x6e;&#x66;o&#64;&#x65;&#x6c;e&#99;&#x74;r&#111;&#x73;&#x75;i&#115;&#x73;e&#46;&#x63;&#x68;<\/a><\/div><\/address><\/div><\/div><\/div><div class=\"wpb_address_column wpb_content_element\"><div class=\"wpb_wrapper\"><div class=\"address_container\"><h5>Succursale<\/h5><address><div class=\"address has-link\"><a href=\"https:\/\/www.google.com\/maps\/place\/Electrosuisse+Niederlassung\/@46.6164015,7.035726,17z\/data=!3m1!4b1!4m5!3m4!1s0x478e6386928790b5:0x9537172ab539da0!8m2!3d46.6164015!4d7.0379147?shorturl=1\" target=\"_blank\" rel=\"noopener\">Route de la P\u00e2la 100<br \/>\n1630 Bulle<\/a><\/div><div class=\"phone has-link\"><a href=\"tel:+41585951333\">+41 58 595 13 33<\/a><\/div><div class=\"mail has-link\"><a href=\"&#x6d;&#x61;&#x69;&#x6c;&#x74;&#x6f;&#x3a;&#x69;&#x6e;&#x66;&#x6f;&#x40;&#x65;&#x6c;&#x65;&#x63;&#x74;&#x72;&#x6f;&#x73;&#x75;&#x69;&#115;&#115;&#101;&#46;&#99;&#104;\">&#x69;&#x6e;&#102;&#111;&#64;&#x65;&#x6c;&#x65;&#99;tr&#x6f;&#x73;&#117;&#105;s&#x73;&#x65;&#x2e;&#99;h<\/a><\/div><\/address><\/div><\/div><\/div><div class=\"wpb_address_column wpb_content_element\"><div class=\"wpb_wrapper\"><div class=\"address_container\"><h5>Ufficio regionale<\/h5><address><div class=\"address has-link\"><a href=\"https:\/\/www.google.com\/maps\/place\/Freiburgstrasse+251,+3018+Bern\/@46.9383195,7.3961087,17z\/data=!4m16!1m9!3m8!1s0x478e391e78c6edff:0x632b8f7dcf65c470!2sFreiburgstrasse+251,+3018+Bern!3b1!8m2!3d46.9383195!4d7.3982974!10e3!16s%2Fg%2F11bw3xdq31!3m5!1s0x478e391e78c6edff:0x632b8f7dcf65c470!8m2!3d46.9383195!4d7.3982974!16s%2Fg%2F11bw3xdq31?entry=ttu\" target=\"_blank\" rel=\"noopener\">Freiburgstrasse 251<br \/>\n3018 Bern<\/a><\/div><div class=\"phone has-link\"><a href=\"tel:+41585951411\">+41 58 595 14 11<\/a><\/div><div class=\"mail has-link\"><a href=\"&#109;&#97;&#x69;l&#116;&#x6f;&#x3a;i&#110;&#x66;&#x6f;&#64;&#101;&#x6c;e&#99;&#x74;&#x72;o&#115;&#x75;&#x69;s&#115;&#x65;&#46;&#99;&#x68;\">&#105;&#x6e;&#102;&#x6f;&#64;&#x65;&#108;&#x65;&#99;&#x74;&#114;&#x6f;s&#x75;i&#x73;s&#x65;&#46;&#x63;h<\/a><\/div><\/address><\/div><\/div><\/div><div class=\"wpb_address_column wpb_content_element\"><div class=\"wpb_wrapper\"><div class=\"address_container\"><h5>Ufficio regionale<\/h5><address><div class=\"address has-link\"><a href=\"https:\/\/www.google.com\/maps\/place\/Hornimattstrasse+22,+5103+Wildegg\/@47.4161691,8.1670884,17z\/data=!3m1!4b1!4m5!3m4!1s0x4790158a579f91fb:0xeab5bbe3365c485!8m2!3d47.4161691!4d8.1692771\" target=\"_blank\" rel=\"noopener\">Hornimattstrasse 2<br \/>\n5103 M\u00f6riken-Wildegg<\/a><\/div><div class=\"phone has-link\"><a href=\"tel:+41585951111\">+41 58 595 11 11<\/a><\/div><div class=\"mail has-link\"><a href=\"&#109;a&#x69;l&#x74;o&#x3a;i&#x6e;&#102;&#x6f;&#64;&#x65;&#108;&#x65;&#99;t&#114;o&#x73;u&#x69;s&#x73;&#101;&#x2e;&#99;&#x68;\">&#x69;&#110;f&#x6f;&#64;e&#x6c;&#101;c&#x74;&#114;o&#x73;&#117;i&#x73;&#x73;e&#x2e;&#x63;&#104;<\/a><\/div><\/address><\/div><\/div><\/div>[\/vc_column_inner][\/vc_row_inner][\/vc_column][\/vc_row]<\/p>\n<\/div>","protected":false},"excerpt":{"rendered":"<p>[vc_row][vc_column][vc_column_text] Contatto [\/vc_column_text][vc_column_text]Seleziona la tua richiesta. Vi risponderemo il pi\u00f9 presto possibile. Puoi anche trovare le risposte a molte domande nelle nostre FAQ.[\/vc_column_text][vc_row_inner][vc_column_inner width=&#8221;2\/3&#8243;][\/vc_column_inner][vc_column_inner width=&#8221;1\/3&#8243;][\/vc_column_inner][\/vc_row_inner][\/vc_column][\/vc_row]<\/p>\n","protected":false},"author":2,"featured_media":0,"parent":0,"menu_order":364,"comment_status":"closed","ping_status":"closed","template":"page-map.php","meta":{"_acf_changed":false,"_monsterinsights_skip_tracking":false,"_monsterinsights_sitenote_active":false,"_monsterinsights_sitenote_note":"","_monsterinsights_sitenote_category":0,"footnotes":""},"class_list":["post-3800","page","type-page","status-publish","hentry"],"acf":[],"yoast_head":"<!-- This site is optimized with the Yoast SEO Premium plugin v26.4 (Yoast SEO v27.0) - https:\/\/yoast.com\/product\/yoast-seo-premium-wordpress\/ -->\n<title>Contatto - Electrosuisse<\/title>\n<meta name=\"description\" content=\"Selezionate la vostra richiesta e contattateci. Vi risponderemo al pi\u00f9 presto; anche le FAQ possono esservi d&#039;aiuto.\" \/>\n<meta name=\"robots\" content=\"index, follow, max-snippet:-1, max-image-preview:large, max-video-preview:-1\" \/>\n<link rel=\"canonical\" href=\"https:\/\/www.electrosuisse.ch\/it\/contatto\/\" \/>\n<meta property=\"og:locale\" content=\"it_IT\" \/>\n<meta property=\"og:type\" content=\"article\" \/>\n<meta property=\"og:title\" content=\"Contatto - Electrosuisse\" \/>\n<meta property=\"og:description\" content=\"Selezionate la vostra richiesta e contattateci. Vi risponderemo al pi\u00f9 presto; anche le FAQ possono esservi d&#039;aiuto.\" \/>\n<meta property=\"og:url\" content=\"https:\/\/www.electrosuisse.ch\/it\/contatto\/\" \/>\n<meta property=\"og:site_name\" content=\"Electrosuisse\" \/>\n<meta property=\"article:modified_time\" content=\"2026-03-24T11:35:14+00:00\" \/>\n<meta property=\"og:image\" content=\"https:\/\/www.electrosuisse.ch\/wp-content\/uploads\/2022\/12\/Electrosuisse_Ueber_uns_1578x650.jpg\" \/>\n\t<meta property=\"og:image:width\" content=\"1578\" \/>\n\t<meta property=\"og:image:height\" content=\"650\" \/>\n\t<meta property=\"og:image:type\" content=\"image\/jpeg\" \/>\n<script type=\"application\/ld+json\" class=\"yoast-schema-graph\">{\"@context\":\"https:\/\/schema.org\",\"@graph\":[{\"@type\":\"WebPage\",\"@id\":\"https:\/\/www.electrosuisse.ch\/it\/contatto\/\",\"url\":\"https:\/\/www.electrosuisse.ch\/it\/contatto\/\",\"name\":\"Contatto - Electrosuisse\",\"isPartOf\":{\"@id\":\"https:\/\/www.electrosuisse.ch\/it\/#website\"},\"datePublished\":\"2018-06-24T09:36:02+00:00\",\"dateModified\":\"2026-03-24T11:35:14+00:00\",\"description\":\"Selezionate la vostra richiesta e contattateci. Vi risponderemo al pi\u00f9 presto; anche le FAQ possono esservi d'aiuto.\",\"inLanguage\":\"it-IT\",\"potentialAction\":[{\"@type\":\"ReadAction\",\"target\":[\"https:\/\/www.electrosuisse.ch\/it\/contatto\/\"]}]},{\"@type\":\"WebSite\",\"@id\":\"https:\/\/www.electrosuisse.ch\/it\/#website\",\"url\":\"https:\/\/www.electrosuisse.ch\/it\/\",\"name\":\"Electrosuisse\",\"description\":\"\",\"publisher\":{\"@id\":\"https:\/\/www.electrosuisse.ch\/it\/#organization\"},\"potentialAction\":[{\"@type\":\"SearchAction\",\"target\":{\"@type\":\"EntryPoint\",\"urlTemplate\":\"https:\/\/www.electrosuisse.ch\/it\/?s={search_term_string}\"},\"query-input\":{\"@type\":\"PropertyValueSpecification\",\"valueRequired\":true,\"valueName\":\"search_term_string\"}}],\"inLanguage\":\"it-IT\"},{\"@type\":\"Organization\",\"@id\":\"https:\/\/www.electrosuisse.ch\/it\/#organization\",\"name\":\"Electrosuisse\",\"url\":\"https:\/\/www.electrosuisse.ch\/it\/\",\"logo\":{\"@type\":\"ImageObject\",\"inLanguage\":\"it-IT\",\"@id\":\"https:\/\/www.electrosuisse.ch\/it\/#\/schema\/logo\/image\/\",\"url\":\"https:\/\/www.electrosuisse.ch\/wp-content\/uploads\/2025\/04\/Electrosuisse_Logo_696x696.png\",\"contentUrl\":\"https:\/\/www.electrosuisse.ch\/wp-content\/uploads\/2025\/04\/Electrosuisse_Logo_696x696.png\",\"width\":696,\"height\":696,\"caption\":\"Electrosuisse\"},\"image\":{\"@id\":\"https:\/\/www.electrosuisse.ch\/it\/#\/schema\/logo\/image\/\"},\"sameAs\":[\"https:\/\/www.linkedin.com\/company\/electrosuisse-ag\/posts\/?feedView=all\",\"https:\/\/www.instagram.com\/electrosuisse1889\/\",\"https:\/\/www.youtube.com\/channel\/UCoOxohMiVE0Gjcdis1L09zw\"],\"description\":\"Electrosuisse ist eine anerkannte und unabh\u00e4ngige Fachorganisation, die erstklassige Dienstleistungen und Produkte in den Bereichen Inspektion, Beratung, Pr\u00fcfung, Zertifizierung, Normung und Weiterbildung anbietet. Unsere Expertise umfasst Elektrotechnik, Elektromobilit\u00e4t, Energieberatung, Geb\u00e4udeautomation und Photovoltaik in der Schweiz. Durch die Veranstaltung etablierter Branchen-Events und Fachtagungen f\u00f6rdert Electrosuisse den Wissenstransfer und den fachlichen Austausch. Im Mittelpunkt unserer T\u00e4tigkeiten steht die F\u00f6rderung der sicheren, wirtschaftlichen und umweltgerechten Anwendung der Elektrotechnik.\"}]}<\/script>\n<!-- \/ Yoast SEO Premium plugin. -->","yoast_head_json":{"title":"Contatto - Electrosuisse","description":"Selezionate la vostra richiesta e contattateci. Vi risponderemo al pi\u00f9 presto; anche le FAQ possono esservi d'aiuto.","robots":{"index":"index","follow":"follow","max-snippet":"max-snippet:-1","max-image-preview":"max-image-preview:large","max-video-preview":"max-video-preview:-1"},"canonical":"https:\/\/www.electrosuisse.ch\/it\/contatto\/","og_locale":"it_IT","og_type":"article","og_title":"Contatto - Electrosuisse","og_description":"Selezionate la vostra richiesta e contattateci. Vi risponderemo al pi\u00f9 presto; anche le FAQ possono esservi d'aiuto.","og_url":"https:\/\/www.electrosuisse.ch\/it\/contatto\/","og_site_name":"Electrosuisse","article_modified_time":"2026-03-24T11:35:14+00:00","og_image":[{"width":1578,"height":650,"url":"https:\/\/www.electrosuisse.ch\/wp-content\/uploads\/2022\/12\/Electrosuisse_Ueber_uns_1578x650.jpg","type":"image\/jpeg"}],"schema":{"@context":"https:\/\/schema.org","@graph":[{"@type":"WebPage","@id":"https:\/\/www.electrosuisse.ch\/it\/contatto\/","url":"https:\/\/www.electrosuisse.ch\/it\/contatto\/","name":"Contatto - Electrosuisse","isPartOf":{"@id":"https:\/\/www.electrosuisse.ch\/it\/#website"},"datePublished":"2018-06-24T09:36:02+00:00","dateModified":"2026-03-24T11:35:14+00:00","description":"Selezionate la vostra richiesta e contattateci. Vi risponderemo al pi\u00f9 presto; anche le FAQ possono esservi d'aiuto.","inLanguage":"it-IT","potentialAction":[{"@type":"ReadAction","target":["https:\/\/www.electrosuisse.ch\/it\/contatto\/"]}]},{"@type":"WebSite","@id":"https:\/\/www.electrosuisse.ch\/it\/#website","url":"https:\/\/www.electrosuisse.ch\/it\/","name":"Electrosuisse","description":"","publisher":{"@id":"https:\/\/www.electrosuisse.ch\/it\/#organization"},"potentialAction":[{"@type":"SearchAction","target":{"@type":"EntryPoint","urlTemplate":"https:\/\/www.electrosuisse.ch\/it\/?s={search_term_string}"},"query-input":{"@type":"PropertyValueSpecification","valueRequired":true,"valueName":"search_term_string"}}],"inLanguage":"it-IT"},{"@type":"Organization","@id":"https:\/\/www.electrosuisse.ch\/it\/#organization","name":"Electrosuisse","url":"https:\/\/www.electrosuisse.ch\/it\/","logo":{"@type":"ImageObject","inLanguage":"it-IT","@id":"https:\/\/www.electrosuisse.ch\/it\/#\/schema\/logo\/image\/","url":"https:\/\/www.electrosuisse.ch\/wp-content\/uploads\/2025\/04\/Electrosuisse_Logo_696x696.png","contentUrl":"https:\/\/www.electrosuisse.ch\/wp-content\/uploads\/2025\/04\/Electrosuisse_Logo_696x696.png","width":696,"height":696,"caption":"Electrosuisse"},"image":{"@id":"https:\/\/www.electrosuisse.ch\/it\/#\/schema\/logo\/image\/"},"sameAs":["https:\/\/www.linkedin.com\/company\/electrosuisse-ag\/posts\/?feedView=all","https:\/\/www.instagram.com\/electrosuisse1889\/","https:\/\/www.youtube.com\/channel\/UCoOxohMiVE0Gjcdis1L09zw"],"description":"Electrosuisse ist eine anerkannte und unabh\u00e4ngige Fachorganisation, die erstklassige Dienstleistungen und Produkte in den Bereichen Inspektion, Beratung, Pr\u00fcfung, Zertifizierung, Normung und Weiterbildung anbietet. Unsere Expertise umfasst Elektrotechnik, Elektromobilit\u00e4t, Energieberatung, Geb\u00e4udeautomation und Photovoltaik in der Schweiz. Durch die Veranstaltung etablierter Branchen-Events und Fachtagungen f\u00f6rdert Electrosuisse den Wissenstransfer und den fachlichen Austausch. Im Mittelpunkt unserer T\u00e4tigkeiten steht die F\u00f6rderung der sicheren, wirtschaftlichen und umweltgerechten Anwendung der Elektrotechnik."}]}},"amp_enabled":false,"_links":{"self":[{"href":"https:\/\/www.electrosuisse.ch\/it\/wp-json\/wp\/v2\/pages\/3800","targetHints":{"allow":["GET"]}}],"collection":[{"href":"https:\/\/www.electrosuisse.ch\/it\/wp-json\/wp\/v2\/pages"}],"about":[{"href":"https:\/\/www.electrosuisse.ch\/it\/wp-json\/wp\/v2\/types\/page"}],"author":[{"embeddable":true,"href":"https:\/\/www.electrosuisse.ch\/it\/wp-json\/wp\/v2\/users\/2"}],"replies":[{"embeddable":true,"href":"https:\/\/www.electrosuisse.ch\/it\/wp-json\/wp\/v2\/comments?post=3800"}],"version-history":[{"count":2,"href":"https:\/\/www.electrosuisse.ch\/it\/wp-json\/wp\/v2\/pages\/3800\/revisions"}],"predecessor-version":[{"id":32496,"href":"https:\/\/www.electrosuisse.ch\/it\/wp-json\/wp\/v2\/pages\/3800\/revisions\/32496"}],"wp:attachment":[{"href":"https:\/\/www.electrosuisse.ch\/it\/wp-json\/wp\/v2\/media?parent=3800"}],"curies":[{"name":"wp","href":"https:\/\/api.w.org\/{rel}","templated":true}]}}