{"id":3777,"date":"2018-06-24T11:06:28","date_gmt":"2018-06-24T09:06:28","guid":{"rendered":"https:\/\/www.electrosuisse.ch\/mitglieder-service\/services\/publikationen\/"},"modified":"2026-03-23T12:56:09","modified_gmt":"2026-03-23T11:56:09","slug":"pubblicazioni","status":"publish","type":"page","link":"https:\/\/www.electrosuisse.ch\/it\/media\/pubblicazioni\/","title":{"rendered":"Pubblicazioni"},"content":{"rendered":"<div class=\"wpb-content-wrapper\"><p>[vc_row][vc_column][vc_column_text el_class=&#8221;lead&#8221;]Oggi come in passato lo sviluppo di nuove tecnologie, strategie e legislazioni forniscono importanti stimoli per le nostre attivit\u00e0. Le news, le pubblicazioni e le manifestazioni del settore vi consentono di acquisire il know-how necessario per affrontare il futuro.[\/vc_column_text][\/vc_column][\/vc_row][vc_row el_id=&#8221;bulletin&#8221;][vc_column][vc_column_text css=&#8221;&#8221;]<\/p>\n<h3>Bulletin.ch \u2013 Abbonamento al sapere<\/h3>\n<p>In edizione stampata o online su <a href=\"https:\/\/www.bulletin.ch\/\" target=\"_blank\" rel=\"noopener\">bulletin.ch<\/a> \u2013 la rivista specializzata dedicata agli operatori del settore.[\/vc_column_text]<div class=\"wpb_text_image_column wpb_text_image_column--below wpb_content_element \"><div class=\"wpb_wrapper\"><div class=\"picture_container\"><picture><source media=\"(min-width: 769px)\" srcset=\"https:\/\/www.electrosuisse.ch\/wp-content\/uploads\/2026\/02\/Bulletin.ch_360x360.jpg\"><source media=\"(min-width: 415px)\" srcset=\"https:\/\/www.electrosuisse.ch\/wp-content\/uploads\/2026\/02\/Bulletin.ch_360x360.jpg\"><source media=\"(max-width: 414px)\" srcset=\"https:\/\/www.electrosuisse.ch\/wp-content\/uploads\/2026\/02\/Bulletin.ch_360x360.jpg 1x, https:\/\/www.electrosuisse.ch\/wp-content\/uploads\/2026\/02\/Bulletin.ch_360x360.jpg 2x\"><img decoding=\"async\" src=\"https:\/\/www.electrosuisse.ch\/wp-content\/uploads\/2026\/02\/Bulletin.ch_360x360.jpg\" alt=\"Bulletin.ch \u2013 Abbonamento al sapere\" \/><\/picture><\/div><p>Con 8 edizioni vi informiamo sui temi attuali<\/p>\n<ul>\n<li>Tecnologia energetica<\/li>\n<li>Tecnologia dell\u2019informazione e della comunicazione<\/li>\n<li>Tecnologia ambientale<\/li>\n<li>Economia delle fonti energetiche<\/li>\n<li>Normazione nazionale e internazionale (<a href=\"https:\/\/www.electrosuisse.ch\/it\/perche-normazione\/ces\/\">CES<\/a>,\u00a0<a href=\"https:\/\/www.electrosuisse.ch\/it\/perche-normazione\/cenelec\/\">CENELEC<\/a>,\u00a0<a href=\"https:\/\/www.electrosuisse.ch\/it\/perche-normazione\/cei\/\">IEC<\/a>)<\/li>\n<li>News dell\u2019associazione<\/li>\n<\/ul>\n<p>\n<\/div><\/div>[\/vc_column][\/vc_row][vc_row el_id=&#8221;books&#8221;][vc_column][vc_column_text]<\/p>\n<h3>Letteratura specialistica<\/h3>\n<p>Nello shop online \u00e8 disponibile una selezione di testi specialistici. I membri beneficiano di agevolazioni.[\/vc_column_text]<div class=\"wpb_text_image_column wpb_text_image_column--below wpb_content_element \"><div class=\"wpb_wrapper\"><div class=\"picture_container\"><picture><source media=\"(min-width: 769px)\" srcset=\"https:\/\/www.electrosuisse.ch\/wp-content\/uploads\/2019\/02\/fachbuecher_electrosuisse-570x336.jpg\"><source media=\"(min-width: 415px)\" srcset=\"https:\/\/www.electrosuisse.ch\/wp-content\/uploads\/2019\/02\/fachbuecher_electrosuisse.jpg\"><source media=\"(max-width: 414px)\" srcset=\"https:\/\/www.electrosuisse.ch\/wp-content\/uploads\/2019\/02\/fachbuecher_electrosuisse-414x244.jpg 1x, https:\/\/www.electrosuisse.ch\/wp-content\/uploads\/2019\/02\/fachbuecher_electrosuisse.jpg 2x\"><img decoding=\"async\" src=\"https:\/\/www.electrosuisse.ch\/wp-content\/uploads\/2019\/02\/fachbuecher_electrosuisse-570x336.jpg\" alt=\"Letteratura specialistica\" \/><\/picture><\/div><p>I corsi di specializzazione rappresentano il vostro vantaggio personale in un mercato del lavoro in continua evoluzione. I nostri corsi specializzati sono orientati alle esigenze della pratica.<\/p>\n<div class=\"button button--normal\"><a href=\"https:\/\/shop.electrosuisse.ch\/it\/landingpages\/libri-e-manualistica\/\" target=\"_blank\" rel=\"noopener\">Vai al Shop<\/a><\/div><\/div><\/div>[\/vc_column][\/vc_row][vc_row el_id=&#8221;lohnradar&#8221;][vc_column][vc_column_text]<\/p>\n<h3>Focus Salaire<\/h3>\n<p>[\/vc_column_text]<div class=\"wpb_text_image_column wpb_text_image_column--below wpb_content_element \"><div class=\"wpb_wrapper\"><div class=\"picture_container\"><picture><source media=\"(min-width: 769px)\" srcset=\"https:\/\/www.electrosuisse.ch\/wp-content\/uploads\/2020\/11\/Lohnradar_2020_585x345-570x336.jpg\"><source media=\"(min-width: 415px)\" srcset=\"https:\/\/www.electrosuisse.ch\/wp-content\/uploads\/2020\/11\/Lohnradar_2020_585x345.jpg\"><source media=\"(max-width: 414px)\" srcset=\"https:\/\/www.electrosuisse.ch\/wp-content\/uploads\/2020\/11\/Lohnradar_2020_585x345-414x244.jpg 1x, https:\/\/www.electrosuisse.ch\/wp-content\/uploads\/2020\/11\/Lohnradar_2020_585x345.jpg 2x\"><img decoding=\"async\" src=\"https:\/\/www.electrosuisse.ch\/wp-content\/uploads\/2020\/11\/Lohnradar_2020_585x345-570x336.jpg\" alt=\"Focus Salaire\" \/><\/picture><\/div><p>Focus Salaire \u00e8 uno studio concepito in modo specifico per il settore dell\u2019elettricit\u00e0 e dell\u2019energia in Svizzera, allo scopo di creare trasparenza nel mondo lavorativo di questo ramo.<\/p>\n<div class=\"button button--normal\"><a href=\"https:\/\/www.electrosuisse.ch\/it\/media\/pubblicazioni\/focus-salaire\/\">Saperne di pi\u00f9<\/a><\/div><\/div><\/div>[\/vc_column][\/vc_row][vc_row el_id=&#8221;infobro&#8221;][vc_column][vc_column_text]<\/p>\n<h3>Opuscoli<\/h3>\n<p>Opuscoli informativi al servizio del sapere \u2013 offerta diversificata, chiara e compatta .[\/vc_column_text]<div class=\"wpb_text_image_column wpb_text_image_column--below wpb_content_element \"><div class=\"wpb_wrapper\"><div class=\"picture_container\"><picture><source media=\"(min-width: 769px)\" srcset=\"https:\/\/www.electrosuisse.ch\/wp-content\/uploads\/2019\/02\/magazine_broschueren_news_electrosuisse-570x336.jpg\"><source media=\"(min-width: 415px)\" srcset=\"https:\/\/www.electrosuisse.ch\/wp-content\/uploads\/2019\/02\/magazine_broschueren_news_electrosuisse.jpg\"><source media=\"(max-width: 414px)\" srcset=\"https:\/\/www.electrosuisse.ch\/wp-content\/uploads\/2019\/02\/magazine_broschueren_news_electrosuisse-414x244.jpg 1x, https:\/\/www.electrosuisse.ch\/wp-content\/uploads\/2019\/02\/magazine_broschueren_news_electrosuisse.jpg 2x\"><img decoding=\"async\" src=\"https:\/\/www.electrosuisse.ch\/wp-content\/uploads\/2019\/02\/magazine_broschueren_news_electrosuisse-570x336.jpg\" alt=\"Opuscoli informativi\" \/><\/picture><\/div>\n<div class=\"accordion__element\">\n<p>Scaricabili gratuitamente o disponibili in edizione stampata alle seguenti condizioni:<\/p>\n<p>da 1 a 10 copie: gratis<\/p>\n<p>da 11 copie in poi: CHF 5.00\/ pezzo<\/p>\n<\/div>\n<div class=\"button button--normal\"><a href=\"https:\/\/www.electrosuisse.ch\/it\/downloads\/servizi-per-i-membri-downloads\/\" target=\"_blank\" rel=\"noopener\">Panoramica opuscoli<\/a><\/div><\/div><\/div>[\/vc_column][\/vc_row][vc_row el_id=&#8221;video&#8221;][vc_column][vc_column_text]<\/p>\n<h3>Videos<\/h3>\n<p>[\/vc_column_text][vc_column_text]I filmati testimoniano il nostro impegno.[\/vc_column_text]<div class=\"wpb_text_image_column wpb_text_image_column--below wpb_content_element \"><div class=\"wpb_wrapper\"><div class=\"picture_container\"><picture><source media=\"(min-width: 769px)\" srcset=\"https:\/\/www.electrosuisse.ch\/wp-content\/uploads\/2018\/12\/video_youtube_electrosuisse-570x328.jpg\"><source media=\"(min-width: 415px)\" srcset=\"https:\/\/www.electrosuisse.ch\/wp-content\/uploads\/2018\/12\/video_youtube_electrosuisse.jpg\"><source media=\"(max-width: 414px)\" srcset=\"https:\/\/www.electrosuisse.ch\/wp-content\/uploads\/2018\/12\/video_youtube_electrosuisse-414x238.jpg 1x, https:\/\/www.electrosuisse.ch\/wp-content\/uploads\/2018\/12\/video_youtube_electrosuisse.jpg 2x\"><img decoding=\"async\" src=\"https:\/\/www.electrosuisse.ch\/wp-content\/uploads\/2018\/12\/video_youtube_electrosuisse-570x328.jpg\" alt=\"Videos\" \/><\/picture><\/div><p>I corsi di specializzazione rappresentano il vostro vantaggio personale in un mercato del lavoro in continua evoluzione. I nostri corsi specializzati sono orientati alle esigenze della pratica.<\/p>\n<div class=\"button button--normal\"><a href=\"https:\/\/www.youtube.com\/channel\/UCoOxohMiVE0Gjcdis1L09zw\" target=\"_blank\" rel=\"noopener\">Al canale YouTube<\/a><\/div><\/div><\/div>[\/vc_column][\/vc_row]<\/p>\n<\/div>","protected":false},"excerpt":{"rendered":"<p>[vc_row][vc_column][vc_column_text el_class=&#8221;lead&#8221;]Oggi come in passato lo sviluppo di nuove tecnologie, strategie e legislazioni forniscono importanti stimoli per le nostre attivit\u00e0. Le news, le pubblicazioni e le manifestazioni del settore vi consentono di acquisire il know-how necessario per affrontare il futuro.[\/vc_column_text][\/vc_column][\/vc_row][vc_row el_id=&#8221;bulletin&#8221;][vc_column][vc_column_text css=&#8221;&#8221;] Bulletin.ch \u2013 Abbonamento al sapere In edizione stampata o online su bulletin.ch \u2013 [&hellip;]<\/p>\n","protected":false},"author":2,"featured_media":0,"parent":3809,"menu_order":60,"comment_status":"closed","ping_status":"closed","template":"","meta":{"_acf_changed":false,"_monsterinsights_skip_tracking":false,"_monsterinsights_sitenote_active":false,"_monsterinsights_sitenote_note":"","_monsterinsights_sitenote_category":0,"footnotes":""},"class_list":["post-3777","page","type-page","status-publish","hentry"],"acf":[],"yoast_head":"<!-- This site is optimized with the Yoast SEO Premium plugin v26.4 (Yoast SEO v27.0) - https:\/\/yoast.com\/product\/yoast-seo-premium-wordpress\/ -->\n<title>Il sapere a vostro vantaggio - pubblicazioni Electrosuisse<\/title>\n<meta name=\"description\" content=\"Le news, le pubblicazioni e le manifestazioni del settore vi consentono di acquisire il know-how necessario per affrontare il futuro.\" \/>\n<meta name=\"robots\" content=\"index, follow, max-snippet:-1, max-image-preview:large, max-video-preview:-1\" \/>\n<link rel=\"canonical\" href=\"https:\/\/www.electrosuisse.ch\/it\/media\/pubblicazioni\/\" \/>\n<meta property=\"og:locale\" content=\"it_IT\" \/>\n<meta property=\"og:type\" content=\"article\" \/>\n<meta property=\"og:title\" content=\"Il sapere a vostro vantaggio - pubblicazioni Electrosuisse\" \/>\n<meta property=\"og:description\" content=\"Le news, le pubblicazioni e le manifestazioni del settore vi consentono di acquisire il know-how necessario per affrontare il futuro.\" \/>\n<meta property=\"og:url\" content=\"https:\/\/www.electrosuisse.ch\/it\/media\/pubblicazioni\/\" \/>\n<meta property=\"og:site_name\" content=\"Electrosuisse\" \/>\n<meta property=\"article:modified_time\" content=\"2026-03-23T11:56:09+00:00\" \/>\n<meta property=\"og:image\" content=\"https:\/\/www.electrosuisse.ch\/wp-content\/uploads\/2019\/02\/electrosuisse_publikationen.jpg\" \/>\n\t<meta property=\"og:image:width\" content=\"1578\" \/>\n\t<meta property=\"og:image:height\" content=\"650\" \/>\n\t<meta property=\"og:image:type\" content=\"image\/jpeg\" \/>\n<script type=\"application\/ld+json\" class=\"yoast-schema-graph\">{\"@context\":\"https:\/\/schema.org\",\"@graph\":[{\"@type\":\"WebPage\",\"@id\":\"https:\/\/www.electrosuisse.ch\/it\/media\/pubblicazioni\/\",\"url\":\"https:\/\/www.electrosuisse.ch\/it\/media\/pubblicazioni\/\",\"name\":\"Il sapere a vostro vantaggio - pubblicazioni Electrosuisse\",\"isPartOf\":{\"@id\":\"https:\/\/www.electrosuisse.ch\/it\/#website\"},\"datePublished\":\"2018-06-24T09:06:28+00:00\",\"dateModified\":\"2026-03-23T11:56:09+00:00\",\"description\":\"Le news, le pubblicazioni e le manifestazioni del settore vi consentono di acquisire il know-how necessario per affrontare il futuro.\",\"breadcrumb\":{\"@id\":\"https:\/\/www.electrosuisse.ch\/it\/media\/pubblicazioni\/#breadcrumb\"},\"inLanguage\":\"it-IT\",\"potentialAction\":[{\"@type\":\"ReadAction\",\"target\":[\"https:\/\/www.electrosuisse.ch\/it\/media\/pubblicazioni\/\"]}]},{\"@type\":\"BreadcrumbList\",\"@id\":\"https:\/\/www.electrosuisse.ch\/it\/media\/pubblicazioni\/#breadcrumb\",\"itemListElement\":[{\"@type\":\"ListItem\",\"position\":1,\"name\":\"Media\",\"item\":\"https:\/\/www.electrosuisse.ch\/it\/media\/\"},{\"@type\":\"ListItem\",\"position\":2,\"name\":\"Pubblicazioni\"}]},{\"@type\":\"WebSite\",\"@id\":\"https:\/\/www.electrosuisse.ch\/it\/#website\",\"url\":\"https:\/\/www.electrosuisse.ch\/it\/\",\"name\":\"Electrosuisse\",\"description\":\"\",\"publisher\":{\"@id\":\"https:\/\/www.electrosuisse.ch\/it\/#organization\"},\"potentialAction\":[{\"@type\":\"SearchAction\",\"target\":{\"@type\":\"EntryPoint\",\"urlTemplate\":\"https:\/\/www.electrosuisse.ch\/it\/?s={search_term_string}\"},\"query-input\":{\"@type\":\"PropertyValueSpecification\",\"valueRequired\":true,\"valueName\":\"search_term_string\"}}],\"inLanguage\":\"it-IT\"},{\"@type\":\"Organization\",\"@id\":\"https:\/\/www.electrosuisse.ch\/it\/#organization\",\"name\":\"Electrosuisse\",\"url\":\"https:\/\/www.electrosuisse.ch\/it\/\",\"logo\":{\"@type\":\"ImageObject\",\"inLanguage\":\"it-IT\",\"@id\":\"https:\/\/www.electrosuisse.ch\/it\/#\/schema\/logo\/image\/\",\"url\":\"https:\/\/www.electrosuisse.ch\/wp-content\/uploads\/2025\/04\/Electrosuisse_Logo_696x696.png\",\"contentUrl\":\"https:\/\/www.electrosuisse.ch\/wp-content\/uploads\/2025\/04\/Electrosuisse_Logo_696x696.png\",\"width\":696,\"height\":696,\"caption\":\"Electrosuisse\"},\"image\":{\"@id\":\"https:\/\/www.electrosuisse.ch\/it\/#\/schema\/logo\/image\/\"},\"sameAs\":[\"https:\/\/www.linkedin.com\/company\/electrosuisse-ag\/posts\/?feedView=all\",\"https:\/\/www.instagram.com\/electrosuisse1889\/\",\"https:\/\/www.youtube.com\/channel\/UCoOxohMiVE0Gjcdis1L09zw\"],\"description\":\"Electrosuisse ist eine anerkannte und unabh\u00e4ngige Fachorganisation, die erstklassige Dienstleistungen und Produkte in den Bereichen Inspektion, Beratung, Pr\u00fcfung, Zertifizierung, Normung und Weiterbildung anbietet. Unsere Expertise umfasst Elektrotechnik, Elektromobilit\u00e4t, Energieberatung, Geb\u00e4udeautomation und Photovoltaik in der Schweiz. Durch die Veranstaltung etablierter Branchen-Events und Fachtagungen f\u00f6rdert Electrosuisse den Wissenstransfer und den fachlichen Austausch. Im Mittelpunkt unserer T\u00e4tigkeiten steht die F\u00f6rderung der sicheren, wirtschaftlichen und umweltgerechten Anwendung der Elektrotechnik.\"}]}<\/script>\n<!-- \/ Yoast SEO Premium plugin. -->","yoast_head_json":{"title":"Il sapere a vostro vantaggio - pubblicazioni Electrosuisse","description":"Le news, le pubblicazioni e le manifestazioni del settore vi consentono di acquisire il know-how necessario per affrontare il futuro.","robots":{"index":"index","follow":"follow","max-snippet":"max-snippet:-1","max-image-preview":"max-image-preview:large","max-video-preview":"max-video-preview:-1"},"canonical":"https:\/\/www.electrosuisse.ch\/it\/media\/pubblicazioni\/","og_locale":"it_IT","og_type":"article","og_title":"Il sapere a vostro vantaggio - pubblicazioni Electrosuisse","og_description":"Le news, le pubblicazioni e le manifestazioni del settore vi consentono di acquisire il know-how necessario per affrontare il futuro.","og_url":"https:\/\/www.electrosuisse.ch\/it\/media\/pubblicazioni\/","og_site_name":"Electrosuisse","article_modified_time":"2026-03-23T11:56:09+00:00","og_image":[{"width":1578,"height":650,"url":"https:\/\/www.electrosuisse.ch\/wp-content\/uploads\/2019\/02\/electrosuisse_publikationen.jpg","type":"image\/jpeg"}],"schema":{"@context":"https:\/\/schema.org","@graph":[{"@type":"WebPage","@id":"https:\/\/www.electrosuisse.ch\/it\/media\/pubblicazioni\/","url":"https:\/\/www.electrosuisse.ch\/it\/media\/pubblicazioni\/","name":"Il sapere a vostro vantaggio - pubblicazioni Electrosuisse","isPartOf":{"@id":"https:\/\/www.electrosuisse.ch\/it\/#website"},"datePublished":"2018-06-24T09:06:28+00:00","dateModified":"2026-03-23T11:56:09+00:00","description":"Le news, le pubblicazioni e le manifestazioni del settore vi consentono di acquisire il know-how necessario per affrontare il futuro.","breadcrumb":{"@id":"https:\/\/www.electrosuisse.ch\/it\/media\/pubblicazioni\/#breadcrumb"},"inLanguage":"it-IT","potentialAction":[{"@type":"ReadAction","target":["https:\/\/www.electrosuisse.ch\/it\/media\/pubblicazioni\/"]}]},{"@type":"BreadcrumbList","@id":"https:\/\/www.electrosuisse.ch\/it\/media\/pubblicazioni\/#breadcrumb","itemListElement":[{"@type":"ListItem","position":1,"name":"Media","item":"https:\/\/www.electrosuisse.ch\/it\/media\/"},{"@type":"ListItem","position":2,"name":"Pubblicazioni"}]},{"@type":"WebSite","@id":"https:\/\/www.electrosuisse.ch\/it\/#website","url":"https:\/\/www.electrosuisse.ch\/it\/","name":"Electrosuisse","description":"","publisher":{"@id":"https:\/\/www.electrosuisse.ch\/it\/#organization"},"potentialAction":[{"@type":"SearchAction","target":{"@type":"EntryPoint","urlTemplate":"https:\/\/www.electrosuisse.ch\/it\/?s={search_term_string}"},"query-input":{"@type":"PropertyValueSpecification","valueRequired":true,"valueName":"search_term_string"}}],"inLanguage":"it-IT"},{"@type":"Organization","@id":"https:\/\/www.electrosuisse.ch\/it\/#organization","name":"Electrosuisse","url":"https:\/\/www.electrosuisse.ch\/it\/","logo":{"@type":"ImageObject","inLanguage":"it-IT","@id":"https:\/\/www.electrosuisse.ch\/it\/#\/schema\/logo\/image\/","url":"https:\/\/www.electrosuisse.ch\/wp-content\/uploads\/2025\/04\/Electrosuisse_Logo_696x696.png","contentUrl":"https:\/\/www.electrosuisse.ch\/wp-content\/uploads\/2025\/04\/Electrosuisse_Logo_696x696.png","width":696,"height":696,"caption":"Electrosuisse"},"image":{"@id":"https:\/\/www.electrosuisse.ch\/it\/#\/schema\/logo\/image\/"},"sameAs":["https:\/\/www.linkedin.com\/company\/electrosuisse-ag\/posts\/?feedView=all","https:\/\/www.instagram.com\/electrosuisse1889\/","https:\/\/www.youtube.com\/channel\/UCoOxohMiVE0Gjcdis1L09zw"],"description":"Electrosuisse ist eine anerkannte und unabh\u00e4ngige Fachorganisation, die erstklassige Dienstleistungen und Produkte in den Bereichen Inspektion, Beratung, Pr\u00fcfung, Zertifizierung, Normung und Weiterbildung anbietet. Unsere Expertise umfasst Elektrotechnik, Elektromobilit\u00e4t, Energieberatung, Geb\u00e4udeautomation und Photovoltaik in der Schweiz. Durch die Veranstaltung etablierter Branchen-Events und Fachtagungen f\u00f6rdert Electrosuisse den Wissenstransfer und den fachlichen Austausch. Im Mittelpunkt unserer T\u00e4tigkeiten steht die F\u00f6rderung der sicheren, wirtschaftlichen und umweltgerechten Anwendung der Elektrotechnik."}]}},"amp_enabled":true,"_links":{"self":[{"href":"https:\/\/www.electrosuisse.ch\/it\/wp-json\/wp\/v2\/pages\/3777","targetHints":{"allow":["GET"]}}],"collection":[{"href":"https:\/\/www.electrosuisse.ch\/it\/wp-json\/wp\/v2\/pages"}],"about":[{"href":"https:\/\/www.electrosuisse.ch\/it\/wp-json\/wp\/v2\/types\/page"}],"author":[{"embeddable":true,"href":"https:\/\/www.electrosuisse.ch\/it\/wp-json\/wp\/v2\/users\/2"}],"replies":[{"embeddable":true,"href":"https:\/\/www.electrosuisse.ch\/it\/wp-json\/wp\/v2\/comments?post=3777"}],"version-history":[{"count":6,"href":"https:\/\/www.electrosuisse.ch\/it\/wp-json\/wp\/v2\/pages\/3777\/revisions"}],"predecessor-version":[{"id":43331,"href":"https:\/\/www.electrosuisse.ch\/it\/wp-json\/wp\/v2\/pages\/3777\/revisions\/43331"}],"up":[{"embeddable":true,"href":"https:\/\/www.electrosuisse.ch\/it\/wp-json\/wp\/v2\/pages\/3809"}],"wp:attachment":[{"href":"https:\/\/www.electrosuisse.ch\/it\/wp-json\/wp\/v2\/media?parent=3777"}],"curies":[{"name":"wp","href":"https:\/\/api.w.org\/{rel}","templated":true}]}}