{"id":3766,"date":"2019-02-28T23:45:03","date_gmt":"2019-02-28T22:45:03","guid":{"rendered":"https:\/\/www.electrosuisse.ch\/mitglieder-service\/firmen-mitgliedschaft\/anmeldung\/"},"modified":"2020-01-18T16:20:05","modified_gmt":"2020-01-18T15:20:05","slug":"promozione-speciale","status":"publish","type":"page","link":"https:\/\/www.electrosuisse.ch\/it\/promozione-speciale\/","title":{"rendered":"Promozione speciale per studenti"},"content":{"rendered":"<div class=\"wpb-content-wrapper\"><p>[vc_row][vc_column][vc_column_text]<\/p>\n<h1>Promozione speciale per studenti<\/h1>\n<p>[\/vc_column_text][vc_column_text]Nell&#8217;ambito del nostro programma di promozione delle giovani leve vi offriamo l&#8217;ultima edizione del libro di A. K\u00fcchlers \u00abHochspannungstechnik\u00bb ad un prezzo eslcusivo.<\/p>\n<p>Gli studenti dell&#8217;ETH riceveranno il volume usufruendo di un ribasso del 70% e pagando solamente <strong>CHF 30.\u2013 anzich\u00e9 CHF 105.\u2013. <\/strong>I volumi ordinati sono stati direttamente inviati dall&#8217;ETH nel mese di ottobre 2019. La persona di contatto \u00e8 Florian K\u00fcchler.<\/p>\n<p>Vuoi usufruire di questa promozione? Inserisci qui i tuoi dati:[\/vc_column_text]<div class=\"wpb_form_column wpb_content_element\"><div class=\"wpb_wrapper test\"><div id=\"quform-8f2fb9\" class=\"quform quform-11 quform-support-page-caching\"><form id=\"quform-form-8f2fb9\" class=\"quform-form quform-form-11\" action=\"\/it\/wp-json\/wp\/v2\/pages\/3766#quform-8f2fb9\" method=\"post\" enctype=\"multipart\/form-data\" novalidate=\"novalidate\" data-options=\"{&quot;id&quot;:11,&quot;uniqueId&quot;:&quot;8f2fb9&quot;,&quot;theme&quot;:&quot;&quot;,&quot;ajax&quot;:true,&quot;logic&quot;:{&quot;logic&quot;:{&quot;13&quot;:{&quot;action&quot;:true,&quot;match&quot;:&quot;all&quot;,&quot;rules&quot;:[{&quot;elementId&quot;:&quot;12&quot;,&quot;operator&quot;:&quot;eq&quot;,&quot;optionId&quot;:&quot;1&quot;,&quot;value&quot;:&quot;Ich m\\u00f6chte gleichzeitig kostenlos Teil der Nachwuchsgruppe Next Generation Network werden&quot;}]},&quot;14&quot;:{&quot;action&quot;:true,&quot;match&quot;:&quot;all&quot;,&quot;rules&quot;:[{&quot;elementId&quot;:&quot;12&quot;,&quot;operator&quot;:&quot;eq&quot;,&quot;optionId&quot;:&quot;1&quot;,&quot;value&quot;:&quot;Ich m\\u00f6chte gleichzeitig kostenlos Teil der Nachwuchsgruppe Next Generation Network werden&quot;}]}},&quot;dependents&quot;:{&quot;12&quot;:[13,14]},&quot;elementIds&quot;:[13,14],&quot;dependentElementIds&quot;:[&quot;12&quot;],&quot;animate&quot;:true},&quot;currentPageId&quot;:1,&quot;errorsIcon&quot;:&quot;&quot;,&quot;updateFancybox&quot;:true,&quot;hasPages&quot;:false,&quot;pages&quot;:[1],&quot;pageProgressType&quot;:&quot;numbers&quot;,&quot;tooltipsEnabled&quot;:true,&quot;tooltipClasses&quot;:&quot;qtip-quform-dark qtip-shadow&quot;,&quot;tooltipMy&quot;:&quot;left center&quot;,&quot;tooltipAt&quot;:&quot;right center&quot;,&quot;isRtl&quot;:false,&quot;scrollOffset&quot;:-50,&quot;scrollSpeed&quot;:800}\"><button class=\"quform-default-submit\" name=\"quform_submit\" type=\"submit\" value=\"submit\" aria-hidden=\"true\" tabindex=\"-1\"><\/button><div class=\"quform-form-inner quform-form-inner-11\"><input type=\"hidden\" name=\"quform_form_id\" value=\"11\" \/><input type=\"hidden\" name=\"quform_form_uid\" value=\"8f2fb9\" \/><input type=\"hidden\" name=\"quform_count\" value=\"1\" \/><input type=\"hidden\" name=\"form_url\" value=\"https:\/\/www.electrosuisse.ch\/it\/wp-json\/wp\/v2\/pages\/3766\" \/><input type=\"hidden\" name=\"referring_url\" value=\"\" \/><input type=\"hidden\" name=\"post_id\" value=\"\" \/><input type=\"hidden\" name=\"post_title\" value=\"\" \/><input type=\"hidden\" name=\"quform_current_page_id\" value=\"1\" \/><input type=\"hidden\" name=\"quform_loaded\" value=\"1776372113|21eb5fc8d1150770754124ba14baf8c2\" \/><input type=\"hidden\" name=\"quform_csrf_token\" value=\"g9uidQWovMLovSKrU37198telmrLCJTNuJwAhNHT\" \/><div class=\"quform-elements quform-elements-11 quform-cf quform-responsive-elements-phone-landscape\"><div class=\"quform-element quform-element-page quform-page-1 quform-page-11_1 quform-cf quform-group-style-plain quform-first-page quform-last-page quform-current-page\"><div class=\"quform-child-elements\"><div class=\"quform-element quform-element-select quform-element-11_3 quform-cf quform-element-optional\"><div class=\"quform-spacer\"><div class=\"quform-label quform-label-11_3\"><label class=\"quform-label-text\" for=\"quform_11_3_8f2fb9\">Anrede<\/label><\/div><div class=\"quform-inner quform-inner-select quform-inner-11_3\"><div class=\"quform-input quform-input-select quform-input-11_3 quform-cf\"><select id=\"quform_11_3_8f2fb9\" name=\"quform_11_3\" class=\"quform-field quform-field-select quform-field-11_3\"><option value=\"\" selected=\"selected\">Bitte w\u00e4hlen<\/option><option value=\"Herr\">Herr<\/option><option value=\"Frau\">Frau<\/option><\/select><\/div><\/div><\/div><\/div><div class=\"quform-element quform-element-row quform-element-row-11_6 quform-2-columns quform-element-row-size-fixed quform-responsive-columns-phone-landscape\"><div class=\"quform-element quform-element-column quform-element-11_7\"><div class=\"quform-element quform-element-text quform-element-11_17 quform-cf quform-element-required\"><div class=\"quform-spacer\"><div class=\"quform-label quform-label-11_17\"><label class=\"quform-label-text\" for=\"quform_11_17_8f2fb9\">Vorname<span class=\"quform-required\">*<\/span><\/label><\/div><div class=\"quform-inner quform-inner-text quform-inner-11_17\"><div class=\"quform-input quform-input-text quform-input-11_17 quform-cf\"><input type=\"text\" id=\"quform_11_17_8f2fb9\" name=\"quform_11_17\" class=\"quform-field quform-field-text quform-field-11_17\" \/><\/div><\/div><\/div><\/div><\/div><div class=\"quform-element quform-element-column quform-element-11_8\"><div class=\"quform-element quform-element-text quform-element-11_18 quform-cf quform-element-required\"><div class=\"quform-spacer\"><div class=\"quform-label quform-label-11_18\"><label class=\"quform-label-text\" for=\"quform_11_18_8f2fb9\">Nachname<span class=\"quform-required\">*<\/span><\/label><\/div><div class=\"quform-inner quform-inner-text quform-inner-11_18\"><div class=\"quform-input quform-input-text quform-input-11_18 quform-cf\"><input type=\"text\" id=\"quform_11_18_8f2fb9\" name=\"quform_11_18\" class=\"quform-field quform-field-text quform-field-11_18\" \/><\/div><\/div><\/div><\/div><\/div><\/div><div class=\"quform-element quform-element-row quform-element-row-11_20 quform-2-columns quform-element-row-size-fixed quform-responsive-columns-phone-landscape\"><div class=\"quform-element quform-element-column quform-element-11_21\"><div class=\"quform-element quform-element-text quform-element-11_23 quform-cf quform-element-optional\"><div class=\"quform-spacer\"><div class=\"quform-label quform-label-11_23\"><label class=\"quform-label-text\" for=\"quform_11_23_8f2fb9\">Semester<\/label><\/div><div class=\"quform-inner quform-inner-text quform-inner-11_23\"><div class=\"quform-input quform-input-text quform-input-11_23 quform-cf\"><input type=\"text\" id=\"quform_11_23_8f2fb9\" name=\"quform_11_23\" class=\"quform-field quform-field-text quform-field-11_23\" \/><\/div><\/div><\/div><\/div><\/div><div class=\"quform-element quform-element-column quform-element-11_24\"><div class=\"quform-element quform-element-text quform-element-11_26 quform-cf quform-element-required\"><div class=\"quform-spacer\"><div class=\"quform-label quform-label-11_26\"><label class=\"quform-label-text\" for=\"quform_11_26_8f2fb9\">Voraussichtliches Abschlussjahr<span class=\"quform-required\">*<\/span><\/label><\/div><div class=\"quform-inner quform-inner-text quform-inner-11_26\"><div class=\"quform-input quform-input-text quform-input-11_26 quform-cf\"><input type=\"text\" id=\"quform_11_26_8f2fb9\" name=\"quform_11_26\" class=\"quform-field quform-field-text quform-field-11_26\" \/><\/div><\/div><\/div><\/div><\/div><\/div><div class=\"quform-element quform-element-select quform-element-11_16 quform-cf quform-element-required\"><div class=\"quform-spacer\"><div class=\"quform-label quform-label-11_16\"><label class=\"quform-label-text\" for=\"quform_11_16_8f2fb9\">Sprache Buch<span class=\"quform-required\">*<\/span><\/label><\/div><div class=\"quform-inner quform-inner-select quform-inner-11_16\"><div class=\"quform-input quform-input-select quform-input-11_16 quform-cf\"><select id=\"quform_11_16_8f2fb9\" name=\"quform_11_16\" class=\"quform-field quform-field-select quform-field-11_16\"><option value=\"\" selected=\"selected\">Bitte w\u00e4hlen<\/option><option value=\"Deutsch\">Deutsch<\/option><option value=\"Englisch\">Englisch<\/option><\/select><\/div><\/div><\/div><\/div><div class=\"quform-element quform-element-email quform-element-11_10 quform-cf quform-element-required\"><div class=\"quform-spacer\"><div class=\"quform-label quform-label-11_10\"><label class=\"quform-label-text\" for=\"quform_11_10_8f2fb9\">Private E-Mail-Adresse<span class=\"quform-required\">*<\/span><\/label><\/div><div class=\"quform-inner quform-inner-email quform-inner-11_10\"><div class=\"quform-input quform-input-email quform-input-11_10 quform-cf\"><input type=\"email\" id=\"quform_11_10_8f2fb9\" name=\"quform_11_10\" class=\"quform-field quform-field-email quform-field-11_10\" \/><\/div><\/div><\/div><\/div><div class=\"quform-element quform-element-text quform-element-11_11 quform-cf quform-element-required\"><div class=\"quform-spacer\"><div class=\"quform-label quform-label-11_11\"><label class=\"quform-label-text\" for=\"quform_11_11_8f2fb9\">Anzahl Exemplare<span class=\"quform-required\">*<\/span><\/label><\/div><div class=\"quform-inner quform-inner-text quform-inner-11_11\"><div class=\"quform-input quform-input-text quform-input-11_11 quform-cf\"><input type=\"text\" id=\"quform_11_11_8f2fb9\" name=\"quform_11_11\" class=\"quform-field quform-field-text quform-field-11_11\" \/><\/div><\/div><\/div><\/div><div class=\"quform-element quform-element-textarea quform-element-11_320657 quform-sr-only quform-cf\" style=\"clip: rect(1px, 1px, 1px, 1px); clip-path: inset(50%); position: absolute !important; height: 1px; width: 1px; overflow: hidden;\"><div class=\"quform-spacer\"><div class=\"quform-label quform-label-11_320657\"><label class=\"quform-label-text\" for=\"quform_11_320657_8f2fb9\">Website URL<span class=\"quform-required\">*<\/span><\/label><\/div><div class=\"quform-inner quform-inner-11_320657\"><textarea id=\"quform_11_320657_8f2fb9\" name=\"quform_11_320657\" class=\"quform-field quform-field-textarea quform-field-11_320657\" tabindex=\"-1\" autocomplete=\"new-password\"><\/textarea><\/div><\/div><\/div><div class=\"quform-element quform-element-checkbox quform-element-11_12 quform-cf quform-element-optional\"><div class=\"quform-spacer\"><div class=\"quform-label quform-label-11_12\"><label class=\"quform-label-text\" id=\"quform_11_12_8f2fb9_label\">TechTalent werden<\/label><\/div><div class=\"quform-inner quform-inner-checkbox quform-inner-11_12\"><div class=\"quform-input quform-input-checkbox quform-input-11_12 quform-cf\"><div class=\"quform-options quform-cf quform-options-block quform-options-simple\" role=\"group\" aria-labelledby=\"quform_11_12_8f2fb9_label\"><div class=\"quform-option\"><input type=\"checkbox\" name=\"quform_11_12[]\" id=\"quform_11_12_8f2fb9_1\" class=\"quform-field quform-field-checkbox quform-field-11_12 quform-field-11_12_1\" value=\"Ich m\u00f6chte gleichzeitig kostenlos Teil der Nachwuchsgruppe Next Generation Network werden\" \/><label for=\"quform_11_12_8f2fb9_1\" class=\"quform-option-label quform-option-label-11_12_1\"><span class=\"quform-option-text\">Ich m\u00f6chte gleichzeitig kostenlos Teil der Nachwuchsgruppe Next Generation Network werden<\/span><\/label><\/div><\/div><\/div><\/div><\/div><\/div><div class=\"quform-element quform-element-text quform-element-11_13 quform-cf quform-element-required\"><div class=\"quform-spacer\"><div class=\"quform-label quform-label-11_13\"><label class=\"quform-label-text\" for=\"quform_11_13_8f2fb9\">Strasse \/ Nr.<span class=\"quform-required\">*<\/span><\/label><\/div><div class=\"quform-inner quform-inner-text quform-inner-11_13\"><div class=\"quform-input quform-input-text quform-input-11_13 quform-cf\"><input type=\"text\" id=\"quform_11_13_8f2fb9\" name=\"quform_11_13\" class=\"quform-field quform-field-text quform-field-11_13\" \/><\/div><\/div><\/div><\/div><div class=\"quform-element quform-element-text quform-element-11_14 quform-cf quform-element-required\"><div class=\"quform-spacer\"><div class=\"quform-label quform-label-11_14\"><label class=\"quform-label-text\" for=\"quform_11_14_8f2fb9\">PLZ \/ Ort<span class=\"quform-required\">*<\/span><\/label><\/div><div class=\"quform-inner quform-inner-text quform-inner-11_14\"><div class=\"quform-input quform-input-text quform-input-11_14 quform-cf\"><input type=\"text\" id=\"quform_11_14_8f2fb9\" name=\"quform_11_14\" class=\"quform-field quform-field-text quform-field-11_14\" \/><\/div><\/div><\/div><\/div><div class=\"quform-element quform-element-submit quform-element-11_2 quform-cf quform-button-style-theme\"><div class=\"quform-button-submit quform-button-submit-default quform-button-submit-11_2\"><button name=\"quform_submit\" type=\"submit\" class=\"quform-submit\" value=\"submit\"><span class=\"quform-button-text quform-button-submit-text\">Absenden<\/span><\/button><\/div><div class=\"quform-loading quform-loading-position-left quform-loading-type-spinner-1\"><div class=\"quform-loading-inner\"><div class=\"quform-loading-spinner\"><div class=\"quform-loading-spinner-inner\"><\/div><\/div><\/div><\/div><\/div><\/div><\/div><\/div><\/div><\/form><\/div><\/div><\/div>[\/vc_column][\/vc_row]<\/p>\n<\/div>","protected":false},"excerpt":{"rendered":"<p>[vc_row][vc_column][vc_column_text] Promozione speciale per studenti [\/vc_column_text][vc_column_text]Nell&#8217;ambito del nostro programma di promozione delle giovani leve vi offriamo l&#8217;ultima edizione del libro di A. K\u00fcchlers \u00abHochspannungstechnik\u00bb ad un prezzo eslcusivo. Gli studenti dell&#8217;ETH riceveranno il volume usufruendo di un ribasso del 70% e pagando solamente CHF 30.\u2013 anzich\u00e9 CHF 105.\u2013. I volumi ordinati sono stati direttamente inviati [&hellip;]<\/p>\n","protected":false},"author":2,"featured_media":0,"parent":0,"menu_order":146,"comment_status":"closed","ping_status":"closed","template":"","meta":{"_acf_changed":false,"_monsterinsights_skip_tracking":false,"_monsterinsights_sitenote_active":false,"_monsterinsights_sitenote_note":"","_monsterinsights_sitenote_category":0,"footnotes":""},"class_list":["post-3766","page","type-page","status-publish","hentry"],"acf":[],"yoast_head":"<!-- This site is optimized with the Yoast SEO Premium plugin v26.4 (Yoast SEO v27.0) - https:\/\/yoast.com\/product\/yoast-seo-premium-wordpress\/ -->\n<title>Promozione speciale per studenti - Electrosuisse<\/title>\n<meta name=\"robots\" content=\"index, follow, max-snippet:-1, max-image-preview:large, max-video-preview:-1\" \/>\n<link rel=\"canonical\" href=\"https:\/\/www.electrosuisse.ch\/it\/promozione-speciale\/\" \/>\n<meta property=\"og:locale\" content=\"it_IT\" \/>\n<meta property=\"og:type\" content=\"article\" \/>\n<meta property=\"og:title\" content=\"Promozione speciale per studenti - Electrosuisse\" \/>\n<meta property=\"og:description\" content=\"[vc_row][vc_column][vc_column_text] Promozione speciale per studenti [\/vc_column_text][vc_column_text]Nell&#8217;ambito del nostro programma di promozione delle giovani leve vi offriamo l&#8217;ultima edizione del libro di A. K\u00fcchlers \u00abHochspannungstechnik\u00bb ad un prezzo eslcusivo. Gli studenti dell&#8217;ETH riceveranno il volume usufruendo di un ribasso del 70% e pagando solamente CHF 30.\u2013 anzich\u00e9 CHF 105.\u2013. I volumi ordinati sono stati direttamente inviati [&hellip;]\" \/>\n<meta property=\"og:url\" content=\"https:\/\/www.electrosuisse.ch\/it\/promozione-speciale\/\" \/>\n<meta property=\"og:site_name\" content=\"Electrosuisse\" \/>\n<meta property=\"article:modified_time\" content=\"2020-01-18T15:20:05+00:00\" \/>\n<meta property=\"og:image\" content=\"https:\/\/www.electrosuisse.ch\/wp-content\/uploads\/2022\/12\/Electrosuisse_Ueber_uns_1578x650.jpg\" \/>\n\t<meta property=\"og:image:width\" content=\"1578\" \/>\n\t<meta property=\"og:image:height\" content=\"650\" \/>\n\t<meta property=\"og:image:type\" content=\"image\/jpeg\" \/>\n<script type=\"application\/ld+json\" class=\"yoast-schema-graph\">{\"@context\":\"https:\/\/schema.org\",\"@graph\":[{\"@type\":\"WebPage\",\"@id\":\"https:\/\/www.electrosuisse.ch\/it\/promozione-speciale\/\",\"url\":\"https:\/\/www.electrosuisse.ch\/it\/promozione-speciale\/\",\"name\":\"Promozione speciale per studenti - Electrosuisse\",\"isPartOf\":{\"@id\":\"https:\/\/www.electrosuisse.ch\/it\/#website\"},\"datePublished\":\"2019-02-28T22:45:03+00:00\",\"dateModified\":\"2020-01-18T15:20:05+00:00\",\"inLanguage\":\"it-IT\",\"potentialAction\":[{\"@type\":\"ReadAction\",\"target\":[\"https:\/\/www.electrosuisse.ch\/it\/promozione-speciale\/\"]}]},{\"@type\":\"WebSite\",\"@id\":\"https:\/\/www.electrosuisse.ch\/it\/#website\",\"url\":\"https:\/\/www.electrosuisse.ch\/it\/\",\"name\":\"Electrosuisse\",\"description\":\"\",\"publisher\":{\"@id\":\"https:\/\/www.electrosuisse.ch\/it\/#organization\"},\"potentialAction\":[{\"@type\":\"SearchAction\",\"target\":{\"@type\":\"EntryPoint\",\"urlTemplate\":\"https:\/\/www.electrosuisse.ch\/it\/?s={search_term_string}\"},\"query-input\":{\"@type\":\"PropertyValueSpecification\",\"valueRequired\":true,\"valueName\":\"search_term_string\"}}],\"inLanguage\":\"it-IT\"},{\"@type\":\"Organization\",\"@id\":\"https:\/\/www.electrosuisse.ch\/it\/#organization\",\"name\":\"Electrosuisse\",\"url\":\"https:\/\/www.electrosuisse.ch\/it\/\",\"logo\":{\"@type\":\"ImageObject\",\"inLanguage\":\"it-IT\",\"@id\":\"https:\/\/www.electrosuisse.ch\/it\/#\/schema\/logo\/image\/\",\"url\":\"https:\/\/www.electrosuisse.ch\/wp-content\/uploads\/2025\/04\/Electrosuisse_Logo_696x696.png\",\"contentUrl\":\"https:\/\/www.electrosuisse.ch\/wp-content\/uploads\/2025\/04\/Electrosuisse_Logo_696x696.png\",\"width\":696,\"height\":696,\"caption\":\"Electrosuisse\"},\"image\":{\"@id\":\"https:\/\/www.electrosuisse.ch\/it\/#\/schema\/logo\/image\/\"},\"sameAs\":[\"https:\/\/www.linkedin.com\/company\/electrosuisse-ag\/posts\/?feedView=all\",\"https:\/\/www.instagram.com\/electrosuisse1889\/\",\"https:\/\/www.youtube.com\/channel\/UCoOxohMiVE0Gjcdis1L09zw\"],\"description\":\"Electrosuisse ist eine anerkannte und unabh\u00e4ngige Fachorganisation, die erstklassige Dienstleistungen und Produkte in den Bereichen Inspektion, Beratung, Pr\u00fcfung, Zertifizierung, Normung und Weiterbildung anbietet. Unsere Expertise umfasst Elektrotechnik, Elektromobilit\u00e4t, Energieberatung, Geb\u00e4udeautomation und Photovoltaik in der Schweiz. Durch die Veranstaltung etablierter Branchen-Events und Fachtagungen f\u00f6rdert Electrosuisse den Wissenstransfer und den fachlichen Austausch. Im Mittelpunkt unserer T\u00e4tigkeiten steht die F\u00f6rderung der sicheren, wirtschaftlichen und umweltgerechten Anwendung der Elektrotechnik.\"}]}<\/script>\n<!-- \/ Yoast SEO Premium plugin. -->","yoast_head_json":{"title":"Promozione speciale per studenti - Electrosuisse","robots":{"index":"index","follow":"follow","max-snippet":"max-snippet:-1","max-image-preview":"max-image-preview:large","max-video-preview":"max-video-preview:-1"},"canonical":"https:\/\/www.electrosuisse.ch\/it\/promozione-speciale\/","og_locale":"it_IT","og_type":"article","og_title":"Promozione speciale per studenti - Electrosuisse","og_description":"[vc_row][vc_column][vc_column_text] Promozione speciale per studenti [\/vc_column_text][vc_column_text]Nell&#8217;ambito del nostro programma di promozione delle giovani leve vi offriamo l&#8217;ultima edizione del libro di A. K\u00fcchlers \u00abHochspannungstechnik\u00bb ad un prezzo eslcusivo. Gli studenti dell&#8217;ETH riceveranno il volume usufruendo di un ribasso del 70% e pagando solamente CHF 30.\u2013 anzich\u00e9 CHF 105.\u2013. I volumi ordinati sono stati direttamente inviati [&hellip;]","og_url":"https:\/\/www.electrosuisse.ch\/it\/promozione-speciale\/","og_site_name":"Electrosuisse","article_modified_time":"2020-01-18T15:20:05+00:00","og_image":[{"width":1578,"height":650,"url":"https:\/\/www.electrosuisse.ch\/wp-content\/uploads\/2022\/12\/Electrosuisse_Ueber_uns_1578x650.jpg","type":"image\/jpeg"}],"schema":{"@context":"https:\/\/schema.org","@graph":[{"@type":"WebPage","@id":"https:\/\/www.electrosuisse.ch\/it\/promozione-speciale\/","url":"https:\/\/www.electrosuisse.ch\/it\/promozione-speciale\/","name":"Promozione speciale per studenti - Electrosuisse","isPartOf":{"@id":"https:\/\/www.electrosuisse.ch\/it\/#website"},"datePublished":"2019-02-28T22:45:03+00:00","dateModified":"2020-01-18T15:20:05+00:00","inLanguage":"it-IT","potentialAction":[{"@type":"ReadAction","target":["https:\/\/www.electrosuisse.ch\/it\/promozione-speciale\/"]}]},{"@type":"WebSite","@id":"https:\/\/www.electrosuisse.ch\/it\/#website","url":"https:\/\/www.electrosuisse.ch\/it\/","name":"Electrosuisse","description":"","publisher":{"@id":"https:\/\/www.electrosuisse.ch\/it\/#organization"},"potentialAction":[{"@type":"SearchAction","target":{"@type":"EntryPoint","urlTemplate":"https:\/\/www.electrosuisse.ch\/it\/?s={search_term_string}"},"query-input":{"@type":"PropertyValueSpecification","valueRequired":true,"valueName":"search_term_string"}}],"inLanguage":"it-IT"},{"@type":"Organization","@id":"https:\/\/www.electrosuisse.ch\/it\/#organization","name":"Electrosuisse","url":"https:\/\/www.electrosuisse.ch\/it\/","logo":{"@type":"ImageObject","inLanguage":"it-IT","@id":"https:\/\/www.electrosuisse.ch\/it\/#\/schema\/logo\/image\/","url":"https:\/\/www.electrosuisse.ch\/wp-content\/uploads\/2025\/04\/Electrosuisse_Logo_696x696.png","contentUrl":"https:\/\/www.electrosuisse.ch\/wp-content\/uploads\/2025\/04\/Electrosuisse_Logo_696x696.png","width":696,"height":696,"caption":"Electrosuisse"},"image":{"@id":"https:\/\/www.electrosuisse.ch\/it\/#\/schema\/logo\/image\/"},"sameAs":["https:\/\/www.linkedin.com\/company\/electrosuisse-ag\/posts\/?feedView=all","https:\/\/www.instagram.com\/electrosuisse1889\/","https:\/\/www.youtube.com\/channel\/UCoOxohMiVE0Gjcdis1L09zw"],"description":"Electrosuisse ist eine anerkannte und unabh\u00e4ngige Fachorganisation, die erstklassige Dienstleistungen und Produkte in den Bereichen Inspektion, Beratung, Pr\u00fcfung, Zertifizierung, Normung und Weiterbildung anbietet. Unsere Expertise umfasst Elektrotechnik, Elektromobilit\u00e4t, Energieberatung, Geb\u00e4udeautomation und Photovoltaik in der Schweiz. Durch die Veranstaltung etablierter Branchen-Events und Fachtagungen f\u00f6rdert Electrosuisse den Wissenstransfer und den fachlichen Austausch. Im Mittelpunkt unserer T\u00e4tigkeiten steht die F\u00f6rderung der sicheren, wirtschaftlichen und umweltgerechten Anwendung der Elektrotechnik."}]}},"amp_enabled":true,"_links":{"self":[{"href":"https:\/\/www.electrosuisse.ch\/it\/wp-json\/wp\/v2\/pages\/3766","targetHints":{"allow":["GET"]}}],"collection":[{"href":"https:\/\/www.electrosuisse.ch\/it\/wp-json\/wp\/v2\/pages"}],"about":[{"href":"https:\/\/www.electrosuisse.ch\/it\/wp-json\/wp\/v2\/types\/page"}],"author":[{"embeddable":true,"href":"https:\/\/www.electrosuisse.ch\/it\/wp-json\/wp\/v2\/users\/2"}],"replies":[{"embeddable":true,"href":"https:\/\/www.electrosuisse.ch\/it\/wp-json\/wp\/v2\/comments?post=3766"}],"version-history":[{"count":0,"href":"https:\/\/www.electrosuisse.ch\/it\/wp-json\/wp\/v2\/pages\/3766\/revisions"}],"wp:attachment":[{"href":"https:\/\/www.electrosuisse.ch\/it\/wp-json\/wp\/v2\/media?parent=3766"}],"curies":[{"name":"wp","href":"https:\/\/api.w.org\/{rel}","templated":true}]}}