{"id":32525,"date":"2023-11-06T16:46:55","date_gmt":"2023-11-06T15:46:55","guid":{"rendered":"https:\/\/www.electrosuisse.ch\/?page_id=32525"},"modified":"2025-09-05T14:46:20","modified_gmt":"2025-09-05T12:46:20","slug":"efficienza-elettrica","status":"publish","type":"page","link":"https:\/\/www.electrosuisse.ch\/it\/engineering\/efficienza-elettrica\/","title":{"rendered":"Efficienza elettrica"},"content":{"rendered":"<div class=\"wpb-content-wrapper\"><p>[vc_row][vc_column][vc_column_text]Il consumo di energia elettrica e la sua ottimizzazione rappresentano il punto di partenza ideale per affrontare la questione delle misure di efficienza energetica da adottare in azienda. Poich\u00e9 il consumo di elettricit\u00e0 in Svizzera rappresenta circa un quarto del consumo totale di energia, la maggior parte del quale \u00e8 attribuibile ai settori dell&#8217;industria, del commercio e delle societ\u00e0 di servizi, il potenziale di risparmio energetico attraverso misure di efficienza in questo ambito \u00e8 enorme.[\/vc_column_text][vc_column_text]I vantaggi in termini di costi dovuti all&#8217;aumento dei prezzi dell&#8217;elettricit\u00e0, la competitivit\u00e0 e il contributo agli obiettivi svizzeri di protezione del clima sono gi\u00e0 stati riconosciuti da molte aziende. L&#8217;argomento \u00e8 molto discusso anche a livello politico e influenzer\u00e0 a lungo termine il mercato energetico svizzero e i servizi delle utility. Per le aziende di servizi pubblici si tratta di un&#8217;opportunit\u00e0 per prepararsi tempestivamente a questa tendenza. Offrendo nuovi servizi e creando trasparenza nel settore dell&#8217;efficienza elettrica, le imprese possono rafforzare la fiducia dei clienti e fidelizzarli a lungo termine.<\/p>\n<p>Sia per le aziende industriali che per le societ\u00e0 di approvvigionamento energetico, l&#8217;attuazione di misure nel settore dell&#8217;efficienza energetica o dei servizi di efficienza \u00e8 ancora un territorio inesplorato. La sola analisi dei dati richiede molto tempo. Inoltre, spesso \u00e8 necessario effettuare misurazioni complesse in loco per poter attuare misure realistiche ed efficaci. Creare la competenza necessaria richiede tempo e comporta costi elevati. Per vincere queste sfide, conviene avere al proprio fianco un partner esperto che conosce bene i temi dell&#8217;elettricit\u00e0 e dell&#8217;efficienza: Electrosuisse.[\/vc_column_text][\/vc_column][\/vc_row][vc_row el_id=&#8221;angebot&#8221;][vc_column][vc_column_text]<\/p>\n<h3>La nostra offerta<\/h3>\n<p>[\/vc_column_text][vc_column_text]In qualit\u00e0 di organizzazione professionale indipendente nel settore dell&#8217;energia, supportiamo le aziende nell&#8217;implementazione di misure di efficienza elettrica e siamo al fianco delle aziende fornitrici di energia come partner, analizzando il potenziale della clientela e implementando le misure necessarie presso il consumatore finale.[\/vc_column_text][vc_column_text]Grazie alle nostre approfondite analisi operative e dei consumi energetici, basate su attente misurazioni, siamo in grado di dimostrare in modo affidabile le potenzialit\u00e0 di risparmio ed elaborare progetti di implementazione, senza alcuna perdita di comfort per il consumatore.[\/vc_column_text][vc_column_text]<strong>I vantaggi sono evidenti: le aziende diventano pi\u00f9 efficienti e i fornitori di energia non devono sostenere costi aggiuntivi, non devono creare capacit\u00e0 e sviluppare uno specifico know-how, ma possono affidarsi agli specialisti di Electrosuisse.<\/strong>[\/vc_column_text][vc_column_text]Grazie alla nostra esperienza pluriennale in questo campo, siamo in grado di garantire lo sfruttamento ottimale del potenziale di miglioramento dell&#8217;efficienza di ogni azienda e di proporre misure personalizzate, realistiche e redditizie.<\/p>\n<p>Inoltre, i risultati dell&#8217;analisi e le misure adottate vengono redatti in una documentazione trasparente, che pu\u00f2 essere utilizzata anche per certificazioni, richieste, ecc. A prescindere dal tipo di fonti energetiche utilizzate dalla vostra azienda possiamo estendere i nostri metodi al vostro intero sistema energetico incrementandone in modo tangibile l&#8217;efficienza e attuando insieme un&#8217;ottimizzazione a livello globale. Electrosuisse sar\u00e0 lieta di assistervi come partner competente in ogni fase del processo di miglioramento dell&#8217;efficienza.[\/vc_column_text][\/vc_column][\/vc_row][vc_row el_id=&#8221;kontakt&#8221;][vc_column][vc_column_text]<\/p>\n<h2>Contatto<\/h2>\n<p>[\/vc_column_text]<div class=\"wpb_contact_column wpb_content_element wpb_contact_column--container\"><div class=\"wpb_wrapper\"><div class=\"contact_container_outer\"><div class=\"contact_container\"><div class=\"contact row middle-xs\"><div class=\"contact__img col-sm-5 col-xs-12\"><img decoding=\"async\" src=\"https:\/\/www.electrosuisse.ch\/wp-content\/uploads\/2024\/08\/StefanBaer_302x302.png\" alt=\"Stefan B\u00e4r - Responsabile del team Ingegneria Est\" \/><\/div><div class=\"contact__info col-sm-7 col-xs-12\"><p><b>Stefan B\u00e4r<\/b><br>Responsabile del team Ingegneria Est<\/p><div class=\"phone has-link\"><a href=\"tel:+41585951571\">+41 58 595 15 71<\/a><\/div><div class=\"mail has-link\"><a href=\"mailto:stef&#97;&#110;&#46;&#98;&#97;&#x65;&#x72;&#x40;&#x65;&#x6c;&#x65;&#x63;tros&#117;&#105;&#115;&#115;&#101;&#x2e;&#x63;&#x68;\">&#115;&#x74;&#x65;f&#97;&#x6e;&#x2e;b&#97;&#x65;r&#64;&#x65;&#x6c;e&#99;&#x74;r&#111;&#x73;&#x75;i&#115;&#x73;&#x65;&#46;&#x63;&#x68;<\/a><\/div><\/div><\/div><\/div><\/div><div class=\"contact_container_outer\"><div class=\"contact_container\"><div class=\"contact row middle-xs\"><div class=\"contact__img col-sm-5 col-xs-12\"><img decoding=\"async\" src=\"https:\/\/www.electrosuisse.ch\/wp-content\/uploads\/2025\/09\/Felix-Bigler_320x320.png\" alt=\"Felix Bigler - Responsabile del team Ingegneria Ovest\" \/><\/div><div class=\"contact__info col-sm-7 col-xs-12\"><p><b>Felix Bigler<\/b><br>Responsabile del team Ingegneria Ovest<\/p><div class=\"phone has-link\"><a href=\"tel:+41585951575\">+41 58 595 15 75<\/a><\/div><div class=\"mail has-link\"><a href=\"mailto:f&#101;&#x6c;&#x69;x&#46;&#98;&#x69;&#x67;l&#101;&#x72;&#x40;e&#108;&#101;&#x63;&#x74;r&#111;&#x73;&#x75;i&#115;&#115;&#x65;&#x2e;c&#104;\">feli&#120;&#46;&#98;&#105;&#103;&#x6c;&#x65;&#x72;&#x40;&#x65;&#x6c;&#x65;ctro&#115;&#117;&#105;&#115;&#115;&#x65;&#x2e;&#x63;&#x68;<\/a><\/div><\/div><\/div><\/div><\/div><div class=\"contact_container_outer\"><div class=\"contact_container\"><div class=\"contact row middle-xs\"><div class=\"contact__img col-sm-5 col-xs-12\"><img decoding=\"async\" src=\"\/wp-content\/themes\/SCHMUCKI_child\/img\/contact_placeholder.jpg\" alt=\"Consulenza, ispezione, engineering \" \/><\/div><div class=\"contact__info col-sm-7 col-xs-12\"><p><b>Consulenza, ispezione, engineering <\/b><br>Servizio interno<\/p><div class=\"phone has-link\"><a href=\"tel:+41585951199\">+41 58 595 11 99<\/a><\/div><div class=\"mail has-link\"><a href=\"mailto:&#98;&#x65;&#x72;a&#116;&#x75;n&#103;&#x40;&#x65;&#108;&#x65;&#x63;t&#114;&#x6f;s&#117;&#x69;&#x73;&#115;&#x65;&#x2e;c&#104;\">b&#101;&#x72;&#x61;t&#117;&#110;&#x67;&#x40;e&#108;&#101;&#x63;&#x74;r&#111;&#x73;&#x75;&#x69;s&#115;&#x65;&#x2e;c&#104;<\/a><\/div><\/div><\/div><\/div><\/div><\/div><\/div>[\/vc_column][\/vc_row]<\/p>\n<\/div>","protected":false},"excerpt":{"rendered":"<p>[vc_row][vc_column][vc_column_text]Il consumo di energia elettrica e la sua ottimizzazione rappresentano il punto di partenza ideale per affrontare la questione delle misure di efficienza energetica da adottare in azienda. Poich\u00e9 il consumo di elettricit\u00e0 in Svizzera rappresenta circa un quarto del consumo totale di energia, la maggior parte del quale \u00e8 attribuibile ai settori dell&#8217;industria, del [&hellip;]<\/p>\n","protected":false},"author":28,"featured_media":0,"parent":4118,"menu_order":221,"comment_status":"closed","ping_status":"closed","template":"","meta":{"_acf_changed":false,"_monsterinsights_skip_tracking":false,"_monsterinsights_sitenote_active":false,"_monsterinsights_sitenote_note":"","_monsterinsights_sitenote_category":0,"footnotes":""},"class_list":["post-32525","page","type-page","status-publish","hentry"],"acf":[],"yoast_head":"<!-- This site is optimized with the Yoast SEO Premium plugin v26.4 (Yoast SEO v27.0) - https:\/\/yoast.com\/product\/yoast-seo-premium-wordpress\/ -->\n<title>Efficienza elettrica - Electrosuisse<\/title>\n<meta name=\"description\" content=\"I vantaggi sono evidenti: le aziende diventano pi\u00f9 efficienti e i fornitori di energia non devono sostenere costi aggiuntivi.\" \/>\n<meta name=\"robots\" content=\"index, follow, max-snippet:-1, max-image-preview:large, max-video-preview:-1\" \/>\n<link rel=\"canonical\" href=\"https:\/\/www.electrosuisse.ch\/it\/engineering\/efficienza-elettrica\/\" \/>\n<meta property=\"og:locale\" content=\"it_IT\" \/>\n<meta property=\"og:type\" content=\"article\" \/>\n<meta property=\"og:title\" content=\"Efficienza elettrica - Electrosuisse\" \/>\n<meta property=\"og:description\" content=\"I vantaggi sono evidenti: le aziende diventano pi\u00f9 efficienti e i fornitori di energia non devono sostenere costi aggiuntivi.\" \/>\n<meta property=\"og:url\" content=\"https:\/\/www.electrosuisse.ch\/it\/engineering\/efficienza-elettrica\/\" \/>\n<meta property=\"og:site_name\" content=\"Electrosuisse\" \/>\n<meta property=\"article:modified_time\" content=\"2025-09-05T12:46:20+00:00\" \/>\n<meta property=\"og:image\" content=\"https:\/\/www.electrosuisse.ch\/wp-content\/uploads\/2022\/12\/Electrosuisse_Ueber_uns_1578x650.jpg\" \/>\n\t<meta property=\"og:image:width\" content=\"1578\" \/>\n\t<meta property=\"og:image:height\" content=\"650\" \/>\n\t<meta property=\"og:image:type\" content=\"image\/jpeg\" \/>\n<script type=\"application\/ld+json\" class=\"yoast-schema-graph\">{\"@context\":\"https:\/\/schema.org\",\"@graph\":[{\"@type\":\"WebPage\",\"@id\":\"https:\/\/www.electrosuisse.ch\/it\/engineering\/efficienza-elettrica\/\",\"url\":\"https:\/\/www.electrosuisse.ch\/it\/engineering\/efficienza-elettrica\/\",\"name\":\"Efficienza elettrica - Electrosuisse\",\"isPartOf\":{\"@id\":\"https:\/\/www.electrosuisse.ch\/it\/#website\"},\"datePublished\":\"2023-11-06T15:46:55+00:00\",\"dateModified\":\"2025-09-05T12:46:20+00:00\",\"description\":\"I vantaggi sono evidenti: le aziende diventano pi\u00f9 efficienti e i fornitori di energia non devono sostenere costi aggiuntivi.\",\"breadcrumb\":{\"@id\":\"https:\/\/www.electrosuisse.ch\/it\/engineering\/efficienza-elettrica\/#breadcrumb\"},\"inLanguage\":\"it-IT\",\"potentialAction\":[{\"@type\":\"ReadAction\",\"target\":[\"https:\/\/www.electrosuisse.ch\/it\/engineering\/efficienza-elettrica\/\"]}]},{\"@type\":\"BreadcrumbList\",\"@id\":\"https:\/\/www.electrosuisse.ch\/it\/engineering\/efficienza-elettrica\/#breadcrumb\",\"itemListElement\":[{\"@type\":\"ListItem\",\"position\":1,\"name\":\"Engineering\",\"item\":\"https:\/\/www.electrosuisse.ch\/it\/engineering\/\"},{\"@type\":\"ListItem\",\"position\":2,\"name\":\"Efficienza elettrica\"}]},{\"@type\":\"WebSite\",\"@id\":\"https:\/\/www.electrosuisse.ch\/it\/#website\",\"url\":\"https:\/\/www.electrosuisse.ch\/it\/\",\"name\":\"Electrosuisse\",\"description\":\"\",\"publisher\":{\"@id\":\"https:\/\/www.electrosuisse.ch\/it\/#organization\"},\"potentialAction\":[{\"@type\":\"SearchAction\",\"target\":{\"@type\":\"EntryPoint\",\"urlTemplate\":\"https:\/\/www.electrosuisse.ch\/it\/?s={search_term_string}\"},\"query-input\":{\"@type\":\"PropertyValueSpecification\",\"valueRequired\":true,\"valueName\":\"search_term_string\"}}],\"inLanguage\":\"it-IT\"},{\"@type\":\"Organization\",\"@id\":\"https:\/\/www.electrosuisse.ch\/it\/#organization\",\"name\":\"Electrosuisse\",\"url\":\"https:\/\/www.electrosuisse.ch\/it\/\",\"logo\":{\"@type\":\"ImageObject\",\"inLanguage\":\"it-IT\",\"@id\":\"https:\/\/www.electrosuisse.ch\/it\/#\/schema\/logo\/image\/\",\"url\":\"https:\/\/www.electrosuisse.ch\/wp-content\/uploads\/2025\/04\/Electrosuisse_Logo_696x696.png\",\"contentUrl\":\"https:\/\/www.electrosuisse.ch\/wp-content\/uploads\/2025\/04\/Electrosuisse_Logo_696x696.png\",\"width\":696,\"height\":696,\"caption\":\"Electrosuisse\"},\"image\":{\"@id\":\"https:\/\/www.electrosuisse.ch\/it\/#\/schema\/logo\/image\/\"},\"sameAs\":[\"https:\/\/www.linkedin.com\/company\/electrosuisse-ag\/posts\/?feedView=all\",\"https:\/\/www.instagram.com\/electrosuisse1889\/\",\"https:\/\/www.youtube.com\/channel\/UCoOxohMiVE0Gjcdis1L09zw\"],\"description\":\"Electrosuisse ist eine anerkannte und unabh\u00e4ngige Fachorganisation, die erstklassige Dienstleistungen und Produkte in den Bereichen Inspektion, Beratung, Pr\u00fcfung, Zertifizierung, Normung und Weiterbildung anbietet. Unsere Expertise umfasst Elektrotechnik, Elektromobilit\u00e4t, Energieberatung, Geb\u00e4udeautomation und Photovoltaik in der Schweiz. Durch die Veranstaltung etablierter Branchen-Events und Fachtagungen f\u00f6rdert Electrosuisse den Wissenstransfer und den fachlichen Austausch. Im Mittelpunkt unserer T\u00e4tigkeiten steht die F\u00f6rderung der sicheren, wirtschaftlichen und umweltgerechten Anwendung der Elektrotechnik.\"}]}<\/script>\n<!-- \/ Yoast SEO Premium plugin. -->","yoast_head_json":{"title":"Efficienza elettrica - Electrosuisse","description":"I vantaggi sono evidenti: le aziende diventano pi\u00f9 efficienti e i fornitori di energia non devono sostenere costi aggiuntivi.","robots":{"index":"index","follow":"follow","max-snippet":"max-snippet:-1","max-image-preview":"max-image-preview:large","max-video-preview":"max-video-preview:-1"},"canonical":"https:\/\/www.electrosuisse.ch\/it\/engineering\/efficienza-elettrica\/","og_locale":"it_IT","og_type":"article","og_title":"Efficienza elettrica - Electrosuisse","og_description":"I vantaggi sono evidenti: le aziende diventano pi\u00f9 efficienti e i fornitori di energia non devono sostenere costi aggiuntivi.","og_url":"https:\/\/www.electrosuisse.ch\/it\/engineering\/efficienza-elettrica\/","og_site_name":"Electrosuisse","article_modified_time":"2025-09-05T12:46:20+00:00","og_image":[{"width":1578,"height":650,"url":"https:\/\/www.electrosuisse.ch\/wp-content\/uploads\/2022\/12\/Electrosuisse_Ueber_uns_1578x650.jpg","type":"image\/jpeg"}],"schema":{"@context":"https:\/\/schema.org","@graph":[{"@type":"WebPage","@id":"https:\/\/www.electrosuisse.ch\/it\/engineering\/efficienza-elettrica\/","url":"https:\/\/www.electrosuisse.ch\/it\/engineering\/efficienza-elettrica\/","name":"Efficienza elettrica - Electrosuisse","isPartOf":{"@id":"https:\/\/www.electrosuisse.ch\/it\/#website"},"datePublished":"2023-11-06T15:46:55+00:00","dateModified":"2025-09-05T12:46:20+00:00","description":"I vantaggi sono evidenti: le aziende diventano pi\u00f9 efficienti e i fornitori di energia non devono sostenere costi aggiuntivi.","breadcrumb":{"@id":"https:\/\/www.electrosuisse.ch\/it\/engineering\/efficienza-elettrica\/#breadcrumb"},"inLanguage":"it-IT","potentialAction":[{"@type":"ReadAction","target":["https:\/\/www.electrosuisse.ch\/it\/engineering\/efficienza-elettrica\/"]}]},{"@type":"BreadcrumbList","@id":"https:\/\/www.electrosuisse.ch\/it\/engineering\/efficienza-elettrica\/#breadcrumb","itemListElement":[{"@type":"ListItem","position":1,"name":"Engineering","item":"https:\/\/www.electrosuisse.ch\/it\/engineering\/"},{"@type":"ListItem","position":2,"name":"Efficienza elettrica"}]},{"@type":"WebSite","@id":"https:\/\/www.electrosuisse.ch\/it\/#website","url":"https:\/\/www.electrosuisse.ch\/it\/","name":"Electrosuisse","description":"","publisher":{"@id":"https:\/\/www.electrosuisse.ch\/it\/#organization"},"potentialAction":[{"@type":"SearchAction","target":{"@type":"EntryPoint","urlTemplate":"https:\/\/www.electrosuisse.ch\/it\/?s={search_term_string}"},"query-input":{"@type":"PropertyValueSpecification","valueRequired":true,"valueName":"search_term_string"}}],"inLanguage":"it-IT"},{"@type":"Organization","@id":"https:\/\/www.electrosuisse.ch\/it\/#organization","name":"Electrosuisse","url":"https:\/\/www.electrosuisse.ch\/it\/","logo":{"@type":"ImageObject","inLanguage":"it-IT","@id":"https:\/\/www.electrosuisse.ch\/it\/#\/schema\/logo\/image\/","url":"https:\/\/www.electrosuisse.ch\/wp-content\/uploads\/2025\/04\/Electrosuisse_Logo_696x696.png","contentUrl":"https:\/\/www.electrosuisse.ch\/wp-content\/uploads\/2025\/04\/Electrosuisse_Logo_696x696.png","width":696,"height":696,"caption":"Electrosuisse"},"image":{"@id":"https:\/\/www.electrosuisse.ch\/it\/#\/schema\/logo\/image\/"},"sameAs":["https:\/\/www.linkedin.com\/company\/electrosuisse-ag\/posts\/?feedView=all","https:\/\/www.instagram.com\/electrosuisse1889\/","https:\/\/www.youtube.com\/channel\/UCoOxohMiVE0Gjcdis1L09zw"],"description":"Electrosuisse ist eine anerkannte und unabh\u00e4ngige Fachorganisation, die erstklassige Dienstleistungen und Produkte in den Bereichen Inspektion, Beratung, Pr\u00fcfung, Zertifizierung, Normung und Weiterbildung anbietet. Unsere Expertise umfasst Elektrotechnik, Elektromobilit\u00e4t, Energieberatung, Geb\u00e4udeautomation und Photovoltaik in der Schweiz. Durch die Veranstaltung etablierter Branchen-Events und Fachtagungen f\u00f6rdert Electrosuisse den Wissenstransfer und den fachlichen Austausch. Im Mittelpunkt unserer T\u00e4tigkeiten steht die F\u00f6rderung der sicheren, wirtschaftlichen und umweltgerechten Anwendung der Elektrotechnik."}]}},"amp_enabled":true,"_links":{"self":[{"href":"https:\/\/www.electrosuisse.ch\/it\/wp-json\/wp\/v2\/pages\/32525","targetHints":{"allow":["GET"]}}],"collection":[{"href":"https:\/\/www.electrosuisse.ch\/it\/wp-json\/wp\/v2\/pages"}],"about":[{"href":"https:\/\/www.electrosuisse.ch\/it\/wp-json\/wp\/v2\/types\/page"}],"author":[{"embeddable":true,"href":"https:\/\/www.electrosuisse.ch\/it\/wp-json\/wp\/v2\/users\/28"}],"replies":[{"embeddable":true,"href":"https:\/\/www.electrosuisse.ch\/it\/wp-json\/wp\/v2\/comments?post=32525"}],"version-history":[{"count":7,"href":"https:\/\/www.electrosuisse.ch\/it\/wp-json\/wp\/v2\/pages\/32525\/revisions"}],"predecessor-version":[{"id":39937,"href":"https:\/\/www.electrosuisse.ch\/it\/wp-json\/wp\/v2\/pages\/32525\/revisions\/39937"}],"up":[{"embeddable":true,"href":"https:\/\/www.electrosuisse.ch\/it\/wp-json\/wp\/v2\/pages\/4118"}],"wp:attachment":[{"href":"https:\/\/www.electrosuisse.ch\/it\/wp-json\/wp\/v2\/media?parent=32525"}],"curies":[{"name":"wp","href":"https:\/\/api.w.org\/{rel}","templated":true}]}}