{"id":32515,"date":"2023-11-06T16:09:37","date_gmt":"2023-11-06T15:09:37","guid":{"rendered":"https:\/\/www.electrosuisse.ch\/?page_id=32515"},"modified":"2026-02-12T16:21:05","modified_gmt":"2026-02-12T15:21:05","slug":"calcolo-della-rete","status":"publish","type":"page","link":"https:\/\/www.electrosuisse.ch\/it\/engineering\/calcolo-della-rete\/","title":{"rendered":"Calcolo della rete"},"content":{"rendered":"<div class=\"wpb-content-wrapper\"><p>[vc_row][vc_column][vc_column_text]Gli attuali sviluppi nel campo dell&#8217;approvvigionamento energetico e le nuove possibilit\u00e0 di utilizzo pongono grandi sfide alla rete energetica.[\/vc_column_text][vc_column_text]Le aziende fornitrici di energia, le imprese industriali o i grandi consumatori che dispongono di reti proprie si trovano di fronte alla difficolt\u00e0 di integrare i nuovi componenti nel sistema energetico, di impedire le strozzature della rete e di garantire costantemente una buona qualit\u00e0 della rete. Inoltre, nella gestione delle reti elettriche \u00e8 necessario rispettare i requisiti di sicurezza. Con il Digital Twin, la simulazione digitale della rete, \u00e8 possibile reagire in modo specifico a queste sfide e individuare tempestivamente i colli di bottiglia. Questo metodo pu\u00f2 essere utilizzato anche per garantire la sicurezza dell&#8217;approvvigionamento e pu\u00f2 costituire la base per elaborare una strategia volta allo sviluppo futuro della rete.[\/vc_column_text][\/vc_column][\/vc_row][vc_row el_id=&#8221;angebot&#8221;][vc_column][vc_column_text css=&#8221;&#8221;]<\/p>\n<h3>La nostra offerta<\/h3>\n<p>Electrosuisse esegue un&#8217;analisi globale della rete con un modello statico (NEPLAN). \u00c8 possibile calcolare e analizzare le correnti di carico, la potenza di cortocircuito, le caratteristiche di tensione, la selettivit\u00e0 dei dispositivi di protezione e l&#8217;energia generata da guasti da arco elettrico. I flussi di carico e i colli di bottiglia della rete sono visualizzati sia in condizioni di funzionamento normale che in scenari di guasto. Sulla base del calcolo della rete, \u00e8 possibile valutare ed esaminare le estensioni della rete e le applicazioni di connessione per impianti fotovoltaici, pompe di calore e stazioni di ricarica. Oltre all&#8217;analisi della rete, si pu\u00f2 predisporre un adeguato sistema di sicurezza e garantire il funzionamento della rete stessa.<\/p>\n<p>Per un ulteriore sviluppo di quest\u2019ultima, il passo successivo \u00e8 la creazione di un modello dinamico, il Digital Twin. Collegando il modello con i dati in tempo reale, \u00e8 possibile simulare il comportamento della rete nel suo stato operativo attuale in caso di possibili incidenti. Le analisi di diversi scenari possono essere utilizzate per consentire l&#8217;ulteriore sviluppo della rete. L&#8217;uso di nuove tecnologie e la valutazione dell\u2019impatto a livello economico, tecnico e operativo sono integrati nella strategia di sviluppo a lungo termine del sistema energetico.[\/vc_column_text][vc_column_text css=&#8221;&#8221;]<\/p>\n<h3>L&#8217;essenziale in breve<\/h3>\n<ul>\n<li>L&#8217;analisi della rete elettrica aiuta i fornitori di energia, l&#8217;industria e i grandi consumatori ad aumentare la sicurezza della loro rete, evitare congestioni, pianificare l&#8217;espansione della rete, integrare nuovi impianti e garantire la qualit\u00e0 della rete a lungo termine.<\/li>\n<li>Tuttavia, nuove forme di utilizzo, elettrificazione e sviluppi tecnologici pongono la rete elettrica di fronte a sfide complesse.<\/li>\n<li>I requisiti di sicurezza devono essere rigorosamente rispettati durante il funzionamento delle reti elettriche. Ci\u00f2 \u00e8 garantito, tra l&#8217;altro, da calcoli degli archi elettrici, concetti di sicurezza, segnaletica e formazione.<\/li>\n<li>Con un gemello digitale (Digital Twin) \u00e8 possibile simulare le strutture di rete, individuare tempestivamente le congestioni e garantire la sicurezza dell&#8217;approvvigionamento.<\/li>\n<li>Electrosuisse supporta le aziende e i fornitori di energia con analisi mirate e complete come base per le decisioni strategiche relative allo sviluppo futuro della rete.<\/li>\n<\/ul>\n<p>[\/vc_column_text][\/vc_column][\/vc_row][vc_row el_id=&#8221;kontakt&#8221;][vc_column][vc_column_text]<\/p>\n<h2>Contatto<\/h2>\n<p>[\/vc_column_text]<div class=\"wpb_contact_column wpb_content_element wpb_contact_column--container\"><div class=\"wpb_wrapper\"><div class=\"contact_container_outer\"><div class=\"contact_container\"><div class=\"contact row middle-xs\"><div class=\"contact__img col-sm-5 col-xs-12\"><img decoding=\"async\" src=\"https:\/\/www.electrosuisse.ch\/wp-content\/uploads\/2024\/08\/StefanBaer_302x302.png\" alt=\"Stefan B\u00e4r - Responsabile del team Ingegneria Est\" \/><\/div><div class=\"contact__info col-sm-7 col-xs-12\"><p><b>Stefan B\u00e4r<\/b><br>Responsabile del team Ingegneria Est<\/p><div class=\"phone has-link\"><a href=\"tel:+41585951571\">+41 58 595 15 71<\/a><\/div><div class=\"mail has-link\"><a href=\"mailto:&#x73;&#x74;&#101;&#102;a&#x6e;&#x2e;&#x62;&#97;er&#x40;&#x65;&#108;&#101;c&#x74;&#x72;&#x6f;&#115;ui&#x73;&#x73;&#101;&#46;c&#x68;\">&#x73;&#116;e&#x66;&#97;n&#x2e;&#x62;&#97;&#x65;&#x72;&#64;e&#x6c;&#101;c&#x74;&#x72;&#111;&#x73;&#x75;&#105;s&#x73;&#101;&#46;&#x63;&#x68;<\/a><\/div><\/div><\/div><\/div><\/div><div class=\"contact_container_outer\"><div class=\"contact_container\"><div class=\"contact row middle-xs\"><div class=\"contact__img col-sm-5 col-xs-12\"><img decoding=\"async\" src=\"https:\/\/www.electrosuisse.ch\/wp-content\/uploads\/2025\/09\/Felix-Bigler_320x320.png\" alt=\"Felix Bigler - Responsabile del team Ingegneria Ovest\" \/><\/div><div class=\"contact__info col-sm-7 col-xs-12\"><p><b>Felix Bigler<\/b><br>Responsabile del team Ingegneria Ovest<\/p><div class=\"phone has-link\"><a href=\"tel:+41585951575\">+41 58 595 15 75<\/a><\/div><div class=\"mail has-link\"><a href=\"mailto:&#x66;&#x65;&#x6c;&#105;&#120;&#46;b&#x69;&#x67;&#x6c;&#x65;&#114;&#64;el&#x65;&#x63;&#x74;&#114;&#111;&#115;ui&#x73;&#x73;&#x65;&#46;&#99;h\">&#102;e&#x6c;i&#x78;&#46;&#x62;i&#x67;&#108;&#x65;&#114;&#x40;&#101;&#x6c;&#101;c&#116;r&#x6f;s&#x75;i&#x73;&#115;&#x65;&#46;&#x63;&#104;<\/a><\/div><\/div><\/div><\/div><\/div><div class=\"contact_container_outer\"><div class=\"contact_container\"><div class=\"contact row middle-xs\"><div class=\"contact__img col-sm-5 col-xs-12\"><img decoding=\"async\" src=\"https:\/\/www.electrosuisse.ch\/wp-content\/uploads\/2024\/07\/Hans-Matzner-2.jpg\" alt=\"Hans Matzner - Consulenza e engineering\" \/><\/div><div class=\"contact__info col-sm-7 col-xs-12\"><p><b>Hans Matzner<\/b><br>Consulenza e engineering<\/p><div class=\"phone has-link\"><a href=\"tel:+41585951563\">+41 58 595 15 63<\/a><\/div><div class=\"mail has-link\"><a href=\"mailto:&#x68;a&#x6e;&#115;&#46;&#x6d;&#97;&#x74;&#x7a;n&#x65;&#114;&#64;&#x65;&#108;&#x65;&#99;t&#x72;&#111;s&#x75;&#105;&#x73;&#115;e&#x2e;&#99;&#x68;\">&#x68;&#x61;&#x6e;&#x73;&#x2e;&#x6d;&#x61;&#x74;&#x7a;&#x6e;&#x65;&#x72;&#x40;&#x65;&#108;&#101;&#99;&#116;&#114;&#111;&#115;&#117;&#105;&#115;&#115;e&#46;ch<\/a><\/div><\/div><\/div><\/div><\/div><div class=\"contact_container_outer\"><div class=\"contact_container\"><div class=\"contact row middle-xs\"><div class=\"contact__img col-sm-5 col-xs-12\"><img decoding=\"async\" src=\"\/wp-content\/themes\/SCHMUCKI_child\/img\/contact_placeholder.jpg\" alt=\"Consulenza, ispezione, engineering \" \/><\/div><div class=\"contact__info col-sm-7 col-xs-12\"><p><b>Consulenza, ispezione, engineering <\/b><br>Servizio interno<\/p><div class=\"phone has-link\"><a href=\"tel:+41585951199\">+41 58 595 11 99<\/a><\/div><div class=\"mail has-link\"><a href=\"mailto:&#x62;&#x65;&#x72;&#x61;&#116;&#117;&#110;&#103;&#64;el&#x65;&#x63;&#x74;&#x72;&#x6f;&#115;&#117;&#105;sse&#x2e;&#x63;&#x68;\">&#x62;&#101;r&#x61;&#x74;&#117;n&#x67;&#x40;&#101;l&#x65;&#99;t&#x72;&#x6f;&#115;u&#x69;&#x73;&#115;e&#x2e;&#99;&#104;<\/a><\/div><\/div><\/div><\/div><\/div><\/div><\/div>[\/vc_column][\/vc_row]<\/p>\n<\/div>","protected":false},"excerpt":{"rendered":"<p>[vc_row][vc_column][vc_column_text]Gli attuali sviluppi nel campo dell&#8217;approvvigionamento energetico e le nuove possibilit\u00e0 di utilizzo pongono grandi sfide alla rete energetica.[\/vc_column_text][vc_column_text]Le aziende fornitrici di energia, le imprese industriali o i grandi consumatori che dispongono di reti proprie si trovano di fronte alla difficolt\u00e0 di integrare i nuovi componenti nel sistema energetico, di impedire le strozzature della rete [&hellip;]<\/p>\n","protected":false},"author":28,"featured_media":0,"parent":4118,"menu_order":241,"comment_status":"closed","ping_status":"closed","template":"","meta":{"_acf_changed":false,"_monsterinsights_skip_tracking":false,"_monsterinsights_sitenote_active":false,"_monsterinsights_sitenote_note":"","_monsterinsights_sitenote_category":0,"footnotes":""},"class_list":["post-32515","page","type-page","status-publish","hentry"],"acf":[],"yoast_head":"<!-- This site is optimized with the Yoast SEO Premium plugin v26.4 (Yoast SEO v27.0) - https:\/\/yoast.com\/product\/yoast-seo-premium-wordpress\/ -->\n<title>Calcolo della rete - Electrosuisse<\/title>\n<meta name=\"description\" content=\"Visualizzazione e calcolo delle capacit\u00e0 di rete. Electrosuisse esegue un&#039;analisi globale della rete con un modello statico (NEPLAN).\" \/>\n<meta name=\"robots\" content=\"index, follow, max-snippet:-1, max-image-preview:large, max-video-preview:-1\" \/>\n<link rel=\"canonical\" href=\"https:\/\/www.electrosuisse.ch\/it\/engineering\/calcolo-della-rete\/\" \/>\n<meta property=\"og:locale\" content=\"it_IT\" \/>\n<meta property=\"og:type\" content=\"article\" \/>\n<meta property=\"og:title\" content=\"Calcolo della rete - Electrosuisse\" \/>\n<meta property=\"og:description\" content=\"Visualizzazione e calcolo delle capacit\u00e0 di rete. Electrosuisse esegue un&#039;analisi globale della rete con un modello statico (NEPLAN).\" \/>\n<meta property=\"og:url\" content=\"https:\/\/www.electrosuisse.ch\/it\/engineering\/calcolo-della-rete\/\" \/>\n<meta property=\"og:site_name\" content=\"Electrosuisse\" \/>\n<meta property=\"article:modified_time\" content=\"2026-02-12T15:21:05+00:00\" \/>\n<meta property=\"og:image\" content=\"https:\/\/www.electrosuisse.ch\/wp-content\/uploads\/2022\/12\/Electrosuisse_Ueber_uns_1578x650.jpg\" \/>\n\t<meta property=\"og:image:width\" content=\"1578\" \/>\n\t<meta property=\"og:image:height\" content=\"650\" \/>\n\t<meta property=\"og:image:type\" content=\"image\/jpeg\" \/>\n<script type=\"application\/ld+json\" class=\"yoast-schema-graph\">{\"@context\":\"https:\/\/schema.org\",\"@graph\":[{\"@type\":\"WebPage\",\"@id\":\"https:\/\/www.electrosuisse.ch\/it\/engineering\/calcolo-della-rete\/\",\"url\":\"https:\/\/www.electrosuisse.ch\/it\/engineering\/calcolo-della-rete\/\",\"name\":\"Calcolo della rete - Electrosuisse\",\"isPartOf\":{\"@id\":\"https:\/\/www.electrosuisse.ch\/it\/#website\"},\"datePublished\":\"2023-11-06T15:09:37+00:00\",\"dateModified\":\"2026-02-12T15:21:05+00:00\",\"description\":\"Visualizzazione e calcolo delle capacit\u00e0 di rete. Electrosuisse esegue un'analisi globale della rete con un modello statico (NEPLAN).\",\"breadcrumb\":{\"@id\":\"https:\/\/www.electrosuisse.ch\/it\/engineering\/calcolo-della-rete\/#breadcrumb\"},\"inLanguage\":\"it-IT\",\"potentialAction\":[{\"@type\":\"ReadAction\",\"target\":[\"https:\/\/www.electrosuisse.ch\/it\/engineering\/calcolo-della-rete\/\"]}]},{\"@type\":\"BreadcrumbList\",\"@id\":\"https:\/\/www.electrosuisse.ch\/it\/engineering\/calcolo-della-rete\/#breadcrumb\",\"itemListElement\":[{\"@type\":\"ListItem\",\"position\":1,\"name\":\"Engineering\",\"item\":\"https:\/\/www.electrosuisse.ch\/it\/engineering\/\"},{\"@type\":\"ListItem\",\"position\":2,\"name\":\"Calcolo della rete\"}]},{\"@type\":\"WebSite\",\"@id\":\"https:\/\/www.electrosuisse.ch\/it\/#website\",\"url\":\"https:\/\/www.electrosuisse.ch\/it\/\",\"name\":\"Electrosuisse\",\"description\":\"\",\"publisher\":{\"@id\":\"https:\/\/www.electrosuisse.ch\/it\/#organization\"},\"potentialAction\":[{\"@type\":\"SearchAction\",\"target\":{\"@type\":\"EntryPoint\",\"urlTemplate\":\"https:\/\/www.electrosuisse.ch\/it\/?s={search_term_string}\"},\"query-input\":{\"@type\":\"PropertyValueSpecification\",\"valueRequired\":true,\"valueName\":\"search_term_string\"}}],\"inLanguage\":\"it-IT\"},{\"@type\":\"Organization\",\"@id\":\"https:\/\/www.electrosuisse.ch\/it\/#organization\",\"name\":\"Electrosuisse\",\"url\":\"https:\/\/www.electrosuisse.ch\/it\/\",\"logo\":{\"@type\":\"ImageObject\",\"inLanguage\":\"it-IT\",\"@id\":\"https:\/\/www.electrosuisse.ch\/it\/#\/schema\/logo\/image\/\",\"url\":\"https:\/\/www.electrosuisse.ch\/wp-content\/uploads\/2025\/04\/Electrosuisse_Logo_696x696.png\",\"contentUrl\":\"https:\/\/www.electrosuisse.ch\/wp-content\/uploads\/2025\/04\/Electrosuisse_Logo_696x696.png\",\"width\":696,\"height\":696,\"caption\":\"Electrosuisse\"},\"image\":{\"@id\":\"https:\/\/www.electrosuisse.ch\/it\/#\/schema\/logo\/image\/\"},\"sameAs\":[\"https:\/\/www.linkedin.com\/company\/electrosuisse-ag\/posts\/?feedView=all\",\"https:\/\/www.instagram.com\/electrosuisse1889\/\",\"https:\/\/www.youtube.com\/channel\/UCoOxohMiVE0Gjcdis1L09zw\"],\"description\":\"Electrosuisse ist eine anerkannte und unabh\u00e4ngige Fachorganisation, die erstklassige Dienstleistungen und Produkte in den Bereichen Inspektion, Beratung, Pr\u00fcfung, Zertifizierung, Normung und Weiterbildung anbietet. Unsere Expertise umfasst Elektrotechnik, Elektromobilit\u00e4t, Energieberatung, Geb\u00e4udeautomation und Photovoltaik in der Schweiz. Durch die Veranstaltung etablierter Branchen-Events und Fachtagungen f\u00f6rdert Electrosuisse den Wissenstransfer und den fachlichen Austausch. Im Mittelpunkt unserer T\u00e4tigkeiten steht die F\u00f6rderung der sicheren, wirtschaftlichen und umweltgerechten Anwendung der Elektrotechnik.\"}]}<\/script>\n<!-- \/ Yoast SEO Premium plugin. -->","yoast_head_json":{"title":"Calcolo della rete - Electrosuisse","description":"Visualizzazione e calcolo delle capacit\u00e0 di rete. Electrosuisse esegue un'analisi globale della rete con un modello statico (NEPLAN).","robots":{"index":"index","follow":"follow","max-snippet":"max-snippet:-1","max-image-preview":"max-image-preview:large","max-video-preview":"max-video-preview:-1"},"canonical":"https:\/\/www.electrosuisse.ch\/it\/engineering\/calcolo-della-rete\/","og_locale":"it_IT","og_type":"article","og_title":"Calcolo della rete - Electrosuisse","og_description":"Visualizzazione e calcolo delle capacit\u00e0 di rete. Electrosuisse esegue un'analisi globale della rete con un modello statico (NEPLAN).","og_url":"https:\/\/www.electrosuisse.ch\/it\/engineering\/calcolo-della-rete\/","og_site_name":"Electrosuisse","article_modified_time":"2026-02-12T15:21:05+00:00","og_image":[{"width":1578,"height":650,"url":"https:\/\/www.electrosuisse.ch\/wp-content\/uploads\/2022\/12\/Electrosuisse_Ueber_uns_1578x650.jpg","type":"image\/jpeg"}],"schema":{"@context":"https:\/\/schema.org","@graph":[{"@type":"WebPage","@id":"https:\/\/www.electrosuisse.ch\/it\/engineering\/calcolo-della-rete\/","url":"https:\/\/www.electrosuisse.ch\/it\/engineering\/calcolo-della-rete\/","name":"Calcolo della rete - Electrosuisse","isPartOf":{"@id":"https:\/\/www.electrosuisse.ch\/it\/#website"},"datePublished":"2023-11-06T15:09:37+00:00","dateModified":"2026-02-12T15:21:05+00:00","description":"Visualizzazione e calcolo delle capacit\u00e0 di rete. Electrosuisse esegue un'analisi globale della rete con un modello statico (NEPLAN).","breadcrumb":{"@id":"https:\/\/www.electrosuisse.ch\/it\/engineering\/calcolo-della-rete\/#breadcrumb"},"inLanguage":"it-IT","potentialAction":[{"@type":"ReadAction","target":["https:\/\/www.electrosuisse.ch\/it\/engineering\/calcolo-della-rete\/"]}]},{"@type":"BreadcrumbList","@id":"https:\/\/www.electrosuisse.ch\/it\/engineering\/calcolo-della-rete\/#breadcrumb","itemListElement":[{"@type":"ListItem","position":1,"name":"Engineering","item":"https:\/\/www.electrosuisse.ch\/it\/engineering\/"},{"@type":"ListItem","position":2,"name":"Calcolo della rete"}]},{"@type":"WebSite","@id":"https:\/\/www.electrosuisse.ch\/it\/#website","url":"https:\/\/www.electrosuisse.ch\/it\/","name":"Electrosuisse","description":"","publisher":{"@id":"https:\/\/www.electrosuisse.ch\/it\/#organization"},"potentialAction":[{"@type":"SearchAction","target":{"@type":"EntryPoint","urlTemplate":"https:\/\/www.electrosuisse.ch\/it\/?s={search_term_string}"},"query-input":{"@type":"PropertyValueSpecification","valueRequired":true,"valueName":"search_term_string"}}],"inLanguage":"it-IT"},{"@type":"Organization","@id":"https:\/\/www.electrosuisse.ch\/it\/#organization","name":"Electrosuisse","url":"https:\/\/www.electrosuisse.ch\/it\/","logo":{"@type":"ImageObject","inLanguage":"it-IT","@id":"https:\/\/www.electrosuisse.ch\/it\/#\/schema\/logo\/image\/","url":"https:\/\/www.electrosuisse.ch\/wp-content\/uploads\/2025\/04\/Electrosuisse_Logo_696x696.png","contentUrl":"https:\/\/www.electrosuisse.ch\/wp-content\/uploads\/2025\/04\/Electrosuisse_Logo_696x696.png","width":696,"height":696,"caption":"Electrosuisse"},"image":{"@id":"https:\/\/www.electrosuisse.ch\/it\/#\/schema\/logo\/image\/"},"sameAs":["https:\/\/www.linkedin.com\/company\/electrosuisse-ag\/posts\/?feedView=all","https:\/\/www.instagram.com\/electrosuisse1889\/","https:\/\/www.youtube.com\/channel\/UCoOxohMiVE0Gjcdis1L09zw"],"description":"Electrosuisse ist eine anerkannte und unabh\u00e4ngige Fachorganisation, die erstklassige Dienstleistungen und Produkte in den Bereichen Inspektion, Beratung, Pr\u00fcfung, Zertifizierung, Normung und Weiterbildung anbietet. Unsere Expertise umfasst Elektrotechnik, Elektromobilit\u00e4t, Energieberatung, Geb\u00e4udeautomation und Photovoltaik in der Schweiz. Durch die Veranstaltung etablierter Branchen-Events und Fachtagungen f\u00f6rdert Electrosuisse den Wissenstransfer und den fachlichen Austausch. Im Mittelpunkt unserer T\u00e4tigkeiten steht die F\u00f6rderung der sicheren, wirtschaftlichen und umweltgerechten Anwendung der Elektrotechnik."}]}},"amp_enabled":true,"_links":{"self":[{"href":"https:\/\/www.electrosuisse.ch\/it\/wp-json\/wp\/v2\/pages\/32515","targetHints":{"allow":["GET"]}}],"collection":[{"href":"https:\/\/www.electrosuisse.ch\/it\/wp-json\/wp\/v2\/pages"}],"about":[{"href":"https:\/\/www.electrosuisse.ch\/it\/wp-json\/wp\/v2\/types\/page"}],"author":[{"embeddable":true,"href":"https:\/\/www.electrosuisse.ch\/it\/wp-json\/wp\/v2\/users\/28"}],"replies":[{"embeddable":true,"href":"https:\/\/www.electrosuisse.ch\/it\/wp-json\/wp\/v2\/comments?post=32515"}],"version-history":[{"count":10,"href":"https:\/\/www.electrosuisse.ch\/it\/wp-json\/wp\/v2\/pages\/32515\/revisions"}],"predecessor-version":[{"id":41906,"href":"https:\/\/www.electrosuisse.ch\/it\/wp-json\/wp\/v2\/pages\/32515\/revisions\/41906"}],"up":[{"embeddable":true,"href":"https:\/\/www.electrosuisse.ch\/it\/wp-json\/wp\/v2\/pages\/4118"}],"wp:attachment":[{"href":"https:\/\/www.electrosuisse.ch\/it\/wp-json\/wp\/v2\/media?parent=32515"}],"curies":[{"name":"wp","href":"https:\/\/api.w.org\/{rel}","templated":true}]}}