{"id":30716,"date":"2023-05-02T11:01:57","date_gmt":"2023-05-02T09:01:57","guid":{"rendered":"https:\/\/www.electrosuisse.ch\/mobilita\/e-mobilitaet-map\/"},"modified":"2026-03-16T14:34:35","modified_gmt":"2026-03-16T13:34:35","slug":"mobilita-elettrica-mappa","status":"publish","type":"page","link":"https:\/\/www.electrosuisse.ch\/it\/mobilita\/mobilita-elettrica-mappa\/","title":{"rendered":"Mobilit\u00e0 elettrica \u2013 Mappa, opuscolo e strumento interattivo"},"content":{"rendered":"<div class=\"wpb-content-wrapper\"><p>[vc_row][vc_column][vc_column_text css=&#8221;&#8221;]<\/p>\n<h2>Mappa, opuscolo e strumento interattivo<\/h2>\n<p>Sul tema della mobilit\u00e0 elettrica, Electrosuisse ha sviluppato con il sostegno di\u00a0<a href=\"https:\/\/www.svizzeraenergia.ch\/mobilita\/elettromobilita\/?pk_vid=04cef0ede86d0fb9162851351822bc24\" target=\"_blank\" rel=\"noopener\">SvizzeraEnergia<\/a>\u00a0una mappa, un opuscolo di accompagnamento e uno strumento interattivo per collegare i due elementi. La mappa fornisce informazioni strutturate, permettendo cos\u00ec la semplice applicazione di conoscenze astratte in merito a domande concrete.<\/p>\n<p>In undici sottocapitoli viene spiegato il motivo per cui il futuro appartiene alla mobilit\u00e0 elettrica: non vi sono gas di scarico, oltre al fatto che le emissioni acustiche e gli effetti delle vibrazioni sono eliminati. Inoltre, una trazione elettrica \u00e8 tre volte pi\u00f9 efficiente, in termini di consumo di energia, rispetto a una trazione convenzionale. L\u2019energia viene recuperata nelle fasi di frenata e durante la guida in discesa. Infine, sul mercato, i veicoli disponibili tra cui scegliere stanno diventando sempre pi\u00f9 numerosi.<\/p>\n<p>Il bilancio complessivo dell\u2019impatto ambientale \u00e8 inferiore a quello delle trazioni convenzionali, a partire da circa 10.000 km. Anche le materie prime, ottenute in modo ecologico e socialmente compatibile, sono usate con la massima priorit\u00e0.<\/p>\n<p>Ora \u00e8 possibile guidare senza problemi anche su tratti pi\u00f9 lunghi, grazie alle capacit\u00e0 di ricarica dei singoli veicoli in costante aumento, nonch\u00e9 a una rete sempre pi\u00f9 fitta di stazioni di ricarica. Se necessario, il carico sulla rete elettrica pu\u00f2 essere ottimizzato in modo intelligente. Spiegare la trazione del futuro (sistema di gestione della ricarica). Inoltre, le batterie dei veicoli elettrici possono essere usate una seconda volta come accumulatori elettrici domestici e successivamente riciclate.<\/p>\n<p>Semplice, economico ed efficiente: ecco come si definisce la trazione del futuro![\/vc_column_text][vc_column_text]<strong>Scaricate la mappa.<\/strong><br \/>\nLa mappa e l\u2019opuscolo possono essere scaricati gratuitamente:[\/vc_column_text]<div class=\"wpb_document_column wpb_content_element\"><div class=\"wpb_wrapper\"><div class=\"document document--pdf\"><a href=\"https:\/\/www.electrosuisse.ch\/wp-content\/uploads\/2023\/05\/Electrosuisse_Artmap_emobile_i_1122.pdf\" target=\"_blank\" rel=\"noopener\">Artmap \u00abe-mobile\u00bb<\/a><\/div><\/div><\/div><div class=\"wpb_document_column wpb_content_element\"><div class=\"wpb_wrapper\"><div class=\"document document--pdf\"><a href=\"https:\/\/www.electrosuisse.ch\/wp-content\/uploads\/2023\/08\/Brosch_e_Mobile_it.pdf\" target=\"_blank\" rel=\"noopener\">Opuscolo \u00abMobilit\u00e0 elettrica \u2013 la trazione del futuro\u00bb<\/a><\/div><\/div><\/div>[vc_column_text]Nello shop troverete la Mappa in forma stampata (a pagamento).<\/p>\n<p><a href=\"https:\/\/shop.electrosuisse.ch\/de\/DV-MAPEMOBIA3I-359331.html\" target=\"_blank\" rel=\"noopener\">Alla Mappa<\/a><\/p>\n<p>Ulteriori informazioni possono essere trovate nello strumento interattivo.<\/p>\n<p><a href=\"https:\/\/edu.electrosuisse.ch\/#doc\/60620\/1\" target=\"_blank\" rel=\"noopener\">strumento interattivo<\/a>[\/vc_column_text][\/vc_column][\/vc_row]<\/p>\n<\/div>","protected":false},"excerpt":{"rendered":"<p>[vc_row][vc_column][vc_column_text css=&#8221;&#8221;] Mappa, opuscolo e strumento interattivo Sul tema della mobilit\u00e0 elettrica, Electrosuisse ha sviluppato con il sostegno di\u00a0SvizzeraEnergia\u00a0una mappa, un opuscolo di accompagnamento e uno strumento interattivo per collegare i due elementi. La mappa fornisce informazioni strutturate, permettendo cos\u00ec la semplice applicazione di conoscenze astratte in merito a domande concrete. In undici sottocapitoli viene [&hellip;]<\/p>\n","protected":false},"author":6,"featured_media":0,"parent":21748,"menu_order":85,"comment_status":"closed","ping_status":"closed","template":"","meta":{"_acf_changed":false,"_monsterinsights_skip_tracking":false,"_monsterinsights_sitenote_active":false,"_monsterinsights_sitenote_note":"","_monsterinsights_sitenote_category":0,"footnotes":""},"class_list":["post-30716","page","type-page","status-publish","hentry"],"acf":[],"yoast_head":"<!-- This site is optimized with the Yoast SEO Premium plugin v26.4 (Yoast SEO v27.0) - https:\/\/yoast.com\/product\/yoast-seo-premium-wordpress\/ -->\n<title>Mobilit\u00e0 elettrica \u2013 Mappa, opuscolo e strumento interattivo - Electrosuisse<\/title>\n<meta name=\"robots\" content=\"index, follow, max-snippet:-1, max-image-preview:large, max-video-preview:-1\" \/>\n<link rel=\"canonical\" href=\"https:\/\/www.electrosuisse.ch\/it\/mobilita\/mobilita-elettrica-mappa\/\" \/>\n<meta property=\"og:locale\" content=\"it_IT\" \/>\n<meta property=\"og:type\" content=\"article\" \/>\n<meta property=\"og:title\" content=\"Mobilit\u00e0 elettrica \u2013 Mappa, opuscolo e strumento interattivo - Electrosuisse\" \/>\n<meta property=\"og:description\" content=\"[vc_row][vc_column][vc_column_text css=&#8221;&#8221;] Mappa, opuscolo e strumento interattivo Sul tema della mobilit\u00e0 elettrica, Electrosuisse ha sviluppato con il sostegno di\u00a0SvizzeraEnergia\u00a0una mappa, un opuscolo di accompagnamento e uno strumento interattivo per collegare i due elementi. La mappa fornisce informazioni strutturate, permettendo cos\u00ec la semplice applicazione di conoscenze astratte in merito a domande concrete. In undici sottocapitoli viene [&hellip;]\" \/>\n<meta property=\"og:url\" content=\"https:\/\/www.electrosuisse.ch\/it\/mobilita\/mobilita-elettrica-mappa\/\" \/>\n<meta property=\"og:site_name\" content=\"Electrosuisse\" \/>\n<meta property=\"article:modified_time\" content=\"2026-03-16T13:34:35+00:00\" \/>\n<meta property=\"og:image\" content=\"https:\/\/www.electrosuisse.ch\/wp-content\/uploads\/2023\/08\/Map_Emob_IT_1660x470.jpg\" \/>\n\t<meta property=\"og:image:width\" content=\"1578\" \/>\n\t<meta property=\"og:image:height\" content=\"650\" \/>\n\t<meta property=\"og:image:type\" content=\"image\/jpeg\" \/>\n<script type=\"application\/ld+json\" class=\"yoast-schema-graph\">{\"@context\":\"https:\/\/schema.org\",\"@graph\":[{\"@type\":\"WebPage\",\"@id\":\"https:\/\/www.electrosuisse.ch\/it\/mobilita\/mobilita-elettrica-mappa\/\",\"url\":\"https:\/\/www.electrosuisse.ch\/it\/mobilita\/mobilita-elettrica-mappa\/\",\"name\":\"Mobilit\u00e0 elettrica \u2013 Mappa, opuscolo e strumento interattivo - Electrosuisse\",\"isPartOf\":{\"@id\":\"https:\/\/www.electrosuisse.ch\/it\/#website\"},\"datePublished\":\"2023-05-02T09:01:57+00:00\",\"dateModified\":\"2026-03-16T13:34:35+00:00\",\"breadcrumb\":{\"@id\":\"https:\/\/www.electrosuisse.ch\/it\/mobilita\/mobilita-elettrica-mappa\/#breadcrumb\"},\"inLanguage\":\"it-IT\",\"potentialAction\":[{\"@type\":\"ReadAction\",\"target\":[\"https:\/\/www.electrosuisse.ch\/it\/mobilita\/mobilita-elettrica-mappa\/\"]}]},{\"@type\":\"BreadcrumbList\",\"@id\":\"https:\/\/www.electrosuisse.ch\/it\/mobilita\/mobilita-elettrica-mappa\/#breadcrumb\",\"itemListElement\":[{\"@type\":\"ListItem\",\"position\":1,\"name\":\"Mobilit\u00e0\",\"item\":\"https:\/\/www.electrosuisse.ch\/it\/mobilita\/\"},{\"@type\":\"ListItem\",\"position\":2,\"name\":\"Mobilit\u00e0 elettrica \u2013 Mappa, opuscolo e strumento interattivo\"}]},{\"@type\":\"WebSite\",\"@id\":\"https:\/\/www.electrosuisse.ch\/it\/#website\",\"url\":\"https:\/\/www.electrosuisse.ch\/it\/\",\"name\":\"Electrosuisse\",\"description\":\"\",\"publisher\":{\"@id\":\"https:\/\/www.electrosuisse.ch\/it\/#organization\"},\"potentialAction\":[{\"@type\":\"SearchAction\",\"target\":{\"@type\":\"EntryPoint\",\"urlTemplate\":\"https:\/\/www.electrosuisse.ch\/it\/?s={search_term_string}\"},\"query-input\":{\"@type\":\"PropertyValueSpecification\",\"valueRequired\":true,\"valueName\":\"search_term_string\"}}],\"inLanguage\":\"it-IT\"},{\"@type\":\"Organization\",\"@id\":\"https:\/\/www.electrosuisse.ch\/it\/#organization\",\"name\":\"Electrosuisse\",\"url\":\"https:\/\/www.electrosuisse.ch\/it\/\",\"logo\":{\"@type\":\"ImageObject\",\"inLanguage\":\"it-IT\",\"@id\":\"https:\/\/www.electrosuisse.ch\/it\/#\/schema\/logo\/image\/\",\"url\":\"https:\/\/www.electrosuisse.ch\/wp-content\/uploads\/2025\/04\/Electrosuisse_Logo_696x696.png\",\"contentUrl\":\"https:\/\/www.electrosuisse.ch\/wp-content\/uploads\/2025\/04\/Electrosuisse_Logo_696x696.png\",\"width\":696,\"height\":696,\"caption\":\"Electrosuisse\"},\"image\":{\"@id\":\"https:\/\/www.electrosuisse.ch\/it\/#\/schema\/logo\/image\/\"},\"sameAs\":[\"https:\/\/www.linkedin.com\/company\/electrosuisse-ag\/posts\/?feedView=all\",\"https:\/\/www.instagram.com\/electrosuisse1889\/\",\"https:\/\/www.youtube.com\/channel\/UCoOxohMiVE0Gjcdis1L09zw\"],\"description\":\"Electrosuisse ist eine anerkannte und unabh\u00e4ngige Fachorganisation, die erstklassige Dienstleistungen und Produkte in den Bereichen Inspektion, Beratung, Pr\u00fcfung, Zertifizierung, Normung und Weiterbildung anbietet. Unsere Expertise umfasst Elektrotechnik, Elektromobilit\u00e4t, Energieberatung, Geb\u00e4udeautomation und Photovoltaik in der Schweiz. Durch die Veranstaltung etablierter Branchen-Events und Fachtagungen f\u00f6rdert Electrosuisse den Wissenstransfer und den fachlichen Austausch. Im Mittelpunkt unserer T\u00e4tigkeiten steht die F\u00f6rderung der sicheren, wirtschaftlichen und umweltgerechten Anwendung der Elektrotechnik.\"}]}<\/script>\n<!-- \/ Yoast SEO Premium plugin. -->","yoast_head_json":{"title":"Mobilit\u00e0 elettrica \u2013 Mappa, opuscolo e strumento interattivo - Electrosuisse","robots":{"index":"index","follow":"follow","max-snippet":"max-snippet:-1","max-image-preview":"max-image-preview:large","max-video-preview":"max-video-preview:-1"},"canonical":"https:\/\/www.electrosuisse.ch\/it\/mobilita\/mobilita-elettrica-mappa\/","og_locale":"it_IT","og_type":"article","og_title":"Mobilit\u00e0 elettrica \u2013 Mappa, opuscolo e strumento interattivo - Electrosuisse","og_description":"[vc_row][vc_column][vc_column_text css=&#8221;&#8221;] Mappa, opuscolo e strumento interattivo Sul tema della mobilit\u00e0 elettrica, Electrosuisse ha sviluppato con il sostegno di\u00a0SvizzeraEnergia\u00a0una mappa, un opuscolo di accompagnamento e uno strumento interattivo per collegare i due elementi. La mappa fornisce informazioni strutturate, permettendo cos\u00ec la semplice applicazione di conoscenze astratte in merito a domande concrete. In undici sottocapitoli viene [&hellip;]","og_url":"https:\/\/www.electrosuisse.ch\/it\/mobilita\/mobilita-elettrica-mappa\/","og_site_name":"Electrosuisse","article_modified_time":"2026-03-16T13:34:35+00:00","og_image":[{"width":1578,"height":650,"url":"https:\/\/www.electrosuisse.ch\/wp-content\/uploads\/2023\/08\/Map_Emob_IT_1660x470.jpg","type":"image\/jpeg"}],"schema":{"@context":"https:\/\/schema.org","@graph":[{"@type":"WebPage","@id":"https:\/\/www.electrosuisse.ch\/it\/mobilita\/mobilita-elettrica-mappa\/","url":"https:\/\/www.electrosuisse.ch\/it\/mobilita\/mobilita-elettrica-mappa\/","name":"Mobilit\u00e0 elettrica \u2013 Mappa, opuscolo e strumento interattivo - Electrosuisse","isPartOf":{"@id":"https:\/\/www.electrosuisse.ch\/it\/#website"},"datePublished":"2023-05-02T09:01:57+00:00","dateModified":"2026-03-16T13:34:35+00:00","breadcrumb":{"@id":"https:\/\/www.electrosuisse.ch\/it\/mobilita\/mobilita-elettrica-mappa\/#breadcrumb"},"inLanguage":"it-IT","potentialAction":[{"@type":"ReadAction","target":["https:\/\/www.electrosuisse.ch\/it\/mobilita\/mobilita-elettrica-mappa\/"]}]},{"@type":"BreadcrumbList","@id":"https:\/\/www.electrosuisse.ch\/it\/mobilita\/mobilita-elettrica-mappa\/#breadcrumb","itemListElement":[{"@type":"ListItem","position":1,"name":"Mobilit\u00e0","item":"https:\/\/www.electrosuisse.ch\/it\/mobilita\/"},{"@type":"ListItem","position":2,"name":"Mobilit\u00e0 elettrica \u2013 Mappa, opuscolo e strumento interattivo"}]},{"@type":"WebSite","@id":"https:\/\/www.electrosuisse.ch\/it\/#website","url":"https:\/\/www.electrosuisse.ch\/it\/","name":"Electrosuisse","description":"","publisher":{"@id":"https:\/\/www.electrosuisse.ch\/it\/#organization"},"potentialAction":[{"@type":"SearchAction","target":{"@type":"EntryPoint","urlTemplate":"https:\/\/www.electrosuisse.ch\/it\/?s={search_term_string}"},"query-input":{"@type":"PropertyValueSpecification","valueRequired":true,"valueName":"search_term_string"}}],"inLanguage":"it-IT"},{"@type":"Organization","@id":"https:\/\/www.electrosuisse.ch\/it\/#organization","name":"Electrosuisse","url":"https:\/\/www.electrosuisse.ch\/it\/","logo":{"@type":"ImageObject","inLanguage":"it-IT","@id":"https:\/\/www.electrosuisse.ch\/it\/#\/schema\/logo\/image\/","url":"https:\/\/www.electrosuisse.ch\/wp-content\/uploads\/2025\/04\/Electrosuisse_Logo_696x696.png","contentUrl":"https:\/\/www.electrosuisse.ch\/wp-content\/uploads\/2025\/04\/Electrosuisse_Logo_696x696.png","width":696,"height":696,"caption":"Electrosuisse"},"image":{"@id":"https:\/\/www.electrosuisse.ch\/it\/#\/schema\/logo\/image\/"},"sameAs":["https:\/\/www.linkedin.com\/company\/electrosuisse-ag\/posts\/?feedView=all","https:\/\/www.instagram.com\/electrosuisse1889\/","https:\/\/www.youtube.com\/channel\/UCoOxohMiVE0Gjcdis1L09zw"],"description":"Electrosuisse ist eine anerkannte und unabh\u00e4ngige Fachorganisation, die erstklassige Dienstleistungen und Produkte in den Bereichen Inspektion, Beratung, Pr\u00fcfung, Zertifizierung, Normung und Weiterbildung anbietet. Unsere Expertise umfasst Elektrotechnik, Elektromobilit\u00e4t, Energieberatung, Geb\u00e4udeautomation und Photovoltaik in der Schweiz. Durch die Veranstaltung etablierter Branchen-Events und Fachtagungen f\u00f6rdert Electrosuisse den Wissenstransfer und den fachlichen Austausch. Im Mittelpunkt unserer T\u00e4tigkeiten steht die F\u00f6rderung der sicheren, wirtschaftlichen und umweltgerechten Anwendung der Elektrotechnik."}]}},"amp_enabled":true,"_links":{"self":[{"href":"https:\/\/www.electrosuisse.ch\/it\/wp-json\/wp\/v2\/pages\/30716","targetHints":{"allow":["GET"]}}],"collection":[{"href":"https:\/\/www.electrosuisse.ch\/it\/wp-json\/wp\/v2\/pages"}],"about":[{"href":"https:\/\/www.electrosuisse.ch\/it\/wp-json\/wp\/v2\/types\/page"}],"author":[{"embeddable":true,"href":"https:\/\/www.electrosuisse.ch\/it\/wp-json\/wp\/v2\/users\/6"}],"replies":[{"embeddable":true,"href":"https:\/\/www.electrosuisse.ch\/it\/wp-json\/wp\/v2\/comments?post=30716"}],"version-history":[{"count":7,"href":"https:\/\/www.electrosuisse.ch\/it\/wp-json\/wp\/v2\/pages\/30716\/revisions"}],"predecessor-version":[{"id":42958,"href":"https:\/\/www.electrosuisse.ch\/it\/wp-json\/wp\/v2\/pages\/30716\/revisions\/42958"}],"up":[{"embeddable":true,"href":"https:\/\/www.electrosuisse.ch\/it\/wp-json\/wp\/v2\/pages\/21748"}],"wp:attachment":[{"href":"https:\/\/www.electrosuisse.ch\/it\/wp-json\/wp\/v2\/media?parent=30716"}],"curies":[{"name":"wp","href":"https:\/\/api.w.org\/{rel}","templated":true}]}}