{"id":26840,"date":"2020-06-18T00:43:49","date_gmt":"2020-06-17T22:43:49","guid":{"rendered":"https:\/\/www.electrosuisse.ch\/diventare-membro\/firmenverzeichnis\/"},"modified":"2026-03-24T13:17:32","modified_gmt":"2026-03-24T12:17:32","slug":"elenco-delle-aziende","status":"publish","type":"page","link":"https:\/\/www.electrosuisse.ch\/it\/diventare-membro\/elenco-delle-aziende\/","title":{"rendered":"Elenco delle aziende"},"content":{"rendered":"<div class=\"wpb-content-wrapper\"><p>[vc_row][vc_column][vc_column_text]<\/p>\n<h1>Elenco delle aziende<\/h1>\n<p>Electrosuisse \u00e8 l\u2019associazione leader nel campo dell\u2019elettrotecnica, della tecnica energetica e dell\u2019informatica. State cercando un\u2019azienda operante in un determinato ambito? Una ditta per una partnership? Un fornitore affidabile? O una start up innovativa?<\/p>\n<p>Il nostro elenco dei settori economici vi offre una panoramica delle nostre aziende membro operanti in tutti i sottosettori del ramo.<\/p>\n<p>Lo sapevate? In qualit\u00e0 di membri avete la possibilit\u00e0 di registrare nel nostro elenco la vostra azienda aumentandone in tal modo la visibilit\u00e0.[\/vc_column_text]<div class=\"wpb_content_element wpb_accordion_column accordion_simple\"><div class=\"accordions accordions_0\"><div class=\"custom_accordion_item accordion custom_accordion accordion_1_0\"><div class=\"accordion__header\" id=\"accordion_header_1_0\"><div class=\"accordion_trigger js-accordion_trigger\" data-toggle=\"collapse\" \r\n\t\t\t\t\tdata-target=\"#accordion_content_1_0_acc738\" \r\n          aria-expanded=\"false\" aria-controls=\"accordion_content_1_0\"><h3 class=\"accordion-title accordion-title-icon icon--position-right js-accordion-controller\"><div>Istruzioni per la registrazione nell\u2019elenco delle aziende<\/div><\/h3><\/div><\/div><div class=\"accordion__content collapse not-click-to-close\" id=\"accordion_content_1_0_acc738\" aria-labelledby=\"accordion_header_1_0\"><div class=\"inside\"><div class=\"accordion-content\"><div class=\"accordion__inside\"><div class=\"accordion__element\"><!-- Start Accordion Content --><div class=\"accordion__element\"><p>Sul portale clienti \u00ab<a href=\"https:\/\/my.electrosuisse.ch\/it\/login.htm\">myElectrosuisse<\/a>\u00bb, al punto di menu \u00abAdesioni\u00bb potete selezionare il settore che vi riguarda e inserire l\u2019indirizzo web della vostra azienda che\u00a0<strong>deve sempre iniziare con http:\/\/ o https:\/\/<\/strong>. Il logo aziendale va caricato alla voce \u00abProfilo\u00bb. Vi ricordiamo che tutte le modifiche e le aggiunte\u00a0<strong>possono essere eseguite solo dal vostro gestore clienti<\/strong>.<\/p>\n<\/div><!-- Start Accordion Content --><\/div><\/div><\/div><\/div><\/div><\/div><\/div><\/div>[\/vc_column][\/vc_row]<\/p>\n<\/div>","protected":false},"excerpt":{"rendered":"<p>[vc_row][vc_column][vc_column_text] Elenco delle aziende Electrosuisse \u00e8 l\u2019associazione leader nel campo dell\u2019elettrotecnica, della tecnica energetica e dell\u2019informatica. State cercando un\u2019azienda operante in un determinato ambito? Una ditta per una partnership? Un fornitore affidabile? O una start up innovativa? Il nostro elenco dei settori economici vi offre una panoramica delle nostre aziende membro operanti in tutti i [&hellip;]<\/p>\n","protected":false},"author":2,"featured_media":0,"parent":19606,"menu_order":142,"comment_status":"closed","ping_status":"closed","template":"page-firmenverzeichnis.php","meta":{"_acf_changed":false,"_monsterinsights_skip_tracking":false,"_monsterinsights_sitenote_active":false,"_monsterinsights_sitenote_note":"","_monsterinsights_sitenote_category":0,"footnotes":""},"class_list":["post-26840","page","type-page","status-publish","hentry"],"acf":[],"yoast_head":"<!-- This site is optimized with the Yoast SEO Premium plugin v26.4 (Yoast SEO v27.0) - https:\/\/yoast.com\/product\/yoast-seo-premium-wordpress\/ -->\n<title>Elenco delle aziende - Electrosuisse<\/title>\n<meta name=\"description\" content=\"L&#039;elenco delle aziende di Electrosuisse offre una panoramica dei membri provenienti da tutti i settori del comparto.\" \/>\n<meta name=\"robots\" content=\"index, follow, max-snippet:-1, max-image-preview:large, max-video-preview:-1\" \/>\n<link rel=\"canonical\" href=\"https:\/\/www.electrosuisse.ch\/it\/diventare-membro\/elenco-delle-aziende\/\" \/>\n<meta property=\"og:locale\" content=\"it_IT\" \/>\n<meta property=\"og:type\" content=\"article\" \/>\n<meta property=\"og:title\" content=\"Elenco delle aziende - Electrosuisse\" \/>\n<meta property=\"og:description\" content=\"L&#039;elenco delle aziende di Electrosuisse offre una panoramica dei membri provenienti da tutti i settori del comparto.\" \/>\n<meta property=\"og:url\" content=\"https:\/\/www.electrosuisse.ch\/it\/diventare-membro\/elenco-delle-aziende\/\" \/>\n<meta property=\"og:site_name\" content=\"Electrosuisse\" \/>\n<meta property=\"article:modified_time\" content=\"2026-03-24T12:17:32+00:00\" \/>\n<meta property=\"og:image\" content=\"https:\/\/www.electrosuisse.ch\/wp-content\/uploads\/2019\/04\/Electrosuisse_Firmenmitgliedschaft_iStock_43805980_LARGE.jpg\" \/>\n\t<meta property=\"og:image:width\" content=\"1578\" \/>\n\t<meta property=\"og:image:height\" content=\"650\" \/>\n\t<meta property=\"og:image:type\" content=\"image\/jpeg\" \/>\n<script type=\"application\/ld+json\" class=\"yoast-schema-graph\">{\"@context\":\"https:\/\/schema.org\",\"@graph\":[{\"@type\":\"WebPage\",\"@id\":\"https:\/\/www.electrosuisse.ch\/it\/diventare-membro\/elenco-delle-aziende\/\",\"url\":\"https:\/\/www.electrosuisse.ch\/it\/diventare-membro\/elenco-delle-aziende\/\",\"name\":\"Elenco delle aziende - Electrosuisse\",\"isPartOf\":{\"@id\":\"https:\/\/www.electrosuisse.ch\/it\/#website\"},\"datePublished\":\"2020-06-17T22:43:49+00:00\",\"dateModified\":\"2026-03-24T12:17:32+00:00\",\"description\":\"L'elenco delle aziende di Electrosuisse offre una panoramica dei membri provenienti da tutti i settori del comparto.\",\"breadcrumb\":{\"@id\":\"https:\/\/www.electrosuisse.ch\/it\/diventare-membro\/elenco-delle-aziende\/#breadcrumb\"},\"inLanguage\":\"it-IT\",\"potentialAction\":[{\"@type\":\"ReadAction\",\"target\":[\"https:\/\/www.electrosuisse.ch\/it\/diventare-membro\/elenco-delle-aziende\/\"]}]},{\"@type\":\"BreadcrumbList\",\"@id\":\"https:\/\/www.electrosuisse.ch\/it\/diventare-membro\/elenco-delle-aziende\/#breadcrumb\",\"itemListElement\":[{\"@type\":\"ListItem\",\"position\":1,\"name\":\"Diventare membro\",\"item\":\"https:\/\/www.electrosuisse.ch\/it\/diventare-membro\/\"},{\"@type\":\"ListItem\",\"position\":2,\"name\":\"Elenco delle aziende\"}]},{\"@type\":\"WebSite\",\"@id\":\"https:\/\/www.electrosuisse.ch\/it\/#website\",\"url\":\"https:\/\/www.electrosuisse.ch\/it\/\",\"name\":\"Electrosuisse\",\"description\":\"\",\"publisher\":{\"@id\":\"https:\/\/www.electrosuisse.ch\/it\/#organization\"},\"potentialAction\":[{\"@type\":\"SearchAction\",\"target\":{\"@type\":\"EntryPoint\",\"urlTemplate\":\"https:\/\/www.electrosuisse.ch\/it\/?s={search_term_string}\"},\"query-input\":{\"@type\":\"PropertyValueSpecification\",\"valueRequired\":true,\"valueName\":\"search_term_string\"}}],\"inLanguage\":\"it-IT\"},{\"@type\":\"Organization\",\"@id\":\"https:\/\/www.electrosuisse.ch\/it\/#organization\",\"name\":\"Electrosuisse\",\"url\":\"https:\/\/www.electrosuisse.ch\/it\/\",\"logo\":{\"@type\":\"ImageObject\",\"inLanguage\":\"it-IT\",\"@id\":\"https:\/\/www.electrosuisse.ch\/it\/#\/schema\/logo\/image\/\",\"url\":\"https:\/\/www.electrosuisse.ch\/wp-content\/uploads\/2025\/04\/Electrosuisse_Logo_696x696.png\",\"contentUrl\":\"https:\/\/www.electrosuisse.ch\/wp-content\/uploads\/2025\/04\/Electrosuisse_Logo_696x696.png\",\"width\":696,\"height\":696,\"caption\":\"Electrosuisse\"},\"image\":{\"@id\":\"https:\/\/www.electrosuisse.ch\/it\/#\/schema\/logo\/image\/\"},\"sameAs\":[\"https:\/\/www.linkedin.com\/company\/electrosuisse-ag\/posts\/?feedView=all\",\"https:\/\/www.instagram.com\/electrosuisse1889\/\",\"https:\/\/www.youtube.com\/channel\/UCoOxohMiVE0Gjcdis1L09zw\"],\"description\":\"Electrosuisse ist eine anerkannte und unabh\u00e4ngige Fachorganisation, die erstklassige Dienstleistungen und Produkte in den Bereichen Inspektion, Beratung, Pr\u00fcfung, Zertifizierung, Normung und Weiterbildung anbietet. Unsere Expertise umfasst Elektrotechnik, Elektromobilit\u00e4t, Energieberatung, Geb\u00e4udeautomation und Photovoltaik in der Schweiz. Durch die Veranstaltung etablierter Branchen-Events und Fachtagungen f\u00f6rdert Electrosuisse den Wissenstransfer und den fachlichen Austausch. Im Mittelpunkt unserer T\u00e4tigkeiten steht die F\u00f6rderung der sicheren, wirtschaftlichen und umweltgerechten Anwendung der Elektrotechnik.\"}]}<\/script>\n<!-- \/ Yoast SEO Premium plugin. -->","yoast_head_json":{"title":"Elenco delle aziende - Electrosuisse","description":"L'elenco delle aziende di Electrosuisse offre una panoramica dei membri provenienti da tutti i settori del comparto.","robots":{"index":"index","follow":"follow","max-snippet":"max-snippet:-1","max-image-preview":"max-image-preview:large","max-video-preview":"max-video-preview:-1"},"canonical":"https:\/\/www.electrosuisse.ch\/it\/diventare-membro\/elenco-delle-aziende\/","og_locale":"it_IT","og_type":"article","og_title":"Elenco delle aziende - Electrosuisse","og_description":"L'elenco delle aziende di Electrosuisse offre una panoramica dei membri provenienti da tutti i settori del comparto.","og_url":"https:\/\/www.electrosuisse.ch\/it\/diventare-membro\/elenco-delle-aziende\/","og_site_name":"Electrosuisse","article_modified_time":"2026-03-24T12:17:32+00:00","og_image":[{"width":1578,"height":650,"url":"https:\/\/www.electrosuisse.ch\/wp-content\/uploads\/2019\/04\/Electrosuisse_Firmenmitgliedschaft_iStock_43805980_LARGE.jpg","type":"image\/jpeg"}],"schema":{"@context":"https:\/\/schema.org","@graph":[{"@type":"WebPage","@id":"https:\/\/www.electrosuisse.ch\/it\/diventare-membro\/elenco-delle-aziende\/","url":"https:\/\/www.electrosuisse.ch\/it\/diventare-membro\/elenco-delle-aziende\/","name":"Elenco delle aziende - Electrosuisse","isPartOf":{"@id":"https:\/\/www.electrosuisse.ch\/it\/#website"},"datePublished":"2020-06-17T22:43:49+00:00","dateModified":"2026-03-24T12:17:32+00:00","description":"L'elenco delle aziende di Electrosuisse offre una panoramica dei membri provenienti da tutti i settori del comparto.","breadcrumb":{"@id":"https:\/\/www.electrosuisse.ch\/it\/diventare-membro\/elenco-delle-aziende\/#breadcrumb"},"inLanguage":"it-IT","potentialAction":[{"@type":"ReadAction","target":["https:\/\/www.electrosuisse.ch\/it\/diventare-membro\/elenco-delle-aziende\/"]}]},{"@type":"BreadcrumbList","@id":"https:\/\/www.electrosuisse.ch\/it\/diventare-membro\/elenco-delle-aziende\/#breadcrumb","itemListElement":[{"@type":"ListItem","position":1,"name":"Diventare membro","item":"https:\/\/www.electrosuisse.ch\/it\/diventare-membro\/"},{"@type":"ListItem","position":2,"name":"Elenco delle aziende"}]},{"@type":"WebSite","@id":"https:\/\/www.electrosuisse.ch\/it\/#website","url":"https:\/\/www.electrosuisse.ch\/it\/","name":"Electrosuisse","description":"","publisher":{"@id":"https:\/\/www.electrosuisse.ch\/it\/#organization"},"potentialAction":[{"@type":"SearchAction","target":{"@type":"EntryPoint","urlTemplate":"https:\/\/www.electrosuisse.ch\/it\/?s={search_term_string}"},"query-input":{"@type":"PropertyValueSpecification","valueRequired":true,"valueName":"search_term_string"}}],"inLanguage":"it-IT"},{"@type":"Organization","@id":"https:\/\/www.electrosuisse.ch\/it\/#organization","name":"Electrosuisse","url":"https:\/\/www.electrosuisse.ch\/it\/","logo":{"@type":"ImageObject","inLanguage":"it-IT","@id":"https:\/\/www.electrosuisse.ch\/it\/#\/schema\/logo\/image\/","url":"https:\/\/www.electrosuisse.ch\/wp-content\/uploads\/2025\/04\/Electrosuisse_Logo_696x696.png","contentUrl":"https:\/\/www.electrosuisse.ch\/wp-content\/uploads\/2025\/04\/Electrosuisse_Logo_696x696.png","width":696,"height":696,"caption":"Electrosuisse"},"image":{"@id":"https:\/\/www.electrosuisse.ch\/it\/#\/schema\/logo\/image\/"},"sameAs":["https:\/\/www.linkedin.com\/company\/electrosuisse-ag\/posts\/?feedView=all","https:\/\/www.instagram.com\/electrosuisse1889\/","https:\/\/www.youtube.com\/channel\/UCoOxohMiVE0Gjcdis1L09zw"],"description":"Electrosuisse ist eine anerkannte und unabh\u00e4ngige Fachorganisation, die erstklassige Dienstleistungen und Produkte in den Bereichen Inspektion, Beratung, Pr\u00fcfung, Zertifizierung, Normung und Weiterbildung anbietet. Unsere Expertise umfasst Elektrotechnik, Elektromobilit\u00e4t, Energieberatung, Geb\u00e4udeautomation und Photovoltaik in der Schweiz. Durch die Veranstaltung etablierter Branchen-Events und Fachtagungen f\u00f6rdert Electrosuisse den Wissenstransfer und den fachlichen Austausch. Im Mittelpunkt unserer T\u00e4tigkeiten steht die F\u00f6rderung der sicheren, wirtschaftlichen und umweltgerechten Anwendung der Elektrotechnik."}]}},"amp_enabled":false,"_links":{"self":[{"href":"https:\/\/www.electrosuisse.ch\/it\/wp-json\/wp\/v2\/pages\/26840","targetHints":{"allow":["GET"]}}],"collection":[{"href":"https:\/\/www.electrosuisse.ch\/it\/wp-json\/wp\/v2\/pages"}],"about":[{"href":"https:\/\/www.electrosuisse.ch\/it\/wp-json\/wp\/v2\/types\/page"}],"author":[{"embeddable":true,"href":"https:\/\/www.electrosuisse.ch\/it\/wp-json\/wp\/v2\/users\/2"}],"replies":[{"embeddable":true,"href":"https:\/\/www.electrosuisse.ch\/it\/wp-json\/wp\/v2\/comments?post=26840"}],"version-history":[{"count":1,"href":"https:\/\/www.electrosuisse.ch\/it\/wp-json\/wp\/v2\/pages\/26840\/revisions"}],"predecessor-version":[{"id":33567,"href":"https:\/\/www.electrosuisse.ch\/it\/wp-json\/wp\/v2\/pages\/26840\/revisions\/33567"}],"up":[{"embeddable":true,"href":"https:\/\/www.electrosuisse.ch\/it\/wp-json\/wp\/v2\/pages\/19606"}],"wp:attachment":[{"href":"https:\/\/www.electrosuisse.ch\/it\/wp-json\/wp\/v2\/media?parent=26840"}],"curies":[{"name":"wp","href":"https:\/\/api.w.org\/{rel}","templated":true}]}}