{"id":21854,"date":"2022-04-10T18:12:13","date_gmt":"2022-04-10T16:12:13","guid":{"rendered":"https:\/\/www.electrosuisse.ch\/?page_id=21854"},"modified":"2026-03-04T14:09:34","modified_gmt":"2026-03-04T13:09:34","slug":"focus-salaire","status":"publish","type":"page","link":"https:\/\/www.electrosuisse.ch\/it\/media\/pubblicazioni\/focus-salaire\/","title":{"rendered":"Focus Salaire"},"content":{"rendered":"<div class=\"wpb-content-wrapper\"><p>[vc_row][vc_column][vc_column_text css=&#8221;&#8221; el_class=&#8221;lead&#8221;]<\/p>\n<h2>Focus Salaire 2026 \u2013 Promozione delle nuove leve<\/h2>\n<p>[\/vc_column_text][vc_column_text css=&#8221;&#8221; el_class=&#8221;lead&#8221;]Focus Salaire \u00e8 uno studio concepito in modo specifico per il settore dell\u2019elettricit\u00e0 e dell\u2019energia in Svizzera, allo scopo di creare trasparenza nel mondo lavorativo di questo ramo.[\/vc_column_text][vc_column_text css=&#8221;&#8221;]In collaborazione con Swiss Engineering STV, Electrosuisse conduce per la sesta volta l&#8217;indagine salariale per il settore elettrico ed energetico. L&#8217;obiettivo \u00e8 fornire informazioni salariali trasparenti e affidabili. I risultati saranno pubblicati nell&#8217;autunno del 2026.[\/vc_column_text]<div class=\"wpb_gap_column wpb_content_element\"><div class=\"wpb_wrapper\"><div class=\"gap gap--small\"><\/div><\/div><\/div><div class=\"wpb_button_column wpb_content_element wpb_content_element--left\"><div class=\"wpb_wrapper\"><div class=\"button button--ghost\"><a href=\"https:\/\/shop.electrosuisse.ch\/de\/weiterbildung\/bildungsmedien\/?query=Lohnradar\" target=\"_blank\" >Acquista ora Focus Salaire 2024 \u2013 Internazionalit\u00e0<\/a><\/div><\/div><\/div>[vc_column_text]I membri di Electrosuisse ricevono queste esclusive informazioni di settore gratuitamente. I partecipanti al sondaggio che non sono membri possono acquistare lo studio sui salari con uno sconto speciale del 50%.[\/vc_column_text]<div class=\"wpb_button_column wpb_content_element wpb_content_element--left\"><div class=\"wpb_wrapper\"><div class=\"button button--normal\"><a href=\"https:\/\/www.electrosuisse.ch\/it\/diventare-membro\/adesioni-individuali\/\">Diventare membro<\/a><\/div><\/div><\/div>[\/vc_column][\/vc_row][vc_row][vc_column][vc_column_text css=&#8221;&#8221;]<\/p>\n<h4>Edizioni precedenti<\/h4>\n<p>[\/vc_column_text]<div class=\"wpb_content_element wpb_accordion_column accordion_simple\"><div class=\"accordions accordions_0\"><div class=\"custom_accordion_item accordion custom_accordion accordion_1_0\"><div class=\"accordion__header\" id=\"accordion_header_1_0\"><div class=\"accordion_trigger js-accordion_trigger\" data-toggle=\"collapse\" \r\n\t\t\t\t\tdata-target=\"#accordion_content_1_0_acc858\" \r\n          aria-expanded=\"false\" aria-controls=\"accordion_content_1_0\"><h3 class=\"accordion-title accordion-title-icon icon--position-right js-accordion-controller\"><div>Focus Salaire 2024 \u2013 Internazionalit\u00e0<\/div><\/h3><\/div><\/div><div class=\"accordion__content collapse not-click-to-close\" id=\"accordion_content_1_0_acc858\" aria-labelledby=\"accordion_header_1_0\"><div class=\"inside\"><div class=\"accordion-content\"><div class=\"accordion__inside\"><div class=\"accordion__element\"><!-- Start Accordion Content --><div class=\"accordion__element\"><p>Quali competenze ha acquisito nel corso della sua carriera e come vede il tema dell\u2019internazionalit\u00e0? Quali competenze legate all\u2019internazionalit\u00e0 sono pi\u00f9 rilevanti per voi e per la vostra situazione professionale? Nella quinta edizione del Focus Salaire di Electrosuisse, diamo uno sguardo alla situazione professionale attuale e alle retribuzioni raggiunte nel settore, nonch\u00e9 all\u2019impegno internazionale, compresi i soggiorni all\u2019estero e la collaborazione con colleghi internazionali.<\/p>\n<\/div><div class=\"accordion__element\"><div class=\"picture_container\"><picture><source media=\"(min-width: 769px)\" srcset=\"https:\/\/www.electrosuisse.ch\/wp-content\/uploads\/2024\/11\/lohnradar_2024-360x509.png\"><source media=\"(min-width: 415px)\" srcset=\"https:\/\/www.electrosuisse.ch\/wp-content\/uploads\/2024\/11\/lohnradar_2024-543x768.png\"><source media=\"(max-width: 414px)\" srcset=\"https:\/\/www.electrosuisse.ch\/wp-content\/uploads\/2024\/11\/lohnradar_2024-414x586.png 1x, https:\/\/www.electrosuisse.ch\/wp-content\/uploads\/2024\/11\/lohnradar_2024-543x768.png 2x\"><img decoding=\"async\" src=\"https:\/\/www.electrosuisse.ch\/wp-content\/uploads\/2024\/11\/lohnradar_2024-360x509.png\" alt=\"Focus Salaire 2024 \u2013 Internazionalit\u00e0\" \/><\/picture><\/div><\/div><!-- Start Accordion Content --><\/div><\/div><\/div><\/div><\/div><\/div><div class=\"custom_accordion_item accordion custom_accordion accordion_1_1\"><div class=\"accordion__header\" id=\"accordion_header_1_1\"><div class=\"accordion_trigger js-accordion_trigger\" data-toggle=\"collapse\" \r\n\t\t\t\t\tdata-target=\"#accordion_content_1_1_acc514\" \r\n          aria-expanded=\"false\" aria-controls=\"accordion_content_1_1\"><h3 class=\"accordion-title accordion-title-icon icon--position-right js-accordion-controller\"><div>Focus Salaire 2020 \u2013 digitalizzazione<\/div><\/h3><\/div><\/div><div class=\"accordion__content collapse not-click-to-close\" id=\"accordion_content_1_1_acc514\" aria-labelledby=\"accordion_header_1_1\"><div class=\"inside\"><div class=\"accordion-content\"><div class=\"accordion__inside\"><div class=\"accordion__element\"><!-- Start Accordion Content --><div class=\"accordion__element\"><p>Quale salario ci si pu\u00f2 aspettare una volta terminati gli studi? Quali sono le prospettive salariali a lungo termine? Che effetto ha l\u2019assunzione di maggiori responsabilit\u00e0? La quarta edizione del Focus Salaire di Electrosuisse offre una panoramica dell\u2019attuale situazione salariale nel settore elettrotecnico ed energetico svizzero. Concentrandosi sui temi di grande attualit\u00e0 della digitalizzazione e dell\u2019innovazione, questa edizione fa anche il punto sullo stato di avanzamento della digitalizzazione in questi settori e mostra come la digitalizzazione possa influire sui profili professionali nel prossimo futuro.<\/p>\n<\/div><div class=\"accordion__element\"><div class=\"picture_container\"><picture><source media=\"(min-width: 769px)\" srcset=\"https:\/\/www.electrosuisse.ch\/wp-content\/uploads\/2026\/03\/Lohnradar-2020_D-360x509.jpg\"><source media=\"(min-width: 415px)\" srcset=\"https:\/\/www.electrosuisse.ch\/wp-content\/uploads\/2026\/03\/Lohnradar-2020_D-543x768.jpg\"><source media=\"(max-width: 414px)\" srcset=\"https:\/\/www.electrosuisse.ch\/wp-content\/uploads\/2026\/03\/Lohnradar-2020_D-414x586.jpg 1x, https:\/\/www.electrosuisse.ch\/wp-content\/uploads\/2026\/03\/Lohnradar-2020_D-543x768.jpg 2x\"><img decoding=\"async\" src=\"https:\/\/www.electrosuisse.ch\/wp-content\/uploads\/2026\/03\/Lohnradar-2020_D-360x509.jpg\" alt=\"Focus Salaire 2020 \u2013 digitalizzazione\" \/><\/picture><\/div><\/div><!-- Start Accordion Content --><\/div><\/div><\/div><\/div><\/div><\/div><div class=\"custom_accordion_item accordion custom_accordion accordion_1_2\"><div class=\"accordion__header\" id=\"accordion_header_1_2\"><div class=\"accordion_trigger js-accordion_trigger\" data-toggle=\"collapse\" \r\n\t\t\t\t\tdata-target=\"#accordion_content_1_2_acc196\" \r\n          aria-expanded=\"false\" aria-controls=\"accordion_content_1_2\"><h3 class=\"accordion-title accordion-title-icon icon--position-right js-accordion-controller\"><div>Focus Salaire 2019 \u2013 cifre, fatti e pop-corn<\/div><\/h3><\/div><\/div><div class=\"accordion__content collapse not-click-to-close\" id=\"accordion_content_1_2_acc196\" aria-labelledby=\"accordion_header_1_2\"><div class=\"inside\"><div class=\"accordion-content\"><div class=\"accordion__inside\"><div class=\"accordion__element\"><!-- Start Accordion Content --><div class=\"accordion__element\"><div class=\"picture_container\"><picture><source media=\"(min-width: 769px)\" srcset=\"https:\/\/www.electrosuisse.ch\/wp-content\/uploads\/2026\/03\/Lohnradar_D_2019FINAL-360x509.jpg\"><source media=\"(min-width: 415px)\" srcset=\"https:\/\/www.electrosuisse.ch\/wp-content\/uploads\/2026\/03\/Lohnradar_D_2019FINAL-544x768.jpg\"><source media=\"(max-width: 414px)\" srcset=\"https:\/\/www.electrosuisse.ch\/wp-content\/uploads\/2026\/03\/Lohnradar_D_2019FINAL-414x585.jpg 1x, https:\/\/www.electrosuisse.ch\/wp-content\/uploads\/2026\/03\/Lohnradar_D_2019FINAL-544x768.jpg 2x\"><img decoding=\"async\" src=\"https:\/\/www.electrosuisse.ch\/wp-content\/uploads\/2026\/03\/Lohnradar_D_2019FINAL-360x509.jpg\" alt=\"Focus Salaire 2019 \u2013 cifre, fatti e pop-corn\" \/><\/picture><\/div><\/div><div class=\"accordion__element\"><p>Il terzo studio approfondito vi aggiorna sui salari attuali e vi fornisce diverse informazioni sulla situazione corrente in merito al perfezionamento nel nostro settore. Inoltre Lars Thomsen, celebre futurologo ed esperto di energia, mobilit\u00e0 e intelligenza artificiale, nel suo editoriale svela che cosa ha a che fare il popcorn con i trend.<\/p>\n<\/div><!-- Start Accordion Content --><\/div><\/div><\/div><\/div><\/div><\/div><div class=\"custom_accordion_item accordion custom_accordion accordion_1_3\"><div class=\"accordion__header\" id=\"accordion_header_1_3\"><div class=\"accordion_trigger js-accordion_trigger\" data-toggle=\"collapse\" \r\n\t\t\t\t\tdata-target=\"#accordion_content_1_3_acc741\" \r\n          aria-expanded=\"false\" aria-controls=\"accordion_content_1_3\"><h3 class=\"accordion-title accordion-title-icon icon--position-right js-accordion-controller\"><div>Focus Salaire 2018 \u2013 visioni e trend<\/div><\/h3><\/div><\/div><div class=\"accordion__content collapse not-click-to-close\" id=\"accordion_content_1_3_acc741\" aria-labelledby=\"accordion_header_1_3\"><div class=\"inside\"><div class=\"accordion-content\"><div class=\"accordion__inside\"><div class=\"accordion__element\"><!-- Start Accordion Content --><div class=\"accordion__element\"><p>Interessanti articoli, tratti dall\u2019esperienza pratica nel nostro settore, esaminano le forme attuali e l\u2019importanza futura della digitalizzazione, che gi\u00e0 oggi sta cambiando il nostro lavoro quotidiano. Al Focus Salaire 2018 \u00e8 stato aggiunta un\u2019indagine di mercato incentrata sui nuovi modelli di lavoro, nonch\u00e9 uno studio a parte sui salari, disponibile sotto forma di file PDF.<\/p>\n<\/div><div class=\"accordion__element\"><div class=\"picture_container\"><picture><source media=\"(min-width: 769px)\" srcset=\"https:\/\/www.electrosuisse.ch\/wp-content\/uploads\/2026\/03\/2018_Lohnradar_Lohnstudie_d-360x509.jpg\"><source media=\"(min-width: 415px)\" srcset=\"https:\/\/www.electrosuisse.ch\/wp-content\/uploads\/2026\/03\/2018_Lohnradar_Lohnstudie_d-543x768.jpg\"><source media=\"(max-width: 414px)\" srcset=\"https:\/\/www.electrosuisse.ch\/wp-content\/uploads\/2026\/03\/2018_Lohnradar_Lohnstudie_d-414x585.jpg 1x, https:\/\/www.electrosuisse.ch\/wp-content\/uploads\/2026\/03\/2018_Lohnradar_Lohnstudie_d-543x768.jpg 2x\"><img decoding=\"async\" src=\"https:\/\/www.electrosuisse.ch\/wp-content\/uploads\/2026\/03\/2018_Lohnradar_Lohnstudie_d-360x509.jpg\" alt=\"Focus Salaire 2018 \u2013 visioni e trend\" \/><\/picture><\/div><\/div><!-- Start Accordion Content --><\/div><\/div><\/div><\/div><\/div><\/div><div class=\"custom_accordion_item accordion custom_accordion accordion_1_4\"><div class=\"accordion__header\" id=\"accordion_header_1_4\"><div class=\"accordion_trigger js-accordion_trigger\" data-toggle=\"collapse\" \r\n\t\t\t\t\tdata-target=\"#accordion_content_1_4_acc744\" \r\n          aria-expanded=\"false\" aria-controls=\"accordion_content_1_4\"><h3 class=\"accordion-title accordion-title-icon icon--position-right js-accordion-controller\"><div>Focus Salaire 2017 \u2013 sapere a che punto si \u00e8<\/div><\/h3><\/div><\/div><div class=\"accordion__content collapse not-click-to-close\" id=\"accordion_content_1_4_acc744\" aria-labelledby=\"accordion_header_1_4\"><div class=\"inside\"><div class=\"accordion-content\"><div class=\"accordion__inside\"><div class=\"accordion__element\"><!-- Start Accordion Content --><div class=\"accordion__element\"><p>Per un quadro generale e un confronto dei salari nell\u2019ambito del nostro settore, Focus Salaire 2017 rimane tuttora una guida consigliabile. Leggerlo vi permetter\u00e0 di valutare il vostro salario e di capire se una specializzazione \u00e8 finanziariamente sostenibile, in quali ambiti specialistici si pu\u00f2 guadagnare di pi\u00f9 o su quale salario iniziale potete contare.<\/p>\n<\/div><div class=\"accordion__element\"><div class=\"picture_container\"><picture><source media=\"(min-width: 769px)\" srcset=\"https:\/\/www.electrosuisse.ch\/wp-content\/uploads\/2026\/03\/Lohnradar_DE_2017-360x509.jpg\"><source media=\"(min-width: 415px)\" srcset=\"https:\/\/www.electrosuisse.ch\/wp-content\/uploads\/2026\/03\/Lohnradar_DE_2017-543x768.jpg\"><source media=\"(max-width: 414px)\" srcset=\"https:\/\/www.electrosuisse.ch\/wp-content\/uploads\/2026\/03\/Lohnradar_DE_2017-414x585.jpg 1x, https:\/\/www.electrosuisse.ch\/wp-content\/uploads\/2026\/03\/Lohnradar_DE_2017-543x768.jpg 2x\"><img decoding=\"async\" src=\"https:\/\/www.electrosuisse.ch\/wp-content\/uploads\/2026\/03\/Lohnradar_DE_2017-360x509.jpg\" alt=\"Focus Salaire 2017 \u2013 sapere a che punto si \u00e8\" \/><\/picture><\/div><\/div><!-- Start Accordion Content --><\/div><\/div><\/div><\/div><\/div><\/div><\/div><\/div>[\/vc_column][\/vc_row][vc_row disable_element=&#8221;yes&#8221;][vc_column][vc_column_text css=&#8221;&#8221;]<\/p>\n<h4>Focus Salaire 2024 \u2013 Internazionalit\u00e0<\/h4>\n<p>Quali competenze ha acquisito nel corso della sua carriera e come vede il tema dell&#8217;internazionalit\u00e0? Quali competenze legate all&#8217;internazionalit\u00e0 sono pi\u00f9 rilevanti per voi e per la vostra situazione professionale? Nella quinta edizione del Focus Salaire di Electrosuisse, diamo uno sguardo alla situazione professionale attuale e alle retribuzioni raggiunte nel settore, nonch\u00e9 all&#8217;impegno internazionale, compresi i soggiorni all&#8217;estero e la collaborazione con colleghi internazionali.<\/p>\n<h4>Focus Salaire 2020 \u2013 digitalizzazione<\/h4>\n<p>Quale salario ci si pu\u00f2 aspettare una volta terminati gli studi? Quali sono le prospettive salariali a lungo termine? Che effetto ha l&#8217;assunzione di maggiori responsabilit\u00e0? La quarta edizione del Focus Salaire di Electrosuisse offre una panoramica dell&#8217;attuale situazione salariale nel settore elettrotecnico ed energetico svizzero. Concentrandosi sui temi di grande attualit\u00e0 della digitalizzazione e dell&#8217;innovazione, questa edizione fa anche il punto sullo stato di avanzamento della digitalizzazione in questi settori e mostra come la digitalizzazione possa influire sui profili professionali nel prossimo futuro.<\/p>\n<h4>Focus Salaire 2019 \u2013 cifre, fatti e pop-corn<\/h4>\n<p>Il terzo studio approfondito vi aggiorna sui salari attuali e vi fornisce diverse informazioni sulla situazione corrente in merito al perfezionamento nel nostro settore. Inoltre Lars Thomsen, celebre futurologo ed esperto di energia, mobilit\u00e0 e intelligenza artificiale, nel suo editoriale svela che cosa ha a che fare il popcorn con i trend.<\/p>\n<h4>Focus Salaire 2018 \u2013 visioni e trend<\/h4>\n<p>Interessanti articoli, tratti dall\u2019esperienza pratica nel nostro settore, esaminano le forme attuali e l\u2019importanza futura della digitalizzazione, che gi\u00e0 oggi sta cambiando il nostro lavoro quotidiano. Al Focus Salaire 2018 \u00e8 stato aggiunta un\u2019indagine di mercato incentrata sui nuovi modelli di lavoro, nonch\u00e9 uno studio a parte sui salari, disponibile sotto forma di file PDF.<\/p>\n<h4>Focus Salaire 2017 \u2013 sapere a che punto si \u00e8<\/h4>\n<p>Per un quadro generale e un confronto dei salari nell\u2019ambito del nostro settore, Focus Salaire 2017 rimane tuttora una guida consigliabile. Leggerlo vi permetter\u00e0 di valutare il vostro salario e di capire se una specializzazione \u00e8 finanziariamente sostenibile, in quali ambiti specialistici si pu\u00f2 guadagnare di pi\u00f9 o su quale salario iniziale potete contare.[\/vc_column_text][\/vc_column][\/vc_row]<\/p>\n<\/div>","protected":false},"excerpt":{"rendered":"<p>[vc_row][vc_column][vc_column_text css=&#8221;&#8221; el_class=&#8221;lead&#8221;] Focus Salaire 2026 \u2013 Promozione delle nuove leve [\/vc_column_text][vc_column_text css=&#8221;&#8221; el_class=&#8221;lead&#8221;]Focus Salaire \u00e8 uno studio concepito in modo specifico per il settore dell\u2019elettricit\u00e0 e dell\u2019energia in Svizzera, allo scopo di creare trasparenza nel mondo lavorativo di questo ramo.[\/vc_column_text][vc_column_text css=&#8221;&#8221;]In collaborazione con Swiss Engineering STV, Electrosuisse conduce per la sesta volta l&#8217;indagine salariale [&hellip;]<\/p>\n","protected":false},"author":6,"featured_media":0,"parent":3777,"menu_order":66,"comment_status":"closed","ping_status":"closed","template":"","meta":{"_acf_changed":false,"_monsterinsights_skip_tracking":false,"_monsterinsights_sitenote_active":false,"_monsterinsights_sitenote_note":"","_monsterinsights_sitenote_category":0,"footnotes":""},"class_list":["post-21854","page","type-page","status-publish","hentry"],"acf":[],"yoast_head":"<!-- This site is optimized with the Yoast SEO Premium plugin v26.4 (Yoast SEO v27.0) - https:\/\/yoast.com\/product\/yoast-seo-premium-wordpress\/ -->\n<title>Focus Salaire<\/title>\n<meta name=\"description\" content=\"Focus Salaire: studio concepito per il settore dell\u2019elettricit\u00e0 e dell\u2019energia in Svizzera.\" \/>\n<meta name=\"robots\" content=\"index, follow, max-snippet:-1, max-image-preview:large, max-video-preview:-1\" \/>\n<link rel=\"canonical\" href=\"https:\/\/www.electrosuisse.ch\/it\/media\/pubblicazioni\/focus-salaire\/\" \/>\n<meta property=\"og:locale\" content=\"it_IT\" \/>\n<meta property=\"og:type\" content=\"article\" \/>\n<meta property=\"og:title\" content=\"Focus Salaire\" \/>\n<meta property=\"og:description\" content=\"Focus Salaire: studio concepito per il settore dell\u2019elettricit\u00e0 e dell\u2019energia in Svizzera.\" \/>\n<meta property=\"og:url\" content=\"https:\/\/www.electrosuisse.ch\/it\/media\/pubblicazioni\/focus-salaire\/\" \/>\n<meta property=\"og:site_name\" content=\"Electrosuisse\" \/>\n<meta property=\"article:modified_time\" content=\"2026-03-04T13:09:34+00:00\" \/>\n<meta property=\"og:image\" content=\"https:\/\/www.electrosuisse.ch\/wp-content\/uploads\/2019\/02\/electrosuisse_publikationen.jpg\" \/>\n\t<meta property=\"og:image:width\" content=\"1578\" \/>\n\t<meta property=\"og:image:height\" content=\"650\" \/>\n\t<meta property=\"og:image:type\" content=\"image\/jpeg\" \/>\n<script type=\"application\/ld+json\" class=\"yoast-schema-graph\">{\"@context\":\"https:\/\/schema.org\",\"@graph\":[{\"@type\":\"WebPage\",\"@id\":\"https:\/\/www.electrosuisse.ch\/it\/media\/pubblicazioni\/focus-salaire\/\",\"url\":\"https:\/\/www.electrosuisse.ch\/it\/media\/pubblicazioni\/focus-salaire\/\",\"name\":\"Focus Salaire\",\"isPartOf\":{\"@id\":\"https:\/\/www.electrosuisse.ch\/it\/#website\"},\"datePublished\":\"2022-04-10T16:12:13+00:00\",\"dateModified\":\"2026-03-04T13:09:34+00:00\",\"description\":\"Focus Salaire: studio concepito per il settore dell\u2019elettricit\u00e0 e dell\u2019energia in Svizzera.\",\"breadcrumb\":{\"@id\":\"https:\/\/www.electrosuisse.ch\/it\/media\/pubblicazioni\/focus-salaire\/#breadcrumb\"},\"inLanguage\":\"it-IT\",\"potentialAction\":[{\"@type\":\"ReadAction\",\"target\":[\"https:\/\/www.electrosuisse.ch\/it\/media\/pubblicazioni\/focus-salaire\/\"]}]},{\"@type\":\"BreadcrumbList\",\"@id\":\"https:\/\/www.electrosuisse.ch\/it\/media\/pubblicazioni\/focus-salaire\/#breadcrumb\",\"itemListElement\":[{\"@type\":\"ListItem\",\"position\":1,\"name\":\"Media\",\"item\":\"https:\/\/www.electrosuisse.ch\/it\/media\/\"},{\"@type\":\"ListItem\",\"position\":2,\"name\":\"Pubblicazioni\",\"item\":\"https:\/\/www.electrosuisse.ch\/it\/media\/pubblicazioni\/\"},{\"@type\":\"ListItem\",\"position\":3,\"name\":\"Focus Salaire\"}]},{\"@type\":\"WebSite\",\"@id\":\"https:\/\/www.electrosuisse.ch\/it\/#website\",\"url\":\"https:\/\/www.electrosuisse.ch\/it\/\",\"name\":\"Electrosuisse\",\"description\":\"\",\"publisher\":{\"@id\":\"https:\/\/www.electrosuisse.ch\/it\/#organization\"},\"potentialAction\":[{\"@type\":\"SearchAction\",\"target\":{\"@type\":\"EntryPoint\",\"urlTemplate\":\"https:\/\/www.electrosuisse.ch\/it\/?s={search_term_string}\"},\"query-input\":{\"@type\":\"PropertyValueSpecification\",\"valueRequired\":true,\"valueName\":\"search_term_string\"}}],\"inLanguage\":\"it-IT\"},{\"@type\":\"Organization\",\"@id\":\"https:\/\/www.electrosuisse.ch\/it\/#organization\",\"name\":\"Electrosuisse\",\"url\":\"https:\/\/www.electrosuisse.ch\/it\/\",\"logo\":{\"@type\":\"ImageObject\",\"inLanguage\":\"it-IT\",\"@id\":\"https:\/\/www.electrosuisse.ch\/it\/#\/schema\/logo\/image\/\",\"url\":\"https:\/\/www.electrosuisse.ch\/wp-content\/uploads\/2025\/04\/Electrosuisse_Logo_696x696.png\",\"contentUrl\":\"https:\/\/www.electrosuisse.ch\/wp-content\/uploads\/2025\/04\/Electrosuisse_Logo_696x696.png\",\"width\":696,\"height\":696,\"caption\":\"Electrosuisse\"},\"image\":{\"@id\":\"https:\/\/www.electrosuisse.ch\/it\/#\/schema\/logo\/image\/\"},\"sameAs\":[\"https:\/\/www.linkedin.com\/company\/electrosuisse-ag\/posts\/?feedView=all\",\"https:\/\/www.instagram.com\/electrosuisse1889\/\",\"https:\/\/www.youtube.com\/channel\/UCoOxohMiVE0Gjcdis1L09zw\"],\"description\":\"Electrosuisse ist eine anerkannte und unabh\u00e4ngige Fachorganisation, die erstklassige Dienstleistungen und Produkte in den Bereichen Inspektion, Beratung, Pr\u00fcfung, Zertifizierung, Normung und Weiterbildung anbietet. Unsere Expertise umfasst Elektrotechnik, Elektromobilit\u00e4t, Energieberatung, Geb\u00e4udeautomation und Photovoltaik in der Schweiz. Durch die Veranstaltung etablierter Branchen-Events und Fachtagungen f\u00f6rdert Electrosuisse den Wissenstransfer und den fachlichen Austausch. Im Mittelpunkt unserer T\u00e4tigkeiten steht die F\u00f6rderung der sicheren, wirtschaftlichen und umweltgerechten Anwendung der Elektrotechnik.\"}]}<\/script>\n<!-- \/ Yoast SEO Premium plugin. -->","yoast_head_json":{"title":"Focus Salaire","description":"Focus Salaire: studio concepito per il settore dell\u2019elettricit\u00e0 e dell\u2019energia in Svizzera.","robots":{"index":"index","follow":"follow","max-snippet":"max-snippet:-1","max-image-preview":"max-image-preview:large","max-video-preview":"max-video-preview:-1"},"canonical":"https:\/\/www.electrosuisse.ch\/it\/media\/pubblicazioni\/focus-salaire\/","og_locale":"it_IT","og_type":"article","og_title":"Focus Salaire","og_description":"Focus Salaire: studio concepito per il settore dell\u2019elettricit\u00e0 e dell\u2019energia in Svizzera.","og_url":"https:\/\/www.electrosuisse.ch\/it\/media\/pubblicazioni\/focus-salaire\/","og_site_name":"Electrosuisse","article_modified_time":"2026-03-04T13:09:34+00:00","og_image":[{"width":1578,"height":650,"url":"https:\/\/www.electrosuisse.ch\/wp-content\/uploads\/2019\/02\/electrosuisse_publikationen.jpg","type":"image\/jpeg"}],"schema":{"@context":"https:\/\/schema.org","@graph":[{"@type":"WebPage","@id":"https:\/\/www.electrosuisse.ch\/it\/media\/pubblicazioni\/focus-salaire\/","url":"https:\/\/www.electrosuisse.ch\/it\/media\/pubblicazioni\/focus-salaire\/","name":"Focus Salaire","isPartOf":{"@id":"https:\/\/www.electrosuisse.ch\/it\/#website"},"datePublished":"2022-04-10T16:12:13+00:00","dateModified":"2026-03-04T13:09:34+00:00","description":"Focus Salaire: studio concepito per il settore dell\u2019elettricit\u00e0 e dell\u2019energia in Svizzera.","breadcrumb":{"@id":"https:\/\/www.electrosuisse.ch\/it\/media\/pubblicazioni\/focus-salaire\/#breadcrumb"},"inLanguage":"it-IT","potentialAction":[{"@type":"ReadAction","target":["https:\/\/www.electrosuisse.ch\/it\/media\/pubblicazioni\/focus-salaire\/"]}]},{"@type":"BreadcrumbList","@id":"https:\/\/www.electrosuisse.ch\/it\/media\/pubblicazioni\/focus-salaire\/#breadcrumb","itemListElement":[{"@type":"ListItem","position":1,"name":"Media","item":"https:\/\/www.electrosuisse.ch\/it\/media\/"},{"@type":"ListItem","position":2,"name":"Pubblicazioni","item":"https:\/\/www.electrosuisse.ch\/it\/media\/pubblicazioni\/"},{"@type":"ListItem","position":3,"name":"Focus Salaire"}]},{"@type":"WebSite","@id":"https:\/\/www.electrosuisse.ch\/it\/#website","url":"https:\/\/www.electrosuisse.ch\/it\/","name":"Electrosuisse","description":"","publisher":{"@id":"https:\/\/www.electrosuisse.ch\/it\/#organization"},"potentialAction":[{"@type":"SearchAction","target":{"@type":"EntryPoint","urlTemplate":"https:\/\/www.electrosuisse.ch\/it\/?s={search_term_string}"},"query-input":{"@type":"PropertyValueSpecification","valueRequired":true,"valueName":"search_term_string"}}],"inLanguage":"it-IT"},{"@type":"Organization","@id":"https:\/\/www.electrosuisse.ch\/it\/#organization","name":"Electrosuisse","url":"https:\/\/www.electrosuisse.ch\/it\/","logo":{"@type":"ImageObject","inLanguage":"it-IT","@id":"https:\/\/www.electrosuisse.ch\/it\/#\/schema\/logo\/image\/","url":"https:\/\/www.electrosuisse.ch\/wp-content\/uploads\/2025\/04\/Electrosuisse_Logo_696x696.png","contentUrl":"https:\/\/www.electrosuisse.ch\/wp-content\/uploads\/2025\/04\/Electrosuisse_Logo_696x696.png","width":696,"height":696,"caption":"Electrosuisse"},"image":{"@id":"https:\/\/www.electrosuisse.ch\/it\/#\/schema\/logo\/image\/"},"sameAs":["https:\/\/www.linkedin.com\/company\/electrosuisse-ag\/posts\/?feedView=all","https:\/\/www.instagram.com\/electrosuisse1889\/","https:\/\/www.youtube.com\/channel\/UCoOxohMiVE0Gjcdis1L09zw"],"description":"Electrosuisse ist eine anerkannte und unabh\u00e4ngige Fachorganisation, die erstklassige Dienstleistungen und Produkte in den Bereichen Inspektion, Beratung, Pr\u00fcfung, Zertifizierung, Normung und Weiterbildung anbietet. Unsere Expertise umfasst Elektrotechnik, Elektromobilit\u00e4t, Energieberatung, Geb\u00e4udeautomation und Photovoltaik in der Schweiz. Durch die Veranstaltung etablierter Branchen-Events und Fachtagungen f\u00f6rdert Electrosuisse den Wissenstransfer und den fachlichen Austausch. Im Mittelpunkt unserer T\u00e4tigkeiten steht die F\u00f6rderung der sicheren, wirtschaftlichen und umweltgerechten Anwendung der Elektrotechnik."}]}},"amp_enabled":true,"_links":{"self":[{"href":"https:\/\/www.electrosuisse.ch\/it\/wp-json\/wp\/v2\/pages\/21854","targetHints":{"allow":["GET"]}}],"collection":[{"href":"https:\/\/www.electrosuisse.ch\/it\/wp-json\/wp\/v2\/pages"}],"about":[{"href":"https:\/\/www.electrosuisse.ch\/it\/wp-json\/wp\/v2\/types\/page"}],"author":[{"embeddable":true,"href":"https:\/\/www.electrosuisse.ch\/it\/wp-json\/wp\/v2\/users\/6"}],"replies":[{"embeddable":true,"href":"https:\/\/www.electrosuisse.ch\/it\/wp-json\/wp\/v2\/comments?post=21854"}],"version-history":[{"count":23,"href":"https:\/\/www.electrosuisse.ch\/it\/wp-json\/wp\/v2\/pages\/21854\/revisions"}],"predecessor-version":[{"id":42422,"href":"https:\/\/www.electrosuisse.ch\/it\/wp-json\/wp\/v2\/pages\/21854\/revisions\/42422"}],"up":[{"embeddable":true,"href":"https:\/\/www.electrosuisse.ch\/it\/wp-json\/wp\/v2\/pages\/3777"}],"wp:attachment":[{"href":"https:\/\/www.electrosuisse.ch\/it\/wp-json\/wp\/v2\/media?parent=21854"}],"curies":[{"name":"wp","href":"https:\/\/api.w.org\/{rel}","templated":true}]}}