{"id":19785,"date":"2021-08-12T10:19:57","date_gmt":"2021-08-12T08:19:57","guid":{"rendered":"https:\/\/www.electrosuisse.ch\/normazione\/value-added-services\/"},"modified":"2021-11-19T10:48:29","modified_gmt":"2021-11-19T09:48:29","slug":"value-added-services","status":"publish","type":"page","link":"https:\/\/www.electrosuisse.ch\/it\/perche-normazione\/value-added-services\/","title":{"rendered":"Value Added Services"},"content":{"rendered":"<div class=\"wpb-content-wrapper\"><p>[vc_row][vc_column][vc_column_text]<\/p>\n<h1>Value Added Services<\/h1>\n<p>Il CES offre servizi a valore aggiunto riguardanti il settore della normazione in campo elettrotecnico, nel dettaglio (l&#8217;elenco non \u00e8 esaustivo):<\/p>\n<ul>\n<li>Consulenza<\/li>\n<li>Conformit\u00e0\n<ul>\n<li>verifica dei requisiti di certificazione e\/o delle domande di certificazione o degli ordini di certificazione all&#8217;istituto di prova<\/li>\n<li>valutazione della DoC (Declaration of Conformity &#8211; dichiarazione di conformit\u00e0) e\/o della DoP (Declaration of Performance &#8211; dichiarazione di prestazione)<\/li>\n<li>secondo parere indipendente<\/li>\n<li>consulenza sulla gestione della conformit\u00e0 dei prodotti<\/li>\n<li>monitoraggio della conformit\u00e0 dei prodotti<\/li>\n<\/ul>\n<\/li>\n<\/ul>\n<ul>\n<li>monitoraggio \/ validazione delle norme riguardo l&#8217;aggiornamento (documenti elettrotecnici)<\/li>\n<li>assunzione di ruoli<\/li>\n<\/ul>\n<p>Se siete interessati a uno dei nostri servizi a valore aggiunto, contattateci scrivendo a:\u00a0<strong><a href=\"&#x6d;a&#x69;&#108;&#x74;&#111;:&#x63;&#101;&#x73;&#64;e&#x6c;&#101;&#x63;&#116;r&#x6f;s&#x75;&#105;&#x73;&#x73;e&#x2e;&#99;&#x68;\" target=\"_blank\" rel=\"noopener\">&#x63;&#101;s&#x40;&#x65;&#108;e&#x63;&#116;r&#x6f;&#x73;&#117;i&#x73;&#115;e&#x2e;&#x63;&#104;<\/a><\/strong><\/p>\n<p>Vi presenteremo l\u2019offerta adatta per le vostre mansioni e\/o i vostri interrogativi specifici.[\/vc_column_text][\/vc_column][\/vc_row]<\/p>\n<\/div>","protected":false},"excerpt":{"rendered":"<p>[vc_row][vc_column][vc_column_text] Value Added Services Il CES offre servizi a valore aggiunto riguardanti il settore della normazione in campo elettrotecnico, nel dettaglio (l&#8217;elenco non \u00e8 esaustivo): Consulenza Conformit\u00e0 verifica dei requisiti di certificazione e\/o delle domande di certificazione o degli ordini di certificazione all&#8217;istituto di prova valutazione della DoC (Declaration of Conformity &#8211; dichiarazione di conformit\u00e0) [&hellip;]<\/p>\n","protected":false},"author":20,"featured_media":0,"parent":3782,"menu_order":171,"comment_status":"closed","ping_status":"closed","template":"","meta":{"_acf_changed":false,"_monsterinsights_skip_tracking":false,"_monsterinsights_sitenote_active":false,"_monsterinsights_sitenote_note":"","_monsterinsights_sitenote_category":0,"footnotes":""},"class_list":["post-19785","page","type-page","status-publish","hentry"],"acf":[],"yoast_head":"<!-- This site is optimized with the Yoast SEO Premium plugin v26.4 (Yoast SEO v27.0) - https:\/\/yoast.com\/product\/yoast-seo-premium-wordpress\/ -->\n<title>Value Added Services - Electrosuisse<\/title>\n<meta name=\"robots\" content=\"index, follow, max-snippet:-1, max-image-preview:large, max-video-preview:-1\" \/>\n<link rel=\"canonical\" href=\"https:\/\/www.electrosuisse.ch\/it\/perche-normazione\/value-added-services\/\" \/>\n<meta property=\"og:locale\" content=\"it_IT\" \/>\n<meta property=\"og:type\" content=\"article\" \/>\n<meta property=\"og:title\" content=\"Value Added Services - Electrosuisse\" \/>\n<meta property=\"og:description\" content=\"[vc_row][vc_column][vc_column_text] Value Added Services Il CES offre servizi a valore aggiunto riguardanti il settore della normazione in campo elettrotecnico, nel dettaglio (l&#8217;elenco non \u00e8 esaustivo): Consulenza Conformit\u00e0 verifica dei requisiti di certificazione e\/o delle domande di certificazione o degli ordini di certificazione all&#8217;istituto di prova valutazione della DoC (Declaration of Conformity &#8211; dichiarazione di conformit\u00e0) [&hellip;]\" \/>\n<meta property=\"og:url\" content=\"https:\/\/www.electrosuisse.ch\/it\/perche-normazione\/value-added-services\/\" \/>\n<meta property=\"og:site_name\" content=\"Electrosuisse\" \/>\n<meta property=\"article:modified_time\" content=\"2021-11-19T09:48:29+00:00\" \/>\n<meta property=\"og:image\" content=\"https:\/\/www.electrosuisse.ch\/wp-content\/uploads\/2022\/12\/Electrosuisse_Ueber_uns_1578x650.jpg\" \/>\n\t<meta property=\"og:image:width\" content=\"1578\" \/>\n\t<meta property=\"og:image:height\" content=\"650\" \/>\n\t<meta property=\"og:image:type\" content=\"image\/jpeg\" \/>\n<script type=\"application\/ld+json\" class=\"yoast-schema-graph\">{\"@context\":\"https:\/\/schema.org\",\"@graph\":[{\"@type\":\"WebPage\",\"@id\":\"https:\/\/www.electrosuisse.ch\/it\/perche-normazione\/value-added-services\/\",\"url\":\"https:\/\/www.electrosuisse.ch\/it\/perche-normazione\/value-added-services\/\",\"name\":\"Value Added Services - Electrosuisse\",\"isPartOf\":{\"@id\":\"https:\/\/www.electrosuisse.ch\/it\/#website\"},\"datePublished\":\"2021-08-12T08:19:57+00:00\",\"dateModified\":\"2021-11-19T09:48:29+00:00\",\"breadcrumb\":{\"@id\":\"https:\/\/www.electrosuisse.ch\/it\/perche-normazione\/value-added-services\/#breadcrumb\"},\"inLanguage\":\"it-IT\",\"potentialAction\":[{\"@type\":\"ReadAction\",\"target\":[\"https:\/\/www.electrosuisse.ch\/it\/perche-normazione\/value-added-services\/\"]}]},{\"@type\":\"BreadcrumbList\",\"@id\":\"https:\/\/www.electrosuisse.ch\/it\/perche-normazione\/value-added-services\/#breadcrumb\",\"itemListElement\":[{\"@type\":\"ListItem\",\"position\":1,\"name\":\"Normazione\",\"item\":\"https:\/\/www.electrosuisse.ch\/it\/perche-normazione\/\"},{\"@type\":\"ListItem\",\"position\":2,\"name\":\"Value Added Services\"}]},{\"@type\":\"WebSite\",\"@id\":\"https:\/\/www.electrosuisse.ch\/it\/#website\",\"url\":\"https:\/\/www.electrosuisse.ch\/it\/\",\"name\":\"Electrosuisse\",\"description\":\"\",\"publisher\":{\"@id\":\"https:\/\/www.electrosuisse.ch\/it\/#organization\"},\"potentialAction\":[{\"@type\":\"SearchAction\",\"target\":{\"@type\":\"EntryPoint\",\"urlTemplate\":\"https:\/\/www.electrosuisse.ch\/it\/?s={search_term_string}\"},\"query-input\":{\"@type\":\"PropertyValueSpecification\",\"valueRequired\":true,\"valueName\":\"search_term_string\"}}],\"inLanguage\":\"it-IT\"},{\"@type\":\"Organization\",\"@id\":\"https:\/\/www.electrosuisse.ch\/it\/#organization\",\"name\":\"Electrosuisse\",\"url\":\"https:\/\/www.electrosuisse.ch\/it\/\",\"logo\":{\"@type\":\"ImageObject\",\"inLanguage\":\"it-IT\",\"@id\":\"https:\/\/www.electrosuisse.ch\/it\/#\/schema\/logo\/image\/\",\"url\":\"https:\/\/www.electrosuisse.ch\/wp-content\/uploads\/2025\/04\/Electrosuisse_Logo_696x696.png\",\"contentUrl\":\"https:\/\/www.electrosuisse.ch\/wp-content\/uploads\/2025\/04\/Electrosuisse_Logo_696x696.png\",\"width\":696,\"height\":696,\"caption\":\"Electrosuisse\"},\"image\":{\"@id\":\"https:\/\/www.electrosuisse.ch\/it\/#\/schema\/logo\/image\/\"},\"sameAs\":[\"https:\/\/www.linkedin.com\/company\/electrosuisse-ag\/posts\/?feedView=all\",\"https:\/\/www.instagram.com\/electrosuisse1889\/\",\"https:\/\/www.youtube.com\/channel\/UCoOxohMiVE0Gjcdis1L09zw\"],\"description\":\"Electrosuisse ist eine anerkannte und unabh\u00e4ngige Fachorganisation, die erstklassige Dienstleistungen und Produkte in den Bereichen Inspektion, Beratung, Pr\u00fcfung, Zertifizierung, Normung und Weiterbildung anbietet. Unsere Expertise umfasst Elektrotechnik, Elektromobilit\u00e4t, Energieberatung, Geb\u00e4udeautomation und Photovoltaik in der Schweiz. Durch die Veranstaltung etablierter Branchen-Events und Fachtagungen f\u00f6rdert Electrosuisse den Wissenstransfer und den fachlichen Austausch. Im Mittelpunkt unserer T\u00e4tigkeiten steht die F\u00f6rderung der sicheren, wirtschaftlichen und umweltgerechten Anwendung der Elektrotechnik.\"}]}<\/script>\n<!-- \/ Yoast SEO Premium plugin. -->","yoast_head_json":{"title":"Value Added Services - Electrosuisse","robots":{"index":"index","follow":"follow","max-snippet":"max-snippet:-1","max-image-preview":"max-image-preview:large","max-video-preview":"max-video-preview:-1"},"canonical":"https:\/\/www.electrosuisse.ch\/it\/perche-normazione\/value-added-services\/","og_locale":"it_IT","og_type":"article","og_title":"Value Added Services - Electrosuisse","og_description":"[vc_row][vc_column][vc_column_text] Value Added Services Il CES offre servizi a valore aggiunto riguardanti il settore della normazione in campo elettrotecnico, nel dettaglio (l&#8217;elenco non \u00e8 esaustivo): Consulenza Conformit\u00e0 verifica dei requisiti di certificazione e\/o delle domande di certificazione o degli ordini di certificazione all&#8217;istituto di prova valutazione della DoC (Declaration of Conformity &#8211; dichiarazione di conformit\u00e0) [&hellip;]","og_url":"https:\/\/www.electrosuisse.ch\/it\/perche-normazione\/value-added-services\/","og_site_name":"Electrosuisse","article_modified_time":"2021-11-19T09:48:29+00:00","og_image":[{"width":1578,"height":650,"url":"https:\/\/www.electrosuisse.ch\/wp-content\/uploads\/2022\/12\/Electrosuisse_Ueber_uns_1578x650.jpg","type":"image\/jpeg"}],"schema":{"@context":"https:\/\/schema.org","@graph":[{"@type":"WebPage","@id":"https:\/\/www.electrosuisse.ch\/it\/perche-normazione\/value-added-services\/","url":"https:\/\/www.electrosuisse.ch\/it\/perche-normazione\/value-added-services\/","name":"Value Added Services - Electrosuisse","isPartOf":{"@id":"https:\/\/www.electrosuisse.ch\/it\/#website"},"datePublished":"2021-08-12T08:19:57+00:00","dateModified":"2021-11-19T09:48:29+00:00","breadcrumb":{"@id":"https:\/\/www.electrosuisse.ch\/it\/perche-normazione\/value-added-services\/#breadcrumb"},"inLanguage":"it-IT","potentialAction":[{"@type":"ReadAction","target":["https:\/\/www.electrosuisse.ch\/it\/perche-normazione\/value-added-services\/"]}]},{"@type":"BreadcrumbList","@id":"https:\/\/www.electrosuisse.ch\/it\/perche-normazione\/value-added-services\/#breadcrumb","itemListElement":[{"@type":"ListItem","position":1,"name":"Normazione","item":"https:\/\/www.electrosuisse.ch\/it\/perche-normazione\/"},{"@type":"ListItem","position":2,"name":"Value Added Services"}]},{"@type":"WebSite","@id":"https:\/\/www.electrosuisse.ch\/it\/#website","url":"https:\/\/www.electrosuisse.ch\/it\/","name":"Electrosuisse","description":"","publisher":{"@id":"https:\/\/www.electrosuisse.ch\/it\/#organization"},"potentialAction":[{"@type":"SearchAction","target":{"@type":"EntryPoint","urlTemplate":"https:\/\/www.electrosuisse.ch\/it\/?s={search_term_string}"},"query-input":{"@type":"PropertyValueSpecification","valueRequired":true,"valueName":"search_term_string"}}],"inLanguage":"it-IT"},{"@type":"Organization","@id":"https:\/\/www.electrosuisse.ch\/it\/#organization","name":"Electrosuisse","url":"https:\/\/www.electrosuisse.ch\/it\/","logo":{"@type":"ImageObject","inLanguage":"it-IT","@id":"https:\/\/www.electrosuisse.ch\/it\/#\/schema\/logo\/image\/","url":"https:\/\/www.electrosuisse.ch\/wp-content\/uploads\/2025\/04\/Electrosuisse_Logo_696x696.png","contentUrl":"https:\/\/www.electrosuisse.ch\/wp-content\/uploads\/2025\/04\/Electrosuisse_Logo_696x696.png","width":696,"height":696,"caption":"Electrosuisse"},"image":{"@id":"https:\/\/www.electrosuisse.ch\/it\/#\/schema\/logo\/image\/"},"sameAs":["https:\/\/www.linkedin.com\/company\/electrosuisse-ag\/posts\/?feedView=all","https:\/\/www.instagram.com\/electrosuisse1889\/","https:\/\/www.youtube.com\/channel\/UCoOxohMiVE0Gjcdis1L09zw"],"description":"Electrosuisse ist eine anerkannte und unabh\u00e4ngige Fachorganisation, die erstklassige Dienstleistungen und Produkte in den Bereichen Inspektion, Beratung, Pr\u00fcfung, Zertifizierung, Normung und Weiterbildung anbietet. Unsere Expertise umfasst Elektrotechnik, Elektromobilit\u00e4t, Energieberatung, Geb\u00e4udeautomation und Photovoltaik in der Schweiz. Durch die Veranstaltung etablierter Branchen-Events und Fachtagungen f\u00f6rdert Electrosuisse den Wissenstransfer und den fachlichen Austausch. Im Mittelpunkt unserer T\u00e4tigkeiten steht die F\u00f6rderung der sicheren, wirtschaftlichen und umweltgerechten Anwendung der Elektrotechnik."}]}},"amp_enabled":true,"_links":{"self":[{"href":"https:\/\/www.electrosuisse.ch\/it\/wp-json\/wp\/v2\/pages\/19785","targetHints":{"allow":["GET"]}}],"collection":[{"href":"https:\/\/www.electrosuisse.ch\/it\/wp-json\/wp\/v2\/pages"}],"about":[{"href":"https:\/\/www.electrosuisse.ch\/it\/wp-json\/wp\/v2\/types\/page"}],"author":[{"embeddable":true,"href":"https:\/\/www.electrosuisse.ch\/it\/wp-json\/wp\/v2\/users\/20"}],"replies":[{"embeddable":true,"href":"https:\/\/www.electrosuisse.ch\/it\/wp-json\/wp\/v2\/comments?post=19785"}],"version-history":[{"count":0,"href":"https:\/\/www.electrosuisse.ch\/it\/wp-json\/wp\/v2\/pages\/19785\/revisions"}],"up":[{"embeddable":true,"href":"https:\/\/www.electrosuisse.ch\/it\/wp-json\/wp\/v2\/pages\/3782"}],"wp:attachment":[{"href":"https:\/\/www.electrosuisse.ch\/it\/wp-json\/wp\/v2\/media?parent=19785"}],"curies":[{"name":"wp","href":"https:\/\/api.w.org\/{rel}","templated":true}]}}