{"id":19781,"date":"2021-08-11T16:08:58","date_gmt":"2021-08-11T14:08:58","guid":{"rendered":"https:\/\/www.electrosuisse.ch\/normazione\/training\/"},"modified":"2024-01-09T16:39:13","modified_gmt":"2024-01-09T15:39:13","slug":"training","status":"publish","type":"page","link":"https:\/\/www.electrosuisse.ch\/it\/perche-normazione\/training\/","title":{"rendered":"Formazione"},"content":{"rendered":"<div class=\"wpb-content-wrapper\"><p>[vc_row][vc_column][vc_column_text]<\/p>\n<h1>Formazione<\/h1>\n<p>Il CES offre corsi di formazione sul tema della normazione per persone interessate, imprese, istituzioni formative, autorit\u00e0, esperti (tecnici), ecc. L\u2019esecuzione dei corsi di formazione pu\u00f2 essere adattata individualmente alle vostre esigenze specifiche. Vengono utilizzati anche diversi metodi e strumenti.<\/p>\n<p>Sono possibili formazioni dal vivo e\/o virtuali, cos\u00ec come webinar.<\/p>\n<p>Le formazioni sono tenute da esperti tecnici comprovati e possono essere svolte in diverse lingue.<\/p>\n<p>Se siete interessati a un corso di formazione, contattateci scrivendo a: <strong><a href=\"&#109;&#x61;i&#108;&#x74;o&#58;&#x63;e&#115;&#x40;e&#108;&#x65;&#99;&#x74;&#x72;&#111;&#x73;&#x75;&#105;&#x73;s&#101;&#x2e;c&#104;\" target=\"_blank\" rel=\"noopener\">&#99;&#101;&#x73;&#x40;&#101;&#108;&#x65;&#x63;&#116;&#114;&#x6f;&#x73;&#117;&#105;&#x73;&#x73;&#101;&#46;&#x63;&#x68;<\/a><br \/>\n<\/strong>Vi presenteremo l&#8217;offerta di formazione adatta per i vostri obiettivi specifici.<\/p>\n<p><strong><br \/>\nFormazioni imminenti:<br \/>\n<\/strong><\/p>\n<ul>\n<li>Norme \u2013 La porta verso il mondo \u2013 La nostra formazione di base per imprese e istituzioni formative<\/li>\n<li>Consigli e trucchi \u2013 Lavoro pratico di normazione \u2013 Il nostro workshop per esperti (tecnici) alle prime armi con la normazione<\/li>\n<\/ul>\n<p>[\/vc_column_text]<div class=\"wpb_content_element wpb_accordion_column accordion_simple\"><div class=\"accordions accordions_0\"><\/div><\/div>[\/vc_column][\/vc_row]<\/p>\n<\/div>","protected":false},"excerpt":{"rendered":"<p>[vc_row][vc_column][vc_column_text] Formazione Il CES offre corsi di formazione sul tema della normazione per persone interessate, imprese, istituzioni formative, autorit\u00e0, esperti (tecnici), ecc. L\u2019esecuzione dei corsi di formazione pu\u00f2 essere adattata individualmente alle vostre esigenze specifiche. Vengono utilizzati anche diversi metodi e strumenti. Sono possibili formazioni dal vivo e\/o virtuali, cos\u00ec come webinar. Le formazioni sono [&hellip;]<\/p>\n","protected":false},"author":20,"featured_media":0,"parent":3782,"menu_order":179,"comment_status":"closed","ping_status":"closed","template":"","meta":{"_acf_changed":false,"_monsterinsights_skip_tracking":false,"_monsterinsights_sitenote_active":false,"_monsterinsights_sitenote_note":"","_monsterinsights_sitenote_category":0,"footnotes":""},"class_list":["post-19781","page","type-page","status-publish","hentry"],"acf":[],"yoast_head":"<!-- This site is optimized with the Yoast SEO Premium plugin v26.4 (Yoast SEO v27.0) - https:\/\/yoast.com\/product\/yoast-seo-premium-wordpress\/ -->\n<title>Formazione - Electrosuisse<\/title>\n<meta name=\"robots\" content=\"index, follow, max-snippet:-1, max-image-preview:large, max-video-preview:-1\" \/>\n<link rel=\"canonical\" href=\"https:\/\/www.electrosuisse.ch\/it\/perche-normazione\/training\/\" \/>\n<meta property=\"og:locale\" content=\"it_IT\" \/>\n<meta property=\"og:type\" content=\"article\" \/>\n<meta property=\"og:title\" content=\"Formazione - Electrosuisse\" \/>\n<meta property=\"og:description\" content=\"[vc_row][vc_column][vc_column_text] Formazione Il CES offre corsi di formazione sul tema della normazione per persone interessate, imprese, istituzioni formative, autorit\u00e0, esperti (tecnici), ecc. L\u2019esecuzione dei corsi di formazione pu\u00f2 essere adattata individualmente alle vostre esigenze specifiche. Vengono utilizzati anche diversi metodi e strumenti. Sono possibili formazioni dal vivo e\/o virtuali, cos\u00ec come webinar. Le formazioni sono [&hellip;]\" \/>\n<meta property=\"og:url\" content=\"https:\/\/www.electrosuisse.ch\/it\/perche-normazione\/training\/\" \/>\n<meta property=\"og:site_name\" content=\"Electrosuisse\" \/>\n<meta property=\"article:modified_time\" content=\"2024-01-09T15:39:13+00:00\" \/>\n<meta property=\"og:image\" content=\"https:\/\/www.electrosuisse.ch\/wp-content\/uploads\/2022\/12\/Electrosuisse_Ueber_uns_1578x650.jpg\" \/>\n\t<meta property=\"og:image:width\" content=\"1578\" \/>\n\t<meta property=\"og:image:height\" content=\"650\" \/>\n\t<meta property=\"og:image:type\" content=\"image\/jpeg\" \/>\n<script type=\"application\/ld+json\" class=\"yoast-schema-graph\">{\"@context\":\"https:\/\/schema.org\",\"@graph\":[{\"@type\":\"WebPage\",\"@id\":\"https:\/\/www.electrosuisse.ch\/it\/perche-normazione\/training\/\",\"url\":\"https:\/\/www.electrosuisse.ch\/it\/perche-normazione\/training\/\",\"name\":\"Formazione - Electrosuisse\",\"isPartOf\":{\"@id\":\"https:\/\/www.electrosuisse.ch\/it\/#website\"},\"datePublished\":\"2021-08-11T14:08:58+00:00\",\"dateModified\":\"2024-01-09T15:39:13+00:00\",\"breadcrumb\":{\"@id\":\"https:\/\/www.electrosuisse.ch\/it\/perche-normazione\/training\/#breadcrumb\"},\"inLanguage\":\"it-IT\",\"potentialAction\":[{\"@type\":\"ReadAction\",\"target\":[\"https:\/\/www.electrosuisse.ch\/it\/perche-normazione\/training\/\"]}]},{\"@type\":\"BreadcrumbList\",\"@id\":\"https:\/\/www.electrosuisse.ch\/it\/perche-normazione\/training\/#breadcrumb\",\"itemListElement\":[{\"@type\":\"ListItem\",\"position\":1,\"name\":\"Normazione\",\"item\":\"https:\/\/www.electrosuisse.ch\/it\/perche-normazione\/\"},{\"@type\":\"ListItem\",\"position\":2,\"name\":\"Formazione\"}]},{\"@type\":\"WebSite\",\"@id\":\"https:\/\/www.electrosuisse.ch\/it\/#website\",\"url\":\"https:\/\/www.electrosuisse.ch\/it\/\",\"name\":\"Electrosuisse\",\"description\":\"\",\"publisher\":{\"@id\":\"https:\/\/www.electrosuisse.ch\/it\/#organization\"},\"potentialAction\":[{\"@type\":\"SearchAction\",\"target\":{\"@type\":\"EntryPoint\",\"urlTemplate\":\"https:\/\/www.electrosuisse.ch\/it\/?s={search_term_string}\"},\"query-input\":{\"@type\":\"PropertyValueSpecification\",\"valueRequired\":true,\"valueName\":\"search_term_string\"}}],\"inLanguage\":\"it-IT\"},{\"@type\":\"Organization\",\"@id\":\"https:\/\/www.electrosuisse.ch\/it\/#organization\",\"name\":\"Electrosuisse\",\"url\":\"https:\/\/www.electrosuisse.ch\/it\/\",\"logo\":{\"@type\":\"ImageObject\",\"inLanguage\":\"it-IT\",\"@id\":\"https:\/\/www.electrosuisse.ch\/it\/#\/schema\/logo\/image\/\",\"url\":\"https:\/\/www.electrosuisse.ch\/wp-content\/uploads\/2025\/04\/Electrosuisse_Logo_696x696.png\",\"contentUrl\":\"https:\/\/www.electrosuisse.ch\/wp-content\/uploads\/2025\/04\/Electrosuisse_Logo_696x696.png\",\"width\":696,\"height\":696,\"caption\":\"Electrosuisse\"},\"image\":{\"@id\":\"https:\/\/www.electrosuisse.ch\/it\/#\/schema\/logo\/image\/\"},\"sameAs\":[\"https:\/\/www.linkedin.com\/company\/electrosuisse-ag\/posts\/?feedView=all\",\"https:\/\/www.instagram.com\/electrosuisse1889\/\",\"https:\/\/www.youtube.com\/channel\/UCoOxohMiVE0Gjcdis1L09zw\"],\"description\":\"Electrosuisse ist eine anerkannte und unabh\u00e4ngige Fachorganisation, die erstklassige Dienstleistungen und Produkte in den Bereichen Inspektion, Beratung, Pr\u00fcfung, Zertifizierung, Normung und Weiterbildung anbietet. Unsere Expertise umfasst Elektrotechnik, Elektromobilit\u00e4t, Energieberatung, Geb\u00e4udeautomation und Photovoltaik in der Schweiz. Durch die Veranstaltung etablierter Branchen-Events und Fachtagungen f\u00f6rdert Electrosuisse den Wissenstransfer und den fachlichen Austausch. Im Mittelpunkt unserer T\u00e4tigkeiten steht die F\u00f6rderung der sicheren, wirtschaftlichen und umweltgerechten Anwendung der Elektrotechnik.\"}]}<\/script>\n<!-- \/ Yoast SEO Premium plugin. -->","yoast_head_json":{"title":"Formazione - Electrosuisse","robots":{"index":"index","follow":"follow","max-snippet":"max-snippet:-1","max-image-preview":"max-image-preview:large","max-video-preview":"max-video-preview:-1"},"canonical":"https:\/\/www.electrosuisse.ch\/it\/perche-normazione\/training\/","og_locale":"it_IT","og_type":"article","og_title":"Formazione - Electrosuisse","og_description":"[vc_row][vc_column][vc_column_text] Formazione Il CES offre corsi di formazione sul tema della normazione per persone interessate, imprese, istituzioni formative, autorit\u00e0, esperti (tecnici), ecc. L\u2019esecuzione dei corsi di formazione pu\u00f2 essere adattata individualmente alle vostre esigenze specifiche. Vengono utilizzati anche diversi metodi e strumenti. Sono possibili formazioni dal vivo e\/o virtuali, cos\u00ec come webinar. Le formazioni sono [&hellip;]","og_url":"https:\/\/www.electrosuisse.ch\/it\/perche-normazione\/training\/","og_site_name":"Electrosuisse","article_modified_time":"2024-01-09T15:39:13+00:00","og_image":[{"width":1578,"height":650,"url":"https:\/\/www.electrosuisse.ch\/wp-content\/uploads\/2022\/12\/Electrosuisse_Ueber_uns_1578x650.jpg","type":"image\/jpeg"}],"schema":{"@context":"https:\/\/schema.org","@graph":[{"@type":"WebPage","@id":"https:\/\/www.electrosuisse.ch\/it\/perche-normazione\/training\/","url":"https:\/\/www.electrosuisse.ch\/it\/perche-normazione\/training\/","name":"Formazione - Electrosuisse","isPartOf":{"@id":"https:\/\/www.electrosuisse.ch\/it\/#website"},"datePublished":"2021-08-11T14:08:58+00:00","dateModified":"2024-01-09T15:39:13+00:00","breadcrumb":{"@id":"https:\/\/www.electrosuisse.ch\/it\/perche-normazione\/training\/#breadcrumb"},"inLanguage":"it-IT","potentialAction":[{"@type":"ReadAction","target":["https:\/\/www.electrosuisse.ch\/it\/perche-normazione\/training\/"]}]},{"@type":"BreadcrumbList","@id":"https:\/\/www.electrosuisse.ch\/it\/perche-normazione\/training\/#breadcrumb","itemListElement":[{"@type":"ListItem","position":1,"name":"Normazione","item":"https:\/\/www.electrosuisse.ch\/it\/perche-normazione\/"},{"@type":"ListItem","position":2,"name":"Formazione"}]},{"@type":"WebSite","@id":"https:\/\/www.electrosuisse.ch\/it\/#website","url":"https:\/\/www.electrosuisse.ch\/it\/","name":"Electrosuisse","description":"","publisher":{"@id":"https:\/\/www.electrosuisse.ch\/it\/#organization"},"potentialAction":[{"@type":"SearchAction","target":{"@type":"EntryPoint","urlTemplate":"https:\/\/www.electrosuisse.ch\/it\/?s={search_term_string}"},"query-input":{"@type":"PropertyValueSpecification","valueRequired":true,"valueName":"search_term_string"}}],"inLanguage":"it-IT"},{"@type":"Organization","@id":"https:\/\/www.electrosuisse.ch\/it\/#organization","name":"Electrosuisse","url":"https:\/\/www.electrosuisse.ch\/it\/","logo":{"@type":"ImageObject","inLanguage":"it-IT","@id":"https:\/\/www.electrosuisse.ch\/it\/#\/schema\/logo\/image\/","url":"https:\/\/www.electrosuisse.ch\/wp-content\/uploads\/2025\/04\/Electrosuisse_Logo_696x696.png","contentUrl":"https:\/\/www.electrosuisse.ch\/wp-content\/uploads\/2025\/04\/Electrosuisse_Logo_696x696.png","width":696,"height":696,"caption":"Electrosuisse"},"image":{"@id":"https:\/\/www.electrosuisse.ch\/it\/#\/schema\/logo\/image\/"},"sameAs":["https:\/\/www.linkedin.com\/company\/electrosuisse-ag\/posts\/?feedView=all","https:\/\/www.instagram.com\/electrosuisse1889\/","https:\/\/www.youtube.com\/channel\/UCoOxohMiVE0Gjcdis1L09zw"],"description":"Electrosuisse ist eine anerkannte und unabh\u00e4ngige Fachorganisation, die erstklassige Dienstleistungen und Produkte in den Bereichen Inspektion, Beratung, Pr\u00fcfung, Zertifizierung, Normung und Weiterbildung anbietet. Unsere Expertise umfasst Elektrotechnik, Elektromobilit\u00e4t, Energieberatung, Geb\u00e4udeautomation und Photovoltaik in der Schweiz. Durch die Veranstaltung etablierter Branchen-Events und Fachtagungen f\u00f6rdert Electrosuisse den Wissenstransfer und den fachlichen Austausch. Im Mittelpunkt unserer T\u00e4tigkeiten steht die F\u00f6rderung der sicheren, wirtschaftlichen und umweltgerechten Anwendung der Elektrotechnik."}]}},"amp_enabled":true,"_links":{"self":[{"href":"https:\/\/www.electrosuisse.ch\/it\/wp-json\/wp\/v2\/pages\/19781","targetHints":{"allow":["GET"]}}],"collection":[{"href":"https:\/\/www.electrosuisse.ch\/it\/wp-json\/wp\/v2\/pages"}],"about":[{"href":"https:\/\/www.electrosuisse.ch\/it\/wp-json\/wp\/v2\/types\/page"}],"author":[{"embeddable":true,"href":"https:\/\/www.electrosuisse.ch\/it\/wp-json\/wp\/v2\/users\/20"}],"replies":[{"embeddable":true,"href":"https:\/\/www.electrosuisse.ch\/it\/wp-json\/wp\/v2\/comments?post=19781"}],"version-history":[{"count":1,"href":"https:\/\/www.electrosuisse.ch\/it\/wp-json\/wp\/v2\/pages\/19781\/revisions"}],"predecessor-version":[{"id":33545,"href":"https:\/\/www.electrosuisse.ch\/it\/wp-json\/wp\/v2\/pages\/19781\/revisions\/33545"}],"up":[{"embeddable":true,"href":"https:\/\/www.electrosuisse.ch\/it\/wp-json\/wp\/v2\/pages\/3782"}],"wp:attachment":[{"href":"https:\/\/www.electrosuisse.ch\/it\/wp-json\/wp\/v2\/media?parent=19781"}],"curies":[{"name":"wp","href":"https:\/\/api.w.org\/{rel}","templated":true}]}}