{"id":19606,"date":"2021-11-17T14:18:58","date_gmt":"2021-11-17T13:18:58","guid":{"rendered":"https:\/\/www.electrosuisse.ch\/?page_id=19606"},"modified":"2025-12-10T10:52:19","modified_gmt":"2025-12-10T09:52:19","slug":"diventare-membro","status":"publish","type":"page","link":"https:\/\/www.electrosuisse.ch\/it\/diventare-membro\/","title":{"rendered":"Diventare membro"},"content":{"rendered":"<div class=\"wpb-content-wrapper\"><p>[vc_row][vc_column][vc_column_text css=&#8221;&#8221; el_class=&#8221;lead&#8221;]<\/p>\n<h1>Dal settore per il settore &#8211; dal 1889<\/h1>\n<p>La nostra rete di esperti, unica nel suo genere, include circa 4800 specialisti, dagli operatori del settore agli ingegneri, dagli studenti agli scienziati. Inoltre circa 2600 aziende operanti nel campo dell\u2019elettrotecnica, della tecnologia energetica e dell\u2019informazione aderiscono alla nostra organizzazione indipendente.[\/vc_column_text][vc_column_text css=&#8221;&#8221;]<\/p>\n<h3>Adesioni individuali<\/h3>\n<p>La nostra rete unica di esperti riunisce pi\u00f9 di 4800 professionisti, dai professionisti agli ingegneri, dagli studenti agli scienziati. Inoltre, pi\u00f9 di 2600 aziende dei settori elettrico, energetico e informatico sono membri della nostra organizzazione professionale indipendente e neutrale.[\/vc_column_text]<div class=\"wpb_button_column wpb_content_element wpb_content_element--left\"><div class=\"wpb_wrapper\"><div class=\"button button--normal\"><a href=\"https:\/\/www.electrosuisse.ch\/it\/adesioni-individuali\/\" target=\"_blank\" >Adesioni individuali<\/a><\/div><\/div><\/div>[vc_column_text]<\/p>\n<h3>Adesioni aziendali<\/h3>\n<p>I membri aziendali possono partecipare esclusivamente alla standardizzazione elettrotecnica. In oltre 90 comitati tecnici, influenzano le innovazioni a livello nazionale e internazionale insieme ad altri rappresentanti dell&#8217;industria. Inoltre, offriamo pubblicit\u00e0 a tariffe preferenziali nella nostra rivista specializzata, tariffe ridotte per gli eventi e altri vantaggi.[\/vc_column_text]<div class=\"wpb_button_column wpb_content_element wpb_content_element--left\"><div class=\"wpb_wrapper\"><div class=\"button button--normal\"><a href=\"https:\/\/www.electrosuisse.ch\/it\/adesioni-aziendali\/\" target=\"_blank\" >Adesioni aziendali<\/a><\/div><\/div><\/div>[\/vc_column][\/vc_row][vc_row el_id=&#8221;nachwuchs&#8221;][vc_column][vc_column_text]<\/p>\n<h3>Promozione delle giovani leve<\/h3>\n<p>TechTalents \u00e8 il programma dedicato agli studenti dei politecnici, delle scuole universitarie professionali e delle scuole specializzate superiori. L\u2019obiettivo \u00e8 quello di fornire loro il trait d\u2019union fra teoria e pratica. L\u2019offerta \u00e8 gratuita e l\u2019iscrizione non vincolante. Una volta conclusi gli studi questo servizio termina automaticamente.[\/vc_column_text]<div class=\"wpb_button_column wpb_content_element wpb_content_element--left\"><div class=\"wpb_wrapper\"><div class=\"button button--normal\"><a href=\"https:\/\/my.electrosuisse.ch\/de\/register.htm?origin=KPMTGLSTUD\">Diventa ora un TechTalent<\/a><\/div><\/div><\/div>[\/vc_column][\/vc_row][vc_row][vc_column][vc_row_inner][vc_column_inner width=&#8221;1\/2&#8243;]<div class=\"wpb_video_column wpb_content_element\"><div class=\"wpb_wrapper\"><div class=\"video_container video_container--embed\"><iframe src=\"https:\/\/www.youtube-nocookie.com\/embed\/Po6c_Mtmvs4?modestbranding=1&rel=0&showinfo=0&enablejsapi=1\" frameborder=\"0\" allow=\"accelerometer; autoplay; encrypted-media; gyroscope; picture-in-picture\" allowfullscreen><\/iframe><\/div><\/div><\/div>[\/vc_column_inner][vc_column_inner width=&#8221;1\/2&#8243;]<div class=\"wpb_video_column wpb_content_element\"><div class=\"wpb_wrapper\"><div class=\"video_container video_container--embed\"><iframe src=\"https:\/\/www.youtube-nocookie.com\/embed\/_MwDj73qUCE?modestbranding=1&rel=0&showinfo=0&enablejsapi=1\" frameborder=\"0\" allow=\"accelerometer; autoplay; encrypted-media; gyroscope; picture-in-picture\" allowfullscreen><\/iframe><\/div><\/div><\/div>[\/vc_column_inner][\/vc_row_inner][\/vc_column][\/vc_row][vc_row el_id=&#8221;kontakt&#8221;][vc_column][vc_column_text]<\/p>\n<h2>Contatto<\/h2>\n<p>[\/vc_column_text]<div class=\"wpb_contact_column wpb_content_element wpb_content_element--\"><div class=\"wpb_wrapper\"><div class=\"contact_container\"><div class=\"contact row middle-xs\"><div class=\"contact__img col-sm-5 col-xs-12\"><img decoding=\"async\" src=\"\/wp-content\/themes\/SCHMUCKI_child\/img\/contact_placeholder.jpg\" alt=\"Servizio membri\" \/><\/div><div class=\"contact__info col-sm-7 col-xs-12\"><p><b>Servizio membri<\/b><br><\/p><div class=\"phone has-link\"><a href=\"tel:+41585951155\">+41 58 595 11 55<\/a><\/div><div class=\"mail has-link\"><a href=\"mailto:v&#101;&#114;&#x62;&#x61;&#x6e;d&#64;&#101;&#x6c;&#x65;&#x63;tr&#111;&#x73;&#x75;&#x69;ss&#101;&#46;&#x63;&#x68;\">&#118;&#x65;&#114;&#x62;&#97;&#x6e;&#100;&#x40;&#101;&#x6c;&#101;&#x63;&#116;&#x72;&#111;&#x73;&#117;&#x69;&#115;&#x73;&#101;&#x2e;&#99;&#x68;<\/a><\/div><\/div><\/div><\/div><\/div><\/div>[\/vc_column][\/vc_row]<\/p>\n<\/div>","protected":false},"excerpt":{"rendered":"<p>[vc_row][vc_column][vc_column_text css=&#8221;&#8221; el_class=&#8221;lead&#8221;] Dal settore per il settore &#8211; dal 1889 La nostra rete di esperti, unica nel suo genere, include circa 4800 specialisti, dagli operatori del settore agli ingegneri, dagli studenti agli scienziati. Inoltre circa 2600 aziende operanti nel campo dell\u2019elettrotecnica, della tecnologia energetica e dell\u2019informazione aderiscono alla nostra organizzazione indipendente.[\/vc_column_text][vc_column_text css=&#8221;&#8221;] Adesioni individuali [&hellip;]<\/p>\n","protected":false},"author":6,"featured_media":0,"parent":0,"menu_order":109,"comment_status":"closed","ping_status":"closed","template":"","meta":{"_acf_changed":false,"_monsterinsights_skip_tracking":false,"_monsterinsights_sitenote_active":false,"_monsterinsights_sitenote_note":"","_monsterinsights_sitenote_category":0,"footnotes":""},"class_list":["post-19606","page","type-page","status-publish","hentry"],"acf":[],"yoast_head":"<!-- This site is optimized with the Yoast SEO Premium plugin v26.4 (Yoast SEO v27.0) - https:\/\/yoast.com\/product\/yoast-seo-premium-wordpress\/ -->\n<title>Diventare membri dell\u2019associazione professionale Electrosuisse<\/title>\n<meta name=\"description\" content=\"I membri hanno l\u2019opportunit\u00e0 di ricevere informazioni sulle ultime novit\u00e0 e gli eventi, beneficiando inoltre di una rete di esperti del settore della tecnologia elettronica, energetica e dell\u2019informazione.\" \/>\n<meta name=\"robots\" content=\"index, follow, max-snippet:-1, max-image-preview:large, max-video-preview:-1\" \/>\n<link rel=\"canonical\" href=\"https:\/\/www.electrosuisse.ch\/it\/diventare-membro\/\" \/>\n<meta property=\"og:locale\" content=\"it_IT\" \/>\n<meta property=\"og:type\" content=\"article\" \/>\n<meta property=\"og:title\" content=\"Diventare membri dell\u2019associazione professionale Electrosuisse\" \/>\n<meta property=\"og:description\" content=\"I membri hanno l\u2019opportunit\u00e0 di ricevere informazioni sulle ultime novit\u00e0 e gli eventi, beneficiando inoltre di una rete di esperti del settore della tecnologia elettronica, energetica e dell\u2019informazione.\" \/>\n<meta property=\"og:url\" content=\"https:\/\/www.electrosuisse.ch\/it\/diventare-membro\/\" \/>\n<meta property=\"og:site_name\" content=\"Electrosuisse\" \/>\n<meta property=\"article:modified_time\" content=\"2025-12-10T09:52:19+00:00\" \/>\n<meta property=\"og:image\" content=\"https:\/\/www.electrosuisse.ch\/wp-content\/uploads\/2019\/04\/Electrosuisse_Mitgliedschaft_iStock_56897300.jpg\" \/>\n\t<meta property=\"og:image:width\" content=\"1578\" \/>\n\t<meta property=\"og:image:height\" content=\"650\" \/>\n\t<meta property=\"og:image:type\" content=\"image\/jpeg\" \/>\n<script type=\"application\/ld+json\" class=\"yoast-schema-graph\">{\"@context\":\"https:\/\/schema.org\",\"@graph\":[{\"@type\":\"WebPage\",\"@id\":\"https:\/\/www.electrosuisse.ch\/it\/diventare-membro\/\",\"url\":\"https:\/\/www.electrosuisse.ch\/it\/diventare-membro\/\",\"name\":\"Diventare membri dell\u2019associazione professionale Electrosuisse\",\"isPartOf\":{\"@id\":\"https:\/\/www.electrosuisse.ch\/it\/#website\"},\"datePublished\":\"2021-11-17T13:18:58+00:00\",\"dateModified\":\"2025-12-10T09:52:19+00:00\",\"description\":\"I membri hanno l\u2019opportunit\u00e0 di ricevere informazioni sulle ultime novit\u00e0 e gli eventi, beneficiando inoltre di una rete di esperti del settore della tecnologia elettronica, energetica e dell\u2019informazione.\",\"inLanguage\":\"it-IT\",\"potentialAction\":[{\"@type\":\"ReadAction\",\"target\":[\"https:\/\/www.electrosuisse.ch\/it\/diventare-membro\/\"]}]},{\"@type\":\"WebSite\",\"@id\":\"https:\/\/www.electrosuisse.ch\/it\/#website\",\"url\":\"https:\/\/www.electrosuisse.ch\/it\/\",\"name\":\"Electrosuisse\",\"description\":\"\",\"publisher\":{\"@id\":\"https:\/\/www.electrosuisse.ch\/it\/#organization\"},\"potentialAction\":[{\"@type\":\"SearchAction\",\"target\":{\"@type\":\"EntryPoint\",\"urlTemplate\":\"https:\/\/www.electrosuisse.ch\/it\/?s={search_term_string}\"},\"query-input\":{\"@type\":\"PropertyValueSpecification\",\"valueRequired\":true,\"valueName\":\"search_term_string\"}}],\"inLanguage\":\"it-IT\"},{\"@type\":\"Organization\",\"@id\":\"https:\/\/www.electrosuisse.ch\/it\/#organization\",\"name\":\"Electrosuisse\",\"url\":\"https:\/\/www.electrosuisse.ch\/it\/\",\"logo\":{\"@type\":\"ImageObject\",\"inLanguage\":\"it-IT\",\"@id\":\"https:\/\/www.electrosuisse.ch\/it\/#\/schema\/logo\/image\/\",\"url\":\"https:\/\/www.electrosuisse.ch\/wp-content\/uploads\/2025\/04\/Electrosuisse_Logo_696x696.png\",\"contentUrl\":\"https:\/\/www.electrosuisse.ch\/wp-content\/uploads\/2025\/04\/Electrosuisse_Logo_696x696.png\",\"width\":696,\"height\":696,\"caption\":\"Electrosuisse\"},\"image\":{\"@id\":\"https:\/\/www.electrosuisse.ch\/it\/#\/schema\/logo\/image\/\"},\"sameAs\":[\"https:\/\/www.linkedin.com\/company\/electrosuisse-ag\/posts\/?feedView=all\",\"https:\/\/www.instagram.com\/electrosuisse1889\/\",\"https:\/\/www.youtube.com\/channel\/UCoOxohMiVE0Gjcdis1L09zw\"],\"description\":\"Electrosuisse ist eine anerkannte und unabh\u00e4ngige Fachorganisation, die erstklassige Dienstleistungen und Produkte in den Bereichen Inspektion, Beratung, Pr\u00fcfung, Zertifizierung, Normung und Weiterbildung anbietet. Unsere Expertise umfasst Elektrotechnik, Elektromobilit\u00e4t, Energieberatung, Geb\u00e4udeautomation und Photovoltaik in der Schweiz. Durch die Veranstaltung etablierter Branchen-Events und Fachtagungen f\u00f6rdert Electrosuisse den Wissenstransfer und den fachlichen Austausch. Im Mittelpunkt unserer T\u00e4tigkeiten steht die F\u00f6rderung der sicheren, wirtschaftlichen und umweltgerechten Anwendung der Elektrotechnik.\"}]}<\/script>\n<!-- \/ Yoast SEO Premium plugin. -->","yoast_head_json":{"title":"Diventare membri dell\u2019associazione professionale Electrosuisse","description":"I membri hanno l\u2019opportunit\u00e0 di ricevere informazioni sulle ultime novit\u00e0 e gli eventi, beneficiando inoltre di una rete di esperti del settore della tecnologia elettronica, energetica e dell\u2019informazione.","robots":{"index":"index","follow":"follow","max-snippet":"max-snippet:-1","max-image-preview":"max-image-preview:large","max-video-preview":"max-video-preview:-1"},"canonical":"https:\/\/www.electrosuisse.ch\/it\/diventare-membro\/","og_locale":"it_IT","og_type":"article","og_title":"Diventare membri dell\u2019associazione professionale Electrosuisse","og_description":"I membri hanno l\u2019opportunit\u00e0 di ricevere informazioni sulle ultime novit\u00e0 e gli eventi, beneficiando inoltre di una rete di esperti del settore della tecnologia elettronica, energetica e dell\u2019informazione.","og_url":"https:\/\/www.electrosuisse.ch\/it\/diventare-membro\/","og_site_name":"Electrosuisse","article_modified_time":"2025-12-10T09:52:19+00:00","og_image":[{"width":1578,"height":650,"url":"https:\/\/www.electrosuisse.ch\/wp-content\/uploads\/2019\/04\/Electrosuisse_Mitgliedschaft_iStock_56897300.jpg","type":"image\/jpeg"}],"schema":{"@context":"https:\/\/schema.org","@graph":[{"@type":"WebPage","@id":"https:\/\/www.electrosuisse.ch\/it\/diventare-membro\/","url":"https:\/\/www.electrosuisse.ch\/it\/diventare-membro\/","name":"Diventare membri dell\u2019associazione professionale Electrosuisse","isPartOf":{"@id":"https:\/\/www.electrosuisse.ch\/it\/#website"},"datePublished":"2021-11-17T13:18:58+00:00","dateModified":"2025-12-10T09:52:19+00:00","description":"I membri hanno l\u2019opportunit\u00e0 di ricevere informazioni sulle ultime novit\u00e0 e gli eventi, beneficiando inoltre di una rete di esperti del settore della tecnologia elettronica, energetica e dell\u2019informazione.","inLanguage":"it-IT","potentialAction":[{"@type":"ReadAction","target":["https:\/\/www.electrosuisse.ch\/it\/diventare-membro\/"]}]},{"@type":"WebSite","@id":"https:\/\/www.electrosuisse.ch\/it\/#website","url":"https:\/\/www.electrosuisse.ch\/it\/","name":"Electrosuisse","description":"","publisher":{"@id":"https:\/\/www.electrosuisse.ch\/it\/#organization"},"potentialAction":[{"@type":"SearchAction","target":{"@type":"EntryPoint","urlTemplate":"https:\/\/www.electrosuisse.ch\/it\/?s={search_term_string}"},"query-input":{"@type":"PropertyValueSpecification","valueRequired":true,"valueName":"search_term_string"}}],"inLanguage":"it-IT"},{"@type":"Organization","@id":"https:\/\/www.electrosuisse.ch\/it\/#organization","name":"Electrosuisse","url":"https:\/\/www.electrosuisse.ch\/it\/","logo":{"@type":"ImageObject","inLanguage":"it-IT","@id":"https:\/\/www.electrosuisse.ch\/it\/#\/schema\/logo\/image\/","url":"https:\/\/www.electrosuisse.ch\/wp-content\/uploads\/2025\/04\/Electrosuisse_Logo_696x696.png","contentUrl":"https:\/\/www.electrosuisse.ch\/wp-content\/uploads\/2025\/04\/Electrosuisse_Logo_696x696.png","width":696,"height":696,"caption":"Electrosuisse"},"image":{"@id":"https:\/\/www.electrosuisse.ch\/it\/#\/schema\/logo\/image\/"},"sameAs":["https:\/\/www.linkedin.com\/company\/electrosuisse-ag\/posts\/?feedView=all","https:\/\/www.instagram.com\/electrosuisse1889\/","https:\/\/www.youtube.com\/channel\/UCoOxohMiVE0Gjcdis1L09zw"],"description":"Electrosuisse ist eine anerkannte und unabh\u00e4ngige Fachorganisation, die erstklassige Dienstleistungen und Produkte in den Bereichen Inspektion, Beratung, Pr\u00fcfung, Zertifizierung, Normung und Weiterbildung anbietet. Unsere Expertise umfasst Elektrotechnik, Elektromobilit\u00e4t, Energieberatung, Geb\u00e4udeautomation und Photovoltaik in der Schweiz. Durch die Veranstaltung etablierter Branchen-Events und Fachtagungen f\u00f6rdert Electrosuisse den Wissenstransfer und den fachlichen Austausch. Im Mittelpunkt unserer T\u00e4tigkeiten steht die F\u00f6rderung der sicheren, wirtschaftlichen und umweltgerechten Anwendung der Elektrotechnik."}]}},"amp_enabled":true,"_links":{"self":[{"href":"https:\/\/www.electrosuisse.ch\/it\/wp-json\/wp\/v2\/pages\/19606","targetHints":{"allow":["GET"]}}],"collection":[{"href":"https:\/\/www.electrosuisse.ch\/it\/wp-json\/wp\/v2\/pages"}],"about":[{"href":"https:\/\/www.electrosuisse.ch\/it\/wp-json\/wp\/v2\/types\/page"}],"author":[{"embeddable":true,"href":"https:\/\/www.electrosuisse.ch\/it\/wp-json\/wp\/v2\/users\/6"}],"replies":[{"embeddable":true,"href":"https:\/\/www.electrosuisse.ch\/it\/wp-json\/wp\/v2\/comments?post=19606"}],"version-history":[{"count":5,"href":"https:\/\/www.electrosuisse.ch\/it\/wp-json\/wp\/v2\/pages\/19606\/revisions"}],"predecessor-version":[{"id":40660,"href":"https:\/\/www.electrosuisse.ch\/it\/wp-json\/wp\/v2\/pages\/19606\/revisions\/40660"}],"wp:attachment":[{"href":"https:\/\/www.electrosuisse.ch\/it\/wp-json\/wp\/v2\/media?parent=19606"}],"curies":[{"name":"wp","href":"https:\/\/api.w.org\/{rel}","templated":true}]}}