{"id":15065,"date":"2021-01-08T10:50:31","date_gmt":"2021-01-08T09:50:31","guid":{"rendered":"https:\/\/www.electrosuisse.ch\/normungsantrag\/"},"modified":"2022-12-08T09:37:09","modified_gmt":"2022-12-08T08:37:09","slug":"domanda_di_uno_standard","status":"publish","type":"page","link":"https:\/\/www.electrosuisse.ch\/it\/perche-normazione\/domanda_di_uno_standard\/","title":{"rendered":"Normungsantrag IT"},"content":{"rendered":"<div class=\"wpb-content-wrapper\"><p>[vc_row][vc_column][vc_column_text]<\/p>\n<h1>Domanda di creazione o revisione di uno standard<\/h1>\n<p>[\/vc_column_text][vc_column_text]Electrosuisse supporta lo sviluppo di documenti nel campo della standardizzazione elettrotecnica &#8211; dall&#8217;idea a un SN, SNR o SNG fino alla pubblicazione del documento. Se desideri avviare un progetto per sviluppare un nuovo standard e \/ o rivedere un documento esistente, utilizza il modulo seguente. La domanda verr\u00e0 esaminata attentamente dagli organi o dal comitato responsabile. Ti informeremo quindi dell&#8217;ulteriore procedura. [\/vc_column_text][vc_column_text]<strong>In caso di revisione, \u00e8 necessario fornire il numero di riferimento associato.<\/strong>[\/vc_column_text]<div class=\"wpb_form_column wpb_content_element\"><div class=\"wpb_wrapper test\"><div id=\"quform-3e6839\" class=\"quform quform-40 quform-support-page-caching\"><form id=\"quform-form-3e6839\" class=\"quform-form quform-form-40\" action=\"\/it\/wp-json\/wp\/v2\/pages\/15065#quform-3e6839\" method=\"post\" enctype=\"multipart\/form-data\" novalidate=\"novalidate\" data-options=\"{&quot;id&quot;:40,&quot;uniqueId&quot;:&quot;3e6839&quot;,&quot;theme&quot;:&quot;&quot;,&quot;ajax&quot;:true,&quot;logic&quot;:{&quot;logic&quot;:[],&quot;dependents&quot;:[],&quot;elementIds&quot;:[],&quot;dependentElementIds&quot;:[],&quot;animate&quot;:true},&quot;currentPageId&quot;:1,&quot;errorsIcon&quot;:&quot;&quot;,&quot;updateFancybox&quot;:true,&quot;hasPages&quot;:false,&quot;pages&quot;:[1],&quot;pageProgressType&quot;:&quot;numbers&quot;,&quot;tooltipsEnabled&quot;:true,&quot;tooltipClasses&quot;:&quot;qtip-quform-dark qtip-shadow&quot;,&quot;tooltipMy&quot;:&quot;left center&quot;,&quot;tooltipAt&quot;:&quot;right center&quot;,&quot;isRtl&quot;:false,&quot;scrollOffset&quot;:-50,&quot;scrollSpeed&quot;:800}\"><button class=\"quform-default-submit\" name=\"quform_submit\" type=\"submit\" value=\"submit\" aria-hidden=\"true\" tabindex=\"-1\"><\/button><div class=\"quform-form-inner quform-form-inner-40\"><input type=\"hidden\" name=\"quform_form_id\" value=\"40\" \/><input type=\"hidden\" name=\"quform_form_uid\" value=\"3e6839\" \/><input type=\"hidden\" name=\"quform_count\" value=\"1\" \/><input type=\"hidden\" name=\"form_url\" value=\"https:\/\/www.electrosuisse.ch\/it\/wp-json\/wp\/v2\/pages\/15065\" \/><input type=\"hidden\" name=\"referring_url\" value=\"\" \/><input type=\"hidden\" name=\"post_id\" value=\"\" \/><input type=\"hidden\" name=\"post_title\" value=\"\" \/><input type=\"hidden\" name=\"quform_current_page_id\" value=\"1\" \/><input type=\"hidden\" name=\"quform_loaded\" value=\"1776318317|7f797dda0c43faf67c12f3f554d46ea5\" \/><input type=\"hidden\" name=\"quform_csrf_token\" value=\"bHrH7aTUGgMQw6YfHxjV8VuV0wKJULIXnVE6Ool3\" \/><div class=\"quform-elements quform-elements-40 quform-cf quform-responsive-elements-phone-landscape\"><div class=\"quform-element quform-element-page quform-page-1 quform-page-40_1 quform-cf quform-group-style-plain quform-first-page quform-last-page quform-current-page\"><div class=\"quform-child-elements\"><div class=\"quform-element quform-element-textarea quform-element-40_587050 quform-sr-only quform-cf\" style=\"clip: rect(1px, 1px, 1px, 1px); clip-path: inset(50%); position: absolute !important; height: 1px; width: 1px; overflow: hidden;\"><div class=\"quform-spacer\"><div class=\"quform-label quform-label-40_587050\"><label class=\"quform-label-text\" for=\"quform_40_587050_3e6839\">Email<span class=\"quform-required\">*<\/span><\/label><\/div><div class=\"quform-inner quform-inner-40_587050\"><textarea id=\"quform_40_587050_3e6839\" name=\"quform_40_587050\" class=\"quform-field quform-field-textarea quform-field-40_587050\" tabindex=\"-1\" autocomplete=\"new-password\"><\/textarea><\/div><\/div><\/div><div class=\"quform-element quform-element-select quform-element-40_18 quform-cf quform-element-required\"><div class=\"quform-spacer\"><div class=\"quform-label quform-label-40_18\"><label class=\"quform-label-text\" for=\"quform_40_18_3e6839\">Intestazione<span class=\"quform-required\">*<\/span><\/label><\/div><div class=\"quform-inner quform-inner-select quform-inner-40_18\"><div class=\"quform-input quform-input-select quform-input-40_18 quform-cf\"><select id=\"quform_40_18_3e6839\" name=\"quform_40_18\" class=\"quform-field quform-field-select quform-field-40_18 quform-field-select-enhanced\" data-options=\"{&quot;rtl&quot;:false,&quot;search&quot;:false,&quot;noResultsFound&quot;:&quot;Nessun risultato trovato.&quot;}\" style=\"width: 100%;\"><option value=\"\" selected=\"selected\">Si prega di selezionare<\/option><option value=\"Herr\">Signore<\/option><option value=\"Frau\">Signora<\/option><\/select><\/div><\/div><\/div><\/div><div class=\"quform-element quform-element-group quform-element-40_14 quform-cf quform-group-style-plain\"><div class=\"quform-spacer\"><div class=\"quform-child-elements\"><div class=\"quform-element quform-element-text quform-element-40_4 quform-cf quform-labels-inside quform-element-required\"><div class=\"quform-spacer\"><div class=\"quform-label quform-label-40_4\"><label class=\"quform-label-text\" for=\"quform_40_4_3e6839\">Cognome<span class=\"quform-required\">*<\/span><\/label><\/div><div class=\"quform-inner quform-inner-text quform-inner-40_4\"><div class=\"quform-input quform-input-text quform-input-40_4 quform-cf\"><input type=\"text\" id=\"quform_40_4_3e6839\" name=\"quform_40_4\" class=\"quform-field quform-field-text quform-field-40_4\" \/><\/div><\/div><\/div><\/div><div class=\"quform-element quform-element-text quform-element-40_5 quform-cf quform-labels-inside quform-element-required\"><div class=\"quform-spacer\"><div class=\"quform-label quform-label-40_5\"><label class=\"quform-label-text\" for=\"quform_40_5_3e6839\">Nome<span class=\"quform-required\">*<\/span><\/label><\/div><div class=\"quform-inner quform-inner-text quform-inner-40_5\"><div class=\"quform-input quform-input-text quform-input-40_5 quform-cf\"><input type=\"text\" id=\"quform_40_5_3e6839\" name=\"quform_40_5\" class=\"quform-field quform-field-text quform-field-40_5\" \/><\/div><\/div><\/div><\/div><\/div><\/div><\/div><div class=\"quform-element quform-element-text quform-element-40_6 quform-cf quform-labels-inside quform-element-optional\"><div class=\"quform-spacer\"><div class=\"quform-label quform-label-40_6\"><label class=\"quform-label-text\" for=\"quform_40_6_3e6839\">Impresa<\/label><\/div><div class=\"quform-inner quform-inner-text quform-inner-40_6\"><div class=\"quform-input quform-input-text quform-input-40_6 quform-cf\"><input type=\"text\" id=\"quform_40_6_3e6839\" name=\"quform_40_6\" class=\"quform-field quform-field-text quform-field-40_6\" \/><\/div><\/div><\/div><\/div><div class=\"quform-element quform-element-group quform-element-40_15 quform-cf quform-group-style-plain\"><div class=\"quform-spacer\"><div class=\"quform-child-elements\"><div class=\"quform-element quform-element-email quform-element-40_11 quform-cf quform-labels-inside quform-element-required\"><div class=\"quform-spacer\"><div class=\"quform-label quform-label-40_11\"><label class=\"quform-label-text\" for=\"quform_40_11_3e6839\">E-Mail<span class=\"quform-required\">*<\/span><\/label><\/div><div class=\"quform-inner quform-inner-email quform-inner-40_11\"><div class=\"quform-input quform-input-email quform-input-40_11 quform-cf\"><input type=\"email\" id=\"quform_40_11_3e6839\" name=\"quform_40_11\" class=\"quform-field quform-field-email quform-field-40_11\" \/><\/div><\/div><\/div><\/div><div class=\"quform-element quform-element-text quform-element-40_10 quform-cf quform-labels-inside quform-element-required\"><div class=\"quform-spacer\"><div class=\"quform-label quform-label-40_10\"><label class=\"quform-label-text\" for=\"quform_40_10_3e6839\">Telefono<span class=\"quform-required\">*<\/span><\/label><\/div><div class=\"quform-inner quform-inner-text quform-inner-40_10\"><div class=\"quform-input quform-input-text quform-input-40_10 quform-cf\"><input type=\"text\" id=\"quform_40_10_3e6839\" name=\"quform_40_10\" class=\"quform-field quform-field-text quform-field-40_10\" \/><\/div><\/div><\/div><\/div><\/div><\/div><\/div><div class=\"quform-element quform-element-textarea quform-element-40_13 quform-cf quform-labels-inside quform-element-optional\"><div class=\"quform-spacer\"><div class=\"quform-label quform-label-40_13\"><label class=\"quform-label-text\" for=\"quform_40_13_3e6839\">Titolo provvisorio proposto (nuovo progetto)<\/label><\/div><div class=\"quform-inner quform-inner-textarea quform-inner-40_13\"><div class=\"quform-input quform-input-textarea quform-input-40_13 quform-cf\"><textarea id=\"quform_40_13_3e6839\" name=\"quform_40_13\" class=\"quform-field quform-field-textarea quform-field-40_13\"><\/textarea><\/div><\/div><\/div><\/div><div class=\"quform-element quform-element-text quform-element-40_32 quform-cf quform-labels-inside quform-element-optional\"><div class=\"quform-spacer\"><div class=\"quform-label quform-label-40_32\"><label class=\"quform-label-text\" for=\"quform_40_32_3e6839\">Numero di riferimento dello standard<\/label><\/div><div class=\"quform-inner quform-inner-text quform-inner-40_32\"><div class=\"quform-input quform-input-text quform-input-40_32 quform-cf\"><input type=\"text\" id=\"quform_40_32_3e6839\" name=\"quform_40_32\" class=\"quform-field quform-field-text quform-field-40_32\" \/><\/div><\/div><\/div><\/div><div class=\"quform-element quform-element-textarea quform-element-40_30 quform-cf quform-labels-inside quform-element-required\"><div class=\"quform-spacer\"><div class=\"quform-label quform-label-40_30\"><label class=\"quform-label-text\" for=\"quform_40_30_3e6839\">Ambito di applicazione dello standard (dove e con chi?)<span class=\"quform-required\">*<\/span><\/label><\/div><div class=\"quform-inner quform-inner-textarea quform-inner-40_30\"><div class=\"quform-input quform-input-textarea quform-input-40_30 quform-cf\"><textarea id=\"quform_40_30_3e6839\" name=\"quform_40_30\" class=\"quform-field quform-field-textarea quform-field-40_30\"><\/textarea><\/div><\/div><\/div><\/div><div class=\"quform-element quform-element-file quform-element-40_34 quform-cf quform-element-optional\"><div class=\"quform-spacer\"><div class=\"quform-label quform-label-40_34\"><label class=\"quform-label-text\" for=\"quform_40_34_3e6839\">Upload<\/label><\/div><div class=\"quform-inner quform-inner-file quform-inner-40_34\"><div class=\"quform-input quform-input-file quform-input-40_34 quform-cf quform-button-style-theme\"><input type=\"file\" id=\"quform_40_34_3e6839\" name=\"quform_40_34[]\" class=\"quform-field quform-field-file quform-field-40_34 quform-field-file-enhanced\" data-config=\"{&quot;id&quot;:34,&quot;identifier&quot;:&quot;40_34&quot;,&quot;name&quot;:&quot;quform_40_34&quot;,&quot;max&quot;:1,&quot;size&quot;:10485760,&quot;allowedExtensions&quot;:[&quot;jpg&quot;,&quot;jpeg&quot;,&quot;png&quot;,&quot;gif&quot;,&quot;pdf&quot;],&quot;notAllowedTypeWithFilename&quot;:&quot;File type of &#039;%filename%&#039; is not allowed&quot;,&quot;tooBigWithFilename&quot;:&quot;Il file &#039;%filename%&#039; supera la dimensione massima consentita per il file&quot;,&quot;tooMany&quot;:&quot;Non puoi caricare pi\\u00f9 di %max% file&quot;,&quot;buttonType&quot;:&quot;button&quot;,&quot;buttonText&quot;:&quot;Sfoglia ...&quot;,&quot;buttonIcon&quot;:&quot;qicon-file_upload&quot;,&quot;buttonIconPosition&quot;:&quot;right&quot;}\" \/><\/div><\/div><\/div><\/div><div class=\"quform-element quform-element-checkbox quform-element-40_33 quform-cf quform-element-required\"><div class=\"quform-spacer\"><div class=\"quform-label quform-label-40_33\"><label class=\"quform-label-text\" id=\"quform_40_33_3e6839_label\">Acconsento alla memorizzazione e al trattamento dei miei dati da parte di Electrosuisse. <span class=\"quform-required\">*<\/span><\/label><\/div><div class=\"quform-inner quform-inner-checkbox quform-inner-40_33\"><div class=\"quform-input quform-input-checkbox quform-input-40_33 quform-cf\"><div class=\"quform-options quform-cf quform-options-block quform-options-simple\" role=\"group\" aria-labelledby=\"quform_40_33_3e6839_label\"><div class=\"quform-option\"><input type=\"checkbox\" name=\"quform_40_33[]\" id=\"quform_40_33_3e6839_1\" class=\"quform-field quform-field-checkbox quform-field-40_33 quform-field-40_33_1\" value=\"Si\" \/><label for=\"quform_40_33_3e6839_1\" class=\"quform-option-label quform-option-label-40_33_1\"><span class=\"quform-option-text\">Si<\/span><\/label><\/div><\/div><\/div><\/div><\/div><\/div><div class=\"quform-element quform-element-submit quform-element-40_2 quform-cf quform-button-style-theme\"><div class=\"quform-button-submit quform-button-submit-default quform-button-submit-40_2\"><button name=\"quform_submit\" type=\"submit\" class=\"quform-submit\" value=\"submit\"><span class=\"quform-button-text quform-button-submit-text\">Invia<\/span><\/button><\/div><div class=\"quform-loading quform-loading-position-left quform-loading-type-spinner-1\"><div class=\"quform-loading-inner\"><div class=\"quform-loading-spinner\"><div class=\"quform-loading-spinner-inner\"><\/div><\/div><\/div><\/div><\/div><\/div><\/div><\/div><div class=\"quform-upload-progress-wrap\"><div class=\"quform-upload-progress-bar-wrap\"><div class=\"quform-upload-progress-bar\"><\/div><\/div><div class=\"quform-upload-info quform-cf\"><div class=\"quform-upload-filename\"><\/div><\/div><\/div><\/div><\/form><\/div><\/div><\/div>[vc_column_text]Acconsento alla memorizzazione e al trattamento dei miei dati da parte di Electrosuisse. I tuoi dati personali saranno trattati da Electrosuisse ai fini della tua richiesta nel quadro delle leggi sulla protezione dei dati applicabili e archiviati in conformit\u00e0 con la legge applicabile ecc., Per i dettagli vedere <a href=\"https:\/\/www.electrosuisse.ch\/it\/informativa-sulla-protezione-dei-dati\/\" target=\"_blank\" rel=\"noopener\">\u00abInformativa sulla protezione dei dati\u00bb<\/a>.[\/vc_column_text][\/vc_column][\/vc_row]<\/p>\n<\/div>","protected":false},"excerpt":{"rendered":"<p>[vc_row][vc_column][vc_column_text] Domanda di creazione o revisione di uno standard [\/vc_column_text][vc_column_text]Electrosuisse supporta lo sviluppo di documenti nel campo della standardizzazione elettrotecnica &#8211; dall&#8217;idea a un SN, SNR o SNG fino alla pubblicazione del documento. Se desideri avviare un progetto per sviluppare un nuovo standard e \/ o rivedere un documento esistente, utilizza il modulo seguente. La [&hellip;]<\/p>\n","protected":false},"author":6,"featured_media":0,"parent":3782,"menu_order":164,"comment_status":"closed","ping_status":"closed","template":"","meta":{"_acf_changed":false,"_monsterinsights_skip_tracking":false,"_monsterinsights_sitenote_active":false,"_monsterinsights_sitenote_note":"","_monsterinsights_sitenote_category":0,"footnotes":""},"class_list":["post-15065","page","type-page","status-publish","hentry"],"acf":[],"yoast_head":"<!-- This site is optimized with the Yoast SEO Premium plugin v26.4 (Yoast SEO v27.0) - https:\/\/yoast.com\/product\/yoast-seo-premium-wordpress\/ -->\n<title>Normungsantrag IT - Electrosuisse<\/title>\n<meta name=\"robots\" content=\"index, follow, max-snippet:-1, max-image-preview:large, max-video-preview:-1\" \/>\n<link rel=\"canonical\" href=\"https:\/\/www.electrosuisse.ch\/it\/perche-normazione\/domanda_di_uno_standard\/\" \/>\n<meta property=\"og:locale\" content=\"it_IT\" \/>\n<meta property=\"og:type\" content=\"article\" \/>\n<meta property=\"og:title\" content=\"Normungsantrag IT - Electrosuisse\" \/>\n<meta property=\"og:description\" content=\"[vc_row][vc_column][vc_column_text] Domanda di creazione o revisione di uno standard [\/vc_column_text][vc_column_text]Electrosuisse supporta lo sviluppo di documenti nel campo della standardizzazione elettrotecnica &#8211; dall&#8217;idea a un SN, SNR o SNG fino alla pubblicazione del documento. Se desideri avviare un progetto per sviluppare un nuovo standard e \/ o rivedere un documento esistente, utilizza il modulo seguente. La [&hellip;]\" \/>\n<meta property=\"og:url\" content=\"https:\/\/www.electrosuisse.ch\/it\/perche-normazione\/domanda_di_uno_standard\/\" \/>\n<meta property=\"og:site_name\" content=\"Electrosuisse\" \/>\n<meta property=\"article:modified_time\" content=\"2022-12-08T08:37:09+00:00\" \/>\n<meta property=\"og:image\" content=\"https:\/\/www.electrosuisse.ch\/wp-content\/uploads\/2022\/12\/Electrosuisse_Ueber_uns_1578x650.jpg\" \/>\n\t<meta property=\"og:image:width\" content=\"1578\" \/>\n\t<meta property=\"og:image:height\" content=\"650\" \/>\n\t<meta property=\"og:image:type\" content=\"image\/jpeg\" \/>\n<script type=\"application\/ld+json\" class=\"yoast-schema-graph\">{\"@context\":\"https:\/\/schema.org\",\"@graph\":[{\"@type\":\"WebPage\",\"@id\":\"https:\/\/www.electrosuisse.ch\/it\/perche-normazione\/domanda_di_uno_standard\/\",\"url\":\"https:\/\/www.electrosuisse.ch\/it\/perche-normazione\/domanda_di_uno_standard\/\",\"name\":\"Normungsantrag IT - Electrosuisse\",\"isPartOf\":{\"@id\":\"https:\/\/www.electrosuisse.ch\/it\/#website\"},\"datePublished\":\"2021-01-08T09:50:31+00:00\",\"dateModified\":\"2022-12-08T08:37:09+00:00\",\"breadcrumb\":{\"@id\":\"https:\/\/www.electrosuisse.ch\/it\/perche-normazione\/domanda_di_uno_standard\/#breadcrumb\"},\"inLanguage\":\"it-IT\",\"potentialAction\":[{\"@type\":\"ReadAction\",\"target\":[\"https:\/\/www.electrosuisse.ch\/it\/perche-normazione\/domanda_di_uno_standard\/\"]}]},{\"@type\":\"BreadcrumbList\",\"@id\":\"https:\/\/www.electrosuisse.ch\/it\/perche-normazione\/domanda_di_uno_standard\/#breadcrumb\",\"itemListElement\":[{\"@type\":\"ListItem\",\"position\":1,\"name\":\"Normazione\",\"item\":\"https:\/\/www.electrosuisse.ch\/it\/perche-normazione\/\"},{\"@type\":\"ListItem\",\"position\":2,\"name\":\"Normungsantrag IT\"}]},{\"@type\":\"WebSite\",\"@id\":\"https:\/\/www.electrosuisse.ch\/it\/#website\",\"url\":\"https:\/\/www.electrosuisse.ch\/it\/\",\"name\":\"Electrosuisse\",\"description\":\"\",\"publisher\":{\"@id\":\"https:\/\/www.electrosuisse.ch\/it\/#organization\"},\"potentialAction\":[{\"@type\":\"SearchAction\",\"target\":{\"@type\":\"EntryPoint\",\"urlTemplate\":\"https:\/\/www.electrosuisse.ch\/it\/?s={search_term_string}\"},\"query-input\":{\"@type\":\"PropertyValueSpecification\",\"valueRequired\":true,\"valueName\":\"search_term_string\"}}],\"inLanguage\":\"it-IT\"},{\"@type\":\"Organization\",\"@id\":\"https:\/\/www.electrosuisse.ch\/it\/#organization\",\"name\":\"Electrosuisse\",\"url\":\"https:\/\/www.electrosuisse.ch\/it\/\",\"logo\":{\"@type\":\"ImageObject\",\"inLanguage\":\"it-IT\",\"@id\":\"https:\/\/www.electrosuisse.ch\/it\/#\/schema\/logo\/image\/\",\"url\":\"https:\/\/www.electrosuisse.ch\/wp-content\/uploads\/2025\/04\/Electrosuisse_Logo_696x696.png\",\"contentUrl\":\"https:\/\/www.electrosuisse.ch\/wp-content\/uploads\/2025\/04\/Electrosuisse_Logo_696x696.png\",\"width\":696,\"height\":696,\"caption\":\"Electrosuisse\"},\"image\":{\"@id\":\"https:\/\/www.electrosuisse.ch\/it\/#\/schema\/logo\/image\/\"},\"sameAs\":[\"https:\/\/www.linkedin.com\/company\/electrosuisse-ag\/posts\/?feedView=all\",\"https:\/\/www.instagram.com\/electrosuisse1889\/\",\"https:\/\/www.youtube.com\/channel\/UCoOxohMiVE0Gjcdis1L09zw\"],\"description\":\"Electrosuisse ist eine anerkannte und unabh\u00e4ngige Fachorganisation, die erstklassige Dienstleistungen und Produkte in den Bereichen Inspektion, Beratung, Pr\u00fcfung, Zertifizierung, Normung und Weiterbildung anbietet. Unsere Expertise umfasst Elektrotechnik, Elektromobilit\u00e4t, Energieberatung, Geb\u00e4udeautomation und Photovoltaik in der Schweiz. Durch die Veranstaltung etablierter Branchen-Events und Fachtagungen f\u00f6rdert Electrosuisse den Wissenstransfer und den fachlichen Austausch. Im Mittelpunkt unserer T\u00e4tigkeiten steht die F\u00f6rderung der sicheren, wirtschaftlichen und umweltgerechten Anwendung der Elektrotechnik.\"}]}<\/script>\n<!-- \/ Yoast SEO Premium plugin. -->","yoast_head_json":{"title":"Normungsantrag IT - Electrosuisse","robots":{"index":"index","follow":"follow","max-snippet":"max-snippet:-1","max-image-preview":"max-image-preview:large","max-video-preview":"max-video-preview:-1"},"canonical":"https:\/\/www.electrosuisse.ch\/it\/perche-normazione\/domanda_di_uno_standard\/","og_locale":"it_IT","og_type":"article","og_title":"Normungsantrag IT - Electrosuisse","og_description":"[vc_row][vc_column][vc_column_text] Domanda di creazione o revisione di uno standard [\/vc_column_text][vc_column_text]Electrosuisse supporta lo sviluppo di documenti nel campo della standardizzazione elettrotecnica &#8211; dall&#8217;idea a un SN, SNR o SNG fino alla pubblicazione del documento. Se desideri avviare un progetto per sviluppare un nuovo standard e \/ o rivedere un documento esistente, utilizza il modulo seguente. La [&hellip;]","og_url":"https:\/\/www.electrosuisse.ch\/it\/perche-normazione\/domanda_di_uno_standard\/","og_site_name":"Electrosuisse","article_modified_time":"2022-12-08T08:37:09+00:00","og_image":[{"width":1578,"height":650,"url":"https:\/\/www.electrosuisse.ch\/wp-content\/uploads\/2022\/12\/Electrosuisse_Ueber_uns_1578x650.jpg","type":"image\/jpeg"}],"schema":{"@context":"https:\/\/schema.org","@graph":[{"@type":"WebPage","@id":"https:\/\/www.electrosuisse.ch\/it\/perche-normazione\/domanda_di_uno_standard\/","url":"https:\/\/www.electrosuisse.ch\/it\/perche-normazione\/domanda_di_uno_standard\/","name":"Normungsantrag IT - Electrosuisse","isPartOf":{"@id":"https:\/\/www.electrosuisse.ch\/it\/#website"},"datePublished":"2021-01-08T09:50:31+00:00","dateModified":"2022-12-08T08:37:09+00:00","breadcrumb":{"@id":"https:\/\/www.electrosuisse.ch\/it\/perche-normazione\/domanda_di_uno_standard\/#breadcrumb"},"inLanguage":"it-IT","potentialAction":[{"@type":"ReadAction","target":["https:\/\/www.electrosuisse.ch\/it\/perche-normazione\/domanda_di_uno_standard\/"]}]},{"@type":"BreadcrumbList","@id":"https:\/\/www.electrosuisse.ch\/it\/perche-normazione\/domanda_di_uno_standard\/#breadcrumb","itemListElement":[{"@type":"ListItem","position":1,"name":"Normazione","item":"https:\/\/www.electrosuisse.ch\/it\/perche-normazione\/"},{"@type":"ListItem","position":2,"name":"Normungsantrag IT"}]},{"@type":"WebSite","@id":"https:\/\/www.electrosuisse.ch\/it\/#website","url":"https:\/\/www.electrosuisse.ch\/it\/","name":"Electrosuisse","description":"","publisher":{"@id":"https:\/\/www.electrosuisse.ch\/it\/#organization"},"potentialAction":[{"@type":"SearchAction","target":{"@type":"EntryPoint","urlTemplate":"https:\/\/www.electrosuisse.ch\/it\/?s={search_term_string}"},"query-input":{"@type":"PropertyValueSpecification","valueRequired":true,"valueName":"search_term_string"}}],"inLanguage":"it-IT"},{"@type":"Organization","@id":"https:\/\/www.electrosuisse.ch\/it\/#organization","name":"Electrosuisse","url":"https:\/\/www.electrosuisse.ch\/it\/","logo":{"@type":"ImageObject","inLanguage":"it-IT","@id":"https:\/\/www.electrosuisse.ch\/it\/#\/schema\/logo\/image\/","url":"https:\/\/www.electrosuisse.ch\/wp-content\/uploads\/2025\/04\/Electrosuisse_Logo_696x696.png","contentUrl":"https:\/\/www.electrosuisse.ch\/wp-content\/uploads\/2025\/04\/Electrosuisse_Logo_696x696.png","width":696,"height":696,"caption":"Electrosuisse"},"image":{"@id":"https:\/\/www.electrosuisse.ch\/it\/#\/schema\/logo\/image\/"},"sameAs":["https:\/\/www.linkedin.com\/company\/electrosuisse-ag\/posts\/?feedView=all","https:\/\/www.instagram.com\/electrosuisse1889\/","https:\/\/www.youtube.com\/channel\/UCoOxohMiVE0Gjcdis1L09zw"],"description":"Electrosuisse ist eine anerkannte und unabh\u00e4ngige Fachorganisation, die erstklassige Dienstleistungen und Produkte in den Bereichen Inspektion, Beratung, Pr\u00fcfung, Zertifizierung, Normung und Weiterbildung anbietet. Unsere Expertise umfasst Elektrotechnik, Elektromobilit\u00e4t, Energieberatung, Geb\u00e4udeautomation und Photovoltaik in der Schweiz. Durch die Veranstaltung etablierter Branchen-Events und Fachtagungen f\u00f6rdert Electrosuisse den Wissenstransfer und den fachlichen Austausch. Im Mittelpunkt unserer T\u00e4tigkeiten steht die F\u00f6rderung der sicheren, wirtschaftlichen und umweltgerechten Anwendung der Elektrotechnik."}]}},"amp_enabled":true,"_links":{"self":[{"href":"https:\/\/www.electrosuisse.ch\/it\/wp-json\/wp\/v2\/pages\/15065","targetHints":{"allow":["GET"]}}],"collection":[{"href":"https:\/\/www.electrosuisse.ch\/it\/wp-json\/wp\/v2\/pages"}],"about":[{"href":"https:\/\/www.electrosuisse.ch\/it\/wp-json\/wp\/v2\/types\/page"}],"author":[{"embeddable":true,"href":"https:\/\/www.electrosuisse.ch\/it\/wp-json\/wp\/v2\/users\/6"}],"replies":[{"embeddable":true,"href":"https:\/\/www.electrosuisse.ch\/it\/wp-json\/wp\/v2\/comments?post=15065"}],"version-history":[{"count":0,"href":"https:\/\/www.electrosuisse.ch\/it\/wp-json\/wp\/v2\/pages\/15065\/revisions"}],"up":[{"embeddable":true,"href":"https:\/\/www.electrosuisse.ch\/it\/wp-json\/wp\/v2\/pages\/3782"}],"wp:attachment":[{"href":"https:\/\/www.electrosuisse.ch\/it\/wp-json\/wp\/v2\/media?parent=15065"}],"curies":[{"name":"wp","href":"https:\/\/api.w.org\/{rel}","templated":true}]}}