{"id":12126,"date":"2020-07-16T16:47:20","date_gmt":"2020-07-16T14:47:20","guid":{"rendered":"https:\/\/www.electrosuisse.ch\/?page_id=12126"},"modified":"2026-03-24T12:31:50","modified_gmt":"2026-03-24T11:31:50","slug":"tutti-i-eventi","status":"publish","type":"page","link":"https:\/\/www.electrosuisse.ch\/it\/tutti-i-eventi\/","title":{"rendered":"Tutti i eventi"},"content":{"rendered":"<div class=\"wpb-content-wrapper\"><p>[vc_row][vc_column][vc_column_text el_class=&#8221;lead&#8221;]<\/p>\n<h1>Dove si incontra il settore<\/h1>\n<p><strong>Relatori del settore elettrico e specialisti dell\u2019ambiente di ricerca intervengono e discutono su informazioni scientificamente fondate.<\/strong><\/p>\n<p>I nostri convegni offrono una piattaforma adeguata per uno scambio di idee ed esperienze.[\/vc_column_text][vc_column_text el_class=&#8221;lead&#8221;]<a href=\"https:\/\/www.electrosuisse.ch\/it\/adesioni-individuali\/\" rel=\"noopener noreferrer\">Diventate membri e approfittate della tassa d\u2019iscrizione ridotta.<\/a>[\/vc_column_text]<div class=\"wpb_document_column wpb_content_element\"><div class=\"wpb_wrapper\"><div class=\"document document--pdf\"><a href=\"https:\/\/www.electrosuisse.ch\/wp-content\/uploads\/2025\/12\/Offerta-formativa-2026.pdf\" target=\"_blank\">Offerta formativa 2026<\/a><\/div><\/div><\/div><div class=\"wpb_document_column wpb_content_element\"><div class=\"wpb_wrapper\"><div class=\"document document--pdf\"><a href=\"https:\/\/www.electrosuisse.ch\/wp-content\/uploads\/2025\/07\/Flyer_Veranstaltungen_2026_DE_A5_low.pdf\" target=\"_blank\">Convegni 2026<\/a><\/div><\/div><\/div><div class=\"wpb_document_column wpb_content_element\"><div class=\"wpb_wrapper\"><div class=\"document document--pdf\"><a href=\"https:\/\/www.electrosuisse.ch\/wp-content\/uploads\/2026\/02\/Partnerbroschuere_Portfolio_2026_FINAL_V3.pdf\" target=\"_blank\">Opuscolo per partner ed espositori 2026<\/a><\/div><\/div><\/div><div class=\"wpb_events_column wpb_events_column--tagung wpb_content_element\"><div class=\"wpb_wrapper\"><div class=\"fake_accordion\"><div class=\"row\"><div class=\"col-sm-5\"><img decoding=\"async\" src=\"https:\/\/www.electrosuisse.ch\/wp-content\/uploads\/2019\/04\/Electrosuisse_CIGRE_CIRED_iStock_000079839049_Large-585x345.jpg\" alt=\"CIGRE Switzerland Events\" \/><\/div><div class=\"col-sm-7\"><h3>CIGRE Switzerland Events<\/h3><div class=\"event_details\"><div class=\"event_date\">29 aprile 2026<\/div><div class=\"event_place\">Online<\/div><\/div><div class=\"button button--ghost\"><a href=\"https:\/\/www.electrosuisse.ch\/it\/manifestazioni\/cigre-switzerland-events\/\">Ulteriori informazioni<\/a><\/div><\/div><\/div><\/div><div class=\"fake_accordion\"><div class=\"row\"><div class=\"col-sm-5\"><img decoding=\"async\" src=\"https:\/\/www.electrosuisse.ch\/wp-content\/uploads\/2026\/02\/Electrosuisse_GV_2026_Bild_CKW-Rathausen-585x345.jpg\" alt=\"142a Assemblea g\u00e9n\u00e9rale (ordinaria)\" \/><\/div><div class=\"col-sm-7\"><h3>142a Assemblea g\u00e9n\u00e9rale (ordinaria)<\/h3><div class=\"event_details\"><div class=\"event_date\">7 maggio 2026<\/div><div class=\"event_place\">Emmen &#8211; CKW<\/div><\/div><div class=\"button button--normal button--no-margin\"><a href=\"https:\/\/www.electrosuisse.ch\/fr\/manifestation\/assemblee-generale\/\">All\u2019iscrizione<\/a><\/div><div class=\"button button--ghost\"><a href=\"https:\/\/www.electrosuisse.ch\/fr\/manifestation\/assemblee-generale\/\" target=\"_blank\">Sito web dell\u2019evento<\/a><\/div><\/div><\/div><\/div><div class=\"fake_accordion\"><div class=\"row\"><div class=\"col-sm-5\"><img decoding=\"async\" src=\"https:\/\/www.electrosuisse.ch\/wp-content\/uploads\/2026\/01\/es-schutzausruestung-schrank_DSC2509_vorschaubild-585x345.jpg\" alt=\"Giornata sulle attualit\u00e0 del settore elettrico\" \/><\/div><div class=\"col-sm-7\"><h3>Giornata sulle attualit\u00e0 del settore elettrico<\/h3><div class=\"event_details\"><div class=\"event_date\">9 giugno 2026<\/div><div class=\"event_place\">Locarno - FEVI<\/div><\/div><div class=\"button button--normal button--no-margin\"><a href=\"https:\/\/shop.electrosuisse.ch\/it\/Giornata-sulle-attualita-del-settore-elettrico-474499.html?courseNo=474500\">All\u2019iscrizione<\/a><\/div><div class=\"button button--ghost\"><a href=\"https:\/\/www.electrosuisse.ch\/it\/manifestazioni\/giornata-sulle-attualita-del-settore-elettrico\/\">Ulteriori informazioni<\/a><\/div><\/div><\/div><\/div><div class=\"fake_accordion\"><div class=\"row\"><div class=\"col-sm-5\"><img decoding=\"async\" src=\"https:\/\/www.electrosuisse.ch\/wp-content\/uploads\/2025\/11\/KeyVisual_BE-Tagung-2026_585_345.jpg\" alt=\"Giornata d'informazione per i responsabili ed incaricati dell'esercizio di impianti elettrici\" \/><\/div><div class=\"col-sm-7\"><h3>Giornata d'informazione per i responsabili ed incaricati dell'esercizio di impianti elettrici<\/h3><div class=\"event_details\"><div class=\"event_date\">28 ottobre 2026<\/div><div class=\"event_place\">Lugano - Palazzo dei Congressi<\/div><\/div><div class=\"button button--normal button--no-margin\"><a href=\"https:\/\/shop.electrosuisse.ch\/de\/Giornata-d-informazione-per-i-responsabili-ed-inca-478896.html?courseNo=478897\">All\u2019iscrizione<\/a><\/div><div class=\"button button--ghost\"><a href=\"https:\/\/www.electrosuisse.ch\/it\/manifestazioni\/giornata-dinformazione-per-i-responsabili-ed-incaricati-dellesercizio-di-impianti-elettrici\/\">Ulteriori informazioni<\/a><\/div><\/div><\/div><\/div><\/div><\/div><div class=\"wpb_button_column wpb_content_element wpb_content_element--left\"><div class=\"wpb_wrapper\"><div class=\"button button--normal\"><a href=\"https:\/\/www.electrosuisse.ch\/de\/alle-tagungen\/\" target=\"_blank\" >Altri eventi<\/a><\/div><\/div><\/div>[\/vc_column][\/vc_row]<\/p>\n<\/div>","protected":false},"excerpt":{"rendered":"<p>[vc_row][vc_column][vc_column_text el_class=&#8221;lead&#8221;] Dove si incontra il settore Relatori del settore elettrico e specialisti dell\u2019ambiente di ricerca intervengono e discutono su informazioni scientificamente fondate. I nostri convegni offrono una piattaforma adeguata per uno scambio di idee ed esperienze.[\/vc_column_text][vc_column_text el_class=&#8221;lead&#8221;]Diventate membri e approfittate della tassa d\u2019iscrizione ridotta.[\/vc_column_text][\/vc_column][\/vc_row]<\/p>\n","protected":false},"author":6,"featured_media":0,"parent":0,"menu_order":346,"comment_status":"closed","ping_status":"closed","template":"","meta":{"_acf_changed":false,"_monsterinsights_skip_tracking":false,"_monsterinsights_sitenote_active":false,"_monsterinsights_sitenote_note":"","_monsterinsights_sitenote_category":0,"footnotes":""},"class_list":["post-12126","page","type-page","status-publish","hentry"],"acf":[],"yoast_head":"<!-- This site is optimized with the Yoast SEO Premium plugin v26.4 (Yoast SEO v27.0) - https:\/\/yoast.com\/product\/yoast-seo-premium-wordpress\/ -->\n<title>Electrosuisse: dove si incontra il settore - Electrosuisse<\/title>\n<meta name=\"description\" content=\"I nostri convegni sono la piattaforma ideale per formarsi un&#039;opinione e scambiare esperienze. In qualit\u00e0 di membro di Electrosuisse, potrete inoltre beneficiare di interessanti vantaggi tariffari.\" \/>\n<meta name=\"robots\" content=\"index, follow, max-snippet:-1, max-image-preview:large, max-video-preview:-1\" \/>\n<link rel=\"canonical\" href=\"https:\/\/www.electrosuisse.ch\/it\/tutti-i-eventi\/\" \/>\n<meta property=\"og:locale\" content=\"it_IT\" \/>\n<meta property=\"og:type\" content=\"article\" \/>\n<meta property=\"og:title\" content=\"Electrosuisse: dove si incontra il settore - Electrosuisse\" \/>\n<meta property=\"og:description\" content=\"I nostri convegni sono la piattaforma ideale per formarsi un&#039;opinione e scambiare esperienze. In qualit\u00e0 di membro di Electrosuisse, potrete inoltre beneficiare di interessanti vantaggi tariffari.\" \/>\n<meta property=\"og:url\" content=\"https:\/\/www.electrosuisse.ch\/it\/tutti-i-eventi\/\" \/>\n<meta property=\"og:site_name\" content=\"Electrosuisse\" \/>\n<meta property=\"article:modified_time\" content=\"2026-03-24T11:31:50+00:00\" \/>\n<meta property=\"og:image\" content=\"https:\/\/www.electrosuisse.ch\/wp-content\/uploads\/2020\/03\/SwissLightingForum_1660x585-1.jpg\" \/>\n\t<meta property=\"og:image:width\" content=\"1578\" \/>\n\t<meta property=\"og:image:height\" content=\"650\" \/>\n\t<meta property=\"og:image:type\" content=\"image\/jpeg\" \/>\n<script type=\"application\/ld+json\" class=\"yoast-schema-graph\">{\"@context\":\"https:\/\/schema.org\",\"@graph\":[{\"@type\":\"WebPage\",\"@id\":\"https:\/\/www.electrosuisse.ch\/it\/tutti-i-eventi\/\",\"url\":\"https:\/\/www.electrosuisse.ch\/it\/tutti-i-eventi\/\",\"name\":\"Electrosuisse: dove si incontra il settore - Electrosuisse\",\"isPartOf\":{\"@id\":\"https:\/\/www.electrosuisse.ch\/it\/#website\"},\"datePublished\":\"2020-07-16T14:47:20+00:00\",\"dateModified\":\"2026-03-24T11:31:50+00:00\",\"description\":\"I nostri convegni sono la piattaforma ideale per formarsi un'opinione e scambiare esperienze. In qualit\u00e0 di membro di Electrosuisse, potrete inoltre beneficiare di interessanti vantaggi tariffari.\",\"inLanguage\":\"it-IT\",\"potentialAction\":[{\"@type\":\"ReadAction\",\"target\":[\"https:\/\/www.electrosuisse.ch\/it\/tutti-i-eventi\/\"]}]},{\"@type\":\"WebSite\",\"@id\":\"https:\/\/www.electrosuisse.ch\/it\/#website\",\"url\":\"https:\/\/www.electrosuisse.ch\/it\/\",\"name\":\"Electrosuisse\",\"description\":\"\",\"publisher\":{\"@id\":\"https:\/\/www.electrosuisse.ch\/it\/#organization\"},\"potentialAction\":[{\"@type\":\"SearchAction\",\"target\":{\"@type\":\"EntryPoint\",\"urlTemplate\":\"https:\/\/www.electrosuisse.ch\/it\/?s={search_term_string}\"},\"query-input\":{\"@type\":\"PropertyValueSpecification\",\"valueRequired\":true,\"valueName\":\"search_term_string\"}}],\"inLanguage\":\"it-IT\"},{\"@type\":\"Organization\",\"@id\":\"https:\/\/www.electrosuisse.ch\/it\/#organization\",\"name\":\"Electrosuisse\",\"url\":\"https:\/\/www.electrosuisse.ch\/it\/\",\"logo\":{\"@type\":\"ImageObject\",\"inLanguage\":\"it-IT\",\"@id\":\"https:\/\/www.electrosuisse.ch\/it\/#\/schema\/logo\/image\/\",\"url\":\"https:\/\/www.electrosuisse.ch\/wp-content\/uploads\/2025\/04\/Electrosuisse_Logo_696x696.png\",\"contentUrl\":\"https:\/\/www.electrosuisse.ch\/wp-content\/uploads\/2025\/04\/Electrosuisse_Logo_696x696.png\",\"width\":696,\"height\":696,\"caption\":\"Electrosuisse\"},\"image\":{\"@id\":\"https:\/\/www.electrosuisse.ch\/it\/#\/schema\/logo\/image\/\"},\"sameAs\":[\"https:\/\/www.linkedin.com\/company\/electrosuisse-ag\/posts\/?feedView=all\",\"https:\/\/www.instagram.com\/electrosuisse1889\/\",\"https:\/\/www.youtube.com\/channel\/UCoOxohMiVE0Gjcdis1L09zw\"],\"description\":\"Electrosuisse ist eine anerkannte und unabh\u00e4ngige Fachorganisation, die erstklassige Dienstleistungen und Produkte in den Bereichen Inspektion, Beratung, Pr\u00fcfung, Zertifizierung, Normung und Weiterbildung anbietet. Unsere Expertise umfasst Elektrotechnik, Elektromobilit\u00e4t, Energieberatung, Geb\u00e4udeautomation und Photovoltaik in der Schweiz. Durch die Veranstaltung etablierter Branchen-Events und Fachtagungen f\u00f6rdert Electrosuisse den Wissenstransfer und den fachlichen Austausch. Im Mittelpunkt unserer T\u00e4tigkeiten steht die F\u00f6rderung der sicheren, wirtschaftlichen und umweltgerechten Anwendung der Elektrotechnik.\"}]}<\/script>\n<!-- \/ Yoast SEO Premium plugin. -->","yoast_head_json":{"title":"Electrosuisse: dove si incontra il settore - Electrosuisse","description":"I nostri convegni sono la piattaforma ideale per formarsi un'opinione e scambiare esperienze. In qualit\u00e0 di membro di Electrosuisse, potrete inoltre beneficiare di interessanti vantaggi tariffari.","robots":{"index":"index","follow":"follow","max-snippet":"max-snippet:-1","max-image-preview":"max-image-preview:large","max-video-preview":"max-video-preview:-1"},"canonical":"https:\/\/www.electrosuisse.ch\/it\/tutti-i-eventi\/","og_locale":"it_IT","og_type":"article","og_title":"Electrosuisse: dove si incontra il settore - Electrosuisse","og_description":"I nostri convegni sono la piattaforma ideale per formarsi un'opinione e scambiare esperienze. In qualit\u00e0 di membro di Electrosuisse, potrete inoltre beneficiare di interessanti vantaggi tariffari.","og_url":"https:\/\/www.electrosuisse.ch\/it\/tutti-i-eventi\/","og_site_name":"Electrosuisse","article_modified_time":"2026-03-24T11:31:50+00:00","og_image":[{"width":1578,"height":650,"url":"https:\/\/www.electrosuisse.ch\/wp-content\/uploads\/2020\/03\/SwissLightingForum_1660x585-1.jpg","type":"image\/jpeg"}],"schema":{"@context":"https:\/\/schema.org","@graph":[{"@type":"WebPage","@id":"https:\/\/www.electrosuisse.ch\/it\/tutti-i-eventi\/","url":"https:\/\/www.electrosuisse.ch\/it\/tutti-i-eventi\/","name":"Electrosuisse: dove si incontra il settore - Electrosuisse","isPartOf":{"@id":"https:\/\/www.electrosuisse.ch\/it\/#website"},"datePublished":"2020-07-16T14:47:20+00:00","dateModified":"2026-03-24T11:31:50+00:00","description":"I nostri convegni sono la piattaforma ideale per formarsi un'opinione e scambiare esperienze. In qualit\u00e0 di membro di Electrosuisse, potrete inoltre beneficiare di interessanti vantaggi tariffari.","inLanguage":"it-IT","potentialAction":[{"@type":"ReadAction","target":["https:\/\/www.electrosuisse.ch\/it\/tutti-i-eventi\/"]}]},{"@type":"WebSite","@id":"https:\/\/www.electrosuisse.ch\/it\/#website","url":"https:\/\/www.electrosuisse.ch\/it\/","name":"Electrosuisse","description":"","publisher":{"@id":"https:\/\/www.electrosuisse.ch\/it\/#organization"},"potentialAction":[{"@type":"SearchAction","target":{"@type":"EntryPoint","urlTemplate":"https:\/\/www.electrosuisse.ch\/it\/?s={search_term_string}"},"query-input":{"@type":"PropertyValueSpecification","valueRequired":true,"valueName":"search_term_string"}}],"inLanguage":"it-IT"},{"@type":"Organization","@id":"https:\/\/www.electrosuisse.ch\/it\/#organization","name":"Electrosuisse","url":"https:\/\/www.electrosuisse.ch\/it\/","logo":{"@type":"ImageObject","inLanguage":"it-IT","@id":"https:\/\/www.electrosuisse.ch\/it\/#\/schema\/logo\/image\/","url":"https:\/\/www.electrosuisse.ch\/wp-content\/uploads\/2025\/04\/Electrosuisse_Logo_696x696.png","contentUrl":"https:\/\/www.electrosuisse.ch\/wp-content\/uploads\/2025\/04\/Electrosuisse_Logo_696x696.png","width":696,"height":696,"caption":"Electrosuisse"},"image":{"@id":"https:\/\/www.electrosuisse.ch\/it\/#\/schema\/logo\/image\/"},"sameAs":["https:\/\/www.linkedin.com\/company\/electrosuisse-ag\/posts\/?feedView=all","https:\/\/www.instagram.com\/electrosuisse1889\/","https:\/\/www.youtube.com\/channel\/UCoOxohMiVE0Gjcdis1L09zw"],"description":"Electrosuisse ist eine anerkannte und unabh\u00e4ngige Fachorganisation, die erstklassige Dienstleistungen und Produkte in den Bereichen Inspektion, Beratung, Pr\u00fcfung, Zertifizierung, Normung und Weiterbildung anbietet. Unsere Expertise umfasst Elektrotechnik, Elektromobilit\u00e4t, Energieberatung, Geb\u00e4udeautomation und Photovoltaik in der Schweiz. Durch die Veranstaltung etablierter Branchen-Events und Fachtagungen f\u00f6rdert Electrosuisse den Wissenstransfer und den fachlichen Austausch. Im Mittelpunkt unserer T\u00e4tigkeiten steht die F\u00f6rderung der sicheren, wirtschaftlichen und umweltgerechten Anwendung der Elektrotechnik."}]}},"amp_enabled":true,"_links":{"self":[{"href":"https:\/\/www.electrosuisse.ch\/it\/wp-json\/wp\/v2\/pages\/12126","targetHints":{"allow":["GET"]}}],"collection":[{"href":"https:\/\/www.electrosuisse.ch\/it\/wp-json\/wp\/v2\/pages"}],"about":[{"href":"https:\/\/www.electrosuisse.ch\/it\/wp-json\/wp\/v2\/types\/page"}],"author":[{"embeddable":true,"href":"https:\/\/www.electrosuisse.ch\/it\/wp-json\/wp\/v2\/users\/6"}],"replies":[{"embeddable":true,"href":"https:\/\/www.electrosuisse.ch\/it\/wp-json\/wp\/v2\/comments?post=12126"}],"version-history":[{"count":10,"href":"https:\/\/www.electrosuisse.ch\/it\/wp-json\/wp\/v2\/pages\/12126\/revisions"}],"predecessor-version":[{"id":43058,"href":"https:\/\/www.electrosuisse.ch\/it\/wp-json\/wp\/v2\/pages\/12126\/revisions\/43058"}],"wp:attachment":[{"href":"https:\/\/www.electrosuisse.ch\/it\/wp-json\/wp\/v2\/media?parent=12126"}],"curies":[{"name":"wp","href":"https:\/\/api.w.org\/{rel}","templated":true}]}}