{"id":10220,"date":"2020-01-16T10:31:30","date_gmt":"2020-01-16T09:31:30","guid":{"rendered":"https:\/\/www.electrosuisse.ch\/faq-haeufige-fragen-zur-neuen-nin\/"},"modified":"2026-04-09T14:01:02","modified_gmt":"2026-04-09T12:01:02","slug":"faq-domande-frequenti-sulla-nuova-nibt","status":"publish","type":"page","link":"https:\/\/www.electrosuisse.ch\/it\/elettroinstallazione\/faq-domande-frequenti-sulla-nuova-nibt\/","title":{"rendered":"FAQ \u2013 domande frequenti sulla nuova NIBT"},"content":{"rendered":"<div class=\"wpb-content-wrapper\"><p>[vc_row][vc_column][vc_column_text css=&#8221;&#8221;]<\/p>\n<h1>FAQ \u2013 domande frequenti sulla nuova NIBT<\/h1>\n<p>[\/vc_column_text]<div class=\"wpb_content_element wpb_accordion_column accordion_simple\"><div class=\"accordions accordions_0\"><div class=\"custom_accordion_item accordion custom_accordion accordion_1_0\"><div class=\"accordion__header\" id=\"accordion_header_1_0\"><div class=\"accordion_trigger js-accordion_trigger\" data-toggle=\"collapse\" \r\n\t\t\t\t\tdata-target=\"#accordion_content_1_0_acc921\" \r\n          aria-expanded=\"false\" aria-controls=\"accordion_content_1_0\"><h3 class=\"accordion-title accordion-title-icon icon--position-right js-accordion-controller\"><div>Dove \u00e8 possibile trovare la NIBT Online alla quale si \u00e8 abbonati?<\/div><\/h3><\/div><\/div><div class=\"accordion__content collapse not-click-to-close\" id=\"accordion_content_1_0_acc921\" aria-labelledby=\"accordion_header_1_0\"><div class=\"inside\"><div class=\"accordion-content\"><div class=\"accordion__inside\"><div class=\"accordion__element\"><!-- Start Accordion Content --><div class=\"accordion__element\"><p>Effettuare il login sul sito <a href=\"https:\/\/my.electrosuisse.ch\/de\/login.htm\">my.electrosuisse.ch<\/a> e andare nella parte sinistra al punto di navigazione \u00abNorme &amp; Prodotti\u00bb. Accedendo alla voce \u00abNIBT Online\u00bb si viene reindirizzati direttamente alla piattaforma.<\/p>\n<p>\u00c8 anche possibile effettuare il login tramite il sito <a href=\"https:\/\/ninonline.electrosuisse.ch\">https:\/\/ninonline.electrosuisse.ch<\/a>.<\/p>\n<\/div><!-- Start Accordion Content --><\/div><\/div><\/div><\/div><\/div><\/div><div class=\"custom_accordion_item accordion custom_accordion accordion_1_1\"><div class=\"accordion__header\" id=\"accordion_header_1_1\"><div class=\"accordion_trigger js-accordion_trigger\" data-toggle=\"collapse\" \r\n\t\t\t\t\tdata-target=\"#accordion_content_1_1_acc844\" \r\n          aria-expanded=\"false\" aria-controls=\"accordion_content_1_1\"><h3 class=\"accordion-title accordion-title-icon icon--position-right js-accordion-controller\"><div>Esiste anche una soluzione multiutente per la NIBT ONline?<\/div><\/h3><\/div><\/div><div class=\"accordion__content collapse not-click-to-close\" id=\"accordion_content_1_1_acc844\" aria-labelledby=\"accordion_header_1_1\"><div class=\"inside\"><div class=\"accordion-content\"><div class=\"accordion__inside\"><div class=\"accordion__element\"><!-- Start Accordion Content --><div class=\"accordion__element\"><p>La soluzione Enterprise \u00abNIN Online NIBT\u00bb pu\u00f2 essere utilizzata come servizio Web direttamente dal proprio sistema locale (ad es. Active Directory). I collaboratori dell&#8217;azienda non devono pertanto pi\u00f9 creare un proprio accesso alla NIBT Online.<\/p>\n<p>Il collegamento viene realizzato tramite il protocollo SAML (ad es. tramite ADFS) e l\u2019autenticazione viene effettuata dal vostro sistema (Identity Provider). Il nostro sistema, in quanto Service Provider, verifica solo se \u00e8 presente una licenza valida.<\/p>\n<p>Per poter ordinare la soluzione Enterprise necessitiamo di:<\/p>\n<ul>\n<li>un referente IT<\/li>\n<li>numero di licenze<\/li>\n<\/ul>\n<p>Si prega di inviare questi dati a <a href=\"m&#97;&#x69;&#x6c;t&#111;&#x3a;&#x6e;i&#110;&#64;&#x65;&#x6c;e&#99;&#x74;&#x72;o&#115;&#x75;&#x69;s&#115;&#101;&#x2e;&#x63;h\">&#110;&#x69;&#110;&#x40;&#101;&#x6c;&#101;&#x63;t&#x72;o&#x73;u&#x69;s&#115;&#x65;&#46;&#x63;&#104;<\/a><\/p>\n<p>Maggiori informazioni sulla soluzione Enterprise sono disponibili nel nostro <a href=\"https:\/\/www.electrosuisse.ch\/it\/download\/nin-online-nibt-enterprise-info\/\" target=\"_blank\" rel=\"noopener noreferrer\">opuscolo (PDF)<\/a>.<\/p>\n<\/div><!-- Start Accordion Content --><\/div><\/div><\/div><\/div><\/div><\/div><div class=\"custom_accordion_item accordion custom_accordion accordion_1_2\"><div class=\"accordion__header\" id=\"accordion_header_1_2\"><div class=\"accordion_trigger js-accordion_trigger\" data-toggle=\"collapse\" \r\n\t\t\t\t\tdata-target=\"#accordion_content_1_2_acc710\" \r\n          aria-expanded=\"false\" aria-controls=\"accordion_content_1_2\"><h3 class=\"accordion-title accordion-title-icon icon--position-right js-accordion-controller\"><div>Dove \u00e8 possibile trovare la progettazione dell\u2019impianto\/la capacit\u00e0 di corrente?<\/div><\/h3><\/div><\/div><div class=\"accordion__content collapse not-click-to-close\" id=\"accordion_content_1_2_acc710\" aria-labelledby=\"accordion_header_1_2\"><div class=\"inside\"><div class=\"accordion-content\"><div class=\"accordion__inside\"><div class=\"accordion__element\"><!-- Start Accordion Content --><div class=\"accordion__element\"><p>La progettazione dell\u2019impianto non \u00e8 pi\u00f9 contenuta nella NIBT. Nel primo semestre \u00e8 prevista una nuova edizione nell\u2019ambito del toolbox.<\/p>\n<p>Tuttavia, per il momento entrambi i programmi possono essere fatti funzionare in formato digitale con la chiavetta della NIBT 2015. Le chiavette difettose possono essere sostituite rivolgendosi al nostro servizio vendita norme. Si prega di inviare un\u2019e-mail a <a href=\"&#109;&#97;&#x69;l&#116;&#x6f;&#x3a;n&#105;&#x6e;&#x40;e&#108;&#x65;&#x63;t&#114;&#x6f;&#x73;u&#105;&#x73;&#x73;e&#46;&#x63;h\">n&#105;&#110;&#x40;&#x65;&#x6c;e&#99;&#116;&#x72;&#x6f;&#x73;ui&#115;&#x73;&#x65;&#x2e;ch<\/a><\/p>\n<\/div><!-- Start Accordion Content --><\/div><\/div><\/div><\/div><\/div><\/div><div class=\"custom_accordion_item accordion custom_accordion accordion_1_3\"><div class=\"accordion__header\" id=\"accordion_header_1_3\"><div class=\"accordion_trigger js-accordion_trigger\" data-toggle=\"collapse\" \r\n\t\t\t\t\tdata-target=\"#accordion_content_1_3_acc826\" \r\n          aria-expanded=\"false\" aria-controls=\"accordion_content_1_3\"><h3 class=\"accordion-title accordion-title-icon icon--position-right js-accordion-controller\"><div>Le correzioni alla NIN vengono inviate automaticamente?<\/div><\/h3><\/div><\/div><div class=\"accordion__content collapse not-click-to-close\" id=\"accordion_content_1_3_acc826\" aria-labelledby=\"accordion_header_1_3\"><div class=\"inside\"><div class=\"accordion-content\"><div class=\"accordion__inside\"><div class=\"accordion__element\"><!-- Start Accordion Content --><div class=\"accordion__element\"><p>Le correzioni a cartelle della NIBT verranno messe a disposizione per il <a href=\"https:\/\/www.electrosuisse.ch\/it\/downloads\/normazione-download\/\" target=\"_blank\" rel=\"noopener noreferrer\">download<\/a> sul nostro sito o possono essere ordinate in forma cartacea al nostro servizio vendita norme. La NIN Online NIBT viene aggiornata automaticamente.<\/p>\n<\/div><!-- Start Accordion Content --><\/div><\/div><\/div><\/div><\/div><\/div><div class=\"custom_accordion_item accordion custom_accordion accordion_1_4\"><div class=\"accordion__header\" id=\"accordion_header_1_4\"><div class=\"accordion_trigger js-accordion_trigger\" data-toggle=\"collapse\" \r\n\t\t\t\t\tdata-target=\"#accordion_content_1_4_acc25\" \r\n          aria-expanded=\"false\" aria-controls=\"accordion_content_1_4\"><h3 class=\"accordion-title accordion-title-icon icon--position-right js-accordion-controller\"><div>Costi della NIN Online NIBT<\/div><\/h3><\/div><\/div><div class=\"accordion__content collapse not-click-to-close\" id=\"accordion_content_1_4_acc25\" aria-labelledby=\"accordion_header_1_4\"><div class=\"inside\"><div class=\"accordion-content\"><div class=\"accordion__inside\"><div class=\"accordion__element\"><!-- Start Accordion Content --><div class=\"accordion__element\"><p>Le tariffe di abbonamento alla NIN Online NIBT sono costi che ricorrono annualmente.<\/p>\n<\/div><!-- Start Accordion Content --><\/div><\/div><\/div><\/div><\/div><\/div><div class=\"custom_accordion_item accordion custom_accordion accordion_1_5\"><div class=\"accordion__header\" id=\"accordion_header_1_5\"><div class=\"accordion_trigger js-accordion_trigger\" data-toggle=\"collapse\" \r\n\t\t\t\t\tdata-target=\"#accordion_content_1_5_acc584\" \r\n          aria-expanded=\"false\" aria-controls=\"accordion_content_1_5\"><h3 class=\"accordion-title accordion-title-icon icon--position-right js-accordion-controller\"><div>Il login per myElectrosuisse non funziona pi\u00f9<\/div><\/h3><\/div><\/div><div class=\"accordion__content collapse not-click-to-close\" id=\"accordion_content_1_5_acc584\" aria-labelledby=\"accordion_header_1_5\"><div class=\"inside\"><div class=\"accordion-content\"><div class=\"accordion__inside\"><div class=\"accordion__element\"><!-- Start Accordion Content --><div class=\"accordion__element\"><p>Si prega di rivolgersi a <a href=\"ma&#105;&#108;&#116;&#111;&#x3a;&#x6d;&#x79;&#x40;&#x65;le&#99;&#116;&#114;&#111;&#x73;&#x75;&#x69;&#x73;&#x73;e&#46;&#99;&#104;\">&#x6d;&#x79;&#x40;&#101;&#108;ec&#x74;&#x72;&#x6f;&#115;&#117;is&#x73;&#x65;&#x2e;&#99;&#104;<\/a> oppure al numero +41 58 595 11 95<\/p>\n<\/div><!-- Start Accordion Content --><\/div><\/div><\/div><\/div><\/div><\/div><\/div><\/div><div class=\"wpb_contact_column wpb_content_element wpb_content_element--\"><div class=\"wpb_wrapper\"><div class=\"contact_container\"><div class=\"contact row middle-xs\"><div class=\"contact__img col-sm-5 col-xs-12\"><img decoding=\"async\" src=\"\/wp-content\/themes\/SCHMUCKI_child\/img\/contact_placeholder.jpg\" alt=\"Letteratura specialistica e prodotti\" \/><\/div><div class=\"contact__info col-sm-7 col-xs-12\"><p><b>Letteratura specialistica e prodotti<\/b><br><\/p><div class=\"phone has-link\"><a href=\"tel:+41585951190\">+41 58 595 11 90<\/a><\/div><div class=\"mail has-link\"><a href=\"mailto:&#x70;&#x72;&#x6f;&#x64;&#x75;&#x6b;&#116;&#101;&#64;&#101;lect&#x72;&#x6f;&#x73;&#x75;&#x69;&#x73;&#115;&#101;&#46;&#99;&#104;\">&#x70;&#x72;&#111;d&#x75;&#x6b;&#116;e&#64;&#x65;&#x6c;&#101;c&#x74;&#x72;&#111;&#115;u&#x69;&#x73;&#115;e&#x2e;&#x63;&#104;<\/a><\/div><\/div><\/div><\/div><\/div><\/div>[\/vc_column][\/vc_row]<\/p>\n<\/div>","protected":false},"excerpt":{"rendered":"<p>[vc_row][vc_column][vc_column_text css=&#8221;&#8221;] FAQ \u2013 domande frequenti sulla nuova NIBT [\/vc_column_text][\/vc_column][\/vc_row]<\/p>\n","protected":false},"author":6,"featured_media":0,"parent":21735,"menu_order":106,"comment_status":"closed","ping_status":"closed","template":"","meta":{"_acf_changed":false,"_monsterinsights_skip_tracking":false,"_monsterinsights_sitenote_active":false,"_monsterinsights_sitenote_note":"","_monsterinsights_sitenote_category":0,"footnotes":""},"class_list":["post-10220","page","type-page","status-publish","hentry"],"acf":[],"yoast_head":"<!-- This site is optimized with the Yoast SEO Premium plugin v26.4 (Yoast SEO v27.0) - https:\/\/yoast.com\/product\/yoast-seo-premium-wordpress\/ -->\n<title>FAQ \u2013 domande frequenti sulla nuova NIBT - Electrosuisse<\/title>\n<meta name=\"description\" content=\"FAQ \u2013 domande frequenti sulla nuova NIBT\" \/>\n<meta name=\"robots\" content=\"index, follow, max-snippet:-1, max-image-preview:large, max-video-preview:-1\" \/>\n<link rel=\"canonical\" href=\"https:\/\/www.electrosuisse.ch\/it\/elettroinstallazione\/faq-domande-frequenti-sulla-nuova-nibt\/\" \/>\n<meta property=\"og:locale\" content=\"it_IT\" \/>\n<meta property=\"og:type\" content=\"article\" \/>\n<meta property=\"og:title\" content=\"FAQ \u2013 domande frequenti sulla nuova NIBT - Electrosuisse\" \/>\n<meta property=\"og:description\" content=\"FAQ \u2013 domande frequenti sulla nuova NIBT\" \/>\n<meta property=\"og:url\" content=\"https:\/\/www.electrosuisse.ch\/it\/elettroinstallazione\/faq-domande-frequenti-sulla-nuova-nibt\/\" \/>\n<meta property=\"og:site_name\" content=\"Electrosuisse\" \/>\n<meta property=\"article:modified_time\" content=\"2026-04-09T12:01:02+00:00\" \/>\n<meta property=\"og:image\" content=\"https:\/\/www.electrosuisse.ch\/wp-content\/uploads\/2020\/01\/NIN_2020_NIBT_1150x500.jpg\" \/>\n\t<meta property=\"og:image:width\" content=\"1578\" \/>\n\t<meta property=\"og:image:height\" content=\"650\" \/>\n\t<meta property=\"og:image:type\" content=\"image\/jpeg\" \/>\n<script type=\"application\/ld+json\" class=\"yoast-schema-graph\">{\"@context\":\"https:\/\/schema.org\",\"@graph\":[{\"@type\":\"WebPage\",\"@id\":\"https:\/\/www.electrosuisse.ch\/it\/elettroinstallazione\/faq-domande-frequenti-sulla-nuova-nibt\/\",\"url\":\"https:\/\/www.electrosuisse.ch\/it\/elettroinstallazione\/faq-domande-frequenti-sulla-nuova-nibt\/\",\"name\":\"FAQ \u2013 domande frequenti sulla nuova NIBT - Electrosuisse\",\"isPartOf\":{\"@id\":\"https:\/\/www.electrosuisse.ch\/it\/#website\"},\"datePublished\":\"2020-01-16T09:31:30+00:00\",\"dateModified\":\"2026-04-09T12:01:02+00:00\",\"description\":\"FAQ \u2013 domande frequenti sulla nuova NIBT\",\"breadcrumb\":{\"@id\":\"https:\/\/www.electrosuisse.ch\/it\/elettroinstallazione\/faq-domande-frequenti-sulla-nuova-nibt\/#breadcrumb\"},\"inLanguage\":\"it-IT\",\"potentialAction\":[{\"@type\":\"ReadAction\",\"target\":[\"https:\/\/www.electrosuisse.ch\/it\/elettroinstallazione\/faq-domande-frequenti-sulla-nuova-nibt\/\"]}]},{\"@type\":\"BreadcrumbList\",\"@id\":\"https:\/\/www.electrosuisse.ch\/it\/elettroinstallazione\/faq-domande-frequenti-sulla-nuova-nibt\/#breadcrumb\",\"itemListElement\":[{\"@type\":\"ListItem\",\"position\":1,\"name\":\"Elettroinstallazione\",\"item\":\"https:\/\/www.electrosuisse.ch\/it\/elettroinstallazione\/\"},{\"@type\":\"ListItem\",\"position\":2,\"name\":\"FAQ \u2013 domande frequenti sulla nuova NIBT\"}]},{\"@type\":\"WebSite\",\"@id\":\"https:\/\/www.electrosuisse.ch\/it\/#website\",\"url\":\"https:\/\/www.electrosuisse.ch\/it\/\",\"name\":\"Electrosuisse\",\"description\":\"\",\"publisher\":{\"@id\":\"https:\/\/www.electrosuisse.ch\/it\/#organization\"},\"potentialAction\":[{\"@type\":\"SearchAction\",\"target\":{\"@type\":\"EntryPoint\",\"urlTemplate\":\"https:\/\/www.electrosuisse.ch\/it\/?s={search_term_string}\"},\"query-input\":{\"@type\":\"PropertyValueSpecification\",\"valueRequired\":true,\"valueName\":\"search_term_string\"}}],\"inLanguage\":\"it-IT\"},{\"@type\":\"Organization\",\"@id\":\"https:\/\/www.electrosuisse.ch\/it\/#organization\",\"name\":\"Electrosuisse\",\"url\":\"https:\/\/www.electrosuisse.ch\/it\/\",\"logo\":{\"@type\":\"ImageObject\",\"inLanguage\":\"it-IT\",\"@id\":\"https:\/\/www.electrosuisse.ch\/it\/#\/schema\/logo\/image\/\",\"url\":\"https:\/\/www.electrosuisse.ch\/wp-content\/uploads\/2025\/04\/Electrosuisse_Logo_696x696.png\",\"contentUrl\":\"https:\/\/www.electrosuisse.ch\/wp-content\/uploads\/2025\/04\/Electrosuisse_Logo_696x696.png\",\"width\":696,\"height\":696,\"caption\":\"Electrosuisse\"},\"image\":{\"@id\":\"https:\/\/www.electrosuisse.ch\/it\/#\/schema\/logo\/image\/\"},\"sameAs\":[\"https:\/\/www.linkedin.com\/company\/electrosuisse-ag\/posts\/?feedView=all\",\"https:\/\/www.instagram.com\/electrosuisse1889\/\",\"https:\/\/www.youtube.com\/channel\/UCoOxohMiVE0Gjcdis1L09zw\"],\"description\":\"Electrosuisse ist eine anerkannte und unabh\u00e4ngige Fachorganisation, die erstklassige Dienstleistungen und Produkte in den Bereichen Inspektion, Beratung, Pr\u00fcfung, Zertifizierung, Normung und Weiterbildung anbietet. Unsere Expertise umfasst Elektrotechnik, Elektromobilit\u00e4t, Energieberatung, Geb\u00e4udeautomation und Photovoltaik in der Schweiz. Durch die Veranstaltung etablierter Branchen-Events und Fachtagungen f\u00f6rdert Electrosuisse den Wissenstransfer und den fachlichen Austausch. Im Mittelpunkt unserer T\u00e4tigkeiten steht die F\u00f6rderung der sicheren, wirtschaftlichen und umweltgerechten Anwendung der Elektrotechnik.\"}]}<\/script>\n<!-- \/ Yoast SEO Premium plugin. -->","yoast_head_json":{"title":"FAQ \u2013 domande frequenti sulla nuova NIBT - Electrosuisse","description":"FAQ \u2013 domande frequenti sulla nuova NIBT","robots":{"index":"index","follow":"follow","max-snippet":"max-snippet:-1","max-image-preview":"max-image-preview:large","max-video-preview":"max-video-preview:-1"},"canonical":"https:\/\/www.electrosuisse.ch\/it\/elettroinstallazione\/faq-domande-frequenti-sulla-nuova-nibt\/","og_locale":"it_IT","og_type":"article","og_title":"FAQ \u2013 domande frequenti sulla nuova NIBT - Electrosuisse","og_description":"FAQ \u2013 domande frequenti sulla nuova NIBT","og_url":"https:\/\/www.electrosuisse.ch\/it\/elettroinstallazione\/faq-domande-frequenti-sulla-nuova-nibt\/","og_site_name":"Electrosuisse","article_modified_time":"2026-04-09T12:01:02+00:00","og_image":[{"width":1578,"height":650,"url":"https:\/\/www.electrosuisse.ch\/wp-content\/uploads\/2020\/01\/NIN_2020_NIBT_1150x500.jpg","type":"image\/jpeg"}],"schema":{"@context":"https:\/\/schema.org","@graph":[{"@type":"WebPage","@id":"https:\/\/www.electrosuisse.ch\/it\/elettroinstallazione\/faq-domande-frequenti-sulla-nuova-nibt\/","url":"https:\/\/www.electrosuisse.ch\/it\/elettroinstallazione\/faq-domande-frequenti-sulla-nuova-nibt\/","name":"FAQ \u2013 domande frequenti sulla nuova NIBT - Electrosuisse","isPartOf":{"@id":"https:\/\/www.electrosuisse.ch\/it\/#website"},"datePublished":"2020-01-16T09:31:30+00:00","dateModified":"2026-04-09T12:01:02+00:00","description":"FAQ \u2013 domande frequenti sulla nuova NIBT","breadcrumb":{"@id":"https:\/\/www.electrosuisse.ch\/it\/elettroinstallazione\/faq-domande-frequenti-sulla-nuova-nibt\/#breadcrumb"},"inLanguage":"it-IT","potentialAction":[{"@type":"ReadAction","target":["https:\/\/www.electrosuisse.ch\/it\/elettroinstallazione\/faq-domande-frequenti-sulla-nuova-nibt\/"]}]},{"@type":"BreadcrumbList","@id":"https:\/\/www.electrosuisse.ch\/it\/elettroinstallazione\/faq-domande-frequenti-sulla-nuova-nibt\/#breadcrumb","itemListElement":[{"@type":"ListItem","position":1,"name":"Elettroinstallazione","item":"https:\/\/www.electrosuisse.ch\/it\/elettroinstallazione\/"},{"@type":"ListItem","position":2,"name":"FAQ \u2013 domande frequenti sulla nuova NIBT"}]},{"@type":"WebSite","@id":"https:\/\/www.electrosuisse.ch\/it\/#website","url":"https:\/\/www.electrosuisse.ch\/it\/","name":"Electrosuisse","description":"","publisher":{"@id":"https:\/\/www.electrosuisse.ch\/it\/#organization"},"potentialAction":[{"@type":"SearchAction","target":{"@type":"EntryPoint","urlTemplate":"https:\/\/www.electrosuisse.ch\/it\/?s={search_term_string}"},"query-input":{"@type":"PropertyValueSpecification","valueRequired":true,"valueName":"search_term_string"}}],"inLanguage":"it-IT"},{"@type":"Organization","@id":"https:\/\/www.electrosuisse.ch\/it\/#organization","name":"Electrosuisse","url":"https:\/\/www.electrosuisse.ch\/it\/","logo":{"@type":"ImageObject","inLanguage":"it-IT","@id":"https:\/\/www.electrosuisse.ch\/it\/#\/schema\/logo\/image\/","url":"https:\/\/www.electrosuisse.ch\/wp-content\/uploads\/2025\/04\/Electrosuisse_Logo_696x696.png","contentUrl":"https:\/\/www.electrosuisse.ch\/wp-content\/uploads\/2025\/04\/Electrosuisse_Logo_696x696.png","width":696,"height":696,"caption":"Electrosuisse"},"image":{"@id":"https:\/\/www.electrosuisse.ch\/it\/#\/schema\/logo\/image\/"},"sameAs":["https:\/\/www.linkedin.com\/company\/electrosuisse-ag\/posts\/?feedView=all","https:\/\/www.instagram.com\/electrosuisse1889\/","https:\/\/www.youtube.com\/channel\/UCoOxohMiVE0Gjcdis1L09zw"],"description":"Electrosuisse ist eine anerkannte und unabh\u00e4ngige Fachorganisation, die erstklassige Dienstleistungen und Produkte in den Bereichen Inspektion, Beratung, Pr\u00fcfung, Zertifizierung, Normung und Weiterbildung anbietet. Unsere Expertise umfasst Elektrotechnik, Elektromobilit\u00e4t, Energieberatung, Geb\u00e4udeautomation und Photovoltaik in der Schweiz. Durch die Veranstaltung etablierter Branchen-Events und Fachtagungen f\u00f6rdert Electrosuisse den Wissenstransfer und den fachlichen Austausch. Im Mittelpunkt unserer T\u00e4tigkeiten steht die F\u00f6rderung der sicheren, wirtschaftlichen und umweltgerechten Anwendung der Elektrotechnik."}]}},"amp_enabled":true,"_links":{"self":[{"href":"https:\/\/www.electrosuisse.ch\/it\/wp-json\/wp\/v2\/pages\/10220","targetHints":{"allow":["GET"]}}],"collection":[{"href":"https:\/\/www.electrosuisse.ch\/it\/wp-json\/wp\/v2\/pages"}],"about":[{"href":"https:\/\/www.electrosuisse.ch\/it\/wp-json\/wp\/v2\/types\/page"}],"author":[{"embeddable":true,"href":"https:\/\/www.electrosuisse.ch\/it\/wp-json\/wp\/v2\/users\/6"}],"replies":[{"embeddable":true,"href":"https:\/\/www.electrosuisse.ch\/it\/wp-json\/wp\/v2\/comments?post=10220"}],"version-history":[{"count":3,"href":"https:\/\/www.electrosuisse.ch\/it\/wp-json\/wp\/v2\/pages\/10220\/revisions"}],"predecessor-version":[{"id":43911,"href":"https:\/\/www.electrosuisse.ch\/it\/wp-json\/wp\/v2\/pages\/10220\/revisions\/43911"}],"up":[{"embeddable":true,"href":"https:\/\/www.electrosuisse.ch\/it\/wp-json\/wp\/v2\/pages\/21735"}],"wp:attachment":[{"href":"https:\/\/www.electrosuisse.ch\/it\/wp-json\/wp\/v2\/media?parent=10220"}],"curies":[{"name":"wp","href":"https:\/\/api.w.org\/{rel}","templated":true}]}}