{"id":9142,"date":"2019-10-08T16:45:00","date_gmt":"2019-10-08T14:45:00","guid":{"rendered":"https:\/\/www.electrosuisse.ch\/?page_id=9142"},"modified":"2026-04-28T07:44:47","modified_gmt":"2026-04-28T05:44:47","slug":"routes-nationales-et-tunnels-ferroviaires","status":"publish","type":"page","link":"https:\/\/www.electrosuisse.ch\/fr\/controles-et-conseil\/routes-nationales-et-tunnels-ferroviaires\/","title":{"rendered":"Routes nationales et tunnels ferroviaires"},"content":{"rendered":"<div class=\"wpb-content-wrapper\"><p>[vc_row][vc_column][vc_column_text css=&#8221;&#8221;]Dans ce contexte, nous nous concentrons sur l&#8217;\u00e9valuation des installations \u00e9lectriques par des sp\u00e9cialistes concernant les <a href=\"https:\/\/shop.electrosuisse.ch\/fr\/normes-et-produits\/normes\/\" target=\"_blank\" rel=\"noopener noreferrer\">normes<\/a> et les dispositions. Nous vous conseillons pendant les diff\u00e9rentes \u00e9tapes du projet et nous nous chargeons de la surveillance des installations \u00e9lectriques ainsi que des contr\u00f4les en usine des ensembles d&#8217;appareillages de connexion et de commande. En plus, nous contr\u00f4lons l&#8217;\u00e9quipement \u00e9lectrique de signaux de route, de transformateurs et d&#8217;installations de moyenne tension.<\/p>\n<p>Notre offre comprend: essais de produits, contr\u00f4les de la qualit\u00e9, contr\u00f4les de r\u00e9ception et des concepts de s\u00e9curit\u00e9.<\/p>\n<p class=\"bodytext\">Electrosuisse est un organisme d&#8217;inspection accr\u00e9dit\u00e9 <a href=\"https:\/\/www.electrosuisse.ch\/fr\/download\/sis-0072\/\" target=\"_blank\" rel=\"noopener noreferrer\">SIS 072<\/a>.<br \/>\nCertifi\u00e9 : ISO 9001, <a href=\"https:\/\/ekas.ch\/index-fr.php?frameset=1\" target=\"_blank\" rel=\"noopener noreferrer\">EKAS<\/a>.<\/p>\n<p>[\/vc_column_text][\/vc_column][\/vc_row][vc_row][vc_column][vc_column_text css=&#8221;&#8221;]<\/p>\n<h3>Contact<\/h3>\n<p>[\/vc_column_text]<div class=\"wpb_contact_column wpb_content_element wpb_content_element--left\"><div class=\"wpb_wrapper\"><div class=\"contact_container\"><div class=\"contact row middle-xs\"><div class=\"contact__img col-sm-5 col-xs-12\"><img decoding=\"async\" src=\"https:\/\/www.electrosuisse.ch\/wp-content\/uploads\/2018\/06\/electrosuisse_placeholder_headerimg_mobile-1.png\" alt=\"Contr\u00f4les - Service de Bureau\" \/><\/div><div class=\"contact__info col-sm-7 col-xs-12\"><p><b>Contr\u00f4les<\/b><br>Service de Bureau<\/p><div class=\"phone has-link\"><a href=\"tel:+41585951333\">+41 58 595 13 33<\/a><\/div><div class=\"mail has-link\"><a href=\"mailto:&#x63;&#x6f;&#110;s&#x65;&#x69;&#108;s&#64;&#x65;&#x6c;&#101;c&#x74;&#x72;&#111;&#115;u&#x69;&#x73;&#115;e&#x2e;&#x63;&#104;\">&#99;&#x6f;&#x6e;s&#101;&#x69;&#x6c;s&#64;&#x65;l&#101;&#x63;&#x74;r&#111;&#x73;u&#105;&#x73;&#x73;e&#46;&#x63;&#x68;<\/a><\/div><\/div><\/div><\/div><\/div><\/div>[\/vc_column][\/vc_row]<\/p>\n<\/div>","protected":false},"excerpt":{"rendered":"<p>[vc_row][vc_column][vc_column_text css=&#8221;&#8221;]Dans ce contexte, nous nous concentrons sur l&#8217;\u00e9valuation des installations \u00e9lectriques par des sp\u00e9cialistes concernant les normes et les dispositions. Nous vous conseillons pendant les diff\u00e9rentes \u00e9tapes du projet et nous nous chargeons de la surveillance des installations \u00e9lectriques ainsi que des contr\u00f4les en usine des ensembles d&#8217;appareillages de connexion et de commande. En [&hellip;]<\/p>\n","protected":false},"author":6,"featured_media":0,"parent":22115,"menu_order":204,"comment_status":"closed","ping_status":"closed","template":"","meta":{"_acf_changed":false,"_monsterinsights_skip_tracking":false,"_monsterinsights_sitenote_active":false,"_monsterinsights_sitenote_note":"","_monsterinsights_sitenote_category":0,"footnotes":""},"class_list":["post-9142","page","type-page","status-publish","hentry"],"acf":[],"yoast_head":"<!-- This site is optimized with the Yoast SEO Premium plugin v26.4 (Yoast SEO v27.0) - https:\/\/yoast.com\/product\/yoast-seo-premium-wordpress\/ -->\n<title>Routes nationales et tunnels ferroviaires - Electrosuisse<\/title>\n<meta name=\"description\" content=\"Gr\u00e2ce \u00e0 des inspections, des contr\u00f4les et des dispositifs de s\u00e9curit\u00e9, nous garantissons la s\u00e9curit\u00e9 sur les routes nationales et dans les tunnels ferroviaires.\" \/>\n<meta name=\"robots\" content=\"index, follow, max-snippet:-1, max-image-preview:large, max-video-preview:-1\" \/>\n<link rel=\"canonical\" href=\"https:\/\/www.electrosuisse.ch\/fr\/controles-et-conseil\/routes-nationales-et-tunnels-ferroviaires\/\" \/>\n<meta property=\"og:locale\" content=\"fr_FR\" \/>\n<meta property=\"og:type\" content=\"article\" \/>\n<meta property=\"og:title\" content=\"Routes nationales et tunnels ferroviaires - Electrosuisse\" \/>\n<meta property=\"og:description\" content=\"Gr\u00e2ce \u00e0 des inspections, des contr\u00f4les et des dispositifs de s\u00e9curit\u00e9, nous garantissons la s\u00e9curit\u00e9 sur les routes nationales et dans les tunnels ferroviaires.\" \/>\n<meta property=\"og:url\" content=\"https:\/\/www.electrosuisse.ch\/fr\/controles-et-conseil\/routes-nationales-et-tunnels-ferroviaires\/\" \/>\n<meta property=\"og:site_name\" content=\"Electrosuisse\" \/>\n<meta property=\"article:modified_time\" content=\"2026-04-28T05:44:47+00:00\" \/>\n<meta property=\"og:image\" content=\"https:\/\/www.electrosuisse.ch\/wp-content\/uploads\/2019\/10\/Electrosuisse_Eisenbahntunnel.jpg\" \/>\n\t<meta property=\"og:image:width\" content=\"1578\" \/>\n\t<meta property=\"og:image:height\" content=\"650\" \/>\n\t<meta property=\"og:image:type\" content=\"image\/jpeg\" \/>\n<script type=\"application\/ld+json\" class=\"yoast-schema-graph\">{\"@context\":\"https:\/\/schema.org\",\"@graph\":[{\"@type\":\"WebPage\",\"@id\":\"https:\/\/www.electrosuisse.ch\/fr\/controles-et-conseil\/routes-nationales-et-tunnels-ferroviaires\/\",\"url\":\"https:\/\/www.electrosuisse.ch\/fr\/controles-et-conseil\/routes-nationales-et-tunnels-ferroviaires\/\",\"name\":\"Routes nationales et tunnels ferroviaires - Electrosuisse\",\"isPartOf\":{\"@id\":\"https:\/\/www.electrosuisse.ch\/fr\/#website\"},\"datePublished\":\"2019-10-08T14:45:00+00:00\",\"dateModified\":\"2026-04-28T05:44:47+00:00\",\"description\":\"Gr\u00e2ce \u00e0 des inspections, des contr\u00f4les et des dispositifs de s\u00e9curit\u00e9, nous garantissons la s\u00e9curit\u00e9 sur les routes nationales et dans les tunnels ferroviaires.\",\"breadcrumb\":{\"@id\":\"https:\/\/www.electrosuisse.ch\/fr\/controles-et-conseil\/routes-nationales-et-tunnels-ferroviaires\/#breadcrumb\"},\"inLanguage\":\"fr-FR\",\"potentialAction\":[{\"@type\":\"ReadAction\",\"target\":[\"https:\/\/www.electrosuisse.ch\/fr\/controles-et-conseil\/routes-nationales-et-tunnels-ferroviaires\/\"]}]},{\"@type\":\"BreadcrumbList\",\"@id\":\"https:\/\/www.electrosuisse.ch\/fr\/controles-et-conseil\/routes-nationales-et-tunnels-ferroviaires\/#breadcrumb\",\"itemListElement\":[{\"@type\":\"ListItem\",\"position\":1,\"name\":\"Contr\u00f4les et conseil\",\"item\":\"https:\/\/www.electrosuisse.ch\/fr\/controles-et-conseil\/\"},{\"@type\":\"ListItem\",\"position\":2,\"name\":\"Routes nationales et tunnels ferroviaires\"}]},{\"@type\":\"WebSite\",\"@id\":\"https:\/\/www.electrosuisse.ch\/fr\/#website\",\"url\":\"https:\/\/www.electrosuisse.ch\/fr\/\",\"name\":\"Electrosuisse\",\"description\":\"\",\"publisher\":{\"@id\":\"https:\/\/www.electrosuisse.ch\/fr\/#organization\"},\"potentialAction\":[{\"@type\":\"SearchAction\",\"target\":{\"@type\":\"EntryPoint\",\"urlTemplate\":\"https:\/\/www.electrosuisse.ch\/fr\/?s={search_term_string}\"},\"query-input\":{\"@type\":\"PropertyValueSpecification\",\"valueRequired\":true,\"valueName\":\"search_term_string\"}}],\"inLanguage\":\"fr-FR\"},{\"@type\":\"Organization\",\"@id\":\"https:\/\/www.electrosuisse.ch\/fr\/#organization\",\"name\":\"Electrosuisse\",\"url\":\"https:\/\/www.electrosuisse.ch\/fr\/\",\"logo\":{\"@type\":\"ImageObject\",\"inLanguage\":\"fr-FR\",\"@id\":\"https:\/\/www.electrosuisse.ch\/fr\/#\/schema\/logo\/image\/\",\"url\":\"https:\/\/www.electrosuisse.ch\/wp-content\/uploads\/2025\/04\/Electrosuisse_Logo_696x696.png\",\"contentUrl\":\"https:\/\/www.electrosuisse.ch\/wp-content\/uploads\/2025\/04\/Electrosuisse_Logo_696x696.png\",\"width\":696,\"height\":696,\"caption\":\"Electrosuisse\"},\"image\":{\"@id\":\"https:\/\/www.electrosuisse.ch\/fr\/#\/schema\/logo\/image\/\"},\"sameAs\":[\"https:\/\/www.linkedin.com\/company\/electrosuisse-ag\/posts\/?feedView=all\",\"https:\/\/www.instagram.com\/electrosuisse1889\/\",\"https:\/\/www.youtube.com\/channel\/UCoOxohMiVE0Gjcdis1L09zw\"],\"description\":\"Electrosuisse ist eine anerkannte und unabh\u00e4ngige Fachorganisation, die erstklassige Dienstleistungen und Produkte in den Bereichen Inspektion, Beratung, Pr\u00fcfung, Zertifizierung, Normung und Weiterbildung anbietet. Unsere Expertise umfasst Elektrotechnik, Elektromobilit\u00e4t, Energieberatung, Geb\u00e4udeautomation und Photovoltaik in der Schweiz. Durch die Veranstaltung etablierter Branchen-Events und Fachtagungen f\u00f6rdert Electrosuisse den Wissenstransfer und den fachlichen Austausch. Im Mittelpunkt unserer T\u00e4tigkeiten steht die F\u00f6rderung der sicheren, wirtschaftlichen und umweltgerechten Anwendung der Elektrotechnik.\"}]}<\/script>\n<!-- \/ Yoast SEO Premium plugin. -->","yoast_head_json":{"title":"Routes nationales et tunnels ferroviaires - Electrosuisse","description":"Gr\u00e2ce \u00e0 des inspections, des contr\u00f4les et des dispositifs de s\u00e9curit\u00e9, nous garantissons la s\u00e9curit\u00e9 sur les routes nationales et dans les tunnels ferroviaires.","robots":{"index":"index","follow":"follow","max-snippet":"max-snippet:-1","max-image-preview":"max-image-preview:large","max-video-preview":"max-video-preview:-1"},"canonical":"https:\/\/www.electrosuisse.ch\/fr\/controles-et-conseil\/routes-nationales-et-tunnels-ferroviaires\/","og_locale":"fr_FR","og_type":"article","og_title":"Routes nationales et tunnels ferroviaires - Electrosuisse","og_description":"Gr\u00e2ce \u00e0 des inspections, des contr\u00f4les et des dispositifs de s\u00e9curit\u00e9, nous garantissons la s\u00e9curit\u00e9 sur les routes nationales et dans les tunnels ferroviaires.","og_url":"https:\/\/www.electrosuisse.ch\/fr\/controles-et-conseil\/routes-nationales-et-tunnels-ferroviaires\/","og_site_name":"Electrosuisse","article_modified_time":"2026-04-28T05:44:47+00:00","og_image":[{"width":1578,"height":650,"url":"https:\/\/www.electrosuisse.ch\/wp-content\/uploads\/2019\/10\/Electrosuisse_Eisenbahntunnel.jpg","type":"image\/jpeg"}],"schema":{"@context":"https:\/\/schema.org","@graph":[{"@type":"WebPage","@id":"https:\/\/www.electrosuisse.ch\/fr\/controles-et-conseil\/routes-nationales-et-tunnels-ferroviaires\/","url":"https:\/\/www.electrosuisse.ch\/fr\/controles-et-conseil\/routes-nationales-et-tunnels-ferroviaires\/","name":"Routes nationales et tunnels ferroviaires - Electrosuisse","isPartOf":{"@id":"https:\/\/www.electrosuisse.ch\/fr\/#website"},"datePublished":"2019-10-08T14:45:00+00:00","dateModified":"2026-04-28T05:44:47+00:00","description":"Gr\u00e2ce \u00e0 des inspections, des contr\u00f4les et des dispositifs de s\u00e9curit\u00e9, nous garantissons la s\u00e9curit\u00e9 sur les routes nationales et dans les tunnels ferroviaires.","breadcrumb":{"@id":"https:\/\/www.electrosuisse.ch\/fr\/controles-et-conseil\/routes-nationales-et-tunnels-ferroviaires\/#breadcrumb"},"inLanguage":"fr-FR","potentialAction":[{"@type":"ReadAction","target":["https:\/\/www.electrosuisse.ch\/fr\/controles-et-conseil\/routes-nationales-et-tunnels-ferroviaires\/"]}]},{"@type":"BreadcrumbList","@id":"https:\/\/www.electrosuisse.ch\/fr\/controles-et-conseil\/routes-nationales-et-tunnels-ferroviaires\/#breadcrumb","itemListElement":[{"@type":"ListItem","position":1,"name":"Contr\u00f4les et conseil","item":"https:\/\/www.electrosuisse.ch\/fr\/controles-et-conseil\/"},{"@type":"ListItem","position":2,"name":"Routes nationales et tunnels ferroviaires"}]},{"@type":"WebSite","@id":"https:\/\/www.electrosuisse.ch\/fr\/#website","url":"https:\/\/www.electrosuisse.ch\/fr\/","name":"Electrosuisse","description":"","publisher":{"@id":"https:\/\/www.electrosuisse.ch\/fr\/#organization"},"potentialAction":[{"@type":"SearchAction","target":{"@type":"EntryPoint","urlTemplate":"https:\/\/www.electrosuisse.ch\/fr\/?s={search_term_string}"},"query-input":{"@type":"PropertyValueSpecification","valueRequired":true,"valueName":"search_term_string"}}],"inLanguage":"fr-FR"},{"@type":"Organization","@id":"https:\/\/www.electrosuisse.ch\/fr\/#organization","name":"Electrosuisse","url":"https:\/\/www.electrosuisse.ch\/fr\/","logo":{"@type":"ImageObject","inLanguage":"fr-FR","@id":"https:\/\/www.electrosuisse.ch\/fr\/#\/schema\/logo\/image\/","url":"https:\/\/www.electrosuisse.ch\/wp-content\/uploads\/2025\/04\/Electrosuisse_Logo_696x696.png","contentUrl":"https:\/\/www.electrosuisse.ch\/wp-content\/uploads\/2025\/04\/Electrosuisse_Logo_696x696.png","width":696,"height":696,"caption":"Electrosuisse"},"image":{"@id":"https:\/\/www.electrosuisse.ch\/fr\/#\/schema\/logo\/image\/"},"sameAs":["https:\/\/www.linkedin.com\/company\/electrosuisse-ag\/posts\/?feedView=all","https:\/\/www.instagram.com\/electrosuisse1889\/","https:\/\/www.youtube.com\/channel\/UCoOxohMiVE0Gjcdis1L09zw"],"description":"Electrosuisse ist eine anerkannte und unabh\u00e4ngige Fachorganisation, die erstklassige Dienstleistungen und Produkte in den Bereichen Inspektion, Beratung, Pr\u00fcfung, Zertifizierung, Normung und Weiterbildung anbietet. Unsere Expertise umfasst Elektrotechnik, Elektromobilit\u00e4t, Energieberatung, Geb\u00e4udeautomation und Photovoltaik in der Schweiz. Durch die Veranstaltung etablierter Branchen-Events und Fachtagungen f\u00f6rdert Electrosuisse den Wissenstransfer und den fachlichen Austausch. Im Mittelpunkt unserer T\u00e4tigkeiten steht die F\u00f6rderung der sicheren, wirtschaftlichen und umweltgerechten Anwendung der Elektrotechnik."}]}},"amp_enabled":true,"_links":{"self":[{"href":"https:\/\/www.electrosuisse.ch\/fr\/wp-json\/wp\/v2\/pages\/9142","targetHints":{"allow":["GET"]}}],"collection":[{"href":"https:\/\/www.electrosuisse.ch\/fr\/wp-json\/wp\/v2\/pages"}],"about":[{"href":"https:\/\/www.electrosuisse.ch\/fr\/wp-json\/wp\/v2\/types\/page"}],"author":[{"embeddable":true,"href":"https:\/\/www.electrosuisse.ch\/fr\/wp-json\/wp\/v2\/users\/6"}],"replies":[{"embeddable":true,"href":"https:\/\/www.electrosuisse.ch\/fr\/wp-json\/wp\/v2\/comments?post=9142"}],"version-history":[{"count":2,"href":"https:\/\/www.electrosuisse.ch\/fr\/wp-json\/wp\/v2\/pages\/9142\/revisions"}],"predecessor-version":[{"id":43425,"href":"https:\/\/www.electrosuisse.ch\/fr\/wp-json\/wp\/v2\/pages\/9142\/revisions\/43425"}],"up":[{"embeddable":true,"href":"https:\/\/www.electrosuisse.ch\/fr\/wp-json\/wp\/v2\/pages\/22115"}],"wp:attachment":[{"href":"https:\/\/www.electrosuisse.ch\/fr\/wp-json\/wp\/v2\/media?parent=9142"}],"curies":[{"name":"wp","href":"https:\/\/api.w.org\/{rel}","templated":true}]}}