{"id":9122,"date":"2019-10-08T16:36:11","date_gmt":"2019-10-08T14:36:11","guid":{"rendered":"https:\/\/www.electrosuisse.ch\/?page_id=9122"},"modified":"2022-12-22T08:35:06","modified_gmt":"2022-12-22T07:35:06","slug":"controle-selon-oibt","status":"publish","type":"page","link":"https:\/\/www.electrosuisse.ch\/fr\/controles-et-conseil\/controle-selon-oibt\/","title":{"rendered":"Contr\u00f4le selon OIBT &#8211; Pr\u00fcfung gem\u00e4ss NIV"},"content":{"rendered":"<div class=\"wpb-content-wrapper\"><p>[vc_row][vc_column][vc_column_text]<\/p>\n<h1>Rapport de s\u00e9curit\u00e9 &#8211; rapide et facile<\/h1>\n<p class=\"bodytext\">Le contr\u00f4le technique des installations \u00e0 haute et \u00e0 basse tension rel\u00e8ve de votre responsabilit\u00e9.<\/p>\n<p class=\"bodytext\">En tant qu&#8217;entrepreneur g\u00e9n\u00e9ral, nous assumons pour votre compte toutes les t\u00e2ches vous incombant par rapport \u00e0 l&#8217;Inspection f\u00e9d\u00e9rale des installations \u00e0 courant fort\u00a0<a title=\"Link zu esti.admin.ch\" href=\"https:\/\/www.esti.admin.ch\/fr\/esti-page-daccueil\/\" target=\"_blank\" rel=\"noopener noreferrer\">(ESTI)<\/a>\u00a0et \u00e0 l&#8217;exploitant de r\u00e9seau. En particulier, nous \u00e9tablissons le rapport de s\u00e9curit\u00e9 (RS). Nous sommes votre repr\u00e9sentant neutre pour le questions juridiques concernant les installations.<\/p>\n<p>Nous vous offrons des contr\u00f4les de r\u00e9ception et contr\u00f4les p\u00e9riodiques d&#8217;installations \u00e0 basse et \u00e0 haute tension dans toute la Suisse, des rapport de s\u00e9curit\u00e9 selon l&#8217;Article 36 de l&#8217;OIBT, de l&#8217;accr\u00e9ditation pour tous les domaines techniques<\/p>\n<p class=\"bodytext\">Electrosuisse est un organisme d&#8217;inspection accr\u00e9dit\u00e9 <a href=\"https:\/\/www.electrosuisse.ch\/fr\/download\/sis-0072\/\" target=\"_blank\" rel=\"noopener noreferrer\">SIS 072<\/a>.<br \/>\nCertifi\u00e9 : ISO 9001, <a href=\"https:\/\/ekas.ch\/index-fr.php?frameset=1\" target=\"_blank\" rel=\"noopener noreferrer\">EKAS<\/a>.<\/p>\n<p>[\/vc_column_text][vc_column_text]<\/p>\n<p class=\"bodytext\">Nous disposons de longues ann\u00e9es d&#8217;exp\u00e9rience dans le domaine des installations \u00e0 haute et \u00e0 basse tension et nos connaissances sont vastes et actuelles. Dans toute la Suisse, nos sp\u00e9cialistes vous offrent le meilleur. La mise en r\u00e9seau permanente de nos sp\u00e9cialistes assure le transfert du savoir-faire dans tous les domaines et r\u00e9gions.\u00a0Profitez de notre\u00a0comp\u00e9tence et exp\u00e9rience.<\/p>\n<p>[\/vc_column_text][\/vc_column][\/vc_row][vc_row][vc_column]<div class=\"wpb_contact_column wpb_content_element wpb_content_element--\"><div class=\"wpb_wrapper\"><div class=\"contact_container\"><div class=\"contact row middle-xs\"><div class=\"contact__img col-sm-5 col-xs-12\"><img decoding=\"async\" src=\"https:\/\/www.electrosuisse.ch\/wp-content\/uploads\/2018\/06\/electrosuisse_placeholder_headerimg_mobile-1.png\" alt=\"Contr\u00f4les - Service de Bureau\" \/><\/div><div class=\"contact__info col-sm-7 col-xs-12\"><p><b>Contr\u00f4les<\/b><br>Service de Bureau<\/p><div class=\"phone has-link\"><a href=\"tel:+41585951333\">+41 58 595 13 33<\/a><\/div><div class=\"mail has-link\"><a href=\"mailto:&#x63;o&#x6e;&#115;e&#x69;&#108;&#x73;&#x40;e&#x6c;&#101;c&#x74;&#114;&#x6f;&#115;u&#x69;&#115;s&#x65;&#46;&#x63;&#104;\">&#x63;&#x6f;&#x6e;&#x73;&#x65;&#x69;&#x6c;&#x73;&#x40;&#x65;&#x6c;&#x65;&#x63;&#x74;&#x72;&#x6f;&#x73;&#x75;&#x69;&#x73;&#x73;&#x65;&#x2e;&#x63;&#x68;<\/a><\/div><\/div><\/div><\/div><\/div><\/div>[\/vc_column][\/vc_row]<\/p>\n<\/div>","protected":false},"excerpt":{"rendered":"<p>[vc_row][vc_column][vc_column_text] Rapport de s\u00e9curit\u00e9 &#8211; rapide et facile Le contr\u00f4le technique des installations \u00e0 haute et \u00e0 basse tension rel\u00e8ve de votre responsabilit\u00e9. En tant qu&#8217;entrepreneur g\u00e9n\u00e9ral, nous assumons pour votre compte toutes les t\u00e2ches vous incombant par rapport \u00e0 l&#8217;Inspection f\u00e9d\u00e9rale des installations \u00e0 courant fort\u00a0(ESTI)\u00a0et \u00e0 l&#8217;exploitant de r\u00e9seau. En particulier, nous \u00e9tablissons [&hellip;]<\/p>\n","protected":false},"author":6,"featured_media":0,"parent":22115,"menu_order":203,"comment_status":"closed","ping_status":"closed","template":"","meta":{"_acf_changed":false,"_monsterinsights_skip_tracking":false,"_monsterinsights_sitenote_active":false,"_monsterinsights_sitenote_note":"","_monsterinsights_sitenote_category":0,"footnotes":""},"class_list":["post-9122","page","type-page","status-publish","hentry"],"acf":[],"yoast_head":"<!-- This site is optimized with the Yoast SEO Premium plugin v26.4 (Yoast SEO v27.0) - https:\/\/yoast.com\/product\/yoast-seo-premium-wordpress\/ -->\n<title>Contr\u00f4le selon OIBT - Pr\u00fcfung gem\u00e4ss NIV - Electrosuisse<\/title>\n<meta name=\"robots\" content=\"index, follow, max-snippet:-1, max-image-preview:large, max-video-preview:-1\" \/>\n<link rel=\"canonical\" href=\"https:\/\/www.electrosuisse.ch\/fr\/controles-et-conseil\/controle-selon-oibt\/\" \/>\n<meta property=\"og:locale\" content=\"fr_FR\" \/>\n<meta property=\"og:type\" content=\"article\" \/>\n<meta property=\"og:title\" content=\"Contr\u00f4le selon OIBT - Pr\u00fcfung gem\u00e4ss NIV - Electrosuisse\" \/>\n<meta property=\"og:description\" content=\"[vc_row][vc_column][vc_column_text] Rapport de s\u00e9curit\u00e9 &#8211; rapide et facile Le contr\u00f4le technique des installations \u00e0 haute et \u00e0 basse tension rel\u00e8ve de votre responsabilit\u00e9. En tant qu&#8217;entrepreneur g\u00e9n\u00e9ral, nous assumons pour votre compte toutes les t\u00e2ches vous incombant par rapport \u00e0 l&#8217;Inspection f\u00e9d\u00e9rale des installations \u00e0 courant fort\u00a0(ESTI)\u00a0et \u00e0 l&#8217;exploitant de r\u00e9seau. En particulier, nous \u00e9tablissons [&hellip;]\" \/>\n<meta property=\"og:url\" content=\"https:\/\/www.electrosuisse.ch\/fr\/controles-et-conseil\/controle-selon-oibt\/\" \/>\n<meta property=\"og:site_name\" content=\"Electrosuisse\" \/>\n<meta property=\"article:modified_time\" content=\"2022-12-22T07:35:06+00:00\" \/>\n<meta property=\"og:image\" content=\"https:\/\/www.electrosuisse.ch\/wp-content\/uploads\/2019\/10\/DSC3012-Bearbeitet.jpg\" \/>\n\t<meta property=\"og:image:width\" content=\"1578\" \/>\n\t<meta property=\"og:image:height\" content=\"650\" \/>\n\t<meta property=\"og:image:type\" content=\"image\/jpeg\" \/>\n<script type=\"application\/ld+json\" class=\"yoast-schema-graph\">{\"@context\":\"https:\/\/schema.org\",\"@graph\":[{\"@type\":\"WebPage\",\"@id\":\"https:\/\/www.electrosuisse.ch\/fr\/controles-et-conseil\/controle-selon-oibt\/\",\"url\":\"https:\/\/www.electrosuisse.ch\/fr\/controles-et-conseil\/controle-selon-oibt\/\",\"name\":\"Contr\u00f4le selon OIBT - Pr\u00fcfung gem\u00e4ss NIV - Electrosuisse\",\"isPartOf\":{\"@id\":\"https:\/\/www.electrosuisse.ch\/fr\/#website\"},\"datePublished\":\"2019-10-08T14:36:11+00:00\",\"dateModified\":\"2022-12-22T07:35:06+00:00\",\"breadcrumb\":{\"@id\":\"https:\/\/www.electrosuisse.ch\/fr\/controles-et-conseil\/controle-selon-oibt\/#breadcrumb\"},\"inLanguage\":\"fr-FR\",\"potentialAction\":[{\"@type\":\"ReadAction\",\"target\":[\"https:\/\/www.electrosuisse.ch\/fr\/controles-et-conseil\/controle-selon-oibt\/\"]}]},{\"@type\":\"BreadcrumbList\",\"@id\":\"https:\/\/www.electrosuisse.ch\/fr\/controles-et-conseil\/controle-selon-oibt\/#breadcrumb\",\"itemListElement\":[{\"@type\":\"ListItem\",\"position\":1,\"name\":\"Contr\u00f4les et conseil\",\"item\":\"https:\/\/www.electrosuisse.ch\/fr\/controles-et-conseil\/\"},{\"@type\":\"ListItem\",\"position\":2,\"name\":\"Contr\u00f4le selon OIBT &#8211; Pr\u00fcfung gem\u00e4ss NIV\"}]},{\"@type\":\"WebSite\",\"@id\":\"https:\/\/www.electrosuisse.ch\/fr\/#website\",\"url\":\"https:\/\/www.electrosuisse.ch\/fr\/\",\"name\":\"Electrosuisse\",\"description\":\"\",\"publisher\":{\"@id\":\"https:\/\/www.electrosuisse.ch\/fr\/#organization\"},\"potentialAction\":[{\"@type\":\"SearchAction\",\"target\":{\"@type\":\"EntryPoint\",\"urlTemplate\":\"https:\/\/www.electrosuisse.ch\/fr\/?s={search_term_string}\"},\"query-input\":{\"@type\":\"PropertyValueSpecification\",\"valueRequired\":true,\"valueName\":\"search_term_string\"}}],\"inLanguage\":\"fr-FR\"},{\"@type\":\"Organization\",\"@id\":\"https:\/\/www.electrosuisse.ch\/fr\/#organization\",\"name\":\"Electrosuisse\",\"url\":\"https:\/\/www.electrosuisse.ch\/fr\/\",\"logo\":{\"@type\":\"ImageObject\",\"inLanguage\":\"fr-FR\",\"@id\":\"https:\/\/www.electrosuisse.ch\/fr\/#\/schema\/logo\/image\/\",\"url\":\"https:\/\/www.electrosuisse.ch\/wp-content\/uploads\/2025\/04\/Electrosuisse_Logo_696x696.png\",\"contentUrl\":\"https:\/\/www.electrosuisse.ch\/wp-content\/uploads\/2025\/04\/Electrosuisse_Logo_696x696.png\",\"width\":696,\"height\":696,\"caption\":\"Electrosuisse\"},\"image\":{\"@id\":\"https:\/\/www.electrosuisse.ch\/fr\/#\/schema\/logo\/image\/\"},\"sameAs\":[\"https:\/\/www.linkedin.com\/company\/electrosuisse-ag\/posts\/?feedView=all\",\"https:\/\/www.instagram.com\/electrosuisse1889\/\",\"https:\/\/www.youtube.com\/channel\/UCoOxohMiVE0Gjcdis1L09zw\"],\"description\":\"Electrosuisse ist eine anerkannte und unabh\u00e4ngige Fachorganisation, die erstklassige Dienstleistungen und Produkte in den Bereichen Inspektion, Beratung, Pr\u00fcfung, Zertifizierung, Normung und Weiterbildung anbietet. Unsere Expertise umfasst Elektrotechnik, Elektromobilit\u00e4t, Energieberatung, Geb\u00e4udeautomation und Photovoltaik in der Schweiz. Durch die Veranstaltung etablierter Branchen-Events und Fachtagungen f\u00f6rdert Electrosuisse den Wissenstransfer und den fachlichen Austausch. Im Mittelpunkt unserer T\u00e4tigkeiten steht die F\u00f6rderung der sicheren, wirtschaftlichen und umweltgerechten Anwendung der Elektrotechnik.\"}]}<\/script>\n<!-- \/ Yoast SEO Premium plugin. -->","yoast_head_json":{"title":"Contr\u00f4le selon OIBT - Pr\u00fcfung gem\u00e4ss NIV - Electrosuisse","robots":{"index":"index","follow":"follow","max-snippet":"max-snippet:-1","max-image-preview":"max-image-preview:large","max-video-preview":"max-video-preview:-1"},"canonical":"https:\/\/www.electrosuisse.ch\/fr\/controles-et-conseil\/controle-selon-oibt\/","og_locale":"fr_FR","og_type":"article","og_title":"Contr\u00f4le selon OIBT - Pr\u00fcfung gem\u00e4ss NIV - Electrosuisse","og_description":"[vc_row][vc_column][vc_column_text] Rapport de s\u00e9curit\u00e9 &#8211; rapide et facile Le contr\u00f4le technique des installations \u00e0 haute et \u00e0 basse tension rel\u00e8ve de votre responsabilit\u00e9. En tant qu&#8217;entrepreneur g\u00e9n\u00e9ral, nous assumons pour votre compte toutes les t\u00e2ches vous incombant par rapport \u00e0 l&#8217;Inspection f\u00e9d\u00e9rale des installations \u00e0 courant fort\u00a0(ESTI)\u00a0et \u00e0 l&#8217;exploitant de r\u00e9seau. En particulier, nous \u00e9tablissons [&hellip;]","og_url":"https:\/\/www.electrosuisse.ch\/fr\/controles-et-conseil\/controle-selon-oibt\/","og_site_name":"Electrosuisse","article_modified_time":"2022-12-22T07:35:06+00:00","og_image":[{"width":1578,"height":650,"url":"https:\/\/www.electrosuisse.ch\/wp-content\/uploads\/2019\/10\/DSC3012-Bearbeitet.jpg","type":"image\/jpeg"}],"schema":{"@context":"https:\/\/schema.org","@graph":[{"@type":"WebPage","@id":"https:\/\/www.electrosuisse.ch\/fr\/controles-et-conseil\/controle-selon-oibt\/","url":"https:\/\/www.electrosuisse.ch\/fr\/controles-et-conseil\/controle-selon-oibt\/","name":"Contr\u00f4le selon OIBT - Pr\u00fcfung gem\u00e4ss NIV - Electrosuisse","isPartOf":{"@id":"https:\/\/www.electrosuisse.ch\/fr\/#website"},"datePublished":"2019-10-08T14:36:11+00:00","dateModified":"2022-12-22T07:35:06+00:00","breadcrumb":{"@id":"https:\/\/www.electrosuisse.ch\/fr\/controles-et-conseil\/controle-selon-oibt\/#breadcrumb"},"inLanguage":"fr-FR","potentialAction":[{"@type":"ReadAction","target":["https:\/\/www.electrosuisse.ch\/fr\/controles-et-conseil\/controle-selon-oibt\/"]}]},{"@type":"BreadcrumbList","@id":"https:\/\/www.electrosuisse.ch\/fr\/controles-et-conseil\/controle-selon-oibt\/#breadcrumb","itemListElement":[{"@type":"ListItem","position":1,"name":"Contr\u00f4les et conseil","item":"https:\/\/www.electrosuisse.ch\/fr\/controles-et-conseil\/"},{"@type":"ListItem","position":2,"name":"Contr\u00f4le selon OIBT &#8211; Pr\u00fcfung gem\u00e4ss NIV"}]},{"@type":"WebSite","@id":"https:\/\/www.electrosuisse.ch\/fr\/#website","url":"https:\/\/www.electrosuisse.ch\/fr\/","name":"Electrosuisse","description":"","publisher":{"@id":"https:\/\/www.electrosuisse.ch\/fr\/#organization"},"potentialAction":[{"@type":"SearchAction","target":{"@type":"EntryPoint","urlTemplate":"https:\/\/www.electrosuisse.ch\/fr\/?s={search_term_string}"},"query-input":{"@type":"PropertyValueSpecification","valueRequired":true,"valueName":"search_term_string"}}],"inLanguage":"fr-FR"},{"@type":"Organization","@id":"https:\/\/www.electrosuisse.ch\/fr\/#organization","name":"Electrosuisse","url":"https:\/\/www.electrosuisse.ch\/fr\/","logo":{"@type":"ImageObject","inLanguage":"fr-FR","@id":"https:\/\/www.electrosuisse.ch\/fr\/#\/schema\/logo\/image\/","url":"https:\/\/www.electrosuisse.ch\/wp-content\/uploads\/2025\/04\/Electrosuisse_Logo_696x696.png","contentUrl":"https:\/\/www.electrosuisse.ch\/wp-content\/uploads\/2025\/04\/Electrosuisse_Logo_696x696.png","width":696,"height":696,"caption":"Electrosuisse"},"image":{"@id":"https:\/\/www.electrosuisse.ch\/fr\/#\/schema\/logo\/image\/"},"sameAs":["https:\/\/www.linkedin.com\/company\/electrosuisse-ag\/posts\/?feedView=all","https:\/\/www.instagram.com\/electrosuisse1889\/","https:\/\/www.youtube.com\/channel\/UCoOxohMiVE0Gjcdis1L09zw"],"description":"Electrosuisse ist eine anerkannte und unabh\u00e4ngige Fachorganisation, die erstklassige Dienstleistungen und Produkte in den Bereichen Inspektion, Beratung, Pr\u00fcfung, Zertifizierung, Normung und Weiterbildung anbietet. Unsere Expertise umfasst Elektrotechnik, Elektromobilit\u00e4t, Energieberatung, Geb\u00e4udeautomation und Photovoltaik in der Schweiz. Durch die Veranstaltung etablierter Branchen-Events und Fachtagungen f\u00f6rdert Electrosuisse den Wissenstransfer und den fachlichen Austausch. Im Mittelpunkt unserer T\u00e4tigkeiten steht die F\u00f6rderung der sicheren, wirtschaftlichen und umweltgerechten Anwendung der Elektrotechnik."}]}},"amp_enabled":true,"_links":{"self":[{"href":"https:\/\/www.electrosuisse.ch\/fr\/wp-json\/wp\/v2\/pages\/9122","targetHints":{"allow":["GET"]}}],"collection":[{"href":"https:\/\/www.electrosuisse.ch\/fr\/wp-json\/wp\/v2\/pages"}],"about":[{"href":"https:\/\/www.electrosuisse.ch\/fr\/wp-json\/wp\/v2\/types\/page"}],"author":[{"embeddable":true,"href":"https:\/\/www.electrosuisse.ch\/fr\/wp-json\/wp\/v2\/users\/6"}],"replies":[{"embeddable":true,"href":"https:\/\/www.electrosuisse.ch\/fr\/wp-json\/wp\/v2\/comments?post=9122"}],"version-history":[{"count":0,"href":"https:\/\/www.electrosuisse.ch\/fr\/wp-json\/wp\/v2\/pages\/9122\/revisions"}],"up":[{"embeddable":true,"href":"https:\/\/www.electrosuisse.ch\/fr\/wp-json\/wp\/v2\/pages\/22115"}],"wp:attachment":[{"href":"https:\/\/www.electrosuisse.ch\/fr\/wp-json\/wp\/v2\/media?parent=9122"}],"curies":[{"name":"wp","href":"https:\/\/api.w.org\/{rel}","templated":true}]}}