{"id":43869,"date":"2026-04-07T11:21:09","date_gmt":"2026-04-07T09:21:09","guid":{"rendered":"https:\/\/www.electrosuisse.ch\/?page_id=43869"},"modified":"2026-04-07T11:59:35","modified_gmt":"2026-04-07T09:59:35","slug":"inscription-a-la-formation-en-ligne-complementaire-manipulation-sure-des-dangers-electriques-et-optiques-dans-les-systemes-de-communication","status":"publish","type":"page","link":"https:\/\/www.electrosuisse.ch\/fr\/inscription-a-la-formation-en-ligne-complementaire-manipulation-sure-des-dangers-electriques-et-optiques-dans-les-systemes-de-communication\/","title":{"rendered":"Inscription \u00e0 la formation en ligne compl\u00e9mentaire : Manipulation s\u00fbre des dangers \u00e9lectriques et optiques dans les syst\u00e8mes de communication"},"content":{"rendered":"<div class=\"wpb-content-wrapper\"><p>[vc_row][vc_column][vc_column_text css=&#8221;&#8221;]<\/p>\n<h2>Inscription \u00e0 la formation en ligne compl\u00e9mentaire<\/h2>\n<h3>Manipulation s\u00fbre des dangers \u00e9lectriques et optiques dans les syst\u00e8mes de communication<\/h3>\n<p>[\/vc_column_text]<div class=\"wpb_form_column wpb_content_element\"><div class=\"wpb_wrapper test\"><div id=\"quform-18602a\" class=\"quform quform-77 quform-support-page-caching\"><form id=\"quform-form-18602a\" class=\"quform-form quform-form-77\" action=\"\/fr\/wp-json\/wp\/v2\/pages\/43869#quform-18602a\" method=\"post\" enctype=\"multipart\/form-data\" novalidate=\"novalidate\" data-options=\"{&quot;id&quot;:77,&quot;uniqueId&quot;:&quot;18602a&quot;,&quot;theme&quot;:&quot;&quot;,&quot;ajax&quot;:true,&quot;logic&quot;:{&quot;logic&quot;:[],&quot;dependents&quot;:[],&quot;elementIds&quot;:[],&quot;dependentElementIds&quot;:[],&quot;animate&quot;:true},&quot;currentPageId&quot;:1,&quot;errorsIcon&quot;:&quot;&quot;,&quot;updateFancybox&quot;:true,&quot;hasPages&quot;:false,&quot;pages&quot;:[1],&quot;pageProgressType&quot;:&quot;numbers&quot;,&quot;tooltipsEnabled&quot;:true,&quot;tooltipClasses&quot;:&quot;qtip-quform-dark qtip-shadow&quot;,&quot;tooltipMy&quot;:&quot;left center&quot;,&quot;tooltipAt&quot;:&quot;right center&quot;,&quot;isRtl&quot;:false,&quot;scrollOffset&quot;:-50,&quot;scrollSpeed&quot;:800}\"><button class=\"quform-default-submit\" name=\"quform_submit\" type=\"submit\" value=\"submit\" aria-hidden=\"true\" tabindex=\"-1\"><\/button><div class=\"quform-form-inner quform-form-inner-77\"><input type=\"hidden\" name=\"quform_form_id\" value=\"77\" \/><input type=\"hidden\" name=\"quform_form_uid\" value=\"18602a\" \/><input type=\"hidden\" name=\"quform_count\" value=\"1\" \/><input type=\"hidden\" name=\"form_url\" value=\"https:\/\/www.electrosuisse.ch\/fr\/wp-json\/wp\/v2\/pages\/43869\" \/><input type=\"hidden\" name=\"referring_url\" value=\"\" \/><input type=\"hidden\" name=\"post_id\" value=\"\" \/><input type=\"hidden\" name=\"post_title\" value=\"\" \/><input type=\"hidden\" name=\"quform_current_page_id\" value=\"1\" \/><input type=\"hidden\" name=\"quform_loaded\" value=\"1776379826|56b0cab236d1d2212178bbfc4caccd43\" \/><input type=\"hidden\" name=\"quform_csrf_token\" value=\"FzT1sJU1ElIj9s7BQsPV9bLrhB8ndmluzixPDFoJ\" \/><div class=\"quform-elements quform-elements-77 quform-cf quform-responsive-elements-phone-landscape\"><div class=\"quform-element quform-element-page quform-page-1 quform-page-77_1 quform-cf quform-group-style-plain quform-first-page quform-last-page quform-current-page\"><div class=\"quform-child-elements\"><div class=\"quform-element quform-element-name quform-element-77_3 quform-cf quform-element-required\"><div class=\"quform-spacer\"><div class=\"quform-label quform-label-77_3\"><label class=\"quform-label-text\" id=\"quform_77_3_18602a_label\">Nom<span class=\"quform-required\">*<\/span><\/label><\/div><div class=\"quform-inner quform-inner-name quform-inner-77_3\"><div class=\"quform-input quform-input-name quform-input-77_3 quform-cf\"><div class=\"quform-element-row quform-3-columns quform-element-row-size-fixed quform-responsive-columns-phone-landscape\"><div class=\"quform-element-column\"><div class=\"quform-element quform-element-select quform-element-77_3_1 quform-cf quform-element-required\"><div class=\"quform-spacer\"><div class=\"quform-inner quform-inner-select quform-inner-77_3_1\"><div class=\"quform-input quform-input-select quform-input-77_3_1 quform-cf\"><select id=\"quform_77_3_1_18602a\" name=\"quform_77_3[1]\" class=\"quform-field quform-field-select quform-field-77_3_1\" aria-labelledby=\"quform_77_3_18602a_label quform_77_3_1_18602a_sub_label_below\"><option value=\"\" selected=\"selected\">Veuillez s\u00e9lectionner<\/option><option value=\"Madame\">Madame<\/option><option value=\"Monsieur\">Monsieur<\/option><\/select><\/div><label id=\"quform_77_3_1_18602a_sub_label_below\" class=\"quform-sub-label quform-sub-label-below\">Titre<\/label><\/div><\/div><\/div><\/div><div class=\"quform-element-column\"><div class=\"quform-element quform-element-text quform-element-77_3_2 quform-cf quform-element-required\"><div class=\"quform-spacer\"><div class=\"quform-inner quform-inner-text quform-inner-77_3_2\"><div class=\"quform-input quform-input-text quform-input-77_3_2 quform-cf\"><input type=\"text\" id=\"quform_77_3_2_18602a\" name=\"quform_77_3[2]\" class=\"quform-field quform-field-text quform-field-77_3_2\" aria-labelledby=\"quform_77_3_18602a_label quform_77_3_2_18602a_sub_label_below\" \/><\/div><label id=\"quform_77_3_2_18602a_sub_label_below\" class=\"quform-sub-label quform-sub-label-below\">Pr\u00e9nom<\/label><\/div><\/div><\/div><\/div><div class=\"quform-element-column\"><div class=\"quform-element quform-element-text quform-element-77_3_4 quform-cf quform-element-required\"><div class=\"quform-spacer\"><div class=\"quform-inner quform-inner-text quform-inner-77_3_4\"><div class=\"quform-input quform-input-text quform-input-77_3_4 quform-cf\"><input type=\"text\" id=\"quform_77_3_4_18602a\" name=\"quform_77_3[4]\" class=\"quform-field quform-field-text quform-field-77_3_4\" aria-labelledby=\"quform_77_3_18602a_label quform_77_3_4_18602a_sub_label_below\" \/><\/div><label id=\"quform_77_3_4_18602a_sub_label_below\" class=\"quform-sub-label quform-sub-label-below\"> Nom de famille<\/label><\/div><\/div><\/div><\/div><\/div><\/div><\/div><\/div><\/div><div class=\"quform-element quform-element-text quform-element-77_4 quform-cf quform-element-required\"><div class=\"quform-spacer\"><div class=\"quform-label quform-label-77_4\"><label class=\"quform-label-text\" for=\"quform_77_4_18602a\">Soci\u00e9t\u00e9<span class=\"quform-required\">*<\/span><\/label><\/div><div class=\"quform-inner quform-inner-text quform-inner-77_4\"><div class=\"quform-input quform-input-text quform-input-77_4 quform-cf\"><input type=\"text\" id=\"quform_77_4_18602a\" name=\"quform_77_4\" class=\"quform-field quform-field-text quform-field-77_4\" \/><\/div><\/div><\/div><\/div><div class=\"quform-element quform-element-text quform-element-77_5 quform-cf quform-element-required\"><div class=\"quform-spacer\"><div class=\"quform-label quform-label-77_5\"><label class=\"quform-label-text\" for=\"quform_77_5_18602a\">N\u00b0 de rue \/ bo\u00eete postale<span class=\"quform-required\">*<\/span><\/label><\/div><div class=\"quform-inner quform-inner-text quform-inner-77_5\"><div class=\"quform-input quform-input-text quform-input-77_5 quform-cf\"><input type=\"text\" id=\"quform_77_5_18602a\" name=\"quform_77_5\" class=\"quform-field quform-field-text quform-field-77_5\" \/><\/div><\/div><\/div><\/div><div class=\"quform-element quform-element-textarea quform-element-77_614204 quform-sr-only quform-cf\" style=\"clip: rect(1px, 1px, 1px, 1px); clip-path: inset(50%); position: absolute !important; height: 1px; width: 1px; overflow: hidden;\"><div class=\"quform-spacer\"><div class=\"quform-label quform-label-77_614204\"><label class=\"quform-label-text\" for=\"quform_77_614204_18602a\">Phone Number<span class=\"quform-required\">*<\/span><\/label><\/div><div class=\"quform-inner quform-inner-77_614204\"><textarea id=\"quform_77_614204_18602a\" name=\"quform_77_614204\" class=\"quform-field quform-field-textarea quform-field-77_614204\" tabindex=\"-1\" autocomplete=\"new-password\"><\/textarea><\/div><\/div><\/div><div class=\"quform-element quform-element-row quform-element-row-77_6 quform-2-columns quform-element-row-size-fixed quform-responsive-columns-phone-landscape\"><div class=\"quform-element quform-element-column quform-element-77_7\"><div class=\"quform-element quform-element-text quform-element-77_9 quform-cf quform-element-required\"><div class=\"quform-spacer\"><div class=\"quform-label quform-label-77_9\"><label class=\"quform-label-text\" for=\"quform_77_9_18602a\">NPA<span class=\"quform-required\">*<\/span><\/label><\/div><div class=\"quform-inner quform-inner-text quform-inner-77_9\"><div class=\"quform-input quform-input-text quform-input-77_9 quform-cf\"><input type=\"text\" id=\"quform_77_9_18602a\" name=\"quform_77_9\" class=\"quform-field quform-field-text quform-field-77_9\" \/><\/div><\/div><\/div><\/div><\/div><div class=\"quform-element quform-element-column quform-element-77_8\"><div class=\"quform-element quform-element-text quform-element-77_10 quform-cf quform-element-required\"><div class=\"quform-spacer\"><div class=\"quform-label quform-label-77_10\"><label class=\"quform-label-text\" for=\"quform_77_10_18602a\">Lieu <span class=\"quform-required\">*<\/span><\/label><\/div><div class=\"quform-inner quform-inner-text quform-inner-77_10\"><div class=\"quform-input quform-input-text quform-input-77_10 quform-cf\"><input type=\"text\" id=\"quform_77_10_18602a\" name=\"quform_77_10\" class=\"quform-field quform-field-text quform-field-77_10\" \/><\/div><\/div><\/div><\/div><\/div><\/div><div class=\"quform-element quform-element-text quform-element-77_11 quform-cf quform-element-optional\"><div class=\"quform-spacer\"><div class=\"quform-label quform-label-77_11\"><label class=\"quform-label-text\" for=\"quform_77_11_18602a\">Autre adresse de facturation<\/label><\/div><div class=\"quform-inner quform-inner-text quform-inner-77_11\"><div class=\"quform-input quform-input-text quform-input-77_11 quform-cf\"><input type=\"text\" id=\"quform_77_11_18602a\" name=\"quform_77_11\" class=\"quform-field quform-field-text quform-field-77_11\" \/><\/div><\/div><\/div><\/div><div class=\"quform-element quform-element-text quform-element-77_12 quform-cf quform-element-required\"><div class=\"quform-spacer\"><div class=\"quform-label quform-label-77_12\"><label class=\"quform-label-text\" for=\"quform_77_12_18602a\">Num\u00e9ro de t\u00e9l\u00e9phone<span class=\"quform-required\">*<\/span><\/label><\/div><div class=\"quform-inner quform-inner-text quform-inner-77_12\"><div class=\"quform-input quform-input-text quform-input-77_12 quform-cf\"><input type=\"text\" id=\"quform_77_12_18602a\" name=\"quform_77_12\" class=\"quform-field quform-field-text quform-field-77_12\" \/><\/div><\/div><\/div><\/div><div class=\"quform-element quform-element-text quform-element-77_13 quform-cf quform-element-required\"><div class=\"quform-spacer\"><div class=\"quform-label quform-label-77_13\"><label class=\"quform-label-text\" for=\"quform_77_13_18602a\">Adresse e-mail<span class=\"quform-required\">*<\/span><\/label><\/div><div class=\"quform-inner quform-inner-text quform-inner-77_13\"><div class=\"quform-input quform-input-text quform-input-77_13 quform-cf\"><input type=\"text\" id=\"quform_77_13_18602a\" name=\"quform_77_13\" class=\"quform-field quform-field-text quform-field-77_13\" \/><\/div><p class=\"quform-description quform-description-below\">Votre adresse e-mail servira de nom d'utilisateur pour vous connecter \u00e0 l'Electrosuisse Academy.<\/p><\/div><\/div><\/div><div class=\"quform-element quform-element-text quform-element-77_14 quform-cf quform-element-optional\"><div class=\"quform-spacer\"><div class=\"quform-label quform-label-77_14\"><label class=\"quform-label-text\" for=\"quform_77_14_18602a\">Remarques, messages<\/label><\/div><div class=\"quform-inner quform-inner-text quform-inner-77_14\"><div class=\"quform-input quform-input-text quform-input-77_14 quform-cf\"><input type=\"text\" id=\"quform_77_14_18602a\" name=\"quform_77_14\" class=\"quform-field quform-field-text quform-field-77_14\" \/><\/div><\/div><\/div><\/div><div class=\"quform-element quform-element-submit quform-element-77_2 quform-cf quform-button-style-theme\"><div class=\"quform-button-submit quform-button-submit-default quform-button-submit-77_2\"><button name=\"quform_submit\" type=\"submit\" class=\"quform-submit\" value=\"submit\"><span class=\"quform-button-text quform-button-submit-text\">Soumettre<\/span><\/button><\/div><div class=\"quform-loading quform-loading-position-left quform-loading-type-spinner-1\"><div class=\"quform-loading-inner\"><div class=\"quform-loading-spinner\"><div class=\"quform-loading-spinner-inner\"><\/div><\/div><\/div><\/div><\/div><\/div><\/div><\/div><\/div><\/form><\/div><\/div><\/div>[\/vc_column][\/vc_row]<\/p>\n<\/div>","protected":false},"excerpt":{"rendered":"<p>[vc_row][vc_column][vc_column_text css=&#8221;&#8221;] Inscription \u00e0 la formation en ligne compl\u00e9mentaire Manipulation s\u00fbre des dangers \u00e9lectriques et optiques dans les syst\u00e8mes de communication [\/vc_column_text][\/vc_column][\/vc_row]<\/p>\n","protected":false},"author":38,"featured_media":0,"parent":0,"menu_order":4,"comment_status":"closed","ping_status":"closed","template":"","meta":{"_acf_changed":false,"_monsterinsights_skip_tracking":false,"_monsterinsights_sitenote_active":false,"_monsterinsights_sitenote_note":"","_monsterinsights_sitenote_category":0,"footnotes":""},"class_list":["post-43869","page","type-page","status-publish","hentry"],"acf":[],"yoast_head":"<!-- This site is optimized with the Yoast SEO Premium plugin v26.4 (Yoast SEO v27.0) - https:\/\/yoast.com\/product\/yoast-seo-premium-wordpress\/ -->\n<title>Inscription \u00e0 la formation en ligne compl\u00e9mentaire : Manipulation s\u00fbre des dangers \u00e9lectriques et optiques dans les syst\u00e8mes de communication - Electrosuisse<\/title>\n<meta name=\"robots\" content=\"index, follow, max-snippet:-1, max-image-preview:large, max-video-preview:-1\" \/>\n<link rel=\"canonical\" href=\"https:\/\/www.electrosuisse.ch\/fr\/inscription-a-la-formation-en-ligne-complementaire-manipulation-sure-des-dangers-electriques-et-optiques-dans-les-systemes-de-communication\/\" \/>\n<meta property=\"og:locale\" content=\"fr_FR\" \/>\n<meta property=\"og:type\" content=\"article\" \/>\n<meta property=\"og:title\" content=\"Inscription \u00e0 la formation en ligne compl\u00e9mentaire : Manipulation s\u00fbre des dangers \u00e9lectriques et optiques dans les syst\u00e8mes de communication - Electrosuisse\" \/>\n<meta property=\"og:description\" content=\"[vc_row][vc_column][vc_column_text css=&#8221;&#8221;] Inscription \u00e0 la formation en ligne compl\u00e9mentaire Manipulation s\u00fbre des dangers \u00e9lectriques et optiques dans les syst\u00e8mes de communication [\/vc_column_text][\/vc_column][\/vc_row]\" \/>\n<meta property=\"og:url\" content=\"https:\/\/www.electrosuisse.ch\/fr\/inscription-a-la-formation-en-ligne-complementaire-manipulation-sure-des-dangers-electriques-et-optiques-dans-les-systemes-de-communication\/\" \/>\n<meta property=\"og:site_name\" content=\"Electrosuisse\" \/>\n<meta property=\"article:modified_time\" content=\"2026-04-07T09:59:35+00:00\" \/>\n<meta property=\"og:image\" content=\"https:\/\/www.electrosuisse.ch\/wp-content\/uploads\/2022\/12\/Electrosuisse_Ueber_uns_1578x650.jpg\" \/>\n\t<meta property=\"og:image:width\" content=\"1578\" \/>\n\t<meta property=\"og:image:height\" content=\"650\" \/>\n\t<meta property=\"og:image:type\" content=\"image\/jpeg\" \/>\n<script type=\"application\/ld+json\" class=\"yoast-schema-graph\">{\"@context\":\"https:\/\/schema.org\",\"@graph\":[{\"@type\":\"WebPage\",\"@id\":\"https:\/\/www.electrosuisse.ch\/fr\/inscription-a-la-formation-en-ligne-complementaire-manipulation-sure-des-dangers-electriques-et-optiques-dans-les-systemes-de-communication\/\",\"url\":\"https:\/\/www.electrosuisse.ch\/fr\/inscription-a-la-formation-en-ligne-complementaire-manipulation-sure-des-dangers-electriques-et-optiques-dans-les-systemes-de-communication\/\",\"name\":\"Inscription \u00e0 la formation en ligne compl\u00e9mentaire : Manipulation s\u00fbre des dangers \u00e9lectriques et optiques dans les syst\u00e8mes de communication - Electrosuisse\",\"isPartOf\":{\"@id\":\"https:\/\/www.electrosuisse.ch\/fr\/#website\"},\"datePublished\":\"2026-04-07T09:21:09+00:00\",\"dateModified\":\"2026-04-07T09:59:35+00:00\",\"inLanguage\":\"fr-FR\",\"potentialAction\":[{\"@type\":\"ReadAction\",\"target\":[\"https:\/\/www.electrosuisse.ch\/fr\/inscription-a-la-formation-en-ligne-complementaire-manipulation-sure-des-dangers-electriques-et-optiques-dans-les-systemes-de-communication\/\"]}]},{\"@type\":\"WebSite\",\"@id\":\"https:\/\/www.electrosuisse.ch\/fr\/#website\",\"url\":\"https:\/\/www.electrosuisse.ch\/fr\/\",\"name\":\"Electrosuisse\",\"description\":\"\",\"publisher\":{\"@id\":\"https:\/\/www.electrosuisse.ch\/fr\/#organization\"},\"potentialAction\":[{\"@type\":\"SearchAction\",\"target\":{\"@type\":\"EntryPoint\",\"urlTemplate\":\"https:\/\/www.electrosuisse.ch\/fr\/?s={search_term_string}\"},\"query-input\":{\"@type\":\"PropertyValueSpecification\",\"valueRequired\":true,\"valueName\":\"search_term_string\"}}],\"inLanguage\":\"fr-FR\"},{\"@type\":\"Organization\",\"@id\":\"https:\/\/www.electrosuisse.ch\/fr\/#organization\",\"name\":\"Electrosuisse\",\"url\":\"https:\/\/www.electrosuisse.ch\/fr\/\",\"logo\":{\"@type\":\"ImageObject\",\"inLanguage\":\"fr-FR\",\"@id\":\"https:\/\/www.electrosuisse.ch\/fr\/#\/schema\/logo\/image\/\",\"url\":\"https:\/\/www.electrosuisse.ch\/wp-content\/uploads\/2025\/04\/Electrosuisse_Logo_696x696.png\",\"contentUrl\":\"https:\/\/www.electrosuisse.ch\/wp-content\/uploads\/2025\/04\/Electrosuisse_Logo_696x696.png\",\"width\":696,\"height\":696,\"caption\":\"Electrosuisse\"},\"image\":{\"@id\":\"https:\/\/www.electrosuisse.ch\/fr\/#\/schema\/logo\/image\/\"},\"sameAs\":[\"https:\/\/www.linkedin.com\/company\/electrosuisse-ag\/posts\/?feedView=all\",\"https:\/\/www.instagram.com\/electrosuisse1889\/\",\"https:\/\/www.youtube.com\/channel\/UCoOxohMiVE0Gjcdis1L09zw\"],\"description\":\"Electrosuisse ist eine anerkannte und unabh\u00e4ngige Fachorganisation, die erstklassige Dienstleistungen und Produkte in den Bereichen Inspektion, Beratung, Pr\u00fcfung, Zertifizierung, Normung und Weiterbildung anbietet. Unsere Expertise umfasst Elektrotechnik, Elektromobilit\u00e4t, Energieberatung, Geb\u00e4udeautomation und Photovoltaik in der Schweiz. Durch die Veranstaltung etablierter Branchen-Events und Fachtagungen f\u00f6rdert Electrosuisse den Wissenstransfer und den fachlichen Austausch. Im Mittelpunkt unserer T\u00e4tigkeiten steht die F\u00f6rderung der sicheren, wirtschaftlichen und umweltgerechten Anwendung der Elektrotechnik.\"}]}<\/script>\n<!-- \/ Yoast SEO Premium plugin. -->","yoast_head_json":{"title":"Inscription \u00e0 la formation en ligne compl\u00e9mentaire : Manipulation s\u00fbre des dangers \u00e9lectriques et optiques dans les syst\u00e8mes de communication - Electrosuisse","robots":{"index":"index","follow":"follow","max-snippet":"max-snippet:-1","max-image-preview":"max-image-preview:large","max-video-preview":"max-video-preview:-1"},"canonical":"https:\/\/www.electrosuisse.ch\/fr\/inscription-a-la-formation-en-ligne-complementaire-manipulation-sure-des-dangers-electriques-et-optiques-dans-les-systemes-de-communication\/","og_locale":"fr_FR","og_type":"article","og_title":"Inscription \u00e0 la formation en ligne compl\u00e9mentaire : Manipulation s\u00fbre des dangers \u00e9lectriques et optiques dans les syst\u00e8mes de communication - Electrosuisse","og_description":"[vc_row][vc_column][vc_column_text css=&#8221;&#8221;] Inscription \u00e0 la formation en ligne compl\u00e9mentaire Manipulation s\u00fbre des dangers \u00e9lectriques et optiques dans les syst\u00e8mes de communication [\/vc_column_text][\/vc_column][\/vc_row]","og_url":"https:\/\/www.electrosuisse.ch\/fr\/inscription-a-la-formation-en-ligne-complementaire-manipulation-sure-des-dangers-electriques-et-optiques-dans-les-systemes-de-communication\/","og_site_name":"Electrosuisse","article_modified_time":"2026-04-07T09:59:35+00:00","og_image":[{"width":1578,"height":650,"url":"https:\/\/www.electrosuisse.ch\/wp-content\/uploads\/2022\/12\/Electrosuisse_Ueber_uns_1578x650.jpg","type":"image\/jpeg"}],"schema":{"@context":"https:\/\/schema.org","@graph":[{"@type":"WebPage","@id":"https:\/\/www.electrosuisse.ch\/fr\/inscription-a-la-formation-en-ligne-complementaire-manipulation-sure-des-dangers-electriques-et-optiques-dans-les-systemes-de-communication\/","url":"https:\/\/www.electrosuisse.ch\/fr\/inscription-a-la-formation-en-ligne-complementaire-manipulation-sure-des-dangers-electriques-et-optiques-dans-les-systemes-de-communication\/","name":"Inscription \u00e0 la formation en ligne compl\u00e9mentaire : Manipulation s\u00fbre des dangers \u00e9lectriques et optiques dans les syst\u00e8mes de communication - Electrosuisse","isPartOf":{"@id":"https:\/\/www.electrosuisse.ch\/fr\/#website"},"datePublished":"2026-04-07T09:21:09+00:00","dateModified":"2026-04-07T09:59:35+00:00","inLanguage":"fr-FR","potentialAction":[{"@type":"ReadAction","target":["https:\/\/www.electrosuisse.ch\/fr\/inscription-a-la-formation-en-ligne-complementaire-manipulation-sure-des-dangers-electriques-et-optiques-dans-les-systemes-de-communication\/"]}]},{"@type":"WebSite","@id":"https:\/\/www.electrosuisse.ch\/fr\/#website","url":"https:\/\/www.electrosuisse.ch\/fr\/","name":"Electrosuisse","description":"","publisher":{"@id":"https:\/\/www.electrosuisse.ch\/fr\/#organization"},"potentialAction":[{"@type":"SearchAction","target":{"@type":"EntryPoint","urlTemplate":"https:\/\/www.electrosuisse.ch\/fr\/?s={search_term_string}"},"query-input":{"@type":"PropertyValueSpecification","valueRequired":true,"valueName":"search_term_string"}}],"inLanguage":"fr-FR"},{"@type":"Organization","@id":"https:\/\/www.electrosuisse.ch\/fr\/#organization","name":"Electrosuisse","url":"https:\/\/www.electrosuisse.ch\/fr\/","logo":{"@type":"ImageObject","inLanguage":"fr-FR","@id":"https:\/\/www.electrosuisse.ch\/fr\/#\/schema\/logo\/image\/","url":"https:\/\/www.electrosuisse.ch\/wp-content\/uploads\/2025\/04\/Electrosuisse_Logo_696x696.png","contentUrl":"https:\/\/www.electrosuisse.ch\/wp-content\/uploads\/2025\/04\/Electrosuisse_Logo_696x696.png","width":696,"height":696,"caption":"Electrosuisse"},"image":{"@id":"https:\/\/www.electrosuisse.ch\/fr\/#\/schema\/logo\/image\/"},"sameAs":["https:\/\/www.linkedin.com\/company\/electrosuisse-ag\/posts\/?feedView=all","https:\/\/www.instagram.com\/electrosuisse1889\/","https:\/\/www.youtube.com\/channel\/UCoOxohMiVE0Gjcdis1L09zw"],"description":"Electrosuisse ist eine anerkannte und unabh\u00e4ngige Fachorganisation, die erstklassige Dienstleistungen und Produkte in den Bereichen Inspektion, Beratung, Pr\u00fcfung, Zertifizierung, Normung und Weiterbildung anbietet. Unsere Expertise umfasst Elektrotechnik, Elektromobilit\u00e4t, Energieberatung, Geb\u00e4udeautomation und Photovoltaik in der Schweiz. Durch die Veranstaltung etablierter Branchen-Events und Fachtagungen f\u00f6rdert Electrosuisse den Wissenstransfer und den fachlichen Austausch. Im Mittelpunkt unserer T\u00e4tigkeiten steht die F\u00f6rderung der sicheren, wirtschaftlichen und umweltgerechten Anwendung der Elektrotechnik."}]}},"amp_enabled":true,"_links":{"self":[{"href":"https:\/\/www.electrosuisse.ch\/fr\/wp-json\/wp\/v2\/pages\/43869","targetHints":{"allow":["GET"]}}],"collection":[{"href":"https:\/\/www.electrosuisse.ch\/fr\/wp-json\/wp\/v2\/pages"}],"about":[{"href":"https:\/\/www.electrosuisse.ch\/fr\/wp-json\/wp\/v2\/types\/page"}],"author":[{"embeddable":true,"href":"https:\/\/www.electrosuisse.ch\/fr\/wp-json\/wp\/v2\/users\/38"}],"replies":[{"embeddable":true,"href":"https:\/\/www.electrosuisse.ch\/fr\/wp-json\/wp\/v2\/comments?post=43869"}],"version-history":[{"count":3,"href":"https:\/\/www.electrosuisse.ch\/fr\/wp-json\/wp\/v2\/pages\/43869\/revisions"}],"predecessor-version":[{"id":43874,"href":"https:\/\/www.electrosuisse.ch\/fr\/wp-json\/wp\/v2\/pages\/43869\/revisions\/43874"}],"wp:attachment":[{"href":"https:\/\/www.electrosuisse.ch\/fr\/wp-json\/wp\/v2\/media?parent=43869"}],"curies":[{"name":"wp","href":"https:\/\/api.w.org\/{rel}","templated":true}]}}