{"id":43794,"date":"2026-04-01T10:33:11","date_gmt":"2026-04-01T08:33:11","guid":{"rendered":"https:\/\/www.electrosuisse.ch\/?page_id=43794"},"modified":"2026-04-01T11:07:55","modified_gmt":"2026-04-01T09:07:55","slug":"inscription-a-la-formation-en-ligne-complementaire-cours-dinstruction-acces-aux-stations-de-transformation","status":"publish","type":"page","link":"https:\/\/www.electrosuisse.ch\/fr\/inscription-a-la-formation-en-ligne-complementaire-cours-dinstruction-acces-aux-stations-de-transformation\/","title":{"rendered":"Inscription \u00e0 la formation en ligne compl\u00e9mentaire : Cours d&#8217;instruction : Acc\u00e8s aux stations de transformation"},"content":{"rendered":"<div class=\"wpb-content-wrapper\"><p>[vc_row][vc_column][vc_column_text css=&#8221;&#8221;]<\/p>\n<h2>Inscription \u00e0 la formation en ligne compl\u00e9mentaire<\/h2>\n<h3>Cours d\u2019instruction : Acc\u00e8s aux stations de transformation<\/h3>\n<p>[\/vc_column_text]<div class=\"wpb_form_column wpb_content_element\"><div class=\"wpb_wrapper test\"><div id=\"quform-d20638\" class=\"quform quform-74 quform-support-page-caching\"><form id=\"quform-form-d20638\" class=\"quform-form quform-form-74\" action=\"\/fr\/wp-json\/wp\/v2\/pages\/43794#quform-d20638\" method=\"post\" enctype=\"multipart\/form-data\" novalidate=\"novalidate\" data-options=\"{&quot;id&quot;:74,&quot;uniqueId&quot;:&quot;d20638&quot;,&quot;theme&quot;:&quot;&quot;,&quot;ajax&quot;:true,&quot;logic&quot;:{&quot;logic&quot;:[],&quot;dependents&quot;:[],&quot;elementIds&quot;:[],&quot;dependentElementIds&quot;:[],&quot;animate&quot;:true},&quot;currentPageId&quot;:1,&quot;errorsIcon&quot;:&quot;&quot;,&quot;updateFancybox&quot;:true,&quot;hasPages&quot;:false,&quot;pages&quot;:[1],&quot;pageProgressType&quot;:&quot;numbers&quot;,&quot;tooltipsEnabled&quot;:true,&quot;tooltipClasses&quot;:&quot;qtip-quform-dark qtip-shadow&quot;,&quot;tooltipMy&quot;:&quot;left center&quot;,&quot;tooltipAt&quot;:&quot;right center&quot;,&quot;isRtl&quot;:false,&quot;scrollOffset&quot;:-50,&quot;scrollSpeed&quot;:800}\"><button class=\"quform-default-submit\" name=\"quform_submit\" type=\"submit\" value=\"submit\" aria-hidden=\"true\" tabindex=\"-1\"><\/button><div class=\"quform-form-inner quform-form-inner-74\"><input type=\"hidden\" name=\"quform_form_id\" value=\"74\" \/><input type=\"hidden\" name=\"quform_form_uid\" value=\"d20638\" \/><input type=\"hidden\" name=\"quform_count\" value=\"1\" \/><input type=\"hidden\" name=\"form_url\" value=\"https:\/\/www.electrosuisse.ch\/fr\/wp-json\/wp\/v2\/pages\/43794\" \/><input type=\"hidden\" name=\"referring_url\" value=\"\" \/><input type=\"hidden\" name=\"post_id\" value=\"\" \/><input type=\"hidden\" name=\"post_title\" value=\"\" \/><input type=\"hidden\" name=\"quform_current_page_id\" value=\"1\" \/><input type=\"hidden\" name=\"quform_loaded\" value=\"1776233277|dead59a83b1f2a75b478102328f6cf14\" \/><input type=\"hidden\" name=\"quform_csrf_token\" value=\"b6VAbNDM1GRatbetwPqe5cajfa6qymuPrgIjFxVA\" \/><div class=\"quform-elements quform-elements-74 quform-cf quform-responsive-elements-phone-landscape\"><div class=\"quform-element quform-element-page quform-page-1 quform-page-74_1 quform-cf quform-group-style-plain quform-first-page quform-last-page quform-current-page\"><div class=\"quform-child-elements\"><div class=\"quform-element quform-element-name quform-element-74_3 quform-cf quform-element-required\"><div class=\"quform-spacer\"><div class=\"quform-label quform-label-74_3\"><label class=\"quform-label-text\" id=\"quform_74_3_d20638_label\">Nom<span class=\"quform-required\">*<\/span><\/label><\/div><div class=\"quform-inner quform-inner-name quform-inner-74_3\"><div class=\"quform-input quform-input-name quform-input-74_3 quform-cf\"><div class=\"quform-element-row quform-3-columns quform-element-row-size-fixed quform-responsive-columns-phone-landscape\"><div class=\"quform-element-column\"><div class=\"quform-element quform-element-select quform-element-74_3_1 quform-cf quform-element-required\"><div class=\"quform-spacer\"><div class=\"quform-inner quform-inner-select quform-inner-74_3_1\"><div class=\"quform-input quform-input-select quform-input-74_3_1 quform-cf\"><select id=\"quform_74_3_1_d20638\" name=\"quform_74_3[1]\" class=\"quform-field quform-field-select quform-field-74_3_1\" aria-labelledby=\"quform_74_3_d20638_label quform_74_3_1_d20638_sub_label_below\"><option value=\"\" selected=\"selected\">Veuillez s\u00e9lectionner<\/option><option value=\"Madame\">Madame<\/option><option value=\"Monsieur\">Monsieur<\/option><\/select><\/div><label id=\"quform_74_3_1_d20638_sub_label_below\" class=\"quform-sub-label quform-sub-label-below\">Titre<\/label><\/div><\/div><\/div><\/div><div class=\"quform-element-column\"><div class=\"quform-element quform-element-text quform-element-74_3_2 quform-cf quform-element-required\"><div class=\"quform-spacer\"><div class=\"quform-inner quform-inner-text quform-inner-74_3_2\"><div class=\"quform-input quform-input-text quform-input-74_3_2 quform-cf\"><input type=\"text\" id=\"quform_74_3_2_d20638\" name=\"quform_74_3[2]\" class=\"quform-field quform-field-text quform-field-74_3_2\" aria-labelledby=\"quform_74_3_d20638_label quform_74_3_2_d20638_sub_label_below\" \/><\/div><label id=\"quform_74_3_2_d20638_sub_label_below\" class=\"quform-sub-label quform-sub-label-below\">Pr\u00e9nom<\/label><\/div><\/div><\/div><\/div><div class=\"quform-element-column\"><div class=\"quform-element quform-element-text quform-element-74_3_4 quform-cf quform-element-required\"><div class=\"quform-spacer\"><div class=\"quform-inner quform-inner-text quform-inner-74_3_4\"><div class=\"quform-input quform-input-text quform-input-74_3_4 quform-cf\"><input type=\"text\" id=\"quform_74_3_4_d20638\" name=\"quform_74_3[4]\" class=\"quform-field quform-field-text quform-field-74_3_4\" aria-labelledby=\"quform_74_3_d20638_label quform_74_3_4_d20638_sub_label_below\" \/><\/div><label id=\"quform_74_3_4_d20638_sub_label_below\" class=\"quform-sub-label quform-sub-label-below\"> Nom de famille<\/label><\/div><\/div><\/div><\/div><\/div><\/div><\/div><\/div><\/div><div class=\"quform-element quform-element-text quform-element-74_4 quform-cf quform-element-required\"><div class=\"quform-spacer\"><div class=\"quform-label quform-label-74_4\"><label class=\"quform-label-text\" for=\"quform_74_4_d20638\">Soci\u00e9t\u00e9<span class=\"quform-required\">*<\/span><\/label><\/div><div class=\"quform-inner quform-inner-text quform-inner-74_4\"><div class=\"quform-input quform-input-text quform-input-74_4 quform-cf\"><input type=\"text\" id=\"quform_74_4_d20638\" name=\"quform_74_4\" class=\"quform-field quform-field-text quform-field-74_4\" \/><\/div><\/div><\/div><\/div><div class=\"quform-element quform-element-text quform-element-74_5 quform-cf quform-element-required\"><div class=\"quform-spacer\"><div class=\"quform-label quform-label-74_5\"><label class=\"quform-label-text\" for=\"quform_74_5_d20638\">N\u00b0 de rue \/ bo\u00eete postale<span class=\"quform-required\">*<\/span><\/label><\/div><div class=\"quform-inner quform-inner-text quform-inner-74_5\"><div class=\"quform-input quform-input-text quform-input-74_5 quform-cf\"><input type=\"text\" id=\"quform_74_5_d20638\" name=\"quform_74_5\" class=\"quform-field quform-field-text quform-field-74_5\" \/><\/div><\/div><\/div><\/div><div class=\"quform-element quform-element-textarea quform-element-74_533702 quform-sr-only quform-cf\" style=\"clip: rect(1px, 1px, 1px, 1px); clip-path: inset(50%); position: absolute !important; height: 1px; width: 1px; overflow: hidden;\"><div class=\"quform-spacer\"><div class=\"quform-label quform-label-74_533702\"><label class=\"quform-label-text\" for=\"quform_74_533702_d20638\">Phone Number<span class=\"quform-required\">*<\/span><\/label><\/div><div class=\"quform-inner quform-inner-74_533702\"><textarea id=\"quform_74_533702_d20638\" name=\"quform_74_533702\" class=\"quform-field quform-field-textarea quform-field-74_533702\" tabindex=\"-1\" autocomplete=\"new-password\"><\/textarea><\/div><\/div><\/div><div class=\"quform-element quform-element-row quform-element-row-74_6 quform-2-columns quform-element-row-size-fixed quform-responsive-columns-phone-landscape\"><div class=\"quform-element quform-element-column quform-element-74_7\"><div class=\"quform-element quform-element-text quform-element-74_9 quform-cf quform-element-required\"><div class=\"quform-spacer\"><div class=\"quform-label quform-label-74_9\"><label class=\"quform-label-text\" for=\"quform_74_9_d20638\">NPA<span class=\"quform-required\">*<\/span><\/label><\/div><div class=\"quform-inner quform-inner-text quform-inner-74_9\"><div class=\"quform-input quform-input-text quform-input-74_9 quform-cf\"><input type=\"text\" id=\"quform_74_9_d20638\" name=\"quform_74_9\" class=\"quform-field quform-field-text quform-field-74_9\" \/><\/div><\/div><\/div><\/div><\/div><div class=\"quform-element quform-element-column quform-element-74_8\"><div class=\"quform-element quform-element-text quform-element-74_10 quform-cf quform-element-required\"><div class=\"quform-spacer\"><div class=\"quform-label quform-label-74_10\"><label class=\"quform-label-text\" for=\"quform_74_10_d20638\">Lieu <span class=\"quform-required\">*<\/span><\/label><\/div><div class=\"quform-inner quform-inner-text quform-inner-74_10\"><div class=\"quform-input quform-input-text quform-input-74_10 quform-cf\"><input type=\"text\" id=\"quform_74_10_d20638\" name=\"quform_74_10\" class=\"quform-field quform-field-text quform-field-74_10\" \/><\/div><\/div><\/div><\/div><\/div><\/div><div class=\"quform-element quform-element-text quform-element-74_11 quform-cf quform-element-optional\"><div class=\"quform-spacer\"><div class=\"quform-label quform-label-74_11\"><label class=\"quform-label-text\" for=\"quform_74_11_d20638\">Autre adresse de facturation<\/label><\/div><div class=\"quform-inner quform-inner-text quform-inner-74_11\"><div class=\"quform-input quform-input-text quform-input-74_11 quform-cf\"><input type=\"text\" id=\"quform_74_11_d20638\" name=\"quform_74_11\" class=\"quform-field quform-field-text quform-field-74_11\" \/><\/div><\/div><\/div><\/div><div class=\"quform-element quform-element-text quform-element-74_12 quform-cf quform-element-required\"><div class=\"quform-spacer\"><div class=\"quform-label quform-label-74_12\"><label class=\"quform-label-text\" for=\"quform_74_12_d20638\">Num\u00e9ro de t\u00e9l\u00e9phone<span class=\"quform-required\">*<\/span><\/label><\/div><div class=\"quform-inner quform-inner-text quform-inner-74_12\"><div class=\"quform-input quform-input-text quform-input-74_12 quform-cf\"><input type=\"text\" id=\"quform_74_12_d20638\" name=\"quform_74_12\" class=\"quform-field quform-field-text quform-field-74_12\" \/><\/div><\/div><\/div><\/div><div class=\"quform-element quform-element-text quform-element-74_13 quform-cf quform-element-required\"><div class=\"quform-spacer\"><div class=\"quform-label quform-label-74_13\"><label class=\"quform-label-text\" for=\"quform_74_13_d20638\">Adresse e-mail<span class=\"quform-required\">*<\/span><\/label><\/div><div class=\"quform-inner quform-inner-text quform-inner-74_13\"><div class=\"quform-input quform-input-text quform-input-74_13 quform-cf\"><input type=\"text\" id=\"quform_74_13_d20638\" name=\"quform_74_13\" class=\"quform-field quform-field-text quform-field-74_13\" \/><\/div><p class=\"quform-description quform-description-below\">Votre adresse e-mail servira de nom d'utilisateur pour vous connecter \u00e0 l'Electrosuisse Academy.<\/p><\/div><\/div><\/div><div class=\"quform-element quform-element-text quform-element-74_14 quform-cf quform-element-optional\"><div class=\"quform-spacer\"><div class=\"quform-label quform-label-74_14\"><label class=\"quform-label-text\" for=\"quform_74_14_d20638\">Remarques, messages<\/label><\/div><div class=\"quform-inner quform-inner-text quform-inner-74_14\"><div class=\"quform-input quform-input-text quform-input-74_14 quform-cf\"><input type=\"text\" id=\"quform_74_14_d20638\" name=\"quform_74_14\" class=\"quform-field quform-field-text quform-field-74_14\" \/><\/div><\/div><\/div><\/div><div class=\"quform-element quform-element-submit quform-element-74_2 quform-cf quform-button-style-theme\"><div class=\"quform-button-submit quform-button-submit-default quform-button-submit-74_2\"><button name=\"quform_submit\" type=\"submit\" class=\"quform-submit\" value=\"submit\"><span class=\"quform-button-text quform-button-submit-text\">Soumettre<\/span><\/button><\/div><div class=\"quform-loading quform-loading-position-left quform-loading-type-spinner-1\"><div class=\"quform-loading-inner\"><div class=\"quform-loading-spinner\"><div class=\"quform-loading-spinner-inner\"><\/div><\/div><\/div><\/div><\/div><\/div><\/div><\/div><\/div><\/form><\/div><\/div><\/div>[\/vc_column][\/vc_row]<\/p>\n<\/div>","protected":false},"excerpt":{"rendered":"<p>[vc_row][vc_column][vc_column_text css=&#8221;&#8221;] Inscription \u00e0 la formation en ligne compl\u00e9mentaire Cours d\u2019instruction : Acc\u00e8s aux stations de transformation [\/vc_column_text][\/vc_column][\/vc_row]<\/p>\n","protected":false},"author":38,"featured_media":0,"parent":0,"menu_order":8,"comment_status":"closed","ping_status":"closed","template":"","meta":{"_acf_changed":false,"_monsterinsights_skip_tracking":false,"_monsterinsights_sitenote_active":false,"_monsterinsights_sitenote_note":"","_monsterinsights_sitenote_category":0,"footnotes":""},"class_list":["post-43794","page","type-page","status-publish","hentry"],"acf":[],"yoast_head":"<!-- This site is optimized with the Yoast SEO Premium plugin v26.4 (Yoast SEO v27.0) - https:\/\/yoast.com\/product\/yoast-seo-premium-wordpress\/ -->\n<title>Inscription \u00e0 la formation en ligne compl\u00e9mentaire : Cours d&#039;instruction : Acc\u00e8s aux stations de transformation - Electrosuisse<\/title>\n<meta name=\"robots\" content=\"index, follow, max-snippet:-1, max-image-preview:large, max-video-preview:-1\" \/>\n<link rel=\"canonical\" href=\"https:\/\/www.electrosuisse.ch\/fr\/inscription-a-la-formation-en-ligne-complementaire-cours-dinstruction-acces-aux-stations-de-transformation\/\" \/>\n<meta property=\"og:locale\" content=\"fr_FR\" \/>\n<meta property=\"og:type\" content=\"article\" \/>\n<meta property=\"og:title\" content=\"Inscription \u00e0 la formation en ligne compl\u00e9mentaire : Cours d&#039;instruction : Acc\u00e8s aux stations de transformation - Electrosuisse\" \/>\n<meta property=\"og:description\" content=\"[vc_row][vc_column][vc_column_text css=&#8221;&#8221;] Inscription \u00e0 la formation en ligne compl\u00e9mentaire Cours d\u2019instruction : Acc\u00e8s aux stations de transformation [\/vc_column_text][\/vc_column][\/vc_row]\" \/>\n<meta property=\"og:url\" content=\"https:\/\/www.electrosuisse.ch\/fr\/inscription-a-la-formation-en-ligne-complementaire-cours-dinstruction-acces-aux-stations-de-transformation\/\" \/>\n<meta property=\"og:site_name\" content=\"Electrosuisse\" \/>\n<meta property=\"article:modified_time\" content=\"2026-04-01T09:07:55+00:00\" \/>\n<meta property=\"og:image\" content=\"https:\/\/www.electrosuisse.ch\/wp-content\/uploads\/2022\/12\/Electrosuisse_Ueber_uns_1578x650.jpg\" \/>\n\t<meta property=\"og:image:width\" content=\"1578\" \/>\n\t<meta property=\"og:image:height\" content=\"650\" \/>\n\t<meta property=\"og:image:type\" content=\"image\/jpeg\" \/>\n<script type=\"application\/ld+json\" class=\"yoast-schema-graph\">{\"@context\":\"https:\/\/schema.org\",\"@graph\":[{\"@type\":\"WebPage\",\"@id\":\"https:\/\/www.electrosuisse.ch\/fr\/inscription-a-la-formation-en-ligne-complementaire-cours-dinstruction-acces-aux-stations-de-transformation\/\",\"url\":\"https:\/\/www.electrosuisse.ch\/fr\/inscription-a-la-formation-en-ligne-complementaire-cours-dinstruction-acces-aux-stations-de-transformation\/\",\"name\":\"Inscription \u00e0 la formation en ligne compl\u00e9mentaire : Cours d'instruction : Acc\u00e8s aux stations de transformation - Electrosuisse\",\"isPartOf\":{\"@id\":\"https:\/\/www.electrosuisse.ch\/fr\/#website\"},\"datePublished\":\"2026-04-01T08:33:11+00:00\",\"dateModified\":\"2026-04-01T09:07:55+00:00\",\"inLanguage\":\"fr-FR\",\"potentialAction\":[{\"@type\":\"ReadAction\",\"target\":[\"https:\/\/www.electrosuisse.ch\/fr\/inscription-a-la-formation-en-ligne-complementaire-cours-dinstruction-acces-aux-stations-de-transformation\/\"]}]},{\"@type\":\"WebSite\",\"@id\":\"https:\/\/www.electrosuisse.ch\/fr\/#website\",\"url\":\"https:\/\/www.electrosuisse.ch\/fr\/\",\"name\":\"Electrosuisse\",\"description\":\"\",\"publisher\":{\"@id\":\"https:\/\/www.electrosuisse.ch\/fr\/#organization\"},\"potentialAction\":[{\"@type\":\"SearchAction\",\"target\":{\"@type\":\"EntryPoint\",\"urlTemplate\":\"https:\/\/www.electrosuisse.ch\/fr\/?s={search_term_string}\"},\"query-input\":{\"@type\":\"PropertyValueSpecification\",\"valueRequired\":true,\"valueName\":\"search_term_string\"}}],\"inLanguage\":\"fr-FR\"},{\"@type\":\"Organization\",\"@id\":\"https:\/\/www.electrosuisse.ch\/fr\/#organization\",\"name\":\"Electrosuisse\",\"url\":\"https:\/\/www.electrosuisse.ch\/fr\/\",\"logo\":{\"@type\":\"ImageObject\",\"inLanguage\":\"fr-FR\",\"@id\":\"https:\/\/www.electrosuisse.ch\/fr\/#\/schema\/logo\/image\/\",\"url\":\"https:\/\/www.electrosuisse.ch\/wp-content\/uploads\/2025\/04\/Electrosuisse_Logo_696x696.png\",\"contentUrl\":\"https:\/\/www.electrosuisse.ch\/wp-content\/uploads\/2025\/04\/Electrosuisse_Logo_696x696.png\",\"width\":696,\"height\":696,\"caption\":\"Electrosuisse\"},\"image\":{\"@id\":\"https:\/\/www.electrosuisse.ch\/fr\/#\/schema\/logo\/image\/\"},\"sameAs\":[\"https:\/\/www.linkedin.com\/company\/electrosuisse-ag\/posts\/?feedView=all\",\"https:\/\/www.instagram.com\/electrosuisse1889\/\",\"https:\/\/www.youtube.com\/channel\/UCoOxohMiVE0Gjcdis1L09zw\"],\"description\":\"Electrosuisse ist eine anerkannte und unabh\u00e4ngige Fachorganisation, die erstklassige Dienstleistungen und Produkte in den Bereichen Inspektion, Beratung, Pr\u00fcfung, Zertifizierung, Normung und Weiterbildung anbietet. Unsere Expertise umfasst Elektrotechnik, Elektromobilit\u00e4t, Energieberatung, Geb\u00e4udeautomation und Photovoltaik in der Schweiz. Durch die Veranstaltung etablierter Branchen-Events und Fachtagungen f\u00f6rdert Electrosuisse den Wissenstransfer und den fachlichen Austausch. Im Mittelpunkt unserer T\u00e4tigkeiten steht die F\u00f6rderung der sicheren, wirtschaftlichen und umweltgerechten Anwendung der Elektrotechnik.\"}]}<\/script>\n<!-- \/ Yoast SEO Premium plugin. -->","yoast_head_json":{"title":"Inscription \u00e0 la formation en ligne compl\u00e9mentaire : Cours d'instruction : Acc\u00e8s aux stations de transformation - Electrosuisse","robots":{"index":"index","follow":"follow","max-snippet":"max-snippet:-1","max-image-preview":"max-image-preview:large","max-video-preview":"max-video-preview:-1"},"canonical":"https:\/\/www.electrosuisse.ch\/fr\/inscription-a-la-formation-en-ligne-complementaire-cours-dinstruction-acces-aux-stations-de-transformation\/","og_locale":"fr_FR","og_type":"article","og_title":"Inscription \u00e0 la formation en ligne compl\u00e9mentaire : Cours d'instruction : Acc\u00e8s aux stations de transformation - Electrosuisse","og_description":"[vc_row][vc_column][vc_column_text css=&#8221;&#8221;] Inscription \u00e0 la formation en ligne compl\u00e9mentaire Cours d\u2019instruction : Acc\u00e8s aux stations de transformation [\/vc_column_text][\/vc_column][\/vc_row]","og_url":"https:\/\/www.electrosuisse.ch\/fr\/inscription-a-la-formation-en-ligne-complementaire-cours-dinstruction-acces-aux-stations-de-transformation\/","og_site_name":"Electrosuisse","article_modified_time":"2026-04-01T09:07:55+00:00","og_image":[{"width":1578,"height":650,"url":"https:\/\/www.electrosuisse.ch\/wp-content\/uploads\/2022\/12\/Electrosuisse_Ueber_uns_1578x650.jpg","type":"image\/jpeg"}],"schema":{"@context":"https:\/\/schema.org","@graph":[{"@type":"WebPage","@id":"https:\/\/www.electrosuisse.ch\/fr\/inscription-a-la-formation-en-ligne-complementaire-cours-dinstruction-acces-aux-stations-de-transformation\/","url":"https:\/\/www.electrosuisse.ch\/fr\/inscription-a-la-formation-en-ligne-complementaire-cours-dinstruction-acces-aux-stations-de-transformation\/","name":"Inscription \u00e0 la formation en ligne compl\u00e9mentaire : Cours d'instruction : Acc\u00e8s aux stations de transformation - Electrosuisse","isPartOf":{"@id":"https:\/\/www.electrosuisse.ch\/fr\/#website"},"datePublished":"2026-04-01T08:33:11+00:00","dateModified":"2026-04-01T09:07:55+00:00","inLanguage":"fr-FR","potentialAction":[{"@type":"ReadAction","target":["https:\/\/www.electrosuisse.ch\/fr\/inscription-a-la-formation-en-ligne-complementaire-cours-dinstruction-acces-aux-stations-de-transformation\/"]}]},{"@type":"WebSite","@id":"https:\/\/www.electrosuisse.ch\/fr\/#website","url":"https:\/\/www.electrosuisse.ch\/fr\/","name":"Electrosuisse","description":"","publisher":{"@id":"https:\/\/www.electrosuisse.ch\/fr\/#organization"},"potentialAction":[{"@type":"SearchAction","target":{"@type":"EntryPoint","urlTemplate":"https:\/\/www.electrosuisse.ch\/fr\/?s={search_term_string}"},"query-input":{"@type":"PropertyValueSpecification","valueRequired":true,"valueName":"search_term_string"}}],"inLanguage":"fr-FR"},{"@type":"Organization","@id":"https:\/\/www.electrosuisse.ch\/fr\/#organization","name":"Electrosuisse","url":"https:\/\/www.electrosuisse.ch\/fr\/","logo":{"@type":"ImageObject","inLanguage":"fr-FR","@id":"https:\/\/www.electrosuisse.ch\/fr\/#\/schema\/logo\/image\/","url":"https:\/\/www.electrosuisse.ch\/wp-content\/uploads\/2025\/04\/Electrosuisse_Logo_696x696.png","contentUrl":"https:\/\/www.electrosuisse.ch\/wp-content\/uploads\/2025\/04\/Electrosuisse_Logo_696x696.png","width":696,"height":696,"caption":"Electrosuisse"},"image":{"@id":"https:\/\/www.electrosuisse.ch\/fr\/#\/schema\/logo\/image\/"},"sameAs":["https:\/\/www.linkedin.com\/company\/electrosuisse-ag\/posts\/?feedView=all","https:\/\/www.instagram.com\/electrosuisse1889\/","https:\/\/www.youtube.com\/channel\/UCoOxohMiVE0Gjcdis1L09zw"],"description":"Electrosuisse ist eine anerkannte und unabh\u00e4ngige Fachorganisation, die erstklassige Dienstleistungen und Produkte in den Bereichen Inspektion, Beratung, Pr\u00fcfung, Zertifizierung, Normung und Weiterbildung anbietet. Unsere Expertise umfasst Elektrotechnik, Elektromobilit\u00e4t, Energieberatung, Geb\u00e4udeautomation und Photovoltaik in der Schweiz. Durch die Veranstaltung etablierter Branchen-Events und Fachtagungen f\u00f6rdert Electrosuisse den Wissenstransfer und den fachlichen Austausch. Im Mittelpunkt unserer T\u00e4tigkeiten steht die F\u00f6rderung der sicheren, wirtschaftlichen und umweltgerechten Anwendung der Elektrotechnik."}]}},"amp_enabled":true,"_links":{"self":[{"href":"https:\/\/www.electrosuisse.ch\/fr\/wp-json\/wp\/v2\/pages\/43794","targetHints":{"allow":["GET"]}}],"collection":[{"href":"https:\/\/www.electrosuisse.ch\/fr\/wp-json\/wp\/v2\/pages"}],"about":[{"href":"https:\/\/www.electrosuisse.ch\/fr\/wp-json\/wp\/v2\/types\/page"}],"author":[{"embeddable":true,"href":"https:\/\/www.electrosuisse.ch\/fr\/wp-json\/wp\/v2\/users\/38"}],"replies":[{"embeddable":true,"href":"https:\/\/www.electrosuisse.ch\/fr\/wp-json\/wp\/v2\/comments?post=43794"}],"version-history":[{"count":8,"href":"https:\/\/www.electrosuisse.ch\/fr\/wp-json\/wp\/v2\/pages\/43794\/revisions"}],"predecessor-version":[{"id":43802,"href":"https:\/\/www.electrosuisse.ch\/fr\/wp-json\/wp\/v2\/pages\/43794\/revisions\/43802"}],"wp:attachment":[{"href":"https:\/\/www.electrosuisse.ch\/fr\/wp-json\/wp\/v2\/media?parent=43794"}],"curies":[{"name":"wp","href":"https:\/\/api.w.org\/{rel}","templated":true}]}}