{"id":43692,"date":"2026-03-31T08:52:55","date_gmt":"2026-03-31T06:52:55","guid":{"rendered":"https:\/\/www.electrosuisse.ch\/?page_id=43692"},"modified":"2026-04-21T10:09:03","modified_gmt":"2026-04-21T08:09:03","slug":"elektro-thermografie","status":"publish","type":"page","link":"https:\/\/www.electrosuisse.ch\/fr\/controles-et-conseil\/elektro-thermografie\/","title":{"rendered":"Thermographie \u00e9lectrique"},"content":{"rendered":"<div class=\"wpb-content-wrapper\"><p>[vc_row][vc_column][vc_column_text css=&#8221;&#8221; el_class=&#8221;lead&#8221;]Dans les installations \u00e9lectriques les points faibles apparaissent souvent bien avant qu&#8217;ils ne deviennent visibles ou perceptibles. La thermographie est une m\u00e9thode de mesure et d&#8217;analyse \u00e9prouv\u00e9e qui permet d&#8217;identifier ces risques \u00e0 un stade pr\u00e9coce et de les \u00e9liminer de mani\u00e8re cibl\u00e9e.[\/vc_column_text][vc_column_text css=&#8221;&#8221;]Gr\u00e2ce \u00e0 des mesures infrarouges durant le fonctionnement, les anomalies de temp\u00e9rature au niveau des composants \u00e9lectriques deviennent visibles. Comme la temp\u00e9rature et la charge \u00e9lectrique sont directement li\u00e9es, les sources de d\u00e9faillance potentielles peuvent \u00eatre localis\u00e9es de mani\u00e8re fiable avant que des dommages cons\u00e9cutifs co\u00fbteux ne surviennent.<\/p>\n<p>Une analyse r\u00e9guli\u00e8re de l\u2019\u00e9tat des installations et syst\u00e8mes \u00e9lectriques renforce la s\u00e9curit\u00e9 d\u2019exploitation, prolonge la dur\u00e9e de vie des \u00e9quipements et fournit une base solide pour les d\u00e9cisions en mati\u00e8re de maintenance et d\u2019investissement.[\/vc_column_text][vc_column_text css=&#8221;&#8221;]<\/p>\n<h3>Avantages de la thermographie \u00e9lectrique<\/h3>\n<ul>\n<li>D\u00e9tection pr\u00e9coce des points faibles et des surcharges<\/li>\n<li>Mesure sans interruption du fonctionnement<\/li>\n<li>Base d\u00e9cisionnelle objective pour la maintenance et l&#8217;optimisation<\/li>\n<\/ul>\n<p>La thermographie \u00e9lectrique offre une solution efficace pour d\u00e9tecter des probl\u00e8mes tels que les points faibles cach\u00e9s, les dysfonctionnements inexpliqu\u00e9s ou les risques croissants de panne dans les syst\u00e8mes \u00e9lectriques.[\/vc_column_text][\/vc_column][\/vc_row][vc_row el_id=&#8221;offre&#8221;][vc_column][vc_column_text css=&#8221;&#8221;]<\/p>\n<h2>Notre offre<\/h2>\n<p>[\/vc_column_text][vc_row_inner][vc_column_inner width=&#8221;1\/2&#8243;][vc_column_text css=&#8221;&#8221;]Nous proposons des mesures thermographiques professionnelles et ind\u00e9pendantes pour les installations \u00e9lectriques des b\u00e2timents et pour les syst\u00e8mes \u00e9lectriques industriels. Notre approche comprend des mesures infrarouges en cours de fonctionnement, une analyse experte ainsi qu&#8217;une documentation claire accompagn\u00e9e de recommandations pr\u00e9cises. L&#8217;accent est mis sur la s\u00e9curit\u00e9, la disponibilit\u00e9 et la rentabilit\u00e9.[\/vc_column_text][vc_column_text css=&#8221;&#8221;]<\/p>\n<h3>Vos avantages<\/h3>\n<ul>\n<li>S\u00e9curit\u00e9 de fonctionnement accrue<\/li>\n<li>R\u00e9duction des risques d&#8217;incendie et de panne<\/li>\n<li><span data-contrast=\"auto\">Pr\u00e9vention des arr\u00eats impr\u00e9vus et des pertes de production<\/span><\/li>\n<li>Informations claires sur l&#8217;\u00e9tat des installations \u00e9lectriques<\/li>\n<\/ul>\n<p>[\/vc_column_text][\/vc_column_inner][vc_column_inner width=&#8221;1\/2&#8243;]<div class=\"wpb_image_column wpb_content_element\"><div class=\"wpb_wrapper\"><div class=\"picture_container\"><picture><source media=\"(min-width: 769px)\" srcset=\"https:\/\/www.electrosuisse.ch\/wp-content\/uploads\/2019\/03\/Electrosuisse_Thermografie_Messen_Infrarot-570x487.jpg\"><source media=\"(min-width: 415px)\" srcset=\"https:\/\/www.electrosuisse.ch\/wp-content\/uploads\/2019\/03\/Electrosuisse_Thermografie_Messen_Infrarot.jpg\"><source media=\"(max-width: 414px)\" srcset=\"https:\/\/www.electrosuisse.ch\/wp-content\/uploads\/2019\/03\/Electrosuisse_Thermografie_Messen_Infrarot-414x354.jpg 1x, https:\/\/www.electrosuisse.ch\/wp-content\/uploads\/2019\/03\/Electrosuisse_Thermografie_Messen_Infrarot.jpg 2x\"><img decoding=\"async\" src=\"https:\/\/www.electrosuisse.ch\/wp-content\/uploads\/2019\/03\/Electrosuisse_Thermografie_Messen_Infrarot-570x487.jpg\" alt=\"Messen\" \/><\/picture><\/div><\/div><\/div>[\/vc_column_inner][\/vc_row_inner][\/vc_column][\/vc_row][vc_row el_id=&#8221;specialistes&#8221;][vc_column][vc_column_text css=&#8221;&#8221;]<\/p>\n<h2>Nos sp\u00e9cialistes<\/h2>\n<p>En tant qu&#8217;organisme professionnel ind\u00e9pendant dans les domaines de l&#8217;\u00e9lectrotechnique, de l&#8217;\u00e9nergie et des technologies de l&#8217;information, nous r\u00e9unissons des comp\u00e9tences issues de diff\u00e9rents domaines sp\u00e9cialis\u00e9s. Nos sp\u00e9cialistes des domaines de l\u2019\u00e9lectrotechnique, de l\u2019\u00e9nergie et de la s\u00e9curit\u00e9 disposent d\u2019une solide exp\u00e9rience en thermographie et proc\u00e8dent \u00e0 l\u2019analyse de vos installations de mani\u00e8re pragmatique, conforme aux normes et ax\u00e9s sur les objectifs.<\/p>\n<p>Nous vous aidons \u00e0 identifier les risques \u00e0 un stade pr\u00e9coce et \u00e0 am\u00e9liorer durablement la s\u00e9curit\u00e9 ainsi que la disponibilit\u00e9 de votre infrastructure.[\/vc_column_text][\/vc_column][\/vc_row][vc_row][vc_column][vc_column_text css=&#8221;&#8221;]<\/p>\n<h3>L\u2019essentiel en bref<\/h3>\n<p>[\/vc_column_text][vc_column_text css=&#8221;&#8221;]<\/p>\n<ul>\n<li>La thermographie \u00e9lectrique rend visible les anomalies thermiques dans les installations et syst\u00e8mes \u00e9lectriques en cours de fonctionnement.<\/li>\n<li>Elle permet de d\u00e9tecter pr\u00e9cocement les points faibles et r\u00e9duit les risques d&#8217;incendie et de panne.<\/li>\n<li>Des analyses r\u00e9guli\u00e8res de l&#8217;\u00e9tat des installations aident \u00e0 \u00e9viter des pertes de production et des dommages co\u00fbteux.<\/li>\n<li>Cette m\u00e9thode apporte de la visibilit\u00e9, renforce la s\u00e9curit\u00e9 d&#8217;exploitation et favorise une maintenance pr\u00e9ventive.<\/li>\n<li>Une mise en \u0153uvre et une \u00e9valuation dans les r\u00e8gles de l&#8217;art sont d\u00e9cisives pour obtenir des r\u00e9sultats fiables.<\/li>\n<\/ul>\n<p>[\/vc_column_text][\/vc_column][\/vc_row][vc_row el_id=&#8221;contact&#8221;][vc_column][vc_column_text]<\/p>\n<h2>Kontakt<\/h2>\n<p>[\/vc_column_text]<div class=\"wpb_contact_column wpb_content_element wpb_contact_column--container\"><div class=\"wpb_wrapper\"><div class=\"contact_container_outer\"><div class=\"contact_container\"><div class=\"contact row middle-xs\"><div class=\"contact__img col-sm-5 col-xs-12\"><img decoding=\"async\" src=\"https:\/\/www.electrosuisse.ch\/wp-content\/uploads\/2024\/08\/StefanBaer_302x302.png\" alt=\"Stefan B\u00e4r - Chef d'\u00e9quipe Ing\u00e9nierie Est\" \/><\/div><div class=\"contact__info col-sm-7 col-xs-12\"><p><b>Stefan B\u00e4r<\/b><br>Chef d'\u00e9quipe Ing\u00e9nierie Est<\/p><div class=\"phone has-link\"><a href=\"tel:+41585951571\">+41 58 595 15 71<\/a><\/div><div class=\"mail has-link\"><a href=\"mailto:&#x73;&#116;e&#x66;&#97;n&#x2e;&#98;a&#x65;&#114;&#64;&#x65;&#108;e&#x63;&#x74;r&#x6f;&#x73;&#117;&#x69;&#x73;&#115;&#x65;&#x2e;&#99;h\">&#115;&#x74;e&#x66;&#x61;&#110;&#x2e;b&#x61;&#x65;&#114;&#x40;e&#x6c;&#x65;&#99;&#x74;r&#x6f;&#x73;&#117;&#x69;s&#x73;&#x65;&#46;&#x63;h<\/a><\/div><\/div><\/div><\/div><\/div><div class=\"contact_container_outer\"><div class=\"contact_container\"><div class=\"contact row middle-xs\"><div class=\"contact__img col-sm-5 col-xs-12\"><img decoding=\"async\" src=\"https:\/\/www.electrosuisse.ch\/wp-content\/uploads\/2025\/09\/Felix-Bigler_320x320.png\" alt=\"Felix Bigler - Chef d'\u00e9quipe Ing\u00e9nierie Ouest\" \/><\/div><div class=\"contact__info col-sm-7 col-xs-12\"><p><b>Felix Bigler<\/b><br>Chef d'\u00e9quipe Ing\u00e9nierie Ouest<\/p><div class=\"phone has-link\"><a href=\"tel:+41585951575\">+41 58 595 15 75<\/a><\/div><div class=\"mail has-link\"><a href=\"mailto:&#102;&#x65;&#x6c;i&#120;&#x2e;&#x62;i&#103;&#x6c;e&#114;&#x40;&#x65;l&#101;&#x63;t&#114;&#x6f;&#x73;u&#105;&#x73;&#x73;&#101;&#x2e;&#x63;h\">&#102;&#x65;l&#105;&#x78;&#46;&#98;&#x69;g&#x6c;&#x65;&#114;&#x40;e&#108;&#x65;c&#116;&#x72;o&#x73;&#x75;&#105;&#x73;&#x73;&#101;&#x2e;c&#104;<\/a><\/div><\/div><\/div><\/div><\/div><div class=\"contact_container_outer\"><div class=\"contact_container\"><div class=\"contact row middle-xs\"><div class=\"contact__img col-sm-5 col-xs-12\"><img decoding=\"async\" src=\"\/wp-content\/themes\/SCHMUCKI_child\/img\/contact_placeholder.jpg\" alt=\"Conseil, Contr\u00f4les et Ing\u00e9nierie\" \/><\/div><div class=\"contact__info col-sm-7 col-xs-12\"><p><b>Conseil, Contr\u00f4les et Ing\u00e9nierie<\/b><br>Service de Bureau<\/p><div class=\"phone has-link\"><a href=\"tel:+41585951199\">+41 58 595 11 99<\/a><\/div><div class=\"mail has-link\"><a href=\"mailto:&#98;&#x65;&#x72;&#97;&#x74;&#x75;n&#x67;&#x40;e&#108;&#x65;c&#116;&#x72;o&#115;&#x75;i&#115;&#x73;e&#46;&#x63;&#x68;\">b&#101;&#x72;&#x61;&#x74;u&#110;&#x67;&#x40;&#x65;l&#101;&#x63;&#x74;&#x72;o&#115;&#x75;&#x69;&#x73;s&#101;&#x2e;&#x63;&#x68;<\/a><\/div><\/div><\/div><\/div><\/div><\/div><\/div>[\/vc_column][\/vc_row]<\/p>\n<\/div>","protected":false},"excerpt":{"rendered":"<p>[vc_row][vc_column][vc_column_text css=&#8221;&#8221; el_class=&#8221;lead&#8221;]Dans les installations \u00e9lectriques les points faibles apparaissent souvent bien avant qu&#8217;ils ne deviennent visibles ou perceptibles. La thermographie est une m\u00e9thode de mesure et d&#8217;analyse \u00e9prouv\u00e9e qui permet d&#8217;identifier ces risques \u00e0 un stade pr\u00e9coce et de les \u00e9liminer de mani\u00e8re cibl\u00e9e.[\/vc_column_text][vc_column_text css=&#8221;&#8221;]Gr\u00e2ce \u00e0 des mesures infrarouges durant le fonctionnement, les anomalies [&hellip;]<\/p>\n","protected":false},"author":38,"featured_media":0,"parent":22115,"menu_order":192,"comment_status":"closed","ping_status":"closed","template":"","meta":{"_acf_changed":false,"_monsterinsights_skip_tracking":false,"_monsterinsights_sitenote_active":false,"_monsterinsights_sitenote_note":"","_monsterinsights_sitenote_category":0,"footnotes":""},"class_list":["post-43692","page","type-page","status-publish","hentry"],"acf":[],"yoast_head":"<!-- This site is optimized with the Yoast SEO Premium plugin v26.4 (Yoast SEO v27.0) - https:\/\/yoast.com\/product\/yoast-seo-premium-wordpress\/ -->\n<title>Thermographie \u00e9lectrique - Electrosuisse<\/title>\n<meta name=\"description\" content=\"Une analyse r\u00e9guli\u00e8re de l&#039;\u00e9tat de votre installation par thermographie vous \u00e9vite notamment des dommages cons\u00e9cutifs pouvant entra\u00eener des pertes de production co\u00fbteuses.\" \/>\n<meta name=\"robots\" content=\"index, follow, max-snippet:-1, max-image-preview:large, max-video-preview:-1\" \/>\n<link rel=\"canonical\" href=\"https:\/\/www.electrosuisse.ch\/fr\/controles-et-conseil\/elektro-thermografie\/\" \/>\n<meta property=\"og:locale\" content=\"fr_FR\" \/>\n<meta property=\"og:type\" content=\"article\" \/>\n<meta property=\"og:title\" content=\"Thermographie \u00e9lectrique - Electrosuisse\" \/>\n<meta property=\"og:description\" content=\"Une analyse r\u00e9guli\u00e8re de l&#039;\u00e9tat de votre installation par thermographie vous \u00e9vite notamment des dommages cons\u00e9cutifs pouvant entra\u00eener des pertes de production co\u00fbteuses.\" \/>\n<meta property=\"og:url\" content=\"https:\/\/www.electrosuisse.ch\/fr\/controles-et-conseil\/elektro-thermografie\/\" \/>\n<meta property=\"og:site_name\" content=\"Electrosuisse\" \/>\n<meta property=\"article:modified_time\" content=\"2026-04-21T08:09:03+00:00\" \/>\n<meta property=\"og:image\" content=\"https:\/\/www.electrosuisse.ch\/wp-content\/uploads\/2019\/06\/Electrosuisse_Thermografie_Waermebild.jpg\" \/>\n\t<meta property=\"og:image:width\" content=\"1578\" \/>\n\t<meta property=\"og:image:height\" content=\"650\" \/>\n\t<meta property=\"og:image:type\" content=\"image\/jpeg\" \/>\n<script type=\"application\/ld+json\" class=\"yoast-schema-graph\">{\"@context\":\"https:\/\/schema.org\",\"@graph\":[{\"@type\":\"WebPage\",\"@id\":\"https:\/\/www.electrosuisse.ch\/fr\/controles-et-conseil\/elektro-thermografie\/\",\"url\":\"https:\/\/www.electrosuisse.ch\/fr\/controles-et-conseil\/elektro-thermografie\/\",\"name\":\"Thermographie \u00e9lectrique - Electrosuisse\",\"isPartOf\":{\"@id\":\"https:\/\/www.electrosuisse.ch\/fr\/#website\"},\"datePublished\":\"2026-03-31T06:52:55+00:00\",\"dateModified\":\"2026-04-21T08:09:03+00:00\",\"description\":\"Une analyse r\u00e9guli\u00e8re de l'\u00e9tat de votre installation par thermographie vous \u00e9vite notamment des dommages cons\u00e9cutifs pouvant entra\u00eener des pertes de production co\u00fbteuses.\",\"breadcrumb\":{\"@id\":\"https:\/\/www.electrosuisse.ch\/fr\/controles-et-conseil\/elektro-thermografie\/#breadcrumb\"},\"inLanguage\":\"fr-FR\",\"potentialAction\":[{\"@type\":\"ReadAction\",\"target\":[\"https:\/\/www.electrosuisse.ch\/fr\/controles-et-conseil\/elektro-thermografie\/\"]}]},{\"@type\":\"BreadcrumbList\",\"@id\":\"https:\/\/www.electrosuisse.ch\/fr\/controles-et-conseil\/elektro-thermografie\/#breadcrumb\",\"itemListElement\":[{\"@type\":\"ListItem\",\"position\":1,\"name\":\"Contr\u00f4les et conseil\",\"item\":\"https:\/\/www.electrosuisse.ch\/fr\/controles-et-conseil\/\"},{\"@type\":\"ListItem\",\"position\":2,\"name\":\"Thermographie \u00e9lectrique\"}]},{\"@type\":\"WebSite\",\"@id\":\"https:\/\/www.electrosuisse.ch\/fr\/#website\",\"url\":\"https:\/\/www.electrosuisse.ch\/fr\/\",\"name\":\"Electrosuisse\",\"description\":\"\",\"publisher\":{\"@id\":\"https:\/\/www.electrosuisse.ch\/fr\/#organization\"},\"potentialAction\":[{\"@type\":\"SearchAction\",\"target\":{\"@type\":\"EntryPoint\",\"urlTemplate\":\"https:\/\/www.electrosuisse.ch\/fr\/?s={search_term_string}\"},\"query-input\":{\"@type\":\"PropertyValueSpecification\",\"valueRequired\":true,\"valueName\":\"search_term_string\"}}],\"inLanguage\":\"fr-FR\"},{\"@type\":\"Organization\",\"@id\":\"https:\/\/www.electrosuisse.ch\/fr\/#organization\",\"name\":\"Electrosuisse\",\"url\":\"https:\/\/www.electrosuisse.ch\/fr\/\",\"logo\":{\"@type\":\"ImageObject\",\"inLanguage\":\"fr-FR\",\"@id\":\"https:\/\/www.electrosuisse.ch\/fr\/#\/schema\/logo\/image\/\",\"url\":\"https:\/\/www.electrosuisse.ch\/wp-content\/uploads\/2025\/04\/Electrosuisse_Logo_696x696.png\",\"contentUrl\":\"https:\/\/www.electrosuisse.ch\/wp-content\/uploads\/2025\/04\/Electrosuisse_Logo_696x696.png\",\"width\":696,\"height\":696,\"caption\":\"Electrosuisse\"},\"image\":{\"@id\":\"https:\/\/www.electrosuisse.ch\/fr\/#\/schema\/logo\/image\/\"},\"sameAs\":[\"https:\/\/www.linkedin.com\/company\/electrosuisse-ag\/posts\/?feedView=all\",\"https:\/\/www.instagram.com\/electrosuisse1889\/\",\"https:\/\/www.youtube.com\/channel\/UCoOxohMiVE0Gjcdis1L09zw\"],\"description\":\"Electrosuisse ist eine anerkannte und unabh\u00e4ngige Fachorganisation, die erstklassige Dienstleistungen und Produkte in den Bereichen Inspektion, Beratung, Pr\u00fcfung, Zertifizierung, Normung und Weiterbildung anbietet. Unsere Expertise umfasst Elektrotechnik, Elektromobilit\u00e4t, Energieberatung, Geb\u00e4udeautomation und Photovoltaik in der Schweiz. Durch die Veranstaltung etablierter Branchen-Events und Fachtagungen f\u00f6rdert Electrosuisse den Wissenstransfer und den fachlichen Austausch. Im Mittelpunkt unserer T\u00e4tigkeiten steht die F\u00f6rderung der sicheren, wirtschaftlichen und umweltgerechten Anwendung der Elektrotechnik.\"}]}<\/script>\n<!-- \/ Yoast SEO Premium plugin. -->","yoast_head_json":{"title":"Thermographie \u00e9lectrique - Electrosuisse","description":"Une analyse r\u00e9guli\u00e8re de l'\u00e9tat de votre installation par thermographie vous \u00e9vite notamment des dommages cons\u00e9cutifs pouvant entra\u00eener des pertes de production co\u00fbteuses.","robots":{"index":"index","follow":"follow","max-snippet":"max-snippet:-1","max-image-preview":"max-image-preview:large","max-video-preview":"max-video-preview:-1"},"canonical":"https:\/\/www.electrosuisse.ch\/fr\/controles-et-conseil\/elektro-thermografie\/","og_locale":"fr_FR","og_type":"article","og_title":"Thermographie \u00e9lectrique - Electrosuisse","og_description":"Une analyse r\u00e9guli\u00e8re de l'\u00e9tat de votre installation par thermographie vous \u00e9vite notamment des dommages cons\u00e9cutifs pouvant entra\u00eener des pertes de production co\u00fbteuses.","og_url":"https:\/\/www.electrosuisse.ch\/fr\/controles-et-conseil\/elektro-thermografie\/","og_site_name":"Electrosuisse","article_modified_time":"2026-04-21T08:09:03+00:00","og_image":[{"width":1578,"height":650,"url":"https:\/\/www.electrosuisse.ch\/wp-content\/uploads\/2019\/06\/Electrosuisse_Thermografie_Waermebild.jpg","type":"image\/jpeg"}],"schema":{"@context":"https:\/\/schema.org","@graph":[{"@type":"WebPage","@id":"https:\/\/www.electrosuisse.ch\/fr\/controles-et-conseil\/elektro-thermografie\/","url":"https:\/\/www.electrosuisse.ch\/fr\/controles-et-conseil\/elektro-thermografie\/","name":"Thermographie \u00e9lectrique - Electrosuisse","isPartOf":{"@id":"https:\/\/www.electrosuisse.ch\/fr\/#website"},"datePublished":"2026-03-31T06:52:55+00:00","dateModified":"2026-04-21T08:09:03+00:00","description":"Une analyse r\u00e9guli\u00e8re de l'\u00e9tat de votre installation par thermographie vous \u00e9vite notamment des dommages cons\u00e9cutifs pouvant entra\u00eener des pertes de production co\u00fbteuses.","breadcrumb":{"@id":"https:\/\/www.electrosuisse.ch\/fr\/controles-et-conseil\/elektro-thermografie\/#breadcrumb"},"inLanguage":"fr-FR","potentialAction":[{"@type":"ReadAction","target":["https:\/\/www.electrosuisse.ch\/fr\/controles-et-conseil\/elektro-thermografie\/"]}]},{"@type":"BreadcrumbList","@id":"https:\/\/www.electrosuisse.ch\/fr\/controles-et-conseil\/elektro-thermografie\/#breadcrumb","itemListElement":[{"@type":"ListItem","position":1,"name":"Contr\u00f4les et conseil","item":"https:\/\/www.electrosuisse.ch\/fr\/controles-et-conseil\/"},{"@type":"ListItem","position":2,"name":"Thermographie \u00e9lectrique"}]},{"@type":"WebSite","@id":"https:\/\/www.electrosuisse.ch\/fr\/#website","url":"https:\/\/www.electrosuisse.ch\/fr\/","name":"Electrosuisse","description":"","publisher":{"@id":"https:\/\/www.electrosuisse.ch\/fr\/#organization"},"potentialAction":[{"@type":"SearchAction","target":{"@type":"EntryPoint","urlTemplate":"https:\/\/www.electrosuisse.ch\/fr\/?s={search_term_string}"},"query-input":{"@type":"PropertyValueSpecification","valueRequired":true,"valueName":"search_term_string"}}],"inLanguage":"fr-FR"},{"@type":"Organization","@id":"https:\/\/www.electrosuisse.ch\/fr\/#organization","name":"Electrosuisse","url":"https:\/\/www.electrosuisse.ch\/fr\/","logo":{"@type":"ImageObject","inLanguage":"fr-FR","@id":"https:\/\/www.electrosuisse.ch\/fr\/#\/schema\/logo\/image\/","url":"https:\/\/www.electrosuisse.ch\/wp-content\/uploads\/2025\/04\/Electrosuisse_Logo_696x696.png","contentUrl":"https:\/\/www.electrosuisse.ch\/wp-content\/uploads\/2025\/04\/Electrosuisse_Logo_696x696.png","width":696,"height":696,"caption":"Electrosuisse"},"image":{"@id":"https:\/\/www.electrosuisse.ch\/fr\/#\/schema\/logo\/image\/"},"sameAs":["https:\/\/www.linkedin.com\/company\/electrosuisse-ag\/posts\/?feedView=all","https:\/\/www.instagram.com\/electrosuisse1889\/","https:\/\/www.youtube.com\/channel\/UCoOxohMiVE0Gjcdis1L09zw"],"description":"Electrosuisse ist eine anerkannte und unabh\u00e4ngige Fachorganisation, die erstklassige Dienstleistungen und Produkte in den Bereichen Inspektion, Beratung, Pr\u00fcfung, Zertifizierung, Normung und Weiterbildung anbietet. Unsere Expertise umfasst Elektrotechnik, Elektromobilit\u00e4t, Energieberatung, Geb\u00e4udeautomation und Photovoltaik in der Schweiz. Durch die Veranstaltung etablierter Branchen-Events und Fachtagungen f\u00f6rdert Electrosuisse den Wissenstransfer und den fachlichen Austausch. Im Mittelpunkt unserer T\u00e4tigkeiten steht die F\u00f6rderung der sicheren, wirtschaftlichen und umweltgerechten Anwendung der Elektrotechnik."}]}},"amp_enabled":true,"_links":{"self":[{"href":"https:\/\/www.electrosuisse.ch\/fr\/wp-json\/wp\/v2\/pages\/43692","targetHints":{"allow":["GET"]}}],"collection":[{"href":"https:\/\/www.electrosuisse.ch\/fr\/wp-json\/wp\/v2\/pages"}],"about":[{"href":"https:\/\/www.electrosuisse.ch\/fr\/wp-json\/wp\/v2\/types\/page"}],"author":[{"embeddable":true,"href":"https:\/\/www.electrosuisse.ch\/fr\/wp-json\/wp\/v2\/users\/38"}],"replies":[{"embeddable":true,"href":"https:\/\/www.electrosuisse.ch\/fr\/wp-json\/wp\/v2\/comments?post=43692"}],"version-history":[{"count":10,"href":"https:\/\/www.electrosuisse.ch\/fr\/wp-json\/wp\/v2\/pages\/43692\/revisions"}],"predecessor-version":[{"id":44636,"href":"https:\/\/www.electrosuisse.ch\/fr\/wp-json\/wp\/v2\/pages\/43692\/revisions\/44636"}],"up":[{"embeddable":true,"href":"https:\/\/www.electrosuisse.ch\/fr\/wp-json\/wp\/v2\/pages\/22115"}],"wp:attachment":[{"href":"https:\/\/www.electrosuisse.ch\/fr\/wp-json\/wp\/v2\/media?parent=43692"}],"curies":[{"name":"wp","href":"https:\/\/api.w.org\/{rel}","templated":true}]}}