{"id":4152,"date":"2018-06-24T11:10:57","date_gmt":"2018-06-24T09:10:57","guid":{"rendered":"https:\/\/www.electrosuisse.ch\/inspektion-engineering\/zertifizierung\/pruefung-gemaess-niv\/"},"modified":"2019-11-01T11:07:22","modified_gmt":"2019-11-01T10:07:22","slug":"pruefung-gemaess-niv","status":"publish","type":"page","link":"https:\/\/www.electrosuisse.ch\/fr\/realisation\/pruefung-gemaess-niv\/","title":{"rendered":"Pr\u00fcfung gem\u00e4ss NIV"},"content":{"rendered":"<div class=\"wpb-content-wrapper\"><p>[vc_row][vc_column][vc_column_text]<\/p>\n<h1>Sicherheitsnachweis einfach und effizient<\/h1>\n<p>Als akkreditierte und zertifizierte Inspektionsstelle unterst\u00fctzen wir Sie bei der technische Kontrolle Ihrer Hoch- und Niederspannungsinstallationen.<\/p>\n<p>Wir \u00fcbernehmen f\u00fcr Sie die Aufgaben gegen\u00fcber dem <a href=\"https:\/\/www.esti.admin.ch\" target=\"_blank\" rel=\"noopener noreferrer\">Eidg. Starkstrominspektorat (ESTI)<\/a>, erstellen den Sicherheitsnachweis (Sina) und sind Ihre neutrale Vertretung bei Rechtsfragen betreffend den Installationen. Als akkreditierte und zertifizierte Inspektionsstelle bieten wir periodische Kontrollen von Hoch- und Niederspannungsanlagen in der ganzen Schweiz an, erstellen Sicherheitsnachweise nach Art. 36 der NIV und Akkreditierungen f\u00fcr alle technischen Bereiche.<\/p>\n<p>Electrosuisse ist akkreditierte <a href=\"https:\/\/www.electrosuisse.ch\/de\/download\/sis-0072\/\" target=\"_blank\" rel=\"noopener noreferrer\">Inspektionsstelle SIS 072<\/a>.<br \/>\nZertifiziert: ISO 9001, <a href=\"https:\/\/ekas.ch\/startseite\" target=\"_blank\" rel=\"noopener noreferrer\">EKAS<\/a>.[\/vc_column_text]<div class=\"wpb_quote_column wpb_content_element wpb_content_element--center\"><div class=\"wpb_wrapper\"><div class=\"quote\"><div class=\"quote__content\">Unsere Beratungsingenieure und Inspektoren unterst\u00fctzen Sie mit umfangreichem Fachwissen. Vertrauen Sie auf unsere Erfahrung, die auf eine \u00fcber 100-j\u00e4hrige T\u00e4tigkeit zur\u00fcckblickt.<\/div><div class=\"quote__author\">Bj\u00f6rn Avak, Electrosuisse<\/div><\/div><\/div><\/div>[vc_column_text]<\/p>\n<p class=\"bodytext\">Mit langj\u00e4hriger Erfahrung auf dem Gebiet der Hoch- und Niederspannungs-Installationen, aktuellem Fachwissen und st\u00e4ndiger Vernetzung des Fachpersonals, bieten wir Ihnen in der ganzen Schweiz das Beste. Profitieren Sie vom Wissenstransfer in allen Sparten und Regionen.<\/p>\n<p>[\/vc_column_text][\/vc_column][\/vc_row][vc_row][vc_column]<div class=\"wpb_contact_column wpb_content_element wpb_content_element--\"><div class=\"wpb_wrapper\"><div class=\"contact_container\"><div class=\"contact row middle-xs\"><div class=\"contact__img col-sm-5 col-xs-12\"><img decoding=\"async\" src=\"\/wp-content\/themes\/SCHMUCKI_child\/img\/contact_placeholder.jpg\" alt=\"Inspektion\" \/><\/div><div class=\"contact__info col-sm-7 col-xs-12\"><p><b>Inspektion<\/b><br>Innendienst<\/p><div class=\"phone has-link\"><a href=\"tel:+41585951199\">+41 58 595 11 99<\/a><\/div><div class=\"mail has-link\"><a href=\"mailto:i&#110;&#x73;&#x70;e&#107;&#x74;&#x69;o&#110;&#x40;&#x65;l&#101;&#x63;&#x74;r&#111;&#x73;&#x75;i&#115;&#115;&#x65;&#x2e;c&#104;\">&#x69;&#x6e;&#115;p&#x65;&#x6b;&#116;&#105;o&#x6e;&#x40;&#101;&#108;e&#x63;&#x74;&#114;os&#x75;&#x69;&#115;s&#x65;&#x2e;&#99;&#104;<\/a><\/div><\/div><\/div><\/div><\/div><\/div>[\/vc_column][\/vc_row]<\/p>\n<\/div>","protected":false},"excerpt":{"rendered":"<p>[vc_row][vc_column][vc_column_text] Sicherheitsnachweis einfach und effizient Als akkreditierte und zertifizierte Inspektionsstelle unterst\u00fctzen wir Sie bei der technische Kontrolle Ihrer Hoch- und Niederspannungsinstallationen. Wir \u00fcbernehmen f\u00fcr Sie die Aufgaben gegen\u00fcber dem Eidg. Starkstrominspektorat (ESTI), erstellen den Sicherheitsnachweis (Sina) und sind Ihre neutrale Vertretung bei Rechtsfragen betreffend den Installationen. Als akkreditierte und zertifizierte Inspektionsstelle bieten wir periodische Kontrollen [&hellip;]<\/p>\n","protected":false},"author":2,"featured_media":0,"parent":4138,"menu_order":290,"comment_status":"closed","ping_status":"closed","template":"","meta":{"_acf_changed":false,"_monsterinsights_skip_tracking":false,"_monsterinsights_sitenote_active":false,"_monsterinsights_sitenote_note":"","_monsterinsights_sitenote_category":0,"footnotes":""},"class_list":["post-4152","page","type-page","status-publish","hentry"],"acf":[],"yoast_head":"<!-- This site is optimized with the Yoast SEO Premium plugin v26.4 (Yoast SEO v27.0) - https:\/\/yoast.com\/product\/yoast-seo-premium-wordpress\/ -->\n<title>Pr\u00fcfung gem\u00e4ss NIV - Electrosuisse<\/title>\n<meta name=\"robots\" content=\"index, follow, max-snippet:-1, max-image-preview:large, max-video-preview:-1\" \/>\n<link rel=\"canonical\" href=\"https:\/\/www.electrosuisse.ch\/fr\/realisation\/pruefung-gemaess-niv\/\" \/>\n<meta property=\"og:locale\" content=\"fr_FR\" \/>\n<meta property=\"og:type\" content=\"article\" \/>\n<meta property=\"og:title\" content=\"Pr\u00fcfung gem\u00e4ss NIV - Electrosuisse\" \/>\n<meta property=\"og:description\" content=\"[vc_row][vc_column][vc_column_text] Sicherheitsnachweis einfach und effizient Als akkreditierte und zertifizierte Inspektionsstelle unterst\u00fctzen wir Sie bei der technische Kontrolle Ihrer Hoch- und Niederspannungsinstallationen. Wir \u00fcbernehmen f\u00fcr Sie die Aufgaben gegen\u00fcber dem Eidg. Starkstrominspektorat (ESTI), erstellen den Sicherheitsnachweis (Sina) und sind Ihre neutrale Vertretung bei Rechtsfragen betreffend den Installationen. Als akkreditierte und zertifizierte Inspektionsstelle bieten wir periodische Kontrollen [&hellip;]\" \/>\n<meta property=\"og:url\" content=\"https:\/\/www.electrosuisse.ch\/fr\/realisation\/pruefung-gemaess-niv\/\" \/>\n<meta property=\"og:site_name\" content=\"Electrosuisse\" \/>\n<meta property=\"article:modified_time\" content=\"2019-11-01T10:07:22+00:00\" \/>\n<meta property=\"og:image\" content=\"https:\/\/www.electrosuisse.ch\/wp-content\/uploads\/2022\/12\/Electrosuisse_Ueber_uns_1578x650.jpg\" \/>\n\t<meta property=\"og:image:width\" content=\"1578\" \/>\n\t<meta property=\"og:image:height\" content=\"650\" \/>\n\t<meta property=\"og:image:type\" content=\"image\/jpeg\" \/>\n<script type=\"application\/ld+json\" class=\"yoast-schema-graph\">{\"@context\":\"https:\/\/schema.org\",\"@graph\":[{\"@type\":\"WebPage\",\"@id\":\"https:\/\/www.electrosuisse.ch\/fr\/realisation\/pruefung-gemaess-niv\/\",\"url\":\"https:\/\/www.electrosuisse.ch\/fr\/realisation\/pruefung-gemaess-niv\/\",\"name\":\"Pr\u00fcfung gem\u00e4ss NIV - Electrosuisse\",\"isPartOf\":{\"@id\":\"https:\/\/www.electrosuisse.ch\/fr\/#website\"},\"datePublished\":\"2018-06-24T09:10:57+00:00\",\"dateModified\":\"2019-11-01T10:07:22+00:00\",\"breadcrumb\":{\"@id\":\"https:\/\/www.electrosuisse.ch\/fr\/realisation\/pruefung-gemaess-niv\/#breadcrumb\"},\"inLanguage\":\"fr-FR\",\"potentialAction\":[{\"@type\":\"ReadAction\",\"target\":[\"https:\/\/www.electrosuisse.ch\/fr\/realisation\/pruefung-gemaess-niv\/\"]}]},{\"@type\":\"BreadcrumbList\",\"@id\":\"https:\/\/www.electrosuisse.ch\/fr\/realisation\/pruefung-gemaess-niv\/#breadcrumb\",\"itemListElement\":[{\"@type\":\"ListItem\",\"position\":1,\"name\":\"Realisation\",\"item\":\"https:\/\/www.electrosuisse.ch\/fr\/realisation\/\"},{\"@type\":\"ListItem\",\"position\":2,\"name\":\"Pr\u00fcfung gem\u00e4ss NIV\"}]},{\"@type\":\"WebSite\",\"@id\":\"https:\/\/www.electrosuisse.ch\/fr\/#website\",\"url\":\"https:\/\/www.electrosuisse.ch\/fr\/\",\"name\":\"Electrosuisse\",\"description\":\"\",\"publisher\":{\"@id\":\"https:\/\/www.electrosuisse.ch\/fr\/#organization\"},\"potentialAction\":[{\"@type\":\"SearchAction\",\"target\":{\"@type\":\"EntryPoint\",\"urlTemplate\":\"https:\/\/www.electrosuisse.ch\/fr\/?s={search_term_string}\"},\"query-input\":{\"@type\":\"PropertyValueSpecification\",\"valueRequired\":true,\"valueName\":\"search_term_string\"}}],\"inLanguage\":\"fr-FR\"},{\"@type\":\"Organization\",\"@id\":\"https:\/\/www.electrosuisse.ch\/fr\/#organization\",\"name\":\"Electrosuisse\",\"url\":\"https:\/\/www.electrosuisse.ch\/fr\/\",\"logo\":{\"@type\":\"ImageObject\",\"inLanguage\":\"fr-FR\",\"@id\":\"https:\/\/www.electrosuisse.ch\/fr\/#\/schema\/logo\/image\/\",\"url\":\"https:\/\/www.electrosuisse.ch\/wp-content\/uploads\/2025\/04\/Electrosuisse_Logo_696x696.png\",\"contentUrl\":\"https:\/\/www.electrosuisse.ch\/wp-content\/uploads\/2025\/04\/Electrosuisse_Logo_696x696.png\",\"width\":696,\"height\":696,\"caption\":\"Electrosuisse\"},\"image\":{\"@id\":\"https:\/\/www.electrosuisse.ch\/fr\/#\/schema\/logo\/image\/\"},\"sameAs\":[\"https:\/\/www.linkedin.com\/company\/electrosuisse-ag\/posts\/?feedView=all\",\"https:\/\/www.instagram.com\/electrosuisse1889\/\",\"https:\/\/www.youtube.com\/channel\/UCoOxohMiVE0Gjcdis1L09zw\"],\"description\":\"Electrosuisse ist eine anerkannte und unabh\u00e4ngige Fachorganisation, die erstklassige Dienstleistungen und Produkte in den Bereichen Inspektion, Beratung, Pr\u00fcfung, Zertifizierung, Normung und Weiterbildung anbietet. Unsere Expertise umfasst Elektrotechnik, Elektromobilit\u00e4t, Energieberatung, Geb\u00e4udeautomation und Photovoltaik in der Schweiz. Durch die Veranstaltung etablierter Branchen-Events und Fachtagungen f\u00f6rdert Electrosuisse den Wissenstransfer und den fachlichen Austausch. Im Mittelpunkt unserer T\u00e4tigkeiten steht die F\u00f6rderung der sicheren, wirtschaftlichen und umweltgerechten Anwendung der Elektrotechnik.\"}]}<\/script>\n<!-- \/ Yoast SEO Premium plugin. -->","yoast_head_json":{"title":"Pr\u00fcfung gem\u00e4ss NIV - Electrosuisse","robots":{"index":"index","follow":"follow","max-snippet":"max-snippet:-1","max-image-preview":"max-image-preview:large","max-video-preview":"max-video-preview:-1"},"canonical":"https:\/\/www.electrosuisse.ch\/fr\/realisation\/pruefung-gemaess-niv\/","og_locale":"fr_FR","og_type":"article","og_title":"Pr\u00fcfung gem\u00e4ss NIV - Electrosuisse","og_description":"[vc_row][vc_column][vc_column_text] Sicherheitsnachweis einfach und effizient Als akkreditierte und zertifizierte Inspektionsstelle unterst\u00fctzen wir Sie bei der technische Kontrolle Ihrer Hoch- und Niederspannungsinstallationen. Wir \u00fcbernehmen f\u00fcr Sie die Aufgaben gegen\u00fcber dem Eidg. Starkstrominspektorat (ESTI), erstellen den Sicherheitsnachweis (Sina) und sind Ihre neutrale Vertretung bei Rechtsfragen betreffend den Installationen. Als akkreditierte und zertifizierte Inspektionsstelle bieten wir periodische Kontrollen [&hellip;]","og_url":"https:\/\/www.electrosuisse.ch\/fr\/realisation\/pruefung-gemaess-niv\/","og_site_name":"Electrosuisse","article_modified_time":"2019-11-01T10:07:22+00:00","og_image":[{"width":1578,"height":650,"url":"https:\/\/www.electrosuisse.ch\/wp-content\/uploads\/2022\/12\/Electrosuisse_Ueber_uns_1578x650.jpg","type":"image\/jpeg"}],"schema":{"@context":"https:\/\/schema.org","@graph":[{"@type":"WebPage","@id":"https:\/\/www.electrosuisse.ch\/fr\/realisation\/pruefung-gemaess-niv\/","url":"https:\/\/www.electrosuisse.ch\/fr\/realisation\/pruefung-gemaess-niv\/","name":"Pr\u00fcfung gem\u00e4ss NIV - Electrosuisse","isPartOf":{"@id":"https:\/\/www.electrosuisse.ch\/fr\/#website"},"datePublished":"2018-06-24T09:10:57+00:00","dateModified":"2019-11-01T10:07:22+00:00","breadcrumb":{"@id":"https:\/\/www.electrosuisse.ch\/fr\/realisation\/pruefung-gemaess-niv\/#breadcrumb"},"inLanguage":"fr-FR","potentialAction":[{"@type":"ReadAction","target":["https:\/\/www.electrosuisse.ch\/fr\/realisation\/pruefung-gemaess-niv\/"]}]},{"@type":"BreadcrumbList","@id":"https:\/\/www.electrosuisse.ch\/fr\/realisation\/pruefung-gemaess-niv\/#breadcrumb","itemListElement":[{"@type":"ListItem","position":1,"name":"Realisation","item":"https:\/\/www.electrosuisse.ch\/fr\/realisation\/"},{"@type":"ListItem","position":2,"name":"Pr\u00fcfung gem\u00e4ss NIV"}]},{"@type":"WebSite","@id":"https:\/\/www.electrosuisse.ch\/fr\/#website","url":"https:\/\/www.electrosuisse.ch\/fr\/","name":"Electrosuisse","description":"","publisher":{"@id":"https:\/\/www.electrosuisse.ch\/fr\/#organization"},"potentialAction":[{"@type":"SearchAction","target":{"@type":"EntryPoint","urlTemplate":"https:\/\/www.electrosuisse.ch\/fr\/?s={search_term_string}"},"query-input":{"@type":"PropertyValueSpecification","valueRequired":true,"valueName":"search_term_string"}}],"inLanguage":"fr-FR"},{"@type":"Organization","@id":"https:\/\/www.electrosuisse.ch\/fr\/#organization","name":"Electrosuisse","url":"https:\/\/www.electrosuisse.ch\/fr\/","logo":{"@type":"ImageObject","inLanguage":"fr-FR","@id":"https:\/\/www.electrosuisse.ch\/fr\/#\/schema\/logo\/image\/","url":"https:\/\/www.electrosuisse.ch\/wp-content\/uploads\/2025\/04\/Electrosuisse_Logo_696x696.png","contentUrl":"https:\/\/www.electrosuisse.ch\/wp-content\/uploads\/2025\/04\/Electrosuisse_Logo_696x696.png","width":696,"height":696,"caption":"Electrosuisse"},"image":{"@id":"https:\/\/www.electrosuisse.ch\/fr\/#\/schema\/logo\/image\/"},"sameAs":["https:\/\/www.linkedin.com\/company\/electrosuisse-ag\/posts\/?feedView=all","https:\/\/www.instagram.com\/electrosuisse1889\/","https:\/\/www.youtube.com\/channel\/UCoOxohMiVE0Gjcdis1L09zw"],"description":"Electrosuisse ist eine anerkannte und unabh\u00e4ngige Fachorganisation, die erstklassige Dienstleistungen und Produkte in den Bereichen Inspektion, Beratung, Pr\u00fcfung, Zertifizierung, Normung und Weiterbildung anbietet. Unsere Expertise umfasst Elektrotechnik, Elektromobilit\u00e4t, Energieberatung, Geb\u00e4udeautomation und Photovoltaik in der Schweiz. Durch die Veranstaltung etablierter Branchen-Events und Fachtagungen f\u00f6rdert Electrosuisse den Wissenstransfer und den fachlichen Austausch. Im Mittelpunkt unserer T\u00e4tigkeiten steht die F\u00f6rderung der sicheren, wirtschaftlichen und umweltgerechten Anwendung der Elektrotechnik."}]}},"amp_enabled":true,"_links":{"self":[{"href":"https:\/\/www.electrosuisse.ch\/fr\/wp-json\/wp\/v2\/pages\/4152","targetHints":{"allow":["GET"]}}],"collection":[{"href":"https:\/\/www.electrosuisse.ch\/fr\/wp-json\/wp\/v2\/pages"}],"about":[{"href":"https:\/\/www.electrosuisse.ch\/fr\/wp-json\/wp\/v2\/types\/page"}],"author":[{"embeddable":true,"href":"https:\/\/www.electrosuisse.ch\/fr\/wp-json\/wp\/v2\/users\/2"}],"replies":[{"embeddable":true,"href":"https:\/\/www.electrosuisse.ch\/fr\/wp-json\/wp\/v2\/comments?post=4152"}],"version-history":[{"count":1,"href":"https:\/\/www.electrosuisse.ch\/fr\/wp-json\/wp\/v2\/pages\/4152\/revisions"}],"predecessor-version":[{"id":33611,"href":"https:\/\/www.electrosuisse.ch\/fr\/wp-json\/wp\/v2\/pages\/4152\/revisions\/33611"}],"up":[{"embeddable":true,"href":"https:\/\/www.electrosuisse.ch\/fr\/wp-json\/wp\/v2\/pages\/4138"}],"wp:attachment":[{"href":"https:\/\/www.electrosuisse.ch\/fr\/wp-json\/wp\/v2\/media?parent=4152"}],"curies":[{"name":"wp","href":"https:\/\/api.w.org\/{rel}","templated":true}]}}