{"id":4148,"date":"2018-06-24T11:10:32","date_gmt":"2018-06-24T09:10:32","guid":{"rendered":"https:\/\/www.electrosuisse.ch\/inspektion-engineering\/realisation\/energienutzungskonzept\/"},"modified":"2026-03-24T14:17:40","modified_gmt":"2026-03-24T13:17:40","slug":"concept-utilisation-de-l-energie","status":"publish","type":"page","link":"https:\/\/www.electrosuisse.ch\/fr\/engineering\/concept-utilisation-de-l-energie\/","title":{"rendered":"Concept d\u2019Utilisation de l\u2019\u00c9nergie"},"content":{"rendered":"<div class=\"wpb-content-wrapper\"><p>[vc_row][vc_column][vc_column_text el_class=&#8221;lead&#8221;]G\u00e9n\u00e9ralement, l\u2019\u00e9nergie est toujours et partout disponible, mais elle ne l\u2019est que rarement sous la forme et dans la quantit\u00e9 pr\u00e9cis\u00e9ment requises. Un concept d\u2019affectation de l\u2019\u00e9nergie permet de mettre en regard les \u00e9nergies disponibles et demand\u00e9es, c\u2019est-\u00e0-dire l\u2019\u00e9lectricit\u00e9, la chaleur et le froid, \u00e0 un moment donn\u00e9. Cette \u00e9valuation fait appara\u00eetre la simultan\u00e9it\u00e9 de l\u2019\u00e9nergie fournie et de l\u2019\u00e9nergie requise. Le syst\u00e8me commence ainsi \u00e0 \u00ab\u00a0vivre\u00a0\u00bb. L\u2019objectif de ce concept d\u2019affectation de l\u2019\u00e9nergie consiste \u00e0 utiliser aussi id\u00e9alement que possible les diverses formes d\u2019\u00e9nergie. Le processus peut ainsi \u00eatre garanti avec un minimum d\u2019\u00e9nergie inject\u00e9e en sus.[\/vc_column_text][\/vc_column][\/vc_row][vc_row el_id=&#8221;angebot&#8221;][vc_column][vc_column_text]<\/p>\n<h3>Notre offre<\/h3>\n<p>[\/vc_column_text]<div class=\"wpb_process_column wpb_content_element\"><div class=\"wpb_wrapper\"><div class=\"process_container\"><div class=\"process\"><div class=\"process__symbol process__symbol--round\"><\/div><div class=\"process__content\"><h4>Analyse des besoins<\/h4><p>Lors du remplacement d\u2019une installation, un concept d\u2019affectation de l\u2019\u00e9nergie s\u2019impose. On ne saurait dimensionner une installation ou un syst\u00e8me de mani\u00e8re optimale en pratique si les besoins effectifs ne sont pas connus.<\/p>\n<\/div><\/div><div class=\"process\"><div class=\"process__symbol process__symbol--round\"><\/div><div class=\"process__content\"><h4>Mesures<\/h4><p>S\u2019agissant d\u2019installations existantes, les flux d\u2019\u00e9nergie (\u00e9lectriques, thermiques) font l\u2019objet de mesures sur site pendant six \u00e0 huit semaines. Les enregistrements sont effectu\u00e9s au moyen de mesures temporaires. Pour assurer une pr\u00e9cision suffisante, les puissances sont mesur\u00e9es toutes les 15\u00a0minutes.<\/p>\n<\/div><\/div><div class=\"process\"><div class=\"process__symbol process__symbol--round\"><\/div><div class=\"process__content\"><h4>Evaluation<\/h4><p>Le concept d\u2019affectation de l\u2019\u00e9nergie est fond\u00e9 sur l\u2019\u00e9valuation des donn\u00e9es. Puis, vous recevez un rapport complet.<\/p>\n<\/div><\/div>\n<\/div><\/div><\/div><div class=\"wpb_gap_column wpb_content_element\"><div class=\"wpb_wrapper\"><div class=\"gap gap--small\"><\/div><\/div><\/div>[vc_column_text]Le syst\u00e8me peut \u00eatre id\u00e9alement adapt\u00e9 \u00e0 vos besoins.<\/p>\n<p>Si vous construisez \u00e0 neuf, nous vous accompagnons volontiers de l\u2019\u00e9valuation \u00e0 la r\u00e9alisation du concept d\u2019affectation de l\u2019\u00e9nergie.[\/vc_column_text][\/vc_column][\/vc_row][vc_row el_id=&#8221;kontakt&#8221;][vc_column][vc_column_text]Souhaitez-vous en savoir plus ?[\/vc_column_text][vc_column_text]<\/p>\n<h2>Contact<\/h2>\n<p>[\/vc_column_text]<div class=\"wpb_contact_column wpb_content_element wpb_contact_column--container\"><div class=\"wpb_wrapper\"><div class=\"contact_container_outer\"><div class=\"contact_container\"><div class=\"contact row middle-xs\"><div class=\"contact__img col-sm-5 col-xs-12\"><img decoding=\"async\" src=\"https:\/\/www.electrosuisse.ch\/wp-content\/uploads\/2024\/08\/StefanBaer_302x302.png\" alt=\"Stefan B\u00e4r - Chef d'\u00e9quipe Ing\u00e9nierie Est\" \/><\/div><div class=\"contact__info col-sm-7 col-xs-12\"><p><b>Stefan B\u00e4r<\/b><br>Chef d'\u00e9quipe Ing\u00e9nierie Est<\/p><div class=\"phone has-link\"><a href=\"tel:+41585951571\">+41 58 595 15 71<\/a><\/div><div class=\"mail has-link\"><a href=\"mailto:&#115;&#116;&#x65;f&#97;&#x6e;&#x2e;b&#97;&#x65;&#x72;&#64;&#101;&#x6c;e&#99;&#x74;&#x72;o&#115;&#x75;&#x69;s&#115;&#x65;&#46;&#99;&#x68;\">ste&#102;&#97;&#110;&#x2e;&#x62;&#x61;&#x65;&#x72;&#x40;ele&#99;&#116;&#114;&#111;&#x73;&#x75;&#x69;&#x73;&#x73;&#x65;&#46;ch<\/a><\/div><\/div><\/div><\/div><\/div><div class=\"contact_container_outer\"><div class=\"contact_container\"><div class=\"contact row middle-xs\"><div class=\"contact__img col-sm-5 col-xs-12\"><img decoding=\"async\" src=\"https:\/\/www.electrosuisse.ch\/wp-content\/uploads\/2025\/09\/Felix-Bigler_320x320.png\" alt=\"Felix Bigler - Chef d'\u00e9quipe Ing\u00e9nierie Ouest\" \/><\/div><div class=\"contact__info col-sm-7 col-xs-12\"><p><b>Felix Bigler<\/b><br>Chef d'\u00e9quipe Ing\u00e9nierie Ouest<\/p><div class=\"phone has-link\"><a href=\"tel:+41585951575\">+41 58 595 15 75<\/a><\/div><div class=\"mail has-link\"><a href=\"mailto:fe&#108;&#105;&#120;&#x2e;&#x62;&#x69;&#x67;&#x6c;er&#64;&#101;&#108;&#x65;&#x63;&#x74;&#x72;&#x6f;su&#105;&#115;&#115;&#x65;&#x2e;&#x63;&#x68;\">&#102;&#x65;&#108;&#x69;&#120;&#x2e;&#98;&#x69;&#103;&#x6c;&#101;&#x72;&#64;&#x65;l&#x65;c&#x74;r&#x6f;s&#x75;i&#115;&#x73;&#101;&#x2e;&#99;&#x68;<\/a><\/div><\/div><\/div><\/div><\/div><div class=\"contact_container_outer\"><div class=\"contact_container\"><div class=\"contact row middle-xs\"><div class=\"contact__img col-sm-5 col-xs-12\"><img decoding=\"async\" src=\"\/wp-content\/themes\/SCHMUCKI_child\/img\/contact_placeholder.jpg\" alt=\"Conseil, Contr\u00f4les et Ing\u00e9nierie\" \/><\/div><div class=\"contact__info col-sm-7 col-xs-12\"><p><b>Conseil, Contr\u00f4les et Ing\u00e9nierie<\/b><br>Service de Bureau<\/p><div class=\"phone has-link\"><a href=\"tel:+41585951199\">+41 58 595 11 99<\/a><\/div><div class=\"mail has-link\"><a href=\"mailto:&#98;e&#x72;a&#x74;u&#x6e;g&#x40;&#101;&#x6c;&#101;&#x63;&#116;&#x72;&#111;s&#117;i&#x73;s&#x65;&#46;&#x63;&#104;\">&#x62;&#x65;&#114;&#97;&#116;u&#x6e;&#x67;&#x40;&#101;&#108;ec&#x74;&#x72;&#x6f;&#115;&#117;i&#x73;&#x73;&#x65;&#46;&#99;&#104;<\/a><\/div><\/div><\/div><\/div><\/div><\/div><\/div>[\/vc_column][\/vc_row][vc_row el_id=&#8221;referenzen&#8221;][vc_column][vc_column_text]<\/p>\n<h3>R\u00e9f\u00e9rences<\/h3>\n<p>[\/vc_column_text]<div class=\"wpb_accordion_column wpb_content_element\"><div class=\"wpb_wrapper\"><div class=\"fake_accordion\"><div class=\"row\"><div class=\"col-sm-5\"><div class=picture_container><img decoding=\"async\" src=\"https:\/\/www.electrosuisse.ch\/wp-content\/uploads\/2018\/11\/Electrosuisse_Energieeffizienz_Zoo_Basel_Act-e1552737514908-585x345.jpg\" alt=\"Zoo de B\u00e2le\" \/><\/div><\/div><div class=\"col-sm-7\"><h3>Zoo de B\u00e2le<\/h3><p>De nombreuses mesures d\u2019efficacit\u00e9 \u00e9nerg\u00e9tique permettent au zoo de B\u00e2le d\u2019abaisser sa consommation \u00e9nerg\u00e9tique totale de presque dix pour cent.<\/p>\n<div class=\"button button--arrow\"><a href=\"https:\/\/act-schweiz.ch\/projects\/exemple-de-reussite-loisirs-2\/?lang=fr\" target=\"_blank\" rel=\"noopener\"><div class=\"arrow\">Plus<\/div><\/a><\/div><\/div><\/div><\/div><div class=\"fake_accordion\"><div class=\"row\"><div class=\"col-sm-5\"><div class=picture_container><img decoding=\"async\" src=\"https:\/\/www.electrosuisse.ch\/wp-content\/uploads\/2018\/11\/Electrosuisse_Energieeffizienz_Post_Logistik_Act-e1552737669551-585x345.jpg\" alt=\"La Poste suisse\" \/><\/div><\/div><div class=\"col-sm-7\"><h3>La Poste suisse<\/h3><p>La Poste gagne en efficacit\u00e9 \u00e9nerg\u00e9tique\u00a0: 220 mesures lui permettent de r\u00e9duire sa consommation d\u2019\u00e9nergie d\u2019ici \u00e0 2024. Les \u00e9conomies pr\u00e9vues totalisent plus de 20\u00a0millions de kilowattheures.<\/p>\n<div class=\"button button--arrow\"><a href=\"https:\/\/act-schweiz.ch\/projects\/exemple-de-reussite-groupe-logistique\/?lang=fr\" target=\"_blank\" rel=\"noopener\"><div class=\"arrow\">Plus<\/div><\/a><\/div><\/div><\/div><\/div><\/div><\/div>[\/vc_column][\/vc_row][vc_row el_id=&#8221;hinweis&#8221;][vc_column]<div class=\"wpb_text_image_column wpb_content_element \"><div class=\"wpb_wrapper\"><div class=\"row middle-lg\"><div class=\"col-sm-6 col-xs-12\"><div class=\"picture_container\"><picture><source srcset=\"https:\/\/www.electrosuisse.ch\/wp-content\/uploads\/2018\/12\/energiekicks_unternehmen_electrosuisse-585x500.jpg\"><img decoding=\"async\" src=\"https:\/\/www.electrosuisse.ch\/wp-content\/uploads\/2018\/12\/energiekicks_unternehmen_electrosuisse-585x500.jpg\" alt=\"Impulsions \u00e0 votre entreprise en mati\u00e8re \u00e9nerg\u00e9tique\" \/><\/picture><\/div><\/div><div class=\"col-sm-6 col-xs-12\"><h3>Impulsions \u00e0 votre entreprise en mati\u00e8re \u00e9nerg\u00e9tique<\/h3><p>Nous conseillons nos clients individuellement et de mani\u00e8re professionnelle depuis 130 ans sur la th\u00e9matique de l\u2019\u00e9nergie.<\/p>\n<div class=\"button button--normal\"><a href=\"https:\/\/www.electrosuisse.ch\/wp-content\/uploads\/2019\/08\/Electrosuisse_Controles_Ingenierie_Conseil_brochure_Energiekicks.pdf\" target=\"_blank\" rel=\"noopener\">T\u00e9l\u00e9charger la brochure<\/a><\/div><\/div><\/div><\/div><\/div>[vc_column_text]<strong>Pr\u00eat pour l\u2019avenir \u00e9nerg\u00e9tique<br \/>\n<\/strong>Efficacit\u00e9 \u00e9nerg\u00e9tique et durabilit\u00e9[\/vc_column_text]<div class=\"wpb_button_column wpb_content_element wpb_content_element--left\"><div class=\"wpb_wrapper\"><div class=\"button button--ghost\"><a href=\"https:\/\/www.bulletin.ch\/fr\/news-detail\/fit-pour-lavenir-energetique.html\" target=\"_blank\" >Article de bulletin.ch<\/a><\/div><\/div><\/div>[\/vc_column][\/vc_row]<\/p>\n<\/div>","protected":false},"excerpt":{"rendered":"<p>[vc_row][vc_column][vc_column_text el_class=&#8221;lead&#8221;]G\u00e9n\u00e9ralement, l\u2019\u00e9nergie est toujours et partout disponible, mais elle ne l\u2019est que rarement sous la forme et dans la quantit\u00e9 pr\u00e9cis\u00e9ment requises. Un concept d\u2019affectation de l\u2019\u00e9nergie permet de mettre en regard les \u00e9nergies disponibles et demand\u00e9es, c\u2019est-\u00e0-dire l\u2019\u00e9lectricit\u00e9, la chaleur et le froid, \u00e0 un moment donn\u00e9. Cette \u00e9valuation fait appara\u00eetre la simultan\u00e9it\u00e9 [&hellip;]<\/p>\n","protected":false},"author":2,"featured_media":0,"parent":4116,"menu_order":264,"comment_status":"closed","ping_status":"closed","template":"","meta":{"_acf_changed":false,"_monsterinsights_skip_tracking":false,"_monsterinsights_sitenote_active":false,"_monsterinsights_sitenote_note":"","_monsterinsights_sitenote_category":0,"footnotes":""},"class_list":["post-4148","page","type-page","status-publish","hentry"],"acf":[],"yoast_head":"<!-- This site is optimized with the Yoast SEO Premium plugin v26.4 (Yoast SEO v27.0) - https:\/\/yoast.com\/product\/yoast-seo-premium-wordpress\/ -->\n<title>Utiliser l\u2019\u00e9nergie judicieusement gr\u00e2ce \u00e0 un concept d\u2019affectation de l\u2019\u00e9nergie - Electrosuisse<\/title>\n<meta name=\"description\" content=\"Le concept d\u2019affectation de l\u2019\u00e9nergie pr\u00e9sente les \u00e9nergies disponibles face aux \u00e9nergies demand\u00e9es L\u2019objectif est d\u2019utiliser diverses formes d\u2019\u00e9nergie id\u00e9alement.\" \/>\n<meta name=\"robots\" content=\"index, follow, max-snippet:-1, max-image-preview:large, max-video-preview:-1\" \/>\n<link rel=\"canonical\" href=\"https:\/\/www.electrosuisse.ch\/fr\/engineering\/concept-utilisation-de-l-energie\/\" \/>\n<meta property=\"og:locale\" content=\"fr_FR\" \/>\n<meta property=\"og:type\" content=\"article\" \/>\n<meta property=\"og:title\" content=\"Utiliser l\u2019\u00e9nergie judicieusement gr\u00e2ce \u00e0 un concept d\u2019affectation de l\u2019\u00e9nergie - Electrosuisse\" \/>\n<meta property=\"og:description\" content=\"Le concept d\u2019affectation de l\u2019\u00e9nergie pr\u00e9sente les \u00e9nergies disponibles face aux \u00e9nergies demand\u00e9es L\u2019objectif est d\u2019utiliser diverses formes d\u2019\u00e9nergie id\u00e9alement.\" \/>\n<meta property=\"og:url\" content=\"https:\/\/www.electrosuisse.ch\/fr\/engineering\/concept-utilisation-de-l-energie\/\" \/>\n<meta property=\"og:site_name\" content=\"Electrosuisse\" \/>\n<meta property=\"article:modified_time\" content=\"2026-03-24T13:17:40+00:00\" \/>\n<meta property=\"og:image\" content=\"https:\/\/www.electrosuisse.ch\/wp-content\/uploads\/2023\/01\/Energienutzungskonzept_1660x470.jpg\" \/>\n\t<meta property=\"og:image:width\" content=\"1578\" \/>\n\t<meta property=\"og:image:height\" content=\"650\" \/>\n\t<meta property=\"og:image:type\" content=\"image\/jpeg\" \/>\n<script type=\"application\/ld+json\" class=\"yoast-schema-graph\">{\"@context\":\"https:\/\/schema.org\",\"@graph\":[{\"@type\":\"WebPage\",\"@id\":\"https:\/\/www.electrosuisse.ch\/fr\/engineering\/concept-utilisation-de-l-energie\/\",\"url\":\"https:\/\/www.electrosuisse.ch\/fr\/engineering\/concept-utilisation-de-l-energie\/\",\"name\":\"Utiliser l\u2019\u00e9nergie judicieusement gr\u00e2ce \u00e0 un concept d\u2019affectation de l\u2019\u00e9nergie - Electrosuisse\",\"isPartOf\":{\"@id\":\"https:\/\/www.electrosuisse.ch\/fr\/#website\"},\"datePublished\":\"2018-06-24T09:10:32+00:00\",\"dateModified\":\"2026-03-24T13:17:40+00:00\",\"description\":\"Le concept d\u2019affectation de l\u2019\u00e9nergie pr\u00e9sente les \u00e9nergies disponibles face aux \u00e9nergies demand\u00e9es L\u2019objectif est d\u2019utiliser diverses formes d\u2019\u00e9nergie id\u00e9alement.\",\"breadcrumb\":{\"@id\":\"https:\/\/www.electrosuisse.ch\/fr\/engineering\/concept-utilisation-de-l-energie\/#breadcrumb\"},\"inLanguage\":\"fr-FR\",\"potentialAction\":[{\"@type\":\"ReadAction\",\"target\":[\"https:\/\/www.electrosuisse.ch\/fr\/engineering\/concept-utilisation-de-l-energie\/\"]}]},{\"@type\":\"BreadcrumbList\",\"@id\":\"https:\/\/www.electrosuisse.ch\/fr\/engineering\/concept-utilisation-de-l-energie\/#breadcrumb\",\"itemListElement\":[{\"@type\":\"ListItem\",\"position\":1,\"name\":\"Engineering\",\"item\":\"https:\/\/www.electrosuisse.ch\/fr\/engineering\/\"},{\"@type\":\"ListItem\",\"position\":2,\"name\":\"Concept d\u2019Utilisation de l\u2019\u00c9nergie\"}]},{\"@type\":\"WebSite\",\"@id\":\"https:\/\/www.electrosuisse.ch\/fr\/#website\",\"url\":\"https:\/\/www.electrosuisse.ch\/fr\/\",\"name\":\"Electrosuisse\",\"description\":\"\",\"publisher\":{\"@id\":\"https:\/\/www.electrosuisse.ch\/fr\/#organization\"},\"potentialAction\":[{\"@type\":\"SearchAction\",\"target\":{\"@type\":\"EntryPoint\",\"urlTemplate\":\"https:\/\/www.electrosuisse.ch\/fr\/?s={search_term_string}\"},\"query-input\":{\"@type\":\"PropertyValueSpecification\",\"valueRequired\":true,\"valueName\":\"search_term_string\"}}],\"inLanguage\":\"fr-FR\"},{\"@type\":\"Organization\",\"@id\":\"https:\/\/www.electrosuisse.ch\/fr\/#organization\",\"name\":\"Electrosuisse\",\"url\":\"https:\/\/www.electrosuisse.ch\/fr\/\",\"logo\":{\"@type\":\"ImageObject\",\"inLanguage\":\"fr-FR\",\"@id\":\"https:\/\/www.electrosuisse.ch\/fr\/#\/schema\/logo\/image\/\",\"url\":\"https:\/\/www.electrosuisse.ch\/wp-content\/uploads\/2025\/04\/Electrosuisse_Logo_696x696.png\",\"contentUrl\":\"https:\/\/www.electrosuisse.ch\/wp-content\/uploads\/2025\/04\/Electrosuisse_Logo_696x696.png\",\"width\":696,\"height\":696,\"caption\":\"Electrosuisse\"},\"image\":{\"@id\":\"https:\/\/www.electrosuisse.ch\/fr\/#\/schema\/logo\/image\/\"},\"sameAs\":[\"https:\/\/www.linkedin.com\/company\/electrosuisse-ag\/posts\/?feedView=all\",\"https:\/\/www.instagram.com\/electrosuisse1889\/\",\"https:\/\/www.youtube.com\/channel\/UCoOxohMiVE0Gjcdis1L09zw\"],\"description\":\"Electrosuisse ist eine anerkannte und unabh\u00e4ngige Fachorganisation, die erstklassige Dienstleistungen und Produkte in den Bereichen Inspektion, Beratung, Pr\u00fcfung, Zertifizierung, Normung und Weiterbildung anbietet. Unsere Expertise umfasst Elektrotechnik, Elektromobilit\u00e4t, Energieberatung, Geb\u00e4udeautomation und Photovoltaik in der Schweiz. Durch die Veranstaltung etablierter Branchen-Events und Fachtagungen f\u00f6rdert Electrosuisse den Wissenstransfer und den fachlichen Austausch. Im Mittelpunkt unserer T\u00e4tigkeiten steht die F\u00f6rderung der sicheren, wirtschaftlichen und umweltgerechten Anwendung der Elektrotechnik.\"}]}<\/script>\n<!-- \/ Yoast SEO Premium plugin. -->","yoast_head_json":{"title":"Utiliser l\u2019\u00e9nergie judicieusement gr\u00e2ce \u00e0 un concept d\u2019affectation de l\u2019\u00e9nergie - Electrosuisse","description":"Le concept d\u2019affectation de l\u2019\u00e9nergie pr\u00e9sente les \u00e9nergies disponibles face aux \u00e9nergies demand\u00e9es L\u2019objectif est d\u2019utiliser diverses formes d\u2019\u00e9nergie id\u00e9alement.","robots":{"index":"index","follow":"follow","max-snippet":"max-snippet:-1","max-image-preview":"max-image-preview:large","max-video-preview":"max-video-preview:-1"},"canonical":"https:\/\/www.electrosuisse.ch\/fr\/engineering\/concept-utilisation-de-l-energie\/","og_locale":"fr_FR","og_type":"article","og_title":"Utiliser l\u2019\u00e9nergie judicieusement gr\u00e2ce \u00e0 un concept d\u2019affectation de l\u2019\u00e9nergie - Electrosuisse","og_description":"Le concept d\u2019affectation de l\u2019\u00e9nergie pr\u00e9sente les \u00e9nergies disponibles face aux \u00e9nergies demand\u00e9es L\u2019objectif est d\u2019utiliser diverses formes d\u2019\u00e9nergie id\u00e9alement.","og_url":"https:\/\/www.electrosuisse.ch\/fr\/engineering\/concept-utilisation-de-l-energie\/","og_site_name":"Electrosuisse","article_modified_time":"2026-03-24T13:17:40+00:00","og_image":[{"width":1578,"height":650,"url":"https:\/\/www.electrosuisse.ch\/wp-content\/uploads\/2023\/01\/Energienutzungskonzept_1660x470.jpg","type":"image\/jpeg"}],"schema":{"@context":"https:\/\/schema.org","@graph":[{"@type":"WebPage","@id":"https:\/\/www.electrosuisse.ch\/fr\/engineering\/concept-utilisation-de-l-energie\/","url":"https:\/\/www.electrosuisse.ch\/fr\/engineering\/concept-utilisation-de-l-energie\/","name":"Utiliser l\u2019\u00e9nergie judicieusement gr\u00e2ce \u00e0 un concept d\u2019affectation de l\u2019\u00e9nergie - Electrosuisse","isPartOf":{"@id":"https:\/\/www.electrosuisse.ch\/fr\/#website"},"datePublished":"2018-06-24T09:10:32+00:00","dateModified":"2026-03-24T13:17:40+00:00","description":"Le concept d\u2019affectation de l\u2019\u00e9nergie pr\u00e9sente les \u00e9nergies disponibles face aux \u00e9nergies demand\u00e9es L\u2019objectif est d\u2019utiliser diverses formes d\u2019\u00e9nergie id\u00e9alement.","breadcrumb":{"@id":"https:\/\/www.electrosuisse.ch\/fr\/engineering\/concept-utilisation-de-l-energie\/#breadcrumb"},"inLanguage":"fr-FR","potentialAction":[{"@type":"ReadAction","target":["https:\/\/www.electrosuisse.ch\/fr\/engineering\/concept-utilisation-de-l-energie\/"]}]},{"@type":"BreadcrumbList","@id":"https:\/\/www.electrosuisse.ch\/fr\/engineering\/concept-utilisation-de-l-energie\/#breadcrumb","itemListElement":[{"@type":"ListItem","position":1,"name":"Engineering","item":"https:\/\/www.electrosuisse.ch\/fr\/engineering\/"},{"@type":"ListItem","position":2,"name":"Concept d\u2019Utilisation de l\u2019\u00c9nergie"}]},{"@type":"WebSite","@id":"https:\/\/www.electrosuisse.ch\/fr\/#website","url":"https:\/\/www.electrosuisse.ch\/fr\/","name":"Electrosuisse","description":"","publisher":{"@id":"https:\/\/www.electrosuisse.ch\/fr\/#organization"},"potentialAction":[{"@type":"SearchAction","target":{"@type":"EntryPoint","urlTemplate":"https:\/\/www.electrosuisse.ch\/fr\/?s={search_term_string}"},"query-input":{"@type":"PropertyValueSpecification","valueRequired":true,"valueName":"search_term_string"}}],"inLanguage":"fr-FR"},{"@type":"Organization","@id":"https:\/\/www.electrosuisse.ch\/fr\/#organization","name":"Electrosuisse","url":"https:\/\/www.electrosuisse.ch\/fr\/","logo":{"@type":"ImageObject","inLanguage":"fr-FR","@id":"https:\/\/www.electrosuisse.ch\/fr\/#\/schema\/logo\/image\/","url":"https:\/\/www.electrosuisse.ch\/wp-content\/uploads\/2025\/04\/Electrosuisse_Logo_696x696.png","contentUrl":"https:\/\/www.electrosuisse.ch\/wp-content\/uploads\/2025\/04\/Electrosuisse_Logo_696x696.png","width":696,"height":696,"caption":"Electrosuisse"},"image":{"@id":"https:\/\/www.electrosuisse.ch\/fr\/#\/schema\/logo\/image\/"},"sameAs":["https:\/\/www.linkedin.com\/company\/electrosuisse-ag\/posts\/?feedView=all","https:\/\/www.instagram.com\/electrosuisse1889\/","https:\/\/www.youtube.com\/channel\/UCoOxohMiVE0Gjcdis1L09zw"],"description":"Electrosuisse ist eine anerkannte und unabh\u00e4ngige Fachorganisation, die erstklassige Dienstleistungen und Produkte in den Bereichen Inspektion, Beratung, Pr\u00fcfung, Zertifizierung, Normung und Weiterbildung anbietet. Unsere Expertise umfasst Elektrotechnik, Elektromobilit\u00e4t, Energieberatung, Geb\u00e4udeautomation und Photovoltaik in der Schweiz. Durch die Veranstaltung etablierter Branchen-Events und Fachtagungen f\u00f6rdert Electrosuisse den Wissenstransfer und den fachlichen Austausch. Im Mittelpunkt unserer T\u00e4tigkeiten steht die F\u00f6rderung der sicheren, wirtschaftlichen und umweltgerechten Anwendung der Elektrotechnik."}]}},"amp_enabled":true,"_links":{"self":[{"href":"https:\/\/www.electrosuisse.ch\/fr\/wp-json\/wp\/v2\/pages\/4148","targetHints":{"allow":["GET"]}}],"collection":[{"href":"https:\/\/www.electrosuisse.ch\/fr\/wp-json\/wp\/v2\/pages"}],"about":[{"href":"https:\/\/www.electrosuisse.ch\/fr\/wp-json\/wp\/v2\/types\/page"}],"author":[{"embeddable":true,"href":"https:\/\/www.electrosuisse.ch\/fr\/wp-json\/wp\/v2\/users\/2"}],"replies":[{"embeddable":true,"href":"https:\/\/www.electrosuisse.ch\/fr\/wp-json\/wp\/v2\/comments?post=4148"}],"version-history":[{"count":10,"href":"https:\/\/www.electrosuisse.ch\/fr\/wp-json\/wp\/v2\/pages\/4148\/revisions"}],"predecessor-version":[{"id":39946,"href":"https:\/\/www.electrosuisse.ch\/fr\/wp-json\/wp\/v2\/pages\/4148\/revisions\/39946"}],"up":[{"embeddable":true,"href":"https:\/\/www.electrosuisse.ch\/fr\/wp-json\/wp\/v2\/pages\/4116"}],"wp:attachment":[{"href":"https:\/\/www.electrosuisse.ch\/fr\/wp-json\/wp\/v2\/media?parent=4148"}],"curies":[{"name":"wp","href":"https:\/\/api.w.org\/{rel}","templated":true}]}}