{"id":4126,"date":"2018-06-24T11:08:37","date_gmt":"2018-06-24T09:08:37","guid":{"rendered":"https:\/\/www.electrosuisse.ch\/inspektion-engineering\/analyse\/nichtionisierende-strahlung\/"},"modified":"2026-03-23T14:27:51","modified_gmt":"2026-03-23T13:27:51","slug":"rayonnement-non-ionisant","status":"publish","type":"page","link":"https:\/\/www.electrosuisse.ch\/fr\/engineering\/rayonnement-non-ionisant\/","title":{"rendered":"Rayonnement non Ionisant"},"content":{"rendered":"<div class=\"wpb-content-wrapper\"><p>[vc_row][vc_column][vc_column_text el_class=&#8221;lead&#8221;]Les tensions et les courants \u00e9lectriques produisent des champs \u00e9lectriques et magn\u00e9tiques. Nous sommes quotidiennement et en tout lieu expos\u00e9s \u00e0 des champs \u00e9lectromagn\u00e9tiques g\u00e9n\u00e9r\u00e9s techniquement. Une large part de ces champs sont produits par l\u2019utilisation m\u00eame d\u2019appareils \u00e9lectroniques et d\u2019installations \u00e9lectriques.[\/vc_column_text]<div class=\"wpb_button_column wpb_content_element wpb_content_element--left\"><div class=\"wpb_wrapper\"><div class=\"button button--ghost\"><a href=\"https:\/\/www.admin.ch\/opc\/fr\/classified-compilation\/19996141\/index.html\" target=\"_blank\" >Ordonnance sur la protection contre le rayonnement non inonisant (ORNI)<\/a><\/div><\/div><\/div>[\/vc_column][\/vc_row][vc_row el_id=&#8221;angebot&#8221;][vc_column][vc_column_text]<\/p>\n<h4>Nous \u00e9valuons votre environnement sous l\u2019angle de l\u2019influence du rayonnement non ionisant:<\/h4>\n<ul>\n<li>nous calculons l\u2019influence de l\u2019installation existante ou de l\u2019am\u00e9nagement futur sur votre environnement\u00a0;<\/li>\n<li>ces calculs peuvent \u00eatre v\u00e9rifi\u00e9s au moyen de mesures\u00a0;<\/li>\n<li>les rapports vous servent de preuve que les normes sont respect\u00e9es\u00a0;<\/li>\n<li>si vous ne pouvez pas respecter les normes, les rapports vous sont utiles pour prendre les mesures ad\u00e9quates.<\/li>\n<\/ul>\n<p>[\/vc_column_text][\/vc_column][\/vc_row][vc_row el_id=&#8221;kontakt&#8221;][vc_column][vc_column_text]<\/p>\n<h2>Contact<\/h2>\n<p>[\/vc_column_text]<div class=\"wpb_contact_column wpb_content_element wpb_contact_column--container\"><div class=\"wpb_wrapper\"><div class=\"contact_container_outer\"><div class=\"contact_container\"><div class=\"contact row middle-xs\"><div class=\"contact__img col-sm-5 col-xs-12\"><img decoding=\"async\" src=\"https:\/\/www.electrosuisse.ch\/wp-content\/uploads\/2024\/08\/StefanBaer_302x302.png\" alt=\"Stefan B\u00e4r - Chef d'\u00e9quipe Ing\u00e9nierie Est\" \/><\/div><div class=\"contact__info col-sm-7 col-xs-12\"><p><b>Stefan B\u00e4r<\/b><br>Chef d'\u00e9quipe Ing\u00e9nierie Est<\/p><div class=\"phone has-link\"><a href=\"tel:+41585951571\">+41 58 595 15 71<\/a><\/div><div class=\"mail has-link\"><a href=\"mailto:&#x73;&#116;e&#x66;&#x61;&#110;&#46;&#x62;&#x61;&#101;r&#x40;&#x65;&#108;e&#x63;&#x74;&#114;o&#x73;&#117;&#105;s&#x73;&#101;&#46;&#x63;&#x68;\">&#115;&#x74;&#101;&#x66;&#97;&#x6e;&#46;&#x62;&#97;&#x65;&#114;&#x40;&#101;&#x6c;&#101;&#x63;&#116;&#x72;&#111;&#x73;&#117;&#x69;&#115;&#x73;&#101;&#x2e;&#99;&#x68;<\/a><\/div><\/div><\/div><\/div><\/div><div class=\"contact_container_outer\"><div class=\"contact_container\"><div class=\"contact row middle-xs\"><div class=\"contact__img col-sm-5 col-xs-12\"><img decoding=\"async\" src=\"https:\/\/www.electrosuisse.ch\/wp-content\/uploads\/2025\/09\/Felix-Bigler_320x320.png\" alt=\"Felix Bigler - Chef d'\u00e9quipe Ing\u00e9nierie Ouest\" \/><\/div><div class=\"contact__info col-sm-7 col-xs-12\"><p><b>Felix Bigler<\/b><br>Chef d'\u00e9quipe Ing\u00e9nierie Ouest<\/p><div class=\"phone has-link\"><a href=\"tel:+41585951575\">+41 58 595 15 75<\/a><\/div><div class=\"mail has-link\"><a href=\"mailto:fel&#105;&#120;&#46;&#x62;&#x69;&#x67;&#x6c;&#x65;&#x72;&#64;el&#101;&#99;&#116;&#114;&#x6f;&#x73;&#x75;&#x69;&#x73;&#x73;e&#46;c&#104;\">felix&#46;&#98;&#105;&#103;&#108;&#101;&#114;&#64;&#x65;&#x6c;&#x65;&#x63;&#x74;&#x72;&#x6f;&#x73;&#x75;&#x69;&#x73;&#x73;e&#46;ch<\/a><\/div><\/div><\/div><\/div><\/div><div class=\"contact_container_outer\"><div class=\"contact_container\"><div class=\"contact row middle-xs\"><div class=\"contact__img col-sm-5 col-xs-12\"><img decoding=\"async\" src=\"\/wp-content\/themes\/SCHMUCKI_child\/img\/contact_placeholder.jpg\" alt=\"Conseil, Contr\u00f4les et Ing\u00e9nierie\" \/><\/div><div class=\"contact__info col-sm-7 col-xs-12\"><p><b>Conseil, Contr\u00f4les et Ing\u00e9nierie<\/b><br>Service de Bureau<\/p><div class=\"phone has-link\"><a href=\"tel:+41585951199\">+41 58 595 11 99<\/a><\/div><div class=\"mail has-link\"><a href=\"mailto:&#x62;e&#x72;a&#x74;&#117;&#x6e;&#103;&#64;&#x65;l&#x65;&#99;&#x74;&#114;&#x6f;&#115;u&#x69;s&#x73;&#101;&#x2e;&#99;&#x68;\">&#x62;&#101;&#114;a&#x74;&#x75;&#110;g&#x40;&#x65;&#108;ec&#x74;&#114;&#111;s&#x75;&#x69;&#115;s&#x65;&#x2e;&#99;&#104;<\/a><\/div><\/div><\/div><\/div><\/div><\/div><\/div>[\/vc_column][\/vc_row][vc_row el_id=&#8221;hinweis&#8221;][vc_column]<div class=\"wpb_text_image_column wpb_content_element \"><div class=\"wpb_wrapper\"><div class=\"row middle-lg\"><div class=\"col-sm-6 col-xs-12\"><div class=\"picture_container\"><picture><source srcset=\"https:\/\/www.electrosuisse.ch\/wp-content\/uploads\/2019\/06\/Electrosuisse_Broschuere_Spannungsfelder_Elektromagnetische_Felder-1-585x500.jpg\"><img decoding=\"async\" src=\"https:\/\/www.electrosuisse.ch\/wp-content\/uploads\/2019\/06\/Electrosuisse_Broschuere_Spannungsfelder_Elektromagnetische_Felder-1-585x500.jpg\" alt=\"\u00abZones de tension\u00bb : champs \u00e9lectromagn\u00e9tiques\" \/><\/picture><\/div><\/div><div class=\"col-sm-6 col-xs-12\"><h3>\u00abZones de tension\u00bb : champs \u00e9lectromagn\u00e9tiques<\/h3><p>Des champs \u00e9lectromagn\u00e9tiques (CEM) apparaissent partout o\u00f9 de l\u2019\u00e9lectricit\u00e9 est utilis\u00e9e.<\/p>\n<div class=\"button button--normal\"><a href=\"https:\/\/www.electrosuisse.ch\/wp-content\/uploads\/2019\/04\/Electrosuisse_EMF_Zones_de_tensions_brochure.pdf\" target=\"_blank\" rel=\"noopener\">T\u00e9l\u00e9charger la brochure<\/a><\/div><\/div><\/div><\/div><\/div>[\/vc_column][\/vc_row][vc_row disable_element=&#8221;yes&#8221;][vc_column][vc_column_text]<\/p>\n<h4>R\u00e9alisation de canalisations<\/h4>\n<p>Une autorisation officielle est n\u00e9cessaire pr\u00e9alablement \u00e0 la pose de conduits \u00e9lectriques. Le tirage de c\u00e2bles \u00e0 haute tension dans une canalisation existante est soumis \u00e0 une approbation des plans au sens de la loi sur les installations \u00e9lectriques (LIE\u00a0; RS\u00a0734.0).[\/vc_column_text]<div class=\"wpb_button_column wpb_content_element wpb_content_element--left\"><div class=\"wpb_wrapper\"><div class=\"button button--ghost\"><a href=\"https:\/\/www.bulletin.ch\/fr\/news-detail\/realisation-dinstallations-de-conduites-tubulaires.html\" target=\"_blank\" >Article de bulletin.ch<\/a><\/div><\/div><\/div>[\/vc_column][\/vc_row][vc_row][vc_column]<div class=\"wpb_links_column wpb_content_element\"><div class=\"wpb_wrapper\"><div class=\"link\"><a href=\"https:\/\/www.bag.admin.ch\/fr\/fiches-dinformation-rni\" target=\"_blank\" >Champs \u00e9lectromagn\u00e9tiques (CEM), UV, laser, lumi\u00e8re<\/a><\/div><div class=\"link\"><a href=\"https:\/\/www.metas.ch\/metas\/fr\/home\/dok\/rechtliches\/messempfehlung-nisv.html\" target=\"_blank\" >Mesurer dans le cadre de l\u2019ordonnance sur la protection contre le rayonnement non ionisant (ORNI)<\/a><\/div><\/div><\/div>[\/vc_column][\/vc_row]<\/p>\n<\/div>","protected":false},"excerpt":{"rendered":"<p>[vc_row][vc_column][vc_column_text el_class=&#8221;lead&#8221;]Les tensions et les courants \u00e9lectriques produisent des champs \u00e9lectriques et magn\u00e9tiques. Nous sommes quotidiennement et en tout lieu expos\u00e9s \u00e0 des champs \u00e9lectromagn\u00e9tiques g\u00e9n\u00e9r\u00e9s techniquement. Une large part de ces champs sont produits par l\u2019utilisation m\u00eame d\u2019appareils \u00e9lectroniques et d\u2019installations \u00e9lectriques.[\/vc_column_text][\/vc_column][\/vc_row][vc_row el_id=&#8221;angebot&#8221;][vc_column][vc_column_text] Nous \u00e9valuons votre environnement sous l\u2019angle de l\u2019influence du rayonnement non [&hellip;]<\/p>\n","protected":false},"author":2,"featured_media":0,"parent":4116,"menu_order":259,"comment_status":"closed","ping_status":"closed","template":"","meta":{"_acf_changed":false,"_monsterinsights_skip_tracking":false,"_monsterinsights_sitenote_active":false,"_monsterinsights_sitenote_note":"","_monsterinsights_sitenote_category":0,"footnotes":""},"class_list":["post-4126","page","type-page","status-publish","hentry"],"acf":[],"yoast_head":"<!-- This site is optimized with the Yoast SEO Premium plugin v26.4 (Yoast SEO v27.0) - https:\/\/yoast.com\/product\/yoast-seo-premium-wordpress\/ -->\n<title>Rayonnement non ionisant<\/title>\n<meta name=\"description\" content=\"Une analyse des champs \u00e9lectromagn\u00e9tiques vous permet de prendre des mesures pour la sant\u00e9 de votre personnel et de vos clients.\" \/>\n<meta name=\"robots\" content=\"index, follow, max-snippet:-1, max-image-preview:large, max-video-preview:-1\" \/>\n<link rel=\"canonical\" href=\"https:\/\/www.electrosuisse.ch\/fr\/engineering\/rayonnement-non-ionisant\/\" \/>\n<meta property=\"og:locale\" content=\"fr_FR\" \/>\n<meta property=\"og:type\" content=\"article\" \/>\n<meta property=\"og:title\" content=\"Rayonnement non ionisant\" \/>\n<meta property=\"og:description\" content=\"Une analyse des champs \u00e9lectromagn\u00e9tiques vous permet de prendre des mesures pour la sant\u00e9 de votre personnel et de vos clients.\" \/>\n<meta property=\"og:url\" content=\"https:\/\/www.electrosuisse.ch\/fr\/engineering\/rayonnement-non-ionisant\/\" \/>\n<meta property=\"og:site_name\" content=\"Electrosuisse\" \/>\n<meta property=\"article:modified_time\" content=\"2026-03-23T13:27:51+00:00\" \/>\n<meta property=\"og:image\" content=\"https:\/\/www.electrosuisse.ch\/wp-content\/uploads\/2019\/05\/Electrosuisse_nichtionisierende_Strahlung_astronomy-ball-bright-39561.jpg\" \/>\n\t<meta property=\"og:image:width\" content=\"1578\" \/>\n\t<meta property=\"og:image:height\" content=\"650\" \/>\n\t<meta property=\"og:image:type\" content=\"image\/jpeg\" \/>\n<script type=\"application\/ld+json\" class=\"yoast-schema-graph\">{\"@context\":\"https:\/\/schema.org\",\"@graph\":[{\"@type\":\"WebPage\",\"@id\":\"https:\/\/www.electrosuisse.ch\/fr\/engineering\/rayonnement-non-ionisant\/\",\"url\":\"https:\/\/www.electrosuisse.ch\/fr\/engineering\/rayonnement-non-ionisant\/\",\"name\":\"Rayonnement non ionisant\",\"isPartOf\":{\"@id\":\"https:\/\/www.electrosuisse.ch\/fr\/#website\"},\"datePublished\":\"2018-06-24T09:08:37+00:00\",\"dateModified\":\"2026-03-23T13:27:51+00:00\",\"description\":\"Une analyse des champs \u00e9lectromagn\u00e9tiques vous permet de prendre des mesures pour la sant\u00e9 de votre personnel et de vos clients.\",\"breadcrumb\":{\"@id\":\"https:\/\/www.electrosuisse.ch\/fr\/engineering\/rayonnement-non-ionisant\/#breadcrumb\"},\"inLanguage\":\"fr-FR\",\"potentialAction\":[{\"@type\":\"ReadAction\",\"target\":[\"https:\/\/www.electrosuisse.ch\/fr\/engineering\/rayonnement-non-ionisant\/\"]}]},{\"@type\":\"BreadcrumbList\",\"@id\":\"https:\/\/www.electrosuisse.ch\/fr\/engineering\/rayonnement-non-ionisant\/#breadcrumb\",\"itemListElement\":[{\"@type\":\"ListItem\",\"position\":1,\"name\":\"Engineering\",\"item\":\"https:\/\/www.electrosuisse.ch\/fr\/engineering\/\"},{\"@type\":\"ListItem\",\"position\":2,\"name\":\"Rayonnement non Ionisant\"}]},{\"@type\":\"WebSite\",\"@id\":\"https:\/\/www.electrosuisse.ch\/fr\/#website\",\"url\":\"https:\/\/www.electrosuisse.ch\/fr\/\",\"name\":\"Electrosuisse\",\"description\":\"\",\"publisher\":{\"@id\":\"https:\/\/www.electrosuisse.ch\/fr\/#organization\"},\"potentialAction\":[{\"@type\":\"SearchAction\",\"target\":{\"@type\":\"EntryPoint\",\"urlTemplate\":\"https:\/\/www.electrosuisse.ch\/fr\/?s={search_term_string}\"},\"query-input\":{\"@type\":\"PropertyValueSpecification\",\"valueRequired\":true,\"valueName\":\"search_term_string\"}}],\"inLanguage\":\"fr-FR\"},{\"@type\":\"Organization\",\"@id\":\"https:\/\/www.electrosuisse.ch\/fr\/#organization\",\"name\":\"Electrosuisse\",\"url\":\"https:\/\/www.electrosuisse.ch\/fr\/\",\"logo\":{\"@type\":\"ImageObject\",\"inLanguage\":\"fr-FR\",\"@id\":\"https:\/\/www.electrosuisse.ch\/fr\/#\/schema\/logo\/image\/\",\"url\":\"https:\/\/www.electrosuisse.ch\/wp-content\/uploads\/2025\/04\/Electrosuisse_Logo_696x696.png\",\"contentUrl\":\"https:\/\/www.electrosuisse.ch\/wp-content\/uploads\/2025\/04\/Electrosuisse_Logo_696x696.png\",\"width\":696,\"height\":696,\"caption\":\"Electrosuisse\"},\"image\":{\"@id\":\"https:\/\/www.electrosuisse.ch\/fr\/#\/schema\/logo\/image\/\"},\"sameAs\":[\"https:\/\/www.linkedin.com\/company\/electrosuisse-ag\/posts\/?feedView=all\",\"https:\/\/www.instagram.com\/electrosuisse1889\/\",\"https:\/\/www.youtube.com\/channel\/UCoOxohMiVE0Gjcdis1L09zw\"],\"description\":\"Electrosuisse ist eine anerkannte und unabh\u00e4ngige Fachorganisation, die erstklassige Dienstleistungen und Produkte in den Bereichen Inspektion, Beratung, Pr\u00fcfung, Zertifizierung, Normung und Weiterbildung anbietet. Unsere Expertise umfasst Elektrotechnik, Elektromobilit\u00e4t, Energieberatung, Geb\u00e4udeautomation und Photovoltaik in der Schweiz. Durch die Veranstaltung etablierter Branchen-Events und Fachtagungen f\u00f6rdert Electrosuisse den Wissenstransfer und den fachlichen Austausch. Im Mittelpunkt unserer T\u00e4tigkeiten steht die F\u00f6rderung der sicheren, wirtschaftlichen und umweltgerechten Anwendung der Elektrotechnik.\"}]}<\/script>\n<!-- \/ Yoast SEO Premium plugin. -->","yoast_head_json":{"title":"Rayonnement non ionisant","description":"Une analyse des champs \u00e9lectromagn\u00e9tiques vous permet de prendre des mesures pour la sant\u00e9 de votre personnel et de vos clients.","robots":{"index":"index","follow":"follow","max-snippet":"max-snippet:-1","max-image-preview":"max-image-preview:large","max-video-preview":"max-video-preview:-1"},"canonical":"https:\/\/www.electrosuisse.ch\/fr\/engineering\/rayonnement-non-ionisant\/","og_locale":"fr_FR","og_type":"article","og_title":"Rayonnement non ionisant","og_description":"Une analyse des champs \u00e9lectromagn\u00e9tiques vous permet de prendre des mesures pour la sant\u00e9 de votre personnel et de vos clients.","og_url":"https:\/\/www.electrosuisse.ch\/fr\/engineering\/rayonnement-non-ionisant\/","og_site_name":"Electrosuisse","article_modified_time":"2026-03-23T13:27:51+00:00","og_image":[{"width":1578,"height":650,"url":"https:\/\/www.electrosuisse.ch\/wp-content\/uploads\/2019\/05\/Electrosuisse_nichtionisierende_Strahlung_astronomy-ball-bright-39561.jpg","type":"image\/jpeg"}],"schema":{"@context":"https:\/\/schema.org","@graph":[{"@type":"WebPage","@id":"https:\/\/www.electrosuisse.ch\/fr\/engineering\/rayonnement-non-ionisant\/","url":"https:\/\/www.electrosuisse.ch\/fr\/engineering\/rayonnement-non-ionisant\/","name":"Rayonnement non ionisant","isPartOf":{"@id":"https:\/\/www.electrosuisse.ch\/fr\/#website"},"datePublished":"2018-06-24T09:08:37+00:00","dateModified":"2026-03-23T13:27:51+00:00","description":"Une analyse des champs \u00e9lectromagn\u00e9tiques vous permet de prendre des mesures pour la sant\u00e9 de votre personnel et de vos clients.","breadcrumb":{"@id":"https:\/\/www.electrosuisse.ch\/fr\/engineering\/rayonnement-non-ionisant\/#breadcrumb"},"inLanguage":"fr-FR","potentialAction":[{"@type":"ReadAction","target":["https:\/\/www.electrosuisse.ch\/fr\/engineering\/rayonnement-non-ionisant\/"]}]},{"@type":"BreadcrumbList","@id":"https:\/\/www.electrosuisse.ch\/fr\/engineering\/rayonnement-non-ionisant\/#breadcrumb","itemListElement":[{"@type":"ListItem","position":1,"name":"Engineering","item":"https:\/\/www.electrosuisse.ch\/fr\/engineering\/"},{"@type":"ListItem","position":2,"name":"Rayonnement non Ionisant"}]},{"@type":"WebSite","@id":"https:\/\/www.electrosuisse.ch\/fr\/#website","url":"https:\/\/www.electrosuisse.ch\/fr\/","name":"Electrosuisse","description":"","publisher":{"@id":"https:\/\/www.electrosuisse.ch\/fr\/#organization"},"potentialAction":[{"@type":"SearchAction","target":{"@type":"EntryPoint","urlTemplate":"https:\/\/www.electrosuisse.ch\/fr\/?s={search_term_string}"},"query-input":{"@type":"PropertyValueSpecification","valueRequired":true,"valueName":"search_term_string"}}],"inLanguage":"fr-FR"},{"@type":"Organization","@id":"https:\/\/www.electrosuisse.ch\/fr\/#organization","name":"Electrosuisse","url":"https:\/\/www.electrosuisse.ch\/fr\/","logo":{"@type":"ImageObject","inLanguage":"fr-FR","@id":"https:\/\/www.electrosuisse.ch\/fr\/#\/schema\/logo\/image\/","url":"https:\/\/www.electrosuisse.ch\/wp-content\/uploads\/2025\/04\/Electrosuisse_Logo_696x696.png","contentUrl":"https:\/\/www.electrosuisse.ch\/wp-content\/uploads\/2025\/04\/Electrosuisse_Logo_696x696.png","width":696,"height":696,"caption":"Electrosuisse"},"image":{"@id":"https:\/\/www.electrosuisse.ch\/fr\/#\/schema\/logo\/image\/"},"sameAs":["https:\/\/www.linkedin.com\/company\/electrosuisse-ag\/posts\/?feedView=all","https:\/\/www.instagram.com\/electrosuisse1889\/","https:\/\/www.youtube.com\/channel\/UCoOxohMiVE0Gjcdis1L09zw"],"description":"Electrosuisse ist eine anerkannte und unabh\u00e4ngige Fachorganisation, die erstklassige Dienstleistungen und Produkte in den Bereichen Inspektion, Beratung, Pr\u00fcfung, Zertifizierung, Normung und Weiterbildung anbietet. Unsere Expertise umfasst Elektrotechnik, Elektromobilit\u00e4t, Energieberatung, Geb\u00e4udeautomation und Photovoltaik in der Schweiz. Durch die Veranstaltung etablierter Branchen-Events und Fachtagungen f\u00f6rdert Electrosuisse den Wissenstransfer und den fachlichen Austausch. Im Mittelpunkt unserer T\u00e4tigkeiten steht die F\u00f6rderung der sicheren, wirtschaftlichen und umweltgerechten Anwendung der Elektrotechnik."}]}},"amp_enabled":true,"_links":{"self":[{"href":"https:\/\/www.electrosuisse.ch\/fr\/wp-json\/wp\/v2\/pages\/4126","targetHints":{"allow":["GET"]}}],"collection":[{"href":"https:\/\/www.electrosuisse.ch\/fr\/wp-json\/wp\/v2\/pages"}],"about":[{"href":"https:\/\/www.electrosuisse.ch\/fr\/wp-json\/wp\/v2\/types\/page"}],"author":[{"embeddable":true,"href":"https:\/\/www.electrosuisse.ch\/fr\/wp-json\/wp\/v2\/users\/2"}],"replies":[{"embeddable":true,"href":"https:\/\/www.electrosuisse.ch\/fr\/wp-json\/wp\/v2\/comments?post=4126"}],"version-history":[{"count":9,"href":"https:\/\/www.electrosuisse.ch\/fr\/wp-json\/wp\/v2\/pages\/4126\/revisions"}],"predecessor-version":[{"id":43354,"href":"https:\/\/www.electrosuisse.ch\/fr\/wp-json\/wp\/v2\/pages\/4126\/revisions\/43354"}],"up":[{"embeddable":true,"href":"https:\/\/www.electrosuisse.ch\/fr\/wp-json\/wp\/v2\/pages\/4116"}],"wp:attachment":[{"href":"https:\/\/www.electrosuisse.ch\/fr\/wp-json\/wp\/v2\/media?parent=4126"}],"curies":[{"name":"wp","href":"https:\/\/api.w.org\/{rel}","templated":true}]}}