{"id":4122,"date":"2018-06-24T11:08:09","date_gmt":"2018-06-24T09:08:09","guid":{"rendered":"https:\/\/www.electrosuisse.ch\/inspektion-engineering\/analyse\/power-quality\/"},"modified":"2026-03-24T14:22:41","modified_gmt":"2026-03-24T13:22:41","slug":"qualite-energie","status":"publish","type":"page","link":"https:\/\/www.electrosuisse.ch\/fr\/engineering\/qualite-energie\/","title":{"rendered":"Power Quality"},"content":{"rendered":"<div class=\"wpb-content-wrapper\"><p>[vc_row][vc_column][vc_column_text el_class=&#8221;lead&#8221;]Les \u00e9quipements \u00e9lectriques ne sauraient influencer n\u00e9gativement les autres syst\u00e8mes ou installations ni entraver l\u2019approvisionnement en \u00e9lectricit\u00e9 durant l\u2019exploitation normale, processus de commutation compris.[\/vc_column_text][\/vc_column][\/vc_row][vc_row el_id=&#8221;angebot&#8221;][vc_column][vc_column_text]<\/p>\n<h3>Notre offre<\/h3>\n<p>Nos sp\u00e9cialistes vous soutiennent lors de toute perturbation du r\u00e9seau. Nous examinons les perturbations \u00e0 fond en proc\u00e9dant \u00e0 une \u00e9valuation sur site, \u00e9ventuellement compl\u00e9t\u00e9e par des mesures sur le long terme. L\u2019analyse subs\u00e9quente des donn\u00e9es aboutit \u00e0 une recommandation individuelle quant aux mesures \u00e0 prendre pour votre objet.<\/p>\n<p>Analyse:<\/p>\n<ul>\n<li>du facteur de puissance cos(\u03c6),<\/li>\n<li>du courant de d\u00e9marrage,<\/li>\n<li>des charges asym\u00e9triques,<\/li>\n<li>des harmoniques (analyses FFT),<\/li>\n<li>des surtensions et sous-tensions transitoires,<\/li>\n<li>des mesures de courant et de tension de fr\u00e9quences sup\u00e9rieures<\/li>\n<\/ul>\n<p>[\/vc_column_text][\/vc_column][\/vc_row][vc_row][vc_column][vc_column_text]<\/p>\n<h2>Connaissez-vous le taux d\u2019utilisation de votre r\u00e9seau?<\/h2>\n<p>La connaissance du taux d\u2019utilisation et des conditions de mise hors circuit est le pr\u00e9alable:<\/p>\n<ul>\n<li>au dimensionnement pr\u00e9cis des adaptations r\u00e9seau et des dispositifs de protection et<\/li>\n<li>\u00e0 une \u00e9valuation correcte des raccordements.<\/li>\n<\/ul>\n<p>[\/vc_column_text][\/vc_column][\/vc_row][vc_row el_id=&#8221;kontakt&#8221;][vc_column][vc_column_text]<\/p>\n<h4>Avez-vous des questions concernant vos calculs de r\u00e9seau?<br \/>\nVeuillez contacter notre expert.<\/h4>\n<p>[\/vc_column_text]<div class=\"wpb_contact_column wpb_content_element wpb_contact_column--container\"><div class=\"wpb_wrapper\"><div class=\"contact_container_outer\"><div class=\"contact_container\"><div class=\"contact row middle-xs\"><div class=\"contact__img col-sm-5 col-xs-12\"><img decoding=\"async\" src=\"https:\/\/www.electrosuisse.ch\/wp-content\/uploads\/2024\/08\/StefanBaer_302x302.png\" alt=\"Stefan B\u00e4r - Chef d'\u00e9quipe Ing\u00e9nierie Est\" \/><\/div><div class=\"contact__info col-sm-7 col-xs-12\"><p><b>Stefan B\u00e4r<\/b><br>Chef d'\u00e9quipe Ing\u00e9nierie Est<\/p><div class=\"phone has-link\"><a href=\"tel:+41585951571\">+41 58 595 15 71<\/a><\/div><div class=\"mail has-link\"><a href=\"mailto:&#x73;t&#x65;&#102;&#x61;&#110;&#x2e;&#x62;a&#x65;&#114;&#x40;&#101;&#x6c;&#101;c&#x74;&#114;&#x6f;&#115;&#x75;&#105;s&#x73;&#101;&#x2e;&#99;&#x68;\">s&#116;&#101;&#x66;&#x61;&#x6e;&#46;b&#97;&#101;&#x72;&#x40;&#x65;l&#101;&#99;&#116;&#x72;&#x6f;&#x73;u&#105;&#115;&#x73;&#x65;&#x2e;ch<\/a><\/div><\/div><\/div><\/div><\/div><div class=\"contact_container_outer\"><div class=\"contact_container\"><div class=\"contact row middle-xs\"><div class=\"contact__img col-sm-5 col-xs-12\"><img decoding=\"async\" src=\"https:\/\/www.electrosuisse.ch\/wp-content\/uploads\/2025\/09\/Felix-Bigler_320x320.png\" alt=\"Felix Bigler - Chef d'\u00e9quipe Ing\u00e9nierie Ouest\" \/><\/div><div class=\"contact__info col-sm-7 col-xs-12\"><p><b>Felix Bigler<\/b><br>Chef d'\u00e9quipe Ing\u00e9nierie Ouest<\/p><div class=\"phone has-link\"><a href=\"tel:+41585951575\">+41 58 595 15 75<\/a><\/div><div class=\"mail has-link\"><a href=\"mailto:&#x66;&#101;l&#x69;&#120;&#46;&#x62;&#x69;&#103;&#x6c;&#x65;&#114;&#64;&#x65;&#108;e&#x63;&#x74;&#114;&#x6f;&#x73;&#117;i&#x73;&#115;e&#x2e;&#x63;&#104;\">&#x66;&#x65;&#108;i&#x78;&#x2e;&#98;ig&#x6c;&#x65;&#114;&#64;&#x65;&#x6c;&#101;&#99;t&#x72;&#x6f;&#115;u&#x69;&#x73;&#115;&#101;&#46;&#x63;&#x68;<\/a><\/div><\/div><\/div><\/div><\/div><div class=\"contact_container_outer\"><div class=\"contact_container\"><div class=\"contact row middle-xs\"><div class=\"contact__img col-sm-5 col-xs-12\"><img decoding=\"async\" src=\"\/wp-content\/themes\/SCHMUCKI_child\/img\/contact_placeholder.jpg\" alt=\"Conseil, Contr\u00f4les et Ing\u00e9nierie\" \/><\/div><div class=\"contact__info col-sm-7 col-xs-12\"><p><b>Conseil, Contr\u00f4les et Ing\u00e9nierie<\/b><br>Service de Bureau<\/p><div class=\"phone has-link\"><a href=\"tel:+41585951199\">+41 58 595 11 99<\/a><\/div><div class=\"mail has-link\"><a href=\"mailto:&#98;&#101;&#x72;a&#116;&#x75;&#x6e;g&#64;&#x65;&#x6c;e&#99;&#x74;&#x72;o&#115;&#x75;&#x69;s&#115;&#x65;&#x2e;c&#104;\">&#98;&#x65;r&#97;&#x74;&#117;&#x6e;g&#64;&#x65;l&#x65;&#x63;&#116;&#x72;o&#115;&#x75;i&#x73;&#x73;&#101;&#x2e;c&#104;<\/a><\/div><\/div><\/div><\/div><\/div><\/div><\/div>[\/vc_column][\/vc_row][vc_row el_id=&#8221;hinweis&#8221;][vc_column]<div class=\"wpb_text_image_column wpb_content_element \"><div class=\"wpb_wrapper\"><div class=\"row middle-lg\"><div class=\"col-sm-6 col-xs-12\"><div class=\"picture_container\"><picture><source srcset=\"https:\/\/www.electrosuisse.ch\/wp-content\/uploads\/2019\/03\/Electrosuisse_Berechnung_Taschenrechner_1598041-585x500.jpg\"><img decoding=\"async\" src=\"https:\/\/www.electrosuisse.ch\/wp-content\/uploads\/2019\/03\/Electrosuisse_Berechnung_Taschenrechner_1598041-585x500.jpg\" alt=\"Qualit\u00e9 du r\u00e9seau (\u00abqualit\u00e9 de l\u2019\u00e9lectricit\u00e9\u00bb) dans les r\u00e9seaux d\u2019installations \u00e0 basse tension\" \/><\/picture><\/div><\/div><div class=\"col-sm-6 col-xs-12\"><h3>Qualit\u00e9 du r\u00e9seau (\u00abqualit\u00e9 de l\u2019\u00e9lectricit\u00e9\u00bb) dans les r\u00e9seaux d\u2019installations \u00e0 basse tension<\/h3><p>Bases de la s\u00e9rie de normes EN\u00a061000 sur l\u2019importance de la qualit\u00e9 du r\u00e9seau dans les r\u00e9seaux d\u2019installations \u00e0 basse tension, les causes des perturbations de r\u00e9seau, les valeurs limites, les mesures et les interpr\u00e9tations. Mesures visant \u00e0 am\u00e9liorer la qualit\u00e9 du r\u00e9seau.<\/p>\n<div class=\"button button--normal\"><a href=\"https:\/\/shop.electrosuisse.ch\/fr\/formation-continue\/cours\/\">D\u00e9tails du cours<\/a><\/div><\/div><\/div><\/div><\/div>[\/vc_column][\/vc_row][vc_row][vc_column]<div class=\"wpb_content_element wpb_accordion_column accordion_simple\"><div class=\"accordions accordions_0\"><div class=\"custom_accordion_item accordion custom_accordion accordion_1_0\"><div class=\"accordion__header\" id=\"accordion_header_1_0\"><div class=\"accordion_trigger js-accordion_trigger\" data-toggle=\"collapse\" \r\n\t\t\t\t\tdata-target=\"#accordion_content_1_0_acc753\" \r\n          aria-expanded=\"false\" aria-controls=\"accordion_content_1_0\"><h3 class=\"accordion-title accordion-title-icon icon--position-right js-accordion-controller\"><div>Comit\u00e9 \u00c9lectrotechnique Suisse (CES)<\/div><\/h3><\/div><\/div><div class=\"accordion__content collapse not-click-to-close\" id=\"accordion_content_1_0_acc753\" aria-labelledby=\"accordion_header_1_0\"><div class=\"inside\"><div class=\"accordion-content\"><div class=\"accordion__inside\"><div class=\"accordion__element\"><!-- Start Accordion Content --><div class=\"accordion__element\"><p>Le <a href=\"https:\/\/www.electrosuisse.ch\/fr\/normalisation\/ces\/#1057\">TK 57<\/a> s\u2019int\u00e9resse aux questions de gestion des syst\u00e8mes de puissance et aux \u00e9changes d\u2019informations associ\u00e9s.<\/p>\n<\/div><div class=\"accordion__element\"><div class=\"button button--arrow\"><a href=\"https:\/\/www.electrosuisse.ch\/fr\/normalisation\/ces\/\"><div class=\"arrow\">Plus<\/div><\/a><\/div><\/div><!-- Start Accordion Content --><\/div><\/div><\/div><\/div><\/div><\/div><div class=\"custom_accordion_item accordion custom_accordion accordion_1_1\"><div class=\"accordion__header\" id=\"accordion_header_1_1\"><div class=\"accordion_trigger js-accordion_trigger\" data-toggle=\"collapse\" \r\n\t\t\t\t\tdata-target=\"#accordion_content_1_1_acc390\" \r\n          aria-expanded=\"false\" aria-controls=\"accordion_content_1_1\"><h3 class=\"accordion-title accordion-title-icon icon--position-right js-accordion-controller\"><div>CIGRE\/CIRED<\/div><\/h3><\/div><\/div><div class=\"accordion__content collapse not-click-to-close\" id=\"accordion_content_1_1_acc390\" aria-labelledby=\"accordion_header_1_1\"><div class=\"inside\"><div class=\"accordion-content\"><div class=\"accordion__inside\"><div class=\"accordion__element\"><!-- Start Accordion Content --><div class=\"accordion__element\"><p>La CIGRE vise tous les niveaux de r\u00e9seau, du niveau de tension le plus \u00e9lev\u00e9 aux syst\u00e8mes \u00e9lectriques d\u00e9centralis\u00e9s intelligents. Cf.\u00a0<a href=\"https:\/\/www.cigre.org\/\" target=\"_blank\" rel=\"noopener noreferrer\">www.cigre.org<\/a>.<\/p>\n<p>Le CIRED est la plateforme internationale dont l\u2019objectif est de rendre les connaissances et exp\u00e9riences relatives \u00e0 la distribution de l\u2019\u00e9nergie \u00e9lectrique accessibles \u00e0 tous les participants \u00e0 ses activit\u00e9s. Cf.\u00a0<a href=\"http:\/\/www.cired.net\/\" target=\"_blank\" rel=\"noopener noreferrer\">www.cired.net<\/a>.<\/p>\n<\/div><!-- Start Accordion Content --><\/div><\/div><\/div><\/div><\/div><\/div><\/div><\/div>[\/vc_column][\/vc_row]<\/p>\n<\/div>","protected":false},"excerpt":{"rendered":"<p>[vc_row][vc_column][vc_column_text el_class=&#8221;lead&#8221;]Les \u00e9quipements \u00e9lectriques ne sauraient influencer n\u00e9gativement les autres syst\u00e8mes ou installations ni entraver l\u2019approvisionnement en \u00e9lectricit\u00e9 durant l\u2019exploitation normale, processus de commutation compris.[\/vc_column_text][\/vc_column][\/vc_row][vc_row el_id=&#8221;angebot&#8221;][vc_column][vc_column_text] Notre offre Nos sp\u00e9cialistes vous soutiennent lors de toute perturbation du r\u00e9seau. Nous examinons les perturbations \u00e0 fond en proc\u00e9dant \u00e0 une \u00e9valuation sur site, \u00e9ventuellement compl\u00e9t\u00e9e par des [&hellip;]<\/p>\n","protected":false},"author":2,"featured_media":0,"parent":4116,"menu_order":259,"comment_status":"closed","ping_status":"closed","template":"","meta":{"_acf_changed":false,"_monsterinsights_skip_tracking":false,"_monsterinsights_sitenote_active":false,"_monsterinsights_sitenote_note":"","_monsterinsights_sitenote_category":0,"footnotes":""},"class_list":["post-4122","page","type-page","status-publish","hentry"],"acf":[],"yoast_head":"<!-- This site is optimized with the Yoast SEO Premium plugin v26.4 (Yoast SEO v27.0) - https:\/\/yoast.com\/product\/yoast-seo-premium-wordpress\/ -->\n<title>Optimiser et garantir la qualit\u00e9 de l\u2019\u00e9lectricit\u00e9 - Electrosuisse<\/title>\n<meta name=\"description\" content=\"Les \u00e9quipements \u00e9lectriques ne sauraient influencer n\u00e9gativement les autres syst\u00e8mes ou installations ni entraver l\u2019approvisionnement en \u00e9lectricit\u00e9 durant l\u2019exploitation normale, processus de commutation compris.\" \/>\n<meta name=\"robots\" content=\"index, follow, max-snippet:-1, max-image-preview:large, max-video-preview:-1\" \/>\n<link rel=\"canonical\" href=\"https:\/\/www.electrosuisse.ch\/fr\/engineering\/qualite-energie\/\" \/>\n<meta property=\"og:locale\" content=\"fr_FR\" \/>\n<meta property=\"og:type\" content=\"article\" \/>\n<meta property=\"og:title\" content=\"Optimiser et garantir la qualit\u00e9 de l\u2019\u00e9lectricit\u00e9 - Electrosuisse\" \/>\n<meta property=\"og:description\" content=\"Les \u00e9quipements \u00e9lectriques ne sauraient influencer n\u00e9gativement les autres syst\u00e8mes ou installations ni entraver l\u2019approvisionnement en \u00e9lectricit\u00e9 durant l\u2019exploitation normale, processus de commutation compris.\" \/>\n<meta property=\"og:url\" content=\"https:\/\/www.electrosuisse.ch\/fr\/engineering\/qualite-energie\/\" \/>\n<meta property=\"og:site_name\" content=\"Electrosuisse\" \/>\n<meta property=\"article:modified_time\" content=\"2026-03-24T13:22:41+00:00\" \/>\n<meta property=\"og:image\" content=\"https:\/\/www.electrosuisse.ch\/wp-content\/uploads\/2019\/04\/Electrosuisse_Power_Quality_Netzqualitaet_iStock-588367166.jpg\" \/>\n\t<meta property=\"og:image:width\" content=\"1578\" \/>\n\t<meta property=\"og:image:height\" content=\"650\" \/>\n\t<meta property=\"og:image:type\" content=\"image\/jpeg\" \/>\n<script type=\"application\/ld+json\" class=\"yoast-schema-graph\">{\"@context\":\"https:\/\/schema.org\",\"@graph\":[{\"@type\":\"WebPage\",\"@id\":\"https:\/\/www.electrosuisse.ch\/fr\/engineering\/qualite-energie\/\",\"url\":\"https:\/\/www.electrosuisse.ch\/fr\/engineering\/qualite-energie\/\",\"name\":\"Optimiser et garantir la qualit\u00e9 de l\u2019\u00e9lectricit\u00e9 - Electrosuisse\",\"isPartOf\":{\"@id\":\"https:\/\/www.electrosuisse.ch\/fr\/#website\"},\"datePublished\":\"2018-06-24T09:08:09+00:00\",\"dateModified\":\"2026-03-24T13:22:41+00:00\",\"description\":\"Les \u00e9quipements \u00e9lectriques ne sauraient influencer n\u00e9gativement les autres syst\u00e8mes ou installations ni entraver l\u2019approvisionnement en \u00e9lectricit\u00e9 durant l\u2019exploitation normale, processus de commutation compris.\",\"breadcrumb\":{\"@id\":\"https:\/\/www.electrosuisse.ch\/fr\/engineering\/qualite-energie\/#breadcrumb\"},\"inLanguage\":\"fr-FR\",\"potentialAction\":[{\"@type\":\"ReadAction\",\"target\":[\"https:\/\/www.electrosuisse.ch\/fr\/engineering\/qualite-energie\/\"]}]},{\"@type\":\"BreadcrumbList\",\"@id\":\"https:\/\/www.electrosuisse.ch\/fr\/engineering\/qualite-energie\/#breadcrumb\",\"itemListElement\":[{\"@type\":\"ListItem\",\"position\":1,\"name\":\"Engineering\",\"item\":\"https:\/\/www.electrosuisse.ch\/fr\/engineering\/\"},{\"@type\":\"ListItem\",\"position\":2,\"name\":\"Power Quality\"}]},{\"@type\":\"WebSite\",\"@id\":\"https:\/\/www.electrosuisse.ch\/fr\/#website\",\"url\":\"https:\/\/www.electrosuisse.ch\/fr\/\",\"name\":\"Electrosuisse\",\"description\":\"\",\"publisher\":{\"@id\":\"https:\/\/www.electrosuisse.ch\/fr\/#organization\"},\"potentialAction\":[{\"@type\":\"SearchAction\",\"target\":{\"@type\":\"EntryPoint\",\"urlTemplate\":\"https:\/\/www.electrosuisse.ch\/fr\/?s={search_term_string}\"},\"query-input\":{\"@type\":\"PropertyValueSpecification\",\"valueRequired\":true,\"valueName\":\"search_term_string\"}}],\"inLanguage\":\"fr-FR\"},{\"@type\":\"Organization\",\"@id\":\"https:\/\/www.electrosuisse.ch\/fr\/#organization\",\"name\":\"Electrosuisse\",\"url\":\"https:\/\/www.electrosuisse.ch\/fr\/\",\"logo\":{\"@type\":\"ImageObject\",\"inLanguage\":\"fr-FR\",\"@id\":\"https:\/\/www.electrosuisse.ch\/fr\/#\/schema\/logo\/image\/\",\"url\":\"https:\/\/www.electrosuisse.ch\/wp-content\/uploads\/2025\/04\/Electrosuisse_Logo_696x696.png\",\"contentUrl\":\"https:\/\/www.electrosuisse.ch\/wp-content\/uploads\/2025\/04\/Electrosuisse_Logo_696x696.png\",\"width\":696,\"height\":696,\"caption\":\"Electrosuisse\"},\"image\":{\"@id\":\"https:\/\/www.electrosuisse.ch\/fr\/#\/schema\/logo\/image\/\"},\"sameAs\":[\"https:\/\/www.linkedin.com\/company\/electrosuisse-ag\/posts\/?feedView=all\",\"https:\/\/www.instagram.com\/electrosuisse1889\/\",\"https:\/\/www.youtube.com\/channel\/UCoOxohMiVE0Gjcdis1L09zw\"],\"description\":\"Electrosuisse ist eine anerkannte und unabh\u00e4ngige Fachorganisation, die erstklassige Dienstleistungen und Produkte in den Bereichen Inspektion, Beratung, Pr\u00fcfung, Zertifizierung, Normung und Weiterbildung anbietet. Unsere Expertise umfasst Elektrotechnik, Elektromobilit\u00e4t, Energieberatung, Geb\u00e4udeautomation und Photovoltaik in der Schweiz. Durch die Veranstaltung etablierter Branchen-Events und Fachtagungen f\u00f6rdert Electrosuisse den Wissenstransfer und den fachlichen Austausch. Im Mittelpunkt unserer T\u00e4tigkeiten steht die F\u00f6rderung der sicheren, wirtschaftlichen und umweltgerechten Anwendung der Elektrotechnik.\"}]}<\/script>\n<!-- \/ Yoast SEO Premium plugin. -->","yoast_head_json":{"title":"Optimiser et garantir la qualit\u00e9 de l\u2019\u00e9lectricit\u00e9 - Electrosuisse","description":"Les \u00e9quipements \u00e9lectriques ne sauraient influencer n\u00e9gativement les autres syst\u00e8mes ou installations ni entraver l\u2019approvisionnement en \u00e9lectricit\u00e9 durant l\u2019exploitation normale, processus de commutation compris.","robots":{"index":"index","follow":"follow","max-snippet":"max-snippet:-1","max-image-preview":"max-image-preview:large","max-video-preview":"max-video-preview:-1"},"canonical":"https:\/\/www.electrosuisse.ch\/fr\/engineering\/qualite-energie\/","og_locale":"fr_FR","og_type":"article","og_title":"Optimiser et garantir la qualit\u00e9 de l\u2019\u00e9lectricit\u00e9 - Electrosuisse","og_description":"Les \u00e9quipements \u00e9lectriques ne sauraient influencer n\u00e9gativement les autres syst\u00e8mes ou installations ni entraver l\u2019approvisionnement en \u00e9lectricit\u00e9 durant l\u2019exploitation normale, processus de commutation compris.","og_url":"https:\/\/www.electrosuisse.ch\/fr\/engineering\/qualite-energie\/","og_site_name":"Electrosuisse","article_modified_time":"2026-03-24T13:22:41+00:00","og_image":[{"width":1578,"height":650,"url":"https:\/\/www.electrosuisse.ch\/wp-content\/uploads\/2019\/04\/Electrosuisse_Power_Quality_Netzqualitaet_iStock-588367166.jpg","type":"image\/jpeg"}],"schema":{"@context":"https:\/\/schema.org","@graph":[{"@type":"WebPage","@id":"https:\/\/www.electrosuisse.ch\/fr\/engineering\/qualite-energie\/","url":"https:\/\/www.electrosuisse.ch\/fr\/engineering\/qualite-energie\/","name":"Optimiser et garantir la qualit\u00e9 de l\u2019\u00e9lectricit\u00e9 - Electrosuisse","isPartOf":{"@id":"https:\/\/www.electrosuisse.ch\/fr\/#website"},"datePublished":"2018-06-24T09:08:09+00:00","dateModified":"2026-03-24T13:22:41+00:00","description":"Les \u00e9quipements \u00e9lectriques ne sauraient influencer n\u00e9gativement les autres syst\u00e8mes ou installations ni entraver l\u2019approvisionnement en \u00e9lectricit\u00e9 durant l\u2019exploitation normale, processus de commutation compris.","breadcrumb":{"@id":"https:\/\/www.electrosuisse.ch\/fr\/engineering\/qualite-energie\/#breadcrumb"},"inLanguage":"fr-FR","potentialAction":[{"@type":"ReadAction","target":["https:\/\/www.electrosuisse.ch\/fr\/engineering\/qualite-energie\/"]}]},{"@type":"BreadcrumbList","@id":"https:\/\/www.electrosuisse.ch\/fr\/engineering\/qualite-energie\/#breadcrumb","itemListElement":[{"@type":"ListItem","position":1,"name":"Engineering","item":"https:\/\/www.electrosuisse.ch\/fr\/engineering\/"},{"@type":"ListItem","position":2,"name":"Power Quality"}]},{"@type":"WebSite","@id":"https:\/\/www.electrosuisse.ch\/fr\/#website","url":"https:\/\/www.electrosuisse.ch\/fr\/","name":"Electrosuisse","description":"","publisher":{"@id":"https:\/\/www.electrosuisse.ch\/fr\/#organization"},"potentialAction":[{"@type":"SearchAction","target":{"@type":"EntryPoint","urlTemplate":"https:\/\/www.electrosuisse.ch\/fr\/?s={search_term_string}"},"query-input":{"@type":"PropertyValueSpecification","valueRequired":true,"valueName":"search_term_string"}}],"inLanguage":"fr-FR"},{"@type":"Organization","@id":"https:\/\/www.electrosuisse.ch\/fr\/#organization","name":"Electrosuisse","url":"https:\/\/www.electrosuisse.ch\/fr\/","logo":{"@type":"ImageObject","inLanguage":"fr-FR","@id":"https:\/\/www.electrosuisse.ch\/fr\/#\/schema\/logo\/image\/","url":"https:\/\/www.electrosuisse.ch\/wp-content\/uploads\/2025\/04\/Electrosuisse_Logo_696x696.png","contentUrl":"https:\/\/www.electrosuisse.ch\/wp-content\/uploads\/2025\/04\/Electrosuisse_Logo_696x696.png","width":696,"height":696,"caption":"Electrosuisse"},"image":{"@id":"https:\/\/www.electrosuisse.ch\/fr\/#\/schema\/logo\/image\/"},"sameAs":["https:\/\/www.linkedin.com\/company\/electrosuisse-ag\/posts\/?feedView=all","https:\/\/www.instagram.com\/electrosuisse1889\/","https:\/\/www.youtube.com\/channel\/UCoOxohMiVE0Gjcdis1L09zw"],"description":"Electrosuisse ist eine anerkannte und unabh\u00e4ngige Fachorganisation, die erstklassige Dienstleistungen und Produkte in den Bereichen Inspektion, Beratung, Pr\u00fcfung, Zertifizierung, Normung und Weiterbildung anbietet. Unsere Expertise umfasst Elektrotechnik, Elektromobilit\u00e4t, Energieberatung, Geb\u00e4udeautomation und Photovoltaik in der Schweiz. Durch die Veranstaltung etablierter Branchen-Events und Fachtagungen f\u00f6rdert Electrosuisse den Wissenstransfer und den fachlichen Austausch. Im Mittelpunkt unserer T\u00e4tigkeiten steht die F\u00f6rderung der sicheren, wirtschaftlichen und umweltgerechten Anwendung der Elektrotechnik."}]}},"amp_enabled":true,"_links":{"self":[{"href":"https:\/\/www.electrosuisse.ch\/fr\/wp-json\/wp\/v2\/pages\/4122","targetHints":{"allow":["GET"]}}],"collection":[{"href":"https:\/\/www.electrosuisse.ch\/fr\/wp-json\/wp\/v2\/pages"}],"about":[{"href":"https:\/\/www.electrosuisse.ch\/fr\/wp-json\/wp\/v2\/types\/page"}],"author":[{"embeddable":true,"href":"https:\/\/www.electrosuisse.ch\/fr\/wp-json\/wp\/v2\/users\/2"}],"replies":[{"embeddable":true,"href":"https:\/\/www.electrosuisse.ch\/fr\/wp-json\/wp\/v2\/comments?post=4122"}],"version-history":[{"count":8,"href":"https:\/\/www.electrosuisse.ch\/fr\/wp-json\/wp\/v2\/pages\/4122\/revisions"}],"predecessor-version":[{"id":39942,"href":"https:\/\/www.electrosuisse.ch\/fr\/wp-json\/wp\/v2\/pages\/4122\/revisions\/39942"}],"up":[{"embeddable":true,"href":"https:\/\/www.electrosuisse.ch\/fr\/wp-json\/wp\/v2\/pages\/4116"}],"wp:attachment":[{"href":"https:\/\/www.electrosuisse.ch\/fr\/wp-json\/wp\/v2\/media?parent=4122"}],"curies":[{"name":"wp","href":"https:\/\/api.w.org\/{rel}","templated":true}]}}