{"id":40590,"date":"2026-04-16T15:38:02","date_gmt":"2026-04-16T13:38:02","guid":{"rendered":"https:\/\/www.electrosuisse.ch\/?page_id=40590"},"modified":"2026-04-16T15:59:12","modified_gmt":"2026-04-16T13:59:12","slug":"installations-et-equipements-speciaux","status":"publish","type":"page","link":"https:\/\/www.electrosuisse.ch\/fr\/controles-et-conseil\/installations-et-equipements-speciaux\/","title":{"rendered":"Installations et \u00e9quipements sp\u00e9ciaux"},"content":{"rendered":"<div class=\"wpb-content-wrapper\"><p>[vc_row][vc_column][vc_column_text css=&#8221;&#8221; el_class=&#8221;teaser&#8221;]Les installations sp\u00e9ciales dans le domaine \u00e9lectrotechnique imposent des exigences tr\u00e8s \u00e9lev\u00e9es en mati\u00e8re de planification, de coordination et d&#8217;ex\u00e9cution. Qu&#8217;il s&#8217;agisse d&#8217;installations industrielles, d&#8217;\u00e9quipements m\u00e9dicaux ou d&#8217;infrastructures li\u00e9es \u00e0 la s\u00e9curit\u00e9, chaque installation est unique. Nous vous aidons \u00e0 g\u00e9rer cette complexit\u00e9 et \u00e0 mettre en service vos installations de mani\u00e8re s\u00fbre, conforme aux normes et efficace.[\/vc_column_text][vc_column_text css=&#8221;&#8221;]<strong>D\u00e9fis typiques des installations sp\u00e9ciales :<\/strong><\/p>\n<ul>\n<li><strong>Complexit\u00e9 technique et personnalisation : <\/strong>les installations sp\u00e9ciales sont rarement standardis\u00e9es, de sorte que chaque solution doit \u00eatre planifi\u00e9e et mise en \u0153uvre avec pr\u00e9cision.<\/li>\n<li><strong>Responsabilit\u00e9s floues et probl\u00e8mes d&#8217;interface <\/strong>: la planification \u00e9lectrique, la technologie de commande et les syst\u00e8mes informatiques doivent fonctionner ensemble sans difficult\u00e9s. Un manque de coordination entra\u00eene rapidement des retards ou des dysfonctionnements.<\/li>\n<li><strong>Diversit\u00e9 des normes et des directives : <\/strong>les r\u00e9glementations sp\u00e9cifiques pour certains secteurs, par exemple pour les h\u00f4pitaux, les laboratoires, les zones \u00e0 risque d&#8217;explosion ou les centres de donn\u00e9es, sont essentielles, mais souvent difficiles \u00e0 saisir dans leur globalit\u00e9.<\/li>\n<li><strong>Lacunes dans la documentation : <\/strong>l&#8217;absence ou la contradiction des justificatifs rendent difficiles les d\u00e9cisions fond\u00e9es et les r\u00e9ceptions juridiquement s\u00fbres.<\/li>\n<li><strong>Risques en mati\u00e8re de responsabilit\u00e9 et s\u00e9curit\u00e9 d&#8217;exploitation : <\/strong>les installations d\u00e9fectueuses mettent les personnes en danger et peuvent entra\u00eener des cons\u00e9quences juridiques. La responsabilit\u00e9 est aupr\u00e8s de l&#8217;exploitant.<\/li>\n<\/ul>\n<p>[\/vc_column_text][\/vc_column][\/vc_row][vc_row el_id=&#8221;angebot&#8221;][vc_column][vc_column_text css=&#8221;&#8221;]<\/p>\n<h3>Notre offre pour les installations sp\u00e9ciales<\/h3>\n<p>[\/vc_column_text][vc_column_text css=&#8221;&#8221;]Qu&#8217;il s&#8217;agisse de locaux \u00e0 usage m\u00e9dical, d&#8217;infrastructures li\u00e9es \u00e0 la s\u00e9curit\u00e9 ou d&#8217;installations industrielles complexes, nous vous accompagnons avec notre expertise technique et notre s\u00e9curit\u00e9 normative tout au long des diff\u00e9rentes phases du projet. Nos services visent \u00e0 r\u00e9soudre de mani\u00e8re cibl\u00e9e les d\u00e9fis typiques des installations sp\u00e9ciales.<\/p>\n<ul>\n<li><strong>Clart\u00e9 technique et \u00e9valuation ind\u00e9pendante <\/strong>: nous contr\u00f4lons votre installation de mani\u00e8re objective, identifions les points faibles et vous indiquons clairement les mesures \u00e0 prendre.<\/li>\n<li><strong>Comp\u00e9tence interdisciplinaire et coordination <\/strong>: nous assurons la liaison entre la planification, l&#8217;ex\u00e9cution et la r\u00e9ception et veillons \u00e0 ce que toutes les parties prenantes parlent le m\u00eame langage.<\/li>\n<li><strong>S\u00e9curit\u00e9 normative et qualit\u00e9 de la documentation <\/strong>: nos contr\u00f4les sont document\u00e9s de mani\u00e8re exhaustive afin que vous soyez en r\u00e8gle vis-\u00e0-vis des autorit\u00e9s, des assurances et des organismes de contr\u00f4le.<\/li>\n<\/ul>\n<p><strong>Un accompagnement fiable jusqu&#8217;\u00e0 la mise en service <\/strong>: nous ne nous contentons pas de vous conseiller, nous vous accompagnons activement, de la planification \u00e0 la r\u00e9ception r\u00e9ussie.<\/p>\n<p>Aper\u00e7u de nos prestations :<\/p>\n<ul>\n<li>Assistance technique aux titulaires d&#8217;autorisations conform\u00e9ment aux articles 13 \u00e0 15 de l&#8217;OPair<\/li>\n<li>Locaux \u00e0 usage m\u00e9dical<\/li>\n<li>Zones \u00e0 risque d&#8217;explosion<\/li>\n<li>Routes nationales et chemins de fer<\/li>\n<li>Ouvrages de protection civile et installations militaires<\/li>\n<li>Installations sur les bateaux et les v\u00e9hicules<\/li>\n<li>Machines et installations industrielles<\/li>\n<li>Autres installations sp\u00e9ciales selon l&#8217;art. 32, al. 2, OIBT<\/li>\n<\/ul>\n<p>[\/vc_column_text][\/vc_column][\/vc_row][vc_row el_id=&#8221;contact&#8221;][vc_column][vc_column_text css=&#8221;&#8221;]<\/p>\n<h3>Contactez-nous pour une consultation sans engagement.<\/h3>\n<p>[\/vc_column_text][vc_column_text]<\/p>\n<h2>Contact<\/h2>\n<p>[\/vc_column_text]<div class=\"wpb_contact_column wpb_content_element wpb_content_element--\"><div class=\"wpb_wrapper\"><div class=\"contact_container\"><div class=\"contact row middle-xs\"><div class=\"contact__img col-sm-5 col-xs-12\"><img decoding=\"async\" src=\"\/wp-content\/themes\/SCHMUCKI_child\/img\/contact_placeholder.jpg\" alt=\"Conseil, Contr\u00f4les et Ing\u00e9nierie\" \/><\/div><div class=\"contact__info col-sm-7 col-xs-12\"><p><b>Conseil, Contr\u00f4les et Ing\u00e9nierie<\/b><br>Service de Bureau<\/p><div class=\"phone has-link\"><a href=\"tel:+41585951199\">+41 58 595 11 99<\/a><\/div><div class=\"mail has-link\"><a href=\"mailto:&#98;&#x65;&#x72;a&#116;&#x75;n&#103;&#x40;&#x65;l&#101;&#x63;t&#114;&#x6f;&#x73;u&#105;&#x73;s&#101;&#x2e;&#x63;&#104;\">&#x62;&#x65;&#x72;&#x61;&#116;&#117;&#110;g&#64;&#x65;&#x6c;&#x65;&#x63;&#x74;&#114;&#111;&#115;ui&#x73;&#x73;&#x65;&#x2e;&#x63;&#104;<\/a><\/div><\/div><\/div><\/div><\/div><\/div>[\/vc_column][\/vc_row][vc_row el_id=&#8221;portailclient &#8220;][vc_column][vc_column_text css=&#8221;&#8221;]<\/p>\n<h2>Portail client<\/h2>\n<p><strong>Plus de temps pour l&#8217;essentiel.<br \/>\n<\/strong>Moins d&#8217;administration, plus de temps pour vous concentrer sur votre activit\u00e9 principale.<\/p>\n<h3>Vos avantages avec le portail client myElectrosuisse :<\/h3>\n<p><strong>Tout en un seul endroit<\/strong><\/p>\n<ul>\n<li>Documentation relative \u00e0 la s\u00e9curit\u00e9 class\u00e9e et accessible \u00e0 tout moment<\/li>\n<li>Rapports, justificatifs et attestations disponibles de mani\u00e8re centralis\u00e9e<\/li>\n<li>Donn\u00e9es de localisation actuelles<\/li>\n<li>Stockage s\u00e9curis\u00e9 des donn\u00e9es en Suisse<\/li>\n<\/ul>\n<p><strong>Simple et efficace<\/strong><\/p>\n<ul>\n<li>T\u00e9l\u00e9chargement direct des avis de r\u00e9paration par votre \u00e9lectricien<\/li>\n<li>Statistiques des d\u00e9fauts en un coup d&#8217;\u0153il<\/li>\n<\/ul>\n<p><strong>Transparence totale<\/strong><\/p>\n<ul>\n<li>Aper\u00e7u des titulaires d&#8217;autorisation pris en charge (art. 13 OIBT)<\/li>\n<li>Affichage et t\u00e9l\u00e9chargement des normes et produits concern\u00e9s<\/li>\n<li>Aper\u00e7u des formations continues pr\u00e9vues et suivies<\/li>\n<\/ul>\n<p><strong>S\u00e9curit\u00e9 des donn\u00e9es incluse<\/strong><\/p>\n<ul>\n<li>Sauvegarde r\u00e9guli\u00e8re de vos donn\u00e9es<\/li>\n<\/ul>\n<p>[\/vc_column_text][vc_column_text css=&#8221;&#8221;]<\/p>\n<h3>D\u00e9couvrez toutes les fonctionnalit\u00e9s du portail client dans la vid\u00e9o :<\/h3>\n<p>[\/vc_column_text]<div class=\"wpb_button_column wpb_content_element wpb_content_element--left\"><div class=\"wpb_wrapper\"><div class=\"button button--normal\"><a href=\"https:\/\/www.youtube.com\/watch?v=29OmgdL0vQE\" target=\"_blank\" >Regardez maintenant <\/a><\/div><\/div><\/div>[vc_column_text css=&#8221;&#8221;]<\/p>\n<h3>Int\u00e9ress\u00e9 ?<\/h3>\n<p>Nos collaborateurs du service interne se feront un plaisir de vous conseiller personnellement.[\/vc_column_text]<div class=\"wpb_contact_column wpb_content_element wpb_content_element--\"><div class=\"wpb_wrapper\"><div class=\"contact_container\"><div class=\"contact row middle-xs\"><div class=\"contact__img col-sm-5 col-xs-12\"><img decoding=\"async\" src=\"\/wp-content\/themes\/SCHMUCKI_child\/img\/contact_placeholder.jpg\" alt=\"Conseil, Contr\u00f4les et Ing\u00e9nierie\" \/><\/div><div class=\"contact__info col-sm-7 col-xs-12\"><p><b>Conseil, Contr\u00f4les et Ing\u00e9nierie<\/b><br>Service de Bureau<\/p><div class=\"phone has-link\"><a href=\"tel:+41585951199\">+41 58 595 11 99<\/a><\/div><div class=\"mail has-link\"><a href=\"mailto:&#98;&#x65;&#x72;a&#116;&#x75;n&#103;&#x40;&#x65;l&#101;&#x63;t&#114;&#x6f;&#x73;u&#105;&#x73;s&#101;&#x2e;&#x63;&#104;\">&#x62;&#101;&#x72;&#x61;t&#x75;&#110;g&#x40;&#101;l&#x65;&#99;&#x74;&#x72;o&#x73;&#117;i&#x73;&#115;e&#x2e;&#99;&#x68;<\/a><\/div><\/div><\/div><\/div><\/div><\/div>[\/vc_column][\/vc_row]<\/p>\n<\/div>","protected":false},"excerpt":{"rendered":"<p>[vc_row][vc_column][vc_column_text css=&#8221;&#8221; el_class=&#8221;teaser&#8221;]Les installations sp\u00e9ciales dans le domaine \u00e9lectrotechnique imposent des exigences tr\u00e8s \u00e9lev\u00e9es en mati\u00e8re de planification, de coordination et d&#8217;ex\u00e9cution. Qu&#8217;il s&#8217;agisse d&#8217;installations industrielles, d&#8217;\u00e9quipements m\u00e9dicaux ou d&#8217;infrastructures li\u00e9es \u00e0 la s\u00e9curit\u00e9, chaque installation est unique. Nous vous aidons \u00e0 g\u00e9rer cette complexit\u00e9 et \u00e0 mettre en service vos installations de mani\u00e8re s\u00fbre, [&hellip;]<\/p>\n","protected":false},"author":38,"featured_media":0,"parent":22115,"menu_order":228,"comment_status":"closed","ping_status":"closed","template":"","meta":{"_acf_changed":false,"_monsterinsights_skip_tracking":false,"_monsterinsights_sitenote_active":false,"_monsterinsights_sitenote_note":"","_monsterinsights_sitenote_category":0,"footnotes":""},"class_list":["post-40590","page","type-page","status-publish","hentry"],"acf":[],"yoast_head":"<!-- This site is optimized with the Yoast SEO Premium plugin v26.4 (Yoast SEO v27.0) - https:\/\/yoast.com\/product\/yoast-seo-premium-wordpress\/ -->\n<title>Installations et \u00e9quipements sp\u00e9ciaux - Electrosuisse<\/title>\n<meta name=\"description\" content=\"Les installations sp\u00e9cialis\u00e9es dans le domaine \u00e9lectrotechnique imposent des exigences tr\u00e8s \u00e9lev\u00e9es en mati\u00e8re de conception, de coordination et de r\u00e9alisation.\" \/>\n<meta name=\"robots\" content=\"index, follow, max-snippet:-1, max-image-preview:large, max-video-preview:-1\" \/>\n<link rel=\"canonical\" href=\"https:\/\/www.electrosuisse.ch\/fr\/controles-et-conseil\/installations-et-equipements-speciaux\/\" \/>\n<meta property=\"og:locale\" content=\"fr_FR\" \/>\n<meta property=\"og:type\" content=\"article\" \/>\n<meta property=\"og:title\" content=\"Installations et \u00e9quipements sp\u00e9ciaux - Electrosuisse\" \/>\n<meta property=\"og:description\" content=\"Les installations sp\u00e9cialis\u00e9es dans le domaine \u00e9lectrotechnique imposent des exigences tr\u00e8s \u00e9lev\u00e9es en mati\u00e8re de conception, de coordination et de r\u00e9alisation.\" \/>\n<meta property=\"og:url\" content=\"https:\/\/www.electrosuisse.ch\/fr\/controles-et-conseil\/installations-et-equipements-speciaux\/\" \/>\n<meta property=\"og:site_name\" content=\"Electrosuisse\" \/>\n<meta property=\"article:modified_time\" content=\"2026-04-16T13:59:12+00:00\" \/>\n<meta property=\"og:image\" content=\"https:\/\/www.electrosuisse.ch\/wp-content\/uploads\/2022\/12\/Electrosuisse_Ueber_uns_1578x650.jpg\" \/>\n\t<meta property=\"og:image:width\" content=\"1578\" \/>\n\t<meta property=\"og:image:height\" content=\"650\" \/>\n\t<meta property=\"og:image:type\" content=\"image\/jpeg\" \/>\n<script type=\"application\/ld+json\" class=\"yoast-schema-graph\">{\"@context\":\"https:\/\/schema.org\",\"@graph\":[{\"@type\":\"WebPage\",\"@id\":\"https:\/\/www.electrosuisse.ch\/fr\/controles-et-conseil\/installations-et-equipements-speciaux\/\",\"url\":\"https:\/\/www.electrosuisse.ch\/fr\/controles-et-conseil\/installations-et-equipements-speciaux\/\",\"name\":\"Installations et \u00e9quipements sp\u00e9ciaux - Electrosuisse\",\"isPartOf\":{\"@id\":\"https:\/\/www.electrosuisse.ch\/fr\/#website\"},\"datePublished\":\"2026-04-16T13:38:02+00:00\",\"dateModified\":\"2026-04-16T13:59:12+00:00\",\"description\":\"Les installations sp\u00e9cialis\u00e9es dans le domaine \u00e9lectrotechnique imposent des exigences tr\u00e8s \u00e9lev\u00e9es en mati\u00e8re de conception, de coordination et de r\u00e9alisation.\",\"breadcrumb\":{\"@id\":\"https:\/\/www.electrosuisse.ch\/fr\/controles-et-conseil\/installations-et-equipements-speciaux\/#breadcrumb\"},\"inLanguage\":\"fr-FR\",\"potentialAction\":[{\"@type\":\"ReadAction\",\"target\":[\"https:\/\/www.electrosuisse.ch\/fr\/controles-et-conseil\/installations-et-equipements-speciaux\/\"]}]},{\"@type\":\"BreadcrumbList\",\"@id\":\"https:\/\/www.electrosuisse.ch\/fr\/controles-et-conseil\/installations-et-equipements-speciaux\/#breadcrumb\",\"itemListElement\":[{\"@type\":\"ListItem\",\"position\":1,\"name\":\"Contr\u00f4les et conseil\",\"item\":\"https:\/\/www.electrosuisse.ch\/fr\/controles-et-conseil\/\"},{\"@type\":\"ListItem\",\"position\":2,\"name\":\"Installations et \u00e9quipements sp\u00e9ciaux\"}]},{\"@type\":\"WebSite\",\"@id\":\"https:\/\/www.electrosuisse.ch\/fr\/#website\",\"url\":\"https:\/\/www.electrosuisse.ch\/fr\/\",\"name\":\"Electrosuisse\",\"description\":\"\",\"publisher\":{\"@id\":\"https:\/\/www.electrosuisse.ch\/fr\/#organization\"},\"potentialAction\":[{\"@type\":\"SearchAction\",\"target\":{\"@type\":\"EntryPoint\",\"urlTemplate\":\"https:\/\/www.electrosuisse.ch\/fr\/?s={search_term_string}\"},\"query-input\":{\"@type\":\"PropertyValueSpecification\",\"valueRequired\":true,\"valueName\":\"search_term_string\"}}],\"inLanguage\":\"fr-FR\"},{\"@type\":\"Organization\",\"@id\":\"https:\/\/www.electrosuisse.ch\/fr\/#organization\",\"name\":\"Electrosuisse\",\"url\":\"https:\/\/www.electrosuisse.ch\/fr\/\",\"logo\":{\"@type\":\"ImageObject\",\"inLanguage\":\"fr-FR\",\"@id\":\"https:\/\/www.electrosuisse.ch\/fr\/#\/schema\/logo\/image\/\",\"url\":\"https:\/\/www.electrosuisse.ch\/wp-content\/uploads\/2025\/04\/Electrosuisse_Logo_696x696.png\",\"contentUrl\":\"https:\/\/www.electrosuisse.ch\/wp-content\/uploads\/2025\/04\/Electrosuisse_Logo_696x696.png\",\"width\":696,\"height\":696,\"caption\":\"Electrosuisse\"},\"image\":{\"@id\":\"https:\/\/www.electrosuisse.ch\/fr\/#\/schema\/logo\/image\/\"},\"sameAs\":[\"https:\/\/www.linkedin.com\/company\/electrosuisse-ag\/posts\/?feedView=all\",\"https:\/\/www.instagram.com\/electrosuisse1889\/\",\"https:\/\/www.youtube.com\/channel\/UCoOxohMiVE0Gjcdis1L09zw\"],\"description\":\"Electrosuisse ist eine anerkannte und unabh\u00e4ngige Fachorganisation, die erstklassige Dienstleistungen und Produkte in den Bereichen Inspektion, Beratung, Pr\u00fcfung, Zertifizierung, Normung und Weiterbildung anbietet. Unsere Expertise umfasst Elektrotechnik, Elektromobilit\u00e4t, Energieberatung, Geb\u00e4udeautomation und Photovoltaik in der Schweiz. Durch die Veranstaltung etablierter Branchen-Events und Fachtagungen f\u00f6rdert Electrosuisse den Wissenstransfer und den fachlichen Austausch. Im Mittelpunkt unserer T\u00e4tigkeiten steht die F\u00f6rderung der sicheren, wirtschaftlichen und umweltgerechten Anwendung der Elektrotechnik.\"}]}<\/script>\n<!-- \/ Yoast SEO Premium plugin. -->","yoast_head_json":{"title":"Installations et \u00e9quipements sp\u00e9ciaux - Electrosuisse","description":"Les installations sp\u00e9cialis\u00e9es dans le domaine \u00e9lectrotechnique imposent des exigences tr\u00e8s \u00e9lev\u00e9es en mati\u00e8re de conception, de coordination et de r\u00e9alisation.","robots":{"index":"index","follow":"follow","max-snippet":"max-snippet:-1","max-image-preview":"max-image-preview:large","max-video-preview":"max-video-preview:-1"},"canonical":"https:\/\/www.electrosuisse.ch\/fr\/controles-et-conseil\/installations-et-equipements-speciaux\/","og_locale":"fr_FR","og_type":"article","og_title":"Installations et \u00e9quipements sp\u00e9ciaux - Electrosuisse","og_description":"Les installations sp\u00e9cialis\u00e9es dans le domaine \u00e9lectrotechnique imposent des exigences tr\u00e8s \u00e9lev\u00e9es en mati\u00e8re de conception, de coordination et de r\u00e9alisation.","og_url":"https:\/\/www.electrosuisse.ch\/fr\/controles-et-conseil\/installations-et-equipements-speciaux\/","og_site_name":"Electrosuisse","article_modified_time":"2026-04-16T13:59:12+00:00","og_image":[{"width":1578,"height":650,"url":"https:\/\/www.electrosuisse.ch\/wp-content\/uploads\/2022\/12\/Electrosuisse_Ueber_uns_1578x650.jpg","type":"image\/jpeg"}],"schema":{"@context":"https:\/\/schema.org","@graph":[{"@type":"WebPage","@id":"https:\/\/www.electrosuisse.ch\/fr\/controles-et-conseil\/installations-et-equipements-speciaux\/","url":"https:\/\/www.electrosuisse.ch\/fr\/controles-et-conseil\/installations-et-equipements-speciaux\/","name":"Installations et \u00e9quipements sp\u00e9ciaux - Electrosuisse","isPartOf":{"@id":"https:\/\/www.electrosuisse.ch\/fr\/#website"},"datePublished":"2026-04-16T13:38:02+00:00","dateModified":"2026-04-16T13:59:12+00:00","description":"Les installations sp\u00e9cialis\u00e9es dans le domaine \u00e9lectrotechnique imposent des exigences tr\u00e8s \u00e9lev\u00e9es en mati\u00e8re de conception, de coordination et de r\u00e9alisation.","breadcrumb":{"@id":"https:\/\/www.electrosuisse.ch\/fr\/controles-et-conseil\/installations-et-equipements-speciaux\/#breadcrumb"},"inLanguage":"fr-FR","potentialAction":[{"@type":"ReadAction","target":["https:\/\/www.electrosuisse.ch\/fr\/controles-et-conseil\/installations-et-equipements-speciaux\/"]}]},{"@type":"BreadcrumbList","@id":"https:\/\/www.electrosuisse.ch\/fr\/controles-et-conseil\/installations-et-equipements-speciaux\/#breadcrumb","itemListElement":[{"@type":"ListItem","position":1,"name":"Contr\u00f4les et conseil","item":"https:\/\/www.electrosuisse.ch\/fr\/controles-et-conseil\/"},{"@type":"ListItem","position":2,"name":"Installations et \u00e9quipements sp\u00e9ciaux"}]},{"@type":"WebSite","@id":"https:\/\/www.electrosuisse.ch\/fr\/#website","url":"https:\/\/www.electrosuisse.ch\/fr\/","name":"Electrosuisse","description":"","publisher":{"@id":"https:\/\/www.electrosuisse.ch\/fr\/#organization"},"potentialAction":[{"@type":"SearchAction","target":{"@type":"EntryPoint","urlTemplate":"https:\/\/www.electrosuisse.ch\/fr\/?s={search_term_string}"},"query-input":{"@type":"PropertyValueSpecification","valueRequired":true,"valueName":"search_term_string"}}],"inLanguage":"fr-FR"},{"@type":"Organization","@id":"https:\/\/www.electrosuisse.ch\/fr\/#organization","name":"Electrosuisse","url":"https:\/\/www.electrosuisse.ch\/fr\/","logo":{"@type":"ImageObject","inLanguage":"fr-FR","@id":"https:\/\/www.electrosuisse.ch\/fr\/#\/schema\/logo\/image\/","url":"https:\/\/www.electrosuisse.ch\/wp-content\/uploads\/2025\/04\/Electrosuisse_Logo_696x696.png","contentUrl":"https:\/\/www.electrosuisse.ch\/wp-content\/uploads\/2025\/04\/Electrosuisse_Logo_696x696.png","width":696,"height":696,"caption":"Electrosuisse"},"image":{"@id":"https:\/\/www.electrosuisse.ch\/fr\/#\/schema\/logo\/image\/"},"sameAs":["https:\/\/www.linkedin.com\/company\/electrosuisse-ag\/posts\/?feedView=all","https:\/\/www.instagram.com\/electrosuisse1889\/","https:\/\/www.youtube.com\/channel\/UCoOxohMiVE0Gjcdis1L09zw"],"description":"Electrosuisse ist eine anerkannte und unabh\u00e4ngige Fachorganisation, die erstklassige Dienstleistungen und Produkte in den Bereichen Inspektion, Beratung, Pr\u00fcfung, Zertifizierung, Normung und Weiterbildung anbietet. Unsere Expertise umfasst Elektrotechnik, Elektromobilit\u00e4t, Energieberatung, Geb\u00e4udeautomation und Photovoltaik in der Schweiz. Durch die Veranstaltung etablierter Branchen-Events und Fachtagungen f\u00f6rdert Electrosuisse den Wissenstransfer und den fachlichen Austausch. Im Mittelpunkt unserer T\u00e4tigkeiten steht die F\u00f6rderung der sicheren, wirtschaftlichen und umweltgerechten Anwendung der Elektrotechnik."}]}},"amp_enabled":true,"_links":{"self":[{"href":"https:\/\/www.electrosuisse.ch\/fr\/wp-json\/wp\/v2\/pages\/40590","targetHints":{"allow":["GET"]}}],"collection":[{"href":"https:\/\/www.electrosuisse.ch\/fr\/wp-json\/wp\/v2\/pages"}],"about":[{"href":"https:\/\/www.electrosuisse.ch\/fr\/wp-json\/wp\/v2\/types\/page"}],"author":[{"embeddable":true,"href":"https:\/\/www.electrosuisse.ch\/fr\/wp-json\/wp\/v2\/users\/38"}],"replies":[{"embeddable":true,"href":"https:\/\/www.electrosuisse.ch\/fr\/wp-json\/wp\/v2\/comments?post=40590"}],"version-history":[{"count":4,"href":"https:\/\/www.electrosuisse.ch\/fr\/wp-json\/wp\/v2\/pages\/40590\/revisions"}],"predecessor-version":[{"id":44504,"href":"https:\/\/www.electrosuisse.ch\/fr\/wp-json\/wp\/v2\/pages\/40590\/revisions\/44504"}],"up":[{"embeddable":true,"href":"https:\/\/www.electrosuisse.ch\/fr\/wp-json\/wp\/v2\/pages\/22115"}],"wp:attachment":[{"href":"https:\/\/www.electrosuisse.ch\/fr\/wp-json\/wp\/v2\/media?parent=40590"}],"curies":[{"name":"wp","href":"https:\/\/api.w.org\/{rel}","templated":true}]}}