{"id":40582,"date":"2026-04-16T15:24:32","date_gmt":"2026-04-16T13:24:32","guid":{"rendered":"https:\/\/www.electrosuisse.ch\/?page_id=40582"},"modified":"2026-04-16T15:28:17","modified_gmt":"2026-04-16T13:28:17","slug":"installations-basse-tension-selon-niv","status":"publish","type":"page","link":"https:\/\/www.electrosuisse.ch\/fr\/controles-et-conseil\/installations-basse-tension-selon-niv\/","title":{"rendered":"Installations basse tension selon NIV"},"content":{"rendered":"<div class=\"wpb-content-wrapper\"><p>[vc_row el_id=&#8221;offre&#8221;][vc_column][vc_column_text css=&#8221;&#8221; el_class=&#8221;teaser&#8221;]<\/p>\n<h3>S\u00fbre. Conforme \u00e0 la loi. Clair.<\/h3>\n<p>Nos inspecteurs accr\u00e9dit\u00e9s v\u00e9rifient la conformit\u00e9 de vos installations \u00e9lectriques basse tension, de la mise en service au contr\u00f4le p\u00e9riodique. En effet, seules des installations planifi\u00e9es correctement, r\u00e9alis\u00e9es et entretenues offrent une s\u00e9curit\u00e9 \u00e0 long terme et prot\u00e8gent contre les mauvaises surprises. Nous vous accompagnons tout au long du cycle de vie de votre installation et veillons \u00e0 ce que toutes les exigences l\u00e9gales soient respect\u00e9es et document\u00e9es.<br \/>\nGr\u00e2ce \u00e0 notre portail client num\u00e9rique, vous gardez \u00e0 tout moment une vue d&#8217;ensemble des contr\u00f4les \u00e0 effectuer, en cours et termin\u00e9s, sur tous les sites et en toute transparence.<\/p>\n<h3>Notre offre<\/h3>\n<p><strong>Contr\u00f4les de r\u00e9ception et certificats de s\u00e9curit\u00e9 :<\/strong> conform\u00e9ment \u00e0 l&#8217;art. 35 OIBT (RS 734.27), les installations nouvellement construites ou modifi\u00e9es dont la p\u00e9riode de contr\u00f4le est inf\u00e9rieure \u00e0 20 ans doivent \u00eatre contr\u00f4l\u00e9es par un organisme de contr\u00f4le ind\u00e9pendant. Nous effectuons le contr\u00f4le de r\u00e9ception, \u00e9tablissons un rapport d&#8217;inspection d\u00e9taill\u00e9 et, si l&#8217;ex\u00e9cution est conforme, signons le certificat de s\u00e9curit\u00e9 de l&#8217;installateur.<\/p>\n<p><strong>Contr\u00f4les p\u00e9riodiques et certificats de s\u00e9curit\u00e9 :<\/strong><br \/>\nConform\u00e9ment \u00e0 l&#8217;art. 36 SR734.27 de l&#8217;OIBT, les installations existantes doivent faire l&#8217;objet d&#8217;un certificat de s\u00e9curit\u00e9 \u00e0 intervalles r\u00e9guliers. En tant qu&#8217;organisme de contr\u00f4le accr\u00e9dit\u00e9, nous v\u00e9rifions la conformit\u00e9 de votre installation aux normes, documentons son \u00e9tat de mani\u00e8re professionnelle et, si tout est en ordre, d\u00e9livrons le certificat de s\u00e9curit\u00e9 prescrit par la loi ( ).[\/vc_column_text][\/vc_column][\/vc_row][vc_row el_id=&#8221;contact&#8221;][vc_column][vc_column_text css=&#8221;&#8221;]<\/p>\n<h4>Contactez-nous pour une consultation sans engagement.<\/h4>\n<p>[\/vc_column_text][vc_column_text css=&#8221;&#8221;]<\/p>\n<h2>Contact :<\/h2>\n<p>[\/vc_column_text]<div class=\"wpb_contact_column wpb_content_element wpb_content_element--\"><div class=\"wpb_wrapper\"><div class=\"contact_container\"><div class=\"contact row middle-xs\"><div class=\"contact__img col-sm-5 col-xs-12\"><img decoding=\"async\" src=\"\/wp-content\/themes\/SCHMUCKI_child\/img\/contact_placeholder.jpg\" alt=\"Conseil, Contr\u00f4les et Ing\u00e9nierie\" \/><\/div><div class=\"contact__info col-sm-7 col-xs-12\"><p><b>Conseil, Contr\u00f4les et Ing\u00e9nierie<\/b><br>Service de Bureau<\/p><div class=\"phone has-link\"><a href=\"tel:+41585951199\">+41 58 595 11 99<\/a><\/div><div class=\"mail has-link\"><a href=\"mailto:&#x62;e&#x72;&#97;t&#x75;&#110;&#x67;&#64;e&#x6c;&#101;&#x63;&#116;r&#x6f;&#115;&#x75;&#x69;s&#x73;&#101;&#46;&#x63;&#104;\">&#98;&#x65;&#114;&#x61;&#116;&#x75;&#110;&#x67;&#64;&#x65;l&#x65;c&#x74;r&#111;&#x73;&#117;&#x69;&#115;&#x73;&#101;&#x2e;&#99;&#x68;<\/a><\/div><\/div><\/div><\/div><\/div><\/div>[\/vc_column][\/vc_row][vc_row el_id=&#8221;portailclient &#8220;][vc_column][vc_row_inner][vc_column_inner][vc_column_text css=&#8221;&#8221;]<\/p>\n<h2>Portail client<\/h2>\n<p><strong>Plus de temps pour l&#8217;essentiel.<br \/>\n<\/strong>Moins d&#8217;administration, plus de temps pour vous concentrer sur votre activit\u00e9 principale.<\/p>\n<h3>Vos avantages avec le portail client myElectrosuisse :<\/h3>\n<p><strong>Tout en un seul endroit<\/strong><\/p>\n<ul>\n<li>Documentation relative \u00e0 la s\u00e9curit\u00e9 class\u00e9e et accessible \u00e0 tout moment<\/li>\n<li>Rapports, justificatifs et attestations disponibles de mani\u00e8re centralis\u00e9e<\/li>\n<li>Donn\u00e9es de localisation actuelles<\/li>\n<li>Stockage s\u00e9curis\u00e9 des donn\u00e9es en Suisse<\/li>\n<\/ul>\n<p><strong>Simple et efficace<\/strong><\/p>\n<ul>\n<li>T\u00e9l\u00e9chargement direct des avis de r\u00e9paration par votre \u00e9lectricien<\/li>\n<li>Statistiques des d\u00e9fauts en un coup d&#8217;\u0153il<\/li>\n<\/ul>\n<p><strong>Transparence totale<\/strong><\/p>\n<ul>\n<li>Aper\u00e7u des titulaires d&#8217;autorisation pris en charge (art. 13 OIBT)<\/li>\n<li>Affichage et t\u00e9l\u00e9chargement des normes et produits concern\u00e9s<\/li>\n<li>Aper\u00e7u des formations continues pr\u00e9vues et suivies<\/li>\n<\/ul>\n<p><strong>S\u00e9curit\u00e9 des donn\u00e9es incluse<\/strong><\/p>\n<ul>\n<li>Sauvegarde r\u00e9guli\u00e8re de vos donn\u00e9es<\/li>\n<\/ul>\n<p>[\/vc_column_text][vc_column_text css=&#8221;&#8221;]<\/p>\n<h4><span class=\"LineBreakBlob BlobObject DragDrop SCXW146574485 BCX8\">D\u00e9couvrez toutes les fonctionnalit\u00e9s du portail client dans la vid\u00e9o :<\/span><\/h4>\n<p>[\/vc_column_text]<div class=\"wpb_button_column wpb_content_element wpb_content_element--left\"><div class=\"wpb_wrapper\"><div class=\"button button--normal\"><a href=\"https:\/\/www.youtube.com\/watch?v=29OmgdL0vQE\" target=\"_blank\" >Regardez maintenant <\/a><\/div><\/div><\/div>[vc_column_text css=&#8221;&#8221;]<\/p>\n<h4>Int\u00e9ress\u00e9 ?<\/h4>\n<p>Nos collaborateurs du service interne se feront un plaisir de vous conseiller personnellement.[\/vc_column_text]<div class=\"wpb_contact_column wpb_content_element wpb_content_element--\"><div class=\"wpb_wrapper\"><div class=\"contact_container\"><div class=\"contact row middle-xs\"><div class=\"contact__img col-sm-5 col-xs-12\"><img decoding=\"async\" src=\"\/wp-content\/themes\/SCHMUCKI_child\/img\/contact_placeholder.jpg\" alt=\"Conseil, Contr\u00f4les et Ing\u00e9nierie\" \/><\/div><div class=\"contact__info col-sm-7 col-xs-12\"><p><b>Conseil, Contr\u00f4les et Ing\u00e9nierie<\/b><br>Service de Bureau<\/p><div class=\"phone has-link\"><a href=\"tel:+41585951199\">+41 58 595 11 99<\/a><\/div><div class=\"mail has-link\"><a href=\"mailto:&#x62;e&#x72;&#97;t&#x75;&#110;&#x67;&#64;e&#x6c;&#101;&#x63;&#116;r&#x6f;&#115;&#x75;&#x69;s&#x73;&#101;&#46;&#x63;&#104;\">&#x62;&#x65;&#114;&#97;t&#x75;&#x6e;&#x67;&#64;el&#x65;&#x63;&#116;&#114;o&#x73;&#x75;&#x69;&#115;se&#x2e;&#x63;&#104;<\/a><\/div><\/div><\/div><\/div><\/div><\/div>[\/vc_column_inner][\/vc_row_inner][\/vc_column][\/vc_row]<\/p>\n<\/div>","protected":false},"excerpt":{"rendered":"<p>[vc_row el_id=&#8221;offre&#8221;][vc_column][vc_column_text css=&#8221;&#8221; el_class=&#8221;teaser&#8221;] S\u00fbre. Conforme \u00e0 la loi. Clair. Nos inspecteurs accr\u00e9dit\u00e9s v\u00e9rifient la conformit\u00e9 de vos installations \u00e9lectriques basse tension, de la mise en service au contr\u00f4le p\u00e9riodique. En effet, seules des installations planifi\u00e9es correctement, r\u00e9alis\u00e9es et entretenues offrent une s\u00e9curit\u00e9 \u00e0 long terme et prot\u00e8gent contre les mauvaises surprises. Nous vous accompagnons [&hellip;]<\/p>\n","protected":false},"author":38,"featured_media":0,"parent":22115,"menu_order":223,"comment_status":"closed","ping_status":"closed","template":"","meta":{"_acf_changed":false,"_monsterinsights_skip_tracking":false,"_monsterinsights_sitenote_active":false,"_monsterinsights_sitenote_note":"","_monsterinsights_sitenote_category":0,"footnotes":""},"class_list":["post-40582","page","type-page","status-publish","hentry"],"acf":[],"yoast_head":"<!-- This site is optimized with the Yoast SEO Premium plugin v26.4 (Yoast SEO v27.0) - https:\/\/yoast.com\/product\/yoast-seo-premium-wordpress\/ -->\n<title>Installations basse tension selon NIV - Electrosuisse<\/title>\n<meta name=\"description\" content=\"Nous contr\u00f4lons vos installations basse tension et vous conseillons sur la s\u00e9curit\u00e9, la conformit\u00e9 aux normes et les solutions fiables pour vos installations \u00e9lectriques.\" \/>\n<meta name=\"robots\" content=\"index, follow, max-snippet:-1, max-image-preview:large, max-video-preview:-1\" \/>\n<link rel=\"canonical\" href=\"https:\/\/www.electrosuisse.ch\/fr\/controles-et-conseil\/installations-basse-tension-selon-niv\/\" \/>\n<meta property=\"og:locale\" content=\"fr_FR\" \/>\n<meta property=\"og:type\" content=\"article\" \/>\n<meta property=\"og:title\" content=\"Installations basse tension selon NIV - Electrosuisse\" \/>\n<meta property=\"og:description\" content=\"Nous contr\u00f4lons vos installations basse tension et vous conseillons sur la s\u00e9curit\u00e9, la conformit\u00e9 aux normes et les solutions fiables pour vos installations \u00e9lectriques.\" \/>\n<meta property=\"og:url\" content=\"https:\/\/www.electrosuisse.ch\/fr\/controles-et-conseil\/installations-basse-tension-selon-niv\/\" \/>\n<meta property=\"og:site_name\" content=\"Electrosuisse\" \/>\n<meta property=\"article:modified_time\" content=\"2026-04-16T13:28:17+00:00\" \/>\n<meta property=\"og:image\" content=\"https:\/\/www.electrosuisse.ch\/wp-content\/uploads\/2022\/12\/Electrosuisse_Ueber_uns_1578x650.jpg\" \/>\n\t<meta property=\"og:image:width\" content=\"1578\" \/>\n\t<meta property=\"og:image:height\" content=\"650\" \/>\n\t<meta property=\"og:image:type\" content=\"image\/jpeg\" \/>\n<script type=\"application\/ld+json\" class=\"yoast-schema-graph\">{\"@context\":\"https:\/\/schema.org\",\"@graph\":[{\"@type\":\"WebPage\",\"@id\":\"https:\/\/www.electrosuisse.ch\/fr\/controles-et-conseil\/installations-basse-tension-selon-niv\/\",\"url\":\"https:\/\/www.electrosuisse.ch\/fr\/controles-et-conseil\/installations-basse-tension-selon-niv\/\",\"name\":\"Installations basse tension selon NIV - Electrosuisse\",\"isPartOf\":{\"@id\":\"https:\/\/www.electrosuisse.ch\/fr\/#website\"},\"datePublished\":\"2026-04-16T13:24:32+00:00\",\"dateModified\":\"2026-04-16T13:28:17+00:00\",\"description\":\"Nous contr\u00f4lons vos installations basse tension et vous conseillons sur la s\u00e9curit\u00e9, la conformit\u00e9 aux normes et les solutions fiables pour vos installations \u00e9lectriques.\",\"breadcrumb\":{\"@id\":\"https:\/\/www.electrosuisse.ch\/fr\/controles-et-conseil\/installations-basse-tension-selon-niv\/#breadcrumb\"},\"inLanguage\":\"fr-FR\",\"potentialAction\":[{\"@type\":\"ReadAction\",\"target\":[\"https:\/\/www.electrosuisse.ch\/fr\/controles-et-conseil\/installations-basse-tension-selon-niv\/\"]}]},{\"@type\":\"BreadcrumbList\",\"@id\":\"https:\/\/www.electrosuisse.ch\/fr\/controles-et-conseil\/installations-basse-tension-selon-niv\/#breadcrumb\",\"itemListElement\":[{\"@type\":\"ListItem\",\"position\":1,\"name\":\"Contr\u00f4les et conseil\",\"item\":\"https:\/\/www.electrosuisse.ch\/fr\/controles-et-conseil\/\"},{\"@type\":\"ListItem\",\"position\":2,\"name\":\"Installations basse tension selon NIV\"}]},{\"@type\":\"WebSite\",\"@id\":\"https:\/\/www.electrosuisse.ch\/fr\/#website\",\"url\":\"https:\/\/www.electrosuisse.ch\/fr\/\",\"name\":\"Electrosuisse\",\"description\":\"\",\"publisher\":{\"@id\":\"https:\/\/www.electrosuisse.ch\/fr\/#organization\"},\"potentialAction\":[{\"@type\":\"SearchAction\",\"target\":{\"@type\":\"EntryPoint\",\"urlTemplate\":\"https:\/\/www.electrosuisse.ch\/fr\/?s={search_term_string}\"},\"query-input\":{\"@type\":\"PropertyValueSpecification\",\"valueRequired\":true,\"valueName\":\"search_term_string\"}}],\"inLanguage\":\"fr-FR\"},{\"@type\":\"Organization\",\"@id\":\"https:\/\/www.electrosuisse.ch\/fr\/#organization\",\"name\":\"Electrosuisse\",\"url\":\"https:\/\/www.electrosuisse.ch\/fr\/\",\"logo\":{\"@type\":\"ImageObject\",\"inLanguage\":\"fr-FR\",\"@id\":\"https:\/\/www.electrosuisse.ch\/fr\/#\/schema\/logo\/image\/\",\"url\":\"https:\/\/www.electrosuisse.ch\/wp-content\/uploads\/2025\/04\/Electrosuisse_Logo_696x696.png\",\"contentUrl\":\"https:\/\/www.electrosuisse.ch\/wp-content\/uploads\/2025\/04\/Electrosuisse_Logo_696x696.png\",\"width\":696,\"height\":696,\"caption\":\"Electrosuisse\"},\"image\":{\"@id\":\"https:\/\/www.electrosuisse.ch\/fr\/#\/schema\/logo\/image\/\"},\"sameAs\":[\"https:\/\/www.linkedin.com\/company\/electrosuisse-ag\/posts\/?feedView=all\",\"https:\/\/www.instagram.com\/electrosuisse1889\/\",\"https:\/\/www.youtube.com\/channel\/UCoOxohMiVE0Gjcdis1L09zw\"],\"description\":\"Electrosuisse ist eine anerkannte und unabh\u00e4ngige Fachorganisation, die erstklassige Dienstleistungen und Produkte in den Bereichen Inspektion, Beratung, Pr\u00fcfung, Zertifizierung, Normung und Weiterbildung anbietet. Unsere Expertise umfasst Elektrotechnik, Elektromobilit\u00e4t, Energieberatung, Geb\u00e4udeautomation und Photovoltaik in der Schweiz. Durch die Veranstaltung etablierter Branchen-Events und Fachtagungen f\u00f6rdert Electrosuisse den Wissenstransfer und den fachlichen Austausch. Im Mittelpunkt unserer T\u00e4tigkeiten steht die F\u00f6rderung der sicheren, wirtschaftlichen und umweltgerechten Anwendung der Elektrotechnik.\"}]}<\/script>\n<!-- \/ Yoast SEO Premium plugin. -->","yoast_head_json":{"title":"Installations basse tension selon NIV - Electrosuisse","description":"Nous contr\u00f4lons vos installations basse tension et vous conseillons sur la s\u00e9curit\u00e9, la conformit\u00e9 aux normes et les solutions fiables pour vos installations \u00e9lectriques.","robots":{"index":"index","follow":"follow","max-snippet":"max-snippet:-1","max-image-preview":"max-image-preview:large","max-video-preview":"max-video-preview:-1"},"canonical":"https:\/\/www.electrosuisse.ch\/fr\/controles-et-conseil\/installations-basse-tension-selon-niv\/","og_locale":"fr_FR","og_type":"article","og_title":"Installations basse tension selon NIV - Electrosuisse","og_description":"Nous contr\u00f4lons vos installations basse tension et vous conseillons sur la s\u00e9curit\u00e9, la conformit\u00e9 aux normes et les solutions fiables pour vos installations \u00e9lectriques.","og_url":"https:\/\/www.electrosuisse.ch\/fr\/controles-et-conseil\/installations-basse-tension-selon-niv\/","og_site_name":"Electrosuisse","article_modified_time":"2026-04-16T13:28:17+00:00","og_image":[{"width":1578,"height":650,"url":"https:\/\/www.electrosuisse.ch\/wp-content\/uploads\/2022\/12\/Electrosuisse_Ueber_uns_1578x650.jpg","type":"image\/jpeg"}],"schema":{"@context":"https:\/\/schema.org","@graph":[{"@type":"WebPage","@id":"https:\/\/www.electrosuisse.ch\/fr\/controles-et-conseil\/installations-basse-tension-selon-niv\/","url":"https:\/\/www.electrosuisse.ch\/fr\/controles-et-conseil\/installations-basse-tension-selon-niv\/","name":"Installations basse tension selon NIV - Electrosuisse","isPartOf":{"@id":"https:\/\/www.electrosuisse.ch\/fr\/#website"},"datePublished":"2026-04-16T13:24:32+00:00","dateModified":"2026-04-16T13:28:17+00:00","description":"Nous contr\u00f4lons vos installations basse tension et vous conseillons sur la s\u00e9curit\u00e9, la conformit\u00e9 aux normes et les solutions fiables pour vos installations \u00e9lectriques.","breadcrumb":{"@id":"https:\/\/www.electrosuisse.ch\/fr\/controles-et-conseil\/installations-basse-tension-selon-niv\/#breadcrumb"},"inLanguage":"fr-FR","potentialAction":[{"@type":"ReadAction","target":["https:\/\/www.electrosuisse.ch\/fr\/controles-et-conseil\/installations-basse-tension-selon-niv\/"]}]},{"@type":"BreadcrumbList","@id":"https:\/\/www.electrosuisse.ch\/fr\/controles-et-conseil\/installations-basse-tension-selon-niv\/#breadcrumb","itemListElement":[{"@type":"ListItem","position":1,"name":"Contr\u00f4les et conseil","item":"https:\/\/www.electrosuisse.ch\/fr\/controles-et-conseil\/"},{"@type":"ListItem","position":2,"name":"Installations basse tension selon NIV"}]},{"@type":"WebSite","@id":"https:\/\/www.electrosuisse.ch\/fr\/#website","url":"https:\/\/www.electrosuisse.ch\/fr\/","name":"Electrosuisse","description":"","publisher":{"@id":"https:\/\/www.electrosuisse.ch\/fr\/#organization"},"potentialAction":[{"@type":"SearchAction","target":{"@type":"EntryPoint","urlTemplate":"https:\/\/www.electrosuisse.ch\/fr\/?s={search_term_string}"},"query-input":{"@type":"PropertyValueSpecification","valueRequired":true,"valueName":"search_term_string"}}],"inLanguage":"fr-FR"},{"@type":"Organization","@id":"https:\/\/www.electrosuisse.ch\/fr\/#organization","name":"Electrosuisse","url":"https:\/\/www.electrosuisse.ch\/fr\/","logo":{"@type":"ImageObject","inLanguage":"fr-FR","@id":"https:\/\/www.electrosuisse.ch\/fr\/#\/schema\/logo\/image\/","url":"https:\/\/www.electrosuisse.ch\/wp-content\/uploads\/2025\/04\/Electrosuisse_Logo_696x696.png","contentUrl":"https:\/\/www.electrosuisse.ch\/wp-content\/uploads\/2025\/04\/Electrosuisse_Logo_696x696.png","width":696,"height":696,"caption":"Electrosuisse"},"image":{"@id":"https:\/\/www.electrosuisse.ch\/fr\/#\/schema\/logo\/image\/"},"sameAs":["https:\/\/www.linkedin.com\/company\/electrosuisse-ag\/posts\/?feedView=all","https:\/\/www.instagram.com\/electrosuisse1889\/","https:\/\/www.youtube.com\/channel\/UCoOxohMiVE0Gjcdis1L09zw"],"description":"Electrosuisse ist eine anerkannte und unabh\u00e4ngige Fachorganisation, die erstklassige Dienstleistungen und Produkte in den Bereichen Inspektion, Beratung, Pr\u00fcfung, Zertifizierung, Normung und Weiterbildung anbietet. Unsere Expertise umfasst Elektrotechnik, Elektromobilit\u00e4t, Energieberatung, Geb\u00e4udeautomation und Photovoltaik in der Schweiz. Durch die Veranstaltung etablierter Branchen-Events und Fachtagungen f\u00f6rdert Electrosuisse den Wissenstransfer und den fachlichen Austausch. Im Mittelpunkt unserer T\u00e4tigkeiten steht die F\u00f6rderung der sicheren, wirtschaftlichen und umweltgerechten Anwendung der Elektrotechnik."}]}},"amp_enabled":true,"_links":{"self":[{"href":"https:\/\/www.electrosuisse.ch\/fr\/wp-json\/wp\/v2\/pages\/40582","targetHints":{"allow":["GET"]}}],"collection":[{"href":"https:\/\/www.electrosuisse.ch\/fr\/wp-json\/wp\/v2\/pages"}],"about":[{"href":"https:\/\/www.electrosuisse.ch\/fr\/wp-json\/wp\/v2\/types\/page"}],"author":[{"embeddable":true,"href":"https:\/\/www.electrosuisse.ch\/fr\/wp-json\/wp\/v2\/users\/38"}],"replies":[{"embeddable":true,"href":"https:\/\/www.electrosuisse.ch\/fr\/wp-json\/wp\/v2\/comments?post=40582"}],"version-history":[{"count":3,"href":"https:\/\/www.electrosuisse.ch\/fr\/wp-json\/wp\/v2\/pages\/40582\/revisions"}],"predecessor-version":[{"id":44500,"href":"https:\/\/www.electrosuisse.ch\/fr\/wp-json\/wp\/v2\/pages\/40582\/revisions\/44500"}],"up":[{"embeddable":true,"href":"https:\/\/www.electrosuisse.ch\/fr\/wp-json\/wp\/v2\/pages\/22115"}],"wp:attachment":[{"href":"https:\/\/www.electrosuisse.ch\/fr\/wp-json\/wp\/v2\/media?parent=40582"}],"curies":[{"name":"wp","href":"https:\/\/api.w.org\/{rel}","templated":true}]}}