{"id":40576,"date":"2026-04-16T08:34:27","date_gmt":"2026-04-16T06:34:27","guid":{"rendered":"https:\/\/www.electrosuisse.ch\/?page_id=40576"},"modified":"2026-04-20T11:25:33","modified_gmt":"2026-04-20T09:25:33","slug":"assurance-qualite-normative","status":"publish","type":"page","link":"https:\/\/www.electrosuisse.ch\/fr\/controles-et-conseil\/assurance-qualite-normative\/","title":{"rendered":"Assurance qualit\u00e9 normative"},"content":{"rendered":"<div class=\"wpb-content-wrapper\"><p>[vc_row el_id=&#8221;offre&#8221;][vc_column][vc_column_text css=&#8221;&#8221; el_class=&#8221;lead&#8221;]Dans le cadre de projets de construction impliquant des installations \u00e9lectriques, de nombreux responsables de projet sont confront\u00e9s aux m\u00eames d\u00e9fis :<\/p>\n<ul>\n<li><strong>Normes peu claires : <\/strong>il est difficile d&#8217;avoir une vue d&#8217;ensemble des nombreuses r\u00e9glementations (par exemple EN SN, NIN, CEI) et directives en vigueur. Quelles sont celles qui s&#8217;appliquent, quand et \u00e0 qui ?<\/li>\n<li><strong>Manque de transparence : <\/strong>les plans et les ex\u00e9cutions ne sont souvent pas clairement document\u00e9s ou se contredisent. Qu&#8217;est-ce qui est applicable et qu&#8217;est-ce qui est n\u00e9cessaire ?<\/li>\n<li><strong>Risques en mati\u00e8re de responsabilit\u00e9 : <\/strong>des installations d\u00e9fectueuses ou non conformes aux normes peuvent entra\u00eener des dommages mat\u00e9riels, mettre des personnes en danger ou avoir des cons\u00e9quences juridiques.<\/li>\n<li><strong>Contraintes de temps et probl\u00e8mes d&#8217;interface : <\/strong>entre la planification, l&#8217;ex\u00e9cution et la r\u00e9ception, il y a souvent des lacunes dans lesquelles des d\u00e9tails techniques peuvent \u00eatre perdus.<\/li>\n<li><strong>Incertitude avant la r\u00e9ception : <\/strong>l&#8217;installation est-elle vraiment conforme aux normes ? Les d\u00e9fauts doivent \u00eatre corrig\u00e9s. Nous fournissons des informations sur la conformit\u00e9 aux normes.<\/li>\n<\/ul>\n<h3>Notre offre : la qualit\u00e9 avec syst\u00e8me<\/h3>\n<p>Notre assurance qualit\u00e9 modulaire vous aide \u00e0 respecter les normes de mani\u00e8re fiable et \u00e0 mettre en \u0153uvre vos projets de mani\u00e8re efficace. Nos experts vous apportent un soutien flexible et adapt\u00e9 \u00e0 vos besoins, m\u00eame dans le cas d&#8217;exigences complexes.<\/p>\n<h3>Vos avantages :<\/h3>\n<ul>\n<li>Repr\u00e9sentation ind\u00e9pendante de vos int\u00e9r\u00eats<\/li>\n<li>Assistance dans toutes les phases du projet<\/li>\n<li>Pr\u00e9vention des d\u00e9fauts et des risques de responsabilit\u00e9<\/li>\n<li>Prestations sur mesure, adapt\u00e9es \u00e0 chaque phase de construction<\/li>\n<\/ul>\n<p>[\/vc_column_text][\/vc_column][\/vc_row][vc_row el_id=&#8221;contact&#8221;][vc_column][vc_column_text css=&#8221;&#8221;]<\/p>\n<h4>Contactez-nous pour une consultation sans engagement.<\/h4>\n<p>[\/vc_column_text][vc_column_text css=&#8221;&#8221;]<\/p>\n<h2>Contact<\/h2>\n<p>[\/vc_column_text]<div class=\"wpb_contact_column wpb_content_element wpb_content_element--\"><div class=\"wpb_wrapper\"><div class=\"contact_container\"><div class=\"contact row middle-xs\"><div class=\"contact__img col-sm-5 col-xs-12\"><img decoding=\"async\" src=\"\/wp-content\/themes\/SCHMUCKI_child\/img\/contact_placeholder.jpg\" alt=\"Conseil, Contr\u00f4les et Ing\u00e9nierie\" \/><\/div><div class=\"contact__info col-sm-7 col-xs-12\"><p><b>Conseil, Contr\u00f4les et Ing\u00e9nierie<\/b><br>Service de Bureau<\/p><div class=\"phone has-link\"><a href=\"tel:+41585951199\">+41 58 595 11 99<\/a><\/div><div class=\"mail has-link\"><a href=\"mailto:&#98;&#x65;&#114;&#x61;t&#x75;n&#103;&#x40;&#101;&#x6c;e&#x63;t&#114;&#x6f;&#115;&#x75;i&#x73;s&#101;&#x2e;&#99;&#x68;\">&#x62;&#x65;&#114;&#97;t&#x75;&#x6e;&#x67;&#64;el&#x65;&#x63;&#116;&#114;o&#x73;&#x75;&#x69;&#115;se&#x2e;&#x63;&#104;<\/a><\/div><\/div><\/div><\/div><\/div><\/div>[\/vc_column][\/vc_row][vc_row el_id=&#8221;portailclient&#8221;][vc_column][vc_column_text css=&#8221;&#8221;]<\/p>\n<h2>Portail client<\/h2>\n<p><strong>Plus de temps pour l&#8217;essentiel.<br \/>\n<\/strong>Moins d&#8217;administration, plus de temps pour vous concentrer sur votre activit\u00e9 principale.<\/p>\n<h3>Vos avantages avec le portail client myElectrosuisse :<\/h3>\n<p><strong>Tout en un seul endroit<\/strong><\/p>\n<ul>\n<li>Documentation relative \u00e0 la s\u00e9curit\u00e9 class\u00e9e et accessible \u00e0 tout moment<\/li>\n<li>Rapports, justificatifs et attestations disponibles de mani\u00e8re centralis\u00e9e<\/li>\n<li>Donn\u00e9es de localisation actuelles<\/li>\n<li>Stockage s\u00e9curis\u00e9 des donn\u00e9es en Suisse<\/li>\n<\/ul>\n<p><strong>Simple et efficace<\/strong><\/p>\n<ul>\n<li>T\u00e9l\u00e9chargement direct des avis de r\u00e9paration par votre \u00e9lectricien<\/li>\n<li>Statistiques des d\u00e9fauts en un coup d&#8217;\u0153il<\/li>\n<\/ul>\n<p><strong>Transparence totale<\/strong><\/p>\n<ul>\n<li>Aper\u00e7u des titulaires d&#8217;autorisation pris en charge (art. 13 OIBT)<\/li>\n<li>Affichage et t\u00e9l\u00e9chargement des normes et produits concern\u00e9s<\/li>\n<li>Aper\u00e7u des formations continues pr\u00e9vues et suivies<\/li>\n<\/ul>\n<p><strong>S\u00e9curit\u00e9 des donn\u00e9es incluse<\/strong><\/p>\n<ul>\n<li>Sauvegarde r\u00e9guli\u00e8re de vos donn\u00e9es<\/li>\n<\/ul>\n<p>[\/vc_column_text][vc_column_text css=&#8221;&#8221;]<\/p>\n<h4><span class=\"LineBreakBlob BlobObject DragDrop SCXW146574485 BCX8\">D\u00e9couvrez toutes les fonctionnalit\u00e9s du portail client dans la vid\u00e9o :<\/span><\/h4>\n<p>[\/vc_column_text]<div class=\"wpb_button_column wpb_content_element wpb_content_element--left\"><div class=\"wpb_wrapper\"><div class=\"button button--normal\"><a href=\"https:\/\/www.youtube.com\/watch?v=29OmgdL0vQE\" target=\"_blank\" >Regardez maintenant<\/a><\/div><\/div><\/div>[vc_column_text css=&#8221;&#8221;]<\/p>\n<h4>Int\u00e9ress\u00e9 ?<\/h4>\n<p><span class=\"TextRun SCXW101487718 BCX8\" lang=\"DE-CH\" xml:lang=\"DE-CH\" data-contrast=\"auto\"><span class=\"NormalTextRun SCXW101487718 BCX8\">Unsere Innendienst-Mitarbeitenden <\/span><span class=\"NormalTextRun SCXW101487718 BCX8\">beraten Sie gerne pers\u00f6nlich.<\/span><\/span>[\/vc_column_text]<div class=\"wpb_contact_column wpb_content_element wpb_content_element--\"><div class=\"wpb_wrapper\"><div class=\"contact_container\"><div class=\"contact row middle-xs\"><div class=\"contact__img col-sm-5 col-xs-12\"><img decoding=\"async\" src=\"\/wp-content\/themes\/SCHMUCKI_child\/img\/contact_placeholder.jpg\" alt=\"Conseil, Contr\u00f4les et Ing\u00e9nierie\" \/><\/div><div class=\"contact__info col-sm-7 col-xs-12\"><p><b>Conseil, Contr\u00f4les et Ing\u00e9nierie<\/b><br>Service de Bureau<\/p><div class=\"phone has-link\"><a href=\"tel:+41585951199\">+41 58 595 11 99<\/a><\/div><div class=\"mail has-link\"><a href=\"mailto:&#98;&#x65;&#114;&#x61;t&#x75;n&#103;&#x40;&#101;&#x6c;e&#x63;t&#114;&#x6f;&#115;&#x75;i&#x73;s&#101;&#x2e;&#99;&#x68;\">b&#101;&#x72;&#x61;t&#117;&#110;&#x67;&#x40;e&#108;&#101;&#x63;&#x74;r&#111;&#x73;&#x75;&#x69;s&#115;&#x65;&#x2e;c&#104;<\/a><\/div><\/div><\/div><\/div><\/div><\/div>[\/vc_column][\/vc_row]<\/p>\n<\/div>","protected":false},"excerpt":{"rendered":"<p>[vc_row el_id=&#8221;offre&#8221;][vc_column][vc_column_text css=&#8221;&#8221; el_class=&#8221;lead&#8221;]Dans le cadre de projets de construction impliquant des installations \u00e9lectriques, de nombreux responsables de projet sont confront\u00e9s aux m\u00eames d\u00e9fis : Normes peu claires : il est difficile d&#8217;avoir une vue d&#8217;ensemble des nombreuses r\u00e9glementations (par exemple EN SN, NIN, CEI) et directives en vigueur. Quelles sont celles qui s&#8217;appliquent, quand [&hellip;]<\/p>\n","protected":false},"author":38,"featured_media":0,"parent":22115,"menu_order":243,"comment_status":"closed","ping_status":"closed","template":"","meta":{"_acf_changed":false,"_monsterinsights_skip_tracking":false,"_monsterinsights_sitenote_active":false,"_monsterinsights_sitenote_note":"","_monsterinsights_sitenote_category":0,"footnotes":""},"class_list":["post-40576","page","type-page","status-publish","hentry"],"acf":[],"yoast_head":"<!-- This site is optimized with the Yoast SEO Premium plugin v26.4 (Yoast SEO v27.0) - https:\/\/yoast.com\/product\/yoast-seo-premium-wordpress\/ -->\n<title>Assurance qualit\u00e9 normative - Electrosuisse<\/title>\n<meta name=\"description\" content=\"Notre syst\u00e8me modulaire d&#039;assurance qualit\u00e9 vous aide \u00e0 respecter les normes de mani\u00e8re fiable et \u00e0 mener \u00e0 bien vos projets avec efficacit\u00e9.\" \/>\n<meta name=\"robots\" content=\"index, follow, max-snippet:-1, max-image-preview:large, max-video-preview:-1\" \/>\n<link rel=\"canonical\" href=\"https:\/\/www.electrosuisse.ch\/fr\/controles-et-conseil\/assurance-qualite-normative\/\" \/>\n<meta property=\"og:locale\" content=\"fr_FR\" \/>\n<meta property=\"og:type\" content=\"article\" \/>\n<meta property=\"og:title\" content=\"Assurance qualit\u00e9 normative - Electrosuisse\" \/>\n<meta property=\"og:description\" content=\"Notre syst\u00e8me modulaire d&#039;assurance qualit\u00e9 vous aide \u00e0 respecter les normes de mani\u00e8re fiable et \u00e0 mener \u00e0 bien vos projets avec efficacit\u00e9.\" \/>\n<meta property=\"og:url\" content=\"https:\/\/www.electrosuisse.ch\/fr\/controles-et-conseil\/assurance-qualite-normative\/\" \/>\n<meta property=\"og:site_name\" content=\"Electrosuisse\" \/>\n<meta property=\"article:modified_time\" content=\"2026-04-20T09:25:33+00:00\" \/>\n<meta property=\"og:image\" content=\"https:\/\/www.electrosuisse.ch\/wp-content\/uploads\/2022\/12\/Electrosuisse_Ueber_uns_1578x650.jpg\" \/>\n\t<meta property=\"og:image:width\" content=\"1578\" \/>\n\t<meta property=\"og:image:height\" content=\"650\" \/>\n\t<meta property=\"og:image:type\" content=\"image\/jpeg\" \/>\n<script type=\"application\/ld+json\" class=\"yoast-schema-graph\">{\"@context\":\"https:\/\/schema.org\",\"@graph\":[{\"@type\":\"WebPage\",\"@id\":\"https:\/\/www.electrosuisse.ch\/fr\/controles-et-conseil\/assurance-qualite-normative\/\",\"url\":\"https:\/\/www.electrosuisse.ch\/fr\/controles-et-conseil\/assurance-qualite-normative\/\",\"name\":\"Assurance qualit\u00e9 normative - Electrosuisse\",\"isPartOf\":{\"@id\":\"https:\/\/www.electrosuisse.ch\/fr\/#website\"},\"datePublished\":\"2026-04-16T06:34:27+00:00\",\"dateModified\":\"2026-04-20T09:25:33+00:00\",\"description\":\"Notre syst\u00e8me modulaire d'assurance qualit\u00e9 vous aide \u00e0 respecter les normes de mani\u00e8re fiable et \u00e0 mener \u00e0 bien vos projets avec efficacit\u00e9.\",\"breadcrumb\":{\"@id\":\"https:\/\/www.electrosuisse.ch\/fr\/controles-et-conseil\/assurance-qualite-normative\/#breadcrumb\"},\"inLanguage\":\"fr-FR\",\"potentialAction\":[{\"@type\":\"ReadAction\",\"target\":[\"https:\/\/www.electrosuisse.ch\/fr\/controles-et-conseil\/assurance-qualite-normative\/\"]}]},{\"@type\":\"BreadcrumbList\",\"@id\":\"https:\/\/www.electrosuisse.ch\/fr\/controles-et-conseil\/assurance-qualite-normative\/#breadcrumb\",\"itemListElement\":[{\"@type\":\"ListItem\",\"position\":1,\"name\":\"Contr\u00f4les et conseil\",\"item\":\"https:\/\/www.electrosuisse.ch\/fr\/controles-et-conseil\/\"},{\"@type\":\"ListItem\",\"position\":2,\"name\":\"Assurance qualit\u00e9 normative\"}]},{\"@type\":\"WebSite\",\"@id\":\"https:\/\/www.electrosuisse.ch\/fr\/#website\",\"url\":\"https:\/\/www.electrosuisse.ch\/fr\/\",\"name\":\"Electrosuisse\",\"description\":\"\",\"publisher\":{\"@id\":\"https:\/\/www.electrosuisse.ch\/fr\/#organization\"},\"potentialAction\":[{\"@type\":\"SearchAction\",\"target\":{\"@type\":\"EntryPoint\",\"urlTemplate\":\"https:\/\/www.electrosuisse.ch\/fr\/?s={search_term_string}\"},\"query-input\":{\"@type\":\"PropertyValueSpecification\",\"valueRequired\":true,\"valueName\":\"search_term_string\"}}],\"inLanguage\":\"fr-FR\"},{\"@type\":\"Organization\",\"@id\":\"https:\/\/www.electrosuisse.ch\/fr\/#organization\",\"name\":\"Electrosuisse\",\"url\":\"https:\/\/www.electrosuisse.ch\/fr\/\",\"logo\":{\"@type\":\"ImageObject\",\"inLanguage\":\"fr-FR\",\"@id\":\"https:\/\/www.electrosuisse.ch\/fr\/#\/schema\/logo\/image\/\",\"url\":\"https:\/\/www.electrosuisse.ch\/wp-content\/uploads\/2025\/04\/Electrosuisse_Logo_696x696.png\",\"contentUrl\":\"https:\/\/www.electrosuisse.ch\/wp-content\/uploads\/2025\/04\/Electrosuisse_Logo_696x696.png\",\"width\":696,\"height\":696,\"caption\":\"Electrosuisse\"},\"image\":{\"@id\":\"https:\/\/www.electrosuisse.ch\/fr\/#\/schema\/logo\/image\/\"},\"sameAs\":[\"https:\/\/www.linkedin.com\/company\/electrosuisse-ag\/posts\/?feedView=all\",\"https:\/\/www.instagram.com\/electrosuisse1889\/\",\"https:\/\/www.youtube.com\/channel\/UCoOxohMiVE0Gjcdis1L09zw\"],\"description\":\"Electrosuisse ist eine anerkannte und unabh\u00e4ngige Fachorganisation, die erstklassige Dienstleistungen und Produkte in den Bereichen Inspektion, Beratung, Pr\u00fcfung, Zertifizierung, Normung und Weiterbildung anbietet. Unsere Expertise umfasst Elektrotechnik, Elektromobilit\u00e4t, Energieberatung, Geb\u00e4udeautomation und Photovoltaik in der Schweiz. Durch die Veranstaltung etablierter Branchen-Events und Fachtagungen f\u00f6rdert Electrosuisse den Wissenstransfer und den fachlichen Austausch. Im Mittelpunkt unserer T\u00e4tigkeiten steht die F\u00f6rderung der sicheren, wirtschaftlichen und umweltgerechten Anwendung der Elektrotechnik.\"}]}<\/script>\n<!-- \/ Yoast SEO Premium plugin. -->","yoast_head_json":{"title":"Assurance qualit\u00e9 normative - Electrosuisse","description":"Notre syst\u00e8me modulaire d'assurance qualit\u00e9 vous aide \u00e0 respecter les normes de mani\u00e8re fiable et \u00e0 mener \u00e0 bien vos projets avec efficacit\u00e9.","robots":{"index":"index","follow":"follow","max-snippet":"max-snippet:-1","max-image-preview":"max-image-preview:large","max-video-preview":"max-video-preview:-1"},"canonical":"https:\/\/www.electrosuisse.ch\/fr\/controles-et-conseil\/assurance-qualite-normative\/","og_locale":"fr_FR","og_type":"article","og_title":"Assurance qualit\u00e9 normative - Electrosuisse","og_description":"Notre syst\u00e8me modulaire d'assurance qualit\u00e9 vous aide \u00e0 respecter les normes de mani\u00e8re fiable et \u00e0 mener \u00e0 bien vos projets avec efficacit\u00e9.","og_url":"https:\/\/www.electrosuisse.ch\/fr\/controles-et-conseil\/assurance-qualite-normative\/","og_site_name":"Electrosuisse","article_modified_time":"2026-04-20T09:25:33+00:00","og_image":[{"width":1578,"height":650,"url":"https:\/\/www.electrosuisse.ch\/wp-content\/uploads\/2022\/12\/Electrosuisse_Ueber_uns_1578x650.jpg","type":"image\/jpeg"}],"schema":{"@context":"https:\/\/schema.org","@graph":[{"@type":"WebPage","@id":"https:\/\/www.electrosuisse.ch\/fr\/controles-et-conseil\/assurance-qualite-normative\/","url":"https:\/\/www.electrosuisse.ch\/fr\/controles-et-conseil\/assurance-qualite-normative\/","name":"Assurance qualit\u00e9 normative - Electrosuisse","isPartOf":{"@id":"https:\/\/www.electrosuisse.ch\/fr\/#website"},"datePublished":"2026-04-16T06:34:27+00:00","dateModified":"2026-04-20T09:25:33+00:00","description":"Notre syst\u00e8me modulaire d'assurance qualit\u00e9 vous aide \u00e0 respecter les normes de mani\u00e8re fiable et \u00e0 mener \u00e0 bien vos projets avec efficacit\u00e9.","breadcrumb":{"@id":"https:\/\/www.electrosuisse.ch\/fr\/controles-et-conseil\/assurance-qualite-normative\/#breadcrumb"},"inLanguage":"fr-FR","potentialAction":[{"@type":"ReadAction","target":["https:\/\/www.electrosuisse.ch\/fr\/controles-et-conseil\/assurance-qualite-normative\/"]}]},{"@type":"BreadcrumbList","@id":"https:\/\/www.electrosuisse.ch\/fr\/controles-et-conseil\/assurance-qualite-normative\/#breadcrumb","itemListElement":[{"@type":"ListItem","position":1,"name":"Contr\u00f4les et conseil","item":"https:\/\/www.electrosuisse.ch\/fr\/controles-et-conseil\/"},{"@type":"ListItem","position":2,"name":"Assurance qualit\u00e9 normative"}]},{"@type":"WebSite","@id":"https:\/\/www.electrosuisse.ch\/fr\/#website","url":"https:\/\/www.electrosuisse.ch\/fr\/","name":"Electrosuisse","description":"","publisher":{"@id":"https:\/\/www.electrosuisse.ch\/fr\/#organization"},"potentialAction":[{"@type":"SearchAction","target":{"@type":"EntryPoint","urlTemplate":"https:\/\/www.electrosuisse.ch\/fr\/?s={search_term_string}"},"query-input":{"@type":"PropertyValueSpecification","valueRequired":true,"valueName":"search_term_string"}}],"inLanguage":"fr-FR"},{"@type":"Organization","@id":"https:\/\/www.electrosuisse.ch\/fr\/#organization","name":"Electrosuisse","url":"https:\/\/www.electrosuisse.ch\/fr\/","logo":{"@type":"ImageObject","inLanguage":"fr-FR","@id":"https:\/\/www.electrosuisse.ch\/fr\/#\/schema\/logo\/image\/","url":"https:\/\/www.electrosuisse.ch\/wp-content\/uploads\/2025\/04\/Electrosuisse_Logo_696x696.png","contentUrl":"https:\/\/www.electrosuisse.ch\/wp-content\/uploads\/2025\/04\/Electrosuisse_Logo_696x696.png","width":696,"height":696,"caption":"Electrosuisse"},"image":{"@id":"https:\/\/www.electrosuisse.ch\/fr\/#\/schema\/logo\/image\/"},"sameAs":["https:\/\/www.linkedin.com\/company\/electrosuisse-ag\/posts\/?feedView=all","https:\/\/www.instagram.com\/electrosuisse1889\/","https:\/\/www.youtube.com\/channel\/UCoOxohMiVE0Gjcdis1L09zw"],"description":"Electrosuisse ist eine anerkannte und unabh\u00e4ngige Fachorganisation, die erstklassige Dienstleistungen und Produkte in den Bereichen Inspektion, Beratung, Pr\u00fcfung, Zertifizierung, Normung und Weiterbildung anbietet. Unsere Expertise umfasst Elektrotechnik, Elektromobilit\u00e4t, Energieberatung, Geb\u00e4udeautomation und Photovoltaik in der Schweiz. Durch die Veranstaltung etablierter Branchen-Events und Fachtagungen f\u00f6rdert Electrosuisse den Wissenstransfer und den fachlichen Austausch. Im Mittelpunkt unserer T\u00e4tigkeiten steht die F\u00f6rderung der sicheren, wirtschaftlichen und umweltgerechten Anwendung der Elektrotechnik."}]}},"amp_enabled":true,"_links":{"self":[{"href":"https:\/\/www.electrosuisse.ch\/fr\/wp-json\/wp\/v2\/pages\/40576","targetHints":{"allow":["GET"]}}],"collection":[{"href":"https:\/\/www.electrosuisse.ch\/fr\/wp-json\/wp\/v2\/pages"}],"about":[{"href":"https:\/\/www.electrosuisse.ch\/fr\/wp-json\/wp\/v2\/types\/page"}],"author":[{"embeddable":true,"href":"https:\/\/www.electrosuisse.ch\/fr\/wp-json\/wp\/v2\/users\/38"}],"replies":[{"embeddable":true,"href":"https:\/\/www.electrosuisse.ch\/fr\/wp-json\/wp\/v2\/comments?post=40576"}],"version-history":[{"count":10,"href":"https:\/\/www.electrosuisse.ch\/fr\/wp-json\/wp\/v2\/pages\/40576\/revisions"}],"predecessor-version":[{"id":44544,"href":"https:\/\/www.electrosuisse.ch\/fr\/wp-json\/wp\/v2\/pages\/40576\/revisions\/44544"}],"up":[{"embeddable":true,"href":"https:\/\/www.electrosuisse.ch\/fr\/wp-json\/wp\/v2\/pages\/22115"}],"wp:attachment":[{"href":"https:\/\/www.electrosuisse.ch\/fr\/wp-json\/wp\/v2\/media?parent=40576"}],"curies":[{"name":"wp","href":"https:\/\/api.w.org\/{rel}","templated":true}]}}