{"id":39739,"date":"2025-08-05T09:20:13","date_gmt":"2025-08-05T07:20:13","guid":{"rendered":"https:\/\/www.electrosuisse.ch\/?page_id=39739"},"modified":"2025-08-05T09:21:25","modified_gmt":"2025-08-05T07:21:25","slug":"demande-de-cours","status":"publish","type":"page","link":"https:\/\/www.electrosuisse.ch\/fr\/manifestation\/cours-pour-entreprises\/demande-de-cours\/","title":{"rendered":"Demande de cours Autorisation de raccorder selon art. 14 ou 15 de l\u2019OIBT. Cours de remise \u00e0 niveau. Demande de cours Travaux d\u2019entretien et de r\u00e9paration selon art. 14 et 15 al. 4 de l\u2019OIBT)"},"content":{"rendered":"<div class=\"wpb-content-wrapper\"><p>[vc_row][vc_column]<div class=\"wpb_form_column wpb_content_element\"><div class=\"wpb_wrapper test\"><div id=\"quform-864098\" class=\"quform quform-68 quform-support-page-caching\"><form id=\"quform-form-864098\" class=\"quform-form quform-form-68\" action=\"\/fr\/wp-json\/wp\/v2\/pages\/39739#quform-864098\" method=\"post\" enctype=\"multipart\/form-data\" novalidate=\"novalidate\" data-options=\"{&quot;id&quot;:68,&quot;uniqueId&quot;:&quot;864098&quot;,&quot;theme&quot;:&quot;&quot;,&quot;ajax&quot;:true,&quot;logic&quot;:{&quot;logic&quot;:[],&quot;dependents&quot;:[],&quot;elementIds&quot;:[],&quot;dependentElementIds&quot;:[],&quot;animate&quot;:true},&quot;currentPageId&quot;:1,&quot;errorsIcon&quot;:&quot;&quot;,&quot;updateFancybox&quot;:true,&quot;hasPages&quot;:false,&quot;pages&quot;:[1],&quot;pageProgressType&quot;:&quot;numbers&quot;,&quot;tooltipsEnabled&quot;:true,&quot;tooltipClasses&quot;:&quot;qtip-quform-dark qtip-shadow&quot;,&quot;tooltipMy&quot;:&quot;left center&quot;,&quot;tooltipAt&quot;:&quot;right center&quot;,&quot;isRtl&quot;:false,&quot;scrollOffset&quot;:-50,&quot;scrollSpeed&quot;:800}\"><button class=\"quform-default-submit\" name=\"quform_submit\" type=\"submit\" value=\"submit\" aria-hidden=\"true\" tabindex=\"-1\"><\/button><div class=\"quform-form-inner quform-form-inner-68\"><input type=\"hidden\" name=\"quform_form_id\" value=\"68\" \/><input type=\"hidden\" name=\"quform_form_uid\" value=\"864098\" \/><input type=\"hidden\" name=\"quform_count\" value=\"1\" \/><input type=\"hidden\" name=\"form_url\" value=\"https:\/\/www.electrosuisse.ch\/fr\/wp-json\/wp\/v2\/pages\/39739\" \/><input type=\"hidden\" name=\"referring_url\" value=\"\" \/><input type=\"hidden\" name=\"post_id\" value=\"\" \/><input type=\"hidden\" name=\"post_title\" value=\"\" \/><input type=\"hidden\" name=\"quform_current_page_id\" value=\"1\" \/><input type=\"hidden\" name=\"quform_loaded\" value=\"1777612216|a1d033f275e8618a497fe85ec5712073\" \/><input type=\"hidden\" name=\"quform_csrf_token\" value=\"6zcWdk9AFj5bzvBCgCctPr8HdkAZeU5IarOhTRgM\" \/><div class=\"quform-form-title-description\"><h2 class=\"quform-form-title\">Demande de cours Autorisation de raccorder selon art. 14 ou 15 de l\u2019OIBT. Cours de remise \u00e0 niveau  Demande de cours Travaux d\u2019entretien et de r\u00e9paration selon art. 14 et 15 al. 4 de l\u2019OIBT)<\/h2><\/div><div class=\"quform-elements quform-elements-68 quform-cf quform-responsive-elements-phone-landscape\"><div class=\"quform-element quform-element-page quform-page-1 quform-page-68_1 quform-cf quform-group-style-plain quform-first-page quform-last-page quform-current-page\"><div class=\"quform-child-elements\"><div class=\"quform-element quform-element-text quform-element-68_6 quform-cf quform-element-optional\"><div class=\"quform-spacer\"><div class=\"quform-label quform-label-68_6\"><label class=\"quform-label-text\" for=\"quform_68_6_864098\">Date souhait\u00e9e (p\u00e9riode)<\/label><\/div><div class=\"quform-inner quform-inner-text quform-inner-68_6\"><div class=\"quform-input quform-input-text quform-input-68_6 quform-cf\"><input type=\"text\" id=\"quform_68_6_864098\" name=\"quform_68_6\" class=\"quform-field quform-field-text quform-field-68_6\" \/><\/div><\/div><\/div><\/div><div class=\"quform-element quform-element-select quform-element-68_8 quform-cf quform-element-optional\"><div class=\"quform-spacer\"><div class=\"quform-label quform-label-68_8\"><label class=\"quform-label-text\" for=\"quform_68_8_864098\">Titre <\/label><\/div><div class=\"quform-inner quform-inner-select quform-inner-68_8\"><div class=\"quform-input quform-input-select quform-input-68_8 quform-cf\"><select id=\"quform_68_8_864098\" name=\"quform_68_8\" class=\"quform-field quform-field-select quform-field-68_8\"><option value=\"\" selected=\"selected\">Veuillez s\u00e9lectionner<\/option><option value=\"Monsieur\">Monsieur<\/option><option value=\"Madame\">Madame<\/option><\/select><\/div><\/div><\/div><\/div><div class=\"quform-element quform-element-textarea quform-element-68_948657 quform-sr-only quform-cf\" style=\"clip: rect(1px, 1px, 1px, 1px); clip-path: inset(50%); position: absolute !important; height: 1px; width: 1px; overflow: hidden;\"><div class=\"quform-spacer\"><div class=\"quform-label quform-label-68_948657\"><label class=\"quform-label-text\" for=\"quform_68_948657_864098\">Email<span class=\"quform-required\">*<\/span><\/label><\/div><div class=\"quform-inner quform-inner-68_948657\"><textarea id=\"quform_68_948657_864098\" name=\"quform_68_948657\" class=\"quform-field quform-field-textarea quform-field-68_948657\" tabindex=\"-1\" autocomplete=\"new-password\"><\/textarea><\/div><\/div><\/div><div class=\"quform-element quform-element-name quform-element-68_10 quform-cf quform-element-required\"><div class=\"quform-spacer\"><div class=\"quform-label quform-label-68_10\"><label class=\"quform-label-text\" id=\"quform_68_10_864098_label\">Nom <span class=\"quform-required\">*<\/span><\/label><\/div><div class=\"quform-inner quform-inner-name quform-inner-68_10\"><div class=\"quform-input quform-input-name quform-input-68_10 quform-cf\"><div class=\"quform-element-row quform-2-columns quform-element-row-size-fixed quform-responsive-columns-phone-landscape\"><div class=\"quform-element-column\"><div class=\"quform-element quform-element-text quform-element-68_10_2 quform-cf quform-element-required\"><div class=\"quform-spacer\"><div class=\"quform-inner quform-inner-text quform-inner-68_10_2\"><div class=\"quform-input quform-input-text quform-input-68_10_2 quform-cf\"><input type=\"text\" id=\"quform_68_10_2_864098\" name=\"quform_68_10[2]\" class=\"quform-field quform-field-text quform-field-68_10_2\" aria-labelledby=\"quform_68_10_864098_label quform_68_10_2_864098_sub_label_below\" \/><\/div><label id=\"quform_68_10_2_864098_sub_label_below\" class=\"quform-sub-label quform-sub-label-below\">Pr\u00e9nom <\/label><\/div><\/div><\/div><\/div><div class=\"quform-element-column\"><div class=\"quform-element quform-element-text quform-element-68_10_4 quform-cf quform-element-required\"><div class=\"quform-spacer\"><div class=\"quform-inner quform-inner-text quform-inner-68_10_4\"><div class=\"quform-input quform-input-text quform-input-68_10_4 quform-cf\"><input type=\"text\" id=\"quform_68_10_4_864098\" name=\"quform_68_10[4]\" class=\"quform-field quform-field-text quform-field-68_10_4\" aria-labelledby=\"quform_68_10_864098_label quform_68_10_4_864098_sub_label_below\" \/><\/div><label id=\"quform_68_10_4_864098_sub_label_below\" class=\"quform-sub-label quform-sub-label-below\">Nom de famille<\/label><\/div><\/div><\/div><\/div><\/div><\/div><\/div><\/div><\/div><div class=\"quform-element quform-element-text quform-element-68_9 quform-cf quform-element-required\"><div class=\"quform-spacer\"><div class=\"quform-label quform-label-68_9\"><label class=\"quform-label-text\" for=\"quform_68_9_864098\">Soci\u00e9t\u00e9 <span class=\"quform-required\">*<\/span><\/label><\/div><div class=\"quform-inner quform-inner-text quform-inner-68_9\"><div class=\"quform-input quform-input-text quform-input-68_9 quform-cf\"><input type=\"text\" id=\"quform_68_9_864098\" name=\"quform_68_9\" class=\"quform-field quform-field-text quform-field-68_9\" \/><\/div><\/div><\/div><\/div><div class=\"quform-element quform-element-text quform-element-68_14 quform-cf quform-element-required\"><div class=\"quform-spacer\"><div class=\"quform-label quform-label-68_14\"><label class=\"quform-label-text\" for=\"quform_68_14_864098\">N\u00b0 de rue \/ bo\u00eete postale <span class=\"quform-required\">*<\/span><\/label><\/div><div class=\"quform-inner quform-inner-text quform-inner-68_14\"><div class=\"quform-input quform-input-text quform-input-68_14 quform-cf\"><input type=\"text\" id=\"quform_68_14_864098\" name=\"quform_68_14\" class=\"quform-field quform-field-text quform-field-68_14\" \/><\/div><\/div><\/div><\/div><div class=\"quform-element quform-element-text quform-element-68_15 quform-cf quform-element-required\"><div class=\"quform-spacer\"><div class=\"quform-label quform-label-68_15\"><label class=\"quform-label-text\" for=\"quform_68_15_864098\">NPA <span class=\"quform-required\">*<\/span><\/label><\/div><div class=\"quform-inner quform-inner-text quform-inner-68_15\"><div class=\"quform-input quform-input-text quform-input-68_15 quform-cf\"><input type=\"text\" id=\"quform_68_15_864098\" name=\"quform_68_15\" class=\"quform-field quform-field-text quform-field-68_15\" \/><\/div><\/div><\/div><\/div><div class=\"quform-element quform-element-text quform-element-68_16 quform-cf quform-element-required\"><div class=\"quform-spacer\"><div class=\"quform-label quform-label-68_16\"><label class=\"quform-label-text\" for=\"quform_68_16_864098\">Lieu<span class=\"quform-required\">*<\/span><\/label><\/div><div class=\"quform-inner quform-inner-text quform-inner-68_16\"><div class=\"quform-input quform-input-text quform-input-68_16 quform-cf\"><input type=\"text\" id=\"quform_68_16_864098\" name=\"quform_68_16\" class=\"quform-field quform-field-text quform-field-68_16\" \/><\/div><\/div><\/div><\/div><div class=\"quform-element quform-element-text quform-element-68_12 quform-cf quform-element-required\"><div class=\"quform-spacer\"><div class=\"quform-label quform-label-68_12\"><label class=\"quform-label-text\" for=\"quform_68_12_864098\">Num\u00e9ro de t\u00e9l\u00e9phone <span class=\"quform-required\">*<\/span><\/label><\/div><div class=\"quform-inner quform-inner-text quform-inner-68_12\"><div class=\"quform-input quform-input-text quform-input-68_12 quform-cf\"><input type=\"text\" id=\"quform_68_12_864098\" name=\"quform_68_12\" class=\"quform-field quform-field-text quform-field-68_12\" \/><\/div><\/div><\/div><\/div><div class=\"quform-element quform-element-email quform-element-68_11 quform-cf quform-element-required\"><div class=\"quform-spacer\"><div class=\"quform-label quform-label-68_11\"><label class=\"quform-label-text\" for=\"quform_68_11_864098\">Adresse e-mail<span class=\"quform-required\">*<\/span><\/label><\/div><div class=\"quform-inner quform-inner-email quform-inner-68_11\"><div class=\"quform-input quform-input-email quform-input-68_11 quform-cf\"><input type=\"email\" id=\"quform_68_11_864098\" name=\"quform_68_11\" class=\"quform-field quform-field-email quform-field-68_11\" \/><\/div><\/div><\/div><\/div><div class=\"quform-element quform-element-textarea quform-element-68_13 quform-cf quform-element-optional\"><div class=\"quform-spacer\"><div class=\"quform-label quform-label-68_13\"><label class=\"quform-label-text\" for=\"quform_68_13_864098\">Remarques, messages <\/label><\/div><div class=\"quform-inner quform-inner-textarea quform-inner-68_13\"><div class=\"quform-input quform-input-textarea quform-input-68_13 quform-cf\"><textarea id=\"quform_68_13_864098\" name=\"quform_68_13\" class=\"quform-field quform-field-textarea quform-field-68_13\"><\/textarea><\/div><\/div><\/div><\/div><div class=\"quform-element quform-element-submit quform-element-68_2 quform-cf quform-button-style-theme\"><div class=\"quform-button-submit quform-button-submit-default quform-button-submit-68_2\"><button name=\"quform_submit\" type=\"submit\" class=\"quform-submit\" value=\"submit\"><span class=\"quform-button-text quform-button-submit-text\">Envoyer<\/span><\/button><\/div><div class=\"quform-loading quform-loading-position-left quform-loading-type-spinner-1\"><div class=\"quform-loading-inner\"><div class=\"quform-loading-spinner\"><div class=\"quform-loading-spinner-inner\"><\/div><\/div><\/div><\/div><\/div><\/div><\/div><\/div><\/div><\/form><\/div><\/div><\/div>[\/vc_column][\/vc_row]<\/p>\n<\/div>","protected":false},"excerpt":{"rendered":"<p>[vc_row][vc_column][\/vc_column][\/vc_row]<\/p>\n","protected":false},"author":38,"featured_media":0,"parent":39715,"menu_order":177,"comment_status":"closed","ping_status":"closed","template":"","meta":{"_acf_changed":false,"_monsterinsights_skip_tracking":false,"_monsterinsights_sitenote_active":false,"_monsterinsights_sitenote_note":"","_monsterinsights_sitenote_category":0,"footnotes":""},"class_list":["post-39739","page","type-page","status-publish","hentry"],"acf":[],"yoast_head":"<!-- This site is optimized with the Yoast SEO Premium plugin v26.4 (Yoast SEO v27.0) - https:\/\/yoast.com\/product\/yoast-seo-premium-wordpress\/ -->\n<title>Demande de cours Autorisation de raccorder selon art. 14 ou 15 de l\u2019OIBT. Cours de remise \u00e0 niveau. Demande de cours Travaux d\u2019entretien et de r\u00e9paration selon art. 14 et 15 al. 4 de l\u2019OIBT) - Electrosuisse<\/title>\n<meta name=\"robots\" content=\"index, follow, max-snippet:-1, max-image-preview:large, max-video-preview:-1\" \/>\n<link rel=\"canonical\" href=\"https:\/\/www.electrosuisse.ch\/fr\/manifestation\/cours-pour-entreprises\/demande-de-cours\/\" \/>\n<meta property=\"og:locale\" content=\"fr_FR\" \/>\n<meta property=\"og:type\" content=\"article\" \/>\n<meta property=\"og:title\" content=\"Demande de cours Autorisation de raccorder selon art. 14 ou 15 de l\u2019OIBT. Cours de remise \u00e0 niveau. Demande de cours Travaux d\u2019entretien et de r\u00e9paration selon art. 14 et 15 al. 4 de l\u2019OIBT) - Electrosuisse\" \/>\n<meta property=\"og:description\" content=\"[vc_row][vc_column][\/vc_column][\/vc_row]\" \/>\n<meta property=\"og:url\" content=\"https:\/\/www.electrosuisse.ch\/fr\/manifestation\/cours-pour-entreprises\/demande-de-cours\/\" \/>\n<meta property=\"og:site_name\" content=\"Electrosuisse\" \/>\n<meta property=\"article:modified_time\" content=\"2025-08-05T07:21:25+00:00\" \/>\n<meta property=\"og:image\" content=\"https:\/\/www.electrosuisse.ch\/wp-content\/uploads\/2022\/12\/Electrosuisse_Ueber_uns_1578x650.jpg\" \/>\n\t<meta property=\"og:image:width\" content=\"1578\" \/>\n\t<meta property=\"og:image:height\" content=\"650\" \/>\n\t<meta property=\"og:image:type\" content=\"image\/jpeg\" \/>\n<script type=\"application\/ld+json\" class=\"yoast-schema-graph\">{\"@context\":\"https:\/\/schema.org\",\"@graph\":[{\"@type\":\"WebPage\",\"@id\":\"https:\/\/www.electrosuisse.ch\/fr\/manifestation\/cours-pour-entreprises\/demande-de-cours\/\",\"url\":\"https:\/\/www.electrosuisse.ch\/fr\/manifestation\/cours-pour-entreprises\/demande-de-cours\/\",\"name\":\"Demande de cours Autorisation de raccorder selon art. 14 ou 15 de l\u2019OIBT. Cours de remise \u00e0 niveau. Demande de cours Travaux d\u2019entretien et de r\u00e9paration selon art. 14 et 15 al. 4 de l\u2019OIBT) - Electrosuisse\",\"isPartOf\":{\"@id\":\"https:\/\/www.electrosuisse.ch\/fr\/#website\"},\"datePublished\":\"2025-08-05T07:20:13+00:00\",\"dateModified\":\"2025-08-05T07:21:25+00:00\",\"breadcrumb\":{\"@id\":\"https:\/\/www.electrosuisse.ch\/fr\/manifestation\/cours-pour-entreprises\/demande-de-cours\/#breadcrumb\"},\"inLanguage\":\"fr-FR\",\"potentialAction\":[{\"@type\":\"ReadAction\",\"target\":[\"https:\/\/www.electrosuisse.ch\/fr\/manifestation\/cours-pour-entreprises\/demande-de-cours\/\"]}]},{\"@type\":\"BreadcrumbList\",\"@id\":\"https:\/\/www.electrosuisse.ch\/fr\/manifestation\/cours-pour-entreprises\/demande-de-cours\/#breadcrumb\",\"itemListElement\":[{\"@type\":\"ListItem\",\"position\":1,\"name\":\"Manifestations &#8211; Veranstaltungen\",\"item\":\"https:\/\/www.electrosuisse.ch\/fr\/manifestation\/\"},{\"@type\":\"ListItem\",\"position\":2,\"name\":\"Cours pour entreprises\",\"item\":\"https:\/\/www.electrosuisse.ch\/fr\/manifestation\/cours-pour-entreprises\/\"},{\"@type\":\"ListItem\",\"position\":3,\"name\":\"Demande de cours Autorisation de raccorder selon art. 14 ou 15 de l\u2019OIBT. Cours de remise \u00e0 niveau. Demande de cours Travaux d\u2019entretien et de r\u00e9paration selon art. 14 et 15 al. 4 de l\u2019OIBT)\"}]},{\"@type\":\"WebSite\",\"@id\":\"https:\/\/www.electrosuisse.ch\/fr\/#website\",\"url\":\"https:\/\/www.electrosuisse.ch\/fr\/\",\"name\":\"Electrosuisse\",\"description\":\"\",\"publisher\":{\"@id\":\"https:\/\/www.electrosuisse.ch\/fr\/#organization\"},\"potentialAction\":[{\"@type\":\"SearchAction\",\"target\":{\"@type\":\"EntryPoint\",\"urlTemplate\":\"https:\/\/www.electrosuisse.ch\/fr\/?s={search_term_string}\"},\"query-input\":{\"@type\":\"PropertyValueSpecification\",\"valueRequired\":true,\"valueName\":\"search_term_string\"}}],\"inLanguage\":\"fr-FR\"},{\"@type\":\"Organization\",\"@id\":\"https:\/\/www.electrosuisse.ch\/fr\/#organization\",\"name\":\"Electrosuisse\",\"url\":\"https:\/\/www.electrosuisse.ch\/fr\/\",\"logo\":{\"@type\":\"ImageObject\",\"inLanguage\":\"fr-FR\",\"@id\":\"https:\/\/www.electrosuisse.ch\/fr\/#\/schema\/logo\/image\/\",\"url\":\"https:\/\/www.electrosuisse.ch\/wp-content\/uploads\/2025\/04\/Electrosuisse_Logo_696x696.png\",\"contentUrl\":\"https:\/\/www.electrosuisse.ch\/wp-content\/uploads\/2025\/04\/Electrosuisse_Logo_696x696.png\",\"width\":696,\"height\":696,\"caption\":\"Electrosuisse\"},\"image\":{\"@id\":\"https:\/\/www.electrosuisse.ch\/fr\/#\/schema\/logo\/image\/\"},\"sameAs\":[\"https:\/\/www.linkedin.com\/company\/electrosuisse-ag\/posts\/?feedView=all\",\"https:\/\/www.instagram.com\/electrosuisse1889\/\",\"https:\/\/www.youtube.com\/channel\/UCoOxohMiVE0Gjcdis1L09zw\"],\"description\":\"Electrosuisse ist eine anerkannte und unabh\u00e4ngige Fachorganisation, die erstklassige Dienstleistungen und Produkte in den Bereichen Inspektion, Beratung, Pr\u00fcfung, Zertifizierung, Normung und Weiterbildung anbietet. Unsere Expertise umfasst Elektrotechnik, Elektromobilit\u00e4t, Energieberatung, Geb\u00e4udeautomation und Photovoltaik in der Schweiz. Durch die Veranstaltung etablierter Branchen-Events und Fachtagungen f\u00f6rdert Electrosuisse den Wissenstransfer und den fachlichen Austausch. Im Mittelpunkt unserer T\u00e4tigkeiten steht die F\u00f6rderung der sicheren, wirtschaftlichen und umweltgerechten Anwendung der Elektrotechnik.\"}]}<\/script>\n<!-- \/ Yoast SEO Premium plugin. -->","yoast_head_json":{"title":"Demande de cours Autorisation de raccorder selon art. 14 ou 15 de l\u2019OIBT. Cours de remise \u00e0 niveau. Demande de cours Travaux d\u2019entretien et de r\u00e9paration selon art. 14 et 15 al. 4 de l\u2019OIBT) - Electrosuisse","robots":{"index":"index","follow":"follow","max-snippet":"max-snippet:-1","max-image-preview":"max-image-preview:large","max-video-preview":"max-video-preview:-1"},"canonical":"https:\/\/www.electrosuisse.ch\/fr\/manifestation\/cours-pour-entreprises\/demande-de-cours\/","og_locale":"fr_FR","og_type":"article","og_title":"Demande de cours Autorisation de raccorder selon art. 14 ou 15 de l\u2019OIBT. Cours de remise \u00e0 niveau. Demande de cours Travaux d\u2019entretien et de r\u00e9paration selon art. 14 et 15 al. 4 de l\u2019OIBT) - Electrosuisse","og_description":"[vc_row][vc_column][\/vc_column][\/vc_row]","og_url":"https:\/\/www.electrosuisse.ch\/fr\/manifestation\/cours-pour-entreprises\/demande-de-cours\/","og_site_name":"Electrosuisse","article_modified_time":"2025-08-05T07:21:25+00:00","og_image":[{"width":1578,"height":650,"url":"https:\/\/www.electrosuisse.ch\/wp-content\/uploads\/2022\/12\/Electrosuisse_Ueber_uns_1578x650.jpg","type":"image\/jpeg"}],"schema":{"@context":"https:\/\/schema.org","@graph":[{"@type":"WebPage","@id":"https:\/\/www.electrosuisse.ch\/fr\/manifestation\/cours-pour-entreprises\/demande-de-cours\/","url":"https:\/\/www.electrosuisse.ch\/fr\/manifestation\/cours-pour-entreprises\/demande-de-cours\/","name":"Demande de cours Autorisation de raccorder selon art. 14 ou 15 de l\u2019OIBT. Cours de remise \u00e0 niveau. Demande de cours Travaux d\u2019entretien et de r\u00e9paration selon art. 14 et 15 al. 4 de l\u2019OIBT) - Electrosuisse","isPartOf":{"@id":"https:\/\/www.electrosuisse.ch\/fr\/#website"},"datePublished":"2025-08-05T07:20:13+00:00","dateModified":"2025-08-05T07:21:25+00:00","breadcrumb":{"@id":"https:\/\/www.electrosuisse.ch\/fr\/manifestation\/cours-pour-entreprises\/demande-de-cours\/#breadcrumb"},"inLanguage":"fr-FR","potentialAction":[{"@type":"ReadAction","target":["https:\/\/www.electrosuisse.ch\/fr\/manifestation\/cours-pour-entreprises\/demande-de-cours\/"]}]},{"@type":"BreadcrumbList","@id":"https:\/\/www.electrosuisse.ch\/fr\/manifestation\/cours-pour-entreprises\/demande-de-cours\/#breadcrumb","itemListElement":[{"@type":"ListItem","position":1,"name":"Manifestations &#8211; Veranstaltungen","item":"https:\/\/www.electrosuisse.ch\/fr\/manifestation\/"},{"@type":"ListItem","position":2,"name":"Cours pour entreprises","item":"https:\/\/www.electrosuisse.ch\/fr\/manifestation\/cours-pour-entreprises\/"},{"@type":"ListItem","position":3,"name":"Demande de cours Autorisation de raccorder selon art. 14 ou 15 de l\u2019OIBT. Cours de remise \u00e0 niveau. Demande de cours Travaux d\u2019entretien et de r\u00e9paration selon art. 14 et 15 al. 4 de l\u2019OIBT)"}]},{"@type":"WebSite","@id":"https:\/\/www.electrosuisse.ch\/fr\/#website","url":"https:\/\/www.electrosuisse.ch\/fr\/","name":"Electrosuisse","description":"","publisher":{"@id":"https:\/\/www.electrosuisse.ch\/fr\/#organization"},"potentialAction":[{"@type":"SearchAction","target":{"@type":"EntryPoint","urlTemplate":"https:\/\/www.electrosuisse.ch\/fr\/?s={search_term_string}"},"query-input":{"@type":"PropertyValueSpecification","valueRequired":true,"valueName":"search_term_string"}}],"inLanguage":"fr-FR"},{"@type":"Organization","@id":"https:\/\/www.electrosuisse.ch\/fr\/#organization","name":"Electrosuisse","url":"https:\/\/www.electrosuisse.ch\/fr\/","logo":{"@type":"ImageObject","inLanguage":"fr-FR","@id":"https:\/\/www.electrosuisse.ch\/fr\/#\/schema\/logo\/image\/","url":"https:\/\/www.electrosuisse.ch\/wp-content\/uploads\/2025\/04\/Electrosuisse_Logo_696x696.png","contentUrl":"https:\/\/www.electrosuisse.ch\/wp-content\/uploads\/2025\/04\/Electrosuisse_Logo_696x696.png","width":696,"height":696,"caption":"Electrosuisse"},"image":{"@id":"https:\/\/www.electrosuisse.ch\/fr\/#\/schema\/logo\/image\/"},"sameAs":["https:\/\/www.linkedin.com\/company\/electrosuisse-ag\/posts\/?feedView=all","https:\/\/www.instagram.com\/electrosuisse1889\/","https:\/\/www.youtube.com\/channel\/UCoOxohMiVE0Gjcdis1L09zw"],"description":"Electrosuisse ist eine anerkannte und unabh\u00e4ngige Fachorganisation, die erstklassige Dienstleistungen und Produkte in den Bereichen Inspektion, Beratung, Pr\u00fcfung, Zertifizierung, Normung und Weiterbildung anbietet. Unsere Expertise umfasst Elektrotechnik, Elektromobilit\u00e4t, Energieberatung, Geb\u00e4udeautomation und Photovoltaik in der Schweiz. Durch die Veranstaltung etablierter Branchen-Events und Fachtagungen f\u00f6rdert Electrosuisse den Wissenstransfer und den fachlichen Austausch. Im Mittelpunkt unserer T\u00e4tigkeiten steht die F\u00f6rderung der sicheren, wirtschaftlichen und umweltgerechten Anwendung der Elektrotechnik."}]}},"amp_enabled":true,"_links":{"self":[{"href":"https:\/\/www.electrosuisse.ch\/fr\/wp-json\/wp\/v2\/pages\/39739","targetHints":{"allow":["GET"]}}],"collection":[{"href":"https:\/\/www.electrosuisse.ch\/fr\/wp-json\/wp\/v2\/pages"}],"about":[{"href":"https:\/\/www.electrosuisse.ch\/fr\/wp-json\/wp\/v2\/types\/page"}],"author":[{"embeddable":true,"href":"https:\/\/www.electrosuisse.ch\/fr\/wp-json\/wp\/v2\/users\/38"}],"replies":[{"embeddable":true,"href":"https:\/\/www.electrosuisse.ch\/fr\/wp-json\/wp\/v2\/comments?post=39739"}],"version-history":[{"count":1,"href":"https:\/\/www.electrosuisse.ch\/fr\/wp-json\/wp\/v2\/pages\/39739\/revisions"}],"predecessor-version":[{"id":39740,"href":"https:\/\/www.electrosuisse.ch\/fr\/wp-json\/wp\/v2\/pages\/39739\/revisions\/39740"}],"up":[{"embeddable":true,"href":"https:\/\/www.electrosuisse.ch\/fr\/wp-json\/wp\/v2\/pages\/39715"}],"wp:attachment":[{"href":"https:\/\/www.electrosuisse.ch\/fr\/wp-json\/wp\/v2\/media?parent=39739"}],"curies":[{"name":"wp","href":"https:\/\/api.w.org\/{rel}","templated":true}]}}