{"id":39737,"date":"2025-08-05T09:19:17","date_gmt":"2025-08-05T07:19:17","guid":{"rendered":"https:\/\/www.electrosuisse.ch\/?page_id=39737"},"modified":"2025-09-03T10:06:37","modified_gmt":"2025-09-03T08:06:37","slug":"demande-de-cours-dentreprises","status":"publish","type":"page","link":"https:\/\/www.electrosuisse.ch\/fr\/manifestation\/cours-pour-entreprises\/demande-de-cours-dentreprises\/","title":{"rendered":"Demande de cours en entreprise"},"content":{"rendered":"<div class=\"wpb-content-wrapper\"><p>[vc_row][vc_column]<div class=\"wpb_form_column wpb_content_element\"><div class=\"wpb_wrapper test\"><div id=\"quform-df1fab\" class=\"quform quform-67 quform-support-page-caching\"><form id=\"quform-form-df1fab\" class=\"quform-form quform-form-67\" action=\"\/fr\/wp-json\/wp\/v2\/pages\/39737#quform-df1fab\" method=\"post\" enctype=\"multipart\/form-data\" novalidate=\"novalidate\" data-options=\"{&quot;id&quot;:67,&quot;uniqueId&quot;:&quot;df1fab&quot;,&quot;theme&quot;:&quot;&quot;,&quot;ajax&quot;:true,&quot;logic&quot;:{&quot;logic&quot;:[],&quot;dependents&quot;:[],&quot;elementIds&quot;:[],&quot;dependentElementIds&quot;:[],&quot;animate&quot;:true},&quot;currentPageId&quot;:1,&quot;errorsIcon&quot;:&quot;&quot;,&quot;updateFancybox&quot;:true,&quot;hasPages&quot;:false,&quot;pages&quot;:[1],&quot;pageProgressType&quot;:&quot;numbers&quot;,&quot;tooltipsEnabled&quot;:true,&quot;tooltipClasses&quot;:&quot;qtip-quform-dark qtip-shadow&quot;,&quot;tooltipMy&quot;:&quot;left center&quot;,&quot;tooltipAt&quot;:&quot;right center&quot;,&quot;isRtl&quot;:false,&quot;scrollOffset&quot;:-50,&quot;scrollSpeed&quot;:800}\"><button class=\"quform-default-submit\" name=\"quform_submit\" type=\"submit\" value=\"submit\" aria-hidden=\"true\" tabindex=\"-1\"><\/button><div class=\"quform-form-inner quform-form-inner-67\"><input type=\"hidden\" name=\"quform_form_id\" value=\"67\" \/><input type=\"hidden\" name=\"quform_form_uid\" value=\"df1fab\" \/><input type=\"hidden\" name=\"quform_count\" value=\"1\" \/><input type=\"hidden\" name=\"form_url\" value=\"https:\/\/www.electrosuisse.ch\/fr\/wp-json\/wp\/v2\/pages\/39737\" \/><input type=\"hidden\" name=\"referring_url\" value=\"\" \/><input type=\"hidden\" name=\"post_id\" value=\"\" \/><input type=\"hidden\" name=\"post_title\" value=\"\" \/><input type=\"hidden\" name=\"quform_current_page_id\" value=\"1\" \/><input type=\"hidden\" name=\"quform_loaded\" value=\"1777612216|a1d033f275e8618a497fe85ec5712073\" \/><input type=\"hidden\" name=\"quform_csrf_token\" value=\"YuMnn4FKSpvB8HDPfre2oOWJpYMOPXMXhINhIq2Q\" \/><div class=\"quform-form-title-description\"><h2 class=\"quform-form-title\">Demande de cours en entreprise<\/h2><\/div><div class=\"quform-elements quform-elements-67 quform-cf quform-responsive-elements-phone-landscape\"><div class=\"quform-element quform-element-page quform-page-1 quform-page-67_1 quform-cf quform-group-style-plain quform-first-page quform-last-page quform-current-page\"><div class=\"quform-child-elements\"><div class=\"quform-element quform-element-checkbox quform-element-67_3 quform-cf quform-element-required\"><div class=\"quform-spacer\"><div class=\"quform-label quform-label-67_3\"><label class=\"quform-label-text\" id=\"quform_67_3_df1fab_label\">Je m'int\u00e9resse aux contenus de cours suivants<span class=\"quform-required\">*<\/span><\/label><\/div><div class=\"quform-inner quform-inner-checkbox quform-inner-67_3\"><div class=\"quform-input quform-input-checkbox quform-input-67_3 quform-cf\"><div class=\"quform-options quform-cf quform-options-block quform-options-simple\" role=\"group\" aria-labelledby=\"quform_67_3_df1fab_label\"><div class=\"quform-option\"><input type=\"checkbox\" name=\"quform_67_3[]\" id=\"quform_67_3_df1fab_1\" class=\"quform-field quform-field-checkbox quform-field-67_3 quform-field-67_3_1\" value=\"Autorisation limit\u00e9e\" \/><label for=\"quform_67_3_df1fab_1\" class=\"quform-option-label quform-option-label-67_3_1\"><span class=\"quform-option-text\">Autorisation limit\u00e9e<\/span><\/label><\/div><div class=\"quform-option\"><input type=\"checkbox\" name=\"quform_67_3[]\" id=\"quform_67_3_df1fab_2\" class=\"quform-field quform-field-checkbox quform-field-67_3 quform-field-67_3_2\" value=\"Connaissances de base\" \/><label for=\"quform_67_3_df1fab_2\" class=\"quform-option-label quform-option-label-67_3_2\"><span class=\"quform-option-text\">Connaissances de base<\/span><\/label><\/div><div class=\"quform-option\"><input type=\"checkbox\" name=\"quform_67_3[]\" id=\"quform_67_3_df1fab_3\" class=\"quform-field quform-field-checkbox quform-field-67_3 quform-field-67_3_3\" value=\"Ensembles d\u2019appareillage, machines et appareils\" \/><label for=\"quform_67_3_df1fab_3\" class=\"quform-option-label quform-option-label-67_3_3\"><span class=\"quform-option-text\">Ensembles d\u2019appareillage, machines et appareils<\/span><\/label><\/div><div class=\"quform-option\"><input type=\"checkbox\" name=\"quform_67_3[]\" id=\"quform_67_3_df1fab_4\" class=\"quform-field quform-field-checkbox quform-field-67_3 quform-field-67_3_4\" value=\"Installations\" \/><label for=\"quform_67_3_df1fab_4\" class=\"quform-option-label quform-option-label-67_3_4\"><span class=\"quform-option-text\">Installations<\/span><\/label><\/div><div class=\"quform-option\"><input type=\"checkbox\" name=\"quform_67_3[]\" id=\"quform_67_3_df1fab_6\" class=\"quform-field quform-field-checkbox quform-field-67_3 quform-field-67_3_6\" value=\"Mesures\" \/><label for=\"quform_67_3_df1fab_6\" class=\"quform-option-label quform-option-label-67_3_6\"><span class=\"quform-option-text\">Mesures<\/span><\/label><\/div><div class=\"quform-option\"><input type=\"checkbox\" name=\"quform_67_3[]\" id=\"quform_67_3_df1fab_5\" class=\"quform-field quform-field-checkbox quform-field-67_3 quform-field-67_3_5\" value=\"Premiers secours\" \/><label for=\"quform_67_3_df1fab_5\" class=\"quform-option-label quform-option-label-67_3_5\"><span class=\"quform-option-text\">Premiers secours<\/span><\/label><\/div><div class=\"quform-option\"><input type=\"checkbox\" name=\"quform_67_3[]\" id=\"quform_67_3_df1fab_8\" class=\"quform-field quform-field-checkbox quform-field-67_3 quform-field-67_3_8\" value=\"R\u00e9seaux\" \/><label for=\"quform_67_3_df1fab_8\" class=\"quform-option-label quform-option-label-67_3_8\"><span class=\"quform-option-text\">R\u00e9seaux<\/span><\/label><\/div><div class=\"quform-option\"><input type=\"checkbox\" name=\"quform_67_3[]\" id=\"quform_67_3_df1fab_11\" class=\"quform-field quform-field-checkbox quform-field-67_3 quform-field-67_3_11\" value=\"R\u00e9seaux de communication\" \/><label for=\"quform_67_3_df1fab_11\" class=\"quform-option-label quform-option-label-67_3_11\"><span class=\"quform-option-text\">R\u00e9seaux de communication<\/span><\/label><\/div><div class=\"quform-option\"><input type=\"checkbox\" name=\"quform_67_3[]\" id=\"quform_67_3_df1fab_7\" class=\"quform-field quform-field-checkbox quform-field-67_3 quform-field-67_3_7\" value=\"autres\" \/><label for=\"quform_67_3_df1fab_7\" class=\"quform-option-label quform-option-label-67_3_7\"><span class=\"quform-option-text\">autres<\/span><\/label><\/div><\/div><\/div><\/div><\/div><\/div><div class=\"quform-element quform-element-text quform-element-67_6 quform-cf quform-element-optional\"><div class=\"quform-spacer\"><div class=\"quform-label quform-label-67_6\"><label class=\"quform-label-text\" for=\"quform_67_6_df1fab\">Date souhait\u00e9e (p\u00e9riode)<\/label><\/div><div class=\"quform-inner quform-inner-text quform-inner-67_6\"><div class=\"quform-input quform-input-text quform-input-67_6 quform-cf\"><input type=\"text\" id=\"quform_67_6_df1fab\" name=\"quform_67_6\" class=\"quform-field quform-field-text quform-field-67_6\" \/><\/div><\/div><\/div><\/div><div class=\"quform-element quform-element-select quform-element-67_8 quform-cf quform-element-optional\"><div class=\"quform-spacer\"><div class=\"quform-label quform-label-67_8\"><label class=\"quform-label-text\" for=\"quform_67_8_df1fab\">Titre <\/label><\/div><div class=\"quform-inner quform-inner-select quform-inner-67_8\"><div class=\"quform-input quform-input-select quform-input-67_8 quform-cf\"><select id=\"quform_67_8_df1fab\" name=\"quform_67_8\" class=\"quform-field quform-field-select quform-field-67_8\"><option value=\"\" selected=\"selected\">Veuillez s\u00e9lectionner<\/option><option value=\"Monsieur\">Monsieur<\/option><option value=\"Madame\">Madame<\/option><\/select><\/div><\/div><\/div><\/div><div class=\"quform-element quform-element-name quform-element-67_10 quform-cf quform-element-required\"><div class=\"quform-spacer\"><div class=\"quform-label quform-label-67_10\"><label class=\"quform-label-text\" id=\"quform_67_10_df1fab_label\">Nom<span class=\"quform-required\">*<\/span><\/label><\/div><div class=\"quform-inner quform-inner-name quform-inner-67_10\"><div class=\"quform-input quform-input-name quform-input-67_10 quform-cf\"><div class=\"quform-element-row quform-2-columns quform-element-row-size-fixed quform-responsive-columns-phone-landscape\"><div class=\"quform-element-column\"><div class=\"quform-element quform-element-text quform-element-67_10_2 quform-cf quform-element-required\"><div class=\"quform-spacer\"><div class=\"quform-inner quform-inner-text quform-inner-67_10_2\"><div class=\"quform-input quform-input-text quform-input-67_10_2 quform-cf\"><input type=\"text\" id=\"quform_67_10_2_df1fab\" name=\"quform_67_10[2]\" class=\"quform-field quform-field-text quform-field-67_10_2\" aria-labelledby=\"quform_67_10_df1fab_label quform_67_10_2_df1fab_sub_label_below\" \/><\/div><label id=\"quform_67_10_2_df1fab_sub_label_below\" class=\"quform-sub-label quform-sub-label-below\">Pr\u00e9nom<\/label><\/div><\/div><\/div><\/div><div class=\"quform-element-column\"><div class=\"quform-element quform-element-text quform-element-67_10_4 quform-cf quform-element-required\"><div class=\"quform-spacer\"><div class=\"quform-inner quform-inner-text quform-inner-67_10_4\"><div class=\"quform-input quform-input-text quform-input-67_10_4 quform-cf\"><input type=\"text\" id=\"quform_67_10_4_df1fab\" name=\"quform_67_10[4]\" class=\"quform-field quform-field-text quform-field-67_10_4\" aria-labelledby=\"quform_67_10_df1fab_label quform_67_10_4_df1fab_sub_label_below\" \/><\/div><label id=\"quform_67_10_4_df1fab_sub_label_below\" class=\"quform-sub-label quform-sub-label-below\">Nom de famille<\/label><\/div><\/div><\/div><\/div><\/div><\/div><\/div><\/div><\/div><div class=\"quform-element quform-element-textarea quform-element-67_308559 quform-sr-only quform-cf\" style=\"clip: rect(1px, 1px, 1px, 1px); clip-path: inset(50%); position: absolute !important; height: 1px; width: 1px; overflow: hidden;\"><div class=\"quform-spacer\"><div class=\"quform-label quform-label-67_308559\"><label class=\"quform-label-text\" for=\"quform_67_308559_df1fab\">Business Email<span class=\"quform-required\">*<\/span><\/label><\/div><div class=\"quform-inner quform-inner-67_308559\"><textarea id=\"quform_67_308559_df1fab\" name=\"quform_67_308559\" class=\"quform-field quform-field-textarea quform-field-67_308559\" tabindex=\"-1\" autocomplete=\"new-password\"><\/textarea><\/div><\/div><\/div><div class=\"quform-element quform-element-text quform-element-67_9 quform-cf quform-element-required\"><div class=\"quform-spacer\"><div class=\"quform-label quform-label-67_9\"><label class=\"quform-label-text\" for=\"quform_67_9_df1fab\">Soci\u00e9t\u00e9<span class=\"quform-required\">*<\/span><\/label><\/div><div class=\"quform-inner quform-inner-text quform-inner-67_9\"><div class=\"quform-input quform-input-text quform-input-67_9 quform-cf\"><input type=\"text\" id=\"quform_67_9_df1fab\" name=\"quform_67_9\" class=\"quform-field quform-field-text quform-field-67_9\" \/><\/div><\/div><\/div><\/div><div class=\"quform-element quform-element-text quform-element-67_14 quform-cf quform-element-required\"><div class=\"quform-spacer\"><div class=\"quform-label quform-label-67_14\"><label class=\"quform-label-text\" for=\"quform_67_14_df1fab\">N\u00b0 de rue \/ bo\u00eete postale <span class=\"quform-required\">*<\/span><\/label><\/div><div class=\"quform-inner quform-inner-text quform-inner-67_14\"><div class=\"quform-input quform-input-text quform-input-67_14 quform-cf\"><input type=\"text\" id=\"quform_67_14_df1fab\" name=\"quform_67_14\" class=\"quform-field quform-field-text quform-field-67_14\" \/><\/div><\/div><\/div><\/div><div class=\"quform-element quform-element-text quform-element-67_15 quform-cf quform-element-required\"><div class=\"quform-spacer\"><div class=\"quform-label quform-label-67_15\"><label class=\"quform-label-text\" for=\"quform_67_15_df1fab\">NPA<span class=\"quform-required\">*<\/span><\/label><\/div><div class=\"quform-inner quform-inner-text quform-inner-67_15\"><div class=\"quform-input quform-input-text quform-input-67_15 quform-cf\"><input type=\"text\" id=\"quform_67_15_df1fab\" name=\"quform_67_15\" class=\"quform-field quform-field-text quform-field-67_15\" \/><\/div><\/div><\/div><\/div><div class=\"quform-element quform-element-text quform-element-67_16 quform-cf quform-element-required\"><div class=\"quform-spacer\"><div class=\"quform-label quform-label-67_16\"><label class=\"quform-label-text\" for=\"quform_67_16_df1fab\">Lieu <span class=\"quform-required\">*<\/span><\/label><\/div><div class=\"quform-inner quform-inner-text quform-inner-67_16\"><div class=\"quform-input quform-input-text quform-input-67_16 quform-cf\"><input type=\"text\" id=\"quform_67_16_df1fab\" name=\"quform_67_16\" class=\"quform-field quform-field-text quform-field-67_16\" \/><\/div><\/div><\/div><\/div><div class=\"quform-element quform-element-text quform-element-67_12 quform-cf quform-element-required\"><div class=\"quform-spacer\"><div class=\"quform-label quform-label-67_12\"><label class=\"quform-label-text\" for=\"quform_67_12_df1fab\">Num\u00e9ro de t\u00e9l\u00e9phone <span class=\"quform-required\">*<\/span><\/label><\/div><div class=\"quform-inner quform-inner-text quform-inner-67_12\"><div class=\"quform-input quform-input-text quform-input-67_12 quform-cf\"><input type=\"text\" id=\"quform_67_12_df1fab\" name=\"quform_67_12\" class=\"quform-field quform-field-text quform-field-67_12\" \/><\/div><\/div><\/div><\/div><div class=\"quform-element quform-element-email quform-element-67_11 quform-cf quform-element-required\"><div class=\"quform-spacer\"><div class=\"quform-label quform-label-67_11\"><label class=\"quform-label-text\" for=\"quform_67_11_df1fab\">Adresse e-mail <span class=\"quform-required\">*<\/span><\/label><\/div><div class=\"quform-inner quform-inner-email quform-inner-67_11\"><div class=\"quform-input quform-input-email quform-input-67_11 quform-cf\"><input type=\"email\" id=\"quform_67_11_df1fab\" name=\"quform_67_11\" class=\"quform-field quform-field-email quform-field-67_11\" \/><\/div><\/div><\/div><\/div><div class=\"quform-element quform-element-textarea quform-element-67_13 quform-cf quform-element-optional\"><div class=\"quform-spacer\"><div class=\"quform-label quform-label-67_13\"><label class=\"quform-label-text\" for=\"quform_67_13_df1fab\">Remarques, messages <\/label><\/div><div class=\"quform-inner quform-inner-textarea quform-inner-67_13\"><div class=\"quform-input quform-input-textarea quform-input-67_13 quform-cf\"><textarea id=\"quform_67_13_df1fab\" name=\"quform_67_13\" class=\"quform-field quform-field-textarea quform-field-67_13\"><\/textarea><\/div><\/div><\/div><\/div><div class=\"quform-element quform-element-submit quform-element-67_2 quform-cf quform-button-style-theme\"><div class=\"quform-button-submit quform-button-submit-default quform-button-submit-67_2\"><button name=\"quform_submit\" type=\"submit\" class=\"quform-submit\" value=\"submit\"><span class=\"quform-button-text quform-button-submit-text\">Envoyer<\/span><\/button><\/div><div class=\"quform-loading quform-loading-position-left quform-loading-type-spinner-1\"><div class=\"quform-loading-inner\"><div class=\"quform-loading-spinner\"><div class=\"quform-loading-spinner-inner\"><\/div><\/div><\/div><\/div><\/div><\/div><\/div><\/div><\/div><\/form><\/div><\/div><\/div>[\/vc_column][\/vc_row]<\/p>\n<\/div>","protected":false},"excerpt":{"rendered":"<p>[vc_row][vc_column][\/vc_column][\/vc_row]<\/p>\n","protected":false},"author":38,"featured_media":0,"parent":39715,"menu_order":174,"comment_status":"closed","ping_status":"closed","template":"","meta":{"_acf_changed":false,"_monsterinsights_skip_tracking":false,"_monsterinsights_sitenote_active":false,"_monsterinsights_sitenote_note":"","_monsterinsights_sitenote_category":0,"footnotes":""},"class_list":["post-39737","page","type-page","status-publish","hentry"],"acf":[],"yoast_head":"<!-- This site is optimized with the Yoast SEO Premium plugin v26.4 (Yoast SEO v27.0) - https:\/\/yoast.com\/product\/yoast-seo-premium-wordpress\/ -->\n<title>Demande de cours en entreprise - Electrosuisse<\/title>\n<meta name=\"robots\" content=\"index, follow, max-snippet:-1, max-image-preview:large, max-video-preview:-1\" \/>\n<link rel=\"canonical\" href=\"https:\/\/www.electrosuisse.ch\/fr\/manifestation\/cours-pour-entreprises\/demande-de-cours-dentreprises\/\" \/>\n<meta property=\"og:locale\" content=\"fr_FR\" \/>\n<meta property=\"og:type\" content=\"article\" \/>\n<meta property=\"og:title\" content=\"Demande de cours en entreprise - Electrosuisse\" \/>\n<meta property=\"og:description\" content=\"[vc_row][vc_column][\/vc_column][\/vc_row]\" \/>\n<meta property=\"og:url\" content=\"https:\/\/www.electrosuisse.ch\/fr\/manifestation\/cours-pour-entreprises\/demande-de-cours-dentreprises\/\" \/>\n<meta property=\"og:site_name\" content=\"Electrosuisse\" \/>\n<meta property=\"article:modified_time\" content=\"2025-09-03T08:06:37+00:00\" \/>\n<meta property=\"og:image\" content=\"https:\/\/www.electrosuisse.ch\/wp-content\/uploads\/2022\/12\/Electrosuisse_Ueber_uns_1578x650.jpg\" \/>\n\t<meta property=\"og:image:width\" content=\"1578\" \/>\n\t<meta property=\"og:image:height\" content=\"650\" \/>\n\t<meta property=\"og:image:type\" content=\"image\/jpeg\" \/>\n<script type=\"application\/ld+json\" class=\"yoast-schema-graph\">{\"@context\":\"https:\/\/schema.org\",\"@graph\":[{\"@type\":\"WebPage\",\"@id\":\"https:\/\/www.electrosuisse.ch\/fr\/manifestation\/cours-pour-entreprises\/demande-de-cours-dentreprises\/\",\"url\":\"https:\/\/www.electrosuisse.ch\/fr\/manifestation\/cours-pour-entreprises\/demande-de-cours-dentreprises\/\",\"name\":\"Demande de cours en entreprise - Electrosuisse\",\"isPartOf\":{\"@id\":\"https:\/\/www.electrosuisse.ch\/fr\/#website\"},\"datePublished\":\"2025-08-05T07:19:17+00:00\",\"dateModified\":\"2025-09-03T08:06:37+00:00\",\"breadcrumb\":{\"@id\":\"https:\/\/www.electrosuisse.ch\/fr\/manifestation\/cours-pour-entreprises\/demande-de-cours-dentreprises\/#breadcrumb\"},\"inLanguage\":\"fr-FR\",\"potentialAction\":[{\"@type\":\"ReadAction\",\"target\":[\"https:\/\/www.electrosuisse.ch\/fr\/manifestation\/cours-pour-entreprises\/demande-de-cours-dentreprises\/\"]}]},{\"@type\":\"BreadcrumbList\",\"@id\":\"https:\/\/www.electrosuisse.ch\/fr\/manifestation\/cours-pour-entreprises\/demande-de-cours-dentreprises\/#breadcrumb\",\"itemListElement\":[{\"@type\":\"ListItem\",\"position\":1,\"name\":\"Manifestations &#8211; Veranstaltungen\",\"item\":\"https:\/\/www.electrosuisse.ch\/fr\/manifestation\/\"},{\"@type\":\"ListItem\",\"position\":2,\"name\":\"Cours pour entreprises\",\"item\":\"https:\/\/www.electrosuisse.ch\/fr\/manifestation\/cours-pour-entreprises\/\"},{\"@type\":\"ListItem\",\"position\":3,\"name\":\"Demande de cours en entreprise\"}]},{\"@type\":\"WebSite\",\"@id\":\"https:\/\/www.electrosuisse.ch\/fr\/#website\",\"url\":\"https:\/\/www.electrosuisse.ch\/fr\/\",\"name\":\"Electrosuisse\",\"description\":\"\",\"publisher\":{\"@id\":\"https:\/\/www.electrosuisse.ch\/fr\/#organization\"},\"potentialAction\":[{\"@type\":\"SearchAction\",\"target\":{\"@type\":\"EntryPoint\",\"urlTemplate\":\"https:\/\/www.electrosuisse.ch\/fr\/?s={search_term_string}\"},\"query-input\":{\"@type\":\"PropertyValueSpecification\",\"valueRequired\":true,\"valueName\":\"search_term_string\"}}],\"inLanguage\":\"fr-FR\"},{\"@type\":\"Organization\",\"@id\":\"https:\/\/www.electrosuisse.ch\/fr\/#organization\",\"name\":\"Electrosuisse\",\"url\":\"https:\/\/www.electrosuisse.ch\/fr\/\",\"logo\":{\"@type\":\"ImageObject\",\"inLanguage\":\"fr-FR\",\"@id\":\"https:\/\/www.electrosuisse.ch\/fr\/#\/schema\/logo\/image\/\",\"url\":\"https:\/\/www.electrosuisse.ch\/wp-content\/uploads\/2025\/04\/Electrosuisse_Logo_696x696.png\",\"contentUrl\":\"https:\/\/www.electrosuisse.ch\/wp-content\/uploads\/2025\/04\/Electrosuisse_Logo_696x696.png\",\"width\":696,\"height\":696,\"caption\":\"Electrosuisse\"},\"image\":{\"@id\":\"https:\/\/www.electrosuisse.ch\/fr\/#\/schema\/logo\/image\/\"},\"sameAs\":[\"https:\/\/www.linkedin.com\/company\/electrosuisse-ag\/posts\/?feedView=all\",\"https:\/\/www.instagram.com\/electrosuisse1889\/\",\"https:\/\/www.youtube.com\/channel\/UCoOxohMiVE0Gjcdis1L09zw\"],\"description\":\"Electrosuisse ist eine anerkannte und unabh\u00e4ngige Fachorganisation, die erstklassige Dienstleistungen und Produkte in den Bereichen Inspektion, Beratung, Pr\u00fcfung, Zertifizierung, Normung und Weiterbildung anbietet. Unsere Expertise umfasst Elektrotechnik, Elektromobilit\u00e4t, Energieberatung, Geb\u00e4udeautomation und Photovoltaik in der Schweiz. Durch die Veranstaltung etablierter Branchen-Events und Fachtagungen f\u00f6rdert Electrosuisse den Wissenstransfer und den fachlichen Austausch. Im Mittelpunkt unserer T\u00e4tigkeiten steht die F\u00f6rderung der sicheren, wirtschaftlichen und umweltgerechten Anwendung der Elektrotechnik.\"}]}<\/script>\n<!-- \/ Yoast SEO Premium plugin. -->","yoast_head_json":{"title":"Demande de cours en entreprise - Electrosuisse","robots":{"index":"index","follow":"follow","max-snippet":"max-snippet:-1","max-image-preview":"max-image-preview:large","max-video-preview":"max-video-preview:-1"},"canonical":"https:\/\/www.electrosuisse.ch\/fr\/manifestation\/cours-pour-entreprises\/demande-de-cours-dentreprises\/","og_locale":"fr_FR","og_type":"article","og_title":"Demande de cours en entreprise - Electrosuisse","og_description":"[vc_row][vc_column][\/vc_column][\/vc_row]","og_url":"https:\/\/www.electrosuisse.ch\/fr\/manifestation\/cours-pour-entreprises\/demande-de-cours-dentreprises\/","og_site_name":"Electrosuisse","article_modified_time":"2025-09-03T08:06:37+00:00","og_image":[{"width":1578,"height":650,"url":"https:\/\/www.electrosuisse.ch\/wp-content\/uploads\/2022\/12\/Electrosuisse_Ueber_uns_1578x650.jpg","type":"image\/jpeg"}],"schema":{"@context":"https:\/\/schema.org","@graph":[{"@type":"WebPage","@id":"https:\/\/www.electrosuisse.ch\/fr\/manifestation\/cours-pour-entreprises\/demande-de-cours-dentreprises\/","url":"https:\/\/www.electrosuisse.ch\/fr\/manifestation\/cours-pour-entreprises\/demande-de-cours-dentreprises\/","name":"Demande de cours en entreprise - Electrosuisse","isPartOf":{"@id":"https:\/\/www.electrosuisse.ch\/fr\/#website"},"datePublished":"2025-08-05T07:19:17+00:00","dateModified":"2025-09-03T08:06:37+00:00","breadcrumb":{"@id":"https:\/\/www.electrosuisse.ch\/fr\/manifestation\/cours-pour-entreprises\/demande-de-cours-dentreprises\/#breadcrumb"},"inLanguage":"fr-FR","potentialAction":[{"@type":"ReadAction","target":["https:\/\/www.electrosuisse.ch\/fr\/manifestation\/cours-pour-entreprises\/demande-de-cours-dentreprises\/"]}]},{"@type":"BreadcrumbList","@id":"https:\/\/www.electrosuisse.ch\/fr\/manifestation\/cours-pour-entreprises\/demande-de-cours-dentreprises\/#breadcrumb","itemListElement":[{"@type":"ListItem","position":1,"name":"Manifestations &#8211; Veranstaltungen","item":"https:\/\/www.electrosuisse.ch\/fr\/manifestation\/"},{"@type":"ListItem","position":2,"name":"Cours pour entreprises","item":"https:\/\/www.electrosuisse.ch\/fr\/manifestation\/cours-pour-entreprises\/"},{"@type":"ListItem","position":3,"name":"Demande de cours en entreprise"}]},{"@type":"WebSite","@id":"https:\/\/www.electrosuisse.ch\/fr\/#website","url":"https:\/\/www.electrosuisse.ch\/fr\/","name":"Electrosuisse","description":"","publisher":{"@id":"https:\/\/www.electrosuisse.ch\/fr\/#organization"},"potentialAction":[{"@type":"SearchAction","target":{"@type":"EntryPoint","urlTemplate":"https:\/\/www.electrosuisse.ch\/fr\/?s={search_term_string}"},"query-input":{"@type":"PropertyValueSpecification","valueRequired":true,"valueName":"search_term_string"}}],"inLanguage":"fr-FR"},{"@type":"Organization","@id":"https:\/\/www.electrosuisse.ch\/fr\/#organization","name":"Electrosuisse","url":"https:\/\/www.electrosuisse.ch\/fr\/","logo":{"@type":"ImageObject","inLanguage":"fr-FR","@id":"https:\/\/www.electrosuisse.ch\/fr\/#\/schema\/logo\/image\/","url":"https:\/\/www.electrosuisse.ch\/wp-content\/uploads\/2025\/04\/Electrosuisse_Logo_696x696.png","contentUrl":"https:\/\/www.electrosuisse.ch\/wp-content\/uploads\/2025\/04\/Electrosuisse_Logo_696x696.png","width":696,"height":696,"caption":"Electrosuisse"},"image":{"@id":"https:\/\/www.electrosuisse.ch\/fr\/#\/schema\/logo\/image\/"},"sameAs":["https:\/\/www.linkedin.com\/company\/electrosuisse-ag\/posts\/?feedView=all","https:\/\/www.instagram.com\/electrosuisse1889\/","https:\/\/www.youtube.com\/channel\/UCoOxohMiVE0Gjcdis1L09zw"],"description":"Electrosuisse ist eine anerkannte und unabh\u00e4ngige Fachorganisation, die erstklassige Dienstleistungen und Produkte in den Bereichen Inspektion, Beratung, Pr\u00fcfung, Zertifizierung, Normung und Weiterbildung anbietet. Unsere Expertise umfasst Elektrotechnik, Elektromobilit\u00e4t, Energieberatung, Geb\u00e4udeautomation und Photovoltaik in der Schweiz. Durch die Veranstaltung etablierter Branchen-Events und Fachtagungen f\u00f6rdert Electrosuisse den Wissenstransfer und den fachlichen Austausch. Im Mittelpunkt unserer T\u00e4tigkeiten steht die F\u00f6rderung der sicheren, wirtschaftlichen und umweltgerechten Anwendung der Elektrotechnik."}]}},"amp_enabled":true,"_links":{"self":[{"href":"https:\/\/www.electrosuisse.ch\/fr\/wp-json\/wp\/v2\/pages\/39737","targetHints":{"allow":["GET"]}}],"collection":[{"href":"https:\/\/www.electrosuisse.ch\/fr\/wp-json\/wp\/v2\/pages"}],"about":[{"href":"https:\/\/www.electrosuisse.ch\/fr\/wp-json\/wp\/v2\/types\/page"}],"author":[{"embeddable":true,"href":"https:\/\/www.electrosuisse.ch\/fr\/wp-json\/wp\/v2\/users\/38"}],"replies":[{"embeddable":true,"href":"https:\/\/www.electrosuisse.ch\/fr\/wp-json\/wp\/v2\/comments?post=39737"}],"version-history":[{"count":2,"href":"https:\/\/www.electrosuisse.ch\/fr\/wp-json\/wp\/v2\/pages\/39737\/revisions"}],"predecessor-version":[{"id":39869,"href":"https:\/\/www.electrosuisse.ch\/fr\/wp-json\/wp\/v2\/pages\/39737\/revisions\/39869"}],"up":[{"embeddable":true,"href":"https:\/\/www.electrosuisse.ch\/fr\/wp-json\/wp\/v2\/pages\/39715"}],"wp:attachment":[{"href":"https:\/\/www.electrosuisse.ch\/fr\/wp-json\/wp\/v2\/media?parent=39737"}],"curies":[{"name":"wp","href":"https:\/\/api.w.org\/{rel}","templated":true}]}}