{"id":39715,"date":"2019-04-01T10:59:30","date_gmt":"2019-04-01T08:59:30","guid":{"rendered":"https:\/\/www.electrosuisse.ch\/manifestation\/firmenkurse\/"},"modified":"2025-08-14T13:41:31","modified_gmt":"2025-08-14T11:41:31","slug":"cours-pour-entreprises","status":"publish","type":"page","link":"https:\/\/www.electrosuisse.ch\/fr\/manifestation\/cours-pour-entreprises\/","title":{"rendered":"Cours pour entreprises"},"content":{"rendered":"<div class=\"wpb-content-wrapper\"><p>[vc_row][vc_column][vc_column_text css=&#8221;&#8221;]<\/p>\n<h1>Cours en entreprise sur mesure pour votre soci\u00e9t\u00e9<\/h1>\n<p>[\/vc_column_text][vc_column_text css=&#8221;&#8221;]<\/p>\n<h5>Formation continue cibl\u00e9e pour votre \u00e9quipe &#8211; proche de la pratique &amp; efficace<\/h5>\n<p>[\/vc_column_text]<div class=\"wpb_image_column wpb_content_element\"><div class=\"wpb_wrapper\"><div class=\"picture_container\"><picture><source media=\"(min-width: 769px)\" srcset=\"https:\/\/www.electrosuisse.ch\/wp-content\/uploads\/2025\/08\/firmenkurse-FR-600x400-1.png\"><source media=\"(min-width: 415px)\" srcset=\"https:\/\/www.electrosuisse.ch\/wp-content\/uploads\/2025\/08\/firmenkurse-FR-600x400-1.png\"><source media=\"(max-width: 414px)\" srcset=\"https:\/\/www.electrosuisse.ch\/wp-content\/uploads\/2025\/08\/firmenkurse-FR-600x400-1-414x276.png 1x, https:\/\/www.electrosuisse.ch\/wp-content\/uploads\/2025\/08\/firmenkurse-FR-600x400-1.png 2x\"><img decoding=\"async\" src=\"https:\/\/www.electrosuisse.ch\/wp-content\/uploads\/2025\/08\/firmenkurse-FR-600x400-1.png\" alt=\"Office\" \/><\/picture><\/div><\/div><\/div>[vc_column_text css=&#8221;&#8221;]<\/p>\n<h3><strong>Pourquoi un cours en entreprise chez Electrosuisse ?<\/strong><\/h3>\n<ul>\n<li><strong>Individuel<\/strong> &#8211; Contenus et formats adapt\u00e9s exactement \u00e0 vos besoins<\/li>\n<li><strong>Orient\u00e9 vers la pratique<\/strong> &#8211; Applicabilit\u00e9 directe pour le travail quotidien<\/li>\n<li><strong>Flexible<\/strong> &#8211; R\u00e9alisation sur place chez vous ou, sur demande, chez nous<\/li>\n<\/ul>\n<p><strong>Profitez de notre exp\u00e9rience en tant qu&#8217;organisation professionnelle leader pour les m\u00e9tiers de l&#8217;\u00e9lectricit\u00e9.<\/strong>[\/vc_column_text]<div class=\"wpb_button_column wpb_content_element wpb_content_element--left\"><div class=\"wpb_wrapper\"><div class=\"button button--normal\"><a href=\"https:\/\/www.electrosuisse.ch\/fr\/manifestation\/cours-pour-entreprises\/demande-de-cours-dentreprises\/\" target=\"_blank\" >Demandez maintenant<\/a><\/div><\/div><\/div>[\/vc_column][\/vc_row][vc_row][vc_column][vc_column_text css=&#8221;&#8221;]<\/p>\n<h3><strong>Notre offre de cours<\/strong><\/h3>\n<p><strong>Cours sp\u00e9cialis\u00e9s<\/strong> &#8211; Approfondir les connaissances de mani\u00e8re cibl\u00e9e et discuter de th\u00e8mes actuels<br \/>\n<strong>Cours certifi\u00e9s<\/strong>\u00a0&#8211; Reconnaissance officielle pour des domaines sp\u00e9cifiques<br \/>\n<strong>Pr\u00e9paration aux examens<\/strong> &#8211; Soutien optimal pour les examens reconnus par l&#8217;ESTI[\/vc_column_text][vc_column_text css=&#8221;&#8221;]<\/p>\n<h5>Cours exclusifs pour les entreprises :<\/h5>\n<p>[\/vc_column_text]<div class=\"wpb_text_image_column wpb_content_element \"><div class=\"wpb_wrapper\"><div class=\"row middle-lg\"><div class=\"col-sm-6 col-xs-12\"><div class=\"picture_container\"><picture><source srcset=\"https:\/\/www.electrosuisse.ch\/wp-content\/uploads\/2025\/08\/Firmenkurs-FR-3-585x500-1.png\"><img decoding=\"async\" src=\"https:\/\/www.electrosuisse.ch\/wp-content\/uploads\/2025\/08\/Firmenkurs-FR-3-585x500-1.png\" alt=\"Autorisation de raccorder selon art. 14 ou 15 de l\u2019OIBT. Cours de remise \u00e0 niveau\" \/><\/picture><\/div><\/div><div class=\"col-sm-6 col-xs-12\"><h3>Autorisation de raccorder selon art. 14 ou 15 de l\u2019OIBT. Cours de remise \u00e0 niveau<\/h3><p><a href=\"https:\/\/www.electrosuisse.ch\/wp-content\/uploads\/2025\/08\/Autorisation.pdf\" target=\"_blank\" rel=\"noopener\">Ce cours de remise \u00e0 niveau<\/a> reconnu par l\u2019ESTI permet aux personnes titulaires d&#8217;une autorisation d&#8217;installation limit\u00e9e (avant 2010) de la transf\u00e9rer vers une nouvelle entreprise.<\/p>\n<div class=\"button button--ghost\"><a href=\"https:\/\/www.electrosuisse.ch\/fr\/manifestation\/cours-pour-entreprises\/demande-de-cours\/\" target=\"_blank\" rel=\"noopener\">Demander un cours<\/a><\/div><\/div><\/div><\/div><\/div><div class=\"wpb_text_image_column wpb_content_element \"><div class=\"wpb_wrapper\"><div class=\"row middle-lg\"><div class=\"col-sm-6 col-xs-12\"><div class=\"picture_container\"><picture><source srcset=\"https:\/\/www.electrosuisse.ch\/wp-content\/uploads\/2025\/08\/Firmenkurs-FR-2-585x500-1.png\"><img decoding=\"async\" src=\"https:\/\/www.electrosuisse.ch\/wp-content\/uploads\/2025\/08\/Firmenkurs-FR-2-585x500-1.png\" alt=\"Travaux d\u2019entretien et de r\u00e9paration selon art. 14 et 15 al. 4 de l\u2019OIBT\" \/><\/picture><\/div><\/div><div class=\"col-sm-6 col-xs-12\"><h3>Travaux d\u2019entretien et de r\u00e9paration selon art. 14 et 15 al. 4 de l\u2019OIBT<\/h3><p>Depuis le 1er janvier 2018, les collaborateurs d\u2019entreprises non mentionn\u00e9s dans l\u2019autorisation d\u2019installation peuvent effectuer des travaux d\u2019entretien et de r\u00e9paration sur des installations \u00e9lectriques, \u00e0 condition d\u2019avoir suivi <a href=\"https:\/\/www.electrosuisse.ch\/wp-content\/uploads\/2025\/08\/Travaux.pdf\" target=\"_blank\" rel=\"noopener\">un cours reconnu par l\u2019ESTI<\/a> d\u2019au moins 40 le\u00e7ons en s\u00e9curit\u00e9 \u00e9lectrique<\/p>\n<div class=\"button button--ghost\"><a href=\"https:\/\/www.electrosuisse.ch\/fr\/manifestation\/cours-pour-entreprises\/demande-de-cours\/\" target=\"_blank\" rel=\"noopener\">Demander un cours<\/a><\/div><\/div><\/div><\/div><\/div>[vc_column_text css=&#8221;&#8221;]<\/p>\n<h3>Comment \u00e7a marche<\/h3>\n<p>[\/vc_column_text]<div class=\"wpb_image_column wpb_content_element\"><div class=\"wpb_wrapper\"><div class=\"picture_container\"><picture><source media=\"(min-width: 769px)\" srcset=\"https:\/\/www.electrosuisse.ch\/wp-content\/uploads\/2025\/08\/es-kursleiter-jean-luc-fivaz_DSF0237-fullsize-570x380.jpg\"><source media=\"(min-width: 415px)\" srcset=\"https:\/\/www.electrosuisse.ch\/wp-content\/uploads\/2025\/08\/es-kursleiter-jean-luc-fivaz_DSF0237-fullsize-768x512.jpg\"><source media=\"(max-width: 414px)\" srcset=\"https:\/\/www.electrosuisse.ch\/wp-content\/uploads\/2025\/08\/es-kursleiter-jean-luc-fivaz_DSF0237-fullsize-414x276.jpg 1x, https:\/\/www.electrosuisse.ch\/wp-content\/uploads\/2025\/08\/es-kursleiter-jean-luc-fivaz_DSF0237-fullsize-768x512.jpg 2x\"><img decoding=\"async\" src=\"https:\/\/www.electrosuisse.ch\/wp-content\/uploads\/2025\/08\/es-kursleiter-jean-luc-fivaz_DSF0237-fullsize-570x380.jpg\" alt=\"Kursleiter\" \/><\/picture><\/div><\/div><\/div>[vc_column_text css=&#8221;&#8221;]1. Clarifier les besoins &#8211; vous nous faites part de vos exigences<br \/>\n2. Concept individuel &#8211; nous \u00e9laborons une offre de cours sur mesure<br \/>\n3. Formation pratique &#8211; votre \u00e9quipe profite de nos formateurs exp\u00e9riment\u00e9s<\/p>\n<p>Obtenez votre formation continue individuelle\u00a0![\/vc_column_text]<div class=\"wpb_button_column wpb_content_element wpb_content_element--left\"><div class=\"wpb_wrapper\"><div class=\"button button--normal\"><a href=\"https:\/\/www.electrosuisse.ch\/fr\/manifestation\/cours-pour-entreprises\/demande-de-cours-dentreprises\/\" target=\"_blank\" >Contactez-nous maintenant<\/a><\/div><\/div><\/div>[\/vc_column][\/vc_row][vc_row disable_element=&#8221;yes&#8221;][vc_column]<div class=\"wpb_gap_column wpb_content_element\"><div class=\"wpb_wrapper\"><div class=\"gap gap--medium\"><\/div><\/div><\/div>[vc_column_text]<\/p>\n<h2>Downloads<\/h2>\n<p>[\/vc_column_text]<div class=\"wpb_document_column wpb_content_element\"><div class=\"wpb_wrapper\"><div class=\"document document--pdf\"><a href=\"https:\/\/www.electrosuisse.ch\/wp-content\/uploads\/2025\/02\/Bildungsangebot_2025_WEB.pdf\" target=\"_blank\">Bildungsangebot 2025<\/a><\/div><\/div><\/div><div class=\"wpb_gap_column wpb_content_element\"><div class=\"wpb_wrapper\"><div class=\"gap gap--small\"><\/div><\/div><\/div><div class=\"wpb_button_column wpb_content_element wpb_content_element--left\"><div class=\"wpb_wrapper\"><div class=\"button button--normal\"><a href=\"https:\/\/shop.electrosuisse.ch\/de\/weiterbildung\/?cf-lang=1\" target=\"_blank\" >Zu unseren \u00f6ffentlichen Kursen<\/a><\/div><\/div><\/div><div class=\"wpb_contact_column wpb_content_element wpb_content_element--left\"><div class=\"wpb_wrapper\"><div class=\"contact_container\"><div class=\"contact row middle-xs\"><div class=\"contact__img col-sm-5 col-xs-12\"><img decoding=\"async\" src=\"https:\/\/www.electrosuisse.ch\/wp-content\/uploads\/2019\/04\/Electrosuisse_Urs_Schmid.jpg\" alt=\"Urs Schmid - Fachverantwortung\" \/><\/div><div class=\"contact__info col-sm-7 col-xs-12\"><p><b>Urs Schmid<\/b><br>Fachverantwortung<\/p><div class=\"phone has-link\"><a href=\"tel:+41585951520\">+41 58 595 15 20<\/a><\/div><div class=\"mail has-link\"><a href=\"mailto:&#x75;r&#x73;&#46;&#x73;&#x63;h&#x6d;&#105;&#x64;&#x40;e&#x6c;&#101;&#x63;&#x74;r&#x6f;&#115;&#x75;&#x69;s&#x73;&#101;&#x2e;&#x63;h\">&#117;&#x72;&#115;&#x2e;&#115;&#x63;&#104;&#x6d;i&#x64;&#64;&#x65;l&#x65;c&#116;&#x72;&#111;&#x73;&#117;&#x69;&#115;&#x73;&#101;&#x2e;c&#x68;<\/a><\/div><\/div><\/div><\/div><\/div><\/div>[\/vc_column][\/vc_row]<\/p>\n<\/div>","protected":false},"excerpt":{"rendered":"<p>[vc_row][vc_column][vc_column_text css=&#8221;&#8221;] Cours en entreprise sur mesure pour votre soci\u00e9t\u00e9 [\/vc_column_text][vc_column_text css=&#8221;&#8221;] Formation continue cibl\u00e9e pour votre \u00e9quipe &#8211; proche de la pratique &amp; efficace [\/vc_column_text][vc_column_text css=&#8221;&#8221;] Pourquoi un cours en entreprise chez Electrosuisse ? Individuel &#8211; Contenus et formats adapt\u00e9s exactement \u00e0 vos besoins Orient\u00e9 vers la pratique &#8211; Applicabilit\u00e9 directe pour le travail [&hellip;]<\/p>\n","protected":false},"author":6,"featured_media":0,"parent":3793,"menu_order":373,"comment_status":"closed","ping_status":"closed","template":"","meta":{"_acf_changed":false,"_monsterinsights_skip_tracking":false,"_monsterinsights_sitenote_active":false,"_monsterinsights_sitenote_note":"","_monsterinsights_sitenote_category":0,"footnotes":""},"class_list":["post-39715","page","type-page","status-publish","hentry"],"acf":[],"yoast_head":"<!-- This site is optimized with the Yoast SEO Premium plugin v26.4 (Yoast SEO v27.0) - https:\/\/yoast.com\/product\/yoast-seo-premium-wordpress\/ -->\n<title>Electrosuisse Cours pour entreprises<\/title>\n<meta name=\"description\" content=\"Cours individuels pour les entreprises du secteur de l&#039;\u00e9lectricit\u00e9, de l&#039;\u00e9nergie et des technologies de l&#039;information dans toute la Suisse.\" \/>\n<meta name=\"robots\" content=\"index, follow, max-snippet:-1, max-image-preview:large, max-video-preview:-1\" \/>\n<link rel=\"canonical\" href=\"https:\/\/www.electrosuisse.ch\/fr\/manifestation\/cours-pour-entreprises\/\" \/>\n<meta property=\"og:locale\" content=\"fr_FR\" \/>\n<meta property=\"og:type\" content=\"article\" \/>\n<meta property=\"og:title\" content=\"Electrosuisse Cours pour entreprises\" \/>\n<meta property=\"og:description\" content=\"Cours individuels pour les entreprises du secteur de l&#039;\u00e9lectricit\u00e9, de l&#039;\u00e9nergie et des technologies de l&#039;information dans toute la Suisse.\" \/>\n<meta property=\"og:url\" content=\"https:\/\/www.electrosuisse.ch\/fr\/manifestation\/cours-pour-entreprises\/\" \/>\n<meta property=\"og:site_name\" content=\"Electrosuisse\" \/>\n<meta property=\"article:modified_time\" content=\"2025-08-14T11:41:31+00:00\" \/>\n<meta property=\"og:image\" content=\"https:\/\/www.electrosuisse.ch\/wp-content\/uploads\/2025\/06\/firmenkurse_keyvisual_1660x470.png\" \/>\n\t<meta property=\"og:image:width\" content=\"1578\" \/>\n\t<meta property=\"og:image:height\" content=\"650\" \/>\n\t<meta property=\"og:image:type\" content=\"image\/jpeg\" \/>\n<script type=\"application\/ld+json\" class=\"yoast-schema-graph\">{\"@context\":\"https:\/\/schema.org\",\"@graph\":[{\"@type\":\"WebPage\",\"@id\":\"https:\/\/www.electrosuisse.ch\/fr\/manifestation\/cours-pour-entreprises\/\",\"url\":\"https:\/\/www.electrosuisse.ch\/fr\/manifestation\/cours-pour-entreprises\/\",\"name\":\"Electrosuisse Cours pour entreprises\",\"isPartOf\":{\"@id\":\"https:\/\/www.electrosuisse.ch\/fr\/#website\"},\"datePublished\":\"2019-04-01T08:59:30+00:00\",\"dateModified\":\"2025-08-14T11:41:31+00:00\",\"description\":\"Cours individuels pour les entreprises du secteur de l'\u00e9lectricit\u00e9, de l'\u00e9nergie et des technologies de l'information dans toute la Suisse.\",\"breadcrumb\":{\"@id\":\"https:\/\/www.electrosuisse.ch\/fr\/manifestation\/cours-pour-entreprises\/#breadcrumb\"},\"inLanguage\":\"fr-FR\",\"potentialAction\":[{\"@type\":\"ReadAction\",\"target\":[\"https:\/\/www.electrosuisse.ch\/fr\/manifestation\/cours-pour-entreprises\/\"]}]},{\"@type\":\"BreadcrumbList\",\"@id\":\"https:\/\/www.electrosuisse.ch\/fr\/manifestation\/cours-pour-entreprises\/#breadcrumb\",\"itemListElement\":[{\"@type\":\"ListItem\",\"position\":1,\"name\":\"Manifestations &#8211; Veranstaltungen\",\"item\":\"https:\/\/www.electrosuisse.ch\/fr\/manifestation\/\"},{\"@type\":\"ListItem\",\"position\":2,\"name\":\"Cours pour entreprises\"}]},{\"@type\":\"WebSite\",\"@id\":\"https:\/\/www.electrosuisse.ch\/fr\/#website\",\"url\":\"https:\/\/www.electrosuisse.ch\/fr\/\",\"name\":\"Electrosuisse\",\"description\":\"\",\"publisher\":{\"@id\":\"https:\/\/www.electrosuisse.ch\/fr\/#organization\"},\"potentialAction\":[{\"@type\":\"SearchAction\",\"target\":{\"@type\":\"EntryPoint\",\"urlTemplate\":\"https:\/\/www.electrosuisse.ch\/fr\/?s={search_term_string}\"},\"query-input\":{\"@type\":\"PropertyValueSpecification\",\"valueRequired\":true,\"valueName\":\"search_term_string\"}}],\"inLanguage\":\"fr-FR\"},{\"@type\":\"Organization\",\"@id\":\"https:\/\/www.electrosuisse.ch\/fr\/#organization\",\"name\":\"Electrosuisse\",\"url\":\"https:\/\/www.electrosuisse.ch\/fr\/\",\"logo\":{\"@type\":\"ImageObject\",\"inLanguage\":\"fr-FR\",\"@id\":\"https:\/\/www.electrosuisse.ch\/fr\/#\/schema\/logo\/image\/\",\"url\":\"https:\/\/www.electrosuisse.ch\/wp-content\/uploads\/2025\/04\/Electrosuisse_Logo_696x696.png\",\"contentUrl\":\"https:\/\/www.electrosuisse.ch\/wp-content\/uploads\/2025\/04\/Electrosuisse_Logo_696x696.png\",\"width\":696,\"height\":696,\"caption\":\"Electrosuisse\"},\"image\":{\"@id\":\"https:\/\/www.electrosuisse.ch\/fr\/#\/schema\/logo\/image\/\"},\"sameAs\":[\"https:\/\/www.linkedin.com\/company\/electrosuisse-ag\/posts\/?feedView=all\",\"https:\/\/www.instagram.com\/electrosuisse1889\/\",\"https:\/\/www.youtube.com\/channel\/UCoOxohMiVE0Gjcdis1L09zw\"],\"description\":\"Electrosuisse ist eine anerkannte und unabh\u00e4ngige Fachorganisation, die erstklassige Dienstleistungen und Produkte in den Bereichen Inspektion, Beratung, Pr\u00fcfung, Zertifizierung, Normung und Weiterbildung anbietet. Unsere Expertise umfasst Elektrotechnik, Elektromobilit\u00e4t, Energieberatung, Geb\u00e4udeautomation und Photovoltaik in der Schweiz. Durch die Veranstaltung etablierter Branchen-Events und Fachtagungen f\u00f6rdert Electrosuisse den Wissenstransfer und den fachlichen Austausch. Im Mittelpunkt unserer T\u00e4tigkeiten steht die F\u00f6rderung der sicheren, wirtschaftlichen und umweltgerechten Anwendung der Elektrotechnik.\"}]}<\/script>\n<!-- \/ Yoast SEO Premium plugin. -->","yoast_head_json":{"title":"Electrosuisse Cours pour entreprises","description":"Cours individuels pour les entreprises du secteur de l'\u00e9lectricit\u00e9, de l'\u00e9nergie et des technologies de l'information dans toute la Suisse.","robots":{"index":"index","follow":"follow","max-snippet":"max-snippet:-1","max-image-preview":"max-image-preview:large","max-video-preview":"max-video-preview:-1"},"canonical":"https:\/\/www.electrosuisse.ch\/fr\/manifestation\/cours-pour-entreprises\/","og_locale":"fr_FR","og_type":"article","og_title":"Electrosuisse Cours pour entreprises","og_description":"Cours individuels pour les entreprises du secteur de l'\u00e9lectricit\u00e9, de l'\u00e9nergie et des technologies de l'information dans toute la Suisse.","og_url":"https:\/\/www.electrosuisse.ch\/fr\/manifestation\/cours-pour-entreprises\/","og_site_name":"Electrosuisse","article_modified_time":"2025-08-14T11:41:31+00:00","og_image":[{"width":1578,"height":650,"url":"https:\/\/www.electrosuisse.ch\/wp-content\/uploads\/2025\/06\/firmenkurse_keyvisual_1660x470.png","type":"image\/jpeg"}],"schema":{"@context":"https:\/\/schema.org","@graph":[{"@type":"WebPage","@id":"https:\/\/www.electrosuisse.ch\/fr\/manifestation\/cours-pour-entreprises\/","url":"https:\/\/www.electrosuisse.ch\/fr\/manifestation\/cours-pour-entreprises\/","name":"Electrosuisse Cours pour entreprises","isPartOf":{"@id":"https:\/\/www.electrosuisse.ch\/fr\/#website"},"datePublished":"2019-04-01T08:59:30+00:00","dateModified":"2025-08-14T11:41:31+00:00","description":"Cours individuels pour les entreprises du secteur de l'\u00e9lectricit\u00e9, de l'\u00e9nergie et des technologies de l'information dans toute la Suisse.","breadcrumb":{"@id":"https:\/\/www.electrosuisse.ch\/fr\/manifestation\/cours-pour-entreprises\/#breadcrumb"},"inLanguage":"fr-FR","potentialAction":[{"@type":"ReadAction","target":["https:\/\/www.electrosuisse.ch\/fr\/manifestation\/cours-pour-entreprises\/"]}]},{"@type":"BreadcrumbList","@id":"https:\/\/www.electrosuisse.ch\/fr\/manifestation\/cours-pour-entreprises\/#breadcrumb","itemListElement":[{"@type":"ListItem","position":1,"name":"Manifestations &#8211; Veranstaltungen","item":"https:\/\/www.electrosuisse.ch\/fr\/manifestation\/"},{"@type":"ListItem","position":2,"name":"Cours pour entreprises"}]},{"@type":"WebSite","@id":"https:\/\/www.electrosuisse.ch\/fr\/#website","url":"https:\/\/www.electrosuisse.ch\/fr\/","name":"Electrosuisse","description":"","publisher":{"@id":"https:\/\/www.electrosuisse.ch\/fr\/#organization"},"potentialAction":[{"@type":"SearchAction","target":{"@type":"EntryPoint","urlTemplate":"https:\/\/www.electrosuisse.ch\/fr\/?s={search_term_string}"},"query-input":{"@type":"PropertyValueSpecification","valueRequired":true,"valueName":"search_term_string"}}],"inLanguage":"fr-FR"},{"@type":"Organization","@id":"https:\/\/www.electrosuisse.ch\/fr\/#organization","name":"Electrosuisse","url":"https:\/\/www.electrosuisse.ch\/fr\/","logo":{"@type":"ImageObject","inLanguage":"fr-FR","@id":"https:\/\/www.electrosuisse.ch\/fr\/#\/schema\/logo\/image\/","url":"https:\/\/www.electrosuisse.ch\/wp-content\/uploads\/2025\/04\/Electrosuisse_Logo_696x696.png","contentUrl":"https:\/\/www.electrosuisse.ch\/wp-content\/uploads\/2025\/04\/Electrosuisse_Logo_696x696.png","width":696,"height":696,"caption":"Electrosuisse"},"image":{"@id":"https:\/\/www.electrosuisse.ch\/fr\/#\/schema\/logo\/image\/"},"sameAs":["https:\/\/www.linkedin.com\/company\/electrosuisse-ag\/posts\/?feedView=all","https:\/\/www.instagram.com\/electrosuisse1889\/","https:\/\/www.youtube.com\/channel\/UCoOxohMiVE0Gjcdis1L09zw"],"description":"Electrosuisse ist eine anerkannte und unabh\u00e4ngige Fachorganisation, die erstklassige Dienstleistungen und Produkte in den Bereichen Inspektion, Beratung, Pr\u00fcfung, Zertifizierung, Normung und Weiterbildung anbietet. Unsere Expertise umfasst Elektrotechnik, Elektromobilit\u00e4t, Energieberatung, Geb\u00e4udeautomation und Photovoltaik in der Schweiz. Durch die Veranstaltung etablierter Branchen-Events und Fachtagungen f\u00f6rdert Electrosuisse den Wissenstransfer und den fachlichen Austausch. Im Mittelpunkt unserer T\u00e4tigkeiten steht die F\u00f6rderung der sicheren, wirtschaftlichen und umweltgerechten Anwendung der Elektrotechnik."}]}},"amp_enabled":true,"_links":{"self":[{"href":"https:\/\/www.electrosuisse.ch\/fr\/wp-json\/wp\/v2\/pages\/39715","targetHints":{"allow":["GET"]}}],"collection":[{"href":"https:\/\/www.electrosuisse.ch\/fr\/wp-json\/wp\/v2\/pages"}],"about":[{"href":"https:\/\/www.electrosuisse.ch\/fr\/wp-json\/wp\/v2\/types\/page"}],"author":[{"embeddable":true,"href":"https:\/\/www.electrosuisse.ch\/fr\/wp-json\/wp\/v2\/users\/6"}],"replies":[{"embeddable":true,"href":"https:\/\/www.electrosuisse.ch\/fr\/wp-json\/wp\/v2\/comments?post=39715"}],"version-history":[{"count":7,"href":"https:\/\/www.electrosuisse.ch\/fr\/wp-json\/wp\/v2\/pages\/39715\/revisions"}],"predecessor-version":[{"id":39784,"href":"https:\/\/www.electrosuisse.ch\/fr\/wp-json\/wp\/v2\/pages\/39715\/revisions\/39784"}],"up":[{"embeddable":true,"href":"https:\/\/www.electrosuisse.ch\/fr\/wp-json\/wp\/v2\/pages\/3793"}],"wp:attachment":[{"href":"https:\/\/www.electrosuisse.ch\/fr\/wp-json\/wp\/v2\/media?parent=39715"}],"curies":[{"name":"wp","href":"https:\/\/api.w.org\/{rel}","templated":true}]}}