{"id":3823,"date":"2019-03-01T00:11:37","date_gmt":"2019-02-28T23:11:37","guid":{"rendered":"https:\/\/www.electrosuisse.ch\/bvg-anmeldung\/"},"modified":"2026-04-01T08:50:48","modified_gmt":"2026-04-01T06:50:48","slug":"lpp-inscription","status":"publish","type":"page","link":"https:\/\/www.electrosuisse.ch\/fr\/devenez-membre\/adhesion-en-tant-quentreprise\/lpp-inscription\/","title":{"rendered":"LPP Inscription"},"content":{"rendered":"<div class=\"wpb-content-wrapper\"><p>[vc_row][vc_column][vc_column_text]<\/p>\n<h1>LPP Inscription<\/h1>\n<p>[\/vc_column_text]<div class=\"wpb_form_column wpb_content_element\"><div class=\"wpb_wrapper test\"><div id=\"quform-9bc9a2\" class=\"quform quform-22 quform-support-page-caching\"><form id=\"quform-form-9bc9a2\" class=\"quform-form quform-form-22\" action=\"\/fr\/wp-json\/wp\/v2\/pages\/3823#quform-9bc9a2\" method=\"post\" enctype=\"multipart\/form-data\" novalidate=\"novalidate\" data-options=\"{&quot;id&quot;:22,&quot;uniqueId&quot;:&quot;9bc9a2&quot;,&quot;theme&quot;:&quot;&quot;,&quot;ajax&quot;:true,&quot;logic&quot;:{&quot;logic&quot;:[],&quot;dependents&quot;:[],&quot;elementIds&quot;:[],&quot;dependentElementIds&quot;:[],&quot;animate&quot;:true},&quot;currentPageId&quot;:1,&quot;errorsIcon&quot;:&quot;&quot;,&quot;updateFancybox&quot;:true,&quot;hasPages&quot;:false,&quot;pages&quot;:[1],&quot;pageProgressType&quot;:&quot;numbers&quot;,&quot;tooltipsEnabled&quot;:true,&quot;tooltipClasses&quot;:&quot;qtip-quform-dark qtip-shadow&quot;,&quot;tooltipMy&quot;:&quot;left center&quot;,&quot;tooltipAt&quot;:&quot;right center&quot;,&quot;isRtl&quot;:false,&quot;scrollOffset&quot;:-50,&quot;scrollSpeed&quot;:800}\"><button class=\"quform-default-submit\" name=\"quform_submit\" type=\"submit\" value=\"submit\" aria-hidden=\"true\" tabindex=\"-1\"><\/button><div class=\"quform-form-inner quform-form-inner-22\"><input type=\"hidden\" name=\"quform_form_id\" value=\"22\" \/><input type=\"hidden\" name=\"quform_form_uid\" value=\"9bc9a2\" \/><input type=\"hidden\" name=\"quform_count\" value=\"1\" \/><input type=\"hidden\" name=\"form_url\" value=\"https:\/\/www.electrosuisse.ch\/fr\/wp-json\/wp\/v2\/pages\/3823\" \/><input type=\"hidden\" name=\"referring_url\" value=\"\" \/><input type=\"hidden\" name=\"post_id\" value=\"\" \/><input type=\"hidden\" name=\"post_title\" value=\"\" \/><input type=\"hidden\" name=\"quform_current_page_id\" value=\"1\" \/><input type=\"hidden\" name=\"quform_loaded\" value=\"1778624194|db42b0a46b93ad4fda87604de4c856a4\" \/><input type=\"hidden\" name=\"quform_csrf_token\" value=\"rJhX8S1j82eOhYbPuc1hxKtk0zfykeY6fRQpfBgU\" \/><div class=\"quform-elements quform-elements-22 quform-cf quform-responsive-elements-phone-landscape\"><div class=\"quform-element quform-element-page quform-page-1 quform-page-22_1 quform-cf quform-group-style-plain quform-first-page quform-last-page quform-current-page\"><div class=\"quform-child-elements\"><div class=\"quform-element quform-element-group quform-element-22_15 quform-cf quform-group-style-plain\"><div class=\"quform-spacer\"><div class=\"quform-child-elements\"><div class=\"quform-element quform-element-text quform-element-22_3 quform-cf quform-element-optional\"><div class=\"quform-spacer\"><div class=\"quform-label quform-label-22_3\"><label class=\"quform-label-text\" for=\"quform_22_3_9bc9a2\">Nom de l'entreprise<\/label><\/div><div class=\"quform-inner quform-inner-text quform-inner-22_3\"><div class=\"quform-input quform-input-text quform-input-22_3 quform-cf\"><input type=\"text\" id=\"quform_22_3_9bc9a2\" name=\"quform_22_3\" class=\"quform-field quform-field-text quform-field-22_3\" \/><\/div><\/div><\/div><\/div><div class=\"quform-element quform-element-select quform-element-22_12 quform-cf quform-element-optional\"><div class=\"quform-spacer\"><div class=\"quform-label quform-label-22_12\"><label class=\"quform-label-text\" for=\"quform_22_12_9bc9a2\">Civilit\u00e9 <\/label><\/div><div class=\"quform-inner quform-inner-select quform-inner-22_12\"><div class=\"quform-input quform-input-select quform-input-22_12 quform-cf\"><select id=\"quform_22_12_9bc9a2\" name=\"quform_22_12\" class=\"quform-field quform-field-select quform-field-22_12 quform-field-select-enhanced\" data-options=\"{&quot;rtl&quot;:false,&quot;search&quot;:false,&quot;noResultsFound&quot;:&quot;Aucun r\\u00e9sultat.&quot;}\" style=\"width: 100%;\"><option value=\"\" selected=\"selected\">Veuillez s\u00e9lectionner<\/option><option value=\"Monsieur\">Monsieur<\/option><option value=\"Madame\">Madame<\/option><\/select><\/div><\/div><\/div><\/div><div class=\"quform-element quform-element-text quform-element-22_6 quform-cf quform-element-optional\"><div class=\"quform-spacer\"><div class=\"quform-label quform-label-22_6\"><label class=\"quform-label-text\" for=\"quform_22_6_9bc9a2\">Pr\u00e9nom<\/label><\/div><div class=\"quform-inner quform-inner-text quform-inner-22_6\"><div class=\"quform-input quform-input-text quform-input-22_6 quform-cf\"><input type=\"text\" id=\"quform_22_6_9bc9a2\" name=\"quform_22_6\" class=\"quform-field quform-field-text quform-field-22_6\" \/><\/div><\/div><\/div><\/div><div class=\"quform-element quform-element-text quform-element-22_7 quform-cf quform-element-optional\"><div class=\"quform-spacer\"><div class=\"quform-label quform-label-22_7\"><label class=\"quform-label-text\" for=\"quform_22_7_9bc9a2\">Nom<\/label><\/div><div class=\"quform-inner quform-inner-text quform-inner-22_7\"><div class=\"quform-input quform-input-text quform-input-22_7 quform-cf\"><input type=\"text\" id=\"quform_22_7_9bc9a2\" name=\"quform_22_7\" class=\"quform-field quform-field-text quform-field-22_7\" \/><\/div><\/div><\/div><\/div><div class=\"quform-element quform-element-text quform-element-22_8 quform-cf quform-element-optional\"><div class=\"quform-spacer\"><div class=\"quform-label quform-label-22_8\"><label class=\"quform-label-text\" for=\"quform_22_8_9bc9a2\">Fonction<\/label><\/div><div class=\"quform-inner quform-inner-text quform-inner-22_8\"><div class=\"quform-input quform-input-text quform-input-22_8 quform-cf\"><input type=\"text\" id=\"quform_22_8_9bc9a2\" name=\"quform_22_8\" class=\"quform-field quform-field-text quform-field-22_8\" \/><\/div><\/div><\/div><\/div><\/div><\/div><\/div><div class=\"quform-element quform-element-group quform-element-22_16 quform-cf quform-group-style-plain\"><div class=\"quform-spacer\"><div class=\"quform-child-elements\"><div class=\"quform-element quform-element-email quform-element-22_9 quform-cf quform-element-required\"><div class=\"quform-spacer\"><div class=\"quform-label quform-label-22_9\"><label class=\"quform-label-text\" for=\"quform_22_9_9bc9a2\">E-mail<span class=\"quform-required\">*<\/span><\/label><\/div><div class=\"quform-inner quform-inner-email quform-inner-22_9\"><div class=\"quform-input quform-input-email quform-input-22_9 quform-cf\"><input type=\"email\" id=\"quform_22_9_9bc9a2\" name=\"quform_22_9\" class=\"quform-field quform-field-email quform-field-22_9\" \/><\/div><\/div><\/div><\/div><div class=\"quform-element quform-element-text quform-element-22_17 quform-cf quform-element-optional\"><div class=\"quform-spacer\"><div class=\"quform-label quform-label-22_17\"><label class=\"quform-label-text\" for=\"quform_22_17_9bc9a2\">T\u00e9l\u00e9phone<\/label><\/div><div class=\"quform-inner quform-inner-text quform-inner-22_17\"><div class=\"quform-input quform-input-text quform-input-22_17 quform-cf\"><input type=\"text\" id=\"quform_22_17_9bc9a2\" name=\"quform_22_17\" class=\"quform-field quform-field-text quform-field-22_17\" \/><\/div><\/div><\/div><\/div><\/div><\/div><\/div><div class=\"quform-element quform-element-textarea quform-element-22_10 quform-cf quform-element-optional\"><div class=\"quform-spacer\"><div class=\"quform-label quform-label-22_10\"><label class=\"quform-label-text\" for=\"quform_22_10_9bc9a2\">Remarques, communications<\/label><\/div><div class=\"quform-inner quform-inner-textarea quform-inner-22_10\"><div class=\"quform-input quform-input-textarea quform-input-22_10 quform-cf\"><textarea id=\"quform_22_10_9bc9a2\" name=\"quform_22_10\" class=\"quform-field quform-field-textarea quform-field-22_10\"><\/textarea><\/div><\/div><\/div><\/div><div class=\"quform-element quform-element-textarea quform-element-22_735186 quform-sr-only quform-cf\" style=\"clip: rect(1px, 1px, 1px, 1px); clip-path: inset(50%); position: absolute !important; height: 1px; width: 1px; overflow: hidden;\"><div class=\"quform-spacer\"><div class=\"quform-label quform-label-22_735186\"><label class=\"quform-label-text\" for=\"quform_22_735186_9bc9a2\">Email Address<span class=\"quform-required\">*<\/span><\/label><\/div><div class=\"quform-inner quform-inner-22_735186\"><textarea id=\"quform_22_735186_9bc9a2\" name=\"quform_22_735186\" class=\"quform-field quform-field-textarea quform-field-22_735186\" tabindex=\"-1\" autocomplete=\"new-password\"><\/textarea><\/div><\/div><\/div><div class=\"quform-element quform-element-submit quform-element-22_2 quform-cf quform-button-style-theme\"><div class=\"quform-button-submit quform-button-submit-default quform-button-submit-22_2\"><button name=\"quform_submit\" type=\"submit\" class=\"quform-submit\" value=\"submit\"><span class=\"quform-button-text quform-button-submit-text\">Soumettre<\/span><\/button><\/div><div class=\"quform-loading quform-loading-position-left quform-loading-type-spinner-1\"><div class=\"quform-loading-inner\"><div class=\"quform-loading-spinner\"><div class=\"quform-loading-spinner-inner\"><\/div><\/div><\/div><\/div><\/div><\/div><\/div><\/div><\/div><\/form><\/div><\/div><\/div>[\/vc_column][\/vc_row]<\/p>\n<\/div>","protected":false},"excerpt":{"rendered":"<p>[vc_row][vc_column][vc_column_text] LPP Inscription [\/vc_column_text][\/vc_column][\/vc_row]<\/p>\n","protected":false},"author":2,"featured_media":0,"parent":3761,"menu_order":139,"comment_status":"closed","ping_status":"closed","template":"","meta":{"_acf_changed":false,"_monsterinsights_skip_tracking":false,"_monsterinsights_sitenote_active":false,"_monsterinsights_sitenote_note":"","_monsterinsights_sitenote_category":0,"footnotes":""},"class_list":["post-3823","page","type-page","status-publish","hentry"],"acf":[],"yoast_head":"<!-- This site is optimized with the Yoast SEO Premium plugin v26.4 (Yoast SEO v27.0) - https:\/\/yoast.com\/product\/yoast-seo-premium-wordpress\/ -->\n<title>LPP Inscription - Electrosuisse<\/title>\n<meta name=\"robots\" content=\"index, follow, max-snippet:-1, max-image-preview:large, max-video-preview:-1\" \/>\n<link rel=\"canonical\" href=\"https:\/\/www.electrosuisse.ch\/fr\/devenez-membre\/adhesion-en-tant-quentreprise\/lpp-inscription\/\" \/>\n<meta property=\"og:locale\" content=\"fr_FR\" \/>\n<meta property=\"og:type\" content=\"article\" \/>\n<meta property=\"og:title\" content=\"LPP Inscription - Electrosuisse\" \/>\n<meta property=\"og:description\" content=\"[vc_row][vc_column][vc_column_text] LPP Inscription [\/vc_column_text][\/vc_column][\/vc_row]\" \/>\n<meta property=\"og:url\" content=\"https:\/\/www.electrosuisse.ch\/fr\/devenez-membre\/adhesion-en-tant-quentreprise\/lpp-inscription\/\" \/>\n<meta property=\"og:site_name\" content=\"Electrosuisse\" \/>\n<meta property=\"article:modified_time\" content=\"2026-04-01T06:50:48+00:00\" \/>\n<meta property=\"og:image\" content=\"https:\/\/www.electrosuisse.ch\/wp-content\/uploads\/2022\/12\/Electrosuisse_Ueber_uns_1578x650.jpg\" \/>\n\t<meta property=\"og:image:width\" content=\"1578\" \/>\n\t<meta property=\"og:image:height\" content=\"650\" \/>\n\t<meta property=\"og:image:type\" content=\"image\/jpeg\" \/>\n<script type=\"application\/ld+json\" class=\"yoast-schema-graph\">{\"@context\":\"https:\/\/schema.org\",\"@graph\":[{\"@type\":\"WebPage\",\"@id\":\"https:\/\/www.electrosuisse.ch\/fr\/devenez-membre\/adhesion-en-tant-quentreprise\/lpp-inscription\/\",\"url\":\"https:\/\/www.electrosuisse.ch\/fr\/devenez-membre\/adhesion-en-tant-quentreprise\/lpp-inscription\/\",\"name\":\"LPP Inscription - Electrosuisse\",\"isPartOf\":{\"@id\":\"https:\/\/www.electrosuisse.ch\/fr\/#website\"},\"datePublished\":\"2019-02-28T23:11:37+00:00\",\"dateModified\":\"2026-04-01T06:50:48+00:00\",\"breadcrumb\":{\"@id\":\"https:\/\/www.electrosuisse.ch\/fr\/devenez-membre\/adhesion-en-tant-quentreprise\/lpp-inscription\/#breadcrumb\"},\"inLanguage\":\"fr-FR\",\"potentialAction\":[{\"@type\":\"ReadAction\",\"target\":[\"https:\/\/www.electrosuisse.ch\/fr\/devenez-membre\/adhesion-en-tant-quentreprise\/lpp-inscription\/\"]}]},{\"@type\":\"BreadcrumbList\",\"@id\":\"https:\/\/www.electrosuisse.ch\/fr\/devenez-membre\/adhesion-en-tant-quentreprise\/lpp-inscription\/#breadcrumb\",\"itemListElement\":[{\"@type\":\"ListItem\",\"position\":1,\"name\":\"Adh\u00e9sion\",\"item\":\"https:\/\/www.electrosuisse.ch\/fr\/devenez-membre\/\"},{\"@type\":\"ListItem\",\"position\":2,\"name\":\"Adh\u00e9sion en tant qu\u2019entreprise\",\"item\":\"https:\/\/www.electrosuisse.ch\/fr\/devenez-membre\/adhesion-en-tant-quentreprise\/\"},{\"@type\":\"ListItem\",\"position\":3,\"name\":\"LPP Inscription\"}]},{\"@type\":\"WebSite\",\"@id\":\"https:\/\/www.electrosuisse.ch\/fr\/#website\",\"url\":\"https:\/\/www.electrosuisse.ch\/fr\/\",\"name\":\"Electrosuisse\",\"description\":\"\",\"publisher\":{\"@id\":\"https:\/\/www.electrosuisse.ch\/fr\/#organization\"},\"potentialAction\":[{\"@type\":\"SearchAction\",\"target\":{\"@type\":\"EntryPoint\",\"urlTemplate\":\"https:\/\/www.electrosuisse.ch\/fr\/?s={search_term_string}\"},\"query-input\":{\"@type\":\"PropertyValueSpecification\",\"valueRequired\":true,\"valueName\":\"search_term_string\"}}],\"inLanguage\":\"fr-FR\"},{\"@type\":\"Organization\",\"@id\":\"https:\/\/www.electrosuisse.ch\/fr\/#organization\",\"name\":\"Electrosuisse\",\"url\":\"https:\/\/www.electrosuisse.ch\/fr\/\",\"logo\":{\"@type\":\"ImageObject\",\"inLanguage\":\"fr-FR\",\"@id\":\"https:\/\/www.electrosuisse.ch\/fr\/#\/schema\/logo\/image\/\",\"url\":\"https:\/\/www.electrosuisse.ch\/wp-content\/uploads\/2025\/04\/Electrosuisse_Logo_696x696.png\",\"contentUrl\":\"https:\/\/www.electrosuisse.ch\/wp-content\/uploads\/2025\/04\/Electrosuisse_Logo_696x696.png\",\"width\":696,\"height\":696,\"caption\":\"Electrosuisse\"},\"image\":{\"@id\":\"https:\/\/www.electrosuisse.ch\/fr\/#\/schema\/logo\/image\/\"},\"sameAs\":[\"https:\/\/www.linkedin.com\/company\/electrosuisse-ag\/posts\/?feedView=all\",\"https:\/\/www.instagram.com\/electrosuisse1889\/\",\"https:\/\/www.youtube.com\/channel\/UCoOxohMiVE0Gjcdis1L09zw\"],\"description\":\"Electrosuisse ist eine anerkannte und unabh\u00e4ngige Fachorganisation, die erstklassige Dienstleistungen und Produkte in den Bereichen Inspektion, Beratung, Pr\u00fcfung, Zertifizierung, Normung und Weiterbildung anbietet. Unsere Expertise umfasst Elektrotechnik, Elektromobilit\u00e4t, Energieberatung, Geb\u00e4udeautomation und Photovoltaik in der Schweiz. Durch die Veranstaltung etablierter Branchen-Events und Fachtagungen f\u00f6rdert Electrosuisse den Wissenstransfer und den fachlichen Austausch. Im Mittelpunkt unserer T\u00e4tigkeiten steht die F\u00f6rderung der sicheren, wirtschaftlichen und umweltgerechten Anwendung der Elektrotechnik.\"}]}<\/script>\n<!-- \/ Yoast SEO Premium plugin. -->","yoast_head_json":{"title":"LPP Inscription - Electrosuisse","robots":{"index":"index","follow":"follow","max-snippet":"max-snippet:-1","max-image-preview":"max-image-preview:large","max-video-preview":"max-video-preview:-1"},"canonical":"https:\/\/www.electrosuisse.ch\/fr\/devenez-membre\/adhesion-en-tant-quentreprise\/lpp-inscription\/","og_locale":"fr_FR","og_type":"article","og_title":"LPP Inscription - Electrosuisse","og_description":"[vc_row][vc_column][vc_column_text] LPP Inscription [\/vc_column_text][\/vc_column][\/vc_row]","og_url":"https:\/\/www.electrosuisse.ch\/fr\/devenez-membre\/adhesion-en-tant-quentreprise\/lpp-inscription\/","og_site_name":"Electrosuisse","article_modified_time":"2026-04-01T06:50:48+00:00","og_image":[{"width":1578,"height":650,"url":"https:\/\/www.electrosuisse.ch\/wp-content\/uploads\/2022\/12\/Electrosuisse_Ueber_uns_1578x650.jpg","type":"image\/jpeg"}],"schema":{"@context":"https:\/\/schema.org","@graph":[{"@type":"WebPage","@id":"https:\/\/www.electrosuisse.ch\/fr\/devenez-membre\/adhesion-en-tant-quentreprise\/lpp-inscription\/","url":"https:\/\/www.electrosuisse.ch\/fr\/devenez-membre\/adhesion-en-tant-quentreprise\/lpp-inscription\/","name":"LPP Inscription - Electrosuisse","isPartOf":{"@id":"https:\/\/www.electrosuisse.ch\/fr\/#website"},"datePublished":"2019-02-28T23:11:37+00:00","dateModified":"2026-04-01T06:50:48+00:00","breadcrumb":{"@id":"https:\/\/www.electrosuisse.ch\/fr\/devenez-membre\/adhesion-en-tant-quentreprise\/lpp-inscription\/#breadcrumb"},"inLanguage":"fr-FR","potentialAction":[{"@type":"ReadAction","target":["https:\/\/www.electrosuisse.ch\/fr\/devenez-membre\/adhesion-en-tant-quentreprise\/lpp-inscription\/"]}]},{"@type":"BreadcrumbList","@id":"https:\/\/www.electrosuisse.ch\/fr\/devenez-membre\/adhesion-en-tant-quentreprise\/lpp-inscription\/#breadcrumb","itemListElement":[{"@type":"ListItem","position":1,"name":"Adh\u00e9sion","item":"https:\/\/www.electrosuisse.ch\/fr\/devenez-membre\/"},{"@type":"ListItem","position":2,"name":"Adh\u00e9sion en tant qu\u2019entreprise","item":"https:\/\/www.electrosuisse.ch\/fr\/devenez-membre\/adhesion-en-tant-quentreprise\/"},{"@type":"ListItem","position":3,"name":"LPP Inscription"}]},{"@type":"WebSite","@id":"https:\/\/www.electrosuisse.ch\/fr\/#website","url":"https:\/\/www.electrosuisse.ch\/fr\/","name":"Electrosuisse","description":"","publisher":{"@id":"https:\/\/www.electrosuisse.ch\/fr\/#organization"},"potentialAction":[{"@type":"SearchAction","target":{"@type":"EntryPoint","urlTemplate":"https:\/\/www.electrosuisse.ch\/fr\/?s={search_term_string}"},"query-input":{"@type":"PropertyValueSpecification","valueRequired":true,"valueName":"search_term_string"}}],"inLanguage":"fr-FR"},{"@type":"Organization","@id":"https:\/\/www.electrosuisse.ch\/fr\/#organization","name":"Electrosuisse","url":"https:\/\/www.electrosuisse.ch\/fr\/","logo":{"@type":"ImageObject","inLanguage":"fr-FR","@id":"https:\/\/www.electrosuisse.ch\/fr\/#\/schema\/logo\/image\/","url":"https:\/\/www.electrosuisse.ch\/wp-content\/uploads\/2025\/04\/Electrosuisse_Logo_696x696.png","contentUrl":"https:\/\/www.electrosuisse.ch\/wp-content\/uploads\/2025\/04\/Electrosuisse_Logo_696x696.png","width":696,"height":696,"caption":"Electrosuisse"},"image":{"@id":"https:\/\/www.electrosuisse.ch\/fr\/#\/schema\/logo\/image\/"},"sameAs":["https:\/\/www.linkedin.com\/company\/electrosuisse-ag\/posts\/?feedView=all","https:\/\/www.instagram.com\/electrosuisse1889\/","https:\/\/www.youtube.com\/channel\/UCoOxohMiVE0Gjcdis1L09zw"],"description":"Electrosuisse ist eine anerkannte und unabh\u00e4ngige Fachorganisation, die erstklassige Dienstleistungen und Produkte in den Bereichen Inspektion, Beratung, Pr\u00fcfung, Zertifizierung, Normung und Weiterbildung anbietet. Unsere Expertise umfasst Elektrotechnik, Elektromobilit\u00e4t, Energieberatung, Geb\u00e4udeautomation und Photovoltaik in der Schweiz. Durch die Veranstaltung etablierter Branchen-Events und Fachtagungen f\u00f6rdert Electrosuisse den Wissenstransfer und den fachlichen Austausch. Im Mittelpunkt unserer T\u00e4tigkeiten steht die F\u00f6rderung der sicheren, wirtschaftlichen und umweltgerechten Anwendung der Elektrotechnik."}]}},"amp_enabled":true,"_links":{"self":[{"href":"https:\/\/www.electrosuisse.ch\/fr\/wp-json\/wp\/v2\/pages\/3823","targetHints":{"allow":["GET"]}}],"collection":[{"href":"https:\/\/www.electrosuisse.ch\/fr\/wp-json\/wp\/v2\/pages"}],"about":[{"href":"https:\/\/www.electrosuisse.ch\/fr\/wp-json\/wp\/v2\/types\/page"}],"author":[{"embeddable":true,"href":"https:\/\/www.electrosuisse.ch\/fr\/wp-json\/wp\/v2\/users\/2"}],"replies":[{"embeddable":true,"href":"https:\/\/www.electrosuisse.ch\/fr\/wp-json\/wp\/v2\/comments?post=3823"}],"version-history":[{"count":1,"href":"https:\/\/www.electrosuisse.ch\/fr\/wp-json\/wp\/v2\/pages\/3823\/revisions"}],"predecessor-version":[{"id":43785,"href":"https:\/\/www.electrosuisse.ch\/fr\/wp-json\/wp\/v2\/pages\/3823\/revisions\/43785"}],"up":[{"embeddable":true,"href":"https:\/\/www.electrosuisse.ch\/fr\/wp-json\/wp\/v2\/pages\/3761"}],"wp:attachment":[{"href":"https:\/\/www.electrosuisse.ch\/fr\/wp-json\/wp\/v2\/media?parent=3823"}],"curies":[{"name":"wp","href":"https:\/\/api.w.org\/{rel}","templated":true}]}}