{"id":3813,"date":"2018-06-24T11:35:55","date_gmt":"2018-06-24T09:35:55","guid":{"rendered":"https:\/\/www.electrosuisse.ch\/downloads\/"},"modified":"2026-04-07T08:50:05","modified_gmt":"2026-04-07T06:50:05","slug":"telechargements","status":"publish","type":"page","link":"https:\/\/www.electrosuisse.ch\/fr\/telechargements\/","title":{"rendered":"T\u00e9l\u00e9chargements"},"content":{"rendered":"<div class=\"wpb-content-wrapper\"><p>[vc_row][vc_column][vc_column_text]<\/p>\n<h1>T\u00e9l\u00e9chargements<\/h1>\n<p>[\/vc_column_text]<div class=\"wpb_download_boxes_column wpb_content_element\"><div class=\"wpb_wrapper\"><div class=\"row\"><div class=\"download_box col-sm-6 col-xs-12\"><div class=\"download_box__content\"><a href=\"https:\/\/www.electrosuisse.ch\/fr\/telechargements\/services-aux-membres\/\" class=\"full\">Plus<\/a><div class=\"download_box__icon download_box__icon--mitglieder\"><\/div><h4>Services aux membres<\/h4><p>Vous trouvez ici toutes les informations relatives au statut de membre ainsi que des publications g\u00e9n\u00e9rales, notre offre de formation et des vid\u00e9os.<\/p><\/div><\/div><div class=\"download_box col-sm-6 col-xs-12\"><div class=\"download_box__content\"><a href=\"https:\/\/www.electrosuisse.ch\/fr\/telechargements\/normalisation\/\" class=\"full\">Plus<\/a><div class=\"download_box__icon download_box__icon--normung\"><\/div><h4>Normalisation<\/h4><p>Vous trouvez ici toutes les informations relatives au th\u00e8me de la normalisation, des projets de normes aux rapports annuels en passant par des brochures et des vid\u00e9os.<\/p><\/div><\/div><div class=\"download_box col-sm-6 col-xs-12\"><div class=\"download_box__content\"><a href=\"https:\/\/www.electrosuisse.ch\/fr\/telechargements\/controles-ingenierie\" class=\"full\">Plus<\/a><div class=\"download_box__icon download_box__icon--inspektion-engineering\"><\/div><h4>Contr\u00f4les et ing\u00e9nierie<\/h4><p>Les documents de base tels que les conditions g\u00e9n\u00e9rales, les formulaires, les listes de contr\u00f4le ou autres proc\u00e8s-verbaux constituent le fondement commun d\u2019une coop\u00e9ration fructueuse.<\/p><\/div><\/div><div class=\"download_box col-sm-6 col-xs-12\"><div class=\"download_box__content\"><a href=\"https:\/\/www.electrosuisse.ch\/fr\/telechargements\/electrosuisse\/\" class=\"full\">Plus<\/a><div class=\"download_box__icon download_box__icon--electrosuisse\"><\/div><h4>Electrosuisse<\/h4><p>Documentation vari\u00e9e de, sur et avec le concours d\u2019Electrosuissee.<\/p><\/div><\/div><\/div><\/div><\/div>[\/vc_column][\/vc_row]<\/p>\n<\/div>","protected":false},"excerpt":{"rendered":"<p>[vc_row][vc_column][vc_column_text] T\u00e9l\u00e9chargements [\/vc_column_text][\/vc_column][\/vc_row]<\/p>\n","protected":false},"author":2,"featured_media":0,"parent":0,"menu_order":308,"comment_status":"closed","ping_status":"closed","template":"","meta":{"_acf_changed":false,"_monsterinsights_skip_tracking":false,"_monsterinsights_sitenote_active":false,"_monsterinsights_sitenote_note":"","_monsterinsights_sitenote_category":0,"footnotes":""},"class_list":["post-3813","page","type-page","status-publish","hentry"],"acf":[],"yoast_head":"<!-- This site is optimized with the Yoast SEO Premium plugin v26.4 (Yoast SEO v27.0) - https:\/\/yoast.com\/product\/yoast-seo-premium-wordpress\/ -->\n<title>Centre de t\u00e9l\u00e9chargement d\u2019Electrosuisse - Electrosuisse<\/title>\n<meta name=\"description\" content=\"Bienvenue au Centre de t\u00e9l\u00e9chargement. Nos informations gratuites sont \u00e0 votre disposition par ordre th\u00e9matique. Veuillez proc\u00e9der \u00e0 votre recherche par mots de r\u00e9f\u00e9rence.\" \/>\n<meta name=\"robots\" content=\"index, follow, max-snippet:-1, max-image-preview:large, max-video-preview:-1\" \/>\n<link rel=\"canonical\" href=\"https:\/\/www.electrosuisse.ch\/fr\/telechargements\/\" \/>\n<meta property=\"og:locale\" content=\"fr_FR\" \/>\n<meta property=\"og:type\" content=\"article\" \/>\n<meta property=\"og:title\" content=\"Centre de t\u00e9l\u00e9chargement d\u2019Electrosuisse - Electrosuisse\" \/>\n<meta property=\"og:description\" content=\"Bienvenue au Centre de t\u00e9l\u00e9chargement. Nos informations gratuites sont \u00e0 votre disposition par ordre th\u00e9matique. Veuillez proc\u00e9der \u00e0 votre recherche par mots de r\u00e9f\u00e9rence.\" \/>\n<meta property=\"og:url\" content=\"https:\/\/www.electrosuisse.ch\/fr\/telechargements\/\" \/>\n<meta property=\"og:site_name\" content=\"Electrosuisse\" \/>\n<meta property=\"article:modified_time\" content=\"2026-04-07T06:50:05+00:00\" \/>\n<meta property=\"og:image\" content=\"https:\/\/www.electrosuisse.ch\/wp-content\/uploads\/2022\/12\/Electrosuisse_Ueber_uns_1578x650.jpg\" \/>\n\t<meta property=\"og:image:width\" content=\"1578\" \/>\n\t<meta property=\"og:image:height\" content=\"650\" \/>\n\t<meta property=\"og:image:type\" content=\"image\/jpeg\" \/>\n<script type=\"application\/ld+json\" class=\"yoast-schema-graph\">{\"@context\":\"https:\/\/schema.org\",\"@graph\":[{\"@type\":\"WebPage\",\"@id\":\"https:\/\/www.electrosuisse.ch\/fr\/telechargements\/\",\"url\":\"https:\/\/www.electrosuisse.ch\/fr\/telechargements\/\",\"name\":\"Centre de t\u00e9l\u00e9chargement d\u2019Electrosuisse - Electrosuisse\",\"isPartOf\":{\"@id\":\"https:\/\/www.electrosuisse.ch\/fr\/#website\"},\"datePublished\":\"2018-06-24T09:35:55+00:00\",\"dateModified\":\"2026-04-07T06:50:05+00:00\",\"description\":\"Bienvenue au Centre de t\u00e9l\u00e9chargement. Nos informations gratuites sont \u00e0 votre disposition par ordre th\u00e9matique. Veuillez proc\u00e9der \u00e0 votre recherche par mots de r\u00e9f\u00e9rence.\",\"inLanguage\":\"fr-FR\",\"potentialAction\":[{\"@type\":\"ReadAction\",\"target\":[\"https:\/\/www.electrosuisse.ch\/fr\/telechargements\/\"]}]},{\"@type\":\"WebSite\",\"@id\":\"https:\/\/www.electrosuisse.ch\/fr\/#website\",\"url\":\"https:\/\/www.electrosuisse.ch\/fr\/\",\"name\":\"Electrosuisse\",\"description\":\"\",\"publisher\":{\"@id\":\"https:\/\/www.electrosuisse.ch\/fr\/#organization\"},\"potentialAction\":[{\"@type\":\"SearchAction\",\"target\":{\"@type\":\"EntryPoint\",\"urlTemplate\":\"https:\/\/www.electrosuisse.ch\/fr\/?s={search_term_string}\"},\"query-input\":{\"@type\":\"PropertyValueSpecification\",\"valueRequired\":true,\"valueName\":\"search_term_string\"}}],\"inLanguage\":\"fr-FR\"},{\"@type\":\"Organization\",\"@id\":\"https:\/\/www.electrosuisse.ch\/fr\/#organization\",\"name\":\"Electrosuisse\",\"url\":\"https:\/\/www.electrosuisse.ch\/fr\/\",\"logo\":{\"@type\":\"ImageObject\",\"inLanguage\":\"fr-FR\",\"@id\":\"https:\/\/www.electrosuisse.ch\/fr\/#\/schema\/logo\/image\/\",\"url\":\"https:\/\/www.electrosuisse.ch\/wp-content\/uploads\/2025\/04\/Electrosuisse_Logo_696x696.png\",\"contentUrl\":\"https:\/\/www.electrosuisse.ch\/wp-content\/uploads\/2025\/04\/Electrosuisse_Logo_696x696.png\",\"width\":696,\"height\":696,\"caption\":\"Electrosuisse\"},\"image\":{\"@id\":\"https:\/\/www.electrosuisse.ch\/fr\/#\/schema\/logo\/image\/\"},\"sameAs\":[\"https:\/\/www.linkedin.com\/company\/electrosuisse-ag\/posts\/?feedView=all\",\"https:\/\/www.instagram.com\/electrosuisse1889\/\",\"https:\/\/www.youtube.com\/channel\/UCoOxohMiVE0Gjcdis1L09zw\"],\"description\":\"Electrosuisse ist eine anerkannte und unabh\u00e4ngige Fachorganisation, die erstklassige Dienstleistungen und Produkte in den Bereichen Inspektion, Beratung, Pr\u00fcfung, Zertifizierung, Normung und Weiterbildung anbietet. Unsere Expertise umfasst Elektrotechnik, Elektromobilit\u00e4t, Energieberatung, Geb\u00e4udeautomation und Photovoltaik in der Schweiz. Durch die Veranstaltung etablierter Branchen-Events und Fachtagungen f\u00f6rdert Electrosuisse den Wissenstransfer und den fachlichen Austausch. Im Mittelpunkt unserer T\u00e4tigkeiten steht die F\u00f6rderung der sicheren, wirtschaftlichen und umweltgerechten Anwendung der Elektrotechnik.\"}]}<\/script>\n<!-- \/ Yoast SEO Premium plugin. -->","yoast_head_json":{"title":"Centre de t\u00e9l\u00e9chargement d\u2019Electrosuisse - Electrosuisse","description":"Bienvenue au Centre de t\u00e9l\u00e9chargement. Nos informations gratuites sont \u00e0 votre disposition par ordre th\u00e9matique. Veuillez proc\u00e9der \u00e0 votre recherche par mots de r\u00e9f\u00e9rence.","robots":{"index":"index","follow":"follow","max-snippet":"max-snippet:-1","max-image-preview":"max-image-preview:large","max-video-preview":"max-video-preview:-1"},"canonical":"https:\/\/www.electrosuisse.ch\/fr\/telechargements\/","og_locale":"fr_FR","og_type":"article","og_title":"Centre de t\u00e9l\u00e9chargement d\u2019Electrosuisse - Electrosuisse","og_description":"Bienvenue au Centre de t\u00e9l\u00e9chargement. Nos informations gratuites sont \u00e0 votre disposition par ordre th\u00e9matique. Veuillez proc\u00e9der \u00e0 votre recherche par mots de r\u00e9f\u00e9rence.","og_url":"https:\/\/www.electrosuisse.ch\/fr\/telechargements\/","og_site_name":"Electrosuisse","article_modified_time":"2026-04-07T06:50:05+00:00","og_image":[{"width":1578,"height":650,"url":"https:\/\/www.electrosuisse.ch\/wp-content\/uploads\/2022\/12\/Electrosuisse_Ueber_uns_1578x650.jpg","type":"image\/jpeg"}],"schema":{"@context":"https:\/\/schema.org","@graph":[{"@type":"WebPage","@id":"https:\/\/www.electrosuisse.ch\/fr\/telechargements\/","url":"https:\/\/www.electrosuisse.ch\/fr\/telechargements\/","name":"Centre de t\u00e9l\u00e9chargement d\u2019Electrosuisse - Electrosuisse","isPartOf":{"@id":"https:\/\/www.electrosuisse.ch\/fr\/#website"},"datePublished":"2018-06-24T09:35:55+00:00","dateModified":"2026-04-07T06:50:05+00:00","description":"Bienvenue au Centre de t\u00e9l\u00e9chargement. Nos informations gratuites sont \u00e0 votre disposition par ordre th\u00e9matique. Veuillez proc\u00e9der \u00e0 votre recherche par mots de r\u00e9f\u00e9rence.","inLanguage":"fr-FR","potentialAction":[{"@type":"ReadAction","target":["https:\/\/www.electrosuisse.ch\/fr\/telechargements\/"]}]},{"@type":"WebSite","@id":"https:\/\/www.electrosuisse.ch\/fr\/#website","url":"https:\/\/www.electrosuisse.ch\/fr\/","name":"Electrosuisse","description":"","publisher":{"@id":"https:\/\/www.electrosuisse.ch\/fr\/#organization"},"potentialAction":[{"@type":"SearchAction","target":{"@type":"EntryPoint","urlTemplate":"https:\/\/www.electrosuisse.ch\/fr\/?s={search_term_string}"},"query-input":{"@type":"PropertyValueSpecification","valueRequired":true,"valueName":"search_term_string"}}],"inLanguage":"fr-FR"},{"@type":"Organization","@id":"https:\/\/www.electrosuisse.ch\/fr\/#organization","name":"Electrosuisse","url":"https:\/\/www.electrosuisse.ch\/fr\/","logo":{"@type":"ImageObject","inLanguage":"fr-FR","@id":"https:\/\/www.electrosuisse.ch\/fr\/#\/schema\/logo\/image\/","url":"https:\/\/www.electrosuisse.ch\/wp-content\/uploads\/2025\/04\/Electrosuisse_Logo_696x696.png","contentUrl":"https:\/\/www.electrosuisse.ch\/wp-content\/uploads\/2025\/04\/Electrosuisse_Logo_696x696.png","width":696,"height":696,"caption":"Electrosuisse"},"image":{"@id":"https:\/\/www.electrosuisse.ch\/fr\/#\/schema\/logo\/image\/"},"sameAs":["https:\/\/www.linkedin.com\/company\/electrosuisse-ag\/posts\/?feedView=all","https:\/\/www.instagram.com\/electrosuisse1889\/","https:\/\/www.youtube.com\/channel\/UCoOxohMiVE0Gjcdis1L09zw"],"description":"Electrosuisse ist eine anerkannte und unabh\u00e4ngige Fachorganisation, die erstklassige Dienstleistungen und Produkte in den Bereichen Inspektion, Beratung, Pr\u00fcfung, Zertifizierung, Normung und Weiterbildung anbietet. Unsere Expertise umfasst Elektrotechnik, Elektromobilit\u00e4t, Energieberatung, Geb\u00e4udeautomation und Photovoltaik in der Schweiz. Durch die Veranstaltung etablierter Branchen-Events und Fachtagungen f\u00f6rdert Electrosuisse den Wissenstransfer und den fachlichen Austausch. Im Mittelpunkt unserer T\u00e4tigkeiten steht die F\u00f6rderung der sicheren, wirtschaftlichen und umweltgerechten Anwendung der Elektrotechnik."}]}},"amp_enabled":true,"_links":{"self":[{"href":"https:\/\/www.electrosuisse.ch\/fr\/wp-json\/wp\/v2\/pages\/3813","targetHints":{"allow":["GET"]}}],"collection":[{"href":"https:\/\/www.electrosuisse.ch\/fr\/wp-json\/wp\/v2\/pages"}],"about":[{"href":"https:\/\/www.electrosuisse.ch\/fr\/wp-json\/wp\/v2\/types\/page"}],"author":[{"embeddable":true,"href":"https:\/\/www.electrosuisse.ch\/fr\/wp-json\/wp\/v2\/users\/2"}],"replies":[{"embeddable":true,"href":"https:\/\/www.electrosuisse.ch\/fr\/wp-json\/wp\/v2\/comments?post=3813"}],"version-history":[{"count":1,"href":"https:\/\/www.electrosuisse.ch\/fr\/wp-json\/wp\/v2\/pages\/3813\/revisions"}],"predecessor-version":[{"id":43856,"href":"https:\/\/www.electrosuisse.ch\/fr\/wp-json\/wp\/v2\/pages\/3813\/revisions\/43856"}],"wp:attachment":[{"href":"https:\/\/www.electrosuisse.ch\/fr\/wp-json\/wp\/v2\/media?parent=3813"}],"curies":[{"name":"wp","href":"https:\/\/api.w.org\/{rel}","templated":true}]}}