{"id":3807,"date":"2018-06-24T11:36:14","date_gmt":"2018-06-24T09:36:14","guid":{"rendered":"https:\/\/www.electrosuisse.ch\/medien\/"},"modified":"2023-03-17T10:57:43","modified_gmt":"2023-03-17T09:57:43","slug":"medias","status":"publish","type":"page","link":"https:\/\/www.electrosuisse.ch\/fr\/medias\/","title":{"rendered":"M\u00e9dias"},"content":{"rendered":"<div class=\"wpb-content-wrapper\"><p>[vc_row][vc_column][vc_column_text el_class=&#8221;teaser&#8221;]Vous trouvez ici toutes les actualit\u00e9s de la branche, des publications et bien plus encore. Faites-vous une id\u00e9e d&#8217;ensemble.[\/vc_column_text]<div class=\"wpb_text_image_column wpb_content_element \"><div class=\"wpb_wrapper\"><div class=\"row middle-lg\"><div class=\"col-sm-6 col-xs-12\"><div class=\"picture_container\"><picture><source srcset=\"https:\/\/www.electrosuisse.ch\/wp-content\/uploads\/2018\/12\/news_blog_electrosuisse-585x500.jpg\"><img decoding=\"async\" src=\"https:\/\/www.electrosuisse.ch\/wp-content\/uploads\/2018\/12\/news_blog_electrosuisse-585x500.jpg\" alt=\"Nouvelles de la branche\" \/><\/picture><\/div><\/div><div class=\"col-sm-6 col-xs-12\"><h3>Nouvelles de la branche<\/h3><p>Les derni\u00e8res actualit\u00e9s en un coup d\u2019\u0153il.<\/p>\n<div class=\"button button--arrow\"><a href=\"https:\/\/www.electrosuisse.ch\/news\/\"><div class=\"arrow\">Plus<\/div><\/a><\/div><\/div><\/div><\/div><\/div><div class=\"wpb_text_image_column wpb_content_element \"><div class=\"wpb_wrapper\"><div class=\"row reverse middle-lg\"><div class=\"col-sm-6 col-xs-12\"><div class=\"picture_container\"><picture><source srcset=\"https:\/\/www.electrosuisse.ch\/wp-content\/uploads\/2019\/02\/electrosuisse_publikationen_mobile-585x400.jpg\"><img decoding=\"async\" src=\"https:\/\/www.electrosuisse.ch\/wp-content\/uploads\/2019\/02\/electrosuisse_publikationen_mobile-585x400.jpg\" alt=\"Publications\" \/><\/picture><\/div><\/div><div class=\"col-sm-6 col-xs-12\"><h3>Publications<\/h3><p>Nos publications, telles que la revue sp\u00e9cialis\u00e9e, les livres et les brochures, vous procurent un savoir-faire pour demain.<\/p>\n<div class=\"button button--arrow\"><a href=\"https:\/\/www.electrosuisse.ch\/fr\/medias\/publications\/\"><div class=\"arrow\">Plus<\/div><\/a><\/div><\/div><\/div><\/div><\/div><div class=\"wpb_gap_column wpb_content_element\"><div class=\"wpb_wrapper\"><div class=\"gap gap--small\"><\/div><\/div><\/div><div class=\"wpb_text_image_column wpb_content_element \"><div class=\"wpb_wrapper\"><div class=\"row reverse middle-lg\"><div class=\"col-sm-6 col-xs-12\"><div class=\"picture_container\"><picture><source srcset=\"https:\/\/www.electrosuisse.ch\/wp-content\/uploads\/2018\/12\/mediathek_electrosuisse-585x500.jpg\"><img decoding=\"async\" src=\"https:\/\/www.electrosuisse.ch\/wp-content\/uploads\/2018\/12\/mediathek_electrosuisse-585x500.jpg\" alt=\"M\u00e9diath\u00e8que\" \/><\/picture><\/div><\/div><div class=\"col-sm-6 col-xs-12\"><h3>M\u00e9diath\u00e8que<\/h3><p>Des vid\u00e9os et des images pour vos communications.<br \/>\nVeuillez tenir compte de nos dispositions relatives au\u00a0<a href=\"https:\/\/www.electrosuisse.ch\/fr\/disclaimer\/\" target=\"_blank\" rel=\"noopener\">droit d\u2019auteur<\/a>.<\/p>\n<div class=\"button button--arrow\"><a href=\"https:\/\/www.electrosuisse.ch\/downloads\/\"><div class=\"arrow\">Plus<\/div><\/a><\/div><\/div><\/div><\/div><\/div>[vc_column_text el_class=&#8221;lead&#8221;]Recherchez-vous des renseignements sur Electrosuisse ou avez-vous une question technique\u00a0? Nous sommes volontiers \u00e0 votre disposition.[\/vc_column_text]<div class=\"wpb_contact_column wpb_content_element wpb_content_element--left\"><div class=\"wpb_wrapper\"><div class=\"contact_container\"><div class=\"contact row middle-xs\"><div class=\"contact__img col-sm-5 col-xs-12\"><img decoding=\"async\" src=\"https:\/\/www.electrosuisse.ch\/wp-content\/uploads\/2018\/12\/Electrosuisse_Christine_Andres.jpg\" alt=\"Christine Andres - Responsables des relations publiques\" \/><\/div><div class=\"contact__info col-sm-7 col-xs-12\"><p><b>Christine Andres<\/b><br>Responsables des relations publiques<\/p><div class=\"phone has-link\"><a href=\"tel:+41585951213\">+41 58 595 12 13<\/a><\/div><div class=\"mail has-link\"><a href=\"mailto:&#x6d;e&#x64;&#105;&#x65;&#110;&#64;&#x65;l&#x65;&#99;&#x74;&#114;o&#x73;&#117;&#x69;&#115;s&#x65;&#46;&#x63;&#104;\">&#x6d;&#x65;&#x64;&#x69;&#x65;&#x6e;&#x40;&#x65;&#x6c;&#x65;&#x63;&#x74;&#x72;&#x6f;&#x73;&#x75;&#x69;&#x73;&#x73;&#x65;&#x2e;&#x63;&#x68;<\/a><\/div><\/div><\/div><\/div><\/div><\/div>[\/vc_column][\/vc_row]<\/p>\n<\/div>","protected":false},"excerpt":{"rendered":"<p>[vc_row][vc_column][vc_column_text el_class=&#8221;teaser&#8221;]Vous trouvez ici toutes les actualit\u00e9s de la branche, des publications et bien plus encore. Faites-vous une id\u00e9e d&#8217;ensemble.[\/vc_column_text][vc_column_text el_class=&#8221;lead&#8221;]Recherchez-vous des renseignements sur Electrosuisse ou avez-vous une question technique\u00a0? Nous sommes volontiers \u00e0 votre disposition.[\/vc_column_text][\/vc_column][\/vc_row]<\/p>\n","protected":false},"author":2,"featured_media":0,"parent":0,"menu_order":57,"comment_status":"closed","ping_status":"closed","template":"","meta":{"_acf_changed":false,"_monsterinsights_skip_tracking":false,"_monsterinsights_sitenote_active":false,"_monsterinsights_sitenote_note":"","_monsterinsights_sitenote_category":0,"footnotes":""},"class_list":["post-3807","page","type-page","status-publish","hentry"],"acf":[],"yoast_head":"<!-- This site is optimized with the Yoast SEO Premium plugin v26.4 (Yoast SEO v27.0) - https:\/\/yoast.com\/product\/yoast-seo-premium-wordpress\/ -->\n<title>Electrosuisse m\u00e9dias<\/title>\n<meta name=\"description\" content=\"Actualit\u00e9s de et sur nous: Communiqu\u00e9s de presse, nouvelles, publications et bien plus encore. Votre contact : medien@electrosuisse.ch\" \/>\n<meta name=\"robots\" content=\"index, follow, max-snippet:-1, max-image-preview:large, max-video-preview:-1\" \/>\n<link rel=\"canonical\" href=\"https:\/\/www.electrosuisse.ch\/fr\/medias\/\" \/>\n<meta property=\"og:locale\" content=\"fr_FR\" \/>\n<meta property=\"og:type\" content=\"article\" \/>\n<meta property=\"og:title\" content=\"Electrosuisse m\u00e9dias\" \/>\n<meta property=\"og:description\" content=\"Actualit\u00e9s de et sur nous: Communiqu\u00e9s de presse, nouvelles, publications et bien plus encore. Votre contact : medien@electrosuisse.ch\" \/>\n<meta property=\"og:url\" content=\"https:\/\/www.electrosuisse.ch\/fr\/medias\/\" \/>\n<meta property=\"og:site_name\" content=\"Electrosuisse\" \/>\n<meta property=\"article:modified_time\" content=\"2023-03-17T09:57:43+00:00\" \/>\n<meta property=\"og:image\" content=\"https:\/\/www.electrosuisse.ch\/wp-content\/uploads\/2019\/02\/electrosuisse_publikationen.jpg\" \/>\n\t<meta property=\"og:image:width\" content=\"1578\" \/>\n\t<meta property=\"og:image:height\" content=\"650\" \/>\n\t<meta property=\"og:image:type\" content=\"image\/jpeg\" \/>\n<script type=\"application\/ld+json\" class=\"yoast-schema-graph\">{\"@context\":\"https:\/\/schema.org\",\"@graph\":[{\"@type\":\"WebPage\",\"@id\":\"https:\/\/www.electrosuisse.ch\/fr\/medias\/\",\"url\":\"https:\/\/www.electrosuisse.ch\/fr\/medias\/\",\"name\":\"Electrosuisse m\u00e9dias\",\"isPartOf\":{\"@id\":\"https:\/\/www.electrosuisse.ch\/fr\/#website\"},\"datePublished\":\"2018-06-24T09:36:14+00:00\",\"dateModified\":\"2023-03-17T09:57:43+00:00\",\"description\":\"Actualit\u00e9s de et sur nous: Communiqu\u00e9s de presse, nouvelles, publications et bien plus encore. Votre contact : medien@electrosuisse.ch\",\"inLanguage\":\"fr-FR\",\"potentialAction\":[{\"@type\":\"ReadAction\",\"target\":[\"https:\/\/www.electrosuisse.ch\/fr\/medias\/\"]}]},{\"@type\":\"WebSite\",\"@id\":\"https:\/\/www.electrosuisse.ch\/fr\/#website\",\"url\":\"https:\/\/www.electrosuisse.ch\/fr\/\",\"name\":\"Electrosuisse\",\"description\":\"\",\"publisher\":{\"@id\":\"https:\/\/www.electrosuisse.ch\/fr\/#organization\"},\"potentialAction\":[{\"@type\":\"SearchAction\",\"target\":{\"@type\":\"EntryPoint\",\"urlTemplate\":\"https:\/\/www.electrosuisse.ch\/fr\/?s={search_term_string}\"},\"query-input\":{\"@type\":\"PropertyValueSpecification\",\"valueRequired\":true,\"valueName\":\"search_term_string\"}}],\"inLanguage\":\"fr-FR\"},{\"@type\":\"Organization\",\"@id\":\"https:\/\/www.electrosuisse.ch\/fr\/#organization\",\"name\":\"Electrosuisse\",\"url\":\"https:\/\/www.electrosuisse.ch\/fr\/\",\"logo\":{\"@type\":\"ImageObject\",\"inLanguage\":\"fr-FR\",\"@id\":\"https:\/\/www.electrosuisse.ch\/fr\/#\/schema\/logo\/image\/\",\"url\":\"https:\/\/www.electrosuisse.ch\/wp-content\/uploads\/2025\/04\/Electrosuisse_Logo_696x696.png\",\"contentUrl\":\"https:\/\/www.electrosuisse.ch\/wp-content\/uploads\/2025\/04\/Electrosuisse_Logo_696x696.png\",\"width\":696,\"height\":696,\"caption\":\"Electrosuisse\"},\"image\":{\"@id\":\"https:\/\/www.electrosuisse.ch\/fr\/#\/schema\/logo\/image\/\"},\"sameAs\":[\"https:\/\/www.linkedin.com\/company\/electrosuisse-ag\/posts\/?feedView=all\",\"https:\/\/www.instagram.com\/electrosuisse1889\/\",\"https:\/\/www.youtube.com\/channel\/UCoOxohMiVE0Gjcdis1L09zw\"],\"description\":\"Electrosuisse ist eine anerkannte und unabh\u00e4ngige Fachorganisation, die erstklassige Dienstleistungen und Produkte in den Bereichen Inspektion, Beratung, Pr\u00fcfung, Zertifizierung, Normung und Weiterbildung anbietet. Unsere Expertise umfasst Elektrotechnik, Elektromobilit\u00e4t, Energieberatung, Geb\u00e4udeautomation und Photovoltaik in der Schweiz. Durch die Veranstaltung etablierter Branchen-Events und Fachtagungen f\u00f6rdert Electrosuisse den Wissenstransfer und den fachlichen Austausch. Im Mittelpunkt unserer T\u00e4tigkeiten steht die F\u00f6rderung der sicheren, wirtschaftlichen und umweltgerechten Anwendung der Elektrotechnik.\"}]}<\/script>\n<!-- \/ Yoast SEO Premium plugin. -->","yoast_head_json":{"title":"Electrosuisse m\u00e9dias","description":"Actualit\u00e9s de et sur nous: Communiqu\u00e9s de presse, nouvelles, publications et bien plus encore. Votre contact : medien@electrosuisse.ch","robots":{"index":"index","follow":"follow","max-snippet":"max-snippet:-1","max-image-preview":"max-image-preview:large","max-video-preview":"max-video-preview:-1"},"canonical":"https:\/\/www.electrosuisse.ch\/fr\/medias\/","og_locale":"fr_FR","og_type":"article","og_title":"Electrosuisse m\u00e9dias","og_description":"Actualit\u00e9s de et sur nous: Communiqu\u00e9s de presse, nouvelles, publications et bien plus encore. Votre contact : medien@electrosuisse.ch","og_url":"https:\/\/www.electrosuisse.ch\/fr\/medias\/","og_site_name":"Electrosuisse","article_modified_time":"2023-03-17T09:57:43+00:00","og_image":[{"width":1578,"height":650,"url":"https:\/\/www.electrosuisse.ch\/wp-content\/uploads\/2019\/02\/electrosuisse_publikationen.jpg","type":"image\/jpeg"}],"schema":{"@context":"https:\/\/schema.org","@graph":[{"@type":"WebPage","@id":"https:\/\/www.electrosuisse.ch\/fr\/medias\/","url":"https:\/\/www.electrosuisse.ch\/fr\/medias\/","name":"Electrosuisse m\u00e9dias","isPartOf":{"@id":"https:\/\/www.electrosuisse.ch\/fr\/#website"},"datePublished":"2018-06-24T09:36:14+00:00","dateModified":"2023-03-17T09:57:43+00:00","description":"Actualit\u00e9s de et sur nous: Communiqu\u00e9s de presse, nouvelles, publications et bien plus encore. Votre contact : medien@electrosuisse.ch","inLanguage":"fr-FR","potentialAction":[{"@type":"ReadAction","target":["https:\/\/www.electrosuisse.ch\/fr\/medias\/"]}]},{"@type":"WebSite","@id":"https:\/\/www.electrosuisse.ch\/fr\/#website","url":"https:\/\/www.electrosuisse.ch\/fr\/","name":"Electrosuisse","description":"","publisher":{"@id":"https:\/\/www.electrosuisse.ch\/fr\/#organization"},"potentialAction":[{"@type":"SearchAction","target":{"@type":"EntryPoint","urlTemplate":"https:\/\/www.electrosuisse.ch\/fr\/?s={search_term_string}"},"query-input":{"@type":"PropertyValueSpecification","valueRequired":true,"valueName":"search_term_string"}}],"inLanguage":"fr-FR"},{"@type":"Organization","@id":"https:\/\/www.electrosuisse.ch\/fr\/#organization","name":"Electrosuisse","url":"https:\/\/www.electrosuisse.ch\/fr\/","logo":{"@type":"ImageObject","inLanguage":"fr-FR","@id":"https:\/\/www.electrosuisse.ch\/fr\/#\/schema\/logo\/image\/","url":"https:\/\/www.electrosuisse.ch\/wp-content\/uploads\/2025\/04\/Electrosuisse_Logo_696x696.png","contentUrl":"https:\/\/www.electrosuisse.ch\/wp-content\/uploads\/2025\/04\/Electrosuisse_Logo_696x696.png","width":696,"height":696,"caption":"Electrosuisse"},"image":{"@id":"https:\/\/www.electrosuisse.ch\/fr\/#\/schema\/logo\/image\/"},"sameAs":["https:\/\/www.linkedin.com\/company\/electrosuisse-ag\/posts\/?feedView=all","https:\/\/www.instagram.com\/electrosuisse1889\/","https:\/\/www.youtube.com\/channel\/UCoOxohMiVE0Gjcdis1L09zw"],"description":"Electrosuisse ist eine anerkannte und unabh\u00e4ngige Fachorganisation, die erstklassige Dienstleistungen und Produkte in den Bereichen Inspektion, Beratung, Pr\u00fcfung, Zertifizierung, Normung und Weiterbildung anbietet. Unsere Expertise umfasst Elektrotechnik, Elektromobilit\u00e4t, Energieberatung, Geb\u00e4udeautomation und Photovoltaik in der Schweiz. Durch die Veranstaltung etablierter Branchen-Events und Fachtagungen f\u00f6rdert Electrosuisse den Wissenstransfer und den fachlichen Austausch. Im Mittelpunkt unserer T\u00e4tigkeiten steht die F\u00f6rderung der sicheren, wirtschaftlichen und umweltgerechten Anwendung der Elektrotechnik."}]}},"amp_enabled":true,"_links":{"self":[{"href":"https:\/\/www.electrosuisse.ch\/fr\/wp-json\/wp\/v2\/pages\/3807","targetHints":{"allow":["GET"]}}],"collection":[{"href":"https:\/\/www.electrosuisse.ch\/fr\/wp-json\/wp\/v2\/pages"}],"about":[{"href":"https:\/\/www.electrosuisse.ch\/fr\/wp-json\/wp\/v2\/types\/page"}],"author":[{"embeddable":true,"href":"https:\/\/www.electrosuisse.ch\/fr\/wp-json\/wp\/v2\/users\/2"}],"replies":[{"embeddable":true,"href":"https:\/\/www.electrosuisse.ch\/fr\/wp-json\/wp\/v2\/comments?post=3807"}],"version-history":[{"count":6,"href":"https:\/\/www.electrosuisse.ch\/fr\/wp-json\/wp\/v2\/pages\/3807\/revisions"}],"predecessor-version":[{"id":29516,"href":"https:\/\/www.electrosuisse.ch\/fr\/wp-json\/wp\/v2\/pages\/3807\/revisions\/29516"}],"wp:attachment":[{"href":"https:\/\/www.electrosuisse.ch\/fr\/wp-json\/wp\/v2\/media?parent=3807"}],"curies":[{"name":"wp","href":"https:\/\/api.w.org\/{rel}","templated":true}]}}