{"id":3799,"date":"2018-06-24T11:36:02","date_gmt":"2018-06-24T09:36:02","guid":{"rendered":"https:\/\/www.electrosuisse.ch\/kontakt\/"},"modified":"2026-03-24T12:34:27","modified_gmt":"2026-03-24T11:34:27","slug":"contact","status":"publish","type":"page","link":"https:\/\/www.electrosuisse.ch\/fr\/contact\/","title":{"rendered":"Contact"},"content":{"rendered":"<div class=\"wpb-content-wrapper\"><p>[vc_row][vc_column][vc_column_text]<\/p>\n<h1>Contactez-nous<\/h1>\n<p>[\/vc_column_text][vc_column_text]S\u00e9lectionnez votre demande. Nous vous r\u00e9pondrons dans les plus brefs d\u00e9lais.<\/p>\n<p>Vous pouvez \u00e9galement trouver des r\u00e9ponses \u00e0 de nombreuses questions dans notre <a href=\"https:\/\/www.electrosuisse.ch\/fr\/faq\/\">FAQ<\/a>.[\/vc_column_text][vc_row_inner][vc_column_inner width=&#8221;2\/3&#8243;]<div class=\"wpb_form_column wpb_content_element\"><div class=\"wpb_wrapper test\"><div id=\"quform-c0c8fd\" class=\"quform quform-52 quform-support-page-caching\"><form id=\"quform-form-c0c8fd\" class=\"quform-form quform-form-52\" action=\"\/fr\/wp-json\/wp\/v2\/pages\/3799#quform-c0c8fd\" method=\"post\" enctype=\"multipart\/form-data\" novalidate=\"novalidate\" data-options=\"{&quot;id&quot;:52,&quot;uniqueId&quot;:&quot;c0c8fd&quot;,&quot;theme&quot;:&quot;&quot;,&quot;ajax&quot;:true,&quot;logic&quot;:{&quot;logic&quot;:{&quot;33&quot;:{&quot;action&quot;:true,&quot;match&quot;:&quot;all&quot;,&quot;rules&quot;:[{&quot;elementId&quot;:&quot;34&quot;,&quot;operator&quot;:&quot;eq&quot;,&quot;optionId&quot;:&quot;1&quot;,&quot;value&quot;:&quot;OUI, je connais le num\\u00e9ro de membre&quot;}]}},&quot;dependents&quot;:{&quot;34&quot;:[33]},&quot;elementIds&quot;:[33],&quot;dependentElementIds&quot;:[&quot;34&quot;],&quot;animate&quot;:true},&quot;currentPageId&quot;:1,&quot;errorsIcon&quot;:&quot;&quot;,&quot;updateFancybox&quot;:true,&quot;hasPages&quot;:false,&quot;pages&quot;:[1],&quot;pageProgressType&quot;:&quot;numbers&quot;,&quot;tooltipsEnabled&quot;:true,&quot;tooltipClasses&quot;:&quot;qtip-quform-dark qtip-shadow&quot;,&quot;tooltipMy&quot;:&quot;left center&quot;,&quot;tooltipAt&quot;:&quot;right center&quot;,&quot;isRtl&quot;:false,&quot;scrollOffset&quot;:-50,&quot;scrollSpeed&quot;:800}\"><button class=\"quform-default-submit\" name=\"quform_submit\" type=\"submit\" value=\"submit\" aria-hidden=\"true\" tabindex=\"-1\"><\/button><div class=\"quform-form-inner quform-form-inner-52\"><input type=\"hidden\" name=\"quform_form_id\" value=\"52\" \/><input type=\"hidden\" name=\"quform_form_uid\" value=\"c0c8fd\" \/><input type=\"hidden\" name=\"quform_count\" value=\"1\" \/><input type=\"hidden\" name=\"form_url\" value=\"https:\/\/www.electrosuisse.ch\/fr\/wp-json\/wp\/v2\/pages\/3799\" \/><input type=\"hidden\" name=\"referring_url\" value=\"\" \/><input type=\"hidden\" name=\"post_id\" value=\"\" \/><input type=\"hidden\" name=\"post_title\" value=\"\" \/><input type=\"hidden\" name=\"quform_current_page_id\" value=\"1\" \/><input type=\"hidden\" name=\"quform_loaded\" value=\"1777169925|5abf9d9f894ff2f0064271dda7b4895f\" \/><input type=\"hidden\" name=\"quform_csrf_token\" value=\"dysoLiXlXPOk4GMqxiAgqxAQS7AtSy82oef6BKgp\" \/><div class=\"quform-elements quform-elements-52 quform-cf quform-responsive-elements-phone-landscape\"><div class=\"quform-element quform-element-page quform-page-1 quform-page-52_1 quform-cf quform-group-style-plain quform-first-page quform-last-page quform-current-page\"><div class=\"quform-child-elements\"><div class=\"quform-element quform-element-select quform-element-52_31 quform-cf quform-element-required\"><div class=\"quform-spacer\"><div class=\"quform-label quform-label-52_31\"><label class=\"quform-label-text\" for=\"quform_52_31_c0c8fd\">Ma pr\u00e9occupation est<span class=\"quform-required\">*<\/span><\/label><\/div><div class=\"quform-inner quform-inner-select quform-inner-52_31\"><div class=\"quform-input quform-input-select quform-input-52_31 quform-cf\"><select id=\"quform_52_31_c0c8fd\" name=\"quform_52_31\" class=\"quform-field quform-field-select quform-field-52_31\"><option value=\"\" selected=\"selected\">Veuillez s\u00e9lectionner<\/option><option value=\"&#107;&#x75;&#114;&#x73;&#101;&#x40;&#101;&#x6c;e&#x63;t&#x72;o&#x73;u&#105;&#x73;&#115;&#x65;&#46;&#x63;&#104;\">Formation continue<\/option><option value=\"&#x74;&#97;&#x67;&#x75;n&#x67;&#101;n&#x40;&#101;l&#x65;&#99;&#x74;&#x72;o&#x73;&#117;i&#x73;&#115;e&#x2e;&#99;&#x68;\">\u00c9v\u00e9nements<\/option><option value=\"b&#101;&#114;&#x61;&#x74;&#x75;n&#103;&#64;&#x65;&#x6c;&#x65;ct&#114;&#x6f;&#x73;&#x75;is&#115;&#101;&#x2e;&#x63;&#x68;\">Inspection \/ Conseil \/ Ing\u00e9nierie<\/option><option value=\"&#x6e;&#x6f;&#114;&#109;&#101;n&#x76;&#x65;&#x72;&#107;&#97;uf&#x40;&#x65;&#x6c;&#101;&#99;t&#x72;&#x6f;&#x73;&#117;&#105;&#115;s&#x65;&#x2e;&#x63;&#104;\">Commande de produits \/ normes<\/option><option value=\"&#x76;e&#x72;b&#x61;&#110;&#x64;&#64;e&#x6c;e&#x63;&#116;&#x72;&#111;&#x73;&#117;i&#x73;s&#x65;&#46;&#x63;&#104;\">Adh\u00e9sion<\/option><option value=\"info&#64;Ele&#99;&#116;&#114;&#111;&#115;&#117;&#105;&#115;&#115;&#101;&#x2e;&#x63;&#x68;\">Questions \u00e9lectrotechniques<\/option><option value=\"&#x69;&#110;f&#x6f;&#64;&#101;&#x6c;&#x65;&#99;t&#x72;&#111;s&#x75;&#x69;&#115;s&#x65;&#46;c&#x68;\">Autres<\/option><\/select><\/div><\/div><\/div><\/div><div class=\"quform-element quform-element-textarea quform-element-52_869904 quform-sr-only quform-cf\" style=\"clip: rect(1px, 1px, 1px, 1px); clip-path: inset(50%); position: absolute !important; height: 1px; width: 1px; overflow: hidden;\"><div class=\"quform-spacer\"><div class=\"quform-label quform-label-52_869904\"><label class=\"quform-label-text\" for=\"quform_52_869904_c0c8fd\">Website URL<span class=\"quform-required\">*<\/span><\/label><\/div><div class=\"quform-inner quform-inner-52_869904\"><textarea id=\"quform_52_869904_c0c8fd\" name=\"quform_52_869904\" class=\"quform-field quform-field-textarea quform-field-52_869904\" tabindex=\"-1\" autocomplete=\"new-password\"><\/textarea><\/div><\/div><\/div><div class=\"quform-element quform-element-textarea quform-element-52_13 quform-cf quform-labels-inside quform-element-required\"><div class=\"quform-spacer\"><div class=\"quform-label quform-label-52_13\"><label class=\"quform-label-text\" for=\"quform_52_13_c0c8fd\">Votre message<span class=\"quform-required\">*<\/span><\/label><\/div><div class=\"quform-inner quform-inner-textarea quform-inner-52_13\"><div class=\"quform-input quform-input-textarea quform-input-52_13 quform-cf\"><textarea id=\"quform_52_13_c0c8fd\" name=\"quform_52_13\" class=\"quform-field quform-field-textarea quform-field-52_13\"><\/textarea><\/div><\/div><\/div><\/div><div class=\"quform-element quform-element-select quform-element-52_18 quform-cf quform-element-required\"><div class=\"quform-spacer\"><div class=\"quform-label quform-label-52_18\"><label class=\"quform-label-text\" for=\"quform_52_18_c0c8fd\">Civilit\u00e9<span class=\"quform-required\">*<\/span><\/label><\/div><div class=\"quform-inner quform-inner-select quform-inner-52_18\"><div class=\"quform-input quform-input-select quform-input-52_18 quform-cf\"><select id=\"quform_52_18_c0c8fd\" name=\"quform_52_18\" class=\"quform-field quform-field-select quform-field-52_18\"><option value=\"\" selected=\"selected\">Veuillez s\u00e9lectionner<\/option><option value=\"Monsieur\">Monsieur<\/option><option value=\"Madame\">Madame<\/option><\/select><\/div><\/div><\/div><\/div><div class=\"quform-element quform-element-text quform-element-52_6 quform-cf quform-labels-inside quform-element-optional\"><div class=\"quform-spacer\"><div class=\"quform-label quform-label-52_6\"><label class=\"quform-label-text\" for=\"quform_52_6_c0c8fd\">Entreprise<\/label><\/div><div class=\"quform-inner quform-inner-text quform-inner-52_6\"><div class=\"quform-input quform-input-text quform-input-52_6 quform-cf\"><input type=\"text\" id=\"quform_52_6_c0c8fd\" name=\"quform_52_6\" class=\"quform-field quform-field-text quform-field-52_6\" \/><\/div><\/div><\/div><\/div><div class=\"quform-element quform-element-group quform-element-52_14 quform-cf quform-group-style-plain\"><div class=\"quform-spacer\"><div class=\"quform-child-elements\"><div class=\"quform-element quform-element-text quform-element-52_4 quform-cf quform-labels-inside quform-element-required\"><div class=\"quform-spacer\"><div class=\"quform-label quform-label-52_4\"><label class=\"quform-label-text\" for=\"quform_52_4_c0c8fd\">Pr\u00e9nom<span class=\"quform-required\">*<\/span><\/label><\/div><div class=\"quform-inner quform-inner-text quform-inner-52_4\"><div class=\"quform-input quform-input-text quform-input-52_4 quform-cf\"><input type=\"text\" id=\"quform_52_4_c0c8fd\" name=\"quform_52_4\" class=\"quform-field quform-field-text quform-field-52_4\" \/><\/div><\/div><\/div><\/div><div class=\"quform-element quform-element-text quform-element-52_5 quform-cf quform-labels-inside quform-element-required\"><div class=\"quform-spacer\"><div class=\"quform-label quform-label-52_5\"><label class=\"quform-label-text\" for=\"quform_52_5_c0c8fd\">Nom<span class=\"quform-required\">*<\/span><\/label><\/div><div class=\"quform-inner quform-inner-text quform-inner-52_5\"><div class=\"quform-input quform-input-text quform-input-52_5 quform-cf\"><input type=\"text\" id=\"quform_52_5_c0c8fd\" name=\"quform_52_5\" class=\"quform-field quform-field-text quform-field-52_5\" \/><\/div><\/div><\/div><\/div><\/div><\/div><\/div><div class=\"quform-element quform-element-group quform-element-52_15 quform-cf quform-group-style-plain\"><div class=\"quform-spacer\"><div class=\"quform-child-elements\"><div class=\"quform-element quform-element-email quform-element-52_11 quform-cf quform-labels-inside quform-element-required\"><div class=\"quform-spacer\"><div class=\"quform-label quform-label-52_11\"><label class=\"quform-label-text\" for=\"quform_52_11_c0c8fd\">E-Mail<span class=\"quform-required\">*<\/span><\/label><\/div><div class=\"quform-inner quform-inner-email quform-inner-52_11\"><div class=\"quform-input quform-input-email quform-input-52_11 quform-cf\"><input type=\"email\" id=\"quform_52_11_c0c8fd\" name=\"quform_52_11\" class=\"quform-field quform-field-email quform-field-52_11\" \/><\/div><\/div><\/div><\/div><div class=\"quform-element quform-element-text quform-element-52_10 quform-cf quform-labels-inside quform-element-required\"><div class=\"quform-spacer\"><div class=\"quform-label quform-label-52_10\"><label class=\"quform-label-text\" for=\"quform_52_10_c0c8fd\">Num\u00e9ro t\u00e9l.<span class=\"quform-required\">*<\/span><\/label><\/div><div class=\"quform-inner quform-inner-text quform-inner-52_10\"><div class=\"quform-input quform-input-text quform-input-52_10 quform-cf\"><input type=\"text\" id=\"quform_52_10_c0c8fd\" name=\"quform_52_10\" class=\"quform-field quform-field-text quform-field-52_10\" \/><\/div><\/div><\/div><\/div><\/div><\/div><\/div><div class=\"quform-element quform-element-select quform-element-52_34 quform-cf quform-element-required\"><div class=\"quform-spacer\"><div class=\"quform-label quform-label-52_34\"><label class=\"quform-label-text\" for=\"quform_52_34_c0c8fd\">Je suis \/ nous sommes membre<span class=\"quform-required\">*<\/span><\/label><\/div><div class=\"quform-inner quform-inner-select quform-inner-52_34\"><div class=\"quform-input quform-input-select quform-input-52_34 quform-cf\"><select id=\"quform_52_34_c0c8fd\" name=\"quform_52_34\" class=\"quform-field quform-field-select quform-field-52_34\"><option value=\"\" selected=\"selected\">Veuillez s\u00e9lectionner<\/option><option value=\"OUI, je connais le num\u00e9ro de membre\">OUI, je connais le num\u00e9ro de membre<\/option><option value=\"OUI, mais je ne connais pas le num\u00e9ro de membre\">OUI, mais je ne connais pas le num\u00e9ro de membre<\/option><option value=\"NON, pas d&#039;adh\u00e9sion \u00e0 Electrosuisse\">NON, pas d&#039;adh\u00e9sion \u00e0 Electrosuisse<\/option><\/select><\/div><\/div><\/div><\/div><div class=\"quform-element quform-element-text quform-element-52_33 quform-cf quform-labels-inside quform-element-optional\"><div class=\"quform-spacer\"><div class=\"quform-label quform-label-52_33\"><label class=\"quform-label-text\" for=\"quform_52_33_c0c8fd\">Num\u00e9ro de membre<\/label><\/div><div class=\"quform-inner quform-inner-text quform-inner-52_33\"><div class=\"quform-input quform-input-text quform-input-52_33 quform-cf\"><input type=\"text\" id=\"quform_52_33_c0c8fd\" name=\"quform_52_33\" class=\"quform-field quform-field-text quform-field-52_33\" \/><\/div><\/div><\/div><\/div><div class=\"quform-element quform-element-submit quform-element-52_2 quform-cf quform-button-style-theme\"><div class=\"quform-button-submit quform-button-submit-default quform-button-submit-52_2\"><button name=\"quform_submit\" type=\"submit\" class=\"quform-submit\" value=\"submit\"><span class=\"quform-button-text quform-button-submit-text\">Soumettre<\/span><\/button><\/div><div class=\"quform-loading quform-loading-position-left quform-loading-type-spinner-1\"><div class=\"quform-loading-inner\"><div class=\"quform-loading-spinner\"><div class=\"quform-loading-spinner-inner\"><\/div><\/div><\/div><\/div><\/div><\/div><\/div><\/div><\/div><\/form><\/div><\/div><\/div>[\/vc_column_inner][vc_column_inner width=&#8221;1\/3&#8243;]<div class=\"wpb_address_column wpb_content_element\"><div class=\"wpb_wrapper\"><div class=\"address_container\"><h5>Si\u00e8ge social<\/h5><address><div class=\"address has-link\"><a href=\"https:\/\/goo.gl\/maps\/pvDAro1Y9g7KmSEn7\" target=\"_blank\" rel=\"noopener\">Luppmenstrasse 1<br \/>\n8320 Fehraltorf<\/a><\/div><div class=\"phone has-link\"><a href=\"tel:+41585951111\">+41 58 595 11 11<\/a><\/div><div class=\"mail has-link\"><a href=\"&#x6d;&#x61;&#105;&#108;t&#x6f;&#x3a;&#x69;&#110;fo&#x40;&#x65;&#108;&#101;c&#x74;&#x72;&#x6f;&#115;ui&#x73;&#x73;&#101;&#46;c&#x68;\">&#x69;n&#x66;&#111;&#64;&#x65;&#108;&#x65;&#x63;t&#x72;&#111;s&#x75;&#105;&#x73;&#115;e&#x2e;&#99;h<\/a><\/div><\/address><\/div><\/div><\/div><div class=\"wpb_address_column wpb_content_element\"><div class=\"wpb_wrapper\"><div class=\"address_container\"><h5>Succursale<\/h5><address><div class=\"address has-link\"><a href=\"https:\/\/www.google.com\/maps\/place\/Route+de+la+P%C3%A2la+100,+1630+Bulle\/@46.6164015,7.0357207,17z\/data=!3m1!4b1!4m5!3m4!1s0x478e629a2daff06f:0xdc08288105de3942!8m2!3d46.6164015!4d7.0379147\" target=\"_blank\" rel=\"noopener\">Route de la P\u00e2la 100<br \/>\n1630 Bulle<\/a><\/div><div class=\"phone has-link\"><a href=\"tel:+41585951333\">+41 58 595 13 33<\/a><\/div><div class=\"mail has-link\"><a href=\"&#x6d;&#x61;&#105;&#108;t&#x6f;&#x3a;&#x69;&#110;fo&#x40;&#x65;&#108;&#101;c&#x74;&#x72;&#x6f;&#115;ui&#x73;&#x73;&#101;&#46;c&#x68;\">&#x69;n&#x66;&#111;&#x40;&#101;l&#x65;&#99;&#x74;&#114;o&#x73;&#117;&#x69;&#115;s&#x65;&#46;&#x63;&#104;<\/a><\/div><\/address><\/div><\/div><\/div><div class=\"wpb_address_column wpb_content_element\"><div class=\"wpb_wrapper\"><div class=\"address_container\"><h5>Bureau r\u00e9gional<\/h5><address><div class=\"address has-link\"><a href=\"https:\/\/www.google.com\/maps\/place\/Freiburgstrasse+251,+3018+Bern\/@46.9383195,7.3961087,17z\/data=!4m16!1m9!3m8!1s0x478e391e78c6edff:0x632b8f7dcf65c470!2sFreiburgstrasse+251,+3018+Bern!3b1!8m2!3d46.9383195!4d7.3982974!10e3!16s%2Fg%2F11bw3xdq31!3m5!1s0x478e391e78c6edff:0x632b8f7dcf65c470!8m2!3d46.9383195!4d7.3982974!16s%2Fg%2F11bw3xdq31?entry=ttu\" target=\"_blank\" rel=\"noopener\">Freiburgstrasse 251<br \/>\n3018 Bern<\/a><\/div><div class=\"phone has-link\"><a href=\"tel:+41585951411\">+41 58 595 14 11<\/a><\/div><div class=\"mail has-link\"><a href=\"&#x6d;&#x61;&#x69;&#x6c;&#116;&#111;:in&#x66;&#x6f;&#x40;&#x65;&#108;&#101;ctr&#x6f;&#x73;&#x75;&#x69;&#115;&#115;&#101;&#46;c&#x68;\">&#105;&#x6e;f&#111;&#x40;e&#108;&#x65;c&#116;&#x72;o&#115;&#x75;i&#115;&#x73;e&#46;&#x63;h<\/a><\/div><\/address><\/div><\/div><\/div><div class=\"wpb_address_column wpb_content_element\"><div class=\"wpb_wrapper\"><div class=\"address_container\"><h5>Bureau r\u00e9gional<\/h5><address><div class=\"address has-link\"><a href=\"https:\/\/www.google.com\/maps\/place\/Hornimattstrasse+22,+5103+Wildegg\/@47.4161727,8.1670831,17z\/data=!3m1!4b1!4m5!3m4!1s0x4790158a579f91fb:0xeab5bbe3365c485!8m2!3d47.4161691!4d8.1692771\" target=\"_blank\" rel=\"noopener\">Hornimattstrasse 2<br \/>\n5103 M\u00f6riken-Wildegg<\/a><\/div><div class=\"phone has-link\"><a href=\"tel:+41585951111\">+41 58 595 11 11<\/a><\/div><div class=\"mail has-link\"><a href=\"&#x6d;a&#x69;&#108;&#x74;&#111;:&#x69;&#110;&#x66;&#111;&#64;&#x65;&#108;&#x65;&#99;t&#x72;o&#x73;&#117;&#x69;&#x73;s&#x65;&#46;&#x63;&#104;\">&#x69;&#x6e;&#x66;&#x6f;&#x40;&#x65;&#x6c;&#101;&#99;&#116;&#114;&#111;suis&#x73;&#x65;&#x2e;&#x63;&#x68;<\/a><\/div><\/address><\/div><\/div><\/div>[\/vc_column_inner][\/vc_row_inner][\/vc_column][\/vc_row]<\/p>\n<\/div>","protected":false},"excerpt":{"rendered":"<p>[vc_row][vc_column][vc_column_text] Contactez-nous [\/vc_column_text][vc_column_text]S\u00e9lectionnez votre demande. Nous vous r\u00e9pondrons dans les plus brefs d\u00e9lais. Vous pouvez \u00e9galement trouver des r\u00e9ponses \u00e0 de nombreuses questions dans notre FAQ.[\/vc_column_text][vc_row_inner][vc_column_inner width=&#8221;2\/3&#8243;][\/vc_column_inner][vc_column_inner width=&#8221;1\/3&#8243;][\/vc_column_inner][\/vc_row_inner][\/vc_column][\/vc_row]<\/p>\n","protected":false},"author":2,"featured_media":0,"parent":0,"menu_order":368,"comment_status":"closed","ping_status":"closed","template":"page-map.php","meta":{"_acf_changed":false,"_monsterinsights_skip_tracking":false,"_monsterinsights_sitenote_active":false,"_monsterinsights_sitenote_note":"","_monsterinsights_sitenote_category":0,"footnotes":""},"class_list":["post-3799","page","type-page","status-publish","hentry"],"acf":[],"yoast_head":"<!-- This site is optimized with the Yoast SEO Premium plugin v26.4 (Yoast SEO v27.0) - https:\/\/yoast.com\/product\/yoast-seo-premium-wordpress\/ -->\n<title>Contact - Electrosuisse<\/title>\n<meta name=\"description\" content=\"S\u00e9lectionnez votre demande et contactez-nous. Nous vous r\u00e9pondrons rapidement ; vous pouvez \u00e9galement consulter notre FAQ.\" \/>\n<meta name=\"robots\" content=\"index, follow, max-snippet:-1, max-image-preview:large, max-video-preview:-1\" \/>\n<link rel=\"canonical\" href=\"https:\/\/www.electrosuisse.ch\/fr\/contact\/\" \/>\n<meta property=\"og:locale\" content=\"fr_FR\" \/>\n<meta property=\"og:type\" content=\"article\" \/>\n<meta property=\"og:title\" content=\"Contact - Electrosuisse\" \/>\n<meta property=\"og:description\" content=\"S\u00e9lectionnez votre demande et contactez-nous. Nous vous r\u00e9pondrons rapidement ; vous pouvez \u00e9galement consulter notre FAQ.\" \/>\n<meta property=\"og:url\" content=\"https:\/\/www.electrosuisse.ch\/fr\/contact\/\" \/>\n<meta property=\"og:site_name\" content=\"Electrosuisse\" \/>\n<meta property=\"article:modified_time\" content=\"2026-03-24T11:34:27+00:00\" \/>\n<meta property=\"og:image\" content=\"https:\/\/www.electrosuisse.ch\/wp-content\/uploads\/2022\/12\/Electrosuisse_Ueber_uns_1578x650.jpg\" \/>\n\t<meta property=\"og:image:width\" content=\"1578\" \/>\n\t<meta property=\"og:image:height\" content=\"650\" \/>\n\t<meta property=\"og:image:type\" content=\"image\/jpeg\" \/>\n<script type=\"application\/ld+json\" class=\"yoast-schema-graph\">{\"@context\":\"https:\/\/schema.org\",\"@graph\":[{\"@type\":\"WebPage\",\"@id\":\"https:\/\/www.electrosuisse.ch\/fr\/contact\/\",\"url\":\"https:\/\/www.electrosuisse.ch\/fr\/contact\/\",\"name\":\"Contact - Electrosuisse\",\"isPartOf\":{\"@id\":\"https:\/\/www.electrosuisse.ch\/fr\/#website\"},\"datePublished\":\"2018-06-24T09:36:02+00:00\",\"dateModified\":\"2026-03-24T11:34:27+00:00\",\"description\":\"S\u00e9lectionnez votre demande et contactez-nous. Nous vous r\u00e9pondrons rapidement ; vous pouvez \u00e9galement consulter notre FAQ.\",\"inLanguage\":\"fr-FR\",\"potentialAction\":[{\"@type\":\"ReadAction\",\"target\":[\"https:\/\/www.electrosuisse.ch\/fr\/contact\/\"]}]},{\"@type\":\"WebSite\",\"@id\":\"https:\/\/www.electrosuisse.ch\/fr\/#website\",\"url\":\"https:\/\/www.electrosuisse.ch\/fr\/\",\"name\":\"Electrosuisse\",\"description\":\"\",\"publisher\":{\"@id\":\"https:\/\/www.electrosuisse.ch\/fr\/#organization\"},\"potentialAction\":[{\"@type\":\"SearchAction\",\"target\":{\"@type\":\"EntryPoint\",\"urlTemplate\":\"https:\/\/www.electrosuisse.ch\/fr\/?s={search_term_string}\"},\"query-input\":{\"@type\":\"PropertyValueSpecification\",\"valueRequired\":true,\"valueName\":\"search_term_string\"}}],\"inLanguage\":\"fr-FR\"},{\"@type\":\"Organization\",\"@id\":\"https:\/\/www.electrosuisse.ch\/fr\/#organization\",\"name\":\"Electrosuisse\",\"url\":\"https:\/\/www.electrosuisse.ch\/fr\/\",\"logo\":{\"@type\":\"ImageObject\",\"inLanguage\":\"fr-FR\",\"@id\":\"https:\/\/www.electrosuisse.ch\/fr\/#\/schema\/logo\/image\/\",\"url\":\"https:\/\/www.electrosuisse.ch\/wp-content\/uploads\/2025\/04\/Electrosuisse_Logo_696x696.png\",\"contentUrl\":\"https:\/\/www.electrosuisse.ch\/wp-content\/uploads\/2025\/04\/Electrosuisse_Logo_696x696.png\",\"width\":696,\"height\":696,\"caption\":\"Electrosuisse\"},\"image\":{\"@id\":\"https:\/\/www.electrosuisse.ch\/fr\/#\/schema\/logo\/image\/\"},\"sameAs\":[\"https:\/\/www.linkedin.com\/company\/electrosuisse-ag\/posts\/?feedView=all\",\"https:\/\/www.instagram.com\/electrosuisse1889\/\",\"https:\/\/www.youtube.com\/channel\/UCoOxohMiVE0Gjcdis1L09zw\"],\"description\":\"Electrosuisse ist eine anerkannte und unabh\u00e4ngige Fachorganisation, die erstklassige Dienstleistungen und Produkte in den Bereichen Inspektion, Beratung, Pr\u00fcfung, Zertifizierung, Normung und Weiterbildung anbietet. Unsere Expertise umfasst Elektrotechnik, Elektromobilit\u00e4t, Energieberatung, Geb\u00e4udeautomation und Photovoltaik in der Schweiz. Durch die Veranstaltung etablierter Branchen-Events und Fachtagungen f\u00f6rdert Electrosuisse den Wissenstransfer und den fachlichen Austausch. Im Mittelpunkt unserer T\u00e4tigkeiten steht die F\u00f6rderung der sicheren, wirtschaftlichen und umweltgerechten Anwendung der Elektrotechnik.\"}]}<\/script>\n<!-- \/ Yoast SEO Premium plugin. -->","yoast_head_json":{"title":"Contact - Electrosuisse","description":"S\u00e9lectionnez votre demande et contactez-nous. Nous vous r\u00e9pondrons rapidement ; vous pouvez \u00e9galement consulter notre FAQ.","robots":{"index":"index","follow":"follow","max-snippet":"max-snippet:-1","max-image-preview":"max-image-preview:large","max-video-preview":"max-video-preview:-1"},"canonical":"https:\/\/www.electrosuisse.ch\/fr\/contact\/","og_locale":"fr_FR","og_type":"article","og_title":"Contact - Electrosuisse","og_description":"S\u00e9lectionnez votre demande et contactez-nous. Nous vous r\u00e9pondrons rapidement ; vous pouvez \u00e9galement consulter notre FAQ.","og_url":"https:\/\/www.electrosuisse.ch\/fr\/contact\/","og_site_name":"Electrosuisse","article_modified_time":"2026-03-24T11:34:27+00:00","og_image":[{"width":1578,"height":650,"url":"https:\/\/www.electrosuisse.ch\/wp-content\/uploads\/2022\/12\/Electrosuisse_Ueber_uns_1578x650.jpg","type":"image\/jpeg"}],"schema":{"@context":"https:\/\/schema.org","@graph":[{"@type":"WebPage","@id":"https:\/\/www.electrosuisse.ch\/fr\/contact\/","url":"https:\/\/www.electrosuisse.ch\/fr\/contact\/","name":"Contact - Electrosuisse","isPartOf":{"@id":"https:\/\/www.electrosuisse.ch\/fr\/#website"},"datePublished":"2018-06-24T09:36:02+00:00","dateModified":"2026-03-24T11:34:27+00:00","description":"S\u00e9lectionnez votre demande et contactez-nous. Nous vous r\u00e9pondrons rapidement ; vous pouvez \u00e9galement consulter notre FAQ.","inLanguage":"fr-FR","potentialAction":[{"@type":"ReadAction","target":["https:\/\/www.electrosuisse.ch\/fr\/contact\/"]}]},{"@type":"WebSite","@id":"https:\/\/www.electrosuisse.ch\/fr\/#website","url":"https:\/\/www.electrosuisse.ch\/fr\/","name":"Electrosuisse","description":"","publisher":{"@id":"https:\/\/www.electrosuisse.ch\/fr\/#organization"},"potentialAction":[{"@type":"SearchAction","target":{"@type":"EntryPoint","urlTemplate":"https:\/\/www.electrosuisse.ch\/fr\/?s={search_term_string}"},"query-input":{"@type":"PropertyValueSpecification","valueRequired":true,"valueName":"search_term_string"}}],"inLanguage":"fr-FR"},{"@type":"Organization","@id":"https:\/\/www.electrosuisse.ch\/fr\/#organization","name":"Electrosuisse","url":"https:\/\/www.electrosuisse.ch\/fr\/","logo":{"@type":"ImageObject","inLanguage":"fr-FR","@id":"https:\/\/www.electrosuisse.ch\/fr\/#\/schema\/logo\/image\/","url":"https:\/\/www.electrosuisse.ch\/wp-content\/uploads\/2025\/04\/Electrosuisse_Logo_696x696.png","contentUrl":"https:\/\/www.electrosuisse.ch\/wp-content\/uploads\/2025\/04\/Electrosuisse_Logo_696x696.png","width":696,"height":696,"caption":"Electrosuisse"},"image":{"@id":"https:\/\/www.electrosuisse.ch\/fr\/#\/schema\/logo\/image\/"},"sameAs":["https:\/\/www.linkedin.com\/company\/electrosuisse-ag\/posts\/?feedView=all","https:\/\/www.instagram.com\/electrosuisse1889\/","https:\/\/www.youtube.com\/channel\/UCoOxohMiVE0Gjcdis1L09zw"],"description":"Electrosuisse ist eine anerkannte und unabh\u00e4ngige Fachorganisation, die erstklassige Dienstleistungen und Produkte in den Bereichen Inspektion, Beratung, Pr\u00fcfung, Zertifizierung, Normung und Weiterbildung anbietet. Unsere Expertise umfasst Elektrotechnik, Elektromobilit\u00e4t, Energieberatung, Geb\u00e4udeautomation und Photovoltaik in der Schweiz. Durch die Veranstaltung etablierter Branchen-Events und Fachtagungen f\u00f6rdert Electrosuisse den Wissenstransfer und den fachlichen Austausch. Im Mittelpunkt unserer T\u00e4tigkeiten steht die F\u00f6rderung der sicheren, wirtschaftlichen und umweltgerechten Anwendung der Elektrotechnik."}]}},"amp_enabled":false,"_links":{"self":[{"href":"https:\/\/www.electrosuisse.ch\/fr\/wp-json\/wp\/v2\/pages\/3799","targetHints":{"allow":["GET"]}}],"collection":[{"href":"https:\/\/www.electrosuisse.ch\/fr\/wp-json\/wp\/v2\/pages"}],"about":[{"href":"https:\/\/www.electrosuisse.ch\/fr\/wp-json\/wp\/v2\/types\/page"}],"author":[{"embeddable":true,"href":"https:\/\/www.electrosuisse.ch\/fr\/wp-json\/wp\/v2\/users\/2"}],"replies":[{"embeddable":true,"href":"https:\/\/www.electrosuisse.ch\/fr\/wp-json\/wp\/v2\/comments?post=3799"}],"version-history":[{"count":3,"href":"https:\/\/www.electrosuisse.ch\/fr\/wp-json\/wp\/v2\/pages\/3799\/revisions"}],"predecessor-version":[{"id":36790,"href":"https:\/\/www.electrosuisse.ch\/fr\/wp-json\/wp\/v2\/pages\/3799\/revisions\/36790"}],"wp:attachment":[{"href":"https:\/\/www.electrosuisse.ch\/fr\/wp-json\/wp\/v2\/media?parent=3799"}],"curies":[{"name":"wp","href":"https:\/\/api.w.org\/{rel}","templated":true}]}}