{"id":3775,"date":"2018-06-24T11:06:28","date_gmt":"2018-06-24T09:06:28","guid":{"rendered":"https:\/\/www.electrosuisse.ch\/mitglieder-service\/services\/publikationen\/"},"modified":"2026-03-19T16:21:20","modified_gmt":"2026-03-19T15:21:20","slug":"publications","status":"publish","type":"page","link":"https:\/\/www.electrosuisse.ch\/fr\/medias\/publications\/","title":{"rendered":"Publications"},"content":{"rendered":"<div class=\"wpb-content-wrapper\"><p>[vc_row][vc_column][vc_column_text el_class=&#8221;lead&#8221;]Aujourd\u2019hui comme hier, les d\u00e9veloppements technologiques, les strat\u00e9gies in\u00e9dites et les nouvelles lois donnent d\u2019importantes impulsions \u00e0 nos activit\u00e9s. Nos informations, publications et manifestations vous fournissent aujourd\u2019hui le savoir-faire pour demain.[\/vc_column_text][\/vc_column][\/vc_row][vc_row el_id=&#8221;bulletin&#8221;][vc_column][vc_column_text css=&#8221;&#8221;]<\/p>\n<h3>Bulletin.ch : un abonnement \u00e0 des connaissances sp\u00e9cialis\u00e9es<\/h3>\n<p>En version imprim\u00e9e ou en ligne, <a href=\"https:\/\/www.bulletin.ch\/fr\" target=\"_blank\" rel=\"noopener\">bulletin.ch<\/a> est le principal magazine sp\u00e9cialis\u00e9 de la branche.[\/vc_column_text]<div class=\"wpb_text_image_column wpb_text_image_column--below wpb_content_element \"><div class=\"wpb_wrapper\"><div class=\"picture_container\"><picture><source media=\"(min-width: 769px)\" srcset=\"https:\/\/www.electrosuisse.ch\/wp-content\/uploads\/2026\/02\/Mockup-A_360x360.jpg\"><source media=\"(min-width: 415px)\" srcset=\"https:\/\/www.electrosuisse.ch\/wp-content\/uploads\/2026\/02\/Mockup-A_360x360.jpg\"><source media=\"(max-width: 414px)\" srcset=\"https:\/\/www.electrosuisse.ch\/wp-content\/uploads\/2026\/02\/Mockup-A_360x360.jpg 1x, https:\/\/www.electrosuisse.ch\/wp-content\/uploads\/2026\/02\/Mockup-A_360x360.jpg 2x\"><img decoding=\"async\" src=\"https:\/\/www.electrosuisse.ch\/wp-content\/uploads\/2026\/02\/Mockup-A_360x360.jpg\" alt=\"Bulletin.ch : un abonnement \u00e0 des connaissances sp\u00e9cialis\u00e9es\" \/><\/picture><\/div><p>Nous vous informons en 8 \u00e9ditions par an sur les th\u00e8mes actuels.<\/p>\n<ul>\n<li>Technique de l\u2019\u00e9nergie<\/li>\n<li>Technologies de l\u2019information et de la communication<\/li>\n<li>Technique de l\u2019environnement<\/li>\n<li>Secteur de l\u2019\u00e9nergie<\/li>\n<li>Normalisation nationale et internationale (<a href=\"https:\/\/www.electrosuisse.ch\/fr\/normalisation\/ces\/\">CES<\/a>,\u00a0<a href=\"https:\/\/www.electrosuisse.ch\/fr\/normalisation\/cenelec\/\">CENELEC<\/a>,\u00a0<a href=\"https:\/\/www.electrosuisse.ch\/fr\/normalisation\/cei\/\">CEI<\/a>)<\/li>\n<li>Nouvelles de l\u2019association<\/li>\n<\/ul>\n<div class=\"button button--normal\"><a href=\"https:\/\/www.bulletin.ch\/fr\/sabonner\" target=\"_blank\" rel=\"noopener\">s'abonner \u00e0 bulletin.ch<\/a><\/div><\/div><\/div>[\/vc_column][\/vc_row][vc_row el_id=&#8221;books&#8221;][vc_column][vc_column_text]<\/p>\n<h3>Livres sp\u00e9cialis\u00e9s<\/h3>\n<p>Des ouvrages sp\u00e9cialis\u00e9s tri\u00e9s sur le volet sont disponibles dans la boutique en ligne. Les membres b\u00e9n\u00e9ficient de r\u00e9ductions de prix.[\/vc_column_text]<div class=\"wpb_text_image_column wpb_text_image_column--below wpb_content_element \"><div class=\"wpb_wrapper\"><div class=\"picture_container\"><picture><source media=\"(min-width: 769px)\" srcset=\"https:\/\/www.electrosuisse.ch\/wp-content\/uploads\/2019\/02\/fachbuecher_electrosuisse-570x336.jpg\"><source media=\"(min-width: 415px)\" srcset=\"https:\/\/www.electrosuisse.ch\/wp-content\/uploads\/2019\/02\/fachbuecher_electrosuisse.jpg\"><source media=\"(max-width: 414px)\" srcset=\"https:\/\/www.electrosuisse.ch\/wp-content\/uploads\/2019\/02\/fachbuecher_electrosuisse-414x244.jpg 1x, https:\/\/www.electrosuisse.ch\/wp-content\/uploads\/2019\/02\/fachbuecher_electrosuisse.jpg 2x\"><img decoding=\"async\" src=\"https:\/\/www.electrosuisse.ch\/wp-content\/uploads\/2019\/02\/fachbuecher_electrosuisse-570x336.jpg\" alt=\"Livres sp\u00e9cialis\u00e9s\" \/><\/picture><\/div><p>La formation continue est votre avantage personnel dans un march\u00e9 du travail en mutation permanente. Nos cours sp\u00e9cialis\u00e9s sont ax\u00e9s sur les besoins de la pratique.<\/p>\n<div class=\"button button--normal\"><a href=\"https:\/\/shop.electrosuisse.ch\/fr\/normes-et-produits\/produits\/imprimes\/\" target=\"_blank\" rel=\"noopener\">Produits en boutique<\/a><\/div><\/div><\/div>[\/vc_column][\/vc_row][vc_row el_id=&#8221;lohnradar&#8221;][vc_column][vc_column_text]<\/p>\n<h3>Focus Salaire<\/h3>\n<p>[\/vc_column_text]<div class=\"wpb_text_image_column wpb_text_image_column--below wpb_content_element \"><div class=\"wpb_wrapper\"><div class=\"picture_container\"><picture><source media=\"(min-width: 769px)\" srcset=\"https:\/\/www.electrosuisse.ch\/wp-content\/uploads\/2020\/11\/Lohnradar_2020_585x345-570x336.jpg\"><source media=\"(min-width: 415px)\" srcset=\"https:\/\/www.electrosuisse.ch\/wp-content\/uploads\/2020\/11\/Lohnradar_2020_585x345.jpg\"><source media=\"(max-width: 414px)\" srcset=\"https:\/\/www.electrosuisse.ch\/wp-content\/uploads\/2020\/11\/Lohnradar_2020_585x345-414x244.jpg 1x, https:\/\/www.electrosuisse.ch\/wp-content\/uploads\/2020\/11\/Lohnradar_2020_585x345.jpg 2x\"><img decoding=\"async\" src=\"https:\/\/www.electrosuisse.ch\/wp-content\/uploads\/2020\/11\/Lohnradar_2020_585x345-570x336.jpg\" alt=\"Focus Salaire\" \/><\/picture><\/div><p>Le Focus Salaire d\u2019Electrosuisse pr\u00e9sente les r\u00e9sultats des \u00e9tudes salariales men\u00e9es sp\u00e9cifiquement au sein de la branche de l\u2019\u00e9lectrotechnique et de l\u2019\u00e9nergie en Suisse, et ce, afin d\u2019offrir plus de transparence aux professionnels actifs dans ces domaines.<\/p>\n<div class=\"button button--normal\"><a href=\"https:\/\/www.electrosuisse.ch\/fr\/medias\/publications\/focus-salaire\/\">en savoir plus<\/a><\/div><\/div><\/div>[\/vc_column][\/vc_row][vc_row el_id=&#8221;infobro&#8221;][vc_column][vc_column_text]<\/p>\n<h3>Brochures<\/h3>\n<p>Avec nos brochures, nous transmettons des connaissances &#8211; vari\u00e9es, claires et compactes.[\/vc_column_text]<div class=\"wpb_text_image_column wpb_text_image_column--below wpb_content_element \"><div class=\"wpb_wrapper\"><div class=\"picture_container\"><picture><source media=\"(min-width: 769px)\" srcset=\"https:\/\/www.electrosuisse.ch\/wp-content\/uploads\/2019\/02\/magazine_broschueren_news_electrosuisse-570x336.jpg\"><source media=\"(min-width: 415px)\" srcset=\"https:\/\/www.electrosuisse.ch\/wp-content\/uploads\/2019\/02\/magazine_broschueren_news_electrosuisse.jpg\"><source media=\"(max-width: 414px)\" srcset=\"https:\/\/www.electrosuisse.ch\/wp-content\/uploads\/2019\/02\/magazine_broschueren_news_electrosuisse-414x244.jpg 1x, https:\/\/www.electrosuisse.ch\/wp-content\/uploads\/2019\/02\/magazine_broschueren_news_electrosuisse.jpg 2x\"><img decoding=\"async\" src=\"https:\/\/www.electrosuisse.ch\/wp-content\/uploads\/2019\/02\/magazine_broschueren_news_electrosuisse-570x336.jpg\" alt=\"Brochures\" \/><\/picture><\/div>\n<div class=\"accordion__element\">\n<p>Ces publications sont disponibles soit par t\u00e9l\u00e9chargement gratuit, soit sous forme imprim\u00e9e aux conditions suivantes :<\/p>\n<p>1-10 exemplaires : gratuitement<\/p>\n<p>d\u00e8s 11 exemplaires : 5.00 CHF\/pi\u00e8ce<\/p>\n<\/div>\n<div class=\"button button--normal\"><a href=\"https:\/\/www.electrosuisse.ch\/fr\/telechargements\/services-aux-membres\/\" target=\"_blank\" rel=\"noopener\">Aper\u00e7u des brochures<\/a><\/div><\/div><\/div>[\/vc_column][\/vc_row][vc_row el_id=&#8221;video&#8221;][vc_column][vc_column_text]<\/p>\n<h3>Vid\u00e9os<\/h3>\n<p>[\/vc_column_text][vc_column_text]Nos courts m\u00e9trages montrent la diversit\u00e9 de notre engagement.[\/vc_column_text]<div class=\"wpb_text_image_column wpb_text_image_column--below wpb_content_element \"><div class=\"wpb_wrapper\"><div class=\"picture_container\"><picture><source media=\"(min-width: 769px)\" srcset=\"https:\/\/www.electrosuisse.ch\/wp-content\/uploads\/2018\/12\/video_youtube_electrosuisse-570x328.jpg\"><source media=\"(min-width: 415px)\" srcset=\"https:\/\/www.electrosuisse.ch\/wp-content\/uploads\/2018\/12\/video_youtube_electrosuisse.jpg\"><source media=\"(max-width: 414px)\" srcset=\"https:\/\/www.electrosuisse.ch\/wp-content\/uploads\/2018\/12\/video_youtube_electrosuisse-414x238.jpg 1x, https:\/\/www.electrosuisse.ch\/wp-content\/uploads\/2018\/12\/video_youtube_electrosuisse.jpg 2x\"><img decoding=\"async\" src=\"https:\/\/www.electrosuisse.ch\/wp-content\/uploads\/2018\/12\/video_youtube_electrosuisse-570x328.jpg\" alt=\"Vid\u00e9os\" \/><\/picture><\/div><p>La formation continue repr\u00e9sente votre avantage personnel dans un march\u00e9 du travail en mutation permanente. Nos cours sp\u00e9cialis\u00e9s sont ax\u00e9s sur les besoins de la pratique.<\/p>\n<div class=\"button button--normal\"><a href=\"https:\/\/www.youtube.com\/channel\/UCoOxohMiVE0Gjcdis1L09zw\" target=\"_blank\" rel=\"noopener\">Cha\u00eene YouTube<\/a><\/div><\/div><\/div>[\/vc_column][\/vc_row]<\/p>\n<\/div>","protected":false},"excerpt":{"rendered":"<p>[vc_row][vc_column][vc_column_text el_class=&#8221;lead&#8221;]Aujourd\u2019hui comme hier, les d\u00e9veloppements technologiques, les strat\u00e9gies in\u00e9dites et les nouvelles lois donnent d\u2019importantes impulsions \u00e0 nos activit\u00e9s. Nos informations, publications et manifestations vous fournissent aujourd\u2019hui le savoir-faire pour demain.[\/vc_column_text][\/vc_column][\/vc_row][vc_row el_id=&#8221;bulletin&#8221;][vc_column][vc_column_text css=&#8221;&#8221;] Bulletin.ch : un abonnement \u00e0 des connaissances sp\u00e9cialis\u00e9es En version imprim\u00e9e ou en ligne, bulletin.ch est le principal magazine sp\u00e9cialis\u00e9 de [&hellip;]<\/p>\n","protected":false},"author":2,"featured_media":0,"parent":3807,"menu_order":61,"comment_status":"closed","ping_status":"closed","template":"","meta":{"_acf_changed":false,"_monsterinsights_skip_tracking":false,"_monsterinsights_sitenote_active":false,"_monsterinsights_sitenote_note":"","_monsterinsights_sitenote_category":0,"footnotes":""},"class_list":["post-3775","page","type-page","status-publish","hentry"],"acf":[],"yoast_head":"<!-- This site is optimized with the Yoast SEO Premium plugin v26.4 (Yoast SEO v27.0) - https:\/\/yoast.com\/product\/yoast-seo-premium-wordpress\/ -->\n<title>Electrosuisse publications<\/title>\n<meta name=\"description\" content=\"Actualit\u00e9s et publications dans les domaines de l&#039;\u00e9lectrotechnique, des techniques de l&#039;\u00e9nergie et de l&#039;information.\" \/>\n<meta name=\"robots\" content=\"index, follow, max-snippet:-1, max-image-preview:large, max-video-preview:-1\" \/>\n<link rel=\"canonical\" href=\"https:\/\/www.electrosuisse.ch\/fr\/medias\/publications\/\" \/>\n<meta property=\"og:locale\" content=\"fr_FR\" \/>\n<meta property=\"og:type\" content=\"article\" \/>\n<meta property=\"og:title\" content=\"Electrosuisse publications\" \/>\n<meta property=\"og:description\" content=\"Actualit\u00e9s et publications dans les domaines de l&#039;\u00e9lectrotechnique, des techniques de l&#039;\u00e9nergie et de l&#039;information.\" \/>\n<meta property=\"og:url\" content=\"https:\/\/www.electrosuisse.ch\/fr\/medias\/publications\/\" \/>\n<meta property=\"og:site_name\" content=\"Electrosuisse\" \/>\n<meta property=\"article:modified_time\" content=\"2026-03-19T15:21:20+00:00\" \/>\n<meta property=\"og:image\" content=\"https:\/\/www.electrosuisse.ch\/wp-content\/uploads\/2019\/02\/electrosuisse_publikationen.jpg\" \/>\n\t<meta property=\"og:image:width\" content=\"1578\" \/>\n\t<meta property=\"og:image:height\" content=\"650\" \/>\n\t<meta property=\"og:image:type\" content=\"image\/jpeg\" \/>\n<script type=\"application\/ld+json\" class=\"yoast-schema-graph\">{\"@context\":\"https:\/\/schema.org\",\"@graph\":[{\"@type\":\"WebPage\",\"@id\":\"https:\/\/www.electrosuisse.ch\/fr\/medias\/publications\/\",\"url\":\"https:\/\/www.electrosuisse.ch\/fr\/medias\/publications\/\",\"name\":\"Electrosuisse publications\",\"isPartOf\":{\"@id\":\"https:\/\/www.electrosuisse.ch\/fr\/#website\"},\"datePublished\":\"2018-06-24T09:06:28+00:00\",\"dateModified\":\"2026-03-19T15:21:20+00:00\",\"description\":\"Actualit\u00e9s et publications dans les domaines de l'\u00e9lectrotechnique, des techniques de l'\u00e9nergie et de l'information.\",\"breadcrumb\":{\"@id\":\"https:\/\/www.electrosuisse.ch\/fr\/medias\/publications\/#breadcrumb\"},\"inLanguage\":\"fr-FR\",\"potentialAction\":[{\"@type\":\"ReadAction\",\"target\":[\"https:\/\/www.electrosuisse.ch\/fr\/medias\/publications\/\"]}]},{\"@type\":\"BreadcrumbList\",\"@id\":\"https:\/\/www.electrosuisse.ch\/fr\/medias\/publications\/#breadcrumb\",\"itemListElement\":[{\"@type\":\"ListItem\",\"position\":1,\"name\":\"M\u00e9dias\",\"item\":\"https:\/\/www.electrosuisse.ch\/fr\/medias\/\"},{\"@type\":\"ListItem\",\"position\":2,\"name\":\"Publications\"}]},{\"@type\":\"WebSite\",\"@id\":\"https:\/\/www.electrosuisse.ch\/fr\/#website\",\"url\":\"https:\/\/www.electrosuisse.ch\/fr\/\",\"name\":\"Electrosuisse\",\"description\":\"\",\"publisher\":{\"@id\":\"https:\/\/www.electrosuisse.ch\/fr\/#organization\"},\"potentialAction\":[{\"@type\":\"SearchAction\",\"target\":{\"@type\":\"EntryPoint\",\"urlTemplate\":\"https:\/\/www.electrosuisse.ch\/fr\/?s={search_term_string}\"},\"query-input\":{\"@type\":\"PropertyValueSpecification\",\"valueRequired\":true,\"valueName\":\"search_term_string\"}}],\"inLanguage\":\"fr-FR\"},{\"@type\":\"Organization\",\"@id\":\"https:\/\/www.electrosuisse.ch\/fr\/#organization\",\"name\":\"Electrosuisse\",\"url\":\"https:\/\/www.electrosuisse.ch\/fr\/\",\"logo\":{\"@type\":\"ImageObject\",\"inLanguage\":\"fr-FR\",\"@id\":\"https:\/\/www.electrosuisse.ch\/fr\/#\/schema\/logo\/image\/\",\"url\":\"https:\/\/www.electrosuisse.ch\/wp-content\/uploads\/2025\/04\/Electrosuisse_Logo_696x696.png\",\"contentUrl\":\"https:\/\/www.electrosuisse.ch\/wp-content\/uploads\/2025\/04\/Electrosuisse_Logo_696x696.png\",\"width\":696,\"height\":696,\"caption\":\"Electrosuisse\"},\"image\":{\"@id\":\"https:\/\/www.electrosuisse.ch\/fr\/#\/schema\/logo\/image\/\"},\"sameAs\":[\"https:\/\/www.linkedin.com\/company\/electrosuisse-ag\/posts\/?feedView=all\",\"https:\/\/www.instagram.com\/electrosuisse1889\/\",\"https:\/\/www.youtube.com\/channel\/UCoOxohMiVE0Gjcdis1L09zw\"],\"description\":\"Electrosuisse ist eine anerkannte und unabh\u00e4ngige Fachorganisation, die erstklassige Dienstleistungen und Produkte in den Bereichen Inspektion, Beratung, Pr\u00fcfung, Zertifizierung, Normung und Weiterbildung anbietet. Unsere Expertise umfasst Elektrotechnik, Elektromobilit\u00e4t, Energieberatung, Geb\u00e4udeautomation und Photovoltaik in der Schweiz. Durch die Veranstaltung etablierter Branchen-Events und Fachtagungen f\u00f6rdert Electrosuisse den Wissenstransfer und den fachlichen Austausch. Im Mittelpunkt unserer T\u00e4tigkeiten steht die F\u00f6rderung der sicheren, wirtschaftlichen und umweltgerechten Anwendung der Elektrotechnik.\"}]}<\/script>\n<!-- \/ Yoast SEO Premium plugin. -->","yoast_head_json":{"title":"Electrosuisse publications","description":"Actualit\u00e9s et publications dans les domaines de l'\u00e9lectrotechnique, des techniques de l'\u00e9nergie et de l'information.","robots":{"index":"index","follow":"follow","max-snippet":"max-snippet:-1","max-image-preview":"max-image-preview:large","max-video-preview":"max-video-preview:-1"},"canonical":"https:\/\/www.electrosuisse.ch\/fr\/medias\/publications\/","og_locale":"fr_FR","og_type":"article","og_title":"Electrosuisse publications","og_description":"Actualit\u00e9s et publications dans les domaines de l'\u00e9lectrotechnique, des techniques de l'\u00e9nergie et de l'information.","og_url":"https:\/\/www.electrosuisse.ch\/fr\/medias\/publications\/","og_site_name":"Electrosuisse","article_modified_time":"2026-03-19T15:21:20+00:00","og_image":[{"width":1578,"height":650,"url":"https:\/\/www.electrosuisse.ch\/wp-content\/uploads\/2019\/02\/electrosuisse_publikationen.jpg","type":"image\/jpeg"}],"schema":{"@context":"https:\/\/schema.org","@graph":[{"@type":"WebPage","@id":"https:\/\/www.electrosuisse.ch\/fr\/medias\/publications\/","url":"https:\/\/www.electrosuisse.ch\/fr\/medias\/publications\/","name":"Electrosuisse publications","isPartOf":{"@id":"https:\/\/www.electrosuisse.ch\/fr\/#website"},"datePublished":"2018-06-24T09:06:28+00:00","dateModified":"2026-03-19T15:21:20+00:00","description":"Actualit\u00e9s et publications dans les domaines de l'\u00e9lectrotechnique, des techniques de l'\u00e9nergie et de l'information.","breadcrumb":{"@id":"https:\/\/www.electrosuisse.ch\/fr\/medias\/publications\/#breadcrumb"},"inLanguage":"fr-FR","potentialAction":[{"@type":"ReadAction","target":["https:\/\/www.electrosuisse.ch\/fr\/medias\/publications\/"]}]},{"@type":"BreadcrumbList","@id":"https:\/\/www.electrosuisse.ch\/fr\/medias\/publications\/#breadcrumb","itemListElement":[{"@type":"ListItem","position":1,"name":"M\u00e9dias","item":"https:\/\/www.electrosuisse.ch\/fr\/medias\/"},{"@type":"ListItem","position":2,"name":"Publications"}]},{"@type":"WebSite","@id":"https:\/\/www.electrosuisse.ch\/fr\/#website","url":"https:\/\/www.electrosuisse.ch\/fr\/","name":"Electrosuisse","description":"","publisher":{"@id":"https:\/\/www.electrosuisse.ch\/fr\/#organization"},"potentialAction":[{"@type":"SearchAction","target":{"@type":"EntryPoint","urlTemplate":"https:\/\/www.electrosuisse.ch\/fr\/?s={search_term_string}"},"query-input":{"@type":"PropertyValueSpecification","valueRequired":true,"valueName":"search_term_string"}}],"inLanguage":"fr-FR"},{"@type":"Organization","@id":"https:\/\/www.electrosuisse.ch\/fr\/#organization","name":"Electrosuisse","url":"https:\/\/www.electrosuisse.ch\/fr\/","logo":{"@type":"ImageObject","inLanguage":"fr-FR","@id":"https:\/\/www.electrosuisse.ch\/fr\/#\/schema\/logo\/image\/","url":"https:\/\/www.electrosuisse.ch\/wp-content\/uploads\/2025\/04\/Electrosuisse_Logo_696x696.png","contentUrl":"https:\/\/www.electrosuisse.ch\/wp-content\/uploads\/2025\/04\/Electrosuisse_Logo_696x696.png","width":696,"height":696,"caption":"Electrosuisse"},"image":{"@id":"https:\/\/www.electrosuisse.ch\/fr\/#\/schema\/logo\/image\/"},"sameAs":["https:\/\/www.linkedin.com\/company\/electrosuisse-ag\/posts\/?feedView=all","https:\/\/www.instagram.com\/electrosuisse1889\/","https:\/\/www.youtube.com\/channel\/UCoOxohMiVE0Gjcdis1L09zw"],"description":"Electrosuisse ist eine anerkannte und unabh\u00e4ngige Fachorganisation, die erstklassige Dienstleistungen und Produkte in den Bereichen Inspektion, Beratung, Pr\u00fcfung, Zertifizierung, Normung und Weiterbildung anbietet. Unsere Expertise umfasst Elektrotechnik, Elektromobilit\u00e4t, Energieberatung, Geb\u00e4udeautomation und Photovoltaik in der Schweiz. Durch die Veranstaltung etablierter Branchen-Events und Fachtagungen f\u00f6rdert Electrosuisse den Wissenstransfer und den fachlichen Austausch. Im Mittelpunkt unserer T\u00e4tigkeiten steht die F\u00f6rderung der sicheren, wirtschaftlichen und umweltgerechten Anwendung der Elektrotechnik."}]}},"amp_enabled":true,"_links":{"self":[{"href":"https:\/\/www.electrosuisse.ch\/fr\/wp-json\/wp\/v2\/pages\/3775","targetHints":{"allow":["GET"]}}],"collection":[{"href":"https:\/\/www.electrosuisse.ch\/fr\/wp-json\/wp\/v2\/pages"}],"about":[{"href":"https:\/\/www.electrosuisse.ch\/fr\/wp-json\/wp\/v2\/types\/page"}],"author":[{"embeddable":true,"href":"https:\/\/www.electrosuisse.ch\/fr\/wp-json\/wp\/v2\/users\/2"}],"replies":[{"embeddable":true,"href":"https:\/\/www.electrosuisse.ch\/fr\/wp-json\/wp\/v2\/comments?post=3775"}],"version-history":[{"count":12,"href":"https:\/\/www.electrosuisse.ch\/fr\/wp-json\/wp\/v2\/pages\/3775\/revisions"}],"predecessor-version":[{"id":43228,"href":"https:\/\/www.electrosuisse.ch\/fr\/wp-json\/wp\/v2\/pages\/3775\/revisions\/43228"}],"up":[{"embeddable":true,"href":"https:\/\/www.electrosuisse.ch\/fr\/wp-json\/wp\/v2\/pages\/3807"}],"wp:attachment":[{"href":"https:\/\/www.electrosuisse.ch\/fr\/wp-json\/wp\/v2\/media?parent=3775"}],"curies":[{"name":"wp","href":"https:\/\/api.w.org\/{rel}","templated":true}]}}