{"id":36713,"date":"2024-10-23T10:06:07","date_gmt":"2024-10-23T08:06:07","guid":{"rendered":"https:\/\/www.electrosuisse.ch\/?page_id=36713"},"modified":"2025-09-05T14:40:38","modified_gmt":"2025-09-05T12:40:38","slug":"eae","status":"publish","type":"page","link":"https:\/\/www.electrosuisse.ch\/fr\/engineering\/eae\/","title":{"rendered":"Assistance pour EAE"},"content":{"rendered":"<div class=\"wpb-content-wrapper\"><p>[vc_row][vc_column][vc_column_text css=&#8221;&#8221;]Avec la nouvelle loi sur l\u2019approvisionnement en \u00e9lectricit\u00e9 et la transformation du syst\u00e8me \u00e9nerg\u00e9tique, les entreprises suisses d&#8217;approvisionnement en \u00e9nergie (EAE) sont confront\u00e9es \u00e0 de grands d\u00e9fis. Elles doivent faire face \u00e0 de nouvelles responsabilit\u00e9s, saisir et traiter beaucoup plus de donn\u00e9es, et int\u00e9grer de nouvelles technologies. Gr\u00e2ce \u00e0 une assistance cibl\u00e9e, nous vous aidons \u00e0 aborder ces th\u00e8mes de mani\u00e8re plus simple, plus rapide et plus efficace.<\/p>\n<h3>Contenu de l&#8217;assistance pour EAE<\/h3>\n<ul>\n<li>Assistance par des sp\u00e9cialistes en tout ce qui concerne le r\u00e9seau<\/li>\n<li>Conseil, soutien et mise en \u0153uvre dans le cadre de la nouvelle loi sur l&#8217;\u00e9lectricit\u00e9 de mesures visant \u00e0 am\u00e9liorer l&#8217;efficacit\u00e9 par les EAE<\/li>\n<li>Deuxi\u00e8me avis ind\u00e9pendant sur les concepts et les \u00e9tudes<\/li>\n<li>Traitement de questions techniques complexes<\/li>\n<li>Soutien pratique autour de th\u00e8mes clients comme le raccordement de RCP, CEL, etc.<\/li>\n<li>Mesures et analyses n\u00e9cessaires et de soutien<\/li>\n<\/ul>\n<p>[\/vc_column_text][\/vc_column][\/vc_row][vc_row el_id=&#8221;offre&#8221;][vc_column][vc_column_text css=&#8221;&#8221;]<\/p>\n<h3>Notre offre<\/h3>\n<p>Nous vous proposons une assistance compl\u00e8te et durable pour toutes les questions relatives \u00e0 votre r\u00e9seau et aux th\u00e8mes \u00e9nerg\u00e9tiques. Qu\u2019il s\u2019agisse de soutien organisationnel, de seconds avis, d\u2019analyses de r\u00e9seau, de planification de r\u00e9seaux cibles, ou d\u2019autres th\u00e8mes particuliers li\u00e9s \u00e0 la nouvelle loi sur l\u2019approvisionnement en \u00e9lectricit\u00e9 (acte modificateur unique), nous vous offrons un large \u00e9ventail de prestations destin\u00e9es \u00e0 vous assister. Notre expertise, d\u00e9velopp\u00e9e depuis des ann\u00e9es dans la performance \u00e9nerg\u00e9tique et la ma\u00eetrise des processus industriels, nous permet de proposer des solutions cibl\u00e9es et adapt\u00e9es \u00e0 vos besoins. Nous privil\u00e9gions des approches rationnelles, r\u00e9alisons des mesures pr\u00e9cises et analysons les donn\u00e9es afin d\u2019identifier la solution optimale \u00e0 vos d\u00e9fis.<\/p>\n<ul>\n<li>Un partenaire fiable et ind\u00e9pendant pour toutes les questions \u00e9nerg\u00e9tiques<\/li>\n<li>Une compr\u00e9hension globale de votre syst\u00e8me et plus de transparence<\/li>\n<li>Un soutien et un encadrement individuels par des sp\u00e9cialistes<\/li>\n<li>Plus de clart\u00e9 sur la voie de votre avenir \u00e9nerg\u00e9tique<\/li>\n<li>Une augmentation de la s\u00e9curit\u00e9 des installations, des d\u00e9cisions et des investissements<\/li>\n<\/ul>\n<h3>Nos sp\u00e9cialistes<\/h3>\n<p>En tant qu&#8217;organisation professionnelle ind\u00e9pendante dans les domaines de l&#8217;\u00e9lectrotechnique ainsi que des technologies de l&#8217;\u00e9nergie et de l&#8217;information, nous regroupons les comp\u00e9tences de diff\u00e9rents secteurs d\u2019expertise. Nos sp\u00e9cialistes des domaines de la science des donn\u00e9es, de la technologie des r\u00e9seaux, du g\u00e9nie \u00e9lectrique, des technologies \u00e9nerg\u00e9tiques et environnementales, de l\u2019ing\u00e9nierie des proc\u00e9d\u00e9s et du g\u00e9nie m\u00e9canique travaillent de mani\u00e8re interdisciplinaire et cibl\u00e9e pour trouver des solutions \u00e0 vos d\u00e9fis. Nous vous assistons volontiers sur la voie d&#8217;un syst\u00e8me \u00e9nerg\u00e9tique durable.[\/vc_column_text][\/vc_column][\/vc_row][vc_row el_id=&#8221;contact&#8221;][vc_column][vc_column_text css=&#8221;&#8221;]<\/p>\n<h2>Contact<\/h2>\n<p>[\/vc_column_text]<div class=\"wpb_contact_column wpb_content_element wpb_contact_column--container\"><div class=\"wpb_wrapper\"><div class=\"contact_container_outer\"><div class=\"contact_container\"><div class=\"contact row middle-xs\"><div class=\"contact__img col-sm-5 col-xs-12\"><img decoding=\"async\" src=\"https:\/\/www.electrosuisse.ch\/wp-content\/uploads\/2024\/08\/StefanBaer_302x302.png\" alt=\"Stefan B\u00e4r - Chef d'\u00e9quipe Ing\u00e9nierie Est\" \/><\/div><div class=\"contact__info col-sm-7 col-xs-12\"><p><b>Stefan B\u00e4r<\/b><br>Chef d'\u00e9quipe Ing\u00e9nierie Est<\/p><div class=\"phone has-link\"><a href=\"tel:+41585951571\">+41 58 595 15 71<\/a><\/div><div class=\"mail has-link\"><a href=\"mailto:&#x73;&#x74;&#101;f&#x61;&#x6e;&#46;ba&#x65;&#x72;&#64;e&#x6c;&#x65;&#99;&#116;r&#x6f;&#x73;&#117;i&#x73;&#x73;&#101;&#46;c&#x68;\">&#x73;&#x74;&#x65;&#x66;&#97;&#110;&#46;ba&#x65;&#x72;&#x40;&#x65;&#108;&#101;ctr&#x6f;&#x73;&#x75;&#x69;&#115;&#115;&#101;&#46;c&#x68;<\/a><\/div><\/div><\/div><\/div><\/div><div class=\"contact_container_outer\"><div class=\"contact_container\"><div class=\"contact row middle-xs\"><div class=\"contact__img col-sm-5 col-xs-12\"><img decoding=\"async\" src=\"https:\/\/www.electrosuisse.ch\/wp-content\/uploads\/2025\/09\/Felix-Bigler_320x320.png\" alt=\"Felix Bigler - Chef d'\u00e9quipe Ing\u00e9nierie Ouest\" \/><\/div><div class=\"contact__info col-sm-7 col-xs-12\"><p><b>Felix Bigler<\/b><br>Chef d'\u00e9quipe Ing\u00e9nierie Ouest<\/p><div class=\"phone has-link\"><a href=\"tel:+41585951575\">+41 58 595 15 75<\/a><\/div><div class=\"mail has-link\"><a href=\"mailto:&#x66;&#x65;&#108;&#105;x&#46;&#x62;&#x69;&#x67;&#108;er&#x40;&#x65;&#x6c;&#101;&#99;t&#x72;&#x6f;&#x73;&#117;&#105;s&#x73;&#x65;&#x2e;&#99;&#104;\">&#102;&#x65;&#108;&#x69;&#120;&#x2e;&#98;&#x69;g&#x6c;e&#x72;&#64;&#x65;l&#101;&#x63;&#116;&#x72;&#111;&#x73;&#117;&#x69;&#115;&#x73;e&#x2e;c&#x68;<\/a><\/div><\/div><\/div><\/div><\/div><div class=\"contact_container_outer\"><div class=\"contact_container\"><div class=\"contact row middle-xs\"><div class=\"contact__img col-sm-5 col-xs-12\"><img decoding=\"async\" src=\"https:\/\/www.electrosuisse.ch\/wp-content\/uploads\/2024\/07\/Hans-Matzner-2.jpg\" alt=\"Hans Matzner - Conseil et engineering\" \/><\/div><div class=\"contact__info col-sm-7 col-xs-12\"><p><b>Hans Matzner<\/b><br>Conseil et engineering<\/p><div class=\"phone has-link\"><a href=\"tel:+41585951563\">+41 58 595 15 63<\/a><\/div><div class=\"mail has-link\"><a href=\"mailto:han&#115;&#46;&#109;&#x61;&#x74;&#x7a;&#x6e;&#x65;&#x72;&#64;el&#101;&#99;&#116;&#114;&#x6f;&#x73;&#x75;&#x69;&#x73;&#x73;e&#46;c&#104;\">&#104;&#x61;&#110;&#x73;&#46;&#x6d;a&#x74;z&#110;&#x65;&#114;&#x40;&#101;&#x6c;e&#x63;t&#114;&#x6f;&#115;&#x75;&#105;&#x73;&#115;&#x65;&#46;&#x63;h<\/a><\/div><\/div><\/div><\/div><\/div><div class=\"contact_container_outer\"><div class=\"contact_container\"><div class=\"contact row middle-xs\"><div class=\"contact__img col-sm-5 col-xs-12\"><img decoding=\"async\" src=\"\/wp-content\/themes\/SCHMUCKI_child\/img\/contact_placeholder.jpg\" alt=\"Conseil, Contr\u00f4les et Ing\u00e9nierie\" \/><\/div><div class=\"contact__info col-sm-7 col-xs-12\"><p><b>Conseil, Contr\u00f4les et Ing\u00e9nierie<\/b><br>Service de Bureau<\/p><div class=\"phone has-link\"><a href=\"tel:+41585951199\">+41 58 595 11 99<\/a><\/div><div class=\"mail has-link\"><a href=\"mailto:&#x62;&#x65;&#x72;&#x61;&#x74;&#x75;&#x6e;&#x67;&#x40;&#x65;&#x6c;&#x65;&#x63;&#x74;&#x72;&#x6f;&#x73;&#x75;&#x69;&#x73;&#x73;&#x65;&#46;&#99;&#104;\">&#98;&#101;&#x72;&#x61;&#116;&#117;&#x6e;&#x67;&#64;&#101;&#x6c;&#x65;&#99;&#116;&#x72;&#x6f;&#115;&#117;&#x69;&#x73;&#115;&#101;&#x2e;&#x63;&#104;<\/a><\/div><\/div><\/div><\/div><\/div><\/div><\/div>[\/vc_column][\/vc_row]<\/p>\n<\/div>","protected":false},"excerpt":{"rendered":"<p>[vc_row][vc_column][vc_column_text css=&#8221;&#8221;]Avec la nouvelle loi sur l\u2019approvisionnement en \u00e9lectricit\u00e9 et la transformation du syst\u00e8me \u00e9nerg\u00e9tique, les entreprises suisses d&#8217;approvisionnement en \u00e9nergie (EAE) sont confront\u00e9es \u00e0 de grands d\u00e9fis. Elles doivent faire face \u00e0 de nouvelles responsabilit\u00e9s, saisir et traiter beaucoup plus de donn\u00e9es, et int\u00e9grer de nouvelles technologies. Gr\u00e2ce \u00e0 une assistance cibl\u00e9e, nous vous [&hellip;]<\/p>\n","protected":false},"author":38,"featured_media":36026,"parent":4116,"menu_order":217,"comment_status":"closed","ping_status":"closed","template":"","meta":{"_acf_changed":false,"_monsterinsights_skip_tracking":false,"_monsterinsights_sitenote_active":false,"_monsterinsights_sitenote_note":"","_monsterinsights_sitenote_category":0,"footnotes":""},"class_list":["post-36713","page","type-page","status-publish","hentry"],"acf":[],"yoast_head":"<!-- This site is optimized with the Yoast SEO Premium plugin v26.4 (Yoast SEO v27.0) - https:\/\/yoast.com\/product\/yoast-seo-premium-wordpress\/ -->\n<title>Assistance pour EAE - Electrosuisse<\/title>\n<meta name=\"description\" content=\"Obtenez une assistance professionnelle pour vos \u00e9quipements d&#039;appareillage (EAE) gr\u00e2ce aux services d&#039;ing\u00e9nierie d&#039;Electrosuisse. Expertise technique fiable.\" \/>\n<meta name=\"robots\" content=\"index, follow, max-snippet:-1, max-image-preview:large, max-video-preview:-1\" \/>\n<link rel=\"canonical\" href=\"https:\/\/www.electrosuisse.ch\/fr\/engineering\/eae\/\" \/>\n<meta property=\"og:locale\" content=\"fr_FR\" \/>\n<meta property=\"og:type\" content=\"article\" \/>\n<meta property=\"og:title\" content=\"Assistance pour EAE - Electrosuisse\" \/>\n<meta property=\"og:description\" content=\"Obtenez une assistance professionnelle pour vos \u00e9quipements d&#039;appareillage (EAE) gr\u00e2ce aux services d&#039;ing\u00e9nierie d&#039;Electrosuisse. Expertise technique fiable.\" \/>\n<meta property=\"og:url\" content=\"https:\/\/www.electrosuisse.ch\/fr\/engineering\/eae\/\" \/>\n<meta property=\"og:site_name\" content=\"Electrosuisse\" \/>\n<meta property=\"article:modified_time\" content=\"2025-09-05T12:40:38+00:00\" \/>\n<meta property=\"og:image\" content=\"https:\/\/www.electrosuisse.ch\/wp-content\/uploads\/2024\/07\/EVU-Support-362x218-1.jpg\" \/>\n\t<meta property=\"og:image:width\" content=\"362\" \/>\n\t<meta property=\"og:image:height\" content=\"218\" \/>\n\t<meta property=\"og:image:type\" content=\"image\/jpeg\" \/>\n<script type=\"application\/ld+json\" class=\"yoast-schema-graph\">{\"@context\":\"https:\/\/schema.org\",\"@graph\":[{\"@type\":\"WebPage\",\"@id\":\"https:\/\/www.electrosuisse.ch\/fr\/engineering\/eae\/\",\"url\":\"https:\/\/www.electrosuisse.ch\/fr\/engineering\/eae\/\",\"name\":\"Assistance pour EAE - Electrosuisse\",\"isPartOf\":{\"@id\":\"https:\/\/www.electrosuisse.ch\/fr\/#website\"},\"primaryImageOfPage\":{\"@id\":\"https:\/\/www.electrosuisse.ch\/fr\/engineering\/eae\/#primaryimage\"},\"image\":{\"@id\":\"https:\/\/www.electrosuisse.ch\/fr\/engineering\/eae\/#primaryimage\"},\"thumbnailUrl\":\"https:\/\/www.electrosuisse.ch\/wp-content\/uploads\/2024\/07\/EVU-Support-362x218-1.jpg\",\"datePublished\":\"2024-10-23T08:06:07+00:00\",\"dateModified\":\"2025-09-05T12:40:38+00:00\",\"description\":\"Obtenez une assistance professionnelle pour vos \u00e9quipements d'appareillage (EAE) gr\u00e2ce aux services d'ing\u00e9nierie d'Electrosuisse. Expertise technique fiable.\",\"breadcrumb\":{\"@id\":\"https:\/\/www.electrosuisse.ch\/fr\/engineering\/eae\/#breadcrumb\"},\"inLanguage\":\"fr-FR\",\"potentialAction\":[{\"@type\":\"ReadAction\",\"target\":[\"https:\/\/www.electrosuisse.ch\/fr\/engineering\/eae\/\"]}]},{\"@type\":\"ImageObject\",\"inLanguage\":\"fr-FR\",\"@id\":\"https:\/\/www.electrosuisse.ch\/fr\/engineering\/eae\/#primaryimage\",\"url\":\"https:\/\/www.electrosuisse.ch\/wp-content\/uploads\/2024\/07\/EVU-Support-362x218-1.jpg\",\"contentUrl\":\"https:\/\/www.electrosuisse.ch\/wp-content\/uploads\/2024\/07\/EVU-Support-362x218-1.jpg\",\"width\":362,\"height\":218},{\"@type\":\"BreadcrumbList\",\"@id\":\"https:\/\/www.electrosuisse.ch\/fr\/engineering\/eae\/#breadcrumb\",\"itemListElement\":[{\"@type\":\"ListItem\",\"position\":1,\"name\":\"Engineering\",\"item\":\"https:\/\/www.electrosuisse.ch\/fr\/engineering\/\"},{\"@type\":\"ListItem\",\"position\":2,\"name\":\"Assistance pour EAE\"}]},{\"@type\":\"WebSite\",\"@id\":\"https:\/\/www.electrosuisse.ch\/fr\/#website\",\"url\":\"https:\/\/www.electrosuisse.ch\/fr\/\",\"name\":\"Electrosuisse\",\"description\":\"\",\"publisher\":{\"@id\":\"https:\/\/www.electrosuisse.ch\/fr\/#organization\"},\"potentialAction\":[{\"@type\":\"SearchAction\",\"target\":{\"@type\":\"EntryPoint\",\"urlTemplate\":\"https:\/\/www.electrosuisse.ch\/fr\/?s={search_term_string}\"},\"query-input\":{\"@type\":\"PropertyValueSpecification\",\"valueRequired\":true,\"valueName\":\"search_term_string\"}}],\"inLanguage\":\"fr-FR\"},{\"@type\":\"Organization\",\"@id\":\"https:\/\/www.electrosuisse.ch\/fr\/#organization\",\"name\":\"Electrosuisse\",\"url\":\"https:\/\/www.electrosuisse.ch\/fr\/\",\"logo\":{\"@type\":\"ImageObject\",\"inLanguage\":\"fr-FR\",\"@id\":\"https:\/\/www.electrosuisse.ch\/fr\/#\/schema\/logo\/image\/\",\"url\":\"https:\/\/www.electrosuisse.ch\/wp-content\/uploads\/2025\/04\/Electrosuisse_Logo_696x696.png\",\"contentUrl\":\"https:\/\/www.electrosuisse.ch\/wp-content\/uploads\/2025\/04\/Electrosuisse_Logo_696x696.png\",\"width\":696,\"height\":696,\"caption\":\"Electrosuisse\"},\"image\":{\"@id\":\"https:\/\/www.electrosuisse.ch\/fr\/#\/schema\/logo\/image\/\"},\"sameAs\":[\"https:\/\/www.linkedin.com\/company\/electrosuisse-ag\/posts\/?feedView=all\",\"https:\/\/www.instagram.com\/electrosuisse1889\/\",\"https:\/\/www.youtube.com\/channel\/UCoOxohMiVE0Gjcdis1L09zw\"],\"description\":\"Electrosuisse ist eine anerkannte und unabh\u00e4ngige Fachorganisation, die erstklassige Dienstleistungen und Produkte in den Bereichen Inspektion, Beratung, Pr\u00fcfung, Zertifizierung, Normung und Weiterbildung anbietet. Unsere Expertise umfasst Elektrotechnik, Elektromobilit\u00e4t, Energieberatung, Geb\u00e4udeautomation und Photovoltaik in der Schweiz. Durch die Veranstaltung etablierter Branchen-Events und Fachtagungen f\u00f6rdert Electrosuisse den Wissenstransfer und den fachlichen Austausch. Im Mittelpunkt unserer T\u00e4tigkeiten steht die F\u00f6rderung der sicheren, wirtschaftlichen und umweltgerechten Anwendung der Elektrotechnik.\"}]}<\/script>\n<!-- \/ Yoast SEO Premium plugin. -->","yoast_head_json":{"title":"Assistance pour EAE - Electrosuisse","description":"Obtenez une assistance professionnelle pour vos \u00e9quipements d'appareillage (EAE) gr\u00e2ce aux services d'ing\u00e9nierie d'Electrosuisse. Expertise technique fiable.","robots":{"index":"index","follow":"follow","max-snippet":"max-snippet:-1","max-image-preview":"max-image-preview:large","max-video-preview":"max-video-preview:-1"},"canonical":"https:\/\/www.electrosuisse.ch\/fr\/engineering\/eae\/","og_locale":"fr_FR","og_type":"article","og_title":"Assistance pour EAE - Electrosuisse","og_description":"Obtenez une assistance professionnelle pour vos \u00e9quipements d'appareillage (EAE) gr\u00e2ce aux services d'ing\u00e9nierie d'Electrosuisse. Expertise technique fiable.","og_url":"https:\/\/www.electrosuisse.ch\/fr\/engineering\/eae\/","og_site_name":"Electrosuisse","article_modified_time":"2025-09-05T12:40:38+00:00","og_image":[{"width":362,"height":218,"url":"https:\/\/www.electrosuisse.ch\/wp-content\/uploads\/2024\/07\/EVU-Support-362x218-1.jpg","type":"image\/jpeg"}],"schema":{"@context":"https:\/\/schema.org","@graph":[{"@type":"WebPage","@id":"https:\/\/www.electrosuisse.ch\/fr\/engineering\/eae\/","url":"https:\/\/www.electrosuisse.ch\/fr\/engineering\/eae\/","name":"Assistance pour EAE - Electrosuisse","isPartOf":{"@id":"https:\/\/www.electrosuisse.ch\/fr\/#website"},"primaryImageOfPage":{"@id":"https:\/\/www.electrosuisse.ch\/fr\/engineering\/eae\/#primaryimage"},"image":{"@id":"https:\/\/www.electrosuisse.ch\/fr\/engineering\/eae\/#primaryimage"},"thumbnailUrl":"https:\/\/www.electrosuisse.ch\/wp-content\/uploads\/2024\/07\/EVU-Support-362x218-1.jpg","datePublished":"2024-10-23T08:06:07+00:00","dateModified":"2025-09-05T12:40:38+00:00","description":"Obtenez une assistance professionnelle pour vos \u00e9quipements d'appareillage (EAE) gr\u00e2ce aux services d'ing\u00e9nierie d'Electrosuisse. Expertise technique fiable.","breadcrumb":{"@id":"https:\/\/www.electrosuisse.ch\/fr\/engineering\/eae\/#breadcrumb"},"inLanguage":"fr-FR","potentialAction":[{"@type":"ReadAction","target":["https:\/\/www.electrosuisse.ch\/fr\/engineering\/eae\/"]}]},{"@type":"ImageObject","inLanguage":"fr-FR","@id":"https:\/\/www.electrosuisse.ch\/fr\/engineering\/eae\/#primaryimage","url":"https:\/\/www.electrosuisse.ch\/wp-content\/uploads\/2024\/07\/EVU-Support-362x218-1.jpg","contentUrl":"https:\/\/www.electrosuisse.ch\/wp-content\/uploads\/2024\/07\/EVU-Support-362x218-1.jpg","width":362,"height":218},{"@type":"BreadcrumbList","@id":"https:\/\/www.electrosuisse.ch\/fr\/engineering\/eae\/#breadcrumb","itemListElement":[{"@type":"ListItem","position":1,"name":"Engineering","item":"https:\/\/www.electrosuisse.ch\/fr\/engineering\/"},{"@type":"ListItem","position":2,"name":"Assistance pour EAE"}]},{"@type":"WebSite","@id":"https:\/\/www.electrosuisse.ch\/fr\/#website","url":"https:\/\/www.electrosuisse.ch\/fr\/","name":"Electrosuisse","description":"","publisher":{"@id":"https:\/\/www.electrosuisse.ch\/fr\/#organization"},"potentialAction":[{"@type":"SearchAction","target":{"@type":"EntryPoint","urlTemplate":"https:\/\/www.electrosuisse.ch\/fr\/?s={search_term_string}"},"query-input":{"@type":"PropertyValueSpecification","valueRequired":true,"valueName":"search_term_string"}}],"inLanguage":"fr-FR"},{"@type":"Organization","@id":"https:\/\/www.electrosuisse.ch\/fr\/#organization","name":"Electrosuisse","url":"https:\/\/www.electrosuisse.ch\/fr\/","logo":{"@type":"ImageObject","inLanguage":"fr-FR","@id":"https:\/\/www.electrosuisse.ch\/fr\/#\/schema\/logo\/image\/","url":"https:\/\/www.electrosuisse.ch\/wp-content\/uploads\/2025\/04\/Electrosuisse_Logo_696x696.png","contentUrl":"https:\/\/www.electrosuisse.ch\/wp-content\/uploads\/2025\/04\/Electrosuisse_Logo_696x696.png","width":696,"height":696,"caption":"Electrosuisse"},"image":{"@id":"https:\/\/www.electrosuisse.ch\/fr\/#\/schema\/logo\/image\/"},"sameAs":["https:\/\/www.linkedin.com\/company\/electrosuisse-ag\/posts\/?feedView=all","https:\/\/www.instagram.com\/electrosuisse1889\/","https:\/\/www.youtube.com\/channel\/UCoOxohMiVE0Gjcdis1L09zw"],"description":"Electrosuisse ist eine anerkannte und unabh\u00e4ngige Fachorganisation, die erstklassige Dienstleistungen und Produkte in den Bereichen Inspektion, Beratung, Pr\u00fcfung, Zertifizierung, Normung und Weiterbildung anbietet. Unsere Expertise umfasst Elektrotechnik, Elektromobilit\u00e4t, Energieberatung, Geb\u00e4udeautomation und Photovoltaik in der Schweiz. Durch die Veranstaltung etablierter Branchen-Events und Fachtagungen f\u00f6rdert Electrosuisse den Wissenstransfer und den fachlichen Austausch. Im Mittelpunkt unserer T\u00e4tigkeiten steht die F\u00f6rderung der sicheren, wirtschaftlichen und umweltgerechten Anwendung der Elektrotechnik."}]}},"amp_enabled":true,"_links":{"self":[{"href":"https:\/\/www.electrosuisse.ch\/fr\/wp-json\/wp\/v2\/pages\/36713","targetHints":{"allow":["GET"]}}],"collection":[{"href":"https:\/\/www.electrosuisse.ch\/fr\/wp-json\/wp\/v2\/pages"}],"about":[{"href":"https:\/\/www.electrosuisse.ch\/fr\/wp-json\/wp\/v2\/types\/page"}],"author":[{"embeddable":true,"href":"https:\/\/www.electrosuisse.ch\/fr\/wp-json\/wp\/v2\/users\/38"}],"replies":[{"embeddable":true,"href":"https:\/\/www.electrosuisse.ch\/fr\/wp-json\/wp\/v2\/comments?post=36713"}],"version-history":[{"count":7,"href":"https:\/\/www.electrosuisse.ch\/fr\/wp-json\/wp\/v2\/pages\/36713\/revisions"}],"predecessor-version":[{"id":39929,"href":"https:\/\/www.electrosuisse.ch\/fr\/wp-json\/wp\/v2\/pages\/36713\/revisions\/39929"}],"up":[{"embeddable":true,"href":"https:\/\/www.electrosuisse.ch\/fr\/wp-json\/wp\/v2\/pages\/4116"}],"wp:featuredmedia":[{"embeddable":true,"href":"https:\/\/www.electrosuisse.ch\/fr\/wp-json\/wp\/v2\/media\/36026"}],"wp:attachment":[{"href":"https:\/\/www.electrosuisse.ch\/fr\/wp-json\/wp\/v2\/media?parent=36713"}],"curies":[{"name":"wp","href":"https:\/\/api.w.org\/{rel}","templated":true}]}}