{"id":34789,"date":"2024-04-04T12:27:44","date_gmt":"2024-04-04T10:27:44","guid":{"rendered":"https:\/\/www.electrosuisse.ch\/?page_id=34789"},"modified":"2026-03-23T12:00:55","modified_gmt":"2026-03-23T11:00:55","slug":"convention-dobjectifs","status":"publish","type":"page","link":"https:\/\/www.electrosuisse.ch\/fr\/engineering\/convention-dobjectifs\/","title":{"rendered":"Convention d\u2019objectifs"},"content":{"rendered":"<div class=\"wpb-content-wrapper\"><p>[vc_row el_id=&#8221;angebot&#8221;][vc_column][vc_column_text css=&#8221;&#8221;]Electrosuisse vous soutient dans l&#8217;\u00e9tablissement de la convention d&#8217;objectifs entre votre entreprise et la Conf\u00e9d\u00e9ration. Le respect de la convention d&#8217;objectifs m\u00e8ne \u00e0 une augmentation de l&#8217;efficacit\u00e9 \u00e9nerg\u00e9tique ainsi qu\u2019\u00e0 une r\u00e9duction des \u00e9missions de CO<sub>2<\/sub>, et permet aux entreprises des secteurs de l\u2019industrie et des services d\u2019\u00eatre exempt\u00e9es de la taxe sur le CO<sub>2<\/sub> et\/ou du suppl\u00e9ment r\u00e9seau (SR).<\/p>\n<p>Nos ing\u00e9nieurs sont accr\u00e9dit\u00e9s par l&#8217;Office f\u00e9d\u00e9ral de l&#8217;\u00e9nergie (<a href=\"https:\/\/www.zv-energie.admin.ch\/fr\" target=\"_blank\" rel=\"noopener\">OFEN<\/a>) et par l&#8217;Office f\u00e9d\u00e9ral de l&#8217;environnement (OFEV) pour l&#8217;\u00e9tablissement de conventions d&#8217;objectifs pour les gros consommateurs. Nous vous accompagnons tout au long de l&#8217;\u00e9laboration et de la mise en \u0153uvre de votre prochaine convention d&#8217;objectifs. Augmentez avec nous l&#8217;efficacit\u00e9 \u00e9nerg\u00e9tique de votre entreprise de mani\u00e8re durable et d\u00e9montrable, tout en respectant les exigences l\u00e9gales.<\/p>\n<p><strong><a href=\"https:\/\/act-schweiz.ch\/fr\" target=\"_blank\" rel=\"noopener\">Nous sommes affili\u00e9s \u00e0 act Agence Cleantech Suisse:<\/a><\/strong><\/p>\n<p><strong>Remarque<br \/>\n<\/strong>Les conditions pour les nouvelles conventions d&#8217;objectifs et les engagements de r\u00e9duction des \u00e9missions de CO<sub>2<\/sub> \u00e9voluent.<br \/>\nNous vous informons volontiers sur vos possibilit\u00e9s et vous aidons \u00e0 remplir les conditions n\u00e9cessaires pour \u00eatre conforme aux exigences\u00a0: de la soumission au remboursement et au contr\u00f4le annuel en passant par l\u2019analyse de l&#8217;\u00e9tat actuel et du potentiel, le plan de d\u00e9carbonation et l&#8217;\u00e9valuation des mesures, nous sommes \u00e0 vos c\u00f4t\u00e9s en toute fiabilit\u00e9.<\/p>\n<p><strong>Subventions<br \/>\n<\/strong>Dans le cadre des th\u00e8mes \u00e9nerg\u00e9tiques au sein de votre entreprise, il est possible, sous certaines conditions, de b\u00e9n\u00e9ficier de subventions vers\u00e9es par la Conf\u00e9d\u00e9ration, le Canton et par des fondations. Nous examinons les possibilit\u00e9s de subventions existantes et nous occupons de faire les demandes pour les subventions entrant en ligne de compte pour votre entreprise.[\/vc_column_text][\/vc_column][\/vc_row][vc_row el_id=&#8221;kontakt&#8221;][vc_column][vc_column_text]<\/p>\n<h2>Contact<\/h2>\n<p>[\/vc_column_text]<div class=\"wpb_contact_column wpb_content_element wpb_contact_column--container\"><div class=\"wpb_wrapper\"><div class=\"contact_container_outer\"><div class=\"contact_container\"><div class=\"contact row middle-xs\"><div class=\"contact__img col-sm-5 col-xs-12\"><img decoding=\"async\" src=\"https:\/\/www.electrosuisse.ch\/wp-content\/uploads\/2024\/08\/StefanBaer_302x302.png\" alt=\"Stefan B\u00e4r - Chef d'\u00e9quipe Ing\u00e9nierie Est\" \/><\/div><div class=\"contact__info col-sm-7 col-xs-12\"><p><b>Stefan B\u00e4r<\/b><br>Chef d'\u00e9quipe Ing\u00e9nierie Est<\/p><div class=\"phone has-link\"><a href=\"tel:+41585951571\">+41 58 595 15 71<\/a><\/div><div class=\"mail has-link\"><a href=\"mailto:&#115;&#x74;&#x65;f&#97;&#x6e;&#46;&#98;&#x61;&#x65;r&#64;&#x65;l&#101;&#x63;&#x74;r&#111;&#x73;u&#105;&#x73;&#x73;&#101;&#46;&#x63;h\">&#x73;&#116;e&#x66;&#x61;&#110;&#46;&#x62;&#x61;&#101;r&#x40;&#101;l&#x65;&#x63;&#116;r&#x6f;&#x73;&#117;i&#x73;&#115;&#101;&#x2e;&#x63;&#104;<\/a><\/div><\/div><\/div><\/div><\/div><div class=\"contact_container_outer\"><div class=\"contact_container\"><div class=\"contact row middle-xs\"><div class=\"contact__img col-sm-5 col-xs-12\"><img decoding=\"async\" src=\"https:\/\/www.electrosuisse.ch\/wp-content\/uploads\/2025\/09\/Felix-Bigler_320x320.png\" alt=\"Felix Bigler - Chef d'\u00e9quipe Ing\u00e9nierie Ouest\" \/><\/div><div class=\"contact__info col-sm-7 col-xs-12\"><p><b>Felix Bigler<\/b><br>Chef d'\u00e9quipe Ing\u00e9nierie Ouest<\/p><div class=\"phone has-link\"><a href=\"tel:+41585951575\">+41 58 595 15 75<\/a><\/div><div class=\"mail has-link\"><a href=\"mailto:&#102;&#x65;&#108;&#x69;&#120;&#x2e;&#98;&#x69;&#103;&#x6c;&#101;&#x72;&#64;&#x65;l&#x65;c&#x74;r&#x6f;s&#x75;i&#115;&#x73;&#101;&#x2e;&#99;&#x68;\">f&#101;&#x6c;&#x69;x&#46;&#x62;&#x69;g&#108;&#101;&#x72;&#x40;e&#108;&#x65;&#x63;t&#114;&#x6f;&#x73;u&#105;&#115;&#x73;&#x65;&#46;&#99;&#x68;<\/a><\/div><\/div><\/div><\/div><\/div><div class=\"contact_container_outer\"><div class=\"contact_container\"><div class=\"contact row middle-xs\"><div class=\"contact__img col-sm-5 col-xs-12\"><img decoding=\"async\" src=\"\/wp-content\/themes\/SCHMUCKI_child\/img\/contact_placeholder.jpg\" alt=\"Conseil, Contr\u00f4les et Ing\u00e9nierie\" \/><\/div><div class=\"contact__info col-sm-7 col-xs-12\"><p><b>Conseil, Contr\u00f4les et Ing\u00e9nierie<\/b><br>Service de Bureau<\/p><div class=\"phone has-link\"><a href=\"tel:+41585951199\">+41 58 595 11 99<\/a><\/div><div class=\"mail has-link\"><a href=\"mailto:&#x62;&#x65;&#x72;&#x61;&#x74;&#x75;&#x6e;&#x67;&#x40;&#x65;&#x6c;&#x65;&#x63;&#x74;&#x72;&#x6f;&#x73;&#x75;&#x69;&#x73;&#x73;&#x65;&#x2e;&#x63;&#x68;\">b&#101;&#x72;&#x61;t&#117;&#x6e;&#x67;&#64;&#101;&#108;&#x65;&#x63;t&#114;&#x6f;&#x73;u&#105;&#x73;&#x73;e&#46;&#99;&#x68;<\/a><\/div><\/div><\/div><\/div><\/div><\/div><\/div>[\/vc_column][\/vc_row]<\/p>\n<\/div>","protected":false},"excerpt":{"rendered":"<p>[vc_row el_id=&#8221;angebot&#8221;][vc_column][vc_column_text css=&#8221;&#8221;]Electrosuisse vous soutient dans l&#8217;\u00e9tablissement de la convention d&#8217;objectifs entre votre entreprise et la Conf\u00e9d\u00e9ration. Le respect de la convention d&#8217;objectifs m\u00e8ne \u00e0 une augmentation de l&#8217;efficacit\u00e9 \u00e9nerg\u00e9tique ainsi qu\u2019\u00e0 une r\u00e9duction des \u00e9missions de CO2, et permet aux entreprises des secteurs de l\u2019industrie et des services d\u2019\u00eatre exempt\u00e9es de la taxe sur [&hellip;]<\/p>\n","protected":false},"author":38,"featured_media":0,"parent":4116,"menu_order":263,"comment_status":"closed","ping_status":"closed","template":"","meta":{"_acf_changed":false,"_monsterinsights_skip_tracking":false,"_monsterinsights_sitenote_active":false,"_monsterinsights_sitenote_note":"","_monsterinsights_sitenote_category":0,"footnotes":""},"class_list":["post-34789","page","type-page","status-publish","hentry"],"acf":[],"yoast_head":"<!-- This site is optimized with the Yoast SEO Premium plugin v26.4 (Yoast SEO v27.0) - https:\/\/yoast.com\/product\/yoast-seo-premium-wordpress\/ -->\n<title>Convention d\u2019objectifs<\/title>\n<meta name=\"description\" content=\"Electrosuisse vous soutient dans l&#039;\u00e9tablissement de la convention d&#039;objectifs entre votre entreprise et la Conf\u00e9d\u00e9ration. Le respect de la convention d&#039;objectifs m\u00e8ne \u00e0 une augmentation de l&#039;efficacit\u00e9 \u00e9nerg\u00e9tique ainsi qu\u2019\u00e0 une r\u00e9duction des \u00e9missions de CO2, et permet aux entreprises des secteurs de l\u2019industrie et des services d\u2019\u00eatre exempt\u00e9es de la taxe sur le CO2 et\/ou du suppl\u00e9ment r\u00e9seau (SR).\" \/>\n<meta name=\"robots\" content=\"index, follow, max-snippet:-1, max-image-preview:large, max-video-preview:-1\" \/>\n<link rel=\"canonical\" href=\"https:\/\/www.electrosuisse.ch\/fr\/engineering\/convention-dobjectifs\/\" \/>\n<meta property=\"og:locale\" content=\"fr_FR\" \/>\n<meta property=\"og:type\" content=\"article\" \/>\n<meta property=\"og:title\" content=\"Convention d\u2019objectifs\" \/>\n<meta property=\"og:description\" content=\"Electrosuisse vous soutient dans l&#039;\u00e9tablissement de la convention d&#039;objectifs entre votre entreprise et la Conf\u00e9d\u00e9ration. Le respect de la convention d&#039;objectifs m\u00e8ne \u00e0 une augmentation de l&#039;efficacit\u00e9 \u00e9nerg\u00e9tique ainsi qu\u2019\u00e0 une r\u00e9duction des \u00e9missions de CO2, et permet aux entreprises des secteurs de l\u2019industrie et des services d\u2019\u00eatre exempt\u00e9es de la taxe sur le CO2 et\/ou du suppl\u00e9ment r\u00e9seau (SR).\" \/>\n<meta property=\"og:url\" content=\"https:\/\/www.electrosuisse.ch\/fr\/engineering\/convention-dobjectifs\/\" \/>\n<meta property=\"og:site_name\" content=\"Electrosuisse\" \/>\n<meta property=\"article:modified_time\" content=\"2026-03-23T11:00:55+00:00\" \/>\n<meta property=\"og:image\" content=\"https:\/\/www.electrosuisse.ch\/wp-content\/uploads\/2019\/04\/Electrosuisse_Power_Quality_Netzqualitaet_iStock-588367166.jpg\" \/>\n\t<meta property=\"og:image:width\" content=\"1578\" \/>\n\t<meta property=\"og:image:height\" content=\"650\" \/>\n\t<meta property=\"og:image:type\" content=\"image\/jpeg\" \/>\n<script type=\"application\/ld+json\" class=\"yoast-schema-graph\">{\"@context\":\"https:\/\/schema.org\",\"@graph\":[{\"@type\":\"WebPage\",\"@id\":\"https:\/\/www.electrosuisse.ch\/fr\/engineering\/convention-dobjectifs\/\",\"url\":\"https:\/\/www.electrosuisse.ch\/fr\/engineering\/convention-dobjectifs\/\",\"name\":\"Convention d\u2019objectifs\",\"isPartOf\":{\"@id\":\"https:\/\/www.electrosuisse.ch\/fr\/#website\"},\"datePublished\":\"2024-04-04T10:27:44+00:00\",\"dateModified\":\"2026-03-23T11:00:55+00:00\",\"description\":\"Electrosuisse vous soutient dans l'\u00e9tablissement de la convention d'objectifs entre votre entreprise et la Conf\u00e9d\u00e9ration. Le respect de la convention d'objectifs m\u00e8ne \u00e0 une augmentation de l'efficacit\u00e9 \u00e9nerg\u00e9tique ainsi qu\u2019\u00e0 une r\u00e9duction des \u00e9missions de CO2, et permet aux entreprises des secteurs de l\u2019industrie et des services d\u2019\u00eatre exempt\u00e9es de la taxe sur le CO2 et\/ou du suppl\u00e9ment r\u00e9seau (SR).\",\"breadcrumb\":{\"@id\":\"https:\/\/www.electrosuisse.ch\/fr\/engineering\/convention-dobjectifs\/#breadcrumb\"},\"inLanguage\":\"fr-FR\",\"potentialAction\":[{\"@type\":\"ReadAction\",\"target\":[\"https:\/\/www.electrosuisse.ch\/fr\/engineering\/convention-dobjectifs\/\"]}]},{\"@type\":\"BreadcrumbList\",\"@id\":\"https:\/\/www.electrosuisse.ch\/fr\/engineering\/convention-dobjectifs\/#breadcrumb\",\"itemListElement\":[{\"@type\":\"ListItem\",\"position\":1,\"name\":\"Engineering\",\"item\":\"https:\/\/www.electrosuisse.ch\/fr\/engineering\/\"},{\"@type\":\"ListItem\",\"position\":2,\"name\":\"Convention d\u2019objectifs\"}]},{\"@type\":\"WebSite\",\"@id\":\"https:\/\/www.electrosuisse.ch\/fr\/#website\",\"url\":\"https:\/\/www.electrosuisse.ch\/fr\/\",\"name\":\"Electrosuisse\",\"description\":\"\",\"publisher\":{\"@id\":\"https:\/\/www.electrosuisse.ch\/fr\/#organization\"},\"potentialAction\":[{\"@type\":\"SearchAction\",\"target\":{\"@type\":\"EntryPoint\",\"urlTemplate\":\"https:\/\/www.electrosuisse.ch\/fr\/?s={search_term_string}\"},\"query-input\":{\"@type\":\"PropertyValueSpecification\",\"valueRequired\":true,\"valueName\":\"search_term_string\"}}],\"inLanguage\":\"fr-FR\"},{\"@type\":\"Organization\",\"@id\":\"https:\/\/www.electrosuisse.ch\/fr\/#organization\",\"name\":\"Electrosuisse\",\"url\":\"https:\/\/www.electrosuisse.ch\/fr\/\",\"logo\":{\"@type\":\"ImageObject\",\"inLanguage\":\"fr-FR\",\"@id\":\"https:\/\/www.electrosuisse.ch\/fr\/#\/schema\/logo\/image\/\",\"url\":\"https:\/\/www.electrosuisse.ch\/wp-content\/uploads\/2025\/04\/Electrosuisse_Logo_696x696.png\",\"contentUrl\":\"https:\/\/www.electrosuisse.ch\/wp-content\/uploads\/2025\/04\/Electrosuisse_Logo_696x696.png\",\"width\":696,\"height\":696,\"caption\":\"Electrosuisse\"},\"image\":{\"@id\":\"https:\/\/www.electrosuisse.ch\/fr\/#\/schema\/logo\/image\/\"},\"sameAs\":[\"https:\/\/www.linkedin.com\/company\/electrosuisse-ag\/posts\/?feedView=all\",\"https:\/\/www.instagram.com\/electrosuisse1889\/\",\"https:\/\/www.youtube.com\/channel\/UCoOxohMiVE0Gjcdis1L09zw\"],\"description\":\"Electrosuisse ist eine anerkannte und unabh\u00e4ngige Fachorganisation, die erstklassige Dienstleistungen und Produkte in den Bereichen Inspektion, Beratung, Pr\u00fcfung, Zertifizierung, Normung und Weiterbildung anbietet. Unsere Expertise umfasst Elektrotechnik, Elektromobilit\u00e4t, Energieberatung, Geb\u00e4udeautomation und Photovoltaik in der Schweiz. Durch die Veranstaltung etablierter Branchen-Events und Fachtagungen f\u00f6rdert Electrosuisse den Wissenstransfer und den fachlichen Austausch. Im Mittelpunkt unserer T\u00e4tigkeiten steht die F\u00f6rderung der sicheren, wirtschaftlichen und umweltgerechten Anwendung der Elektrotechnik.\"}]}<\/script>\n<!-- \/ Yoast SEO Premium plugin. -->","yoast_head_json":{"title":"Convention d\u2019objectifs","description":"Electrosuisse vous soutient dans l'\u00e9tablissement de la convention d'objectifs entre votre entreprise et la Conf\u00e9d\u00e9ration. Le respect de la convention d'objectifs m\u00e8ne \u00e0 une augmentation de l'efficacit\u00e9 \u00e9nerg\u00e9tique ainsi qu\u2019\u00e0 une r\u00e9duction des \u00e9missions de CO2, et permet aux entreprises des secteurs de l\u2019industrie et des services d\u2019\u00eatre exempt\u00e9es de la taxe sur le CO2 et\/ou du suppl\u00e9ment r\u00e9seau (SR).","robots":{"index":"index","follow":"follow","max-snippet":"max-snippet:-1","max-image-preview":"max-image-preview:large","max-video-preview":"max-video-preview:-1"},"canonical":"https:\/\/www.electrosuisse.ch\/fr\/engineering\/convention-dobjectifs\/","og_locale":"fr_FR","og_type":"article","og_title":"Convention d\u2019objectifs","og_description":"Electrosuisse vous soutient dans l'\u00e9tablissement de la convention d'objectifs entre votre entreprise et la Conf\u00e9d\u00e9ration. Le respect de la convention d'objectifs m\u00e8ne \u00e0 une augmentation de l'efficacit\u00e9 \u00e9nerg\u00e9tique ainsi qu\u2019\u00e0 une r\u00e9duction des \u00e9missions de CO2, et permet aux entreprises des secteurs de l\u2019industrie et des services d\u2019\u00eatre exempt\u00e9es de la taxe sur le CO2 et\/ou du suppl\u00e9ment r\u00e9seau (SR).","og_url":"https:\/\/www.electrosuisse.ch\/fr\/engineering\/convention-dobjectifs\/","og_site_name":"Electrosuisse","article_modified_time":"2026-03-23T11:00:55+00:00","og_image":[{"width":1578,"height":650,"url":"https:\/\/www.electrosuisse.ch\/wp-content\/uploads\/2019\/04\/Electrosuisse_Power_Quality_Netzqualitaet_iStock-588367166.jpg","type":"image\/jpeg"}],"schema":{"@context":"https:\/\/schema.org","@graph":[{"@type":"WebPage","@id":"https:\/\/www.electrosuisse.ch\/fr\/engineering\/convention-dobjectifs\/","url":"https:\/\/www.electrosuisse.ch\/fr\/engineering\/convention-dobjectifs\/","name":"Convention d\u2019objectifs","isPartOf":{"@id":"https:\/\/www.electrosuisse.ch\/fr\/#website"},"datePublished":"2024-04-04T10:27:44+00:00","dateModified":"2026-03-23T11:00:55+00:00","description":"Electrosuisse vous soutient dans l'\u00e9tablissement de la convention d'objectifs entre votre entreprise et la Conf\u00e9d\u00e9ration. Le respect de la convention d'objectifs m\u00e8ne \u00e0 une augmentation de l'efficacit\u00e9 \u00e9nerg\u00e9tique ainsi qu\u2019\u00e0 une r\u00e9duction des \u00e9missions de CO2, et permet aux entreprises des secteurs de l\u2019industrie et des services d\u2019\u00eatre exempt\u00e9es de la taxe sur le CO2 et\/ou du suppl\u00e9ment r\u00e9seau (SR).","breadcrumb":{"@id":"https:\/\/www.electrosuisse.ch\/fr\/engineering\/convention-dobjectifs\/#breadcrumb"},"inLanguage":"fr-FR","potentialAction":[{"@type":"ReadAction","target":["https:\/\/www.electrosuisse.ch\/fr\/engineering\/convention-dobjectifs\/"]}]},{"@type":"BreadcrumbList","@id":"https:\/\/www.electrosuisse.ch\/fr\/engineering\/convention-dobjectifs\/#breadcrumb","itemListElement":[{"@type":"ListItem","position":1,"name":"Engineering","item":"https:\/\/www.electrosuisse.ch\/fr\/engineering\/"},{"@type":"ListItem","position":2,"name":"Convention d\u2019objectifs"}]},{"@type":"WebSite","@id":"https:\/\/www.electrosuisse.ch\/fr\/#website","url":"https:\/\/www.electrosuisse.ch\/fr\/","name":"Electrosuisse","description":"","publisher":{"@id":"https:\/\/www.electrosuisse.ch\/fr\/#organization"},"potentialAction":[{"@type":"SearchAction","target":{"@type":"EntryPoint","urlTemplate":"https:\/\/www.electrosuisse.ch\/fr\/?s={search_term_string}"},"query-input":{"@type":"PropertyValueSpecification","valueRequired":true,"valueName":"search_term_string"}}],"inLanguage":"fr-FR"},{"@type":"Organization","@id":"https:\/\/www.electrosuisse.ch\/fr\/#organization","name":"Electrosuisse","url":"https:\/\/www.electrosuisse.ch\/fr\/","logo":{"@type":"ImageObject","inLanguage":"fr-FR","@id":"https:\/\/www.electrosuisse.ch\/fr\/#\/schema\/logo\/image\/","url":"https:\/\/www.electrosuisse.ch\/wp-content\/uploads\/2025\/04\/Electrosuisse_Logo_696x696.png","contentUrl":"https:\/\/www.electrosuisse.ch\/wp-content\/uploads\/2025\/04\/Electrosuisse_Logo_696x696.png","width":696,"height":696,"caption":"Electrosuisse"},"image":{"@id":"https:\/\/www.electrosuisse.ch\/fr\/#\/schema\/logo\/image\/"},"sameAs":["https:\/\/www.linkedin.com\/company\/electrosuisse-ag\/posts\/?feedView=all","https:\/\/www.instagram.com\/electrosuisse1889\/","https:\/\/www.youtube.com\/channel\/UCoOxohMiVE0Gjcdis1L09zw"],"description":"Electrosuisse ist eine anerkannte und unabh\u00e4ngige Fachorganisation, die erstklassige Dienstleistungen und Produkte in den Bereichen Inspektion, Beratung, Pr\u00fcfung, Zertifizierung, Normung und Weiterbildung anbietet. Unsere Expertise umfasst Elektrotechnik, Elektromobilit\u00e4t, Energieberatung, Geb\u00e4udeautomation und Photovoltaik in der Schweiz. Durch die Veranstaltung etablierter Branchen-Events und Fachtagungen f\u00f6rdert Electrosuisse den Wissenstransfer und den fachlichen Austausch. Im Mittelpunkt unserer T\u00e4tigkeiten steht die F\u00f6rderung der sicheren, wirtschaftlichen und umweltgerechten Anwendung der Elektrotechnik."}]}},"amp_enabled":true,"_links":{"self":[{"href":"https:\/\/www.electrosuisse.ch\/fr\/wp-json\/wp\/v2\/pages\/34789","targetHints":{"allow":["GET"]}}],"collection":[{"href":"https:\/\/www.electrosuisse.ch\/fr\/wp-json\/wp\/v2\/pages"}],"about":[{"href":"https:\/\/www.electrosuisse.ch\/fr\/wp-json\/wp\/v2\/types\/page"}],"author":[{"embeddable":true,"href":"https:\/\/www.electrosuisse.ch\/fr\/wp-json\/wp\/v2\/users\/38"}],"replies":[{"embeddable":true,"href":"https:\/\/www.electrosuisse.ch\/fr\/wp-json\/wp\/v2\/comments?post=34789"}],"version-history":[{"count":11,"href":"https:\/\/www.electrosuisse.ch\/fr\/wp-json\/wp\/v2\/pages\/34789\/revisions"}],"predecessor-version":[{"id":43325,"href":"https:\/\/www.electrosuisse.ch\/fr\/wp-json\/wp\/v2\/pages\/34789\/revisions\/43325"}],"up":[{"embeddable":true,"href":"https:\/\/www.electrosuisse.ch\/fr\/wp-json\/wp\/v2\/pages\/4116"}],"wp:attachment":[{"href":"https:\/\/www.electrosuisse.ch\/fr\/wp-json\/wp\/v2\/media?parent=34789"}],"curies":[{"name":"wp","href":"https:\/\/api.w.org\/{rel}","templated":true}]}}